{"id":63823,"date":"2019-08-15T16:26:15","date_gmt":"2019-08-15T14:26:15","guid":{"rendered":"https:\/\/tourtravelandmore.com\/?post_type=product&#038;p=63823"},"modified":"2022-10-18T02:43:48","modified_gmt":"2022-10-18T00:43:48","slug":"tour-privado-dia-completo-a-perouges-y-annecy","status":"publish","type":"product","link":"https:\/\/tourtravelandmore.com\/es\/tours\/francia\/lyon-es\/tour-privado-dia-completo-a-perouges-y-annecy\/","title":{"rendered":"Tour privado d\u00eda completo a Perouges y Annecy"},"content":{"rendered":"<h2><b>Descripci\u00f3n del Tour privado d\u00eda completo a Perouges y Annecy<\/b><\/h2>\n<p><span style=\"font-weight: 400;\">Visita guiada privada. Excursiones en barco privado por el Balc\u00f3n de Europa original, el Lac du Bourget para presenciar una puesta de sol impresionante.<\/span><\/p>\n<p><span style=\"font-weight: 400;\">\u00bfQuieres conocer los monumentos medievales y los paisajes naturales m\u00e1s importantes de cada regi\u00f3n? Puedes hacerlo desde la comodidad de tu veh\u00edculo privado con conductor.<\/span><\/p>\n<p><span style=\"font-weight: 400;\">Los recorridos suelen comenzar a las 8 horas y se realizan de forma privada, pero puede elegir la hora y el lugar de inicio.<\/span><\/p>\n<p><span style=\"font-weight: 400;\">En el camino, det\u00e9ngase para visitar la ciudad medieval de <\/span><b>Perouges<\/b><span style=\"font-weight: 400;\">, un pueblo \u00fanico que lo hace viajar a la Edad Media. Medieval. Descubre casas antiguas de los siglos XIII y XVI, la hermosa plaza principal rodeada edificios con fachada de madera y su \u00e1rbol de la libertad de 1792. Si le apetece, toma un tiempo para un caf\u00e9 caliente con un pedazo de \u00abgalette\u00bb la especialidad local. Luego retome el viaje hasta alcanzar la hermosa ciudad de Annecy.<\/span><\/p>\n<p><span style=\"font-weight: 400;\">Luego visitaremos Annecy, una ciudad con un palacio del siglo XII en medio del r\u00edo Thiou.<\/span><\/p>\n<h2><b>Puntos de inter\u00e9s en el Tour privado d\u00eda completo a Perouges y Annecy<\/b><\/h2>\n<p><span style=\"font-weight: 400;\">Al salir de Lyon, su primera parada ser\u00e1 el pueblo medieval de Perouges. Los edificios medievales conservados con fachadas tradicionales de madera lo llevar\u00e1n atr\u00e1s en el tiempo.<\/span><\/p>\n<p><span style=\"font-weight: 400;\">La siguiente parada del recorrido es Annecy, donde veremos algunos de los monumentos m\u00e1s importantes de la ciudad, incluido el palacio real de la isla que se encuentra junto al r\u00edo Thiou.<\/span><\/p>\n<p><span style=\"font-weight: 400;\">Entre los sitios que puede visitar le ofrecemos:<\/span><\/p>\n<h3><b>La Puerta Alta<\/b><\/h3>\n<p><span style=\"font-weight: 400;\">La Puerta Alta es un famoso destino tur\u00edstico en Annecy, Francia. Hay muchas razones por las que es famoso. Algunas de las razones son que es un s\u00edmbolo de la ciudad, tiene hermosas vistas del valle y fue construido en un estilo muy antiguo.<\/span><\/p>\n<p><span style=\"font-weight: 400;\">La Puerta Alta es una de las atracciones tur\u00edsticas m\u00e1s visitadas de Annecy. Fue construido como un s\u00edmbolo de la ciudad y su historia. La puerta tambi\u00e9n ofrece hermosas vistas del valle y tiene una arquitectura de estilo antiguo que la hace parecer una antigua fortaleza.<\/span><\/p>\n<h3><b>Calle de los Pr\u00edncipes<\/b><\/h3>\n<p><span style=\"font-weight: 400;\">La Rue des Princes es una de las calles m\u00e1s antiguas de Annecy y es una atracci\u00f3n tur\u00edstica para muchas personas. Originalmente se llamaba &#8220;Rue des Princes&#8221; porque era la calle principal al Palacio del Pr\u00edncipe-Obispo.<\/span><\/p>\n<p><span style=\"font-weight: 400;\">La Rue des Princes se ha utilizado como ubicaci\u00f3n para muchas pel\u00edculas y programas de televisi\u00f3n como The Bourne Identity, I Love You Phillip Morris y The Girl with the Dragon Tattoo. Tambi\u00e9n ha aparecido en algunos videos musicales populares como &#8220;We Found Love&#8221; de Rihanna.<\/span><\/p>\n<h3><b>Plaza del Tilo<\/b><\/h3>\n<p><span style=\"font-weight: 400;\">Linden Square es un hito famoso en Annecy por dos razones. En primer lugar, es la \u00fanica plaza que tiene \u00e1rboles y bancos en la ciudad. En segundo lugar, alberga la primera biblioteca p\u00fablica de la ciudad, construida en 1819.<\/span><\/p>\n<p><span style=\"font-weight: 400;\">La primera biblioteca p\u00fablica de la ciudad se construy\u00f3 en 1819 y se erige con orgullo como uno de los pocos edificios que a\u00fan existen de esta \u00e9poca. Tambi\u00e9n tiene una estatua de un hombre a caballo que ha sido identificado como Luis XVIII, rey de Francia de 1814 a 1824.<\/span><\/p>\n<h3><b>El museo del Viejo P\u00e9rouges<\/b><\/h3>\n<p><span style=\"font-weight: 400;\">El museo del Viejo P\u00e9rouges es un museo ubicado en la ciudad de P\u00e9rouges, Francia. Est\u00e1 dedicado a la historia y la cultura de la ciudad medieval.<\/span><\/p>\n<p><span style=\"font-weight: 400;\">Este museo fue fundado en 1954 por Henry de Sainte-Foix y su esposa Marie-Claire despu\u00e9s de comprar un antiguo molino en P\u00e9rouges y descubrir su historia. Comenzaron a recopilar elementos del pasado de la ciudad, que luego presentaron a los visitantes como parte de una colecci\u00f3n privada. Esta colecci\u00f3n fue posteriormente donada al municipio de P\u00e9rouges.<\/span><\/p>\n<h3><b>Meseta de Dombes<\/b><\/h3>\n<p><span style=\"font-weight: 400;\">La meseta de Dombes es una meseta en Francia que tiene muchos recursos naturales. La meseta alberga una variedad de vida silvestre y plantas, incluido el castor europeo, la cig\u00fce\u00f1a negra y el oso pardo.<\/span><\/p>\n<h3><b>Puerta Baja de Perouges<\/b><\/h3>\n<p><span style=\"font-weight: 400;\">La Puerta Baja de Perouges es un monumento famoso porque fue una de las pocas cosas que sobrevivieron despu\u00e9s de la guerra de los Cien A\u00f1os.<\/span><\/p>\n<p><span style=\"font-weight: 400;\">La Guerra de los Cien A\u00f1os es una guerra que ocurri\u00f3 en Francia entre 1337 y 1453. La guerra fue librada por dos dinast\u00edas: la Casa de Valois y la Casa de Plantagenet.<\/span><\/p>\n<p><span style=\"font-weight: 400;\">La Puerta Baja de Perouges fue una de las pocas cosas que quedaron despu\u00e9s de esta guerra. Sirvi\u00f3 como s\u00edmbolo para mostrar que Francia no ser\u00eda derrotada.<\/span><\/p>\n<h3><b>Ayuntamiento de Perouges<\/b><\/h3>\n<p><span style=\"font-weight: 400;\">En el a\u00f1o de 1807, se construy\u00f3 el ayuntamiento en la ciudad de Perouges. Es un hermoso edificio que tiene una arquitectura impresionante.<\/span><\/p>\n<p><span style=\"font-weight: 400;\">El ayuntamiento es famoso por ser uno de los edificios m\u00e1s bellos de Francia. Tambi\u00e9n es famoso por su asombrosa arquitectura y su historia, ya que ha estado all\u00ed desde 1807.<\/span><\/p>\n<h3><b>Palacio de la Isla (Palais de l\u2019Isle)<\/b><\/h3>\n<p><span style=\"font-weight: 400;\">El Palacio de la Isla es un hermoso palacio ubicado en la \u00cele de la Cit\u00e9 en Par\u00eds, Francia. Es una de las atracciones tur\u00edsticas m\u00e1s famosas de Par\u00eds y tambi\u00e9n es un monumento hist\u00f3rico. El palacio fue construido por el rey Luis XIV para su amante, Madame de Montespan. Originalmente se llamaba Ch\u00e2teau de Saint-Cloud.<\/span><\/p>\n<h3><b>Ch\u00e2teau d\u2019Annecy<\/b><\/h3>\n<p><span style=\"font-weight: 400;\">El Ch\u00e2teau d&#8217;Annecy es una de las mejores bodegas de la regi\u00f3n. La fama del Ch\u00e2teau d&#8217;Annecy se remonta a 1637, cuando los duques de Savoia se desarrollaron en propietarios y construyeron un castillo.<\/span><\/p>\n<p><span style=\"font-weight: 400;\">El Ch\u00e2teau d&#8217;Annecy es uno de los mejores vi\u00f1edos de la regi\u00f3n. La fama del Ch\u00e2teau d&#8217;Annecy se remonta a 1637, cuando los duques de Saboya se convirtieron en sus propietarios y construyeron un castillo.<\/span><\/p>\n<p><b>Si dispone de m\u00e1s d\u00edas en la ciudad de Lyon, puedes consultar<\/b><a href=\"https:\/\/tourtravelandmore.com\/es\/ciudad\/francia\/lyon-es\/\"> <b>aqu\u00ed<\/b><\/a><b>, el resto de los tours privados de la ciudad.<\/b><\/p>\n","protected":false},"excerpt":{"rendered":"<p>Explore y disfrute de dos ciudades \u00fanicas: Perouges y Annecy. A lo largo del recorrido su gu\u00eda oficial privado lo llevar\u00e1 a observar y apreciar la belleza que ofrece la ciudad medieval de Perouges y los parajes de Annecy, recorriendo locaciones importantes como <strong>La calle de los Pr\u00edncipes, la plaza del Tilo, Puerta Baja de Perouges y mucho m\u00e1s<\/strong>, a trav\u00e9s de la comodidad de su veh\u00edculo privado de lujo con chofer.<\/p>\n<p>&nbsp;<\/p>\n","protected":false},"featured_media":63833,"comment_status":"open","ping_status":"closed","template":"","meta":{"_acf_changed":false},"product_brand":[],"product_cat":[1234,1235,1236],"product_tag":[],"class_list":{"0":"post-63823","1":"product","2":"type-product","3":"status-publish","4":"has-post-thumbnail","6":"product_cat-lyon-es","7":"product_cat-lyon-actividades-es","8":"product_cat-lyon-rutas-turisticas-privadas-es","10":"first","11":"instock","12":"shipping-taxable","13":"purchasable","14":"product-type-simple"},"acf":[],"yoast_head":"<!-- This site is optimized with the Yoast SEO Premium plugin v25.3.1 (Yoast SEO v25.3.1) - https:\/\/yoast.com\/wordpress\/plugins\/seo\/ -->\n<title>\u27a1\ufe0f Tour privado d\u00eda completo a Perouges y Annecy con guia oficial privado<\/title>\n<meta name=\"description\" content=\"Reserva un tour privado por Perouges y Annecy y explore y disfrute de sus monumentos y calles medievales junto a su guia y vehiculo privado \u2705\" \/>\n<meta name=\"robots\" content=\"index, follow, max-snippet:-1, max-image-preview:large, max-video-preview:-1\" \/>\n<link rel=\"canonical\" href=\"https:\/\/tourtravelandmore.com\/es\/tours\/francia\/lyon-es\/tour-privado-dia-completo-a-perouges-y-annecy\/\" \/>\n<meta property=\"og:locale\" content=\"es_ES\" \/>\n<meta property=\"og:type\" content=\"article\" \/>\n<meta property=\"og:title\" content=\"Tour privado d\u00eda completo a Perouges y Annecy\" \/>\n<meta property=\"og:description\" content=\"Reserva un tour privado por Perouges y Annecy y explore y disfrute de sus monumentos y calles medievales junto a su guia y vehiculo privado \u2705\" \/>\n<meta property=\"og:url\" content=\"https:\/\/tourtravelandmore.com\/es\/tours\/francia\/lyon-es\/tour-privado-dia-completo-a-perouges-y-annecy\/\" \/>\n<meta property=\"og:site_name\" content=\"Tour Travel And More\" \/>\n<meta property=\"article:publisher\" content=\"https:\/\/www.facebook.com\/tourtravelandmore\/\" \/>\n<meta property=\"article:modified_time\" content=\"2022-10-18T00:43:48+00:00\" \/>\n<meta property=\"og:image\" content=\"https:\/\/tourtravelandmore.com\/wp-content\/uploads\/2019\/08\/Annecy.jpg\" \/>\n\t<meta property=\"og:image:width\" content=\"960\" \/>\n\t<meta property=\"og:image:height\" content=\"640\" \/>\n\t<meta property=\"og:image:type\" content=\"image\/jpeg\" \/>\n<meta name=\"twitter:card\" content=\"summary_large_image\" \/>\n<meta name=\"twitter:site\" content=\"@TourTravel_More\" \/>\n<meta name=\"twitter:label1\" content=\"Tiempo de lectura\" \/>\n\t<meta name=\"twitter:data1\" content=\"5 minutos\" \/>\n<script type=\"application\/ld+json\" class=\"yoast-schema-graph\">{\"@context\":\"https:\/\/schema.org\",\"@graph\":[{\"@type\":\"WebPage\",\"@id\":\"https:\/\/tourtravelandmore.com\/es\/tours\/francia\/lyon-es\/tour-privado-dia-completo-a-perouges-y-annecy\/\",\"url\":\"https:\/\/tourtravelandmore.com\/es\/tours\/francia\/lyon-es\/tour-privado-dia-completo-a-perouges-y-annecy\/\",\"name\":\"\u27a1\ufe0f Tour privado d\u00eda completo a Perouges y Annecy con guia oficial privado\",\"isPartOf\":{\"@id\":\"https:\/\/tourtravelandmore.com\/es\/#website\"},\"primaryImageOfPage\":{\"@id\":\"https:\/\/tourtravelandmore.com\/es\/tours\/francia\/lyon-es\/tour-privado-dia-completo-a-perouges-y-annecy\/#primaryimage\"},\"image\":{\"@id\":\"https:\/\/tourtravelandmore.com\/es\/tours\/francia\/lyon-es\/tour-privado-dia-completo-a-perouges-y-annecy\/#primaryimage\"},\"thumbnailUrl\":\"https:\/\/tourtravelandmore.com\/wp-content\/uploads\/2019\/08\/Annecy.jpg\",\"datePublished\":\"2019-08-15T14:26:15+00:00\",\"dateModified\":\"2022-10-18T00:43:48+00:00\",\"description\":\"Reserva un tour privado por Perouges y Annecy y explore y disfrute de sus monumentos y calles medievales junto a su guia y vehiculo privado \u2705\",\"breadcrumb\":{\"@id\":\"https:\/\/tourtravelandmore.com\/es\/tours\/francia\/lyon-es\/tour-privado-dia-completo-a-perouges-y-annecy\/#breadcrumb\"},\"inLanguage\":\"es\",\"potentialAction\":[{\"@type\":\"ReadAction\",\"target\":[\"https:\/\/tourtravelandmore.com\/es\/tours\/francia\/lyon-es\/tour-privado-dia-completo-a-perouges-y-annecy\/\"]}]},{\"@type\":\"ImageObject\",\"inLanguage\":\"es\",\"@id\":\"https:\/\/tourtravelandmore.com\/es\/tours\/francia\/lyon-es\/tour-privado-dia-completo-a-perouges-y-annecy\/#primaryimage\",\"url\":\"https:\/\/tourtravelandmore.com\/wp-content\/uploads\/2019\/08\/Annecy.jpg\",\"contentUrl\":\"https:\/\/tourtravelandmore.com\/wp-content\/uploads\/2019\/08\/Annecy.jpg\",\"width\":960,\"height\":640},{\"@type\":\"BreadcrumbList\",\"@id\":\"https:\/\/tourtravelandmore.com\/es\/tours\/francia\/lyon-es\/tour-privado-dia-completo-a-perouges-y-annecy\/#breadcrumb\",\"itemListElement\":[{\"@type\":\"ListItem\",\"position\":1,\"name\":\"Home\",\"item\":\"https:\/\/tourtravelandmore.com\/es\/\"},{\"@type\":\"ListItem\",\"position\":2,\"name\":\"Tours\",\"item\":\"https:\/\/tourtravelandmore.com\/es\/tours\/\"},{\"@type\":\"ListItem\",\"position\":3,\"name\":\"Tour privado d\u00eda completo a Perouges y Annecy\"}]},{\"@type\":\"WebSite\",\"@id\":\"https:\/\/tourtravelandmore.com\/es\/#website\",\"url\":\"https:\/\/tourtravelandmore.com\/es\/\",\"name\":\"Tour Travel And More\",\"description\":\"Private sightseeing tours and luxury transfers in Spain\",\"publisher\":{\"@id\":\"https:\/\/tourtravelandmore.com\/es\/#organization\"},\"potentialAction\":[{\"@type\":\"SearchAction\",\"target\":{\"@type\":\"EntryPoint\",\"urlTemplate\":\"https:\/\/tourtravelandmore.com\/es\/?s={search_term_string}\"},\"query-input\":{\"@type\":\"PropertyValueSpecification\",\"valueRequired\":true,\"valueName\":\"search_term_string\"}}],\"inLanguage\":\"es\"},{\"@type\":\"Organization\",\"@id\":\"https:\/\/tourtravelandmore.com\/es\/#organization\",\"name\":\"Tour Travel And More\",\"url\":\"https:\/\/tourtravelandmore.com\/es\/\",\"logo\":{\"@type\":\"ImageObject\",\"inLanguage\":\"es\",\"@id\":\"https:\/\/tourtravelandmore.com\/es\/#\/schema\/logo\/image\/\",\"url\":\"https:\/\/tourtravelandmore.com\/wp-content\/uploads\/2022\/12\/cropped-logo-cabecera-new.png\",\"contentUrl\":\"https:\/\/tourtravelandmore.com\/wp-content\/uploads\/2022\/12\/cropped-logo-cabecera-new.png\",\"width\":430,\"height\":61,\"caption\":\"Tour Travel And More\"},\"image\":{\"@id\":\"https:\/\/tourtravelandmore.com\/es\/#\/schema\/logo\/image\/\"},\"sameAs\":[\"https:\/\/www.facebook.com\/tourtravelandmore\/\",\"https:\/\/x.com\/TourTravel_More\"]}]}<\/script>\n<!-- \/ Yoast SEO Premium plugin. -->","yoast_head_json":{"title":"\u27a1\ufe0f Tour privado d\u00eda completo a Perouges y Annecy con guia oficial privado","description":"Reserva un tour privado por Perouges y Annecy y explore y disfrute de sus monumentos y calles medievales junto a su guia y vehiculo privado \u2705","robots":{"index":"index","follow":"follow","max-snippet":"max-snippet:-1","max-image-preview":"max-image-preview:large","max-video-preview":"max-video-preview:-1"},"canonical":"https:\/\/tourtravelandmore.com\/es\/tours\/francia\/lyon-es\/tour-privado-dia-completo-a-perouges-y-annecy\/","og_locale":"es_ES","og_type":"article","og_title":"Tour privado d\u00eda completo a Perouges y Annecy","og_description":"Reserva un tour privado por Perouges y Annecy y explore y disfrute de sus monumentos y calles medievales junto a su guia y vehiculo privado \u2705","og_url":"https:\/\/tourtravelandmore.com\/es\/tours\/francia\/lyon-es\/tour-privado-dia-completo-a-perouges-y-annecy\/","og_site_name":"Tour Travel And More","article_publisher":"https:\/\/www.facebook.com\/tourtravelandmore\/","article_modified_time":"2022-10-18T00:43:48+00:00","og_image":[{"width":960,"height":640,"url":"https:\/\/tourtravelandmore.com\/wp-content\/uploads\/2019\/08\/Annecy.jpg","type":"image\/jpeg"}],"twitter_card":"summary_large_image","twitter_site":"@TourTravel_More","twitter_misc":{"Tiempo de lectura":"5 minutos"},"schema":{"@context":"https:\/\/schema.org","@graph":[{"@type":"WebPage","@id":"https:\/\/tourtravelandmore.com\/es\/tours\/francia\/lyon-es\/tour-privado-dia-completo-a-perouges-y-annecy\/","url":"https:\/\/tourtravelandmore.com\/es\/tours\/francia\/lyon-es\/tour-privado-dia-completo-a-perouges-y-annecy\/","name":"\u27a1\ufe0f Tour privado d\u00eda completo a Perouges y Annecy con guia oficial privado","isPartOf":{"@id":"https:\/\/tourtravelandmore.com\/es\/#website"},"primaryImageOfPage":{"@id":"https:\/\/tourtravelandmore.com\/es\/tours\/francia\/lyon-es\/tour-privado-dia-completo-a-perouges-y-annecy\/#primaryimage"},"image":{"@id":"https:\/\/tourtravelandmore.com\/es\/tours\/francia\/lyon-es\/tour-privado-dia-completo-a-perouges-y-annecy\/#primaryimage"},"thumbnailUrl":"https:\/\/tourtravelandmore.com\/wp-content\/uploads\/2019\/08\/Annecy.jpg","datePublished":"2019-08-15T14:26:15+00:00","dateModified":"2022-10-18T00:43:48+00:00","description":"Reserva un tour privado por Perouges y Annecy y explore y disfrute de sus monumentos y calles medievales junto a su guia y vehiculo privado \u2705","breadcrumb":{"@id":"https:\/\/tourtravelandmore.com\/es\/tours\/francia\/lyon-es\/tour-privado-dia-completo-a-perouges-y-annecy\/#breadcrumb"},"inLanguage":"es","potentialAction":[{"@type":"ReadAction","target":["https:\/\/tourtravelandmore.com\/es\/tours\/francia\/lyon-es\/tour-privado-dia-completo-a-perouges-y-annecy\/"]}]},{"@type":"ImageObject","inLanguage":"es","@id":"https:\/\/tourtravelandmore.com\/es\/tours\/francia\/lyon-es\/tour-privado-dia-completo-a-perouges-y-annecy\/#primaryimage","url":"https:\/\/tourtravelandmore.com\/wp-content\/uploads\/2019\/08\/Annecy.jpg","contentUrl":"https:\/\/tourtravelandmore.com\/wp-content\/uploads\/2019\/08\/Annecy.jpg","width":960,"height":640},{"@type":"BreadcrumbList","@id":"https:\/\/tourtravelandmore.com\/es\/tours\/francia\/lyon-es\/tour-privado-dia-completo-a-perouges-y-annecy\/#breadcrumb","itemListElement":[{"@type":"ListItem","position":1,"name":"Home","item":"https:\/\/tourtravelandmore.com\/es\/"},{"@type":"ListItem","position":2,"name":"Tours","item":"https:\/\/tourtravelandmore.com\/es\/tours\/"},{"@type":"ListItem","position":3,"name":"Tour privado d\u00eda completo a Perouges y Annecy"}]},{"@type":"WebSite","@id":"https:\/\/tourtravelandmore.com\/es\/#website","url":"https:\/\/tourtravelandmore.com\/es\/","name":"Tour Travel And More","description":"Private sightseeing tours and luxury transfers in Spain","publisher":{"@id":"https:\/\/tourtravelandmore.com\/es\/#organization"},"potentialAction":[{"@type":"SearchAction","target":{"@type":"EntryPoint","urlTemplate":"https:\/\/tourtravelandmore.com\/es\/?s={search_term_string}"},"query-input":{"@type":"PropertyValueSpecification","valueRequired":true,"valueName":"search_term_string"}}],"inLanguage":"es"},{"@type":"Organization","@id":"https:\/\/tourtravelandmore.com\/es\/#organization","name":"Tour Travel And More","url":"https:\/\/tourtravelandmore.com\/es\/","logo":{"@type":"ImageObject","inLanguage":"es","@id":"https:\/\/tourtravelandmore.com\/es\/#\/schema\/logo\/image\/","url":"https:\/\/tourtravelandmore.com\/wp-content\/uploads\/2022\/12\/cropped-logo-cabecera-new.png","contentUrl":"https:\/\/tourtravelandmore.com\/wp-content\/uploads\/2022\/12\/cropped-logo-cabecera-new.png","width":430,"height":61,"caption":"Tour Travel And More"},"image":{"@id":"https:\/\/tourtravelandmore.com\/es\/#\/schema\/logo\/image\/"},"sameAs":["https:\/\/www.facebook.com\/tourtravelandmore\/","https:\/\/x.com\/TourTravel_More"]}]}},"_links":{"self":[{"href":"https:\/\/tourtravelandmore.com\/es\/wp-json\/wp\/v2\/product\/63823","targetHints":{"allow":["GET"]}}],"collection":[{"href":"https:\/\/tourtravelandmore.com\/es\/wp-json\/wp\/v2\/product"}],"about":[{"href":"https:\/\/tourtravelandmore.com\/es\/wp-json\/wp\/v2\/types\/product"}],"replies":[{"embeddable":true,"href":"https:\/\/tourtravelandmore.com\/es\/wp-json\/wp\/v2\/comments?post=63823"}],"wp:featuredmedia":[{"embeddable":true,"href":"https:\/\/tourtravelandmore.com\/es\/wp-json\/wp\/v2\/media\/63833"}],"wp:attachment":[{"href":"https:\/\/tourtravelandmore.com\/es\/wp-json\/wp\/v2\/media?parent=63823"}],"wp:term":[{"taxonomy":"product_brand","embeddable":true,"href":"https:\/\/tourtravelandmore.com\/es\/wp-json\/wp\/v2\/product_brand?post=63823"},{"taxonomy":"product_cat","embeddable":true,"href":"https:\/\/tourtravelandmore.com\/es\/wp-json\/wp\/v2\/product_cat?post=63823"},{"taxonomy":"product_tag","embeddable":true,"href":"https:\/\/tourtravelandmore.com\/es\/wp-json\/wp\/v2\/product_tag?post=63823"}],"curies":[{"name":"wp","href":"https:\/\/api.w.org\/{rel}","templated":true}]}}