{"id":63803,"date":"2019-08-15T15:17:27","date_gmt":"2019-08-15T13:17:28","guid":{"rendered":"https:\/\/tourtravelandmore.com\/?post_type=product&#038;p=63803"},"modified":"2022-10-18T02:49:15","modified_gmt":"2022-10-18T00:49:15","slug":"tour-privado-de-cotes-de-rhone-con-entradas-y-degustacion-vinedos","status":"publish","type":"product","link":"https:\/\/tourtravelandmore.com\/es\/tours\/francia\/lyon-es\/tour-privado-de-cotes-de-rhone-con-entradas-y-degustacion-vinedos\/","title":{"rendered":"Tour privado d\u00eda completo a vi\u00f1edos en Cotes du Rhone"},"content":{"rendered":"<h2><b>Descripci\u00f3n del Tour privado d\u00eda completo a vi\u00f1edos en Cotes du Rhone<\/b><\/h2>\n<p><span style=\"font-weight: 400;\">Disfrute de este recorrido privado por Cotes de Rhone, guiado por un experto calificado y con licencia que puede responder cualquier pregunta que pueda tener. Lo recoger\u00e1n en su propio autom\u00f3vil privado de \u00faltima generaci\u00f3n con conductor.<\/span><\/p>\n<p><span style=\"font-weight: 400;\">Explore los sitios m\u00e1s famosos del valle del R\u00f3dano con un veh\u00edculo privado y un conductor. Y no tienes que preocuparte por tomar fotos porque tu gu\u00eda te mostrar\u00e1 los mejores lugares donde puedes tomar la foto perfecta, cuando y donde quieras.<\/span><\/p>\n<p><span style=\"font-weight: 400;\">La duraci\u00f3n de este tour privado de Cotes de Rhone es de 8 horas. Como es un tour privado, puede elegir la hora y el lugar de inicio.<\/span><\/p>\n<p><span style=\"font-weight: 400;\">El vi\u00f1edo Vall\u00e9e du Rh\u00f4ne en Francia tiene una historia muy larga y un ritmo de producci\u00f3n excepcional. Cuando llegaron los romanos, nutrieron sus vides, creando vinos para que los disfrutaran sus enemigos. Estos vinos son algunos de los mejores del mundo con una rica tradici\u00f3n que se remonta a la antig\u00fcedad.<\/span><\/p>\n<p><span style=\"font-weight: 400;\">La topograf\u00eda heterog\u00e9nea del Macizo Central, los Alpes y el r\u00edo R\u00f3dano, que sol\u00eda estar cubierto por el mar Mediterr\u00e1neo, es lo que le da a Provenza su car\u00e1cter especial. Esta ubicaci\u00f3n privilegiada crea una regi\u00f3n con muchos relieves y una gran diversidad de suelos (granito, silicio, calc\u00e1reo y arcilla).<\/span><\/p>\n<h2><b>Puntos de inter\u00e9s en el Tour privado d\u00eda completo a vi\u00f1edos en Cotes du Rhone<\/b><\/h2>\n<p><span style=\"font-weight: 400;\">El recorrido comenzar\u00e1 en su hotel o lugar de Lyon. Lo llevaremos a una selecci\u00f3n de los mejores vi\u00f1edos de la regi\u00f3n para una exploraci\u00f3n educativa de las uvas y las t\u00e9cnicas de elaboraci\u00f3n del vino.<\/span><\/p>\n<p><span style=\"font-weight: 400;\">Podr\u00e1s ver el antiguo teatro romano perteneciente a una \u00e9poca hist\u00f3rica fascinante, sobre el cual tu gu\u00eda tur\u00edstico te proporcionar\u00e1 toda la informaci\u00f3n a mano.<\/span><\/p>\n<p><span style=\"font-weight: 400;\">Descubriremos dos vi\u00f1edos: <\/span><b>Ampuis y Vall\u00e9e du Rh\u00f4ne.<\/b><\/p>\n<h3><b>Vi\u00f1edo Ampuis<\/b><\/h3>\n<p><span style=\"font-weight: 400;\">El vi\u00f1edo Ampuis en Lyon es uno de los vi\u00f1edos m\u00e1s antiguos de Francia. Tambi\u00e9n es uno de los m\u00e1s famosos. Esto es debido a una serie de razones.<\/span><\/p>\n<p><span style=\"font-weight: 400;\">La primera raz\u00f3n es que fue fundada por un sacerdote que buscaba una manera de hacer vino sin usar uvas. Encontr\u00f3 una receta antigua y comenz\u00f3 a hacer vino con manzanas. Este se hizo muy popular porque era m\u00e1s barato que otros tipos de vino y ten\u00eda mucho m\u00e1s sabor que los vinos elaborados con uvas.<\/span><\/p>\n<p><span style=\"font-weight: 400;\">Hay otras razones por las que este vi\u00f1edo es famoso, pero esas dos son las principales.<\/span><\/p>\n<h3><b>Vall\u00e9e du Rh\u00f4ne<\/b><\/h3>\n<p><span style=\"font-weight: 400;\">\u00bfPor qu\u00e9 es famoso el Valle del R\u00f3dano en Lyon?<\/span><\/p>\n<p><span style=\"font-weight: 400;\">El valle del R\u00f3dano es una regi\u00f3n vitivin\u00edcola que se extiende por unas 400 millas desde los Alpes franceses hasta el mar Mediterr\u00e1neo. Es una de las regiones m\u00e1s famosas y populares de Francia. El valle alberga muchos vi\u00f1edos y bodegas, incluido el mundialmente famoso Ch\u00e2teauneuf-du-Pape. La regi\u00f3n produce vino desde la \u00e9poca de los romanos, pero su fama realmente comenz\u00f3 en la Edad Media, cuando era uno de los principales productores de vino de Francia.<\/span><\/p>\n<p><span style=\"font-weight: 400;\">Es conocida por sus vinos tintos, especialmente los elaborados con uvas Syrah. La producci\u00f3n de vino ha sido una parte importante de la econom\u00eda de Lyon desde la \u00e9poca romana, pero no fue hasta la Edad Media que los vinos se hicieron ampliamente conocidos fuera de la regi\u00f3n. Lyon es un relevante centro de ferias comerciales y conferencias.<\/span><\/p>\n<p><b>Si dispone de m\u00e1s d\u00edas en Lyon, puedes consultar<\/b><a href=\"https:\/\/tourtravelandmore.com\/es\/ciudad\/francia\/lyon-es\/\"> <b>aqu\u00ed<\/b><\/a><b> el resto de tours privados de la ciudad.<\/b><\/p>\n","protected":false},"excerpt":{"rendered":"<p>Disfrute de este <strong>tour privado<\/strong> por <strong>Cotes du Rhone<\/strong>, donde admirar\u00e1 la belleza de sus calles medievales y sus paisajes campestres.<\/p>\n","protected":false},"featured_media":63817,"comment_status":"open","ping_status":"closed","template":"","meta":{"_acf_changed":false},"product_brand":[],"product_cat":[1234,1235,1236],"product_tag":[],"class_list":{"0":"post-63803","1":"product","2":"type-product","3":"status-publish","4":"has-post-thumbnail","6":"product_cat-lyon-es","7":"product_cat-lyon-actividades-es","8":"product_cat-lyon-rutas-turisticas-privadas-es","10":"first","11":"instock","12":"shipping-taxable","13":"purchasable","14":"product-type-simple"},"acf":[],"yoast_head":"<!-- This site is optimized with the Yoast SEO Premium plugin v25.3.1 (Yoast SEO v25.3.1) - https:\/\/yoast.com\/wordpress\/plugins\/seo\/ -->\n<title>\u27a1\ufe0f Tour privado de Cotes de Rhone - Con entradas y Degustaci\u00f3n Vi\u00f1edos<\/title>\n<meta name=\"description\" content=\"Reserve un tour privado de Cotes de Rhone y explore y disfrute de sus vi\u00f1edos y galerias junto a un guia y vehiculo privado de lujo \u2705\" \/>\n<meta name=\"robots\" content=\"index, follow, max-snippet:-1, max-image-preview:large, max-video-preview:-1\" \/>\n<link rel=\"canonical\" href=\"https:\/\/tourtravelandmore.com\/es\/tours\/francia\/lyon-es\/tour-privado-de-cotes-de-rhone-con-entradas-y-degustacion-vinedos\/\" \/>\n<meta property=\"og:locale\" content=\"es_ES\" \/>\n<meta property=\"og:type\" content=\"article\" \/>\n<meta property=\"og:title\" content=\"Tour privado d\u00eda completo a vi\u00f1edos en Cotes du Rhone\" \/>\n<meta property=\"og:description\" content=\"Reserve un tour privado de Cotes de Rhone y explore y disfrute de sus vi\u00f1edos y galerias junto a un guia y vehiculo privado de lujo \u2705\" \/>\n<meta property=\"og:url\" content=\"https:\/\/tourtravelandmore.com\/es\/tours\/francia\/lyon-es\/tour-privado-de-cotes-de-rhone-con-entradas-y-degustacion-vinedos\/\" \/>\n<meta property=\"og:site_name\" content=\"Tour Travel And More\" \/>\n<meta property=\"article:publisher\" content=\"https:\/\/www.facebook.com\/tourtravelandmore\/\" \/>\n<meta property=\"article:modified_time\" content=\"2022-10-18T00:49:15+00:00\" \/>\n<meta property=\"og:image\" content=\"https:\/\/tourtravelandmore.com\/wp-content\/uploads\/2019\/08\/Cha\u0302teau_de_Varennes_Quincie\u0301-en-Beaujolais_1.jpg\" \/>\n\t<meta property=\"og:image:width\" content=\"960\" \/>\n\t<meta property=\"og:image:height\" content=\"640\" \/>\n\t<meta property=\"og:image:type\" content=\"image\/jpeg\" \/>\n<meta name=\"twitter:card\" content=\"summary_large_image\" \/>\n<meta name=\"twitter:site\" content=\"@TourTravel_More\" \/>\n<meta name=\"twitter:label1\" content=\"Tiempo de lectura\" \/>\n\t<meta name=\"twitter:data1\" content=\"3 minutos\" \/>\n<script type=\"application\/ld+json\" class=\"yoast-schema-graph\">{\"@context\":\"https:\/\/schema.org\",\"@graph\":[{\"@type\":\"WebPage\",\"@id\":\"https:\/\/tourtravelandmore.com\/es\/tours\/francia\/lyon-es\/tour-privado-de-cotes-de-rhone-con-entradas-y-degustacion-vinedos\/\",\"url\":\"https:\/\/tourtravelandmore.com\/es\/tours\/francia\/lyon-es\/tour-privado-de-cotes-de-rhone-con-entradas-y-degustacion-vinedos\/\",\"name\":\"\u27a1\ufe0f Tour privado de Cotes de Rhone - Con entradas y Degustaci\u00f3n Vi\u00f1edos\",\"isPartOf\":{\"@id\":\"https:\/\/tourtravelandmore.com\/es\/#website\"},\"primaryImageOfPage\":{\"@id\":\"https:\/\/tourtravelandmore.com\/es\/tours\/francia\/lyon-es\/tour-privado-de-cotes-de-rhone-con-entradas-y-degustacion-vinedos\/#primaryimage\"},\"image\":{\"@id\":\"https:\/\/tourtravelandmore.com\/es\/tours\/francia\/lyon-es\/tour-privado-de-cotes-de-rhone-con-entradas-y-degustacion-vinedos\/#primaryimage\"},\"thumbnailUrl\":\"https:\/\/tourtravelandmore.com\/wp-content\/uploads\/2019\/08\/Cha\u0302teau_de_Varennes_Quincie\u0301-en-Beaujolais_1.jpg\",\"datePublished\":\"2019-08-15T13:17:28+00:00\",\"dateModified\":\"2022-10-18T00:49:15+00:00\",\"description\":\"Reserve un tour privado de Cotes de Rhone y explore y disfrute de sus vi\u00f1edos y galerias junto a un guia y vehiculo privado de lujo \u2705\",\"breadcrumb\":{\"@id\":\"https:\/\/tourtravelandmore.com\/es\/tours\/francia\/lyon-es\/tour-privado-de-cotes-de-rhone-con-entradas-y-degustacion-vinedos\/#breadcrumb\"},\"inLanguage\":\"es\",\"potentialAction\":[{\"@type\":\"ReadAction\",\"target\":[\"https:\/\/tourtravelandmore.com\/es\/tours\/francia\/lyon-es\/tour-privado-de-cotes-de-rhone-con-entradas-y-degustacion-vinedos\/\"]}]},{\"@type\":\"ImageObject\",\"inLanguage\":\"es\",\"@id\":\"https:\/\/tourtravelandmore.com\/es\/tours\/francia\/lyon-es\/tour-privado-de-cotes-de-rhone-con-entradas-y-degustacion-vinedos\/#primaryimage\",\"url\":\"https:\/\/tourtravelandmore.com\/wp-content\/uploads\/2019\/08\/Cha\u0302teau_de_Varennes_Quincie\u0301-en-Beaujolais_1.jpg\",\"contentUrl\":\"https:\/\/tourtravelandmore.com\/wp-content\/uploads\/2019\/08\/Cha\u0302teau_de_Varennes_Quincie\u0301-en-Beaujolais_1.jpg\",\"width\":960,\"height\":640},{\"@type\":\"BreadcrumbList\",\"@id\":\"https:\/\/tourtravelandmore.com\/es\/tours\/francia\/lyon-es\/tour-privado-de-cotes-de-rhone-con-entradas-y-degustacion-vinedos\/#breadcrumb\",\"itemListElement\":[{\"@type\":\"ListItem\",\"position\":1,\"name\":\"Home\",\"item\":\"https:\/\/tourtravelandmore.com\/es\/\"},{\"@type\":\"ListItem\",\"position\":2,\"name\":\"Tours\",\"item\":\"https:\/\/tourtravelandmore.com\/es\/tours\/\"},{\"@type\":\"ListItem\",\"position\":3,\"name\":\"Tour privado d\u00eda completo a vi\u00f1edos en Cotes du Rhone\"}]},{\"@type\":\"WebSite\",\"@id\":\"https:\/\/tourtravelandmore.com\/es\/#website\",\"url\":\"https:\/\/tourtravelandmore.com\/es\/\",\"name\":\"Tour Travel And More\",\"description\":\"Private sightseeing tours and luxury transfers in Spain\",\"publisher\":{\"@id\":\"https:\/\/tourtravelandmore.com\/es\/#organization\"},\"potentialAction\":[{\"@type\":\"SearchAction\",\"target\":{\"@type\":\"EntryPoint\",\"urlTemplate\":\"https:\/\/tourtravelandmore.com\/es\/?s={search_term_string}\"},\"query-input\":{\"@type\":\"PropertyValueSpecification\",\"valueRequired\":true,\"valueName\":\"search_term_string\"}}],\"inLanguage\":\"es\"},{\"@type\":\"Organization\",\"@id\":\"https:\/\/tourtravelandmore.com\/es\/#organization\",\"name\":\"Tour Travel And More\",\"url\":\"https:\/\/tourtravelandmore.com\/es\/\",\"logo\":{\"@type\":\"ImageObject\",\"inLanguage\":\"es\",\"@id\":\"https:\/\/tourtravelandmore.com\/es\/#\/schema\/logo\/image\/\",\"url\":\"https:\/\/tourtravelandmore.com\/wp-content\/uploads\/2022\/12\/cropped-logo-cabecera-new.png\",\"contentUrl\":\"https:\/\/tourtravelandmore.com\/wp-content\/uploads\/2022\/12\/cropped-logo-cabecera-new.png\",\"width\":430,\"height\":61,\"caption\":\"Tour Travel And More\"},\"image\":{\"@id\":\"https:\/\/tourtravelandmore.com\/es\/#\/schema\/logo\/image\/\"},\"sameAs\":[\"https:\/\/www.facebook.com\/tourtravelandmore\/\",\"https:\/\/x.com\/TourTravel_More\"]}]}<\/script>\n<!-- \/ Yoast SEO Premium plugin. -->","yoast_head_json":{"title":"\u27a1\ufe0f Tour privado de Cotes de Rhone - Con entradas y Degustaci\u00f3n Vi\u00f1edos","description":"Reserve un tour privado de Cotes de Rhone y explore y disfrute de sus vi\u00f1edos y galerias junto a un guia y vehiculo privado de lujo \u2705","robots":{"index":"index","follow":"follow","max-snippet":"max-snippet:-1","max-image-preview":"max-image-preview:large","max-video-preview":"max-video-preview:-1"},"canonical":"https:\/\/tourtravelandmore.com\/es\/tours\/francia\/lyon-es\/tour-privado-de-cotes-de-rhone-con-entradas-y-degustacion-vinedos\/","og_locale":"es_ES","og_type":"article","og_title":"Tour privado d\u00eda completo a vi\u00f1edos en Cotes du Rhone","og_description":"Reserve un tour privado de Cotes de Rhone y explore y disfrute de sus vi\u00f1edos y galerias junto a un guia y vehiculo privado de lujo \u2705","og_url":"https:\/\/tourtravelandmore.com\/es\/tours\/francia\/lyon-es\/tour-privado-de-cotes-de-rhone-con-entradas-y-degustacion-vinedos\/","og_site_name":"Tour Travel And More","article_publisher":"https:\/\/www.facebook.com\/tourtravelandmore\/","article_modified_time":"2022-10-18T00:49:15+00:00","og_image":[{"width":960,"height":640,"url":"https:\/\/tourtravelandmore.com\/wp-content\/uploads\/2019\/08\/Cha\u0302teau_de_Varennes_Quincie\u0301-en-Beaujolais_1.jpg","type":"image\/jpeg"}],"twitter_card":"summary_large_image","twitter_site":"@TourTravel_More","twitter_misc":{"Tiempo de lectura":"3 minutos"},"schema":{"@context":"https:\/\/schema.org","@graph":[{"@type":"WebPage","@id":"https:\/\/tourtravelandmore.com\/es\/tours\/francia\/lyon-es\/tour-privado-de-cotes-de-rhone-con-entradas-y-degustacion-vinedos\/","url":"https:\/\/tourtravelandmore.com\/es\/tours\/francia\/lyon-es\/tour-privado-de-cotes-de-rhone-con-entradas-y-degustacion-vinedos\/","name":"\u27a1\ufe0f Tour privado de Cotes de Rhone - Con entradas y Degustaci\u00f3n Vi\u00f1edos","isPartOf":{"@id":"https:\/\/tourtravelandmore.com\/es\/#website"},"primaryImageOfPage":{"@id":"https:\/\/tourtravelandmore.com\/es\/tours\/francia\/lyon-es\/tour-privado-de-cotes-de-rhone-con-entradas-y-degustacion-vinedos\/#primaryimage"},"image":{"@id":"https:\/\/tourtravelandmore.com\/es\/tours\/francia\/lyon-es\/tour-privado-de-cotes-de-rhone-con-entradas-y-degustacion-vinedos\/#primaryimage"},"thumbnailUrl":"https:\/\/tourtravelandmore.com\/wp-content\/uploads\/2019\/08\/Cha\u0302teau_de_Varennes_Quincie\u0301-en-Beaujolais_1.jpg","datePublished":"2019-08-15T13:17:28+00:00","dateModified":"2022-10-18T00:49:15+00:00","description":"Reserve un tour privado de Cotes de Rhone y explore y disfrute de sus vi\u00f1edos y galerias junto a un guia y vehiculo privado de lujo \u2705","breadcrumb":{"@id":"https:\/\/tourtravelandmore.com\/es\/tours\/francia\/lyon-es\/tour-privado-de-cotes-de-rhone-con-entradas-y-degustacion-vinedos\/#breadcrumb"},"inLanguage":"es","potentialAction":[{"@type":"ReadAction","target":["https:\/\/tourtravelandmore.com\/es\/tours\/francia\/lyon-es\/tour-privado-de-cotes-de-rhone-con-entradas-y-degustacion-vinedos\/"]}]},{"@type":"ImageObject","inLanguage":"es","@id":"https:\/\/tourtravelandmore.com\/es\/tours\/francia\/lyon-es\/tour-privado-de-cotes-de-rhone-con-entradas-y-degustacion-vinedos\/#primaryimage","url":"https:\/\/tourtravelandmore.com\/wp-content\/uploads\/2019\/08\/Cha\u0302teau_de_Varennes_Quincie\u0301-en-Beaujolais_1.jpg","contentUrl":"https:\/\/tourtravelandmore.com\/wp-content\/uploads\/2019\/08\/Cha\u0302teau_de_Varennes_Quincie\u0301-en-Beaujolais_1.jpg","width":960,"height":640},{"@type":"BreadcrumbList","@id":"https:\/\/tourtravelandmore.com\/es\/tours\/francia\/lyon-es\/tour-privado-de-cotes-de-rhone-con-entradas-y-degustacion-vinedos\/#breadcrumb","itemListElement":[{"@type":"ListItem","position":1,"name":"Home","item":"https:\/\/tourtravelandmore.com\/es\/"},{"@type":"ListItem","position":2,"name":"Tours","item":"https:\/\/tourtravelandmore.com\/es\/tours\/"},{"@type":"ListItem","position":3,"name":"Tour privado d\u00eda completo a vi\u00f1edos en Cotes du Rhone"}]},{"@type":"WebSite","@id":"https:\/\/tourtravelandmore.com\/es\/#website","url":"https:\/\/tourtravelandmore.com\/es\/","name":"Tour Travel And More","description":"Private sightseeing tours and luxury transfers in Spain","publisher":{"@id":"https:\/\/tourtravelandmore.com\/es\/#organization"},"potentialAction":[{"@type":"SearchAction","target":{"@type":"EntryPoint","urlTemplate":"https:\/\/tourtravelandmore.com\/es\/?s={search_term_string}"},"query-input":{"@type":"PropertyValueSpecification","valueRequired":true,"valueName":"search_term_string"}}],"inLanguage":"es"},{"@type":"Organization","@id":"https:\/\/tourtravelandmore.com\/es\/#organization","name":"Tour Travel And More","url":"https:\/\/tourtravelandmore.com\/es\/","logo":{"@type":"ImageObject","inLanguage":"es","@id":"https:\/\/tourtravelandmore.com\/es\/#\/schema\/logo\/image\/","url":"https:\/\/tourtravelandmore.com\/wp-content\/uploads\/2022\/12\/cropped-logo-cabecera-new.png","contentUrl":"https:\/\/tourtravelandmore.com\/wp-content\/uploads\/2022\/12\/cropped-logo-cabecera-new.png","width":430,"height":61,"caption":"Tour Travel And More"},"image":{"@id":"https:\/\/tourtravelandmore.com\/es\/#\/schema\/logo\/image\/"},"sameAs":["https:\/\/www.facebook.com\/tourtravelandmore\/","https:\/\/x.com\/TourTravel_More"]}]}},"_links":{"self":[{"href":"https:\/\/tourtravelandmore.com\/es\/wp-json\/wp\/v2\/product\/63803","targetHints":{"allow":["GET"]}}],"collection":[{"href":"https:\/\/tourtravelandmore.com\/es\/wp-json\/wp\/v2\/product"}],"about":[{"href":"https:\/\/tourtravelandmore.com\/es\/wp-json\/wp\/v2\/types\/product"}],"replies":[{"embeddable":true,"href":"https:\/\/tourtravelandmore.com\/es\/wp-json\/wp\/v2\/comments?post=63803"}],"wp:featuredmedia":[{"embeddable":true,"href":"https:\/\/tourtravelandmore.com\/es\/wp-json\/wp\/v2\/media\/63817"}],"wp:attachment":[{"href":"https:\/\/tourtravelandmore.com\/es\/wp-json\/wp\/v2\/media?parent=63803"}],"wp:term":[{"taxonomy":"product_brand","embeddable":true,"href":"https:\/\/tourtravelandmore.com\/es\/wp-json\/wp\/v2\/product_brand?post=63803"},{"taxonomy":"product_cat","embeddable":true,"href":"https:\/\/tourtravelandmore.com\/es\/wp-json\/wp\/v2\/product_cat?post=63803"},{"taxonomy":"product_tag","embeddable":true,"href":"https:\/\/tourtravelandmore.com\/es\/wp-json\/wp\/v2\/product_tag?post=63803"}],"curies":[{"name":"wp","href":"https:\/\/api.w.org\/{rel}","templated":true}]}}