{"id":63748,"date":"2019-08-15T13:22:44","date_gmt":"2019-08-15T11:22:45","guid":{"rendered":"https:\/\/tourtravelandmore.com\/?post_type=product&#038;p=63748"},"modified":"2022-10-18T02:18:50","modified_gmt":"2022-10-18T00:18:50","slug":"tour-a-pie-lyon-tour-privado-con-guia-oficial-4-horas","status":"publish","type":"product","link":"https:\/\/tourtravelandmore.com\/es\/tours\/francia\/lyon-es\/tour-a-pie-lyon-tour-privado-con-guia-oficial-4-horas\/","title":{"rendered":"Tour privado a pie de Lyon con gu\u00eda oficial"},"content":{"rendered":"<h2><b>Descripci\u00f3n del Tour privado a pie de Lyon con gu\u00eda oficial<\/b><\/h2>\n<p><span style=\"font-weight: 400;\">Reserve un recorrido privado a pie por Lyon con uno de nuestros gu\u00edas que le mostrar\u00e1 los lugares m\u00e1s emblem\u00e1ticos de la ciudad.<\/span><\/p>\n<p><span style=\"font-weight: 400;\">Este recorrido a pie autoguiado por Lyon durar\u00e1 alrededor de 4 horas.<\/span><\/p>\n<p><span style=\"font-weight: 400;\">Este recorrido a pie por Lyon es completamente privado, puede elegir la hora y el punto de partida. Si el sitio no es c\u00e9ntrico, indicar\u00edamos un punto en el centro de la ciudad.<\/span><\/p>\n<p><span style=\"font-weight: 400;\">Este recorrido privado comienza en las calles del centro de Lyon, en el Museo Gadagne. Este complejo est\u00e1 formado por 3 museos que son, el Museo de Historia de Lyon, el Museo de los Edificios del Renacimiento y el museo Maris.<\/span><\/p>\n<p><span style=\"font-weight: 400;\">Su pr\u00f3ximo destino es uno de los edificios m\u00e1s emblem\u00e1ticos de todo el Valle del Loira. Catedral de Saint-Jean, construida entre 1180 y 1480 y representa claramente la transici\u00f3n de las arquitecturas rom\u00e1nicas a las g\u00f3ticas.<\/span><\/p>\n<p><span style=\"font-weight: 400;\">A continuaci\u00f3n, nos trasladaremos a la Place Saint-Jean. Nos tomaremos un breve descanso aqu\u00ed y disfrutaremos de un buen caf\u00e9 y croissant en cualquiera de sus tiendas.<\/span><\/p>\n<p><span style=\"font-weight: 400;\">Por \u00faltimo, pero no menos importante, est\u00e1 la calle Saint-Jean (Rue Saint-Jean). Esta estrecha calle peatonal bordeada de muchos restaurantes y tiendas deber\u00eda ser su destino final.<\/span><\/p>\n<h2><b>Puntos de inter\u00e9s en el Tour privado a pie de Lyon con gu\u00eda oficial<\/b><\/h2>\n<p><span style=\"font-weight: 400;\">Durante su recorrido privado descubrir\u00e1 algunos de los sitios m\u00e1s reconocidos de la ciudad.<\/span><\/p>\n<p><span style=\"font-weight: 400;\">Ser\u00e1 testigo de la belleza arquitect\u00f3nica tan singular de la ciudad.<\/span><\/p>\n<p><span style=\"font-weight: 400;\">Entre los sitios que puede visitar le ofrecemos:<\/span><\/p>\n<h3><b>Plaza Bellecour<\/b><\/h3>\n<p><span style=\"font-weight: 400;\">Place Bellecour es un hermoso lugar en Lyon. Es una gran plaza y el centro de la ciudad. Se considera una de las mejores plazas de Francia y es uno de los lugares m\u00e1s visitados de Lyon.<\/span><\/p>\n<p><span style=\"font-weight: 400;\">La Place Bellecour fue construida sobre planos del siglo XVII por el arquitecto Claude Nicolas Ledoux, quien tambi\u00e9n dise\u00f1\u00f3 la Place de la Concorde de Par\u00eds. El nombre original de la plaza era &#8220;Place Louis XV&#8221;, pero pas\u00f3 a llamarse Place Bellecour en 1834 en honor al general Pierre-Antoine de Montesquiou d&#8217;Artagnan (1620-1673), quien se desempe\u00f1\u00f3 como gobernador de Lyon de 1647 a 1654.<\/span><\/p>\n<h3><b>Jard\u00edn de la Grande C\u00f4te<\/b><\/h3>\n<p><span style=\"font-weight: 400;\">El Jardin de la Grande C\u00f4te de Lyon es famoso porque es un jard\u00edn dise\u00f1ado por el arquitecto Jean-Claude Forestier. Fue creado en 1991 y es el primer jard\u00edn clasificado como &#8220;Jardin Remarquable&#8221; por el Ministerio de Cultura franc\u00e9s. El jard\u00edn est\u00e1 ubicado en el sitio de una antigua cantera y fue dise\u00f1ado con diferentes niveles que est\u00e1n conectados entre s\u00ed por rampas, escaleras y puentes.<\/span><\/p>\n<h3><b>Parc de la Tete d\u2019Or<\/b><\/h3>\n<p><span style=\"font-weight: 400;\">El Parc de la Tete d&#8217;Or es famoso porque es el parque p\u00fablico m\u00e1s antiguo de Francia y tambi\u00e9n uno de los m\u00e1s grandes con una superficie de m\u00e1s de 40 hect\u00e1reas. Fue inaugurado en 1858 y ha sido mejorado con el tiempo, incluida la adici\u00f3n de un lago artificial en 1979.<\/span><\/p>\n<h3><b>Instituto Lumiere<\/b><\/h3>\n<p><span style=\"font-weight: 400;\">El Instituto Lumiere de Lyon es famoso por ser el primer cine del mundo.<\/span><\/p>\n<p><span style=\"font-weight: 400;\">El Instituto Lumiere en Lyon es uno de los lugares m\u00e1s emblem\u00e1ticos de Lyon, Francia. Fue inaugurado el 18 de diciembre de 1895 y fue la primera sala de cine del mundo.<\/span><\/p>\n<h3><b>Museo Galo-Romano<\/b><\/h3>\n<p><span style=\"font-weight: 400;\">El Museo Galorromano de Lyon es famoso por su colecci\u00f3n de artefactos romanos.<\/span><\/p>\n<p><span style=\"font-weight: 400;\">El Museo Galorromano de Lyon alberga una colecci\u00f3n de artefactos romanos que datan del siglo I d.C. El museo est\u00e1 ubicado cerca del r\u00edo R\u00f3dano y fue establecido en 1874 por la Sociedad de Anticuarios.<\/span><\/p>\n<h3><b>Catedral Saint-Jean<\/b><\/h3>\n<p><span style=\"font-weight: 400;\">La Catedral de Saint-Jean en Lyon es famosa por sus frescos y vidrieras.<\/span><\/p>\n<p><span style=\"font-weight: 400;\">La catedral tambi\u00e9n es conocida por sus obras de arte, incluidas las esculturas de Antoine Bourdelle.<\/span><\/p>\n<h3><b>\u00d3pera de Lyon<\/b><\/h3>\n<p><span style=\"font-weight: 400;\">La \u00d3pera de Lyon es una compa\u00f1\u00eda de \u00f3pera de fama mundial en Francia. Fundada en 1875, la compa\u00f1\u00eda ha estado representando \u00f3peras durante m\u00e1s de 130 a\u00f1os. Es una de las compa\u00f1\u00edas de \u00f3pera m\u00e1s prestigiosas de Europa y est\u00e1 catalogada como uno de los cinco mejores teatros de \u00f3pera del mundo.<\/span><\/p>\n<p><span style=\"font-weight: 400;\">La \u00d3pera de Lyon ha existido durante mucho tiempo y todav\u00eda se mantiene fuerte hoy. Son conocidos por su repertorio \u00fanico, que incluye \u00f3peras que rara vez se representan en otros lugares.<\/span><\/p>\n<h3><b>Museo de Arte Contemporaneo de Lyon<\/b><\/h3>\n<p><span style=\"font-weight: 400;\">El Museo de Arte Contempor\u00e1neo de Lyon es famoso por su colecci\u00f3n permanente. Contiene m\u00e1s de 2000 obras de arte, de artistas como Pablo Picasso y Andy Warhol.<\/span><\/p>\n<h3><b>La fuente Bartholdi<\/b><\/h3>\n<p><span style=\"font-weight: 400;\">Una estatua del escultor franc\u00e9s Fr\u00e9d\u00e9ric Auguste Bartholdi es la pieza central de la fuente.<\/span><\/p>\n<p><span style=\"font-weight: 400;\">La estatua de Bartholdi est\u00e1 frente a una fuente, que fue dise\u00f1ada por \u00c9mile-Maurice Quennoz. La fuente consta de dos pilas, una m\u00e1s alta que la otra, y un surtidor que sube desde la pila inferior hasta una altura de unos quince metros.<\/span><\/p>\n<p><span style=\"font-weight: 400;\">Cont\u00e1ctenos y haremos de su tour una experiencia \u00fanica, a trav\u00e9s del formulario de contacto, nos puede contactar y nuestro equipo, le enviar\u00e1 la informaci\u00f3n detallada.<\/span><\/p>\n<p><b>Si dispone de m\u00e1s d\u00edas en la ciudad de Lyon, puedes consultar<\/b><a href=\"https:\/\/tourtravelandmore.com\/es\/ciudad\/francia\/lyon-es\/\"> <b>aqu\u00ed<\/b><\/a><b>, el resto de tours privados que ofrecemos.<\/b><\/p>\n","protected":false},"excerpt":{"rendered":"<p>Avent\u00farese en este <strong>tour privado de 4 horas a pie<\/strong> <strong>totalmente personalizado<\/strong> por las calles de <strong>Lyon<\/strong>, donde podr\u00e1 admirar la belleza urbana de sus calles, monumentos y edificios renacentistas m\u00e1s importantes de la capital francesa de la tejedur\u00eda.<\/p>\n","protected":false},"featured_media":63781,"comment_status":"open","ping_status":"closed","template":"","meta":{"_acf_changed":false},"product_brand":[],"product_cat":[1234,1235,1237],"product_tag":[],"class_list":{"0":"post-63748","1":"product","2":"type-product","3":"status-publish","4":"has-post-thumbnail","6":"product_cat-lyon-es","7":"product_cat-lyon-actividades-es","8":"product_cat-lyon-tours-privados-pie-es","10":"first","11":"instock","12":"shipping-taxable","13":"purchasable","14":"product-type-simple"},"acf":[],"yoast_head":"<!-- This site is optimized with the Yoast SEO Premium plugin v25.3.1 (Yoast SEO v25.3.1) - https:\/\/yoast.com\/wordpress\/plugins\/seo\/ -->\n<title>\u27a1\ufe0f Tour a pie Lyon - Tour privado con gu\u00eda oficial 4 Horas | TTM<\/title>\n<meta name=\"description\" content=\"Disfruta de este Tour a pie Lyon, con su gu\u00eda oficial privado, y descubre lo m\u00e1s importante de la ciudad y sus monumentos con su gu\u00eda \u2705\" \/>\n<meta name=\"robots\" content=\"index, follow, max-snippet:-1, max-image-preview:large, max-video-preview:-1\" \/>\n<link rel=\"canonical\" href=\"https:\/\/tourtravelandmore.com\/es\/tours\/francia\/lyon-es\/tour-a-pie-lyon-tour-privado-con-guia-oficial-4-horas\/\" \/>\n<meta property=\"og:locale\" content=\"es_ES\" \/>\n<meta property=\"og:type\" content=\"article\" \/>\n<meta property=\"og:title\" content=\"Tour privado a pie de Lyon con gu\u00eda oficial\" \/>\n<meta property=\"og:description\" content=\"Disfruta de este Tour a pie Lyon, con su gu\u00eda oficial privado, y descubre lo m\u00e1s importante de la ciudad y sus monumentos con su gu\u00eda \u2705\" \/>\n<meta property=\"og:url\" content=\"https:\/\/tourtravelandmore.com\/es\/tours\/francia\/lyon-es\/tour-a-pie-lyon-tour-privado-con-guia-oficial-4-horas\/\" \/>\n<meta property=\"og:site_name\" content=\"Tour Travel And More\" \/>\n<meta property=\"article:publisher\" content=\"https:\/\/www.facebook.com\/tourtravelandmore\/\" \/>\n<meta property=\"article:modified_time\" content=\"2022-10-18T00:18:50+00:00\" \/>\n<meta property=\"og:image\" content=\"https:\/\/tourtravelandmore.com\/wp-content\/uploads\/2019\/08\/Vieux-Lyon.jpg\" \/>\n\t<meta property=\"og:image:width\" content=\"1024\" \/>\n\t<meta property=\"og:image:height\" content=\"683\" \/>\n\t<meta property=\"og:image:type\" content=\"image\/jpeg\" \/>\n<meta name=\"twitter:card\" content=\"summary_large_image\" \/>\n<meta name=\"twitter:site\" content=\"@TourTravel_More\" \/>\n<meta name=\"twitter:label1\" content=\"Tiempo de lectura\" \/>\n\t<meta name=\"twitter:data1\" content=\"4 minutos\" \/>\n<script type=\"application\/ld+json\" class=\"yoast-schema-graph\">{\"@context\":\"https:\/\/schema.org\",\"@graph\":[{\"@type\":\"WebPage\",\"@id\":\"https:\/\/tourtravelandmore.com\/es\/tours\/francia\/lyon-es\/tour-a-pie-lyon-tour-privado-con-guia-oficial-4-horas\/\",\"url\":\"https:\/\/tourtravelandmore.com\/es\/tours\/francia\/lyon-es\/tour-a-pie-lyon-tour-privado-con-guia-oficial-4-horas\/\",\"name\":\"\u27a1\ufe0f Tour a pie Lyon - Tour privado con gu\u00eda oficial 4 Horas | TTM\",\"isPartOf\":{\"@id\":\"https:\/\/tourtravelandmore.com\/es\/#website\"},\"primaryImageOfPage\":{\"@id\":\"https:\/\/tourtravelandmore.com\/es\/tours\/francia\/lyon-es\/tour-a-pie-lyon-tour-privado-con-guia-oficial-4-horas\/#primaryimage\"},\"image\":{\"@id\":\"https:\/\/tourtravelandmore.com\/es\/tours\/francia\/lyon-es\/tour-a-pie-lyon-tour-privado-con-guia-oficial-4-horas\/#primaryimage\"},\"thumbnailUrl\":\"https:\/\/tourtravelandmore.com\/wp-content\/uploads\/2019\/08\/Vieux-Lyon.jpg\",\"datePublished\":\"2019-08-15T11:22:45+00:00\",\"dateModified\":\"2022-10-18T00:18:50+00:00\",\"description\":\"Disfruta de este Tour a pie Lyon, con su gu\u00eda oficial privado, y descubre lo m\u00e1s importante de la ciudad y sus monumentos con su gu\u00eda \u2705\",\"breadcrumb\":{\"@id\":\"https:\/\/tourtravelandmore.com\/es\/tours\/francia\/lyon-es\/tour-a-pie-lyon-tour-privado-con-guia-oficial-4-horas\/#breadcrumb\"},\"inLanguage\":\"es\",\"potentialAction\":[{\"@type\":\"ReadAction\",\"target\":[\"https:\/\/tourtravelandmore.com\/es\/tours\/francia\/lyon-es\/tour-a-pie-lyon-tour-privado-con-guia-oficial-4-horas\/\"]}]},{\"@type\":\"ImageObject\",\"inLanguage\":\"es\",\"@id\":\"https:\/\/tourtravelandmore.com\/es\/tours\/francia\/lyon-es\/tour-a-pie-lyon-tour-privado-con-guia-oficial-4-horas\/#primaryimage\",\"url\":\"https:\/\/tourtravelandmore.com\/wp-content\/uploads\/2019\/08\/Vieux-Lyon.jpg\",\"contentUrl\":\"https:\/\/tourtravelandmore.com\/wp-content\/uploads\/2019\/08\/Vieux-Lyon.jpg\",\"width\":1024,\"height\":683,\"caption\":\"Lyon\"},{\"@type\":\"BreadcrumbList\",\"@id\":\"https:\/\/tourtravelandmore.com\/es\/tours\/francia\/lyon-es\/tour-a-pie-lyon-tour-privado-con-guia-oficial-4-horas\/#breadcrumb\",\"itemListElement\":[{\"@type\":\"ListItem\",\"position\":1,\"name\":\"Home\",\"item\":\"https:\/\/tourtravelandmore.com\/es\/\"},{\"@type\":\"ListItem\",\"position\":2,\"name\":\"Tours\",\"item\":\"https:\/\/tourtravelandmore.com\/es\/tours\/\"},{\"@type\":\"ListItem\",\"position\":3,\"name\":\"Tour privado a pie de Lyon con gu\u00eda oficial\"}]},{\"@type\":\"WebSite\",\"@id\":\"https:\/\/tourtravelandmore.com\/es\/#website\",\"url\":\"https:\/\/tourtravelandmore.com\/es\/\",\"name\":\"Tour Travel And More\",\"description\":\"Private sightseeing tours and luxury transfers in Spain\",\"publisher\":{\"@id\":\"https:\/\/tourtravelandmore.com\/es\/#organization\"},\"potentialAction\":[{\"@type\":\"SearchAction\",\"target\":{\"@type\":\"EntryPoint\",\"urlTemplate\":\"https:\/\/tourtravelandmore.com\/es\/?s={search_term_string}\"},\"query-input\":{\"@type\":\"PropertyValueSpecification\",\"valueRequired\":true,\"valueName\":\"search_term_string\"}}],\"inLanguage\":\"es\"},{\"@type\":\"Organization\",\"@id\":\"https:\/\/tourtravelandmore.com\/es\/#organization\",\"name\":\"Tour Travel And More\",\"url\":\"https:\/\/tourtravelandmore.com\/es\/\",\"logo\":{\"@type\":\"ImageObject\",\"inLanguage\":\"es\",\"@id\":\"https:\/\/tourtravelandmore.com\/es\/#\/schema\/logo\/image\/\",\"url\":\"https:\/\/tourtravelandmore.com\/wp-content\/uploads\/2022\/12\/cropped-logo-cabecera-new.png\",\"contentUrl\":\"https:\/\/tourtravelandmore.com\/wp-content\/uploads\/2022\/12\/cropped-logo-cabecera-new.png\",\"width\":430,\"height\":61,\"caption\":\"Tour Travel And More\"},\"image\":{\"@id\":\"https:\/\/tourtravelandmore.com\/es\/#\/schema\/logo\/image\/\"},\"sameAs\":[\"https:\/\/www.facebook.com\/tourtravelandmore\/\",\"https:\/\/x.com\/TourTravel_More\"]}]}<\/script>\n<!-- \/ Yoast SEO Premium plugin. -->","yoast_head_json":{"title":"\u27a1\ufe0f Tour a pie Lyon - Tour privado con gu\u00eda oficial 4 Horas | TTM","description":"Disfruta de este Tour a pie Lyon, con su gu\u00eda oficial privado, y descubre lo m\u00e1s importante de la ciudad y sus monumentos con su gu\u00eda \u2705","robots":{"index":"index","follow":"follow","max-snippet":"max-snippet:-1","max-image-preview":"max-image-preview:large","max-video-preview":"max-video-preview:-1"},"canonical":"https:\/\/tourtravelandmore.com\/es\/tours\/francia\/lyon-es\/tour-a-pie-lyon-tour-privado-con-guia-oficial-4-horas\/","og_locale":"es_ES","og_type":"article","og_title":"Tour privado a pie de Lyon con gu\u00eda oficial","og_description":"Disfruta de este Tour a pie Lyon, con su gu\u00eda oficial privado, y descubre lo m\u00e1s importante de la ciudad y sus monumentos con su gu\u00eda \u2705","og_url":"https:\/\/tourtravelandmore.com\/es\/tours\/francia\/lyon-es\/tour-a-pie-lyon-tour-privado-con-guia-oficial-4-horas\/","og_site_name":"Tour Travel And More","article_publisher":"https:\/\/www.facebook.com\/tourtravelandmore\/","article_modified_time":"2022-10-18T00:18:50+00:00","og_image":[{"width":1024,"height":683,"url":"https:\/\/tourtravelandmore.com\/wp-content\/uploads\/2019\/08\/Vieux-Lyon.jpg","type":"image\/jpeg"}],"twitter_card":"summary_large_image","twitter_site":"@TourTravel_More","twitter_misc":{"Tiempo de lectura":"4 minutos"},"schema":{"@context":"https:\/\/schema.org","@graph":[{"@type":"WebPage","@id":"https:\/\/tourtravelandmore.com\/es\/tours\/francia\/lyon-es\/tour-a-pie-lyon-tour-privado-con-guia-oficial-4-horas\/","url":"https:\/\/tourtravelandmore.com\/es\/tours\/francia\/lyon-es\/tour-a-pie-lyon-tour-privado-con-guia-oficial-4-horas\/","name":"\u27a1\ufe0f Tour a pie Lyon - Tour privado con gu\u00eda oficial 4 Horas | TTM","isPartOf":{"@id":"https:\/\/tourtravelandmore.com\/es\/#website"},"primaryImageOfPage":{"@id":"https:\/\/tourtravelandmore.com\/es\/tours\/francia\/lyon-es\/tour-a-pie-lyon-tour-privado-con-guia-oficial-4-horas\/#primaryimage"},"image":{"@id":"https:\/\/tourtravelandmore.com\/es\/tours\/francia\/lyon-es\/tour-a-pie-lyon-tour-privado-con-guia-oficial-4-horas\/#primaryimage"},"thumbnailUrl":"https:\/\/tourtravelandmore.com\/wp-content\/uploads\/2019\/08\/Vieux-Lyon.jpg","datePublished":"2019-08-15T11:22:45+00:00","dateModified":"2022-10-18T00:18:50+00:00","description":"Disfruta de este Tour a pie Lyon, con su gu\u00eda oficial privado, y descubre lo m\u00e1s importante de la ciudad y sus monumentos con su gu\u00eda \u2705","breadcrumb":{"@id":"https:\/\/tourtravelandmore.com\/es\/tours\/francia\/lyon-es\/tour-a-pie-lyon-tour-privado-con-guia-oficial-4-horas\/#breadcrumb"},"inLanguage":"es","potentialAction":[{"@type":"ReadAction","target":["https:\/\/tourtravelandmore.com\/es\/tours\/francia\/lyon-es\/tour-a-pie-lyon-tour-privado-con-guia-oficial-4-horas\/"]}]},{"@type":"ImageObject","inLanguage":"es","@id":"https:\/\/tourtravelandmore.com\/es\/tours\/francia\/lyon-es\/tour-a-pie-lyon-tour-privado-con-guia-oficial-4-horas\/#primaryimage","url":"https:\/\/tourtravelandmore.com\/wp-content\/uploads\/2019\/08\/Vieux-Lyon.jpg","contentUrl":"https:\/\/tourtravelandmore.com\/wp-content\/uploads\/2019\/08\/Vieux-Lyon.jpg","width":1024,"height":683,"caption":"Lyon"},{"@type":"BreadcrumbList","@id":"https:\/\/tourtravelandmore.com\/es\/tours\/francia\/lyon-es\/tour-a-pie-lyon-tour-privado-con-guia-oficial-4-horas\/#breadcrumb","itemListElement":[{"@type":"ListItem","position":1,"name":"Home","item":"https:\/\/tourtravelandmore.com\/es\/"},{"@type":"ListItem","position":2,"name":"Tours","item":"https:\/\/tourtravelandmore.com\/es\/tours\/"},{"@type":"ListItem","position":3,"name":"Tour privado a pie de Lyon con gu\u00eda oficial"}]},{"@type":"WebSite","@id":"https:\/\/tourtravelandmore.com\/es\/#website","url":"https:\/\/tourtravelandmore.com\/es\/","name":"Tour Travel And More","description":"Private sightseeing tours and luxury transfers in Spain","publisher":{"@id":"https:\/\/tourtravelandmore.com\/es\/#organization"},"potentialAction":[{"@type":"SearchAction","target":{"@type":"EntryPoint","urlTemplate":"https:\/\/tourtravelandmore.com\/es\/?s={search_term_string}"},"query-input":{"@type":"PropertyValueSpecification","valueRequired":true,"valueName":"search_term_string"}}],"inLanguage":"es"},{"@type":"Organization","@id":"https:\/\/tourtravelandmore.com\/es\/#organization","name":"Tour Travel And More","url":"https:\/\/tourtravelandmore.com\/es\/","logo":{"@type":"ImageObject","inLanguage":"es","@id":"https:\/\/tourtravelandmore.com\/es\/#\/schema\/logo\/image\/","url":"https:\/\/tourtravelandmore.com\/wp-content\/uploads\/2022\/12\/cropped-logo-cabecera-new.png","contentUrl":"https:\/\/tourtravelandmore.com\/wp-content\/uploads\/2022\/12\/cropped-logo-cabecera-new.png","width":430,"height":61,"caption":"Tour Travel And More"},"image":{"@id":"https:\/\/tourtravelandmore.com\/es\/#\/schema\/logo\/image\/"},"sameAs":["https:\/\/www.facebook.com\/tourtravelandmore\/","https:\/\/x.com\/TourTravel_More"]}]}},"_links":{"self":[{"href":"https:\/\/tourtravelandmore.com\/es\/wp-json\/wp\/v2\/product\/63748","targetHints":{"allow":["GET"]}}],"collection":[{"href":"https:\/\/tourtravelandmore.com\/es\/wp-json\/wp\/v2\/product"}],"about":[{"href":"https:\/\/tourtravelandmore.com\/es\/wp-json\/wp\/v2\/types\/product"}],"replies":[{"embeddable":true,"href":"https:\/\/tourtravelandmore.com\/es\/wp-json\/wp\/v2\/comments?post=63748"}],"wp:featuredmedia":[{"embeddable":true,"href":"https:\/\/tourtravelandmore.com\/es\/wp-json\/wp\/v2\/media\/63781"}],"wp:attachment":[{"href":"https:\/\/tourtravelandmore.com\/es\/wp-json\/wp\/v2\/media?parent=63748"}],"wp:term":[{"taxonomy":"product_brand","embeddable":true,"href":"https:\/\/tourtravelandmore.com\/es\/wp-json\/wp\/v2\/product_brand?post=63748"},{"taxonomy":"product_cat","embeddable":true,"href":"https:\/\/tourtravelandmore.com\/es\/wp-json\/wp\/v2\/product_cat?post=63748"},{"taxonomy":"product_tag","embeddable":true,"href":"https:\/\/tourtravelandmore.com\/es\/wp-json\/wp\/v2\/product_tag?post=63748"}],"curies":[{"name":"wp","href":"https:\/\/api.w.org\/{rel}","templated":true}]}}