{"id":63716,"date":"2019-08-14T19:36:53","date_gmt":"2019-08-14T17:36:54","guid":{"rendered":"https:\/\/tourtravelandmore.com\/?post_type=product&#038;p=63716"},"modified":"2022-07-08T10:16:09","modified_gmt":"2022-07-08T08:16:09","slug":"tour-de-arcachon-y-margaux-desde-burdeos-tour-privado","status":"publish","type":"product","link":"https:\/\/tourtravelandmore.com\/es\/tours\/francia\/burdeos-es\/tour-de-arcachon-y-margaux-desde-burdeos-tour-privado\/","title":{"rendered":"Tour privado Arcachon y Margaux desde Burdeos"},"content":{"rendered":"<h2>Descripci\u00f3n Tour privado Arcachon y Margaux desde Burdeos<\/h2>\n<p>Disfruta de este tour <span lang=\"es\">de Arcachon y Margaux desde Burdeos para conocer los sitios m\u00e1s importantes de estos lugares. <\/span><\/p>\n<p><span lang=\"es\">En primer lugar, organizaremos una c\u00f3moda recogida en Burdeos. Podemos organizar la recogida desde cualquier sitio de la ciudad.<\/span><\/p>\n<p><span lang=\"es\">Su Tour de Arcachon y Margaux desde Burdeos, comienza en una granja de ostras en Cap Ferret junto con su gu\u00eda tur\u00edstico oficial privado. Degustar\u00e1 sus ostras y vinos ante la excelente vista que ofrece la bah\u00eda.<\/span><\/p>\n<p><span lang=\"es\">M\u00e1s tarde, al mediod\u00eda, almorzaremos en un bistr\u00f3 y degustaremos sus mariscos frescos junto con una copa de vino de sus muchas denominaciones. <\/span><\/p>\n<p><span lang=\"es\">A las 15:00 tendremos un tour de degustaci\u00f3n en una bodega Margaux y caminaremos por sus vi\u00f1edos para hacer turismo.<\/span><\/p>\n<p><span lang=\"es\">Su chofer privado y gu\u00eda lo llevar\u00e1n de regreso a las 17:00 a su hotel o lugar de elecci\u00f3n en Bordeux. <\/span><\/p>\n<p><span lang=\"es\">Puede tomar las mejores fotos cuando lo desee durante su recorrido privado.<\/span><\/p>\n<h2>Puntos de inter\u00e9s en el Tour privado Arcachon y Margaux desde Burdeos<\/h2>\n<p><span lang=\"es\">En primer lugar, organicemos una recogida privada en Burdeos y luego nos dirigiremos hacia este incre\u00edble tour privado.<\/span><\/p>\n<p><span lang=\"es\"> Disfrute de la hermosa zona que incluye granjas de ostras, degustaci\u00f3n en una bodega y mucho m\u00e1s. <\/span><\/p>\n<p><span lang=\"es\">Descubrir\u00e1s algunos de los sitios m\u00e1s reconocidos de la bah\u00eda. Con su gu\u00eda seremos testigos de la belleza natural que tienen las playas de Arcachon.<\/span><\/p>\n<p><span lang=\"es\"> Entre los sitios que puede visitar ofrecemos:<\/span><\/p>\n<ul>\n<li><strong>Duna de Pilat (Dune du Pyla)<\/strong><\/li>\n<li><strong>Parque Mauresque (Parc Mauresque)<\/strong><\/li>\n<li><strong>Isla de aves (\u00eele aux Oiseaux) <\/strong><\/li>\n<li><strong>Observatorio Saint C\u00e9cile<\/strong><\/li>\n<li><strong>Granjas ostr\u00edcolas<\/strong><\/li>\n<li><strong>Villas pesqueras de Cape Ferret<\/strong><\/li>\n<li><strong>El cabo Ferret<\/strong><\/li>\n<li><strong>\u00a1Y mucho m\u00e1s!<\/strong><\/li>\n<\/ul>\n<p><span lang=\"es\">Este tour es completamente personalizable. Comun\u00edquese con nosotros para que su experiencia sea \u00fanica y ayude a organizar su recorrido privado. <\/span><\/p>\n<p><span lang=\"es\">Nos encantar\u00eda ser parte de tu experiencia en <strong>Tour Travel &amp; More. <\/strong><\/span><\/p>\n<p><span lang=\"es\">Lo llevaremos de regreso a su hotel o punto de elecci\u00f3n en Burdeos.<\/span><\/p>\n<p>Puede consultar <strong><a href=\"https:\/\/tourtravelandmore.com\/es\/ciudad\/francia\/burdeos-es\/\">aqu\u00ed<\/a><\/strong>, el resto de los tours privados que ofrecemos en Burdeos.<\/p>\n","protected":false},"excerpt":{"rendered":"<p>Avent\u00farese a disfrutar ese <strong>tour privado de 8 horas totalmente personalizado<\/strong> por la <strong>bah\u00eda de Arcachon <\/strong>y los vi\u00f1eros de <strong>Maragaux<\/strong>, explore sus playas y deleite su paladar con las distintas ofertas de comida marina y vinos que ofrecen sus restaurantes.<\/p>\n","protected":false},"featured_media":63726,"comment_status":"open","ping_status":"closed","template":"","meta":{"_acf_changed":false},"product_brand":[],"product_cat":[1211,1212,1213],"product_tag":[],"class_list":{"0":"post-63716","1":"product","2":"type-product","3":"status-publish","4":"has-post-thumbnail","6":"product_cat-burdeos-es","7":"product_cat-burdeos-actividades-es","8":"product_cat-burdeos-rutas-turisticas-privadas-es","10":"first","11":"instock","12":"shipping-taxable","13":"purchasable","14":"product-type-simple"},"acf":[],"yoast_head":"<!-- This site is optimized with the Yoast SEO Premium plugin v25.3.1 (Yoast SEO v25.3.1) - https:\/\/yoast.com\/wordpress\/plugins\/seo\/ -->\n<title>Tour de Arcachon y Margaux desde Burdeos | Tour Travel &amp; More<\/title>\n<meta name=\"description\" content=\"Disfrute en este tour de Arcachon y Margaux desde Burdeos y conozca las principales bodegas de la regi\u00f3n, y descubra sus famosos vinos! \u2705\" \/>\n<meta name=\"robots\" content=\"index, follow, max-snippet:-1, max-image-preview:large, max-video-preview:-1\" \/>\n<link rel=\"canonical\" href=\"https:\/\/tourtravelandmore.com\/es\/tours\/francia\/burdeos-es\/tour-de-arcachon-y-margaux-desde-burdeos-tour-privado\/\" \/>\n<meta property=\"og:locale\" content=\"es_ES\" \/>\n<meta property=\"og:type\" content=\"article\" \/>\n<meta property=\"og:title\" content=\"Tour privado Arcachon y Margaux desde Burdeos\" \/>\n<meta property=\"og:description\" content=\"Disfrute en este tour de Arcachon y Margaux desde Burdeos y conozca las principales bodegas de la regi\u00f3n, y descubra sus famosos vinos! \u2705\" \/>\n<meta property=\"og:url\" content=\"https:\/\/tourtravelandmore.com\/es\/tours\/francia\/burdeos-es\/tour-de-arcachon-y-margaux-desde-burdeos-tour-privado\/\" \/>\n<meta property=\"og:site_name\" content=\"Tour Travel And More\" \/>\n<meta property=\"article:publisher\" content=\"https:\/\/www.facebook.com\/tourtravelandmore\/\" \/>\n<meta property=\"article:modified_time\" content=\"2022-07-08T08:16:09+00:00\" \/>\n<meta property=\"og:image\" content=\"https:\/\/tourtravelandmore.com\/wp-content\/uploads\/2019\/08\/arcachon.jpg\" \/>\n\t<meta property=\"og:image:width\" content=\"1024\" \/>\n\t<meta property=\"og:image:height\" content=\"683\" \/>\n\t<meta property=\"og:image:type\" content=\"image\/jpeg\" \/>\n<meta name=\"twitter:card\" content=\"summary_large_image\" \/>\n<meta name=\"twitter:site\" content=\"@TourTravel_More\" \/>\n<meta name=\"twitter:label1\" content=\"Tiempo de lectura\" \/>\n\t<meta name=\"twitter:data1\" content=\"2 minutos\" \/>\n<script type=\"application\/ld+json\" class=\"yoast-schema-graph\">{\"@context\":\"https:\/\/schema.org\",\"@graph\":[{\"@type\":\"WebPage\",\"@id\":\"https:\/\/tourtravelandmore.com\/es\/tours\/francia\/burdeos-es\/tour-de-arcachon-y-margaux-desde-burdeos-tour-privado\/\",\"url\":\"https:\/\/tourtravelandmore.com\/es\/tours\/francia\/burdeos-es\/tour-de-arcachon-y-margaux-desde-burdeos-tour-privado\/\",\"name\":\"Tour de Arcachon y Margaux desde Burdeos | Tour Travel & More\",\"isPartOf\":{\"@id\":\"https:\/\/tourtravelandmore.com\/es\/#website\"},\"primaryImageOfPage\":{\"@id\":\"https:\/\/tourtravelandmore.com\/es\/tours\/francia\/burdeos-es\/tour-de-arcachon-y-margaux-desde-burdeos-tour-privado\/#primaryimage\"},\"image\":{\"@id\":\"https:\/\/tourtravelandmore.com\/es\/tours\/francia\/burdeos-es\/tour-de-arcachon-y-margaux-desde-burdeos-tour-privado\/#primaryimage\"},\"thumbnailUrl\":\"https:\/\/tourtravelandmore.com\/wp-content\/uploads\/2019\/08\/arcachon.jpg\",\"datePublished\":\"2019-08-14T17:36:54+00:00\",\"dateModified\":\"2022-07-08T08:16:09+00:00\",\"description\":\"Disfrute en este tour de Arcachon y Margaux desde Burdeos y conozca las principales bodegas de la regi\u00f3n, y descubra sus famosos vinos! \u2705\",\"breadcrumb\":{\"@id\":\"https:\/\/tourtravelandmore.com\/es\/tours\/francia\/burdeos-es\/tour-de-arcachon-y-margaux-desde-burdeos-tour-privado\/#breadcrumb\"},\"inLanguage\":\"es\",\"potentialAction\":[{\"@type\":\"ReadAction\",\"target\":[\"https:\/\/tourtravelandmore.com\/es\/tours\/francia\/burdeos-es\/tour-de-arcachon-y-margaux-desde-burdeos-tour-privado\/\"]}]},{\"@type\":\"ImageObject\",\"inLanguage\":\"es\",\"@id\":\"https:\/\/tourtravelandmore.com\/es\/tours\/francia\/burdeos-es\/tour-de-arcachon-y-margaux-desde-burdeos-tour-privado\/#primaryimage\",\"url\":\"https:\/\/tourtravelandmore.com\/wp-content\/uploads\/2019\/08\/arcachon.jpg\",\"contentUrl\":\"https:\/\/tourtravelandmore.com\/wp-content\/uploads\/2019\/08\/arcachon.jpg\",\"width\":1024,\"height\":683,\"caption\":\"Arcachon\"},{\"@type\":\"BreadcrumbList\",\"@id\":\"https:\/\/tourtravelandmore.com\/es\/tours\/francia\/burdeos-es\/tour-de-arcachon-y-margaux-desde-burdeos-tour-privado\/#breadcrumb\",\"itemListElement\":[{\"@type\":\"ListItem\",\"position\":1,\"name\":\"Home\",\"item\":\"https:\/\/tourtravelandmore.com\/es\/\"},{\"@type\":\"ListItem\",\"position\":2,\"name\":\"Tours\",\"item\":\"https:\/\/tourtravelandmore.com\/es\/tours\/\"},{\"@type\":\"ListItem\",\"position\":3,\"name\":\"Tour privado Arcachon y Margaux desde Burdeos\"}]},{\"@type\":\"WebSite\",\"@id\":\"https:\/\/tourtravelandmore.com\/es\/#website\",\"url\":\"https:\/\/tourtravelandmore.com\/es\/\",\"name\":\"Tour Travel And More\",\"description\":\"Private sightseeing tours and luxury transfers in Spain\",\"publisher\":{\"@id\":\"https:\/\/tourtravelandmore.com\/es\/#organization\"},\"potentialAction\":[{\"@type\":\"SearchAction\",\"target\":{\"@type\":\"EntryPoint\",\"urlTemplate\":\"https:\/\/tourtravelandmore.com\/es\/?s={search_term_string}\"},\"query-input\":{\"@type\":\"PropertyValueSpecification\",\"valueRequired\":true,\"valueName\":\"search_term_string\"}}],\"inLanguage\":\"es\"},{\"@type\":\"Organization\",\"@id\":\"https:\/\/tourtravelandmore.com\/es\/#organization\",\"name\":\"Tour Travel And More\",\"url\":\"https:\/\/tourtravelandmore.com\/es\/\",\"logo\":{\"@type\":\"ImageObject\",\"inLanguage\":\"es\",\"@id\":\"https:\/\/tourtravelandmore.com\/es\/#\/schema\/logo\/image\/\",\"url\":\"https:\/\/tourtravelandmore.com\/wp-content\/uploads\/2022\/12\/cropped-logo-cabecera-new.png\",\"contentUrl\":\"https:\/\/tourtravelandmore.com\/wp-content\/uploads\/2022\/12\/cropped-logo-cabecera-new.png\",\"width\":430,\"height\":61,\"caption\":\"Tour Travel And More\"},\"image\":{\"@id\":\"https:\/\/tourtravelandmore.com\/es\/#\/schema\/logo\/image\/\"},\"sameAs\":[\"https:\/\/www.facebook.com\/tourtravelandmore\/\",\"https:\/\/x.com\/TourTravel_More\"]}]}<\/script>\n<!-- \/ Yoast SEO Premium plugin. -->","yoast_head_json":{"title":"Tour de Arcachon y Margaux desde Burdeos | Tour Travel & More","description":"Disfrute en este tour de Arcachon y Margaux desde Burdeos y conozca las principales bodegas de la regi\u00f3n, y descubra sus famosos vinos! \u2705","robots":{"index":"index","follow":"follow","max-snippet":"max-snippet:-1","max-image-preview":"max-image-preview:large","max-video-preview":"max-video-preview:-1"},"canonical":"https:\/\/tourtravelandmore.com\/es\/tours\/francia\/burdeos-es\/tour-de-arcachon-y-margaux-desde-burdeos-tour-privado\/","og_locale":"es_ES","og_type":"article","og_title":"Tour privado Arcachon y Margaux desde Burdeos","og_description":"Disfrute en este tour de Arcachon y Margaux desde Burdeos y conozca las principales bodegas de la regi\u00f3n, y descubra sus famosos vinos! \u2705","og_url":"https:\/\/tourtravelandmore.com\/es\/tours\/francia\/burdeos-es\/tour-de-arcachon-y-margaux-desde-burdeos-tour-privado\/","og_site_name":"Tour Travel And More","article_publisher":"https:\/\/www.facebook.com\/tourtravelandmore\/","article_modified_time":"2022-07-08T08:16:09+00:00","og_image":[{"width":1024,"height":683,"url":"https:\/\/tourtravelandmore.com\/wp-content\/uploads\/2019\/08\/arcachon.jpg","type":"image\/jpeg"}],"twitter_card":"summary_large_image","twitter_site":"@TourTravel_More","twitter_misc":{"Tiempo de lectura":"2 minutos"},"schema":{"@context":"https:\/\/schema.org","@graph":[{"@type":"WebPage","@id":"https:\/\/tourtravelandmore.com\/es\/tours\/francia\/burdeos-es\/tour-de-arcachon-y-margaux-desde-burdeos-tour-privado\/","url":"https:\/\/tourtravelandmore.com\/es\/tours\/francia\/burdeos-es\/tour-de-arcachon-y-margaux-desde-burdeos-tour-privado\/","name":"Tour de Arcachon y Margaux desde Burdeos | Tour Travel & More","isPartOf":{"@id":"https:\/\/tourtravelandmore.com\/es\/#website"},"primaryImageOfPage":{"@id":"https:\/\/tourtravelandmore.com\/es\/tours\/francia\/burdeos-es\/tour-de-arcachon-y-margaux-desde-burdeos-tour-privado\/#primaryimage"},"image":{"@id":"https:\/\/tourtravelandmore.com\/es\/tours\/francia\/burdeos-es\/tour-de-arcachon-y-margaux-desde-burdeos-tour-privado\/#primaryimage"},"thumbnailUrl":"https:\/\/tourtravelandmore.com\/wp-content\/uploads\/2019\/08\/arcachon.jpg","datePublished":"2019-08-14T17:36:54+00:00","dateModified":"2022-07-08T08:16:09+00:00","description":"Disfrute en este tour de Arcachon y Margaux desde Burdeos y conozca las principales bodegas de la regi\u00f3n, y descubra sus famosos vinos! \u2705","breadcrumb":{"@id":"https:\/\/tourtravelandmore.com\/es\/tours\/francia\/burdeos-es\/tour-de-arcachon-y-margaux-desde-burdeos-tour-privado\/#breadcrumb"},"inLanguage":"es","potentialAction":[{"@type":"ReadAction","target":["https:\/\/tourtravelandmore.com\/es\/tours\/francia\/burdeos-es\/tour-de-arcachon-y-margaux-desde-burdeos-tour-privado\/"]}]},{"@type":"ImageObject","inLanguage":"es","@id":"https:\/\/tourtravelandmore.com\/es\/tours\/francia\/burdeos-es\/tour-de-arcachon-y-margaux-desde-burdeos-tour-privado\/#primaryimage","url":"https:\/\/tourtravelandmore.com\/wp-content\/uploads\/2019\/08\/arcachon.jpg","contentUrl":"https:\/\/tourtravelandmore.com\/wp-content\/uploads\/2019\/08\/arcachon.jpg","width":1024,"height":683,"caption":"Arcachon"},{"@type":"BreadcrumbList","@id":"https:\/\/tourtravelandmore.com\/es\/tours\/francia\/burdeos-es\/tour-de-arcachon-y-margaux-desde-burdeos-tour-privado\/#breadcrumb","itemListElement":[{"@type":"ListItem","position":1,"name":"Home","item":"https:\/\/tourtravelandmore.com\/es\/"},{"@type":"ListItem","position":2,"name":"Tours","item":"https:\/\/tourtravelandmore.com\/es\/tours\/"},{"@type":"ListItem","position":3,"name":"Tour privado Arcachon y Margaux desde Burdeos"}]},{"@type":"WebSite","@id":"https:\/\/tourtravelandmore.com\/es\/#website","url":"https:\/\/tourtravelandmore.com\/es\/","name":"Tour Travel And More","description":"Private sightseeing tours and luxury transfers in Spain","publisher":{"@id":"https:\/\/tourtravelandmore.com\/es\/#organization"},"potentialAction":[{"@type":"SearchAction","target":{"@type":"EntryPoint","urlTemplate":"https:\/\/tourtravelandmore.com\/es\/?s={search_term_string}"},"query-input":{"@type":"PropertyValueSpecification","valueRequired":true,"valueName":"search_term_string"}}],"inLanguage":"es"},{"@type":"Organization","@id":"https:\/\/tourtravelandmore.com\/es\/#organization","name":"Tour Travel And More","url":"https:\/\/tourtravelandmore.com\/es\/","logo":{"@type":"ImageObject","inLanguage":"es","@id":"https:\/\/tourtravelandmore.com\/es\/#\/schema\/logo\/image\/","url":"https:\/\/tourtravelandmore.com\/wp-content\/uploads\/2022\/12\/cropped-logo-cabecera-new.png","contentUrl":"https:\/\/tourtravelandmore.com\/wp-content\/uploads\/2022\/12\/cropped-logo-cabecera-new.png","width":430,"height":61,"caption":"Tour Travel And More"},"image":{"@id":"https:\/\/tourtravelandmore.com\/es\/#\/schema\/logo\/image\/"},"sameAs":["https:\/\/www.facebook.com\/tourtravelandmore\/","https:\/\/x.com\/TourTravel_More"]}]}},"_links":{"self":[{"href":"https:\/\/tourtravelandmore.com\/es\/wp-json\/wp\/v2\/product\/63716","targetHints":{"allow":["GET"]}}],"collection":[{"href":"https:\/\/tourtravelandmore.com\/es\/wp-json\/wp\/v2\/product"}],"about":[{"href":"https:\/\/tourtravelandmore.com\/es\/wp-json\/wp\/v2\/types\/product"}],"replies":[{"embeddable":true,"href":"https:\/\/tourtravelandmore.com\/es\/wp-json\/wp\/v2\/comments?post=63716"}],"wp:featuredmedia":[{"embeddable":true,"href":"https:\/\/tourtravelandmore.com\/es\/wp-json\/wp\/v2\/media\/63726"}],"wp:attachment":[{"href":"https:\/\/tourtravelandmore.com\/es\/wp-json\/wp\/v2\/media?parent=63716"}],"wp:term":[{"taxonomy":"product_brand","embeddable":true,"href":"https:\/\/tourtravelandmore.com\/es\/wp-json\/wp\/v2\/product_brand?post=63716"},{"taxonomy":"product_cat","embeddable":true,"href":"https:\/\/tourtravelandmore.com\/es\/wp-json\/wp\/v2\/product_cat?post=63716"},{"taxonomy":"product_tag","embeddable":true,"href":"https:\/\/tourtravelandmore.com\/es\/wp-json\/wp\/v2\/product_tag?post=63716"}],"curies":[{"name":"wp","href":"https:\/\/api.w.org\/{rel}","templated":true}]}}