{"id":63666,"date":"2019-08-14T15:33:15","date_gmt":"2019-08-14T13:33:15","guid":{"rendered":"https:\/\/tourtravelandmore.com\/?post_type=product&#038;p=63666"},"modified":"2022-07-08T10:20:36","modified_gmt":"2022-07-08T08:20:36","slug":"traslado-de-arribo-y-salida-de-bordeaux-al-aeropuerto","status":"publish","type":"product","link":"https:\/\/tourtravelandmore.com\/es\/tours\/francia\/burdeos-es\/traslado-de-arribo-y-salida-de-bordeaux-al-aeropuerto\/","title":{"rendered":"Traslado de llegada y salida de Bordeaux"},"content":{"rendered":"<h2>Descripci\u00f3n de los Traslados de llegada y salida de <strong>Burdeos<\/strong><\/h2>\n<p>Le ofrecemos la manera m\u00e1s r\u00e1pida y relajante de llegar a su destino final en <strong>Burdeos<\/strong> a trav\u00e9s de nuestra flota de <strong>coches privados y minivans privados<\/strong>. \u00a1Reserva un Traslado privado Burdeos!<\/p>\n<p>Dispone de una gran flota en Burdeos formada por Mercedes Clase E, Mercedes Viano, Mini Bus y Bus.<\/p>\n<p>Ofrecemos todo tipo de traslados:<\/p>\n<ul>\n<li><strong>Traslados Aeropuerto<\/strong><\/li>\n<li><strong>Traslados Terminal de Crucero<\/strong><\/li>\n<li><strong>Traslados entre ciudades<\/strong><\/li>\n<li><strong>Traslados para ir a cenar<\/strong><\/li>\n<li><strong>Disposiciones con conductor<\/strong><\/li>\n<li><strong>Muchoa m\u00e1s!<\/strong><\/li>\n<\/ul>\n<p>Nuestros traslados privado Burdeos es completamente privado, pueden escoger la hora y lugar de recogida.<\/p>\n<p>Si dispone de m\u00e1s d\u00edas en la ciudad de Burdeos, le recomendamos que reserve un tour de la ciudad, puede consultar aqu\u00ed nuestra lista de tours privados. Todos nuestros servicios son con gu\u00eda oficial y disponemos de acceso preferente a los monumentos y principales Bodegas de la zona.<\/p>\n<p>A trav\u00e9s del formulario de contacto, puede contactar con nosotros y nuestro equipo de soporte le enviar\u00e1 la informaci\u00f3n detallada.<\/p>\n<h2>Puntos de inter\u00e9s en el Traslado de llegada y salida de <strong>Burdeos<\/strong><\/h2>\n<p>Burdeos es conocida tambi\u00e9n como el <em>\u201cPuerto de la Luna\u201d <\/em>dada su peculiar forma rom\u00e1ntica. Se encuentra situado cerca de la costa atl\u00e1ntica, en el suroeste de Francia, bordeando al r\u00edo Garona. Reconocida por sus vi\u00f1edos, es el hogar de los m\u00e1s prestigiosos productores de vino blanco y tinto, del mundo. La ciudad posee atributos resaltantes, como la plaza de Quinconces, la plaza m\u00e1s grande en Francia o el puente Jacques Chaban-Delmas, el puente elevadizo vertical m\u00e1s largo de Europa.<\/p>\n<h3>Nuestros Tours Privados en Tour Travel &amp; More<\/h3>\n<p>Ofrecemos a nuestros clientes tours privados para familias, amigos e incluso para incentivos o grupos grandes. Entendemos las necesidades de los viajeros mientras est\u00e1n de vacaciones, y hacemos todo lo posible para que su estancia sea inolvidable. Nuestra flota se compone de veh\u00edculos de lujo y nuestro personal es perfectamente multiling\u00fce. Nuestros gu\u00edas hablan varios idiomas: Ingl\u00e9s, Espa\u00f1ol, Franc\u00e9s, Italiano, Polaco, Holand\u00e9s, Chino, Ruso, Japon\u00e9s, Alem\u00e1n, Griego y Portugu\u00e9s.<\/p>\n<p>Si desea conocer m\u00e1s de <strong>Burdeos, le aconsejamos revisar uno de nuestros <a href=\"https:\/\/tourtravelandmore.com\/es\/ciudad\/francia\/burdeos-es\/\">tours privados en este destino franc\u00e9s.<\/a><\/strong><\/p>\n","protected":false},"excerpt":{"rendered":"<p>Le ofrecemos la oportunidad de llegar a su destino en <strong>Burdeos, <\/strong>disfrutando de la comodidad de su <strong>veh\u00edculo privado de lujo con conductor <\/strong>para llegar r\u00e1pida y c\u00f3modamente a su lugar de elecci\u00f3n.<\/p>\n","protected":false},"featured_media":8090,"comment_status":"open","ping_status":"closed","template":"","meta":{"_acf_changed":false},"product_brand":[],"product_cat":[1211,1212,1216],"product_tag":[],"class_list":{"0":"post-63666","1":"product","2":"type-product","3":"status-publish","4":"has-post-thumbnail","6":"product_cat-burdeos-es","7":"product_cat-burdeos-actividades-es","8":"product_cat-burdeos-traslados-es","10":"first","11":"instock","12":"shipping-taxable","13":"purchasable","14":"product-type-simple"},"acf":[],"yoast_head":"<!-- This site is optimized with the Yoast SEO Premium plugin v25.3.1 (Yoast SEO v25.3.1) - https:\/\/yoast.com\/wordpress\/plugins\/seo\/ -->\n<title>Traslado de arribo y salida de Bordeaux al aeropuerto | TTM<\/title>\n<meta name=\"description\" content=\"Con nuestro traslado en Bordeaux le ofrecemos la oportunidad de llegar a su destino, disfrutando de la comodidad de su veh\u00edculo privado de lujo \u2705\" \/>\n<meta name=\"robots\" content=\"index, follow, max-snippet:-1, max-image-preview:large, max-video-preview:-1\" \/>\n<link rel=\"canonical\" href=\"https:\/\/tourtravelandmore.com\/es\/tours\/francia\/burdeos-es\/traslado-de-arribo-y-salida-de-bordeaux-al-aeropuerto\/\" \/>\n<meta property=\"og:locale\" content=\"es_ES\" \/>\n<meta property=\"og:type\" content=\"article\" \/>\n<meta property=\"og:title\" content=\"Traslado de llegada y salida de Bordeaux\" \/>\n<meta property=\"og:description\" content=\"Con nuestro traslado en Bordeaux le ofrecemos la oportunidad de llegar a su destino, disfrutando de la comodidad de su veh\u00edculo privado de lujo \u2705\" \/>\n<meta property=\"og:url\" content=\"https:\/\/tourtravelandmore.com\/es\/tours\/francia\/burdeos-es\/traslado-de-arribo-y-salida-de-bordeaux-al-aeropuerto\/\" \/>\n<meta property=\"og:site_name\" content=\"Tour Travel And More\" \/>\n<meta property=\"article:publisher\" content=\"https:\/\/www.facebook.com\/tourtravelandmore\/\" \/>\n<meta property=\"article:modified_time\" content=\"2022-07-08T08:20:36+00:00\" \/>\n<meta property=\"og:image\" content=\"https:\/\/tourtravelandmore.com\/wp-content\/uploads\/2016\/10\/transfer-port-barcelonajpg.jpg\" \/>\n\t<meta property=\"og:image:width\" content=\"955\" \/>\n\t<meta property=\"og:image:height\" content=\"523\" \/>\n\t<meta property=\"og:image:type\" content=\"image\/jpeg\" \/>\n<meta name=\"twitter:card\" content=\"summary_large_image\" \/>\n<meta name=\"twitter:site\" content=\"@TourTravel_More\" \/>\n<meta name=\"twitter:label1\" content=\"Tiempo de lectura\" \/>\n\t<meta name=\"twitter:data1\" content=\"2 minutos\" \/>\n<script type=\"application\/ld+json\" class=\"yoast-schema-graph\">{\"@context\":\"https:\/\/schema.org\",\"@graph\":[{\"@type\":\"WebPage\",\"@id\":\"https:\/\/tourtravelandmore.com\/es\/tours\/francia\/burdeos-es\/traslado-de-arribo-y-salida-de-bordeaux-al-aeropuerto\/\",\"url\":\"https:\/\/tourtravelandmore.com\/es\/tours\/francia\/burdeos-es\/traslado-de-arribo-y-salida-de-bordeaux-al-aeropuerto\/\",\"name\":\"Traslado de arribo y salida de Bordeaux al aeropuerto | TTM\",\"isPartOf\":{\"@id\":\"https:\/\/tourtravelandmore.com\/es\/#website\"},\"primaryImageOfPage\":{\"@id\":\"https:\/\/tourtravelandmore.com\/es\/tours\/francia\/burdeos-es\/traslado-de-arribo-y-salida-de-bordeaux-al-aeropuerto\/#primaryimage\"},\"image\":{\"@id\":\"https:\/\/tourtravelandmore.com\/es\/tours\/francia\/burdeos-es\/traslado-de-arribo-y-salida-de-bordeaux-al-aeropuerto\/#primaryimage\"},\"thumbnailUrl\":\"https:\/\/tourtravelandmore.com\/wp-content\/uploads\/2016\/10\/transfer-port-barcelonajpg.jpg\",\"datePublished\":\"2019-08-14T13:33:15+00:00\",\"dateModified\":\"2022-07-08T08:20:36+00:00\",\"description\":\"Con nuestro traslado en Bordeaux le ofrecemos la oportunidad de llegar a su destino, disfrutando de la comodidad de su veh\u00edculo privado de lujo \u2705\",\"breadcrumb\":{\"@id\":\"https:\/\/tourtravelandmore.com\/es\/tours\/francia\/burdeos-es\/traslado-de-arribo-y-salida-de-bordeaux-al-aeropuerto\/#breadcrumb\"},\"inLanguage\":\"es\",\"potentialAction\":[{\"@type\":\"ReadAction\",\"target\":[\"https:\/\/tourtravelandmore.com\/es\/tours\/francia\/burdeos-es\/traslado-de-arribo-y-salida-de-bordeaux-al-aeropuerto\/\"]}]},{\"@type\":\"ImageObject\",\"inLanguage\":\"es\",\"@id\":\"https:\/\/tourtravelandmore.com\/es\/tours\/francia\/burdeos-es\/traslado-de-arribo-y-salida-de-bordeaux-al-aeropuerto\/#primaryimage\",\"url\":\"https:\/\/tourtravelandmore.com\/wp-content\/uploads\/2016\/10\/transfer-port-barcelonajpg.jpg\",\"contentUrl\":\"https:\/\/tourtravelandmore.com\/wp-content\/uploads\/2016\/10\/transfer-port-barcelonajpg.jpg\",\"width\":955,\"height\":523,\"caption\":\"Private Transfer\"},{\"@type\":\"BreadcrumbList\",\"@id\":\"https:\/\/tourtravelandmore.com\/es\/tours\/francia\/burdeos-es\/traslado-de-arribo-y-salida-de-bordeaux-al-aeropuerto\/#breadcrumb\",\"itemListElement\":[{\"@type\":\"ListItem\",\"position\":1,\"name\":\"Home\",\"item\":\"https:\/\/tourtravelandmore.com\/es\/\"},{\"@type\":\"ListItem\",\"position\":2,\"name\":\"Tours\",\"item\":\"https:\/\/tourtravelandmore.com\/es\/tours\/\"},{\"@type\":\"ListItem\",\"position\":3,\"name\":\"Traslado de llegada y salida de Bordeaux\"}]},{\"@type\":\"WebSite\",\"@id\":\"https:\/\/tourtravelandmore.com\/es\/#website\",\"url\":\"https:\/\/tourtravelandmore.com\/es\/\",\"name\":\"Tour Travel And More\",\"description\":\"Private sightseeing tours and luxury transfers in Spain\",\"publisher\":{\"@id\":\"https:\/\/tourtravelandmore.com\/es\/#organization\"},\"potentialAction\":[{\"@type\":\"SearchAction\",\"target\":{\"@type\":\"EntryPoint\",\"urlTemplate\":\"https:\/\/tourtravelandmore.com\/es\/?s={search_term_string}\"},\"query-input\":{\"@type\":\"PropertyValueSpecification\",\"valueRequired\":true,\"valueName\":\"search_term_string\"}}],\"inLanguage\":\"es\"},{\"@type\":\"Organization\",\"@id\":\"https:\/\/tourtravelandmore.com\/es\/#organization\",\"name\":\"Tour Travel And More\",\"url\":\"https:\/\/tourtravelandmore.com\/es\/\",\"logo\":{\"@type\":\"ImageObject\",\"inLanguage\":\"es\",\"@id\":\"https:\/\/tourtravelandmore.com\/es\/#\/schema\/logo\/image\/\",\"url\":\"https:\/\/tourtravelandmore.com\/wp-content\/uploads\/2022\/12\/cropped-logo-cabecera-new.png\",\"contentUrl\":\"https:\/\/tourtravelandmore.com\/wp-content\/uploads\/2022\/12\/cropped-logo-cabecera-new.png\",\"width\":430,\"height\":61,\"caption\":\"Tour Travel And More\"},\"image\":{\"@id\":\"https:\/\/tourtravelandmore.com\/es\/#\/schema\/logo\/image\/\"},\"sameAs\":[\"https:\/\/www.facebook.com\/tourtravelandmore\/\",\"https:\/\/x.com\/TourTravel_More\"]}]}<\/script>\n<!-- \/ Yoast SEO Premium plugin. -->","yoast_head_json":{"title":"Traslado de arribo y salida de Bordeaux al aeropuerto | TTM","description":"Con nuestro traslado en Bordeaux le ofrecemos la oportunidad de llegar a su destino, disfrutando de la comodidad de su veh\u00edculo privado de lujo \u2705","robots":{"index":"index","follow":"follow","max-snippet":"max-snippet:-1","max-image-preview":"max-image-preview:large","max-video-preview":"max-video-preview:-1"},"canonical":"https:\/\/tourtravelandmore.com\/es\/tours\/francia\/burdeos-es\/traslado-de-arribo-y-salida-de-bordeaux-al-aeropuerto\/","og_locale":"es_ES","og_type":"article","og_title":"Traslado de llegada y salida de Bordeaux","og_description":"Con nuestro traslado en Bordeaux le ofrecemos la oportunidad de llegar a su destino, disfrutando de la comodidad de su veh\u00edculo privado de lujo \u2705","og_url":"https:\/\/tourtravelandmore.com\/es\/tours\/francia\/burdeos-es\/traslado-de-arribo-y-salida-de-bordeaux-al-aeropuerto\/","og_site_name":"Tour Travel And More","article_publisher":"https:\/\/www.facebook.com\/tourtravelandmore\/","article_modified_time":"2022-07-08T08:20:36+00:00","og_image":[{"width":955,"height":523,"url":"https:\/\/tourtravelandmore.com\/wp-content\/uploads\/2016\/10\/transfer-port-barcelonajpg.jpg","type":"image\/jpeg"}],"twitter_card":"summary_large_image","twitter_site":"@TourTravel_More","twitter_misc":{"Tiempo de lectura":"2 minutos"},"schema":{"@context":"https:\/\/schema.org","@graph":[{"@type":"WebPage","@id":"https:\/\/tourtravelandmore.com\/es\/tours\/francia\/burdeos-es\/traslado-de-arribo-y-salida-de-bordeaux-al-aeropuerto\/","url":"https:\/\/tourtravelandmore.com\/es\/tours\/francia\/burdeos-es\/traslado-de-arribo-y-salida-de-bordeaux-al-aeropuerto\/","name":"Traslado de arribo y salida de Bordeaux al aeropuerto | TTM","isPartOf":{"@id":"https:\/\/tourtravelandmore.com\/es\/#website"},"primaryImageOfPage":{"@id":"https:\/\/tourtravelandmore.com\/es\/tours\/francia\/burdeos-es\/traslado-de-arribo-y-salida-de-bordeaux-al-aeropuerto\/#primaryimage"},"image":{"@id":"https:\/\/tourtravelandmore.com\/es\/tours\/francia\/burdeos-es\/traslado-de-arribo-y-salida-de-bordeaux-al-aeropuerto\/#primaryimage"},"thumbnailUrl":"https:\/\/tourtravelandmore.com\/wp-content\/uploads\/2016\/10\/transfer-port-barcelonajpg.jpg","datePublished":"2019-08-14T13:33:15+00:00","dateModified":"2022-07-08T08:20:36+00:00","description":"Con nuestro traslado en Bordeaux le ofrecemos la oportunidad de llegar a su destino, disfrutando de la comodidad de su veh\u00edculo privado de lujo \u2705","breadcrumb":{"@id":"https:\/\/tourtravelandmore.com\/es\/tours\/francia\/burdeos-es\/traslado-de-arribo-y-salida-de-bordeaux-al-aeropuerto\/#breadcrumb"},"inLanguage":"es","potentialAction":[{"@type":"ReadAction","target":["https:\/\/tourtravelandmore.com\/es\/tours\/francia\/burdeos-es\/traslado-de-arribo-y-salida-de-bordeaux-al-aeropuerto\/"]}]},{"@type":"ImageObject","inLanguage":"es","@id":"https:\/\/tourtravelandmore.com\/es\/tours\/francia\/burdeos-es\/traslado-de-arribo-y-salida-de-bordeaux-al-aeropuerto\/#primaryimage","url":"https:\/\/tourtravelandmore.com\/wp-content\/uploads\/2016\/10\/transfer-port-barcelonajpg.jpg","contentUrl":"https:\/\/tourtravelandmore.com\/wp-content\/uploads\/2016\/10\/transfer-port-barcelonajpg.jpg","width":955,"height":523,"caption":"Private Transfer"},{"@type":"BreadcrumbList","@id":"https:\/\/tourtravelandmore.com\/es\/tours\/francia\/burdeos-es\/traslado-de-arribo-y-salida-de-bordeaux-al-aeropuerto\/#breadcrumb","itemListElement":[{"@type":"ListItem","position":1,"name":"Home","item":"https:\/\/tourtravelandmore.com\/es\/"},{"@type":"ListItem","position":2,"name":"Tours","item":"https:\/\/tourtravelandmore.com\/es\/tours\/"},{"@type":"ListItem","position":3,"name":"Traslado de llegada y salida de Bordeaux"}]},{"@type":"WebSite","@id":"https:\/\/tourtravelandmore.com\/es\/#website","url":"https:\/\/tourtravelandmore.com\/es\/","name":"Tour Travel And More","description":"Private sightseeing tours and luxury transfers in Spain","publisher":{"@id":"https:\/\/tourtravelandmore.com\/es\/#organization"},"potentialAction":[{"@type":"SearchAction","target":{"@type":"EntryPoint","urlTemplate":"https:\/\/tourtravelandmore.com\/es\/?s={search_term_string}"},"query-input":{"@type":"PropertyValueSpecification","valueRequired":true,"valueName":"search_term_string"}}],"inLanguage":"es"},{"@type":"Organization","@id":"https:\/\/tourtravelandmore.com\/es\/#organization","name":"Tour Travel And More","url":"https:\/\/tourtravelandmore.com\/es\/","logo":{"@type":"ImageObject","inLanguage":"es","@id":"https:\/\/tourtravelandmore.com\/es\/#\/schema\/logo\/image\/","url":"https:\/\/tourtravelandmore.com\/wp-content\/uploads\/2022\/12\/cropped-logo-cabecera-new.png","contentUrl":"https:\/\/tourtravelandmore.com\/wp-content\/uploads\/2022\/12\/cropped-logo-cabecera-new.png","width":430,"height":61,"caption":"Tour Travel And More"},"image":{"@id":"https:\/\/tourtravelandmore.com\/es\/#\/schema\/logo\/image\/"},"sameAs":["https:\/\/www.facebook.com\/tourtravelandmore\/","https:\/\/x.com\/TourTravel_More"]}]}},"_links":{"self":[{"href":"https:\/\/tourtravelandmore.com\/es\/wp-json\/wp\/v2\/product\/63666","targetHints":{"allow":["GET"]}}],"collection":[{"href":"https:\/\/tourtravelandmore.com\/es\/wp-json\/wp\/v2\/product"}],"about":[{"href":"https:\/\/tourtravelandmore.com\/es\/wp-json\/wp\/v2\/types\/product"}],"replies":[{"embeddable":true,"href":"https:\/\/tourtravelandmore.com\/es\/wp-json\/wp\/v2\/comments?post=63666"}],"wp:featuredmedia":[{"embeddable":true,"href":"https:\/\/tourtravelandmore.com\/es\/wp-json\/wp\/v2\/media\/8090"}],"wp:attachment":[{"href":"https:\/\/tourtravelandmore.com\/es\/wp-json\/wp\/v2\/media?parent=63666"}],"wp:term":[{"taxonomy":"product_brand","embeddable":true,"href":"https:\/\/tourtravelandmore.com\/es\/wp-json\/wp\/v2\/product_brand?post=63666"},{"taxonomy":"product_cat","embeddable":true,"href":"https:\/\/tourtravelandmore.com\/es\/wp-json\/wp\/v2\/product_cat?post=63666"},{"taxonomy":"product_tag","embeddable":true,"href":"https:\/\/tourtravelandmore.com\/es\/wp-json\/wp\/v2\/product_tag?post=63666"}],"curies":[{"name":"wp","href":"https:\/\/api.w.org\/{rel}","templated":true}]}}