{"id":63646,"date":"2019-08-14T14:54:23","date_gmt":"2019-08-14T12:54:23","guid":{"rendered":"https:\/\/tourtravelandmore.com\/?post_type=product&#038;p=63646"},"modified":"2020-11-10T22:50:34","modified_gmt":"2020-11-10T21:50:34","slug":"tour-bahia-de-arcachon-desde-burdeos-tour-privado","status":"publish","type":"product","link":"https:\/\/tourtravelandmore.com\/es\/tours\/francia\/burdeos-es\/tour-bahia-de-arcachon-desde-burdeos-tour-privado\/","title":{"rendered":"Tour privado de 8 horas por la bah\u00eda de Arcachon desde Burdeos"},"content":{"rendered":"<h2>Descripci\u00f3n:<\/h2>\n<p><span lang=\"es\"> Reserva este Tour bah\u00eda de Arcachon desde Burdeos!<\/span><\/p>\n<p><span lang=\"es\"> Comienza en la famosa y reconocida<strong> Duna de Pilat (Dune du Pyla)<\/strong> junto a su gu\u00eda tur\u00edstico oficial privado, quien tendr\u00e1 la amabilidad de mostrarle los deportes que se practican aqu\u00ed, as\u00ed como los mejores lugares donde puede tomar las mejores fotos, que desee durante su recorrido privado. <\/span><\/p>\n<p><span lang=\"es\">Organizaremos una recogida privada para usted y nos dirigiremos hacia esta ubicaci\u00f3n \u00fanica en la bah\u00eda de Arcachon.<\/span><\/p>\n<p><span lang=\"es\"> La recogida se realizar\u00e1 en su hotel o lugar de elecci\u00f3n en Burdeos. Tanto su conductor como su gu\u00eda tur\u00edstico lo estar\u00e1n esperando para comenzar este recorrido privado.<\/span><\/p>\n<p>La duraci\u00f3n de este <span lang=\"es\">Tour bah\u00eda de Arcachon desde Burdeos es de 4 Horas.<\/span><\/p>\n<h2><strong>Puntos de inter\u00e9s:<\/strong><\/h2>\n<p><span lang=\"es\">Descubrir\u00e1s algunos de los sitios m\u00e1s reconocidos de la bah\u00eda. donde ser\u00e1s testigo de la belleza natural que tienen las playas de Burdeos.<\/span><\/p>\n<p>Durante su recorrido privado descubrir\u00e1 algunos de los sitios m\u00e1s reconocidos de la bah\u00eda, donde ser\u00e1 testigo de su belleza natural que cuentan las playas de Burdeos.<\/p>\n<p>Entre los sitios que puede visitar le ofrecemos:<\/p>\n<ul>\n<li><strong>Duna de Pilat (Dune du Pyla)<\/strong><\/li>\n<li><strong>Parque Mauresque (Parc Mauresque)<\/strong><\/li>\n<li><strong>Isla de aves (\u00eele aux Oiseaux) <\/strong><\/li>\n<li><strong>Observatorio Saint C\u00e9cile<\/strong><\/li>\n<li><strong>Granjas ostr\u00edcolas<\/strong><\/li>\n<li><strong>Villas pesqueras de Cape Ferret<\/strong><\/li>\n<li><strong>El cabo Ferret<\/strong><\/li>\n<li>\u00a1Y mucho m\u00e1s!<\/li>\n<\/ul>\n<p><span lang=\"es\">T\u00f3mese un tiempo para disfrutar de esta \u00e1rea y pasee junto a su gu\u00eda tur\u00edstico. Luego lo llevaremos de regreso a su hotel o lugar de elecci\u00f3n en Burdeos.<\/span><\/p>\n<p><span lang=\"es\">Este tour privado por la bah\u00eda de Arcachon es completamente personalizable y privado para usted. Comun\u00edquese con nosotros en Tour Travel &amp; More para que su experiencia sea \u00fanica y ayude a organizar su recorrido privado. Nuestro ch\u00f3fer y gu\u00eda tur\u00edstico est\u00e1n a su disposici\u00f3n durante toda la experiencia.<\/span><\/p>\n<p>Si dispone de m\u00e1s d\u00edas en la ciudad de Burdeos, puedes consultar <a href=\"https:\/\/tourtravelandmore.com\/es\/ciudad\/francia\/burdeos-es\/\"><strong>aqu\u00ed<\/strong><\/a>, el resto de los tours privados que ofrecemos en la ciudad.<\/p>\n","protected":false},"excerpt":{"rendered":"<p>Avent\u00farese a disfrutar este <strong>tour privado de4 horas totalmente personalizado<\/strong> por la <strong>bah\u00eda de Arcachon<\/strong>, explore sus playas y deleite su paladar con las distintas ofertas de comida marina que ofrecen sus restaurantes. Durante su recorrido, su <strong>gu\u00eda oficial privado<\/strong> lo llevar\u00e1 a conocer cada rinc\u00f3n de la bah\u00eda, pasando desde la <strong>Isla de Aves<\/strong>, hasta la <strong>Duna de Pilat, <\/strong>a trav\u00e9s de la comodidad de su <strong>veh\u00edculo privado de lujo con chofer<\/strong>.<\/p>\n","protected":false},"featured_media":63697,"comment_status":"open","ping_status":"closed","template":"","meta":{"_acf_changed":false},"product_brand":[],"product_cat":[1211,1212,1213],"product_tag":[],"class_list":{"0":"post-63646","1":"product","2":"type-product","3":"status-publish","4":"has-post-thumbnail","6":"product_cat-burdeos-es","7":"product_cat-burdeos-actividades-es","8":"product_cat-burdeos-rutas-turisticas-privadas-es","10":"first","11":"instock","12":"shipping-taxable","13":"purchasable","14":"product-type-simple"},"acf":[],"yoast_head":"<!-- This site is optimized with the Yoast SEO Premium plugin v25.3.1 (Yoast SEO v25.3.1) - https:\/\/yoast.com\/wordpress\/plugins\/seo\/ -->\n<title>Tour bah\u00eda de Arcachon desde Burdeos - Tour privado<\/title>\n<meta name=\"description\" content=\"Reserva este Tour bah\u00eda de Arcachon desde Burdeos, junto a un guia privado y conozca sus bahias y playas m\u00e1s importantes de la zona.\" \/>\n<meta name=\"robots\" content=\"index, follow, max-snippet:-1, max-image-preview:large, max-video-preview:-1\" \/>\n<link rel=\"canonical\" href=\"https:\/\/tourtravelandmore.com\/es\/tours\/francia\/burdeos-es\/tour-bahia-de-arcachon-desde-burdeos-tour-privado\/\" \/>\n<meta property=\"og:locale\" content=\"es_ES\" \/>\n<meta property=\"og:type\" content=\"article\" \/>\n<meta property=\"og:title\" content=\"Tour privado de 8 horas por la bah\u00eda de Arcachon desde Burdeos\" \/>\n<meta property=\"og:description\" content=\"Reserva este Tour bah\u00eda de Arcachon desde Burdeos, junto a un guia privado y conozca sus bahias y playas m\u00e1s importantes de la zona.\" \/>\n<meta property=\"og:url\" content=\"https:\/\/tourtravelandmore.com\/es\/tours\/francia\/burdeos-es\/tour-bahia-de-arcachon-desde-burdeos-tour-privado\/\" \/>\n<meta property=\"og:site_name\" content=\"Tour Travel And More\" \/>\n<meta property=\"article:publisher\" content=\"https:\/\/www.facebook.com\/tourtravelandmore\/\" \/>\n<meta property=\"article:modified_time\" content=\"2020-11-10T21:50:34+00:00\" \/>\n<meta property=\"og:image\" content=\"https:\/\/tourtravelandmore.com\/wp-content\/uploads\/2019\/08\/arachon-main-2.jpg\" \/>\n\t<meta property=\"og:image:width\" content=\"1024\" \/>\n\t<meta property=\"og:image:height\" content=\"576\" \/>\n\t<meta property=\"og:image:type\" content=\"image\/jpeg\" \/>\n<meta name=\"twitter:card\" content=\"summary_large_image\" \/>\n<meta name=\"twitter:site\" content=\"@TourTravel_More\" \/>\n<meta name=\"twitter:label1\" content=\"Tiempo de lectura\" \/>\n\t<meta name=\"twitter:data1\" content=\"2 minutos\" \/>\n<script type=\"application\/ld+json\" class=\"yoast-schema-graph\">{\"@context\":\"https:\/\/schema.org\",\"@graph\":[{\"@type\":\"WebPage\",\"@id\":\"https:\/\/tourtravelandmore.com\/es\/tours\/francia\/burdeos-es\/tour-bahia-de-arcachon-desde-burdeos-tour-privado\/\",\"url\":\"https:\/\/tourtravelandmore.com\/es\/tours\/francia\/burdeos-es\/tour-bahia-de-arcachon-desde-burdeos-tour-privado\/\",\"name\":\"Tour bah\u00eda de Arcachon desde Burdeos - Tour privado\",\"isPartOf\":{\"@id\":\"https:\/\/tourtravelandmore.com\/es\/#website\"},\"primaryImageOfPage\":{\"@id\":\"https:\/\/tourtravelandmore.com\/es\/tours\/francia\/burdeos-es\/tour-bahia-de-arcachon-desde-burdeos-tour-privado\/#primaryimage\"},\"image\":{\"@id\":\"https:\/\/tourtravelandmore.com\/es\/tours\/francia\/burdeos-es\/tour-bahia-de-arcachon-desde-burdeos-tour-privado\/#primaryimage\"},\"thumbnailUrl\":\"https:\/\/tourtravelandmore.com\/wp-content\/uploads\/2019\/08\/arachon-main-2.jpg\",\"datePublished\":\"2019-08-14T12:54:23+00:00\",\"dateModified\":\"2020-11-10T21:50:34+00:00\",\"description\":\"Reserva este Tour bah\u00eda de Arcachon desde Burdeos, junto a un guia privado y conozca sus bahias y playas m\u00e1s importantes de la zona.\",\"breadcrumb\":{\"@id\":\"https:\/\/tourtravelandmore.com\/es\/tours\/francia\/burdeos-es\/tour-bahia-de-arcachon-desde-burdeos-tour-privado\/#breadcrumb\"},\"inLanguage\":\"es\",\"potentialAction\":[{\"@type\":\"ReadAction\",\"target\":[\"https:\/\/tourtravelandmore.com\/es\/tours\/francia\/burdeos-es\/tour-bahia-de-arcachon-desde-burdeos-tour-privado\/\"]}]},{\"@type\":\"ImageObject\",\"inLanguage\":\"es\",\"@id\":\"https:\/\/tourtravelandmore.com\/es\/tours\/francia\/burdeos-es\/tour-bahia-de-arcachon-desde-burdeos-tour-privado\/#primaryimage\",\"url\":\"https:\/\/tourtravelandmore.com\/wp-content\/uploads\/2019\/08\/arachon-main-2.jpg\",\"contentUrl\":\"https:\/\/tourtravelandmore.com\/wp-content\/uploads\/2019\/08\/arachon-main-2.jpg\",\"width\":1024,\"height\":576},{\"@type\":\"BreadcrumbList\",\"@id\":\"https:\/\/tourtravelandmore.com\/es\/tours\/francia\/burdeos-es\/tour-bahia-de-arcachon-desde-burdeos-tour-privado\/#breadcrumb\",\"itemListElement\":[{\"@type\":\"ListItem\",\"position\":1,\"name\":\"Home\",\"item\":\"https:\/\/tourtravelandmore.com\/es\/\"},{\"@type\":\"ListItem\",\"position\":2,\"name\":\"Tours\",\"item\":\"https:\/\/tourtravelandmore.com\/es\/tours\/\"},{\"@type\":\"ListItem\",\"position\":3,\"name\":\"Tour privado de 8 horas por la bah\u00eda de Arcachon desde Burdeos\"}]},{\"@type\":\"WebSite\",\"@id\":\"https:\/\/tourtravelandmore.com\/es\/#website\",\"url\":\"https:\/\/tourtravelandmore.com\/es\/\",\"name\":\"Tour Travel And More\",\"description\":\"Private sightseeing tours and luxury transfers in Spain\",\"publisher\":{\"@id\":\"https:\/\/tourtravelandmore.com\/es\/#organization\"},\"potentialAction\":[{\"@type\":\"SearchAction\",\"target\":{\"@type\":\"EntryPoint\",\"urlTemplate\":\"https:\/\/tourtravelandmore.com\/es\/?s={search_term_string}\"},\"query-input\":{\"@type\":\"PropertyValueSpecification\",\"valueRequired\":true,\"valueName\":\"search_term_string\"}}],\"inLanguage\":\"es\"},{\"@type\":\"Organization\",\"@id\":\"https:\/\/tourtravelandmore.com\/es\/#organization\",\"name\":\"Tour Travel And More\",\"url\":\"https:\/\/tourtravelandmore.com\/es\/\",\"logo\":{\"@type\":\"ImageObject\",\"inLanguage\":\"es\",\"@id\":\"https:\/\/tourtravelandmore.com\/es\/#\/schema\/logo\/image\/\",\"url\":\"https:\/\/tourtravelandmore.com\/wp-content\/uploads\/2022\/12\/cropped-logo-cabecera-new.png\",\"contentUrl\":\"https:\/\/tourtravelandmore.com\/wp-content\/uploads\/2022\/12\/cropped-logo-cabecera-new.png\",\"width\":430,\"height\":61,\"caption\":\"Tour Travel And More\"},\"image\":{\"@id\":\"https:\/\/tourtravelandmore.com\/es\/#\/schema\/logo\/image\/\"},\"sameAs\":[\"https:\/\/www.facebook.com\/tourtravelandmore\/\",\"https:\/\/x.com\/TourTravel_More\"]}]}<\/script>\n<!-- \/ Yoast SEO Premium plugin. -->","yoast_head_json":{"title":"Tour bah\u00eda de Arcachon desde Burdeos - Tour privado","description":"Reserva este Tour bah\u00eda de Arcachon desde Burdeos, junto a un guia privado y conozca sus bahias y playas m\u00e1s importantes de la zona.","robots":{"index":"index","follow":"follow","max-snippet":"max-snippet:-1","max-image-preview":"max-image-preview:large","max-video-preview":"max-video-preview:-1"},"canonical":"https:\/\/tourtravelandmore.com\/es\/tours\/francia\/burdeos-es\/tour-bahia-de-arcachon-desde-burdeos-tour-privado\/","og_locale":"es_ES","og_type":"article","og_title":"Tour privado de 8 horas por la bah\u00eda de Arcachon desde Burdeos","og_description":"Reserva este Tour bah\u00eda de Arcachon desde Burdeos, junto a un guia privado y conozca sus bahias y playas m\u00e1s importantes de la zona.","og_url":"https:\/\/tourtravelandmore.com\/es\/tours\/francia\/burdeos-es\/tour-bahia-de-arcachon-desde-burdeos-tour-privado\/","og_site_name":"Tour Travel And More","article_publisher":"https:\/\/www.facebook.com\/tourtravelandmore\/","article_modified_time":"2020-11-10T21:50:34+00:00","og_image":[{"width":1024,"height":576,"url":"https:\/\/tourtravelandmore.com\/wp-content\/uploads\/2019\/08\/arachon-main-2.jpg","type":"image\/jpeg"}],"twitter_card":"summary_large_image","twitter_site":"@TourTravel_More","twitter_misc":{"Tiempo de lectura":"2 minutos"},"schema":{"@context":"https:\/\/schema.org","@graph":[{"@type":"WebPage","@id":"https:\/\/tourtravelandmore.com\/es\/tours\/francia\/burdeos-es\/tour-bahia-de-arcachon-desde-burdeos-tour-privado\/","url":"https:\/\/tourtravelandmore.com\/es\/tours\/francia\/burdeos-es\/tour-bahia-de-arcachon-desde-burdeos-tour-privado\/","name":"Tour bah\u00eda de Arcachon desde Burdeos - Tour privado","isPartOf":{"@id":"https:\/\/tourtravelandmore.com\/es\/#website"},"primaryImageOfPage":{"@id":"https:\/\/tourtravelandmore.com\/es\/tours\/francia\/burdeos-es\/tour-bahia-de-arcachon-desde-burdeos-tour-privado\/#primaryimage"},"image":{"@id":"https:\/\/tourtravelandmore.com\/es\/tours\/francia\/burdeos-es\/tour-bahia-de-arcachon-desde-burdeos-tour-privado\/#primaryimage"},"thumbnailUrl":"https:\/\/tourtravelandmore.com\/wp-content\/uploads\/2019\/08\/arachon-main-2.jpg","datePublished":"2019-08-14T12:54:23+00:00","dateModified":"2020-11-10T21:50:34+00:00","description":"Reserva este Tour bah\u00eda de Arcachon desde Burdeos, junto a un guia privado y conozca sus bahias y playas m\u00e1s importantes de la zona.","breadcrumb":{"@id":"https:\/\/tourtravelandmore.com\/es\/tours\/francia\/burdeos-es\/tour-bahia-de-arcachon-desde-burdeos-tour-privado\/#breadcrumb"},"inLanguage":"es","potentialAction":[{"@type":"ReadAction","target":["https:\/\/tourtravelandmore.com\/es\/tours\/francia\/burdeos-es\/tour-bahia-de-arcachon-desde-burdeos-tour-privado\/"]}]},{"@type":"ImageObject","inLanguage":"es","@id":"https:\/\/tourtravelandmore.com\/es\/tours\/francia\/burdeos-es\/tour-bahia-de-arcachon-desde-burdeos-tour-privado\/#primaryimage","url":"https:\/\/tourtravelandmore.com\/wp-content\/uploads\/2019\/08\/arachon-main-2.jpg","contentUrl":"https:\/\/tourtravelandmore.com\/wp-content\/uploads\/2019\/08\/arachon-main-2.jpg","width":1024,"height":576},{"@type":"BreadcrumbList","@id":"https:\/\/tourtravelandmore.com\/es\/tours\/francia\/burdeos-es\/tour-bahia-de-arcachon-desde-burdeos-tour-privado\/#breadcrumb","itemListElement":[{"@type":"ListItem","position":1,"name":"Home","item":"https:\/\/tourtravelandmore.com\/es\/"},{"@type":"ListItem","position":2,"name":"Tours","item":"https:\/\/tourtravelandmore.com\/es\/tours\/"},{"@type":"ListItem","position":3,"name":"Tour privado de 8 horas por la bah\u00eda de Arcachon desde Burdeos"}]},{"@type":"WebSite","@id":"https:\/\/tourtravelandmore.com\/es\/#website","url":"https:\/\/tourtravelandmore.com\/es\/","name":"Tour Travel And More","description":"Private sightseeing tours and luxury transfers in Spain","publisher":{"@id":"https:\/\/tourtravelandmore.com\/es\/#organization"},"potentialAction":[{"@type":"SearchAction","target":{"@type":"EntryPoint","urlTemplate":"https:\/\/tourtravelandmore.com\/es\/?s={search_term_string}"},"query-input":{"@type":"PropertyValueSpecification","valueRequired":true,"valueName":"search_term_string"}}],"inLanguage":"es"},{"@type":"Organization","@id":"https:\/\/tourtravelandmore.com\/es\/#organization","name":"Tour Travel And More","url":"https:\/\/tourtravelandmore.com\/es\/","logo":{"@type":"ImageObject","inLanguage":"es","@id":"https:\/\/tourtravelandmore.com\/es\/#\/schema\/logo\/image\/","url":"https:\/\/tourtravelandmore.com\/wp-content\/uploads\/2022\/12\/cropped-logo-cabecera-new.png","contentUrl":"https:\/\/tourtravelandmore.com\/wp-content\/uploads\/2022\/12\/cropped-logo-cabecera-new.png","width":430,"height":61,"caption":"Tour Travel And More"},"image":{"@id":"https:\/\/tourtravelandmore.com\/es\/#\/schema\/logo\/image\/"},"sameAs":["https:\/\/www.facebook.com\/tourtravelandmore\/","https:\/\/x.com\/TourTravel_More"]}]}},"_links":{"self":[{"href":"https:\/\/tourtravelandmore.com\/es\/wp-json\/wp\/v2\/product\/63646","targetHints":{"allow":["GET"]}}],"collection":[{"href":"https:\/\/tourtravelandmore.com\/es\/wp-json\/wp\/v2\/product"}],"about":[{"href":"https:\/\/tourtravelandmore.com\/es\/wp-json\/wp\/v2\/types\/product"}],"replies":[{"embeddable":true,"href":"https:\/\/tourtravelandmore.com\/es\/wp-json\/wp\/v2\/comments?post=63646"}],"wp:featuredmedia":[{"embeddable":true,"href":"https:\/\/tourtravelandmore.com\/es\/wp-json\/wp\/v2\/media\/63697"}],"wp:attachment":[{"href":"https:\/\/tourtravelandmore.com\/es\/wp-json\/wp\/v2\/media?parent=63646"}],"wp:term":[{"taxonomy":"product_brand","embeddable":true,"href":"https:\/\/tourtravelandmore.com\/es\/wp-json\/wp\/v2\/product_brand?post=63646"},{"taxonomy":"product_cat","embeddable":true,"href":"https:\/\/tourtravelandmore.com\/es\/wp-json\/wp\/v2\/product_cat?post=63646"},{"taxonomy":"product_tag","embeddable":true,"href":"https:\/\/tourtravelandmore.com\/es\/wp-json\/wp\/v2\/product_tag?post=63646"}],"curies":[{"name":"wp","href":"https:\/\/api.w.org\/{rel}","templated":true}]}}