{"id":63626,"date":"2019-08-14T14:15:30","date_gmt":"2019-08-14T12:15:31","guid":{"rendered":"https:\/\/tourtravelandmore.com\/?post_type=product&#038;p=63626"},"modified":"2022-07-08T10:18:32","modified_gmt":"2022-07-08T08:18:32","slug":"tour-burdeos-con-guia-y-vehiculo-privado-y-entrada-a-una-bodega","status":"publish","type":"product","link":"https:\/\/tourtravelandmore.com\/es\/tours\/francia\/burdeos-es\/tour-burdeos-con-guia-y-vehiculo-privado-y-entrada-a-una-bodega\/","title":{"rendered":"Tour privado Burdeos Inclu\u00eddo un Vi\u00f1edo"},"content":{"rendered":"<h2>Descripci\u00f3n del Tour privado Burdeos Inclu\u00eddo un Vi\u00f1edo<\/h2>\n<p><span lang=\"es\">Reserve un<strong> city tour<\/strong> Burdeos con gu\u00eda y veh\u00edculo privado, para descubrir los lugares m\u00e1s emblem\u00e1ticos e impresionantes de la ciudad. <\/span><\/p>\n<p><span lang=\"es\">\u00a0Durante este recorrido, puede tomar las mejores fotos cuando y donde quiera a lo largo de su recorrido privado.<\/span><\/p>\n<p><span lang=\"es\"> Este tour Burdeos es totalmente privado, pueden escoger la hora y sitio de comienzo.<\/span><\/p>\n<p><span lang=\"es\">En primer lugar, organizaremos una recogida privada en su hotel o lugar de elecci\u00f3n en Burdeos. Luego comenzaremos este incre\u00edble city tour Privado Burdeos.<\/span><\/p>\n<p><span lang=\"es\">Disfrute de lo mejor de la ciudad antes de que terminemos el recorrido y lo llevemos de regreso a su hotel o lugar de elecci\u00f3n.<\/span><\/p>\n<p>La duraci\u00f3n de tour Burdeos, con gu\u00eda privado y veh\u00edculo es de 4 horas.<\/p>\n<p>Est\u00e1 incluido el acceso a una de las Bodegas de la ciudad.<\/p>\n<h4><strong>La ciudad de Bordeaux<\/strong><\/h4>\n<p>Burdeos se encuentra situado cerca de la costa atl\u00e1ntica, en el suroeste de Francia, bordeando al r\u00edo Garona. Es conocida tambi\u00e9n como el <em>\u201cPuerto de la Luna\u201d <\/em>dada su peculiar forma rom\u00e1ntica. Sus vi\u00f1edos poseen un \u00e1rea de 116.117 hect\u00e1reas, son el hogar de los m\u00e1s prestigiosos productores de vino del mundo. Al ser un sitio tan singular, es de esperarse que posea atributos resaltantes. Como la plaza de Quinconces, la m\u00e1s grande en Francia, o el puente Jacques Chaban-Delmas, el puente elevadizo vertical m\u00e1s largo de Europa. La agencia europea de seguros para viajes Globelink International Travel Insurance Consultants estim\u00f3 a la ciudad como el mejor destino tur\u00edstico en el continente para el 2015.<\/p>\n<h2>Puntos de inter\u00e9s en el Tour privado Burdeos Inclu\u00eddo un Vi\u00f1edo<\/h2>\n<p>Durante su recorrido privado descubrir\u00e1 algunos de los sitios m\u00e1s reconocidos de la ciudad, donde ser\u00e1 testigo de su belleza arquitect\u00f3nica tan singular y sus paisajes campestres.<\/p>\n<p>Entre los sitios que puede visitar le ofrecemos:<\/p>\n<ul>\n<li><strong>Boulevard de Sainte Catherine <\/strong><\/li>\n<li><strong>El gran teatro de Bordeaux (Le Grand Th\u00e9\u00e2tre)<\/strong><\/li>\n<li><strong>La plaza Bourse (Place de la Bourse)<\/strong><\/li>\n<li><strong>Plaza de Quinconces (Place des Quinconces)<\/strong><\/li>\n<li><strong>Bas\u00edlica de Saint-Seurin basilica<\/strong><\/li>\n<li><strong>El Museo de Bellas Artes <\/strong><\/li>\n<li><strong>Vi\u00f1edo de Margaux<\/strong><\/li>\n<li><strong>\u00a1Y mucho m\u00e1s!<\/strong><\/li>\n<\/ul>\n<p>Le ofrecemos visitar la finca <strong>Margaux<\/strong>, la cual ha producido vino al menos desde el siglo XVI con la llegada de la familia Lestonna. En este chateau se producen unas 30.000 cajas por a\u00f1o de uno de los vinos m\u00e1s caros del mundo, costando alrededor de 1.750 d\u00f3lares la botella cuando a\u00fan est\u00e1 en barrica.<\/p>\n<p>El tour es <strong>completamente personalizable. <\/strong>Cont\u00e1ctenos y haremos de su tour una experiencia \u00fanica y le ayudaremos a organizar su recorrido privado a su conveniencia. Ofrecemos tambi\u00e9n tours con disponibilidad de veh\u00edculo privado.<\/p>\n<p>Si dispone de m\u00e1s d\u00edas, puedes consultar <a href=\"https:\/\/tourtravelandmore.com\/es\/ciudad\/francia\/burdeos-es\/\"><strong>aqu\u00ed<\/strong><\/a>, el resto de los tours privados que ofrecemos en la ciudad.<\/p>\n","protected":false},"excerpt":{"rendered":"<p>Explore y disfrute de este <strong>tour privado de 4 horas totalmente personalizado<\/strong> por <strong>Burdeos<\/strong>, donde podr\u00e1 admirar la belleza urbana de sus calles medievales, monumentos y un <strong>vi\u00f1edo <\/strong>fuera de la ciudad.<\/p>\n","protected":false},"featured_media":63557,"comment_status":"open","ping_status":"closed","template":"","meta":{"_acf_changed":false},"product_brand":[],"product_cat":[1211,1212,1213],"product_tag":[],"class_list":{"0":"post-63626","1":"product","2":"type-product","3":"status-publish","4":"has-post-thumbnail","6":"product_cat-burdeos-es","7":"product_cat-burdeos-actividades-es","8":"product_cat-burdeos-rutas-turisticas-privadas-es","10":"first","11":"instock","12":"shipping-taxable","13":"purchasable","14":"product-type-simple"},"acf":[],"yoast_head":"<!-- This site is optimized with the Yoast SEO Premium plugin v25.3.1 (Yoast SEO v25.3.1) - https:\/\/yoast.com\/wordpress\/plugins\/seo\/ -->\n<title>Tour Burdeos con gu\u00eda y vehiculo privado y entrada a una Bodega | TTM<\/title>\n<meta name=\"description\" content=\"Explore Burdeos en este tour privado y disfrute la ciudad junto a un guia privado. Conozca sus monumentos y un vi\u00f1edo a las afueras de la ciudad \u2705\" \/>\n<meta name=\"robots\" content=\"index, follow, max-snippet:-1, max-image-preview:large, max-video-preview:-1\" \/>\n<link rel=\"canonical\" href=\"https:\/\/tourtravelandmore.com\/es\/tours\/francia\/burdeos-es\/tour-burdeos-con-guia-y-vehiculo-privado-y-entrada-a-una-bodega\/\" \/>\n<meta property=\"og:locale\" content=\"es_ES\" \/>\n<meta property=\"og:type\" content=\"article\" \/>\n<meta property=\"og:title\" content=\"Tour privado Burdeos Inclu\u00eddo un Vi\u00f1edo\" \/>\n<meta property=\"og:description\" content=\"Explore Burdeos en este tour privado y disfrute la ciudad junto a un guia privado. Conozca sus monumentos y un vi\u00f1edo a las afueras de la ciudad \u2705\" \/>\n<meta property=\"og:url\" content=\"https:\/\/tourtravelandmore.com\/es\/tours\/francia\/burdeos-es\/tour-burdeos-con-guia-y-vehiculo-privado-y-entrada-a-una-bodega\/\" \/>\n<meta property=\"og:site_name\" content=\"Tour Travel And More\" \/>\n<meta property=\"article:publisher\" content=\"https:\/\/www.facebook.com\/tourtravelandmore\/\" \/>\n<meta property=\"article:modified_time\" content=\"2022-07-08T08:18:32+00:00\" \/>\n<meta property=\"og:image\" content=\"https:\/\/tourtravelandmore.com\/wp-content\/uploads\/2019\/08\/burdeos-2.jpg\" \/>\n\t<meta property=\"og:image:width\" content=\"800\" \/>\n\t<meta property=\"og:image:height\" content=\"533\" \/>\n\t<meta property=\"og:image:type\" content=\"image\/jpeg\" \/>\n<meta name=\"twitter:card\" content=\"summary_large_image\" \/>\n<meta name=\"twitter:site\" content=\"@TourTravel_More\" \/>\n<meta name=\"twitter:label1\" content=\"Tiempo de lectura\" \/>\n\t<meta name=\"twitter:data1\" content=\"2 minutos\" \/>\n<script type=\"application\/ld+json\" class=\"yoast-schema-graph\">{\"@context\":\"https:\/\/schema.org\",\"@graph\":[{\"@type\":\"WebPage\",\"@id\":\"https:\/\/tourtravelandmore.com\/es\/tours\/francia\/burdeos-es\/tour-burdeos-con-guia-y-vehiculo-privado-y-entrada-a-una-bodega\/\",\"url\":\"https:\/\/tourtravelandmore.com\/es\/tours\/francia\/burdeos-es\/tour-burdeos-con-guia-y-vehiculo-privado-y-entrada-a-una-bodega\/\",\"name\":\"Tour Burdeos con gu\u00eda y vehiculo privado y entrada a una Bodega | TTM\",\"isPartOf\":{\"@id\":\"https:\/\/tourtravelandmore.com\/es\/#website\"},\"primaryImageOfPage\":{\"@id\":\"https:\/\/tourtravelandmore.com\/es\/tours\/francia\/burdeos-es\/tour-burdeos-con-guia-y-vehiculo-privado-y-entrada-a-una-bodega\/#primaryimage\"},\"image\":{\"@id\":\"https:\/\/tourtravelandmore.com\/es\/tours\/francia\/burdeos-es\/tour-burdeos-con-guia-y-vehiculo-privado-y-entrada-a-una-bodega\/#primaryimage\"},\"thumbnailUrl\":\"https:\/\/tourtravelandmore.com\/wp-content\/uploads\/2019\/08\/burdeos-2.jpg\",\"datePublished\":\"2019-08-14T12:15:31+00:00\",\"dateModified\":\"2022-07-08T08:18:32+00:00\",\"description\":\"Explore Burdeos en este tour privado y disfrute la ciudad junto a un guia privado. Conozca sus monumentos y un vi\u00f1edo a las afueras de la ciudad \u2705\",\"breadcrumb\":{\"@id\":\"https:\/\/tourtravelandmore.com\/es\/tours\/francia\/burdeos-es\/tour-burdeos-con-guia-y-vehiculo-privado-y-entrada-a-una-bodega\/#breadcrumb\"},\"inLanguage\":\"es\",\"potentialAction\":[{\"@type\":\"ReadAction\",\"target\":[\"https:\/\/tourtravelandmore.com\/es\/tours\/francia\/burdeos-es\/tour-burdeos-con-guia-y-vehiculo-privado-y-entrada-a-una-bodega\/\"]}]},{\"@type\":\"ImageObject\",\"inLanguage\":\"es\",\"@id\":\"https:\/\/tourtravelandmore.com\/es\/tours\/francia\/burdeos-es\/tour-burdeos-con-guia-y-vehiculo-privado-y-entrada-a-una-bodega\/#primaryimage\",\"url\":\"https:\/\/tourtravelandmore.com\/wp-content\/uploads\/2019\/08\/burdeos-2.jpg\",\"contentUrl\":\"https:\/\/tourtravelandmore.com\/wp-content\/uploads\/2019\/08\/burdeos-2.jpg\",\"width\":800,\"height\":533},{\"@type\":\"BreadcrumbList\",\"@id\":\"https:\/\/tourtravelandmore.com\/es\/tours\/francia\/burdeos-es\/tour-burdeos-con-guia-y-vehiculo-privado-y-entrada-a-una-bodega\/#breadcrumb\",\"itemListElement\":[{\"@type\":\"ListItem\",\"position\":1,\"name\":\"Home\",\"item\":\"https:\/\/tourtravelandmore.com\/es\/\"},{\"@type\":\"ListItem\",\"position\":2,\"name\":\"Tours\",\"item\":\"https:\/\/tourtravelandmore.com\/es\/tours\/\"},{\"@type\":\"ListItem\",\"position\":3,\"name\":\"Tour privado Burdeos Inclu\u00eddo un Vi\u00f1edo\"}]},{\"@type\":\"WebSite\",\"@id\":\"https:\/\/tourtravelandmore.com\/es\/#website\",\"url\":\"https:\/\/tourtravelandmore.com\/es\/\",\"name\":\"Tour Travel And More\",\"description\":\"Private sightseeing tours and luxury transfers in Spain\",\"publisher\":{\"@id\":\"https:\/\/tourtravelandmore.com\/es\/#organization\"},\"potentialAction\":[{\"@type\":\"SearchAction\",\"target\":{\"@type\":\"EntryPoint\",\"urlTemplate\":\"https:\/\/tourtravelandmore.com\/es\/?s={search_term_string}\"},\"query-input\":{\"@type\":\"PropertyValueSpecification\",\"valueRequired\":true,\"valueName\":\"search_term_string\"}}],\"inLanguage\":\"es\"},{\"@type\":\"Organization\",\"@id\":\"https:\/\/tourtravelandmore.com\/es\/#organization\",\"name\":\"Tour Travel And More\",\"url\":\"https:\/\/tourtravelandmore.com\/es\/\",\"logo\":{\"@type\":\"ImageObject\",\"inLanguage\":\"es\",\"@id\":\"https:\/\/tourtravelandmore.com\/es\/#\/schema\/logo\/image\/\",\"url\":\"https:\/\/tourtravelandmore.com\/wp-content\/uploads\/2022\/12\/cropped-logo-cabecera-new.png\",\"contentUrl\":\"https:\/\/tourtravelandmore.com\/wp-content\/uploads\/2022\/12\/cropped-logo-cabecera-new.png\",\"width\":430,\"height\":61,\"caption\":\"Tour Travel And More\"},\"image\":{\"@id\":\"https:\/\/tourtravelandmore.com\/es\/#\/schema\/logo\/image\/\"},\"sameAs\":[\"https:\/\/www.facebook.com\/tourtravelandmore\/\",\"https:\/\/x.com\/TourTravel_More\"]}]}<\/script>\n<!-- \/ Yoast SEO Premium plugin. -->","yoast_head_json":{"title":"Tour Burdeos con gu\u00eda y vehiculo privado y entrada a una Bodega | TTM","description":"Explore Burdeos en este tour privado y disfrute la ciudad junto a un guia privado. Conozca sus monumentos y un vi\u00f1edo a las afueras de la ciudad \u2705","robots":{"index":"index","follow":"follow","max-snippet":"max-snippet:-1","max-image-preview":"max-image-preview:large","max-video-preview":"max-video-preview:-1"},"canonical":"https:\/\/tourtravelandmore.com\/es\/tours\/francia\/burdeos-es\/tour-burdeos-con-guia-y-vehiculo-privado-y-entrada-a-una-bodega\/","og_locale":"es_ES","og_type":"article","og_title":"Tour privado Burdeos Inclu\u00eddo un Vi\u00f1edo","og_description":"Explore Burdeos en este tour privado y disfrute la ciudad junto a un guia privado. Conozca sus monumentos y un vi\u00f1edo a las afueras de la ciudad \u2705","og_url":"https:\/\/tourtravelandmore.com\/es\/tours\/francia\/burdeos-es\/tour-burdeos-con-guia-y-vehiculo-privado-y-entrada-a-una-bodega\/","og_site_name":"Tour Travel And More","article_publisher":"https:\/\/www.facebook.com\/tourtravelandmore\/","article_modified_time":"2022-07-08T08:18:32+00:00","og_image":[{"width":800,"height":533,"url":"https:\/\/tourtravelandmore.com\/wp-content\/uploads\/2019\/08\/burdeos-2.jpg","type":"image\/jpeg"}],"twitter_card":"summary_large_image","twitter_site":"@TourTravel_More","twitter_misc":{"Tiempo de lectura":"2 minutos"},"schema":{"@context":"https:\/\/schema.org","@graph":[{"@type":"WebPage","@id":"https:\/\/tourtravelandmore.com\/es\/tours\/francia\/burdeos-es\/tour-burdeos-con-guia-y-vehiculo-privado-y-entrada-a-una-bodega\/","url":"https:\/\/tourtravelandmore.com\/es\/tours\/francia\/burdeos-es\/tour-burdeos-con-guia-y-vehiculo-privado-y-entrada-a-una-bodega\/","name":"Tour Burdeos con gu\u00eda y vehiculo privado y entrada a una Bodega | TTM","isPartOf":{"@id":"https:\/\/tourtravelandmore.com\/es\/#website"},"primaryImageOfPage":{"@id":"https:\/\/tourtravelandmore.com\/es\/tours\/francia\/burdeos-es\/tour-burdeos-con-guia-y-vehiculo-privado-y-entrada-a-una-bodega\/#primaryimage"},"image":{"@id":"https:\/\/tourtravelandmore.com\/es\/tours\/francia\/burdeos-es\/tour-burdeos-con-guia-y-vehiculo-privado-y-entrada-a-una-bodega\/#primaryimage"},"thumbnailUrl":"https:\/\/tourtravelandmore.com\/wp-content\/uploads\/2019\/08\/burdeos-2.jpg","datePublished":"2019-08-14T12:15:31+00:00","dateModified":"2022-07-08T08:18:32+00:00","description":"Explore Burdeos en este tour privado y disfrute la ciudad junto a un guia privado. Conozca sus monumentos y un vi\u00f1edo a las afueras de la ciudad \u2705","breadcrumb":{"@id":"https:\/\/tourtravelandmore.com\/es\/tours\/francia\/burdeos-es\/tour-burdeos-con-guia-y-vehiculo-privado-y-entrada-a-una-bodega\/#breadcrumb"},"inLanguage":"es","potentialAction":[{"@type":"ReadAction","target":["https:\/\/tourtravelandmore.com\/es\/tours\/francia\/burdeos-es\/tour-burdeos-con-guia-y-vehiculo-privado-y-entrada-a-una-bodega\/"]}]},{"@type":"ImageObject","inLanguage":"es","@id":"https:\/\/tourtravelandmore.com\/es\/tours\/francia\/burdeos-es\/tour-burdeos-con-guia-y-vehiculo-privado-y-entrada-a-una-bodega\/#primaryimage","url":"https:\/\/tourtravelandmore.com\/wp-content\/uploads\/2019\/08\/burdeos-2.jpg","contentUrl":"https:\/\/tourtravelandmore.com\/wp-content\/uploads\/2019\/08\/burdeos-2.jpg","width":800,"height":533},{"@type":"BreadcrumbList","@id":"https:\/\/tourtravelandmore.com\/es\/tours\/francia\/burdeos-es\/tour-burdeos-con-guia-y-vehiculo-privado-y-entrada-a-una-bodega\/#breadcrumb","itemListElement":[{"@type":"ListItem","position":1,"name":"Home","item":"https:\/\/tourtravelandmore.com\/es\/"},{"@type":"ListItem","position":2,"name":"Tours","item":"https:\/\/tourtravelandmore.com\/es\/tours\/"},{"@type":"ListItem","position":3,"name":"Tour privado Burdeos Inclu\u00eddo un Vi\u00f1edo"}]},{"@type":"WebSite","@id":"https:\/\/tourtravelandmore.com\/es\/#website","url":"https:\/\/tourtravelandmore.com\/es\/","name":"Tour Travel And More","description":"Private sightseeing tours and luxury transfers in Spain","publisher":{"@id":"https:\/\/tourtravelandmore.com\/es\/#organization"},"potentialAction":[{"@type":"SearchAction","target":{"@type":"EntryPoint","urlTemplate":"https:\/\/tourtravelandmore.com\/es\/?s={search_term_string}"},"query-input":{"@type":"PropertyValueSpecification","valueRequired":true,"valueName":"search_term_string"}}],"inLanguage":"es"},{"@type":"Organization","@id":"https:\/\/tourtravelandmore.com\/es\/#organization","name":"Tour Travel And More","url":"https:\/\/tourtravelandmore.com\/es\/","logo":{"@type":"ImageObject","inLanguage":"es","@id":"https:\/\/tourtravelandmore.com\/es\/#\/schema\/logo\/image\/","url":"https:\/\/tourtravelandmore.com\/wp-content\/uploads\/2022\/12\/cropped-logo-cabecera-new.png","contentUrl":"https:\/\/tourtravelandmore.com\/wp-content\/uploads\/2022\/12\/cropped-logo-cabecera-new.png","width":430,"height":61,"caption":"Tour Travel And More"},"image":{"@id":"https:\/\/tourtravelandmore.com\/es\/#\/schema\/logo\/image\/"},"sameAs":["https:\/\/www.facebook.com\/tourtravelandmore\/","https:\/\/x.com\/TourTravel_More"]}]}},"_links":{"self":[{"href":"https:\/\/tourtravelandmore.com\/es\/wp-json\/wp\/v2\/product\/63626","targetHints":{"allow":["GET"]}}],"collection":[{"href":"https:\/\/tourtravelandmore.com\/es\/wp-json\/wp\/v2\/product"}],"about":[{"href":"https:\/\/tourtravelandmore.com\/es\/wp-json\/wp\/v2\/types\/product"}],"replies":[{"embeddable":true,"href":"https:\/\/tourtravelandmore.com\/es\/wp-json\/wp\/v2\/comments?post=63626"}],"wp:featuredmedia":[{"embeddable":true,"href":"https:\/\/tourtravelandmore.com\/es\/wp-json\/wp\/v2\/media\/63557"}],"wp:attachment":[{"href":"https:\/\/tourtravelandmore.com\/es\/wp-json\/wp\/v2\/media?parent=63626"}],"wp:term":[{"taxonomy":"product_brand","embeddable":true,"href":"https:\/\/tourtravelandmore.com\/es\/wp-json\/wp\/v2\/product_brand?post=63626"},{"taxonomy":"product_cat","embeddable":true,"href":"https:\/\/tourtravelandmore.com\/es\/wp-json\/wp\/v2\/product_cat?post=63626"},{"taxonomy":"product_tag","embeddable":true,"href":"https:\/\/tourtravelandmore.com\/es\/wp-json\/wp\/v2\/product_tag?post=63626"}],"curies":[{"name":"wp","href":"https:\/\/api.w.org\/{rel}","templated":true}]}}