{"id":63592,"date":"2019-08-14T12:55:14","date_gmt":"2019-08-14T10:55:15","guid":{"rendered":"https:\/\/tourtravelandmore.com\/?post_type=product&#038;p=63592"},"modified":"2022-07-08T10:14:46","modified_gmt":"2022-07-08T08:14:46","slug":"tour-privado-medoc-y-entrada-a-dos-vinedos-desde-burdeos","status":"publish","type":"product","link":"https:\/\/tourtravelandmore.com\/es\/tours\/francia\/burdeos-es\/tour-privado-medoc-y-entrada-a-dos-vinedos-desde-burdeos\/","title":{"rendered":"Tour privado a M\u00e9doc y Desgutaci\u00f3n en dos Bodegas desde Burdeos"},"content":{"rendered":"<h2>Descripci\u00f3n del Tour privado a M\u00e9doc y Desgutaci\u00f3n en dos Bodegas desde Burdeos<\/h2>\n<p>Disfruta de este tour privado Medoc y descubre est\u00e1 regi\u00f3n Vin\u00edcola \u00fanica, ya que accederes a dos Bodegas de la Zona y podr\u00e1s conocer el funcionamiento de la Bodega y realizar una cata de sus vinos m\u00e1s importantes.<\/p>\n<p>La regi\u00f3n de M\u00e9doc es igual de espl\u00e9ndida gracias a su abundancia de variedades de uva, entre las que se incluyen cabernet sauvignon y merlot y, en menor medida, petit verdot y malbec. Sus 5.700 hect\u00e1reas de vi\u00f1edos tambi\u00e9n albergan algunas de las mejores uvas de las variedades cabernet franc y carm\u00e9n\u00e8re.<\/p>\n<p>Este tour privado saldr\u00e1 hacia las denominaciones de Margaux y Haut M\u00e9doc, donde se elabora el vino clasificado como 1.er Grand Cru Class\u00e9: Ch\u00e2teau Margaux. Disfruta de la oportunidad de probar 2 vinos de <em>chateau<\/em> de cosecha clasificada, el Cru Class\u00e9 y Cru Bourgeois, con cabernet sauvignon como variedad predominante. Conoce la cultura y la historia del vino franc\u00e9s durante la cata gracias a los comentarios de tu gu\u00eda. Estos vinos son realmente excelentes gracias a su perfumado aroma, algo que nunca olvidar\u00e1s si haces este espl\u00e9ndido tour enol\u00f3gico.<\/p>\n<p>La duraci\u00f3n de este tour privado Medoc es de 8 horas, al ser un tour privado pueden escoger la hora y lugar de comienzo.<\/p>\n<h2>Puntos de inter\u00e9s en el Tour privado a M\u00e9doc y Desgutaci\u00f3n en dos Bodegas<\/h2>\n<p>La primera parada es el chateau <strong>Margaux<\/strong>, la cual ha producido vino al menos desde el siglo XVI. En este chateau se producen unas 30.000 cajas por a\u00f1o de uno de los vinos m\u00e1s caros del mundo. Este vino ostenta alrededor de 1.750 d\u00f3lares la botella cuando a\u00fan est\u00e1 en barrica. Pasamos despu\u00e9s a recorrer el vi\u00f1ero de <strong>Saint-Julien<\/strong>, el m\u00e1s peque\u00f1o dentro de la regi\u00f3n pero no menos importante, ya que es el \u00fanico en tener el 85\u202f% de sus cultivos clasificados.<\/p>\n<p>Si dispone de m\u00e1s d\u00edas en Burdeos, consulta <a href=\"https:\/\/tourtravelandmore.com\/es\/ciudad\/francia\/burdeos-es\/\"><strong>aqu\u00ed<\/strong><\/a> nuestra lista de tours privados de la ciudad.<\/p>\n","protected":false},"excerpt":{"rendered":"<p>\u00danase a nosotros en esta <strong>excursi\u00f3n completamente privada <\/strong>por <strong>M\u00e9doc, <\/strong>una <strong>regi\u00f3n vitivin\u00edcola <\/strong>cercana a unos 60 minutos de <strong>Burdeos<\/strong>. A lo largo del recorrido, disfrutar\u00e1 <strong>de dos vi\u00f1eros<\/strong> en donde podr\u00e1 catar la calidad del vino franc\u00e9s. Tenemos a su disposici\u00f3n veh\u00edculos privados con conductor que pueden recogerlo desde donde lo necesite y ofrecerle una experiencia inolvidable.<\/p>\n","protected":false},"featured_media":63610,"comment_status":"open","ping_status":"closed","template":"","meta":{"_acf_changed":false},"product_brand":[],"product_cat":[1211,1212,1213,1214],"product_tag":[],"class_list":{"0":"post-63592","1":"product","2":"type-product","3":"status-publish","4":"has-post-thumbnail","6":"product_cat-burdeos-es","7":"product_cat-burdeos-actividades-es","8":"product_cat-burdeos-rutas-turisticas-privadas-es","9":"product_cat-burdeos-excursiones-privadas-cruceros-es","11":"first","12":"instock","13":"shipping-taxable","14":"purchasable","15":"product-type-simple"},"acf":[],"yoast_head":"<!-- This site is optimized with the Yoast SEO Premium plugin v25.3.1 (Yoast SEO v25.3.1) - https:\/\/yoast.com\/wordpress\/plugins\/seo\/ -->\n<title>Tour privado Medoc y entrada a dos vi\u00f1edos desde Burdeos | TTM<\/title>\n<meta name=\"description\" content=\"Disfrute en este Tour privado Medoc y realiza este tour centrado en el Vino, ya que incluye acceso a dos Bodegas de la Zona para realizar un cata \u2705\" \/>\n<meta name=\"robots\" content=\"index, follow, max-snippet:-1, max-image-preview:large, max-video-preview:-1\" \/>\n<link rel=\"canonical\" href=\"https:\/\/tourtravelandmore.com\/es\/tours\/francia\/burdeos-es\/tour-privado-medoc-y-entrada-a-dos-vinedos-desde-burdeos\/\" \/>\n<meta property=\"og:locale\" content=\"es_ES\" \/>\n<meta property=\"og:type\" content=\"article\" \/>\n<meta property=\"og:title\" content=\"Tour privado a M\u00e9doc y Desgutaci\u00f3n en dos Bodegas desde Burdeos\" \/>\n<meta property=\"og:description\" content=\"Disfrute en este Tour privado Medoc y realiza este tour centrado en el Vino, ya que incluye acceso a dos Bodegas de la Zona para realizar un cata \u2705\" \/>\n<meta property=\"og:url\" content=\"https:\/\/tourtravelandmore.com\/es\/tours\/francia\/burdeos-es\/tour-privado-medoc-y-entrada-a-dos-vinedos-desde-burdeos\/\" \/>\n<meta property=\"og:site_name\" content=\"Tour Travel And More\" \/>\n<meta property=\"article:publisher\" content=\"https:\/\/www.facebook.com\/tourtravelandmore\/\" \/>\n<meta property=\"article:modified_time\" content=\"2022-07-08T08:14:46+00:00\" \/>\n<meta property=\"og:image\" content=\"https:\/\/tourtravelandmore.com\/wp-content\/uploads\/2019\/08\/medco.jpeg\" \/>\n\t<meta property=\"og:image:width\" content=\"1880\" \/>\n\t<meta property=\"og:image:height\" content=\"1251\" \/>\n\t<meta property=\"og:image:type\" content=\"image\/jpeg\" \/>\n<meta name=\"twitter:card\" content=\"summary_large_image\" \/>\n<meta name=\"twitter:site\" content=\"@TourTravel_More\" \/>\n<meta name=\"twitter:label1\" content=\"Tiempo de lectura\" \/>\n\t<meta name=\"twitter:data1\" content=\"2 minutos\" \/>\n<script type=\"application\/ld+json\" class=\"yoast-schema-graph\">{\"@context\":\"https:\/\/schema.org\",\"@graph\":[{\"@type\":\"WebPage\",\"@id\":\"https:\/\/tourtravelandmore.com\/es\/tours\/francia\/burdeos-es\/tour-privado-medoc-y-entrada-a-dos-vinedos-desde-burdeos\/\",\"url\":\"https:\/\/tourtravelandmore.com\/es\/tours\/francia\/burdeos-es\/tour-privado-medoc-y-entrada-a-dos-vinedos-desde-burdeos\/\",\"name\":\"Tour privado Medoc y entrada a dos vi\u00f1edos desde Burdeos | TTM\",\"isPartOf\":{\"@id\":\"https:\/\/tourtravelandmore.com\/es\/#website\"},\"primaryImageOfPage\":{\"@id\":\"https:\/\/tourtravelandmore.com\/es\/tours\/francia\/burdeos-es\/tour-privado-medoc-y-entrada-a-dos-vinedos-desde-burdeos\/#primaryimage\"},\"image\":{\"@id\":\"https:\/\/tourtravelandmore.com\/es\/tours\/francia\/burdeos-es\/tour-privado-medoc-y-entrada-a-dos-vinedos-desde-burdeos\/#primaryimage\"},\"thumbnailUrl\":\"https:\/\/tourtravelandmore.com\/wp-content\/uploads\/2019\/08\/medco.jpeg\",\"datePublished\":\"2019-08-14T10:55:15+00:00\",\"dateModified\":\"2022-07-08T08:14:46+00:00\",\"description\":\"Disfrute en este Tour privado Medoc y realiza este tour centrado en el Vino, ya que incluye acceso a dos Bodegas de la Zona para realizar un cata \u2705\",\"breadcrumb\":{\"@id\":\"https:\/\/tourtravelandmore.com\/es\/tours\/francia\/burdeos-es\/tour-privado-medoc-y-entrada-a-dos-vinedos-desde-burdeos\/#breadcrumb\"},\"inLanguage\":\"es\",\"potentialAction\":[{\"@type\":\"ReadAction\",\"target\":[\"https:\/\/tourtravelandmore.com\/es\/tours\/francia\/burdeos-es\/tour-privado-medoc-y-entrada-a-dos-vinedos-desde-burdeos\/\"]}]},{\"@type\":\"ImageObject\",\"inLanguage\":\"es\",\"@id\":\"https:\/\/tourtravelandmore.com\/es\/tours\/francia\/burdeos-es\/tour-privado-medoc-y-entrada-a-dos-vinedos-desde-burdeos\/#primaryimage\",\"url\":\"https:\/\/tourtravelandmore.com\/wp-content\/uploads\/2019\/08\/medco.jpeg\",\"contentUrl\":\"https:\/\/tourtravelandmore.com\/wp-content\/uploads\/2019\/08\/medco.jpeg\",\"width\":1880,\"height\":1251},{\"@type\":\"BreadcrumbList\",\"@id\":\"https:\/\/tourtravelandmore.com\/es\/tours\/francia\/burdeos-es\/tour-privado-medoc-y-entrada-a-dos-vinedos-desde-burdeos\/#breadcrumb\",\"itemListElement\":[{\"@type\":\"ListItem\",\"position\":1,\"name\":\"Home\",\"item\":\"https:\/\/tourtravelandmore.com\/es\/\"},{\"@type\":\"ListItem\",\"position\":2,\"name\":\"Tours\",\"item\":\"https:\/\/tourtravelandmore.com\/es\/tours\/\"},{\"@type\":\"ListItem\",\"position\":3,\"name\":\"Tour privado a M\u00e9doc y Desgutaci\u00f3n en dos Bodegas desde Burdeos\"}]},{\"@type\":\"WebSite\",\"@id\":\"https:\/\/tourtravelandmore.com\/es\/#website\",\"url\":\"https:\/\/tourtravelandmore.com\/es\/\",\"name\":\"Tour Travel And More\",\"description\":\"Private sightseeing tours and luxury transfers in Spain\",\"publisher\":{\"@id\":\"https:\/\/tourtravelandmore.com\/es\/#organization\"},\"potentialAction\":[{\"@type\":\"SearchAction\",\"target\":{\"@type\":\"EntryPoint\",\"urlTemplate\":\"https:\/\/tourtravelandmore.com\/es\/?s={search_term_string}\"},\"query-input\":{\"@type\":\"PropertyValueSpecification\",\"valueRequired\":true,\"valueName\":\"search_term_string\"}}],\"inLanguage\":\"es\"},{\"@type\":\"Organization\",\"@id\":\"https:\/\/tourtravelandmore.com\/es\/#organization\",\"name\":\"Tour Travel And More\",\"url\":\"https:\/\/tourtravelandmore.com\/es\/\",\"logo\":{\"@type\":\"ImageObject\",\"inLanguage\":\"es\",\"@id\":\"https:\/\/tourtravelandmore.com\/es\/#\/schema\/logo\/image\/\",\"url\":\"https:\/\/tourtravelandmore.com\/wp-content\/uploads\/2022\/12\/cropped-logo-cabecera-new.png\",\"contentUrl\":\"https:\/\/tourtravelandmore.com\/wp-content\/uploads\/2022\/12\/cropped-logo-cabecera-new.png\",\"width\":430,\"height\":61,\"caption\":\"Tour Travel And More\"},\"image\":{\"@id\":\"https:\/\/tourtravelandmore.com\/es\/#\/schema\/logo\/image\/\"},\"sameAs\":[\"https:\/\/www.facebook.com\/tourtravelandmore\/\",\"https:\/\/x.com\/TourTravel_More\"]}]}<\/script>\n<!-- \/ Yoast SEO Premium plugin. -->","yoast_head_json":{"title":"Tour privado Medoc y entrada a dos vi\u00f1edos desde Burdeos | TTM","description":"Disfrute en este Tour privado Medoc y realiza este tour centrado en el Vino, ya que incluye acceso a dos Bodegas de la Zona para realizar un cata \u2705","robots":{"index":"index","follow":"follow","max-snippet":"max-snippet:-1","max-image-preview":"max-image-preview:large","max-video-preview":"max-video-preview:-1"},"canonical":"https:\/\/tourtravelandmore.com\/es\/tours\/francia\/burdeos-es\/tour-privado-medoc-y-entrada-a-dos-vinedos-desde-burdeos\/","og_locale":"es_ES","og_type":"article","og_title":"Tour privado a M\u00e9doc y Desgutaci\u00f3n en dos Bodegas desde Burdeos","og_description":"Disfrute en este Tour privado Medoc y realiza este tour centrado en el Vino, ya que incluye acceso a dos Bodegas de la Zona para realizar un cata \u2705","og_url":"https:\/\/tourtravelandmore.com\/es\/tours\/francia\/burdeos-es\/tour-privado-medoc-y-entrada-a-dos-vinedos-desde-burdeos\/","og_site_name":"Tour Travel And More","article_publisher":"https:\/\/www.facebook.com\/tourtravelandmore\/","article_modified_time":"2022-07-08T08:14:46+00:00","og_image":[{"width":1880,"height":1251,"url":"https:\/\/tourtravelandmore.com\/wp-content\/uploads\/2019\/08\/medco.jpeg","type":"image\/jpeg"}],"twitter_card":"summary_large_image","twitter_site":"@TourTravel_More","twitter_misc":{"Tiempo de lectura":"2 minutos"},"schema":{"@context":"https:\/\/schema.org","@graph":[{"@type":"WebPage","@id":"https:\/\/tourtravelandmore.com\/es\/tours\/francia\/burdeos-es\/tour-privado-medoc-y-entrada-a-dos-vinedos-desde-burdeos\/","url":"https:\/\/tourtravelandmore.com\/es\/tours\/francia\/burdeos-es\/tour-privado-medoc-y-entrada-a-dos-vinedos-desde-burdeos\/","name":"Tour privado Medoc y entrada a dos vi\u00f1edos desde Burdeos | TTM","isPartOf":{"@id":"https:\/\/tourtravelandmore.com\/es\/#website"},"primaryImageOfPage":{"@id":"https:\/\/tourtravelandmore.com\/es\/tours\/francia\/burdeos-es\/tour-privado-medoc-y-entrada-a-dos-vinedos-desde-burdeos\/#primaryimage"},"image":{"@id":"https:\/\/tourtravelandmore.com\/es\/tours\/francia\/burdeos-es\/tour-privado-medoc-y-entrada-a-dos-vinedos-desde-burdeos\/#primaryimage"},"thumbnailUrl":"https:\/\/tourtravelandmore.com\/wp-content\/uploads\/2019\/08\/medco.jpeg","datePublished":"2019-08-14T10:55:15+00:00","dateModified":"2022-07-08T08:14:46+00:00","description":"Disfrute en este Tour privado Medoc y realiza este tour centrado en el Vino, ya que incluye acceso a dos Bodegas de la Zona para realizar un cata \u2705","breadcrumb":{"@id":"https:\/\/tourtravelandmore.com\/es\/tours\/francia\/burdeos-es\/tour-privado-medoc-y-entrada-a-dos-vinedos-desde-burdeos\/#breadcrumb"},"inLanguage":"es","potentialAction":[{"@type":"ReadAction","target":["https:\/\/tourtravelandmore.com\/es\/tours\/francia\/burdeos-es\/tour-privado-medoc-y-entrada-a-dos-vinedos-desde-burdeos\/"]}]},{"@type":"ImageObject","inLanguage":"es","@id":"https:\/\/tourtravelandmore.com\/es\/tours\/francia\/burdeos-es\/tour-privado-medoc-y-entrada-a-dos-vinedos-desde-burdeos\/#primaryimage","url":"https:\/\/tourtravelandmore.com\/wp-content\/uploads\/2019\/08\/medco.jpeg","contentUrl":"https:\/\/tourtravelandmore.com\/wp-content\/uploads\/2019\/08\/medco.jpeg","width":1880,"height":1251},{"@type":"BreadcrumbList","@id":"https:\/\/tourtravelandmore.com\/es\/tours\/francia\/burdeos-es\/tour-privado-medoc-y-entrada-a-dos-vinedos-desde-burdeos\/#breadcrumb","itemListElement":[{"@type":"ListItem","position":1,"name":"Home","item":"https:\/\/tourtravelandmore.com\/es\/"},{"@type":"ListItem","position":2,"name":"Tours","item":"https:\/\/tourtravelandmore.com\/es\/tours\/"},{"@type":"ListItem","position":3,"name":"Tour privado a M\u00e9doc y Desgutaci\u00f3n en dos Bodegas desde Burdeos"}]},{"@type":"WebSite","@id":"https:\/\/tourtravelandmore.com\/es\/#website","url":"https:\/\/tourtravelandmore.com\/es\/","name":"Tour Travel And More","description":"Private sightseeing tours and luxury transfers in Spain","publisher":{"@id":"https:\/\/tourtravelandmore.com\/es\/#organization"},"potentialAction":[{"@type":"SearchAction","target":{"@type":"EntryPoint","urlTemplate":"https:\/\/tourtravelandmore.com\/es\/?s={search_term_string}"},"query-input":{"@type":"PropertyValueSpecification","valueRequired":true,"valueName":"search_term_string"}}],"inLanguage":"es"},{"@type":"Organization","@id":"https:\/\/tourtravelandmore.com\/es\/#organization","name":"Tour Travel And More","url":"https:\/\/tourtravelandmore.com\/es\/","logo":{"@type":"ImageObject","inLanguage":"es","@id":"https:\/\/tourtravelandmore.com\/es\/#\/schema\/logo\/image\/","url":"https:\/\/tourtravelandmore.com\/wp-content\/uploads\/2022\/12\/cropped-logo-cabecera-new.png","contentUrl":"https:\/\/tourtravelandmore.com\/wp-content\/uploads\/2022\/12\/cropped-logo-cabecera-new.png","width":430,"height":61,"caption":"Tour Travel And More"},"image":{"@id":"https:\/\/tourtravelandmore.com\/es\/#\/schema\/logo\/image\/"},"sameAs":["https:\/\/www.facebook.com\/tourtravelandmore\/","https:\/\/x.com\/TourTravel_More"]}]}},"_links":{"self":[{"href":"https:\/\/tourtravelandmore.com\/es\/wp-json\/wp\/v2\/product\/63592","targetHints":{"allow":["GET"]}}],"collection":[{"href":"https:\/\/tourtravelandmore.com\/es\/wp-json\/wp\/v2\/product"}],"about":[{"href":"https:\/\/tourtravelandmore.com\/es\/wp-json\/wp\/v2\/types\/product"}],"replies":[{"embeddable":true,"href":"https:\/\/tourtravelandmore.com\/es\/wp-json\/wp\/v2\/comments?post=63592"}],"wp:featuredmedia":[{"embeddable":true,"href":"https:\/\/tourtravelandmore.com\/es\/wp-json\/wp\/v2\/media\/63610"}],"wp:attachment":[{"href":"https:\/\/tourtravelandmore.com\/es\/wp-json\/wp\/v2\/media?parent=63592"}],"wp:term":[{"taxonomy":"product_brand","embeddable":true,"href":"https:\/\/tourtravelandmore.com\/es\/wp-json\/wp\/v2\/product_brand?post=63592"},{"taxonomy":"product_cat","embeddable":true,"href":"https:\/\/tourtravelandmore.com\/es\/wp-json\/wp\/v2\/product_cat?post=63592"},{"taxonomy":"product_tag","embeddable":true,"href":"https:\/\/tourtravelandmore.com\/es\/wp-json\/wp\/v2\/product_tag?post=63592"}],"curies":[{"name":"wp","href":"https:\/\/api.w.org\/{rel}","templated":true}]}}