{"id":63580,"date":"2019-08-14T11:38:12","date_gmt":"2019-08-14T09:38:12","guid":{"rendered":"https:\/\/tourtravelandmore.com\/?post_type=product&#038;p=63580"},"modified":"2022-07-08T10:13:51","modified_gmt":"2022-07-08T08:13:51","slug":"tour-saint-emilion-y-pomerol-desde-burdeos-tour-privado","status":"publish","type":"product","link":"https:\/\/tourtravelandmore.com\/es\/tours\/francia\/burdeos-es\/tour-saint-emilion-y-pomerol-desde-burdeos-tour-privado\/","title":{"rendered":"Tour privado Saint \u00c9milion y Pomerol desde Burdeos"},"content":{"rendered":"<h2>Descripci\u00f3n del Tour privado Saint \u00c9milion y Pomerol desde Burdeos<\/h2>\n<p>Disfruta de este tour Saint Emilion y Pomerol desde Burdeos, junto a su gu\u00eda oficial privado y veh\u00edculo privado con ch\u00f3fer.<\/p>\n<p>La duraci\u00f3n de este tour Saint Emilion y Pomerol desde Burdeos es de 8 horas. Pueden escoger la hora y lugar de comienzo.<\/p>\n<p>Saint-\u00c9milion es el primer paisaje vin\u00edcola en funcionamiento que figura en la lista del Patrimonio Mundial de la UNESCO, y es tambi\u00e9n una ciudad medieval impregnada de historia. Podr\u00e1s descubrir la <strong>Cueva del Ermitage, el refugio del monje Emilion, o la Iglesia Monol\u00edtica<\/strong>, el edificio religioso subterr\u00e1neo m\u00e1s vasto de Europa, una puerta al mundo misterioso y l\u00fagubre de las catacumbas, excavadas en la roca antes del a\u00f1o 1000.<\/p>\n<p>Una vez Finalizada el tour privado de Saint Emilion, nos dirigiremos a la zona del Pomerol, para acceder a una Bodega de la zona y realizar una degustaci\u00f3n de vinos (<span class=\"color_2\">Cata en los Chateaux<\/span>).<\/p>\n<p>La entrada a la Bodega est\u00e1 inclu\u00edda en su tour.<\/p>\n<h2>Puntos de Inter\u00e9s en el Tour privado Saint \u00c9milion y Pomerol desde Burdeos<\/h2>\n<p>Nuestro veh\u00edculo privado y gu\u00eda oficial a la hora seleccionado y en el punto establecido, le recoger\u00e1n para empezar su<span class=\"color_2\"> tour Saint Emilion y Pomerol desde Burdeo.<\/span><\/p>\n<p>Durante su recorrido privado descubrir\u00e1 algunos sus sitios m\u00e1s reconocidos y ser\u00e1 testigo de la belleza arquitect\u00f3nica de la ciudad.<\/p>\n<p>Entre los sitios que visitar\u00e1, le ofrecemos:<\/p>\n<ul>\n<li><strong>La Iglesia Monol\u00edtica<\/strong><\/li>\n<li><strong>Campanario de la Iglesia Monol\u00edtica (se puede pedir la llave en la Oficina de Turismo para subir)<\/strong><\/li>\n<li><strong>La Iglesia Colegiata y el Claustro<\/strong><\/li>\n<li><strong>La torre del Castillo del Rey<\/strong><\/li>\n<li><strong>El Claustro de los Cordeliers<\/strong><\/li>\n<li><strong>La puerta Brunet<\/strong><\/li>\n<li><strong>El convento de las Ursulinas<\/strong><\/li>\n<li><strong>El mercado cubierto<\/strong><\/li>\n<li><strong>La puerta y la casa de la Cad\u00e8ne<\/strong><\/li>\n<\/ul>\n<p>Tambi\u00e9n tiene incluido el acceso a una Bodega de la zona del Pomerol, para degustar los vinos y realizar una cata, adem\u00e1s de conocer la Bodega y el proceso de producci\u00f3n.<\/p>\n<p>Si dispone de m\u00e1s d\u00edas en Burdeos, puedes consultar <a href=\"https:\/\/tourtravelandmore.com\/es\/ciudad\/francia\/burdeos-es\/\">aqu\u00ed<\/a>, el resto de los tours privados que ofrecemos.<\/p>\n","protected":false},"excerpt":{"rendered":"<p>Disfrute de este tour privado totalmente personalizado al pueblo de Saint Emilion y Pomerol, donde quedar\u00e1 deslumbrado por la belleza arquitect\u00f3nica de su iglesia monol\u00edtica y sus calles medievales, junto a su gu\u00eda oficial privado y veh\u00edculo con ch\u00f3fer. Tambi\u00e9n est\u00e1 incluido una cata y degustaci\u00f3n de vinos en una Bodega del Pomerol.<strong><br \/>\n<\/strong><\/p>\n<p>&nbsp;<\/p>\n","protected":false},"featured_media":63569,"comment_status":"open","ping_status":"closed","template":"","meta":{"_acf_changed":false},"product_brand":[],"product_cat":[1211,1212,1213,1214],"product_tag":[],"class_list":{"0":"post-63580","1":"product","2":"type-product","3":"status-publish","4":"has-post-thumbnail","6":"product_cat-burdeos-es","7":"product_cat-burdeos-actividades-es","8":"product_cat-burdeos-rutas-turisticas-privadas-es","9":"product_cat-burdeos-excursiones-privadas-cruceros-es","11":"first","12":"instock","13":"shipping-taxable","14":"purchasable","15":"product-type-simple"},"acf":[],"yoast_head":"<!-- This site is optimized with the Yoast SEO Premium plugin v25.3.1 (Yoast SEO v25.3.1) - https:\/\/yoast.com\/wordpress\/plugins\/seo\/ -->\n<title>Tour Saint Emilion y Pomerol desde Burdeos | Tour Travel &amp; More<\/title>\n<meta name=\"description\" content=\"Disfrute en este tour Saint Emilion y Pomerol desde Burdeos, con gu\u00eda oficial privado y vehiculo y descubre una ciudad medieval y realiza una cata de vinos.\" \/>\n<meta name=\"robots\" content=\"index, follow, max-snippet:-1, max-image-preview:large, max-video-preview:-1\" \/>\n<link rel=\"canonical\" href=\"https:\/\/tourtravelandmore.com\/es\/tours\/francia\/burdeos-es\/tour-saint-emilion-y-pomerol-desde-burdeos-tour-privado\/\" \/>\n<meta property=\"og:locale\" content=\"es_ES\" \/>\n<meta property=\"og:type\" content=\"article\" \/>\n<meta property=\"og:title\" content=\"Tour privado Saint \u00c9milion y Pomerol desde Burdeos\" \/>\n<meta property=\"og:description\" content=\"Disfrute en este tour Saint Emilion y Pomerol desde Burdeos, con gu\u00eda oficial privado y vehiculo y descubre una ciudad medieval y realiza una cata de vinos.\" \/>\n<meta property=\"og:url\" content=\"https:\/\/tourtravelandmore.com\/es\/tours\/francia\/burdeos-es\/tour-saint-emilion-y-pomerol-desde-burdeos-tour-privado\/\" \/>\n<meta property=\"og:site_name\" content=\"Tour Travel And More\" \/>\n<meta property=\"article:publisher\" content=\"https:\/\/www.facebook.com\/tourtravelandmore\/\" \/>\n<meta property=\"article:modified_time\" content=\"2022-07-08T08:13:51+00:00\" \/>\n<meta property=\"og:image\" content=\"https:\/\/tourtravelandmore.com\/wp-content\/uploads\/2019\/08\/saint-emilion-3876997_960_720.jpg\" \/>\n\t<meta property=\"og:image:width\" content=\"960\" \/>\n\t<meta property=\"og:image:height\" content=\"720\" \/>\n\t<meta property=\"og:image:type\" content=\"image\/jpeg\" \/>\n<meta name=\"twitter:card\" content=\"summary_large_image\" \/>\n<meta name=\"twitter:site\" content=\"@TourTravel_More\" \/>\n<meta name=\"twitter:label1\" content=\"Tiempo de lectura\" \/>\n\t<meta name=\"twitter:data1\" content=\"2 minutos\" \/>\n<script type=\"application\/ld+json\" class=\"yoast-schema-graph\">{\"@context\":\"https:\/\/schema.org\",\"@graph\":[{\"@type\":\"WebPage\",\"@id\":\"https:\/\/tourtravelandmore.com\/es\/tours\/francia\/burdeos-es\/tour-saint-emilion-y-pomerol-desde-burdeos-tour-privado\/\",\"url\":\"https:\/\/tourtravelandmore.com\/es\/tours\/francia\/burdeos-es\/tour-saint-emilion-y-pomerol-desde-burdeos-tour-privado\/\",\"name\":\"Tour Saint Emilion y Pomerol desde Burdeos | Tour Travel & More\",\"isPartOf\":{\"@id\":\"https:\/\/tourtravelandmore.com\/es\/#website\"},\"primaryImageOfPage\":{\"@id\":\"https:\/\/tourtravelandmore.com\/es\/tours\/francia\/burdeos-es\/tour-saint-emilion-y-pomerol-desde-burdeos-tour-privado\/#primaryimage\"},\"image\":{\"@id\":\"https:\/\/tourtravelandmore.com\/es\/tours\/francia\/burdeos-es\/tour-saint-emilion-y-pomerol-desde-burdeos-tour-privado\/#primaryimage\"},\"thumbnailUrl\":\"https:\/\/tourtravelandmore.com\/wp-content\/uploads\/2019\/08\/saint-emilion-3876997_960_720.jpg\",\"datePublished\":\"2019-08-14T09:38:12+00:00\",\"dateModified\":\"2022-07-08T08:13:51+00:00\",\"description\":\"Disfrute en este tour Saint Emilion y Pomerol desde Burdeos, con gu\u00eda oficial privado y vehiculo y descubre una ciudad medieval y realiza una cata de vinos.\",\"breadcrumb\":{\"@id\":\"https:\/\/tourtravelandmore.com\/es\/tours\/francia\/burdeos-es\/tour-saint-emilion-y-pomerol-desde-burdeos-tour-privado\/#breadcrumb\"},\"inLanguage\":\"es\",\"potentialAction\":[{\"@type\":\"ReadAction\",\"target\":[\"https:\/\/tourtravelandmore.com\/es\/tours\/francia\/burdeos-es\/tour-saint-emilion-y-pomerol-desde-burdeos-tour-privado\/\"]}]},{\"@type\":\"ImageObject\",\"inLanguage\":\"es\",\"@id\":\"https:\/\/tourtravelandmore.com\/es\/tours\/francia\/burdeos-es\/tour-saint-emilion-y-pomerol-desde-burdeos-tour-privado\/#primaryimage\",\"url\":\"https:\/\/tourtravelandmore.com\/wp-content\/uploads\/2019\/08\/saint-emilion-3876997_960_720.jpg\",\"contentUrl\":\"https:\/\/tourtravelandmore.com\/wp-content\/uploads\/2019\/08\/saint-emilion-3876997_960_720.jpg\",\"width\":960,\"height\":720,\"caption\":\"saint-emilion\"},{\"@type\":\"BreadcrumbList\",\"@id\":\"https:\/\/tourtravelandmore.com\/es\/tours\/francia\/burdeos-es\/tour-saint-emilion-y-pomerol-desde-burdeos-tour-privado\/#breadcrumb\",\"itemListElement\":[{\"@type\":\"ListItem\",\"position\":1,\"name\":\"Home\",\"item\":\"https:\/\/tourtravelandmore.com\/es\/\"},{\"@type\":\"ListItem\",\"position\":2,\"name\":\"Tours\",\"item\":\"https:\/\/tourtravelandmore.com\/es\/tours\/\"},{\"@type\":\"ListItem\",\"position\":3,\"name\":\"Tour privado Saint \u00c9milion y Pomerol desde Burdeos\"}]},{\"@type\":\"WebSite\",\"@id\":\"https:\/\/tourtravelandmore.com\/es\/#website\",\"url\":\"https:\/\/tourtravelandmore.com\/es\/\",\"name\":\"Tour Travel And More\",\"description\":\"Private sightseeing tours and luxury transfers in Spain\",\"publisher\":{\"@id\":\"https:\/\/tourtravelandmore.com\/es\/#organization\"},\"potentialAction\":[{\"@type\":\"SearchAction\",\"target\":{\"@type\":\"EntryPoint\",\"urlTemplate\":\"https:\/\/tourtravelandmore.com\/es\/?s={search_term_string}\"},\"query-input\":{\"@type\":\"PropertyValueSpecification\",\"valueRequired\":true,\"valueName\":\"search_term_string\"}}],\"inLanguage\":\"es\"},{\"@type\":\"Organization\",\"@id\":\"https:\/\/tourtravelandmore.com\/es\/#organization\",\"name\":\"Tour Travel And More\",\"url\":\"https:\/\/tourtravelandmore.com\/es\/\",\"logo\":{\"@type\":\"ImageObject\",\"inLanguage\":\"es\",\"@id\":\"https:\/\/tourtravelandmore.com\/es\/#\/schema\/logo\/image\/\",\"url\":\"https:\/\/tourtravelandmore.com\/wp-content\/uploads\/2022\/12\/cropped-logo-cabecera-new.png\",\"contentUrl\":\"https:\/\/tourtravelandmore.com\/wp-content\/uploads\/2022\/12\/cropped-logo-cabecera-new.png\",\"width\":430,\"height\":61,\"caption\":\"Tour Travel And More\"},\"image\":{\"@id\":\"https:\/\/tourtravelandmore.com\/es\/#\/schema\/logo\/image\/\"},\"sameAs\":[\"https:\/\/www.facebook.com\/tourtravelandmore\/\",\"https:\/\/x.com\/TourTravel_More\"]}]}<\/script>\n<!-- \/ Yoast SEO Premium plugin. -->","yoast_head_json":{"title":"Tour Saint Emilion y Pomerol desde Burdeos | Tour Travel & More","description":"Disfrute en este tour Saint Emilion y Pomerol desde Burdeos, con gu\u00eda oficial privado y vehiculo y descubre una ciudad medieval y realiza una cata de vinos.","robots":{"index":"index","follow":"follow","max-snippet":"max-snippet:-1","max-image-preview":"max-image-preview:large","max-video-preview":"max-video-preview:-1"},"canonical":"https:\/\/tourtravelandmore.com\/es\/tours\/francia\/burdeos-es\/tour-saint-emilion-y-pomerol-desde-burdeos-tour-privado\/","og_locale":"es_ES","og_type":"article","og_title":"Tour privado Saint \u00c9milion y Pomerol desde Burdeos","og_description":"Disfrute en este tour Saint Emilion y Pomerol desde Burdeos, con gu\u00eda oficial privado y vehiculo y descubre una ciudad medieval y realiza una cata de vinos.","og_url":"https:\/\/tourtravelandmore.com\/es\/tours\/francia\/burdeos-es\/tour-saint-emilion-y-pomerol-desde-burdeos-tour-privado\/","og_site_name":"Tour Travel And More","article_publisher":"https:\/\/www.facebook.com\/tourtravelandmore\/","article_modified_time":"2022-07-08T08:13:51+00:00","og_image":[{"width":960,"height":720,"url":"https:\/\/tourtravelandmore.com\/wp-content\/uploads\/2019\/08\/saint-emilion-3876997_960_720.jpg","type":"image\/jpeg"}],"twitter_card":"summary_large_image","twitter_site":"@TourTravel_More","twitter_misc":{"Tiempo de lectura":"2 minutos"},"schema":{"@context":"https:\/\/schema.org","@graph":[{"@type":"WebPage","@id":"https:\/\/tourtravelandmore.com\/es\/tours\/francia\/burdeos-es\/tour-saint-emilion-y-pomerol-desde-burdeos-tour-privado\/","url":"https:\/\/tourtravelandmore.com\/es\/tours\/francia\/burdeos-es\/tour-saint-emilion-y-pomerol-desde-burdeos-tour-privado\/","name":"Tour Saint Emilion y Pomerol desde Burdeos | Tour Travel & More","isPartOf":{"@id":"https:\/\/tourtravelandmore.com\/es\/#website"},"primaryImageOfPage":{"@id":"https:\/\/tourtravelandmore.com\/es\/tours\/francia\/burdeos-es\/tour-saint-emilion-y-pomerol-desde-burdeos-tour-privado\/#primaryimage"},"image":{"@id":"https:\/\/tourtravelandmore.com\/es\/tours\/francia\/burdeos-es\/tour-saint-emilion-y-pomerol-desde-burdeos-tour-privado\/#primaryimage"},"thumbnailUrl":"https:\/\/tourtravelandmore.com\/wp-content\/uploads\/2019\/08\/saint-emilion-3876997_960_720.jpg","datePublished":"2019-08-14T09:38:12+00:00","dateModified":"2022-07-08T08:13:51+00:00","description":"Disfrute en este tour Saint Emilion y Pomerol desde Burdeos, con gu\u00eda oficial privado y vehiculo y descubre una ciudad medieval y realiza una cata de vinos.","breadcrumb":{"@id":"https:\/\/tourtravelandmore.com\/es\/tours\/francia\/burdeos-es\/tour-saint-emilion-y-pomerol-desde-burdeos-tour-privado\/#breadcrumb"},"inLanguage":"es","potentialAction":[{"@type":"ReadAction","target":["https:\/\/tourtravelandmore.com\/es\/tours\/francia\/burdeos-es\/tour-saint-emilion-y-pomerol-desde-burdeos-tour-privado\/"]}]},{"@type":"ImageObject","inLanguage":"es","@id":"https:\/\/tourtravelandmore.com\/es\/tours\/francia\/burdeos-es\/tour-saint-emilion-y-pomerol-desde-burdeos-tour-privado\/#primaryimage","url":"https:\/\/tourtravelandmore.com\/wp-content\/uploads\/2019\/08\/saint-emilion-3876997_960_720.jpg","contentUrl":"https:\/\/tourtravelandmore.com\/wp-content\/uploads\/2019\/08\/saint-emilion-3876997_960_720.jpg","width":960,"height":720,"caption":"saint-emilion"},{"@type":"BreadcrumbList","@id":"https:\/\/tourtravelandmore.com\/es\/tours\/francia\/burdeos-es\/tour-saint-emilion-y-pomerol-desde-burdeos-tour-privado\/#breadcrumb","itemListElement":[{"@type":"ListItem","position":1,"name":"Home","item":"https:\/\/tourtravelandmore.com\/es\/"},{"@type":"ListItem","position":2,"name":"Tours","item":"https:\/\/tourtravelandmore.com\/es\/tours\/"},{"@type":"ListItem","position":3,"name":"Tour privado Saint \u00c9milion y Pomerol desde Burdeos"}]},{"@type":"WebSite","@id":"https:\/\/tourtravelandmore.com\/es\/#website","url":"https:\/\/tourtravelandmore.com\/es\/","name":"Tour Travel And More","description":"Private sightseeing tours and luxury transfers in Spain","publisher":{"@id":"https:\/\/tourtravelandmore.com\/es\/#organization"},"potentialAction":[{"@type":"SearchAction","target":{"@type":"EntryPoint","urlTemplate":"https:\/\/tourtravelandmore.com\/es\/?s={search_term_string}"},"query-input":{"@type":"PropertyValueSpecification","valueRequired":true,"valueName":"search_term_string"}}],"inLanguage":"es"},{"@type":"Organization","@id":"https:\/\/tourtravelandmore.com\/es\/#organization","name":"Tour Travel And More","url":"https:\/\/tourtravelandmore.com\/es\/","logo":{"@type":"ImageObject","inLanguage":"es","@id":"https:\/\/tourtravelandmore.com\/es\/#\/schema\/logo\/image\/","url":"https:\/\/tourtravelandmore.com\/wp-content\/uploads\/2022\/12\/cropped-logo-cabecera-new.png","contentUrl":"https:\/\/tourtravelandmore.com\/wp-content\/uploads\/2022\/12\/cropped-logo-cabecera-new.png","width":430,"height":61,"caption":"Tour Travel And More"},"image":{"@id":"https:\/\/tourtravelandmore.com\/es\/#\/schema\/logo\/image\/"},"sameAs":["https:\/\/www.facebook.com\/tourtravelandmore\/","https:\/\/x.com\/TourTravel_More"]}]}},"_links":{"self":[{"href":"https:\/\/tourtravelandmore.com\/es\/wp-json\/wp\/v2\/product\/63580","targetHints":{"allow":["GET"]}}],"collection":[{"href":"https:\/\/tourtravelandmore.com\/es\/wp-json\/wp\/v2\/product"}],"about":[{"href":"https:\/\/tourtravelandmore.com\/es\/wp-json\/wp\/v2\/types\/product"}],"replies":[{"embeddable":true,"href":"https:\/\/tourtravelandmore.com\/es\/wp-json\/wp\/v2\/comments?post=63580"}],"wp:featuredmedia":[{"embeddable":true,"href":"https:\/\/tourtravelandmore.com\/es\/wp-json\/wp\/v2\/media\/63569"}],"wp:attachment":[{"href":"https:\/\/tourtravelandmore.com\/es\/wp-json\/wp\/v2\/media?parent=63580"}],"wp:term":[{"taxonomy":"product_brand","embeddable":true,"href":"https:\/\/tourtravelandmore.com\/es\/wp-json\/wp\/v2\/product_brand?post=63580"},{"taxonomy":"product_cat","embeddable":true,"href":"https:\/\/tourtravelandmore.com\/es\/wp-json\/wp\/v2\/product_cat?post=63580"},{"taxonomy":"product_tag","embeddable":true,"href":"https:\/\/tourtravelandmore.com\/es\/wp-json\/wp\/v2\/product_tag?post=63580"}],"curies":[{"name":"wp","href":"https:\/\/api.w.org\/{rel}","templated":true}]}}