{"id":63558,"date":"2019-08-14T06:52:08","date_gmt":"2019-08-14T04:52:07","guid":{"rendered":"https:\/\/tourtravelandmore.com\/?post_type=product&#038;p=63558"},"modified":"2022-07-08T10:10:44","modified_gmt":"2022-07-08T08:10:44","slug":"tour-saint-emilion-desde-burdeos-tour-privado-con-guia-y-vehiculo","status":"publish","type":"product","link":"https:\/\/tourtravelandmore.com\/es\/tours\/francia\/burdeos-es\/tour-saint-emilion-desde-burdeos-tour-privado-con-guia-y-vehiculo\/","title":{"rendered":"Tour privado Saint \u00c9milion desde Burdeos"},"content":{"rendered":"<h2>Descripci\u00f3n del Tour privado Saint \u00c9milion desde Burdeos<\/h2>\n<p>Disfruta de este tour <strong>Saint Emilion desde Burdeos,\u00a0<\/strong>con gu\u00eda oficial privado y veh\u00edculo privado.<\/p>\n<p><strong>Saint-\u00c9milion, <\/strong>patrimonio de la humanidad de 1999, es una peque\u00f1a ciudad cerca de Burdeos, reconocida por el vino ep\u00f3nimo que se produce en sus alrededores.<\/p>\n<p>La ciudad fue bautizada por el monje \u00c9milion, un confesor viajero, que se estableci\u00f3 en la ermita excavada en roca en el siglo VIII.<\/p>\n<p>Los vi\u00f1edos que bordean a la ciudad son reconocidos por usar variedades vin\u00edferas como merlot y cabernet franc, us\u00e1ndose tambi\u00e9n cantidades relativamente peque\u00f1as de cabernet sauvignon en algunos ch\u00e2teaux.<\/p>\n<p>La Puerta y casa de la Cadena (La Porte et Maison de la Cad\u00e8ne) es la primera atracci\u00f3n que se encuentra al empezar la caminata por el pueblo, la cual era la \u00fanica puerta dise\u00f1ada parar separar socialmente la poblaci\u00f3n de la parte alta de la ciudad.<\/p>\n<p>La duraci\u00f3n de este tour Saint Emilion desde Burdeos, es de 4 horas. Al ser un tour completamente privado, pueden escoger la hora y lugar de comienzo.<\/p>\n<h2>Puntos de inter\u00e9s en el Tour privado Saint \u00c9milion desde Burdeos<\/h2>\n<p>Nuestro gu\u00eda oficial privado y veh\u00edculo privado le recoger\u00e1n, desde su Hotel para empezar su tour Saint Emilion desde Burdeos.<\/p>\n<p>Durante su recorrido privado descubrir\u00e1 algunos de los sitios m\u00e1s reconocidos de este hermoso pueblo.<\/p>\n<p>Su tour partir\u00e1 desde la Iglesia Monolitica donde ser\u00e1 testigo de su belleza arquitect\u00f3nica tan singular.<\/p>\n<p>Entre los sitios que puede visitar le ofrecemos:<\/p>\n<ul>\n<li><strong>La iglesia Monol\u00edtica<\/strong><\/li>\n<li><strong>La iglesia colegial (Eglise Coll\u00e9giale)<\/strong><\/li>\n<li><strong>El claustro de Cordeliers<\/strong><\/li>\n<li><strong>La torre del Rey (Tour du ch\u00e2teaudu roy)<\/strong><\/li>\n<li><strong>\u00a1Y mucho m\u00e1s!<\/strong><\/li>\n<\/ul>\n<p>Al finalizar el recorrido, su gu\u00eda y su chofer privado lo conducir\u00e1n de regreso a Burdeos.<\/p>\n<p>Si dispone de m\u00e1s d\u00edas en la ciudad de Burdeos, puedes consultar <a href=\"https:\/\/tourtravelandmore.com\/es\/ciudad\/francia\/burdeos-es\/\"><strong>aqu\u00ed<\/strong><\/a>, el resto de los tours privado que ofrecemos en la ciudad.<\/p>\n<p>Si desea conocer una Bodega y visitar y una cata, se lo podemos organizar, solo ind\u00edcalo en el formulario de contacto.<\/p>\n","protected":false},"excerpt":{"rendered":"<p>Disfrute de este tour privado totalmente personalizado al pueblo de <strong>Saint Emilion<\/strong>, donde quedar\u00e1 deslumbrado por la belleza arquitect\u00f3nica de su iglesia monol\u00edtica y sus calles medievales, junto a su <strong>gu\u00eda oficial privado<\/strong>.<\/p>\n","protected":false},"featured_media":63734,"comment_status":"open","ping_status":"closed","template":"","meta":{"_acf_changed":false},"product_brand":[],"product_cat":[1211,1212,1213,1214],"product_tag":[],"class_list":{"0":"post-63558","1":"product","2":"type-product","3":"status-publish","4":"has-post-thumbnail","6":"product_cat-burdeos-es","7":"product_cat-burdeos-actividades-es","8":"product_cat-burdeos-rutas-turisticas-privadas-es","9":"product_cat-burdeos-excursiones-privadas-cruceros-es","11":"first","12":"instock","13":"shipping-taxable","14":"purchasable","15":"product-type-simple"},"acf":[],"yoast_head":"<!-- This site is optimized with the Yoast SEO Premium plugin v25.3.1 (Yoast SEO v25.3.1) - https:\/\/yoast.com\/wordpress\/plugins\/seo\/ -->\n<title>Tour Saint Emilion desde Burdeos Tour privado con gu\u00eda y veh\u00edculo | TTM<\/title>\n<meta name=\"description\" content=\"Disfruta de este Tour Saint Emilion desde Burdeos y descubre una ciudad declarada Patrimonio de la Humanidad en 1999, junto a su gu\u00eda oficial \u2705\" \/>\n<meta name=\"robots\" content=\"index, follow, max-snippet:-1, max-image-preview:large, max-video-preview:-1\" \/>\n<link rel=\"canonical\" href=\"https:\/\/tourtravelandmore.com\/es\/tours\/francia\/burdeos-es\/tour-saint-emilion-desde-burdeos-tour-privado-con-guia-y-vehiculo\/\" \/>\n<meta property=\"og:locale\" content=\"es_ES\" \/>\n<meta property=\"og:type\" content=\"article\" \/>\n<meta property=\"og:title\" content=\"Tour privado Saint \u00c9milion desde Burdeos\" \/>\n<meta property=\"og:description\" content=\"Disfruta de este Tour Saint Emilion desde Burdeos y descubre una ciudad declarada Patrimonio de la Humanidad en 1999, junto a su gu\u00eda oficial \u2705\" \/>\n<meta property=\"og:url\" content=\"https:\/\/tourtravelandmore.com\/es\/tours\/francia\/burdeos-es\/tour-saint-emilion-desde-burdeos-tour-privado-con-guia-y-vehiculo\/\" \/>\n<meta property=\"og:site_name\" content=\"Tour Travel And More\" \/>\n<meta property=\"article:publisher\" content=\"https:\/\/www.facebook.com\/tourtravelandmore\/\" \/>\n<meta property=\"article:modified_time\" content=\"2022-07-08T08:10:44+00:00\" \/>\n<meta property=\"og:image\" content=\"https:\/\/tourtravelandmore.com\/wp-content\/uploads\/2019\/08\/saint-emilion-1704580_960_720.jpg\" \/>\n\t<meta property=\"og:image:width\" content=\"960\" \/>\n\t<meta property=\"og:image:height\" content=\"640\" \/>\n\t<meta property=\"og:image:type\" content=\"image\/jpeg\" \/>\n<meta name=\"twitter:card\" content=\"summary_large_image\" \/>\n<meta name=\"twitter:site\" content=\"@TourTravel_More\" \/>\n<meta name=\"twitter:label1\" content=\"Tiempo de lectura\" \/>\n\t<meta name=\"twitter:data1\" content=\"2 minutos\" \/>\n<script type=\"application\/ld+json\" class=\"yoast-schema-graph\">{\"@context\":\"https:\/\/schema.org\",\"@graph\":[{\"@type\":\"WebPage\",\"@id\":\"https:\/\/tourtravelandmore.com\/es\/tours\/francia\/burdeos-es\/tour-saint-emilion-desde-burdeos-tour-privado-con-guia-y-vehiculo\/\",\"url\":\"https:\/\/tourtravelandmore.com\/es\/tours\/francia\/burdeos-es\/tour-saint-emilion-desde-burdeos-tour-privado-con-guia-y-vehiculo\/\",\"name\":\"Tour Saint Emilion desde Burdeos Tour privado con gu\u00eda y veh\u00edculo | TTM\",\"isPartOf\":{\"@id\":\"https:\/\/tourtravelandmore.com\/es\/#website\"},\"primaryImageOfPage\":{\"@id\":\"https:\/\/tourtravelandmore.com\/es\/tours\/francia\/burdeos-es\/tour-saint-emilion-desde-burdeos-tour-privado-con-guia-y-vehiculo\/#primaryimage\"},\"image\":{\"@id\":\"https:\/\/tourtravelandmore.com\/es\/tours\/francia\/burdeos-es\/tour-saint-emilion-desde-burdeos-tour-privado-con-guia-y-vehiculo\/#primaryimage\"},\"thumbnailUrl\":\"https:\/\/tourtravelandmore.com\/wp-content\/uploads\/2019\/08\/saint-emilion-1704580_960_720.jpg\",\"datePublished\":\"2019-08-14T04:52:07+00:00\",\"dateModified\":\"2022-07-08T08:10:44+00:00\",\"description\":\"Disfruta de este Tour Saint Emilion desde Burdeos y descubre una ciudad declarada Patrimonio de la Humanidad en 1999, junto a su gu\u00eda oficial \u2705\",\"breadcrumb\":{\"@id\":\"https:\/\/tourtravelandmore.com\/es\/tours\/francia\/burdeos-es\/tour-saint-emilion-desde-burdeos-tour-privado-con-guia-y-vehiculo\/#breadcrumb\"},\"inLanguage\":\"es\",\"potentialAction\":[{\"@type\":\"ReadAction\",\"target\":[\"https:\/\/tourtravelandmore.com\/es\/tours\/francia\/burdeos-es\/tour-saint-emilion-desde-burdeos-tour-privado-con-guia-y-vehiculo\/\"]}]},{\"@type\":\"ImageObject\",\"inLanguage\":\"es\",\"@id\":\"https:\/\/tourtravelandmore.com\/es\/tours\/francia\/burdeos-es\/tour-saint-emilion-desde-burdeos-tour-privado-con-guia-y-vehiculo\/#primaryimage\",\"url\":\"https:\/\/tourtravelandmore.com\/wp-content\/uploads\/2019\/08\/saint-emilion-1704580_960_720.jpg\",\"contentUrl\":\"https:\/\/tourtravelandmore.com\/wp-content\/uploads\/2019\/08\/saint-emilion-1704580_960_720.jpg\",\"width\":960,\"height\":640},{\"@type\":\"BreadcrumbList\",\"@id\":\"https:\/\/tourtravelandmore.com\/es\/tours\/francia\/burdeos-es\/tour-saint-emilion-desde-burdeos-tour-privado-con-guia-y-vehiculo\/#breadcrumb\",\"itemListElement\":[{\"@type\":\"ListItem\",\"position\":1,\"name\":\"Home\",\"item\":\"https:\/\/tourtravelandmore.com\/es\/\"},{\"@type\":\"ListItem\",\"position\":2,\"name\":\"Tours\",\"item\":\"https:\/\/tourtravelandmore.com\/es\/tours\/\"},{\"@type\":\"ListItem\",\"position\":3,\"name\":\"Tour privado Saint \u00c9milion desde Burdeos\"}]},{\"@type\":\"WebSite\",\"@id\":\"https:\/\/tourtravelandmore.com\/es\/#website\",\"url\":\"https:\/\/tourtravelandmore.com\/es\/\",\"name\":\"Tour Travel And More\",\"description\":\"Private sightseeing tours and luxury transfers in Spain\",\"publisher\":{\"@id\":\"https:\/\/tourtravelandmore.com\/es\/#organization\"},\"potentialAction\":[{\"@type\":\"SearchAction\",\"target\":{\"@type\":\"EntryPoint\",\"urlTemplate\":\"https:\/\/tourtravelandmore.com\/es\/?s={search_term_string}\"},\"query-input\":{\"@type\":\"PropertyValueSpecification\",\"valueRequired\":true,\"valueName\":\"search_term_string\"}}],\"inLanguage\":\"es\"},{\"@type\":\"Organization\",\"@id\":\"https:\/\/tourtravelandmore.com\/es\/#organization\",\"name\":\"Tour Travel And More\",\"url\":\"https:\/\/tourtravelandmore.com\/es\/\",\"logo\":{\"@type\":\"ImageObject\",\"inLanguage\":\"es\",\"@id\":\"https:\/\/tourtravelandmore.com\/es\/#\/schema\/logo\/image\/\",\"url\":\"https:\/\/tourtravelandmore.com\/wp-content\/uploads\/2022\/12\/cropped-logo-cabecera-new.png\",\"contentUrl\":\"https:\/\/tourtravelandmore.com\/wp-content\/uploads\/2022\/12\/cropped-logo-cabecera-new.png\",\"width\":430,\"height\":61,\"caption\":\"Tour Travel And More\"},\"image\":{\"@id\":\"https:\/\/tourtravelandmore.com\/es\/#\/schema\/logo\/image\/\"},\"sameAs\":[\"https:\/\/www.facebook.com\/tourtravelandmore\/\",\"https:\/\/x.com\/TourTravel_More\"]}]}<\/script>\n<!-- \/ Yoast SEO Premium plugin. -->","yoast_head_json":{"title":"Tour Saint Emilion desde Burdeos Tour privado con gu\u00eda y veh\u00edculo | TTM","description":"Disfruta de este Tour Saint Emilion desde Burdeos y descubre una ciudad declarada Patrimonio de la Humanidad en 1999, junto a su gu\u00eda oficial \u2705","robots":{"index":"index","follow":"follow","max-snippet":"max-snippet:-1","max-image-preview":"max-image-preview:large","max-video-preview":"max-video-preview:-1"},"canonical":"https:\/\/tourtravelandmore.com\/es\/tours\/francia\/burdeos-es\/tour-saint-emilion-desde-burdeos-tour-privado-con-guia-y-vehiculo\/","og_locale":"es_ES","og_type":"article","og_title":"Tour privado Saint \u00c9milion desde Burdeos","og_description":"Disfruta de este Tour Saint Emilion desde Burdeos y descubre una ciudad declarada Patrimonio de la Humanidad en 1999, junto a su gu\u00eda oficial \u2705","og_url":"https:\/\/tourtravelandmore.com\/es\/tours\/francia\/burdeos-es\/tour-saint-emilion-desde-burdeos-tour-privado-con-guia-y-vehiculo\/","og_site_name":"Tour Travel And More","article_publisher":"https:\/\/www.facebook.com\/tourtravelandmore\/","article_modified_time":"2022-07-08T08:10:44+00:00","og_image":[{"width":960,"height":640,"url":"https:\/\/tourtravelandmore.com\/wp-content\/uploads\/2019\/08\/saint-emilion-1704580_960_720.jpg","type":"image\/jpeg"}],"twitter_card":"summary_large_image","twitter_site":"@TourTravel_More","twitter_misc":{"Tiempo de lectura":"2 minutos"},"schema":{"@context":"https:\/\/schema.org","@graph":[{"@type":"WebPage","@id":"https:\/\/tourtravelandmore.com\/es\/tours\/francia\/burdeos-es\/tour-saint-emilion-desde-burdeos-tour-privado-con-guia-y-vehiculo\/","url":"https:\/\/tourtravelandmore.com\/es\/tours\/francia\/burdeos-es\/tour-saint-emilion-desde-burdeos-tour-privado-con-guia-y-vehiculo\/","name":"Tour Saint Emilion desde Burdeos Tour privado con gu\u00eda y veh\u00edculo | TTM","isPartOf":{"@id":"https:\/\/tourtravelandmore.com\/es\/#website"},"primaryImageOfPage":{"@id":"https:\/\/tourtravelandmore.com\/es\/tours\/francia\/burdeos-es\/tour-saint-emilion-desde-burdeos-tour-privado-con-guia-y-vehiculo\/#primaryimage"},"image":{"@id":"https:\/\/tourtravelandmore.com\/es\/tours\/francia\/burdeos-es\/tour-saint-emilion-desde-burdeos-tour-privado-con-guia-y-vehiculo\/#primaryimage"},"thumbnailUrl":"https:\/\/tourtravelandmore.com\/wp-content\/uploads\/2019\/08\/saint-emilion-1704580_960_720.jpg","datePublished":"2019-08-14T04:52:07+00:00","dateModified":"2022-07-08T08:10:44+00:00","description":"Disfruta de este Tour Saint Emilion desde Burdeos y descubre una ciudad declarada Patrimonio de la Humanidad en 1999, junto a su gu\u00eda oficial \u2705","breadcrumb":{"@id":"https:\/\/tourtravelandmore.com\/es\/tours\/francia\/burdeos-es\/tour-saint-emilion-desde-burdeos-tour-privado-con-guia-y-vehiculo\/#breadcrumb"},"inLanguage":"es","potentialAction":[{"@type":"ReadAction","target":["https:\/\/tourtravelandmore.com\/es\/tours\/francia\/burdeos-es\/tour-saint-emilion-desde-burdeos-tour-privado-con-guia-y-vehiculo\/"]}]},{"@type":"ImageObject","inLanguage":"es","@id":"https:\/\/tourtravelandmore.com\/es\/tours\/francia\/burdeos-es\/tour-saint-emilion-desde-burdeos-tour-privado-con-guia-y-vehiculo\/#primaryimage","url":"https:\/\/tourtravelandmore.com\/wp-content\/uploads\/2019\/08\/saint-emilion-1704580_960_720.jpg","contentUrl":"https:\/\/tourtravelandmore.com\/wp-content\/uploads\/2019\/08\/saint-emilion-1704580_960_720.jpg","width":960,"height":640},{"@type":"BreadcrumbList","@id":"https:\/\/tourtravelandmore.com\/es\/tours\/francia\/burdeos-es\/tour-saint-emilion-desde-burdeos-tour-privado-con-guia-y-vehiculo\/#breadcrumb","itemListElement":[{"@type":"ListItem","position":1,"name":"Home","item":"https:\/\/tourtravelandmore.com\/es\/"},{"@type":"ListItem","position":2,"name":"Tours","item":"https:\/\/tourtravelandmore.com\/es\/tours\/"},{"@type":"ListItem","position":3,"name":"Tour privado Saint \u00c9milion desde Burdeos"}]},{"@type":"WebSite","@id":"https:\/\/tourtravelandmore.com\/es\/#website","url":"https:\/\/tourtravelandmore.com\/es\/","name":"Tour Travel And More","description":"Private sightseeing tours and luxury transfers in Spain","publisher":{"@id":"https:\/\/tourtravelandmore.com\/es\/#organization"},"potentialAction":[{"@type":"SearchAction","target":{"@type":"EntryPoint","urlTemplate":"https:\/\/tourtravelandmore.com\/es\/?s={search_term_string}"},"query-input":{"@type":"PropertyValueSpecification","valueRequired":true,"valueName":"search_term_string"}}],"inLanguage":"es"},{"@type":"Organization","@id":"https:\/\/tourtravelandmore.com\/es\/#organization","name":"Tour Travel And More","url":"https:\/\/tourtravelandmore.com\/es\/","logo":{"@type":"ImageObject","inLanguage":"es","@id":"https:\/\/tourtravelandmore.com\/es\/#\/schema\/logo\/image\/","url":"https:\/\/tourtravelandmore.com\/wp-content\/uploads\/2022\/12\/cropped-logo-cabecera-new.png","contentUrl":"https:\/\/tourtravelandmore.com\/wp-content\/uploads\/2022\/12\/cropped-logo-cabecera-new.png","width":430,"height":61,"caption":"Tour Travel And More"},"image":{"@id":"https:\/\/tourtravelandmore.com\/es\/#\/schema\/logo\/image\/"},"sameAs":["https:\/\/www.facebook.com\/tourtravelandmore\/","https:\/\/x.com\/TourTravel_More"]}]}},"_links":{"self":[{"href":"https:\/\/tourtravelandmore.com\/es\/wp-json\/wp\/v2\/product\/63558","targetHints":{"allow":["GET"]}}],"collection":[{"href":"https:\/\/tourtravelandmore.com\/es\/wp-json\/wp\/v2\/product"}],"about":[{"href":"https:\/\/tourtravelandmore.com\/es\/wp-json\/wp\/v2\/types\/product"}],"replies":[{"embeddable":true,"href":"https:\/\/tourtravelandmore.com\/es\/wp-json\/wp\/v2\/comments?post=63558"}],"wp:featuredmedia":[{"embeddable":true,"href":"https:\/\/tourtravelandmore.com\/es\/wp-json\/wp\/v2\/media\/63734"}],"wp:attachment":[{"href":"https:\/\/tourtravelandmore.com\/es\/wp-json\/wp\/v2\/media?parent=63558"}],"wp:term":[{"taxonomy":"product_brand","embeddable":true,"href":"https:\/\/tourtravelandmore.com\/es\/wp-json\/wp\/v2\/product_brand?post=63558"},{"taxonomy":"product_cat","embeddable":true,"href":"https:\/\/tourtravelandmore.com\/es\/wp-json\/wp\/v2\/product_cat?post=63558"},{"taxonomy":"product_tag","embeddable":true,"href":"https:\/\/tourtravelandmore.com\/es\/wp-json\/wp\/v2\/product_tag?post=63558"}],"curies":[{"name":"wp","href":"https:\/\/api.w.org\/{rel}","templated":true}]}}