{"id":63523,"date":"2019-08-14T02:45:57","date_gmt":"2019-08-14T00:45:58","guid":{"rendered":"https:\/\/tourtravelandmore.com\/?post_type=product&#038;p=63523"},"modified":"2022-07-08T10:11:30","modified_gmt":"2022-07-08T08:11:30","slug":"tour-privado-burdeos-con-guia-oficial-y-recogida-dede-su-hotel","status":"publish","type":"product","link":"https:\/\/tourtravelandmore.com\/es\/tours\/francia\/burdeos-es\/tour-privado-burdeos-con-guia-oficial-y-recogida-dede-su-hotel\/","title":{"rendered":"Tour privado a pie por la ciudad de Burdeos con guia oficial"},"content":{"rendered":"<h2>Descripci\u00f3n del Tour privado a pie por la ciudad de Burdeos con gu\u00eda oficial<\/h2>\n<p>Disfruta de este tour privado Burdeos a pie con gu\u00eda oficial privado y descubre una de las ciudades m\u00e1s bonitas de Francias, declarada Patrimonio de la Humanidad.<\/p>\n<p>Los vi\u00f1edos y bodegas de Burdeos han hecho famosa a la capital mundial del vino. Y aunque atra\u00eddos por ello se llega a la capital girondina, cuando se contempla su casco antiguo y su fachada mar\u00edtima, su ambiente y sus vinotecas, sus plazas y su espejo del agua, termina enamorado de ella. Entonces es cuando se entiende que la Unesco la haya incluido en su lista de Patrimonio de la Humanidad.<\/p>\n<p>La duraci\u00f3n de este tour privado a pie Burdeos es de 3 horas. Al ser un tour privado, pueden escoger la hora y lugar de comienzo. Si su Hotel no es c\u00e9ntrico, le indicaremos un punto de encuentro del centro de la ciudad.<\/p>\n<h2>Puntos de inter\u00e9s en el Tour privado a pie por la ciudad de Burdeos con gu\u00eda oficial<\/h2>\n<p>Entre el Garona y las fachadas del siglo XVIII est\u00e1 el emblema de esta ciudad francesa: L<strong>a plaza de la Bolsa<\/strong>, donde la ciudad medieval comenz\u00f3 a abrirse fuera de las murallas que la protegieron durante siglos y, como centro, su <strong>fuente de las tres gracias, <\/strong> uno de los iconos m\u00e1s representativos de la ciudad.<strong><br \/>\n<\/strong><\/p>\n<p>A continuaci\u00f3n nos dirigiremos hacia el barrio de <strong>SAINT-PIERRE, <\/strong>situado en el coraz\u00f3n hist\u00f3rico de la ciudad, con sus antiguas y pintorescas callejuelas que evocan los oficios de otros tiempos.\u00a0<strong><br \/>\n<\/strong><\/p>\n<p>La Unesco ha reconocido este entorno como Patrimonio de la Humanidad, adem\u00e1s de tres iglesias que forman parte de los llamados Caminos de Santiago: la catedral, la iglesia de Saint-Michel y la bas\u00edlica de Saint-Seurin<\/p>\n<p>Si desea podemos organizar un paseo en barco, por el r\u00edo <strong>Garona, <\/strong>podr\u00e1s contemplar las fachadas de los muelles declarados Patrimonio de la Humanidad por la Unesco y el Puerto de la Luna.<\/p>\n<p>Conoceremos unos de los barrios contempor\u00e1neos m\u00e1s bonitos de Europa, la <strong>Cit\u00e9 du Vin<\/strong>.<\/p>\n<p>Por \u00faltimo pasaremos por los <strong>muelles de Burdeos<\/strong> y el<strong> GRAN TH\u00c9ATRE, <\/strong>conociendo la historia y lo m\u00e1s importante y mucho m\u00e1s!, no dejes escapar esta oportunidad de descubrir Burdeos con su gu\u00eda oficial privado, gracias a este recorrido a pie.<\/p>\n<p>Si dispone de m\u00e1s d\u00edas, puedes consultar<a href=\"https:\/\/tourtravelandmore.com\/es\/ciudad\/francia\/burdeos-es\/\"><strong> aqu\u00ed,<\/strong><\/a> el resto de tours privados que ofrecemos en Burdeos.<\/p>\n","protected":false},"excerpt":{"rendered":"<p>Explore y disfrute de este <strong>tour privado de 3 horas a pie<\/strong> <strong>totalmente personalizado<\/strong> por <strong>Burdeos<\/strong>, donde podr\u00e1 admirar la belleza urbana de sus calles, monumentos y edificios estilizados m\u00e1s importantes de esta ciudad europea tan reconocida.<\/p>\n","protected":false},"featured_media":63732,"comment_status":"open","ping_status":"closed","template":"","meta":{"_acf_changed":false},"product_brand":[],"product_cat":[1211,1212,1215],"product_tag":[],"class_list":{"0":"post-63523","1":"product","2":"type-product","3":"status-publish","4":"has-post-thumbnail","6":"product_cat-burdeos-es","7":"product_cat-burdeos-actividades-es","8":"product_cat-burdeos-tours-privados-pie-es","10":"first","11":"instock","12":"shipping-taxable","13":"purchasable","14":"product-type-simple"},"acf":[],"yoast_head":"<!-- This site is optimized with the Yoast SEO Premium plugin v25.3.1 (Yoast SEO v25.3.1) - https:\/\/yoast.com\/wordpress\/plugins\/seo\/ -->\n<title>Tour privado Burdeos con gu\u00eda oficial y recogida dede su Hotel | TTM<\/title>\n<meta name=\"description\" content=\"Disfruta de este tour privado Burdeos y descubre una de las ciudades m\u00e1s bonitas de Francia, declarada Patrimonio de la humanidad, junto a su gu\u00eda \u2705\" \/>\n<meta name=\"robots\" content=\"index, follow, max-snippet:-1, max-image-preview:large, max-video-preview:-1\" \/>\n<link rel=\"canonical\" href=\"https:\/\/tourtravelandmore.com\/es\/tours\/francia\/burdeos-es\/tour-privado-burdeos-con-guia-oficial-y-recogida-dede-su-hotel\/\" \/>\n<meta property=\"og:locale\" content=\"es_ES\" \/>\n<meta property=\"og:type\" content=\"article\" \/>\n<meta property=\"og:title\" content=\"Tour privado a pie por la ciudad de Burdeos con guia oficial\" \/>\n<meta property=\"og:description\" content=\"Disfruta de este tour privado Burdeos y descubre una de las ciudades m\u00e1s bonitas de Francia, declarada Patrimonio de la humanidad, junto a su gu\u00eda \u2705\" \/>\n<meta property=\"og:url\" content=\"https:\/\/tourtravelandmore.com\/es\/tours\/francia\/burdeos-es\/tour-privado-burdeos-con-guia-oficial-y-recogida-dede-su-hotel\/\" \/>\n<meta property=\"og:site_name\" content=\"Tour Travel And More\" \/>\n<meta property=\"article:publisher\" content=\"https:\/\/www.facebook.com\/tourtravelandmore\/\" \/>\n<meta property=\"article:modified_time\" content=\"2022-07-08T08:11:30+00:00\" \/>\n<meta property=\"og:image\" content=\"https:\/\/tourtravelandmore.com\/wp-content\/uploads\/2019\/08\/bordeaux-1726060_960_720.jpg\" \/>\n\t<meta property=\"og:image:width\" content=\"960\" \/>\n\t<meta property=\"og:image:height\" content=\"351\" \/>\n\t<meta property=\"og:image:type\" content=\"image\/jpeg\" \/>\n<meta name=\"twitter:card\" content=\"summary_large_image\" \/>\n<meta name=\"twitter:site\" content=\"@TourTravel_More\" \/>\n<meta name=\"twitter:label1\" content=\"Tiempo de lectura\" \/>\n\t<meta name=\"twitter:data1\" content=\"2 minutos\" \/>\n<script type=\"application\/ld+json\" class=\"yoast-schema-graph\">{\"@context\":\"https:\/\/schema.org\",\"@graph\":[{\"@type\":\"WebPage\",\"@id\":\"https:\/\/tourtravelandmore.com\/es\/tours\/francia\/burdeos-es\/tour-privado-burdeos-con-guia-oficial-y-recogida-dede-su-hotel\/\",\"url\":\"https:\/\/tourtravelandmore.com\/es\/tours\/francia\/burdeos-es\/tour-privado-burdeos-con-guia-oficial-y-recogida-dede-su-hotel\/\",\"name\":\"Tour privado Burdeos con gu\u00eda oficial y recogida dede su Hotel | TTM\",\"isPartOf\":{\"@id\":\"https:\/\/tourtravelandmore.com\/es\/#website\"},\"primaryImageOfPage\":{\"@id\":\"https:\/\/tourtravelandmore.com\/es\/tours\/francia\/burdeos-es\/tour-privado-burdeos-con-guia-oficial-y-recogida-dede-su-hotel\/#primaryimage\"},\"image\":{\"@id\":\"https:\/\/tourtravelandmore.com\/es\/tours\/francia\/burdeos-es\/tour-privado-burdeos-con-guia-oficial-y-recogida-dede-su-hotel\/#primaryimage\"},\"thumbnailUrl\":\"https:\/\/tourtravelandmore.com\/wp-content\/uploads\/2019\/08\/bordeaux-1726060_960_720.jpg\",\"datePublished\":\"2019-08-14T00:45:58+00:00\",\"dateModified\":\"2022-07-08T08:11:30+00:00\",\"description\":\"Disfruta de este tour privado Burdeos y descubre una de las ciudades m\u00e1s bonitas de Francia, declarada Patrimonio de la humanidad, junto a su gu\u00eda \u2705\",\"breadcrumb\":{\"@id\":\"https:\/\/tourtravelandmore.com\/es\/tours\/francia\/burdeos-es\/tour-privado-burdeos-con-guia-oficial-y-recogida-dede-su-hotel\/#breadcrumb\"},\"inLanguage\":\"es\",\"potentialAction\":[{\"@type\":\"ReadAction\",\"target\":[\"https:\/\/tourtravelandmore.com\/es\/tours\/francia\/burdeos-es\/tour-privado-burdeos-con-guia-oficial-y-recogida-dede-su-hotel\/\"]}]},{\"@type\":\"ImageObject\",\"inLanguage\":\"es\",\"@id\":\"https:\/\/tourtravelandmore.com\/es\/tours\/francia\/burdeos-es\/tour-privado-burdeos-con-guia-oficial-y-recogida-dede-su-hotel\/#primaryimage\",\"url\":\"https:\/\/tourtravelandmore.com\/wp-content\/uploads\/2019\/08\/bordeaux-1726060_960_720.jpg\",\"contentUrl\":\"https:\/\/tourtravelandmore.com\/wp-content\/uploads\/2019\/08\/bordeaux-1726060_960_720.jpg\",\"width\":960,\"height\":351,\"caption\":\"Bordeaux\"},{\"@type\":\"BreadcrumbList\",\"@id\":\"https:\/\/tourtravelandmore.com\/es\/tours\/francia\/burdeos-es\/tour-privado-burdeos-con-guia-oficial-y-recogida-dede-su-hotel\/#breadcrumb\",\"itemListElement\":[{\"@type\":\"ListItem\",\"position\":1,\"name\":\"Home\",\"item\":\"https:\/\/tourtravelandmore.com\/es\/\"},{\"@type\":\"ListItem\",\"position\":2,\"name\":\"Tours\",\"item\":\"https:\/\/tourtravelandmore.com\/es\/tours\/\"},{\"@type\":\"ListItem\",\"position\":3,\"name\":\"Tour privado a pie por la ciudad de Burdeos con guia oficial\"}]},{\"@type\":\"WebSite\",\"@id\":\"https:\/\/tourtravelandmore.com\/es\/#website\",\"url\":\"https:\/\/tourtravelandmore.com\/es\/\",\"name\":\"Tour Travel And More\",\"description\":\"Private sightseeing tours and luxury transfers in Spain\",\"publisher\":{\"@id\":\"https:\/\/tourtravelandmore.com\/es\/#organization\"},\"potentialAction\":[{\"@type\":\"SearchAction\",\"target\":{\"@type\":\"EntryPoint\",\"urlTemplate\":\"https:\/\/tourtravelandmore.com\/es\/?s={search_term_string}\"},\"query-input\":{\"@type\":\"PropertyValueSpecification\",\"valueRequired\":true,\"valueName\":\"search_term_string\"}}],\"inLanguage\":\"es\"},{\"@type\":\"Organization\",\"@id\":\"https:\/\/tourtravelandmore.com\/es\/#organization\",\"name\":\"Tour Travel And More\",\"url\":\"https:\/\/tourtravelandmore.com\/es\/\",\"logo\":{\"@type\":\"ImageObject\",\"inLanguage\":\"es\",\"@id\":\"https:\/\/tourtravelandmore.com\/es\/#\/schema\/logo\/image\/\",\"url\":\"https:\/\/tourtravelandmore.com\/wp-content\/uploads\/2022\/12\/cropped-logo-cabecera-new.png\",\"contentUrl\":\"https:\/\/tourtravelandmore.com\/wp-content\/uploads\/2022\/12\/cropped-logo-cabecera-new.png\",\"width\":430,\"height\":61,\"caption\":\"Tour Travel And More\"},\"image\":{\"@id\":\"https:\/\/tourtravelandmore.com\/es\/#\/schema\/logo\/image\/\"},\"sameAs\":[\"https:\/\/www.facebook.com\/tourtravelandmore\/\",\"https:\/\/x.com\/TourTravel_More\"]}]}<\/script>\n<!-- \/ Yoast SEO Premium plugin. -->","yoast_head_json":{"title":"Tour privado Burdeos con gu\u00eda oficial y recogida dede su Hotel | TTM","description":"Disfruta de este tour privado Burdeos y descubre una de las ciudades m\u00e1s bonitas de Francia, declarada Patrimonio de la humanidad, junto a su gu\u00eda \u2705","robots":{"index":"index","follow":"follow","max-snippet":"max-snippet:-1","max-image-preview":"max-image-preview:large","max-video-preview":"max-video-preview:-1"},"canonical":"https:\/\/tourtravelandmore.com\/es\/tours\/francia\/burdeos-es\/tour-privado-burdeos-con-guia-oficial-y-recogida-dede-su-hotel\/","og_locale":"es_ES","og_type":"article","og_title":"Tour privado a pie por la ciudad de Burdeos con guia oficial","og_description":"Disfruta de este tour privado Burdeos y descubre una de las ciudades m\u00e1s bonitas de Francia, declarada Patrimonio de la humanidad, junto a su gu\u00eda \u2705","og_url":"https:\/\/tourtravelandmore.com\/es\/tours\/francia\/burdeos-es\/tour-privado-burdeos-con-guia-oficial-y-recogida-dede-su-hotel\/","og_site_name":"Tour Travel And More","article_publisher":"https:\/\/www.facebook.com\/tourtravelandmore\/","article_modified_time":"2022-07-08T08:11:30+00:00","og_image":[{"width":960,"height":351,"url":"https:\/\/tourtravelandmore.com\/wp-content\/uploads\/2019\/08\/bordeaux-1726060_960_720.jpg","type":"image\/jpeg"}],"twitter_card":"summary_large_image","twitter_site":"@TourTravel_More","twitter_misc":{"Tiempo de lectura":"2 minutos"},"schema":{"@context":"https:\/\/schema.org","@graph":[{"@type":"WebPage","@id":"https:\/\/tourtravelandmore.com\/es\/tours\/francia\/burdeos-es\/tour-privado-burdeos-con-guia-oficial-y-recogida-dede-su-hotel\/","url":"https:\/\/tourtravelandmore.com\/es\/tours\/francia\/burdeos-es\/tour-privado-burdeos-con-guia-oficial-y-recogida-dede-su-hotel\/","name":"Tour privado Burdeos con gu\u00eda oficial y recogida dede su Hotel | TTM","isPartOf":{"@id":"https:\/\/tourtravelandmore.com\/es\/#website"},"primaryImageOfPage":{"@id":"https:\/\/tourtravelandmore.com\/es\/tours\/francia\/burdeos-es\/tour-privado-burdeos-con-guia-oficial-y-recogida-dede-su-hotel\/#primaryimage"},"image":{"@id":"https:\/\/tourtravelandmore.com\/es\/tours\/francia\/burdeos-es\/tour-privado-burdeos-con-guia-oficial-y-recogida-dede-su-hotel\/#primaryimage"},"thumbnailUrl":"https:\/\/tourtravelandmore.com\/wp-content\/uploads\/2019\/08\/bordeaux-1726060_960_720.jpg","datePublished":"2019-08-14T00:45:58+00:00","dateModified":"2022-07-08T08:11:30+00:00","description":"Disfruta de este tour privado Burdeos y descubre una de las ciudades m\u00e1s bonitas de Francia, declarada Patrimonio de la humanidad, junto a su gu\u00eda \u2705","breadcrumb":{"@id":"https:\/\/tourtravelandmore.com\/es\/tours\/francia\/burdeos-es\/tour-privado-burdeos-con-guia-oficial-y-recogida-dede-su-hotel\/#breadcrumb"},"inLanguage":"es","potentialAction":[{"@type":"ReadAction","target":["https:\/\/tourtravelandmore.com\/es\/tours\/francia\/burdeos-es\/tour-privado-burdeos-con-guia-oficial-y-recogida-dede-su-hotel\/"]}]},{"@type":"ImageObject","inLanguage":"es","@id":"https:\/\/tourtravelandmore.com\/es\/tours\/francia\/burdeos-es\/tour-privado-burdeos-con-guia-oficial-y-recogida-dede-su-hotel\/#primaryimage","url":"https:\/\/tourtravelandmore.com\/wp-content\/uploads\/2019\/08\/bordeaux-1726060_960_720.jpg","contentUrl":"https:\/\/tourtravelandmore.com\/wp-content\/uploads\/2019\/08\/bordeaux-1726060_960_720.jpg","width":960,"height":351,"caption":"Bordeaux"},{"@type":"BreadcrumbList","@id":"https:\/\/tourtravelandmore.com\/es\/tours\/francia\/burdeos-es\/tour-privado-burdeos-con-guia-oficial-y-recogida-dede-su-hotel\/#breadcrumb","itemListElement":[{"@type":"ListItem","position":1,"name":"Home","item":"https:\/\/tourtravelandmore.com\/es\/"},{"@type":"ListItem","position":2,"name":"Tours","item":"https:\/\/tourtravelandmore.com\/es\/tours\/"},{"@type":"ListItem","position":3,"name":"Tour privado a pie por la ciudad de Burdeos con guia oficial"}]},{"@type":"WebSite","@id":"https:\/\/tourtravelandmore.com\/es\/#website","url":"https:\/\/tourtravelandmore.com\/es\/","name":"Tour Travel And More","description":"Private sightseeing tours and luxury transfers in Spain","publisher":{"@id":"https:\/\/tourtravelandmore.com\/es\/#organization"},"potentialAction":[{"@type":"SearchAction","target":{"@type":"EntryPoint","urlTemplate":"https:\/\/tourtravelandmore.com\/es\/?s={search_term_string}"},"query-input":{"@type":"PropertyValueSpecification","valueRequired":true,"valueName":"search_term_string"}}],"inLanguage":"es"},{"@type":"Organization","@id":"https:\/\/tourtravelandmore.com\/es\/#organization","name":"Tour Travel And More","url":"https:\/\/tourtravelandmore.com\/es\/","logo":{"@type":"ImageObject","inLanguage":"es","@id":"https:\/\/tourtravelandmore.com\/es\/#\/schema\/logo\/image\/","url":"https:\/\/tourtravelandmore.com\/wp-content\/uploads\/2022\/12\/cropped-logo-cabecera-new.png","contentUrl":"https:\/\/tourtravelandmore.com\/wp-content\/uploads\/2022\/12\/cropped-logo-cabecera-new.png","width":430,"height":61,"caption":"Tour Travel And More"},"image":{"@id":"https:\/\/tourtravelandmore.com\/es\/#\/schema\/logo\/image\/"},"sameAs":["https:\/\/www.facebook.com\/tourtravelandmore\/","https:\/\/x.com\/TourTravel_More"]}]}},"_links":{"self":[{"href":"https:\/\/tourtravelandmore.com\/es\/wp-json\/wp\/v2\/product\/63523","targetHints":{"allow":["GET"]}}],"collection":[{"href":"https:\/\/tourtravelandmore.com\/es\/wp-json\/wp\/v2\/product"}],"about":[{"href":"https:\/\/tourtravelandmore.com\/es\/wp-json\/wp\/v2\/types\/product"}],"replies":[{"embeddable":true,"href":"https:\/\/tourtravelandmore.com\/es\/wp-json\/wp\/v2\/comments?post=63523"}],"wp:featuredmedia":[{"embeddable":true,"href":"https:\/\/tourtravelandmore.com\/es\/wp-json\/wp\/v2\/media\/63732"}],"wp:attachment":[{"href":"https:\/\/tourtravelandmore.com\/es\/wp-json\/wp\/v2\/media?parent=63523"}],"wp:term":[{"taxonomy":"product_brand","embeddable":true,"href":"https:\/\/tourtravelandmore.com\/es\/wp-json\/wp\/v2\/product_brand?post=63523"},{"taxonomy":"product_cat","embeddable":true,"href":"https:\/\/tourtravelandmore.com\/es\/wp-json\/wp\/v2\/product_cat?post=63523"},{"taxonomy":"product_tag","embeddable":true,"href":"https:\/\/tourtravelandmore.com\/es\/wp-json\/wp\/v2\/product_tag?post=63523"}],"curies":[{"name":"wp","href":"https:\/\/api.w.org\/{rel}","templated":true}]}}