{"id":63464,"date":"2019-08-13T07:06:54","date_gmt":"2019-08-13T05:06:55","guid":{"rendered":"https:\/\/tourtravelandmore.com\/?post_type=product&#038;p=63464"},"modified":"2022-07-25T09:45:47","modified_gmt":"2022-07-25T07:45:47","slug":"tour-privado-museo-memorial-de-caen-con-guia-y-vehiculo","status":"publish","type":"product","link":"https:\/\/tourtravelandmore.com\/es\/tours\/francia\/le-havre-es\/tour-privado-museo-memorial-de-caen-con-guia-y-vehiculo\/","title":{"rendered":"Excursi\u00f3n privada al Museo Memorial de Caen desde el puerto de cruceros de Le Havre"},"content":{"rendered":"<h2>Descripci\u00f3n de la Excursi\u00f3n\u00a0privada al Museo Memorial de Caen desde el puerto de cruceros de Le Havre<\/h2>\n<p><span style=\"font-weight: 400;\">Disfruta de un tour privado Museo Memorial de Caen, desde la Terminal de Cruceros o cualquier lugar en Le Havre.<\/span><\/p>\n<p><span style=\"font-weight: 400;\">Lo recogeremos desde su hotel o sitio de elecci\u00f3n en Le Havre y lo llevaremos a disfrutar este tour privado Museo Memorial de Caen<\/span><span style=\"font-weight: 400;\"> junto a su <\/span><b>gu\u00eda oficial privado,<\/b><span style=\"font-weight: 400;\"> quien le narrar\u00e1 y explicar\u00e1 con detenimiento los eventos hist\u00f3ricos que se muestran en cada espacio del museo.<\/span><\/p>\n<p>La duraci\u00f3n de este tour privado Museo Memorial de Caen es de 5 horas. Pueden escoger la Hora y sitio de comienzo.<\/p>\n<p>Las entradas al Museo Memorial de Caen est\u00e1n incluidas, son entradas sin colas.<\/p>\n<p><span style=\"font-weight: 400;\">Su tour privado por el museo cubrir\u00e1 toda la secci\u00f3n relacionada a la Segunda Guerra Mundial, pasando por los eventos que llevaron a iniciar la guerra, la batalla de Normand\u00eda, los d\u00edas de ocupaci\u00f3n alemana en Francia y mucho m\u00e1s.<\/span><\/p>\n<p><span style=\"font-weight: 400;\">Al final de la excursi\u00f3n, su gu\u00eda privado y su conductor privado lo llevar\u00e1n de regreso a Le Havre.<\/span><\/p>\n<h2>Puntos de inter\u00e9s de la Excursi\u00f3n privada al Museo Memorial de Caen desde el puerto de cruceros de Le Havre<\/h2>\n<p>Nuestro conductor le recoger\u00e1 desde su hotel a la Hora seleccionado y nuestro gu\u00eda oficial estar\u00e1n esperando en el Museo para empezar un tour privado de 3 horas.<\/p>\n<p><span style=\"font-weight: 400;\">Se encuentra ubicado en los suburbios norte\u00f1os de Caen, Normand\u00eda y fue establecido en 1989.<\/span><\/p>\n<p><span style=\"font-weight: 400;\"> Dedicado a los conflictos b\u00e9licos suscitados durante el siglo XX bajo el prop\u00f3sito de mostrar la fragilidad de la paz.\u00a0 <\/span><\/p>\n<p><span style=\"font-weight: 400;\">Conmemora la Segunda Guerra Mundial y la Batalla de Caen a trav\u00e9s sus pasillos. En sus pasillos, se narran e ilustran el progreso de la guerra a\u00f1o tras a\u00f1o hasta su desenvolvimiento. En sus inicios, tuvo como prop\u00f3sito \u00fanico explicar la Segunda Guerra Mundial, mirando las causas y or\u00edgenes del conflicto.<\/span><\/p>\n<p>Si dispone de m\u00e1s d\u00edas en Le Havre, puedes consultar <a href=\"https:\/\/tourtravelandmore.com\/es\/ciudad\/francia\/le-havre-es\/\"><strong>aqu\u00ed<\/strong><\/a>, el resto de tours privados que ofrecemos en la ciudad. No dudes en contactar con nosotros a trav\u00e9s del formulario de contacto del tour.<\/p>\n","protected":false},"excerpt":{"rendered":"<p>Descubre el Museo Memorial de Caen, dedicado a los conflictos b\u00e9licos suscitados durante el siglo XX bajo el prop\u00f3sito de mostrar la fragilidad de la paz. Conmemora la Segunda Guerra Mundial y la Batalla de Caen a trav\u00e9s sus pasillos.<\/p>\n<p><span style=\"font-weight: 400;\">\u00a0<\/span><\/p>\n<h4><\/h4>\n","protected":false},"featured_media":63547,"comment_status":"open","ping_status":"closed","template":"","meta":{"_acf_changed":false},"product_brand":[],"product_cat":[1195,1196,1198],"product_tag":[],"class_list":{"0":"post-63464","1":"product","2":"type-product","3":"status-publish","4":"has-post-thumbnail","6":"product_cat-le-havre-es","7":"product_cat-le-havre-actividades-es","8":"product_cat-le-havre-excursiones-privadas-cruceros-es","10":"first","11":"instock","12":"shipping-taxable","13":"purchasable","14":"product-type-simple"},"acf":[],"yoast_head":"<!-- This site is optimized with the Yoast SEO Premium plugin v25.3.1 (Yoast SEO v25.3.1) - https:\/\/yoast.com\/wordpress\/plugins\/seo\/ -->\n<title>Tour privado Museo Memorial de Caen con guia y Vehiculo | Tour Travel &amp; More<\/title>\n<meta name=\"description\" content=\"Reserve este Tour privado Museo Memorial de Caen con guia y Vehiculo privado y descubra la historia de la famosa batalla de Normad\u00eda \u2705\" \/>\n<meta name=\"robots\" content=\"index, follow, max-snippet:-1, max-image-preview:large, max-video-preview:-1\" \/>\n<link rel=\"canonical\" href=\"https:\/\/tourtravelandmore.com\/es\/tours\/francia\/le-havre-es\/tour-privado-museo-memorial-de-caen-con-guia-y-vehiculo\/\" \/>\n<meta property=\"og:locale\" content=\"es_ES\" \/>\n<meta property=\"og:type\" content=\"article\" \/>\n<meta property=\"og:title\" content=\"Excursi\u00f3n privada al Museo Memorial de Caen desde el puerto de cruceros de Le Havre\" \/>\n<meta property=\"og:description\" content=\"Reserve este Tour privado Museo Memorial de Caen con guia y Vehiculo privado y descubra la historia de la famosa batalla de Normad\u00eda \u2705\" \/>\n<meta property=\"og:url\" content=\"https:\/\/tourtravelandmore.com\/es\/tours\/francia\/le-havre-es\/tour-privado-museo-memorial-de-caen-con-guia-y-vehiculo\/\" \/>\n<meta property=\"og:site_name\" content=\"Tour Travel And More\" \/>\n<meta property=\"article:publisher\" content=\"https:\/\/www.facebook.com\/tourtravelandmore\/\" \/>\n<meta property=\"article:modified_time\" content=\"2022-07-25T07:45:47+00:00\" \/>\n<meta property=\"og:image\" content=\"https:\/\/tourtravelandmore.com\/wp-content\/uploads\/2019\/08\/Caen-1024x680.jpeg\" \/>\n\t<meta property=\"og:image:width\" content=\"1024\" \/>\n\t<meta property=\"og:image:height\" content=\"680\" \/>\n\t<meta property=\"og:image:type\" content=\"image\/jpeg\" \/>\n<meta name=\"twitter:card\" content=\"summary_large_image\" \/>\n<meta name=\"twitter:site\" content=\"@TourTravel_More\" \/>\n<meta name=\"twitter:label1\" content=\"Tiempo de lectura\" \/>\n\t<meta name=\"twitter:data1\" content=\"2 minutos\" \/>\n<script type=\"application\/ld+json\" class=\"yoast-schema-graph\">{\"@context\":\"https:\/\/schema.org\",\"@graph\":[{\"@type\":\"WebPage\",\"@id\":\"https:\/\/tourtravelandmore.com\/es\/tours\/francia\/le-havre-es\/tour-privado-museo-memorial-de-caen-con-guia-y-vehiculo\/\",\"url\":\"https:\/\/tourtravelandmore.com\/es\/tours\/francia\/le-havre-es\/tour-privado-museo-memorial-de-caen-con-guia-y-vehiculo\/\",\"name\":\"Tour privado Museo Memorial de Caen con guia y Vehiculo | Tour Travel & More\",\"isPartOf\":{\"@id\":\"https:\/\/tourtravelandmore.com\/es\/#website\"},\"primaryImageOfPage\":{\"@id\":\"https:\/\/tourtravelandmore.com\/es\/tours\/francia\/le-havre-es\/tour-privado-museo-memorial-de-caen-con-guia-y-vehiculo\/#primaryimage\"},\"image\":{\"@id\":\"https:\/\/tourtravelandmore.com\/es\/tours\/francia\/le-havre-es\/tour-privado-museo-memorial-de-caen-con-guia-y-vehiculo\/#primaryimage\"},\"thumbnailUrl\":\"https:\/\/tourtravelandmore.com\/wp-content\/uploads\/2019\/08\/Caen.jpeg\",\"datePublished\":\"2019-08-13T05:06:55+00:00\",\"dateModified\":\"2022-07-25T07:45:47+00:00\",\"description\":\"Reserve este Tour privado Museo Memorial de Caen con guia y Vehiculo privado y descubra la historia de la famosa batalla de Normad\u00eda \u2705\",\"breadcrumb\":{\"@id\":\"https:\/\/tourtravelandmore.com\/es\/tours\/francia\/le-havre-es\/tour-privado-museo-memorial-de-caen-con-guia-y-vehiculo\/#breadcrumb\"},\"inLanguage\":\"es\",\"potentialAction\":[{\"@type\":\"ReadAction\",\"target\":[\"https:\/\/tourtravelandmore.com\/es\/tours\/francia\/le-havre-es\/tour-privado-museo-memorial-de-caen-con-guia-y-vehiculo\/\"]}]},{\"@type\":\"ImageObject\",\"inLanguage\":\"es\",\"@id\":\"https:\/\/tourtravelandmore.com\/es\/tours\/francia\/le-havre-es\/tour-privado-museo-memorial-de-caen-con-guia-y-vehiculo\/#primaryimage\",\"url\":\"https:\/\/tourtravelandmore.com\/wp-content\/uploads\/2019\/08\/Caen.jpeg\",\"contentUrl\":\"https:\/\/tourtravelandmore.com\/wp-content\/uploads\/2019\/08\/Caen.jpeg\",\"width\":4288,\"height\":2848},{\"@type\":\"BreadcrumbList\",\"@id\":\"https:\/\/tourtravelandmore.com\/es\/tours\/francia\/le-havre-es\/tour-privado-museo-memorial-de-caen-con-guia-y-vehiculo\/#breadcrumb\",\"itemListElement\":[{\"@type\":\"ListItem\",\"position\":1,\"name\":\"Home\",\"item\":\"https:\/\/tourtravelandmore.com\/es\/\"},{\"@type\":\"ListItem\",\"position\":2,\"name\":\"Tours\",\"item\":\"https:\/\/tourtravelandmore.com\/es\/tours\/\"},{\"@type\":\"ListItem\",\"position\":3,\"name\":\"Excursi\u00f3n privada al Museo Memorial de Caen desde el puerto de cruceros de Le Havre\"}]},{\"@type\":\"WebSite\",\"@id\":\"https:\/\/tourtravelandmore.com\/es\/#website\",\"url\":\"https:\/\/tourtravelandmore.com\/es\/\",\"name\":\"Tour Travel And More\",\"description\":\"Private sightseeing tours and luxury transfers in Spain\",\"publisher\":{\"@id\":\"https:\/\/tourtravelandmore.com\/es\/#organization\"},\"potentialAction\":[{\"@type\":\"SearchAction\",\"target\":{\"@type\":\"EntryPoint\",\"urlTemplate\":\"https:\/\/tourtravelandmore.com\/es\/?s={search_term_string}\"},\"query-input\":{\"@type\":\"PropertyValueSpecification\",\"valueRequired\":true,\"valueName\":\"search_term_string\"}}],\"inLanguage\":\"es\"},{\"@type\":\"Organization\",\"@id\":\"https:\/\/tourtravelandmore.com\/es\/#organization\",\"name\":\"Tour Travel And More\",\"url\":\"https:\/\/tourtravelandmore.com\/es\/\",\"logo\":{\"@type\":\"ImageObject\",\"inLanguage\":\"es\",\"@id\":\"https:\/\/tourtravelandmore.com\/es\/#\/schema\/logo\/image\/\",\"url\":\"https:\/\/tourtravelandmore.com\/wp-content\/uploads\/2022\/12\/cropped-logo-cabecera-new.png\",\"contentUrl\":\"https:\/\/tourtravelandmore.com\/wp-content\/uploads\/2022\/12\/cropped-logo-cabecera-new.png\",\"width\":430,\"height\":61,\"caption\":\"Tour Travel And More\"},\"image\":{\"@id\":\"https:\/\/tourtravelandmore.com\/es\/#\/schema\/logo\/image\/\"},\"sameAs\":[\"https:\/\/www.facebook.com\/tourtravelandmore\/\",\"https:\/\/x.com\/TourTravel_More\"]}]}<\/script>\n<!-- \/ Yoast SEO Premium plugin. -->","yoast_head_json":{"title":"Tour privado Museo Memorial de Caen con guia y Vehiculo | Tour Travel & More","description":"Reserve este Tour privado Museo Memorial de Caen con guia y Vehiculo privado y descubra la historia de la famosa batalla de Normad\u00eda \u2705","robots":{"index":"index","follow":"follow","max-snippet":"max-snippet:-1","max-image-preview":"max-image-preview:large","max-video-preview":"max-video-preview:-1"},"canonical":"https:\/\/tourtravelandmore.com\/es\/tours\/francia\/le-havre-es\/tour-privado-museo-memorial-de-caen-con-guia-y-vehiculo\/","og_locale":"es_ES","og_type":"article","og_title":"Excursi\u00f3n privada al Museo Memorial de Caen desde el puerto de cruceros de Le Havre","og_description":"Reserve este Tour privado Museo Memorial de Caen con guia y Vehiculo privado y descubra la historia de la famosa batalla de Normad\u00eda \u2705","og_url":"https:\/\/tourtravelandmore.com\/es\/tours\/francia\/le-havre-es\/tour-privado-museo-memorial-de-caen-con-guia-y-vehiculo\/","og_site_name":"Tour Travel And More","article_publisher":"https:\/\/www.facebook.com\/tourtravelandmore\/","article_modified_time":"2022-07-25T07:45:47+00:00","og_image":[{"width":1024,"height":680,"url":"https:\/\/tourtravelandmore.com\/wp-content\/uploads\/2019\/08\/Caen-1024x680.jpeg","type":"image\/jpeg"}],"twitter_card":"summary_large_image","twitter_site":"@TourTravel_More","twitter_misc":{"Tiempo de lectura":"2 minutos"},"schema":{"@context":"https:\/\/schema.org","@graph":[{"@type":"WebPage","@id":"https:\/\/tourtravelandmore.com\/es\/tours\/francia\/le-havre-es\/tour-privado-museo-memorial-de-caen-con-guia-y-vehiculo\/","url":"https:\/\/tourtravelandmore.com\/es\/tours\/francia\/le-havre-es\/tour-privado-museo-memorial-de-caen-con-guia-y-vehiculo\/","name":"Tour privado Museo Memorial de Caen con guia y Vehiculo | Tour Travel & More","isPartOf":{"@id":"https:\/\/tourtravelandmore.com\/es\/#website"},"primaryImageOfPage":{"@id":"https:\/\/tourtravelandmore.com\/es\/tours\/francia\/le-havre-es\/tour-privado-museo-memorial-de-caen-con-guia-y-vehiculo\/#primaryimage"},"image":{"@id":"https:\/\/tourtravelandmore.com\/es\/tours\/francia\/le-havre-es\/tour-privado-museo-memorial-de-caen-con-guia-y-vehiculo\/#primaryimage"},"thumbnailUrl":"https:\/\/tourtravelandmore.com\/wp-content\/uploads\/2019\/08\/Caen.jpeg","datePublished":"2019-08-13T05:06:55+00:00","dateModified":"2022-07-25T07:45:47+00:00","description":"Reserve este Tour privado Museo Memorial de Caen con guia y Vehiculo privado y descubra la historia de la famosa batalla de Normad\u00eda \u2705","breadcrumb":{"@id":"https:\/\/tourtravelandmore.com\/es\/tours\/francia\/le-havre-es\/tour-privado-museo-memorial-de-caen-con-guia-y-vehiculo\/#breadcrumb"},"inLanguage":"es","potentialAction":[{"@type":"ReadAction","target":["https:\/\/tourtravelandmore.com\/es\/tours\/francia\/le-havre-es\/tour-privado-museo-memorial-de-caen-con-guia-y-vehiculo\/"]}]},{"@type":"ImageObject","inLanguage":"es","@id":"https:\/\/tourtravelandmore.com\/es\/tours\/francia\/le-havre-es\/tour-privado-museo-memorial-de-caen-con-guia-y-vehiculo\/#primaryimage","url":"https:\/\/tourtravelandmore.com\/wp-content\/uploads\/2019\/08\/Caen.jpeg","contentUrl":"https:\/\/tourtravelandmore.com\/wp-content\/uploads\/2019\/08\/Caen.jpeg","width":4288,"height":2848},{"@type":"BreadcrumbList","@id":"https:\/\/tourtravelandmore.com\/es\/tours\/francia\/le-havre-es\/tour-privado-museo-memorial-de-caen-con-guia-y-vehiculo\/#breadcrumb","itemListElement":[{"@type":"ListItem","position":1,"name":"Home","item":"https:\/\/tourtravelandmore.com\/es\/"},{"@type":"ListItem","position":2,"name":"Tours","item":"https:\/\/tourtravelandmore.com\/es\/tours\/"},{"@type":"ListItem","position":3,"name":"Excursi\u00f3n privada al Museo Memorial de Caen desde el puerto de cruceros de Le Havre"}]},{"@type":"WebSite","@id":"https:\/\/tourtravelandmore.com\/es\/#website","url":"https:\/\/tourtravelandmore.com\/es\/","name":"Tour Travel And More","description":"Private sightseeing tours and luxury transfers in Spain","publisher":{"@id":"https:\/\/tourtravelandmore.com\/es\/#organization"},"potentialAction":[{"@type":"SearchAction","target":{"@type":"EntryPoint","urlTemplate":"https:\/\/tourtravelandmore.com\/es\/?s={search_term_string}"},"query-input":{"@type":"PropertyValueSpecification","valueRequired":true,"valueName":"search_term_string"}}],"inLanguage":"es"},{"@type":"Organization","@id":"https:\/\/tourtravelandmore.com\/es\/#organization","name":"Tour Travel And More","url":"https:\/\/tourtravelandmore.com\/es\/","logo":{"@type":"ImageObject","inLanguage":"es","@id":"https:\/\/tourtravelandmore.com\/es\/#\/schema\/logo\/image\/","url":"https:\/\/tourtravelandmore.com\/wp-content\/uploads\/2022\/12\/cropped-logo-cabecera-new.png","contentUrl":"https:\/\/tourtravelandmore.com\/wp-content\/uploads\/2022\/12\/cropped-logo-cabecera-new.png","width":430,"height":61,"caption":"Tour Travel And More"},"image":{"@id":"https:\/\/tourtravelandmore.com\/es\/#\/schema\/logo\/image\/"},"sameAs":["https:\/\/www.facebook.com\/tourtravelandmore\/","https:\/\/x.com\/TourTravel_More"]}]}},"_links":{"self":[{"href":"https:\/\/tourtravelandmore.com\/es\/wp-json\/wp\/v2\/product\/63464","targetHints":{"allow":["GET"]}}],"collection":[{"href":"https:\/\/tourtravelandmore.com\/es\/wp-json\/wp\/v2\/product"}],"about":[{"href":"https:\/\/tourtravelandmore.com\/es\/wp-json\/wp\/v2\/types\/product"}],"replies":[{"embeddable":true,"href":"https:\/\/tourtravelandmore.com\/es\/wp-json\/wp\/v2\/comments?post=63464"}],"wp:featuredmedia":[{"embeddable":true,"href":"https:\/\/tourtravelandmore.com\/es\/wp-json\/wp\/v2\/media\/63547"}],"wp:attachment":[{"href":"https:\/\/tourtravelandmore.com\/es\/wp-json\/wp\/v2\/media?parent=63464"}],"wp:term":[{"taxonomy":"product_brand","embeddable":true,"href":"https:\/\/tourtravelandmore.com\/es\/wp-json\/wp\/v2\/product_brand?post=63464"},{"taxonomy":"product_cat","embeddable":true,"href":"https:\/\/tourtravelandmore.com\/es\/wp-json\/wp\/v2\/product_cat?post=63464"},{"taxonomy":"product_tag","embeddable":true,"href":"https:\/\/tourtravelandmore.com\/es\/wp-json\/wp\/v2\/product_tag?post=63464"}],"curies":[{"name":"wp","href":"https:\/\/api.w.org\/{rel}","templated":true}]}}