{"id":63442,"date":"2019-08-13T06:25:14","date_gmt":"2019-08-13T04:25:15","guid":{"rendered":"https:\/\/tourtravelandmore.com\/?post_type=product&#038;p=63442"},"modified":"2022-07-25T09:42:06","modified_gmt":"2022-07-25T07:42:06","slug":"tour-privado-desembarco-de-normandia-con-guia-y-vehiculo","status":"publish","type":"product","link":"https:\/\/tourtravelandmore.com\/es\/tours\/francia\/le-havre-es\/tour-privado-desembarco-de-normandia-con-guia-y-vehiculo\/","title":{"rendered":"Excursi\u00f3n privada a las playas del desembarco de Normand\u00eda desde el puerto de cruceros de Le Havre"},"content":{"rendered":"<h2>Descripci\u00f3n de la Excursi\u00f3n\u00a0privada a las playas del desembarco de Normand\u00eda desde el puerto de cruceros de Le Havre<\/h2>\n<p><span style=\"font-weight: 400;\">Nuestro gu\u00eda oficial privado y veh\u00edculo con chofer, le recoger\u00e1n desde la Terminal de Cruceros de la Harve, y nos dirigiremos hacia las bah\u00edas de desembarco, para empezar este tour privado desembarco de Normand\u00eda.<br \/>\n<\/span><\/p>\n<p>Con esta excursi\u00f3n privada <b>visitar\u00e1s Utah y Omaha Beach, Pointe du Hoc, el Cementerio Americano<\/b> y muchos otros lugares\u00a0clave del Desembarco de Normand\u00eda.<\/p>\n<p>La duraci\u00f3n de este tour privado desembarco de Normand\u00eda es de 8 horas. Al ser un tour privado pueden escoger la hora y lugar de comienzo.<\/p>\n<h2>Puntos de inter\u00e9s en la Excursi\u00f3n privada a las playas del desembarco de Normand\u00eda desde el puerto de cruceros de Le Havre<\/h2>\n<p>Los desembarcos realizados en Normand\u00eda fueron operaciones de desembarco que se llevaron el martes 6 de junio de 1944 con la invasi\u00f3n aliada de las playas normandas de Utah, Omaha, Juno, Gold, Sword y Pointe du Hoc en la Operaci\u00f3n Overlord durante la Segunda Guerra Mundial y es conocida hasta nuestros d\u00edas como la mayor invasi\u00f3n mar\u00edtima de la historia, con casi 160,000 tropas que cruzaron el Canal de la Mancha. En la playa de Omaha, partes del puerto de Mulberry todav\u00eda son visibles, quedando tambi\u00e9n algunos de los obst\u00e1culos en la playa. Pointe du Hoc permanece casi igual desde 1944, con el terreno cubierto de cr\u00e1teres de bombas y la mayor\u00eda de los bunkers de concreto a\u00fan en pie.<\/p>\n<p><span style=\"font-weight: 400;\">Su excursi\u00f3n privada cubrir\u00e1 algunos de los sitios m\u00e1s relevantes de Normand\u00eda.\u00a0 Dentro de los sitios a visitar est\u00e1n:\u00a0<\/span><\/p>\n<ul>\n<li><b>Arromanches<\/b><\/li>\n<li><strong>Museo de desembarco del D\u00eda-d<\/strong><\/li>\n<li><strong>El cementerio Estadounidense<\/strong><\/li>\n<li><strong>Puente du Hoc (Pointe du Hoc)<\/strong><\/li>\n<li><strong>Port-en-Bessin<\/strong><\/li>\n<li><strong>Y muchos lugares m\u00e1s<\/strong><\/li>\n<\/ul>\n<p><span style=\"font-weight: 400;\">La primera parada ser\u00e1 el Museo de Desembarco de Arromanches. Pasaremos luego por el cementerio Estadounidense cerca de la playa de Omaha. <\/span><\/p>\n<p><span style=\"font-weight: 400;\">Culminaremos en Pointe du Hoc, el cual ha mantenido su infraestructura y cr\u00e1teres hasta el d\u00eda de hoy.<\/span><\/p>\n<p><span style=\"font-weight: 400;\">Al final de la excursi\u00f3n, su gu\u00eda privado y su conductor privado lo llevar\u00e1n de regreso a Le Havre. Si tiene curiosidad por visitar m\u00e1s lugares, cont\u00e1ctenos para hacer de su experiencia \u00fanica y nos adaptaremos a sus preferencias.<br \/>\n<\/span><\/p>\n<p>Si su crucero va a parar en m\u00e1s fuertes, puedes consultar<strong><a href=\"https:\/\/tourtravelandmore.com\/es\/tours\/\"> aqu\u00ed<\/a><\/strong>, el resto de Ciudades d\u00f3nde operamos, para ofrecerle excursiones privadas \u00fanicas, desde las terminales de cruceros.<\/p>\n","protected":false},"excerpt":{"rendered":"<p><span style=\"font-weight: 400;\">Explore la riqueza hist\u00f3rica de<\/span><b> Normand\u00eda<\/b><span style=\"font-weight: 400;\"> con esta <\/span><b>excursi\u00f3n completamente privada a las playas del desembarco del D\u00eda-D<\/b><span style=\"font-weight: 400;\">. A lo largo del recorrido, aprender\u00e1 los eventos hist\u00f3ricos que tuvieron lugar en este sitio junto a su <\/span><b>gu\u00eda privado<\/b><span style=\"font-weight: 400;\">. El recorrido cuenta con un <\/span><b>veh\u00edculo privado de lujo<\/b><span style=\"font-weight: 400;\"> con conductor que puede recogerlo donde lo necesite.<\/span><\/p>\n<p>&nbsp;<\/p>\n","protected":false},"featured_media":63454,"comment_status":"open","ping_status":"closed","template":"","meta":{"_acf_changed":false},"product_brand":[],"product_cat":[1195,1196,1198],"product_tag":[],"class_list":{"0":"post-63442","1":"product","2":"type-product","3":"status-publish","4":"has-post-thumbnail","6":"product_cat-le-havre-es","7":"product_cat-le-havre-actividades-es","8":"product_cat-le-havre-excursiones-privadas-cruceros-es","10":"first","11":"instock","12":"shipping-taxable","13":"purchasable","14":"product-type-simple"},"acf":[],"yoast_head":"<!-- This site is optimized with the Yoast SEO Premium plugin v25.3.1 (Yoast SEO v25.3.1) - https:\/\/yoast.com\/wordpress\/plugins\/seo\/ -->\n<title>Tour privado desembarco de Normand\u00eda con guia y vehiculo | Tour Travel &amp; More<\/title>\n<meta name=\"description\" content=\"Disfruta de este Tour privado desembarco de Normand\u00eda con guia y vehiculo y descubre d\u00f3nde los lugares e historia d\u00f3nde sucedi\u00f3 el famoso desembarco \u2705\" \/>\n<meta name=\"robots\" content=\"index, follow, max-snippet:-1, max-image-preview:large, max-video-preview:-1\" \/>\n<link rel=\"canonical\" href=\"https:\/\/tourtravelandmore.com\/es\/tours\/francia\/le-havre-es\/tour-privado-desembarco-de-normandia-con-guia-y-vehiculo\/\" \/>\n<meta property=\"og:locale\" content=\"es_ES\" \/>\n<meta property=\"og:type\" content=\"article\" \/>\n<meta property=\"og:title\" content=\"Excursi\u00f3n privada a las playas del desembarco de Normand\u00eda desde el puerto de cruceros de Le Havre\" \/>\n<meta property=\"og:description\" content=\"Disfruta de este Tour privado desembarco de Normand\u00eda con guia y vehiculo y descubre d\u00f3nde los lugares e historia d\u00f3nde sucedi\u00f3 el famoso desembarco \u2705\" \/>\n<meta property=\"og:url\" content=\"https:\/\/tourtravelandmore.com\/es\/tours\/francia\/le-havre-es\/tour-privado-desembarco-de-normandia-con-guia-y-vehiculo\/\" \/>\n<meta property=\"og:site_name\" content=\"Tour Travel And More\" \/>\n<meta property=\"article:publisher\" content=\"https:\/\/www.facebook.com\/tourtravelandmore\/\" \/>\n<meta property=\"article:modified_time\" content=\"2022-07-25T07:42:06+00:00\" \/>\n<meta property=\"og:image\" content=\"https:\/\/tourtravelandmore.com\/wp-content\/uploads\/2019\/08\/omaha-beach-2137527_1280.jpg\" \/>\n\t<meta property=\"og:image:width\" content=\"1280\" \/>\n\t<meta property=\"og:image:height\" content=\"841\" \/>\n\t<meta property=\"og:image:type\" content=\"image\/jpeg\" \/>\n<meta name=\"twitter:card\" content=\"summary_large_image\" \/>\n<meta name=\"twitter:site\" content=\"@TourTravel_More\" \/>\n<meta name=\"twitter:label1\" content=\"Tiempo de lectura\" \/>\n\t<meta name=\"twitter:data1\" content=\"2 minutos\" \/>\n<script type=\"application\/ld+json\" class=\"yoast-schema-graph\">{\"@context\":\"https:\/\/schema.org\",\"@graph\":[{\"@type\":\"WebPage\",\"@id\":\"https:\/\/tourtravelandmore.com\/es\/tours\/francia\/le-havre-es\/tour-privado-desembarco-de-normandia-con-guia-y-vehiculo\/\",\"url\":\"https:\/\/tourtravelandmore.com\/es\/tours\/francia\/le-havre-es\/tour-privado-desembarco-de-normandia-con-guia-y-vehiculo\/\",\"name\":\"Tour privado desembarco de Normand\u00eda con guia y vehiculo | Tour Travel & More\",\"isPartOf\":{\"@id\":\"https:\/\/tourtravelandmore.com\/es\/#website\"},\"primaryImageOfPage\":{\"@id\":\"https:\/\/tourtravelandmore.com\/es\/tours\/francia\/le-havre-es\/tour-privado-desembarco-de-normandia-con-guia-y-vehiculo\/#primaryimage\"},\"image\":{\"@id\":\"https:\/\/tourtravelandmore.com\/es\/tours\/francia\/le-havre-es\/tour-privado-desembarco-de-normandia-con-guia-y-vehiculo\/#primaryimage\"},\"thumbnailUrl\":\"https:\/\/tourtravelandmore.com\/wp-content\/uploads\/2019\/08\/omaha-beach-2137527_1280.jpg\",\"datePublished\":\"2019-08-13T04:25:15+00:00\",\"dateModified\":\"2022-07-25T07:42:06+00:00\",\"description\":\"Disfruta de este Tour privado desembarco de Normand\u00eda con guia y vehiculo y descubre d\u00f3nde los lugares e historia d\u00f3nde sucedi\u00f3 el famoso desembarco \u2705\",\"breadcrumb\":{\"@id\":\"https:\/\/tourtravelandmore.com\/es\/tours\/francia\/le-havre-es\/tour-privado-desembarco-de-normandia-con-guia-y-vehiculo\/#breadcrumb\"},\"inLanguage\":\"es\",\"potentialAction\":[{\"@type\":\"ReadAction\",\"target\":[\"https:\/\/tourtravelandmore.com\/es\/tours\/francia\/le-havre-es\/tour-privado-desembarco-de-normandia-con-guia-y-vehiculo\/\"]}]},{\"@type\":\"ImageObject\",\"inLanguage\":\"es\",\"@id\":\"https:\/\/tourtravelandmore.com\/es\/tours\/francia\/le-havre-es\/tour-privado-desembarco-de-normandia-con-guia-y-vehiculo\/#primaryimage\",\"url\":\"https:\/\/tourtravelandmore.com\/wp-content\/uploads\/2019\/08\/omaha-beach-2137527_1280.jpg\",\"contentUrl\":\"https:\/\/tourtravelandmore.com\/wp-content\/uploads\/2019\/08\/omaha-beach-2137527_1280.jpg\",\"width\":1280,\"height\":841},{\"@type\":\"BreadcrumbList\",\"@id\":\"https:\/\/tourtravelandmore.com\/es\/tours\/francia\/le-havre-es\/tour-privado-desembarco-de-normandia-con-guia-y-vehiculo\/#breadcrumb\",\"itemListElement\":[{\"@type\":\"ListItem\",\"position\":1,\"name\":\"Home\",\"item\":\"https:\/\/tourtravelandmore.com\/es\/\"},{\"@type\":\"ListItem\",\"position\":2,\"name\":\"Tours\",\"item\":\"https:\/\/tourtravelandmore.com\/es\/tours\/\"},{\"@type\":\"ListItem\",\"position\":3,\"name\":\"Excursi\u00f3n privada a las playas del desembarco de Normand\u00eda desde el puerto de cruceros de Le Havre\"}]},{\"@type\":\"WebSite\",\"@id\":\"https:\/\/tourtravelandmore.com\/es\/#website\",\"url\":\"https:\/\/tourtravelandmore.com\/es\/\",\"name\":\"Tour Travel And More\",\"description\":\"Private sightseeing tours and luxury transfers in Spain\",\"publisher\":{\"@id\":\"https:\/\/tourtravelandmore.com\/es\/#organization\"},\"potentialAction\":[{\"@type\":\"SearchAction\",\"target\":{\"@type\":\"EntryPoint\",\"urlTemplate\":\"https:\/\/tourtravelandmore.com\/es\/?s={search_term_string}\"},\"query-input\":{\"@type\":\"PropertyValueSpecification\",\"valueRequired\":true,\"valueName\":\"search_term_string\"}}],\"inLanguage\":\"es\"},{\"@type\":\"Organization\",\"@id\":\"https:\/\/tourtravelandmore.com\/es\/#organization\",\"name\":\"Tour Travel And More\",\"url\":\"https:\/\/tourtravelandmore.com\/es\/\",\"logo\":{\"@type\":\"ImageObject\",\"inLanguage\":\"es\",\"@id\":\"https:\/\/tourtravelandmore.com\/es\/#\/schema\/logo\/image\/\",\"url\":\"https:\/\/tourtravelandmore.com\/wp-content\/uploads\/2022\/12\/cropped-logo-cabecera-new.png\",\"contentUrl\":\"https:\/\/tourtravelandmore.com\/wp-content\/uploads\/2022\/12\/cropped-logo-cabecera-new.png\",\"width\":430,\"height\":61,\"caption\":\"Tour Travel And More\"},\"image\":{\"@id\":\"https:\/\/tourtravelandmore.com\/es\/#\/schema\/logo\/image\/\"},\"sameAs\":[\"https:\/\/www.facebook.com\/tourtravelandmore\/\",\"https:\/\/x.com\/TourTravel_More\"]}]}<\/script>\n<!-- \/ Yoast SEO Premium plugin. -->","yoast_head_json":{"title":"Tour privado desembarco de Normand\u00eda con guia y vehiculo | Tour Travel & More","description":"Disfruta de este Tour privado desembarco de Normand\u00eda con guia y vehiculo y descubre d\u00f3nde los lugares e historia d\u00f3nde sucedi\u00f3 el famoso desembarco \u2705","robots":{"index":"index","follow":"follow","max-snippet":"max-snippet:-1","max-image-preview":"max-image-preview:large","max-video-preview":"max-video-preview:-1"},"canonical":"https:\/\/tourtravelandmore.com\/es\/tours\/francia\/le-havre-es\/tour-privado-desembarco-de-normandia-con-guia-y-vehiculo\/","og_locale":"es_ES","og_type":"article","og_title":"Excursi\u00f3n privada a las playas del desembarco de Normand\u00eda desde el puerto de cruceros de Le Havre","og_description":"Disfruta de este Tour privado desembarco de Normand\u00eda con guia y vehiculo y descubre d\u00f3nde los lugares e historia d\u00f3nde sucedi\u00f3 el famoso desembarco \u2705","og_url":"https:\/\/tourtravelandmore.com\/es\/tours\/francia\/le-havre-es\/tour-privado-desembarco-de-normandia-con-guia-y-vehiculo\/","og_site_name":"Tour Travel And More","article_publisher":"https:\/\/www.facebook.com\/tourtravelandmore\/","article_modified_time":"2022-07-25T07:42:06+00:00","og_image":[{"width":1280,"height":841,"url":"https:\/\/tourtravelandmore.com\/wp-content\/uploads\/2019\/08\/omaha-beach-2137527_1280.jpg","type":"image\/jpeg"}],"twitter_card":"summary_large_image","twitter_site":"@TourTravel_More","twitter_misc":{"Tiempo de lectura":"2 minutos"},"schema":{"@context":"https:\/\/schema.org","@graph":[{"@type":"WebPage","@id":"https:\/\/tourtravelandmore.com\/es\/tours\/francia\/le-havre-es\/tour-privado-desembarco-de-normandia-con-guia-y-vehiculo\/","url":"https:\/\/tourtravelandmore.com\/es\/tours\/francia\/le-havre-es\/tour-privado-desembarco-de-normandia-con-guia-y-vehiculo\/","name":"Tour privado desembarco de Normand\u00eda con guia y vehiculo | Tour Travel & More","isPartOf":{"@id":"https:\/\/tourtravelandmore.com\/es\/#website"},"primaryImageOfPage":{"@id":"https:\/\/tourtravelandmore.com\/es\/tours\/francia\/le-havre-es\/tour-privado-desembarco-de-normandia-con-guia-y-vehiculo\/#primaryimage"},"image":{"@id":"https:\/\/tourtravelandmore.com\/es\/tours\/francia\/le-havre-es\/tour-privado-desembarco-de-normandia-con-guia-y-vehiculo\/#primaryimage"},"thumbnailUrl":"https:\/\/tourtravelandmore.com\/wp-content\/uploads\/2019\/08\/omaha-beach-2137527_1280.jpg","datePublished":"2019-08-13T04:25:15+00:00","dateModified":"2022-07-25T07:42:06+00:00","description":"Disfruta de este Tour privado desembarco de Normand\u00eda con guia y vehiculo y descubre d\u00f3nde los lugares e historia d\u00f3nde sucedi\u00f3 el famoso desembarco \u2705","breadcrumb":{"@id":"https:\/\/tourtravelandmore.com\/es\/tours\/francia\/le-havre-es\/tour-privado-desembarco-de-normandia-con-guia-y-vehiculo\/#breadcrumb"},"inLanguage":"es","potentialAction":[{"@type":"ReadAction","target":["https:\/\/tourtravelandmore.com\/es\/tours\/francia\/le-havre-es\/tour-privado-desembarco-de-normandia-con-guia-y-vehiculo\/"]}]},{"@type":"ImageObject","inLanguage":"es","@id":"https:\/\/tourtravelandmore.com\/es\/tours\/francia\/le-havre-es\/tour-privado-desembarco-de-normandia-con-guia-y-vehiculo\/#primaryimage","url":"https:\/\/tourtravelandmore.com\/wp-content\/uploads\/2019\/08\/omaha-beach-2137527_1280.jpg","contentUrl":"https:\/\/tourtravelandmore.com\/wp-content\/uploads\/2019\/08\/omaha-beach-2137527_1280.jpg","width":1280,"height":841},{"@type":"BreadcrumbList","@id":"https:\/\/tourtravelandmore.com\/es\/tours\/francia\/le-havre-es\/tour-privado-desembarco-de-normandia-con-guia-y-vehiculo\/#breadcrumb","itemListElement":[{"@type":"ListItem","position":1,"name":"Home","item":"https:\/\/tourtravelandmore.com\/es\/"},{"@type":"ListItem","position":2,"name":"Tours","item":"https:\/\/tourtravelandmore.com\/es\/tours\/"},{"@type":"ListItem","position":3,"name":"Excursi\u00f3n privada a las playas del desembarco de Normand\u00eda desde el puerto de cruceros de Le Havre"}]},{"@type":"WebSite","@id":"https:\/\/tourtravelandmore.com\/es\/#website","url":"https:\/\/tourtravelandmore.com\/es\/","name":"Tour Travel And More","description":"Private sightseeing tours and luxury transfers in Spain","publisher":{"@id":"https:\/\/tourtravelandmore.com\/es\/#organization"},"potentialAction":[{"@type":"SearchAction","target":{"@type":"EntryPoint","urlTemplate":"https:\/\/tourtravelandmore.com\/es\/?s={search_term_string}"},"query-input":{"@type":"PropertyValueSpecification","valueRequired":true,"valueName":"search_term_string"}}],"inLanguage":"es"},{"@type":"Organization","@id":"https:\/\/tourtravelandmore.com\/es\/#organization","name":"Tour Travel And More","url":"https:\/\/tourtravelandmore.com\/es\/","logo":{"@type":"ImageObject","inLanguage":"es","@id":"https:\/\/tourtravelandmore.com\/es\/#\/schema\/logo\/image\/","url":"https:\/\/tourtravelandmore.com\/wp-content\/uploads\/2022\/12\/cropped-logo-cabecera-new.png","contentUrl":"https:\/\/tourtravelandmore.com\/wp-content\/uploads\/2022\/12\/cropped-logo-cabecera-new.png","width":430,"height":61,"caption":"Tour Travel And More"},"image":{"@id":"https:\/\/tourtravelandmore.com\/es\/#\/schema\/logo\/image\/"},"sameAs":["https:\/\/www.facebook.com\/tourtravelandmore\/","https:\/\/x.com\/TourTravel_More"]}]}},"_links":{"self":[{"href":"https:\/\/tourtravelandmore.com\/es\/wp-json\/wp\/v2\/product\/63442","targetHints":{"allow":["GET"]}}],"collection":[{"href":"https:\/\/tourtravelandmore.com\/es\/wp-json\/wp\/v2\/product"}],"about":[{"href":"https:\/\/tourtravelandmore.com\/es\/wp-json\/wp\/v2\/types\/product"}],"replies":[{"embeddable":true,"href":"https:\/\/tourtravelandmore.com\/es\/wp-json\/wp\/v2\/comments?post=63442"}],"wp:featuredmedia":[{"embeddable":true,"href":"https:\/\/tourtravelandmore.com\/es\/wp-json\/wp\/v2\/media\/63454"}],"wp:attachment":[{"href":"https:\/\/tourtravelandmore.com\/es\/wp-json\/wp\/v2\/media?parent=63442"}],"wp:term":[{"taxonomy":"product_brand","embeddable":true,"href":"https:\/\/tourtravelandmore.com\/es\/wp-json\/wp\/v2\/product_brand?post=63442"},{"taxonomy":"product_cat","embeddable":true,"href":"https:\/\/tourtravelandmore.com\/es\/wp-json\/wp\/v2\/product_cat?post=63442"},{"taxonomy":"product_tag","embeddable":true,"href":"https:\/\/tourtravelandmore.com\/es\/wp-json\/wp\/v2\/product_tag?post=63442"}],"curies":[{"name":"wp","href":"https:\/\/api.w.org\/{rel}","templated":true}]}}