{"id":63426,"date":"2019-08-13T05:33:25","date_gmt":"2019-08-13T03:33:26","guid":{"rendered":"https:\/\/tourtravelandmore.com\/?post_type=product&#038;p=63426"},"modified":"2022-07-25T09:44:46","modified_gmt":"2022-07-25T07:44:46","slug":"tour-versalles-desde-le-harve-tour-privado-con-guia-y-vehiculo","status":"publish","type":"product","link":"https:\/\/tourtravelandmore.com\/es\/tours\/francia\/le-havre-es\/tour-versalles-desde-le-harve-tour-privado-con-guia-y-vehiculo\/","title":{"rendered":"Excursi\u00f3n privada al Palacio de Versalles desde Le Havre"},"content":{"rendered":"<h2>Descripci\u00f3n de la Excursi\u00f3n\u00a0privada al Palacio de Versalles desde Le Havre<\/h2>\n<p><span style=\"font-weight: 400;\">Reserve un Tour Versalles desde Le Harve con gu\u00eda oficial y veh\u00edculo privado.<\/span><\/p>\n<p>El esplendor del Palacio de Versailles es conocido en el mundo entero. Antiguo hogar de reinas y reyes franceses, es una aut\u00e9ntica maravilla del barroco franc\u00e9s, hoy en d\u00eda el Palacio de Versalles y sus magn\u00edficos jardines est\u00e1n abiertos al p\u00fablico.<\/p>\n<p>Para los visitantes de Par\u00eds, la ciudad de Versalles y su palacio son una visita obligada.<\/p>\n<p>La ciudad de Versalles est\u00e1 situada a 17 kil\u00f3metros al suroeste del centro de Par\u00eds. Adem\u00e1s, otro lugar sorprendente es la Sala del Juego de la Pelota construida a finales del siglo XVII para practicar este deporte considerado un antecesor del tenis.<\/p>\n<p>Aqu\u00ed tuvo sitio el famoso Juramento del Juego de la Pelota el 20 de junio de 1789, cuando 578 diputados de los Estados Generales se autoproclamaron Asamblea Nacional y juraron no separase hasta haber dado una constituci\u00f3n a Francia. Este acto se considera el inicio de la Revoluci\u00f3n Francesa.<\/p>\n<p>La duraci\u00f3n de este Tour Versalles desde Le Harve es de 10 horas. Al ser un tour completamente privado, pueden escoger el sitio de comienzo y la hora.<\/p>\n<h2>Puntos de inter\u00e9s Excursi\u00f3n privada al Palacio de Versalles desde Le Havre<\/h2>\n<p>Nuestro veh\u00edculo privado le recoger\u00e1 desde la Terminal de cruceros de La Harve, para dirigirnos al Palacio de Versalles, d\u00f3nde estar\u00e1 esperando su gu\u00eda para empezar un tour privado del Palacio de 3 horas.<\/p>\n<p>Las entradas al Palacio y Jardines est\u00e1n incluidas en el tour, para evitar colas y esperas.<\/p>\n<p><span style=\"font-weight: 400;\">Durante su recorrido privado descubrir\u00e1 algunos de los sitios m\u00e1s reconocidos, donde ser\u00e1 testigo de la belleza arquitect\u00f3nica de la ciudad. Entre los sitios que visitar\u00e1, le ofrecemos:\u00a0<\/span><\/p>\n<ul>\n<li style=\"font-weight: 400;\"><strong>El huerto del rey<\/strong><\/li>\n<li style=\"font-weight: 400;\"><strong>La iglesia de Notre-Dame<\/strong><\/li>\n<li style=\"font-weight: 400;\"><strong>Catedral de San Luis<\/strong><\/li>\n<li style=\"font-weight: 400;\"><strong>Iglesia de Saint Symphorien<\/strong><\/li>\n<li style=\"font-weight: 400;\"><strong>Claustro de los recoletos<\/strong><\/li>\n<li style=\"font-weight: 400;\"><strong>Liceo Hoche (antiguo convento de la Reina)<\/strong><\/li>\n<li style=\"font-weight: 400;\"><strong>Museo lambinet<\/strong><\/li>\n<li style=\"font-weight: 400;\"><strong>Museo de las carrozas\u00a0<\/strong><\/li>\n<li style=\"font-weight: 400;\"><strong>\u00a1Y mucho m\u00e1s!<\/strong><\/li>\n<\/ul>\n<p>Si su crucero va a parar en m\u00e1s puertos de Europa, puedes consultar <a href=\"https:\/\/tourtravelandmore.com\/es\/tours\/\"><strong>aqu\u00ed<\/strong><\/a>, los diferentes destinos d\u00f3nde operamos.<\/p>\n","protected":false},"excerpt":{"rendered":"<p><span style=\"font-weight: 400;\">Divi\u00e9rtase y disfrute de esta <\/span><b>excursi\u00f3n privada al Palacio de Versalles<\/b><span style=\"font-weight: 400;\"> desde <\/span><b>Le Havre, <\/b><span style=\"font-weight: 400;\">donde podr\u00e1 admirar la belleza de sus museos, monumentos y edificios estilizados m\u00e1s importantes de esta ciudad tan popular. A lo largo del recorrido, lo guiaremos para observar y apreciar la belleza que ofrece <\/span><b>Versalles<\/b><span style=\"font-weight: 400;\"> junto a su gu\u00eda oficial privado. El recorrido cuenta con un <\/span><b>veh\u00edculo privado de lujo con conductor<\/b><span style=\"font-weight: 400;\"> que puede recogerlo desde donde lo necesite. <\/span><\/p>\n<p>&nbsp;<\/p>\n","protected":false},"featured_media":63440,"comment_status":"open","ping_status":"closed","template":"","meta":{"_acf_changed":false},"product_brand":[],"product_cat":[1195,1196,1198],"product_tag":[],"class_list":{"0":"post-63426","1":"product","2":"type-product","3":"status-publish","4":"has-post-thumbnail","6":"product_cat-le-havre-es","7":"product_cat-le-havre-actividades-es","8":"product_cat-le-havre-excursiones-privadas-cruceros-es","10":"first","11":"instock","12":"shipping-taxable","13":"purchasable","14":"product-type-simple"},"acf":[],"yoast_head":"<!-- This site is optimized with the Yoast SEO Premium plugin v25.3.1 (Yoast SEO v25.3.1) - https:\/\/yoast.com\/wordpress\/plugins\/seo\/ -->\n<title>Tour Versalles desde Le Harve | Tour Travel &amp; More<\/title>\n<meta name=\"description\" content=\"Disfrute este Tour Versalles desde Le Harve con gu\u00eda y vehiculo privado. El Tour incluye entradas al Palacio de Versalles y sus Jard\u00ednes \u2705\" \/>\n<meta name=\"robots\" content=\"index, follow, max-snippet:-1, max-image-preview:large, max-video-preview:-1\" \/>\n<link rel=\"canonical\" href=\"https:\/\/tourtravelandmore.com\/es\/tours\/francia\/le-havre-es\/tour-versalles-desde-le-harve-tour-privado-con-guia-y-vehiculo\/\" \/>\n<meta property=\"og:locale\" content=\"es_ES\" \/>\n<meta property=\"og:type\" content=\"article\" \/>\n<meta property=\"og:title\" content=\"Excursi\u00f3n privada al Palacio de Versalles desde Le Havre\" \/>\n<meta property=\"og:description\" content=\"Disfrute este Tour Versalles desde Le Harve con gu\u00eda y vehiculo privado. El Tour incluye entradas al Palacio de Versalles y sus Jard\u00ednes \u2705\" \/>\n<meta property=\"og:url\" content=\"https:\/\/tourtravelandmore.com\/es\/tours\/francia\/le-havre-es\/tour-versalles-desde-le-harve-tour-privado-con-guia-y-vehiculo\/\" \/>\n<meta property=\"og:site_name\" content=\"Tour Travel And More\" \/>\n<meta property=\"article:publisher\" content=\"https:\/\/www.facebook.com\/tourtravelandmore\/\" \/>\n<meta property=\"article:modified_time\" content=\"2022-07-25T07:44:46+00:00\" \/>\n<meta property=\"og:image\" content=\"https:\/\/tourtravelandmore.com\/wp-content\/uploads\/2019\/08\/800px-Versailles_Tapis_vert_1.jpg\" \/>\n\t<meta property=\"og:image:width\" content=\"800\" \/>\n\t<meta property=\"og:image:height\" content=\"440\" \/>\n\t<meta property=\"og:image:type\" content=\"image\/jpeg\" \/>\n<meta name=\"twitter:card\" content=\"summary_large_image\" \/>\n<meta name=\"twitter:site\" content=\"@TourTravel_More\" \/>\n<meta name=\"twitter:label1\" content=\"Tiempo de lectura\" \/>\n\t<meta name=\"twitter:data1\" content=\"2 minutos\" \/>\n<script type=\"application\/ld+json\" class=\"yoast-schema-graph\">{\"@context\":\"https:\/\/schema.org\",\"@graph\":[{\"@type\":\"WebPage\",\"@id\":\"https:\/\/tourtravelandmore.com\/es\/tours\/francia\/le-havre-es\/tour-versalles-desde-le-harve-tour-privado-con-guia-y-vehiculo\/\",\"url\":\"https:\/\/tourtravelandmore.com\/es\/tours\/francia\/le-havre-es\/tour-versalles-desde-le-harve-tour-privado-con-guia-y-vehiculo\/\",\"name\":\"Tour Versalles desde Le Harve | Tour Travel & More\",\"isPartOf\":{\"@id\":\"https:\/\/tourtravelandmore.com\/es\/#website\"},\"primaryImageOfPage\":{\"@id\":\"https:\/\/tourtravelandmore.com\/es\/tours\/francia\/le-havre-es\/tour-versalles-desde-le-harve-tour-privado-con-guia-y-vehiculo\/#primaryimage\"},\"image\":{\"@id\":\"https:\/\/tourtravelandmore.com\/es\/tours\/francia\/le-havre-es\/tour-versalles-desde-le-harve-tour-privado-con-guia-y-vehiculo\/#primaryimage\"},\"thumbnailUrl\":\"https:\/\/tourtravelandmore.com\/wp-content\/uploads\/2019\/08\/800px-Versailles_Tapis_vert_1.jpg\",\"datePublished\":\"2019-08-13T03:33:26+00:00\",\"dateModified\":\"2022-07-25T07:44:46+00:00\",\"description\":\"Disfrute este Tour Versalles desde Le Harve con gu\u00eda y vehiculo privado. El Tour incluye entradas al Palacio de Versalles y sus Jard\u00ednes \u2705\",\"breadcrumb\":{\"@id\":\"https:\/\/tourtravelandmore.com\/es\/tours\/francia\/le-havre-es\/tour-versalles-desde-le-harve-tour-privado-con-guia-y-vehiculo\/#breadcrumb\"},\"inLanguage\":\"es\",\"potentialAction\":[{\"@type\":\"ReadAction\",\"target\":[\"https:\/\/tourtravelandmore.com\/es\/tours\/francia\/le-havre-es\/tour-versalles-desde-le-harve-tour-privado-con-guia-y-vehiculo\/\"]}]},{\"@type\":\"ImageObject\",\"inLanguage\":\"es\",\"@id\":\"https:\/\/tourtravelandmore.com\/es\/tours\/francia\/le-havre-es\/tour-versalles-desde-le-harve-tour-privado-con-guia-y-vehiculo\/#primaryimage\",\"url\":\"https:\/\/tourtravelandmore.com\/wp-content\/uploads\/2019\/08\/800px-Versailles_Tapis_vert_1.jpg\",\"contentUrl\":\"https:\/\/tourtravelandmore.com\/wp-content\/uploads\/2019\/08\/800px-Versailles_Tapis_vert_1.jpg\",\"width\":800,\"height\":440},{\"@type\":\"BreadcrumbList\",\"@id\":\"https:\/\/tourtravelandmore.com\/es\/tours\/francia\/le-havre-es\/tour-versalles-desde-le-harve-tour-privado-con-guia-y-vehiculo\/#breadcrumb\",\"itemListElement\":[{\"@type\":\"ListItem\",\"position\":1,\"name\":\"Home\",\"item\":\"https:\/\/tourtravelandmore.com\/es\/\"},{\"@type\":\"ListItem\",\"position\":2,\"name\":\"Tours\",\"item\":\"https:\/\/tourtravelandmore.com\/es\/tours\/\"},{\"@type\":\"ListItem\",\"position\":3,\"name\":\"Excursi\u00f3n privada al Palacio de Versalles desde Le Havre\"}]},{\"@type\":\"WebSite\",\"@id\":\"https:\/\/tourtravelandmore.com\/es\/#website\",\"url\":\"https:\/\/tourtravelandmore.com\/es\/\",\"name\":\"Tour Travel And More\",\"description\":\"Private sightseeing tours and luxury transfers in Spain\",\"publisher\":{\"@id\":\"https:\/\/tourtravelandmore.com\/es\/#organization\"},\"potentialAction\":[{\"@type\":\"SearchAction\",\"target\":{\"@type\":\"EntryPoint\",\"urlTemplate\":\"https:\/\/tourtravelandmore.com\/es\/?s={search_term_string}\"},\"query-input\":{\"@type\":\"PropertyValueSpecification\",\"valueRequired\":true,\"valueName\":\"search_term_string\"}}],\"inLanguage\":\"es\"},{\"@type\":\"Organization\",\"@id\":\"https:\/\/tourtravelandmore.com\/es\/#organization\",\"name\":\"Tour Travel And More\",\"url\":\"https:\/\/tourtravelandmore.com\/es\/\",\"logo\":{\"@type\":\"ImageObject\",\"inLanguage\":\"es\",\"@id\":\"https:\/\/tourtravelandmore.com\/es\/#\/schema\/logo\/image\/\",\"url\":\"https:\/\/tourtravelandmore.com\/wp-content\/uploads\/2022\/12\/cropped-logo-cabecera-new.png\",\"contentUrl\":\"https:\/\/tourtravelandmore.com\/wp-content\/uploads\/2022\/12\/cropped-logo-cabecera-new.png\",\"width\":430,\"height\":61,\"caption\":\"Tour Travel And More\"},\"image\":{\"@id\":\"https:\/\/tourtravelandmore.com\/es\/#\/schema\/logo\/image\/\"},\"sameAs\":[\"https:\/\/www.facebook.com\/tourtravelandmore\/\",\"https:\/\/x.com\/TourTravel_More\"]}]}<\/script>\n<!-- \/ Yoast SEO Premium plugin. -->","yoast_head_json":{"title":"Tour Versalles desde Le Harve | Tour Travel & More","description":"Disfrute este Tour Versalles desde Le Harve con gu\u00eda y vehiculo privado. El Tour incluye entradas al Palacio de Versalles y sus Jard\u00ednes \u2705","robots":{"index":"index","follow":"follow","max-snippet":"max-snippet:-1","max-image-preview":"max-image-preview:large","max-video-preview":"max-video-preview:-1"},"canonical":"https:\/\/tourtravelandmore.com\/es\/tours\/francia\/le-havre-es\/tour-versalles-desde-le-harve-tour-privado-con-guia-y-vehiculo\/","og_locale":"es_ES","og_type":"article","og_title":"Excursi\u00f3n privada al Palacio de Versalles desde Le Havre","og_description":"Disfrute este Tour Versalles desde Le Harve con gu\u00eda y vehiculo privado. El Tour incluye entradas al Palacio de Versalles y sus Jard\u00ednes \u2705","og_url":"https:\/\/tourtravelandmore.com\/es\/tours\/francia\/le-havre-es\/tour-versalles-desde-le-harve-tour-privado-con-guia-y-vehiculo\/","og_site_name":"Tour Travel And More","article_publisher":"https:\/\/www.facebook.com\/tourtravelandmore\/","article_modified_time":"2022-07-25T07:44:46+00:00","og_image":[{"width":800,"height":440,"url":"https:\/\/tourtravelandmore.com\/wp-content\/uploads\/2019\/08\/800px-Versailles_Tapis_vert_1.jpg","type":"image\/jpeg"}],"twitter_card":"summary_large_image","twitter_site":"@TourTravel_More","twitter_misc":{"Tiempo de lectura":"2 minutos"},"schema":{"@context":"https:\/\/schema.org","@graph":[{"@type":"WebPage","@id":"https:\/\/tourtravelandmore.com\/es\/tours\/francia\/le-havre-es\/tour-versalles-desde-le-harve-tour-privado-con-guia-y-vehiculo\/","url":"https:\/\/tourtravelandmore.com\/es\/tours\/francia\/le-havre-es\/tour-versalles-desde-le-harve-tour-privado-con-guia-y-vehiculo\/","name":"Tour Versalles desde Le Harve | Tour Travel & More","isPartOf":{"@id":"https:\/\/tourtravelandmore.com\/es\/#website"},"primaryImageOfPage":{"@id":"https:\/\/tourtravelandmore.com\/es\/tours\/francia\/le-havre-es\/tour-versalles-desde-le-harve-tour-privado-con-guia-y-vehiculo\/#primaryimage"},"image":{"@id":"https:\/\/tourtravelandmore.com\/es\/tours\/francia\/le-havre-es\/tour-versalles-desde-le-harve-tour-privado-con-guia-y-vehiculo\/#primaryimage"},"thumbnailUrl":"https:\/\/tourtravelandmore.com\/wp-content\/uploads\/2019\/08\/800px-Versailles_Tapis_vert_1.jpg","datePublished":"2019-08-13T03:33:26+00:00","dateModified":"2022-07-25T07:44:46+00:00","description":"Disfrute este Tour Versalles desde Le Harve con gu\u00eda y vehiculo privado. El Tour incluye entradas al Palacio de Versalles y sus Jard\u00ednes \u2705","breadcrumb":{"@id":"https:\/\/tourtravelandmore.com\/es\/tours\/francia\/le-havre-es\/tour-versalles-desde-le-harve-tour-privado-con-guia-y-vehiculo\/#breadcrumb"},"inLanguage":"es","potentialAction":[{"@type":"ReadAction","target":["https:\/\/tourtravelandmore.com\/es\/tours\/francia\/le-havre-es\/tour-versalles-desde-le-harve-tour-privado-con-guia-y-vehiculo\/"]}]},{"@type":"ImageObject","inLanguage":"es","@id":"https:\/\/tourtravelandmore.com\/es\/tours\/francia\/le-havre-es\/tour-versalles-desde-le-harve-tour-privado-con-guia-y-vehiculo\/#primaryimage","url":"https:\/\/tourtravelandmore.com\/wp-content\/uploads\/2019\/08\/800px-Versailles_Tapis_vert_1.jpg","contentUrl":"https:\/\/tourtravelandmore.com\/wp-content\/uploads\/2019\/08\/800px-Versailles_Tapis_vert_1.jpg","width":800,"height":440},{"@type":"BreadcrumbList","@id":"https:\/\/tourtravelandmore.com\/es\/tours\/francia\/le-havre-es\/tour-versalles-desde-le-harve-tour-privado-con-guia-y-vehiculo\/#breadcrumb","itemListElement":[{"@type":"ListItem","position":1,"name":"Home","item":"https:\/\/tourtravelandmore.com\/es\/"},{"@type":"ListItem","position":2,"name":"Tours","item":"https:\/\/tourtravelandmore.com\/es\/tours\/"},{"@type":"ListItem","position":3,"name":"Excursi\u00f3n privada al Palacio de Versalles desde Le Havre"}]},{"@type":"WebSite","@id":"https:\/\/tourtravelandmore.com\/es\/#website","url":"https:\/\/tourtravelandmore.com\/es\/","name":"Tour Travel And More","description":"Private sightseeing tours and luxury transfers in Spain","publisher":{"@id":"https:\/\/tourtravelandmore.com\/es\/#organization"},"potentialAction":[{"@type":"SearchAction","target":{"@type":"EntryPoint","urlTemplate":"https:\/\/tourtravelandmore.com\/es\/?s={search_term_string}"},"query-input":{"@type":"PropertyValueSpecification","valueRequired":true,"valueName":"search_term_string"}}],"inLanguage":"es"},{"@type":"Organization","@id":"https:\/\/tourtravelandmore.com\/es\/#organization","name":"Tour Travel And More","url":"https:\/\/tourtravelandmore.com\/es\/","logo":{"@type":"ImageObject","inLanguage":"es","@id":"https:\/\/tourtravelandmore.com\/es\/#\/schema\/logo\/image\/","url":"https:\/\/tourtravelandmore.com\/wp-content\/uploads\/2022\/12\/cropped-logo-cabecera-new.png","contentUrl":"https:\/\/tourtravelandmore.com\/wp-content\/uploads\/2022\/12\/cropped-logo-cabecera-new.png","width":430,"height":61,"caption":"Tour Travel And More"},"image":{"@id":"https:\/\/tourtravelandmore.com\/es\/#\/schema\/logo\/image\/"},"sameAs":["https:\/\/www.facebook.com\/tourtravelandmore\/","https:\/\/x.com\/TourTravel_More"]}]}},"_links":{"self":[{"href":"https:\/\/tourtravelandmore.com\/es\/wp-json\/wp\/v2\/product\/63426","targetHints":{"allow":["GET"]}}],"collection":[{"href":"https:\/\/tourtravelandmore.com\/es\/wp-json\/wp\/v2\/product"}],"about":[{"href":"https:\/\/tourtravelandmore.com\/es\/wp-json\/wp\/v2\/types\/product"}],"replies":[{"embeddable":true,"href":"https:\/\/tourtravelandmore.com\/es\/wp-json\/wp\/v2\/comments?post=63426"}],"wp:featuredmedia":[{"embeddable":true,"href":"https:\/\/tourtravelandmore.com\/es\/wp-json\/wp\/v2\/media\/63440"}],"wp:attachment":[{"href":"https:\/\/tourtravelandmore.com\/es\/wp-json\/wp\/v2\/media?parent=63426"}],"wp:term":[{"taxonomy":"product_brand","embeddable":true,"href":"https:\/\/tourtravelandmore.com\/es\/wp-json\/wp\/v2\/product_brand?post=63426"},{"taxonomy":"product_cat","embeddable":true,"href":"https:\/\/tourtravelandmore.com\/es\/wp-json\/wp\/v2\/product_cat?post=63426"},{"taxonomy":"product_tag","embeddable":true,"href":"https:\/\/tourtravelandmore.com\/es\/wp-json\/wp\/v2\/product_tag?post=63426"}],"curies":[{"name":"wp","href":"https:\/\/api.w.org\/{rel}","templated":true}]}}