{"id":63406,"date":"2019-08-13T04:05:14","date_gmt":"2019-08-13T02:05:14","guid":{"rendered":"https:\/\/tourtravelandmore.com\/?post_type=product&#038;p=63406"},"modified":"2022-10-11T15:31:58","modified_gmt":"2022-10-11T13:31:58","slug":"tour-monte-saint-michel-desde-le-harve-tour-privado","status":"publish","type":"product","link":"https:\/\/tourtravelandmore.com\/es\/tours\/francia\/le-havre-es\/tour-monte-saint-michel-desde-le-harve-tour-privado\/","title":{"rendered":"Excursi\u00f3n privada a Monte Saint-Michel desde el puerto de cruceros de Le Havre"},"content":{"rendered":"<h2>Descripci\u00f3n de la Excursi\u00f3n\u00a0privada a Monte Saint-Michel desde el puerto de cruceros de Le Havre<\/h2>\n<p>Reserve un tour Monte Saint-Michel desde Le Harve con su gu\u00eda oficial privado y su veh\u00edculo privado.<\/p>\n<p>Monte Saint-Michel es una peque\u00f1a isla rocosa de al menos 960 metros de circunferencia, la cual debe su nombre a la abad\u00eda que hospeda en su interior consagrada al culto del arc\u00e1ngel San Miguel.<\/p>\n<p>Declarado monumento hist\u00f3rico en 1862, figura desde 1979 en la lista del patrimonio de la humanidad de la Unesco.<\/p>\n<p>Debido a las cualidades de la isla, se transform\u00f3 en un lugar de visita a nivel mundial, lo que ha hecho de la peque\u00f1a ciudad normanda uno de los destinos tur\u00edsticos m\u00e1s importantes de Francia.<\/p>\n<p>La duraci\u00f3n de este tour Monte Saint-Michel desde le Harve es de 8 horas. Al ser un tour privado pueden escoger la hora y sitio de comienzo.<\/p>\n<h2>Puntos de inter\u00e9s en la Excursi\u00f3n\u00a0privada a Monte Saint-Michel desde el puerto de cruceros de Le Havre<\/h2>\n<p>Nuestro veh\u00edculo privado le recoger\u00e1 desde su hotel para empezar su tour Monte Saint-Michel desde Le Harve.<\/p>\n<p>Su gu\u00eda oficial privado esperar\u00e1 en la zona de Monte Saint-Michel, para empezar un recorrido de 3 horas.<\/p>\n<p>Las entradas est\u00e1n inclu\u00eddas en el tour y son entradas sin colas, as\u00ed evitamos esperas innevesarias para acceder al monumento. Ya que las tendr\u00e1 el gu\u00eda preparado a su llegada.<\/p>\n<p><span style=\"font-weight: 400;\">Durante su recorrido privado descubrir\u00e1 algunos de los sitios m\u00e1s reconocidos de la isla, donde ser\u00e1 testigo de la belleza arquitect\u00f3nica de la iglesia. <\/span><\/p>\n<p><span style=\"font-weight: 400;\">Entre los sitios que puede visitar le ofrecemos:<\/span><\/p>\n<ul>\n<li><b>La Capilla de Notre-Dame-sous-Terre<\/b><\/li>\n<li><strong>Iglesia parroquial de San Pedro<\/strong><\/li>\n<li><strong>Capilla y fuente de Saint-Aubert<\/strong><\/li>\n<li><strong>El monasterio de la Abad\u00eda (la Merveille)<\/strong><\/li>\n<li><strong>\u00a1Y mucho m\u00e1s!<\/strong><\/li>\n<\/ul>\n<p><span style=\"font-weight: 400;\">Al finalizar el recorrido, su chofer privado lo conducir\u00e1n de regreso a Le Havre.<\/span><\/p>\n<p><span style=\"font-weight: 400;\"> Puede contactarnos para hacer de su tour una experiencia \u00fanica y organizarle su recorrido privado a su conveniencia.<br \/>\n<\/span><\/p>\n<p>Si su crucero va a visitar m\u00e1s puertos en Europa, puede consultar<a href=\"https:\/\/tourtravelandmore.com\/es\/tours\/\"><strong> aqu\u00ed<\/strong><\/a> nuestros destinos, ya que operamos en los principales Terminales de crucero de Europa.<\/p>\n","protected":false},"excerpt":{"rendered":"<p><span style=\"font-weight: 400;\">Explore y disfrute de esta <\/span><b>excursi\u00f3n privada a <\/b><span style=\"font-weight: 400;\">Monte Saint-Michel totalmente<\/span><span style=\"font-weight: 400;\">, donde quedar\u00e1 deslumbrado por la belleza arquitect\u00f3nica de su iglesia, su abad\u00eda y el paisaje que ofrece Normand\u00eda. A lo largo del recorrido, lo guiaremos para observar y apreciar la belleza de su monasterio y sus monumentos junto a su gu\u00eda oficial privado.<\/span><\/p>\n","protected":false},"featured_media":63418,"comment_status":"open","ping_status":"closed","template":"","meta":{"_acf_changed":false},"product_brand":[],"product_cat":[3608,1195,1196,1198],"product_tag":[],"class_list":{"0":"post-63406","1":"product","2":"type-product","3":"status-publish","4":"has-post-thumbnail","6":"product_cat-mtstmichel-sp","7":"product_cat-le-havre-es","8":"product_cat-le-havre-actividades-es","9":"product_cat-le-havre-excursiones-privadas-cruceros-es","11":"first","12":"instock","13":"shipping-taxable","14":"purchasable","15":"product-type-simple"},"acf":[],"yoast_head":"<!-- This site is optimized with the Yoast SEO Premium plugin v25.3.1 (Yoast SEO v25.3.1) - https:\/\/yoast.com\/wordpress\/plugins\/seo\/ -->\n<title>\u27a1\ufe0f Tour Monte Saint-Michel\u00a0desde Le Harve | Tour Travel &amp; More<\/title>\n<meta name=\"description\" content=\"Disfrute este tour Monte Saint-Michel\u00a0desde Le Harve, con su gu\u00eda oficial privado, vehiculo privado y entradas inclu\u00eddas \u2705\" \/>\n<meta name=\"robots\" content=\"index, follow, max-snippet:-1, max-image-preview:large, max-video-preview:-1\" \/>\n<link rel=\"canonical\" href=\"https:\/\/tourtravelandmore.com\/es\/tours\/francia\/le-havre-es\/tour-monte-saint-michel-desde-le-harve-tour-privado\/\" \/>\n<meta property=\"og:locale\" content=\"es_ES\" \/>\n<meta property=\"og:type\" content=\"article\" \/>\n<meta property=\"og:title\" content=\"Excursi\u00f3n privada a Monte Saint-Michel desde el puerto de cruceros de Le Havre\" \/>\n<meta property=\"og:description\" content=\"Disfrute este tour Monte Saint-Michel\u00a0desde Le Harve, con su gu\u00eda oficial privado, vehiculo privado y entradas inclu\u00eddas \u2705\" \/>\n<meta property=\"og:url\" content=\"https:\/\/tourtravelandmore.com\/es\/tours\/francia\/le-havre-es\/tour-monte-saint-michel-desde-le-harve-tour-privado\/\" \/>\n<meta property=\"og:site_name\" content=\"Tour Travel And More\" \/>\n<meta property=\"article:publisher\" content=\"https:\/\/www.facebook.com\/tourtravelandmore\/\" \/>\n<meta property=\"article:modified_time\" content=\"2022-10-11T13:31:58+00:00\" \/>\n<meta property=\"og:image\" content=\"https:\/\/tourtravelandmore.com\/wp-content\/uploads\/2019\/08\/mont-saint-michel.jpg\" \/>\n\t<meta property=\"og:image:width\" content=\"1024\" \/>\n\t<meta property=\"og:image:height\" content=\"675\" \/>\n\t<meta property=\"og:image:type\" content=\"image\/jpeg\" \/>\n<meta name=\"twitter:card\" content=\"summary_large_image\" \/>\n<meta name=\"twitter:site\" content=\"@TourTravel_More\" \/>\n<meta name=\"twitter:label1\" content=\"Tiempo de lectura\" \/>\n\t<meta name=\"twitter:data1\" content=\"2 minutos\" \/>\n<script type=\"application\/ld+json\" class=\"yoast-schema-graph\">{\"@context\":\"https:\/\/schema.org\",\"@graph\":[{\"@type\":\"WebPage\",\"@id\":\"https:\/\/tourtravelandmore.com\/es\/tours\/francia\/le-havre-es\/tour-monte-saint-michel-desde-le-harve-tour-privado\/\",\"url\":\"https:\/\/tourtravelandmore.com\/es\/tours\/francia\/le-havre-es\/tour-monte-saint-michel-desde-le-harve-tour-privado\/\",\"name\":\"\u27a1\ufe0f Tour Monte Saint-Michel\u00a0desde Le Harve | Tour Travel & More\",\"isPartOf\":{\"@id\":\"https:\/\/tourtravelandmore.com\/es\/#website\"},\"primaryImageOfPage\":{\"@id\":\"https:\/\/tourtravelandmore.com\/es\/tours\/francia\/le-havre-es\/tour-monte-saint-michel-desde-le-harve-tour-privado\/#primaryimage\"},\"image\":{\"@id\":\"https:\/\/tourtravelandmore.com\/es\/tours\/francia\/le-havre-es\/tour-monte-saint-michel-desde-le-harve-tour-privado\/#primaryimage\"},\"thumbnailUrl\":\"https:\/\/tourtravelandmore.com\/wp-content\/uploads\/2019\/08\/mont-saint-michel.jpg\",\"datePublished\":\"2019-08-13T02:05:14+00:00\",\"dateModified\":\"2022-10-11T13:31:58+00:00\",\"description\":\"Disfrute este tour Monte Saint-Michel\u00a0desde Le Harve, con su gu\u00eda oficial privado, vehiculo privado y entradas inclu\u00eddas \u2705\",\"breadcrumb\":{\"@id\":\"https:\/\/tourtravelandmore.com\/es\/tours\/francia\/le-havre-es\/tour-monte-saint-michel-desde-le-harve-tour-privado\/#breadcrumb\"},\"inLanguage\":\"es\",\"potentialAction\":[{\"@type\":\"ReadAction\",\"target\":[\"https:\/\/tourtravelandmore.com\/es\/tours\/francia\/le-havre-es\/tour-monte-saint-michel-desde-le-harve-tour-privado\/\"]}]},{\"@type\":\"ImageObject\",\"inLanguage\":\"es\",\"@id\":\"https:\/\/tourtravelandmore.com\/es\/tours\/francia\/le-havre-es\/tour-monte-saint-michel-desde-le-harve-tour-privado\/#primaryimage\",\"url\":\"https:\/\/tourtravelandmore.com\/wp-content\/uploads\/2019\/08\/mont-saint-michel.jpg\",\"contentUrl\":\"https:\/\/tourtravelandmore.com\/wp-content\/uploads\/2019\/08\/mont-saint-michel.jpg\",\"width\":1024,\"height\":675,\"caption\":\"Mont Saint-Michel\"},{\"@type\":\"BreadcrumbList\",\"@id\":\"https:\/\/tourtravelandmore.com\/es\/tours\/francia\/le-havre-es\/tour-monte-saint-michel-desde-le-harve-tour-privado\/#breadcrumb\",\"itemListElement\":[{\"@type\":\"ListItem\",\"position\":1,\"name\":\"Home\",\"item\":\"https:\/\/tourtravelandmore.com\/es\/\"},{\"@type\":\"ListItem\",\"position\":2,\"name\":\"Tours\",\"item\":\"https:\/\/tourtravelandmore.com\/es\/tours\/\"},{\"@type\":\"ListItem\",\"position\":3,\"name\":\"Excursi\u00f3n privada a Monte Saint-Michel desde el puerto de cruceros de Le Havre\"}]},{\"@type\":\"WebSite\",\"@id\":\"https:\/\/tourtravelandmore.com\/es\/#website\",\"url\":\"https:\/\/tourtravelandmore.com\/es\/\",\"name\":\"Tour Travel And More\",\"description\":\"Private sightseeing tours and luxury transfers in Spain\",\"publisher\":{\"@id\":\"https:\/\/tourtravelandmore.com\/es\/#organization\"},\"potentialAction\":[{\"@type\":\"SearchAction\",\"target\":{\"@type\":\"EntryPoint\",\"urlTemplate\":\"https:\/\/tourtravelandmore.com\/es\/?s={search_term_string}\"},\"query-input\":{\"@type\":\"PropertyValueSpecification\",\"valueRequired\":true,\"valueName\":\"search_term_string\"}}],\"inLanguage\":\"es\"},{\"@type\":\"Organization\",\"@id\":\"https:\/\/tourtravelandmore.com\/es\/#organization\",\"name\":\"Tour Travel And More\",\"url\":\"https:\/\/tourtravelandmore.com\/es\/\",\"logo\":{\"@type\":\"ImageObject\",\"inLanguage\":\"es\",\"@id\":\"https:\/\/tourtravelandmore.com\/es\/#\/schema\/logo\/image\/\",\"url\":\"https:\/\/tourtravelandmore.com\/wp-content\/uploads\/2022\/12\/cropped-logo-cabecera-new.png\",\"contentUrl\":\"https:\/\/tourtravelandmore.com\/wp-content\/uploads\/2022\/12\/cropped-logo-cabecera-new.png\",\"width\":430,\"height\":61,\"caption\":\"Tour Travel And More\"},\"image\":{\"@id\":\"https:\/\/tourtravelandmore.com\/es\/#\/schema\/logo\/image\/\"},\"sameAs\":[\"https:\/\/www.facebook.com\/tourtravelandmore\/\",\"https:\/\/x.com\/TourTravel_More\"]}]}<\/script>\n<!-- \/ Yoast SEO Premium plugin. -->","yoast_head_json":{"title":"\u27a1\ufe0f Tour Monte Saint-Michel\u00a0desde Le Harve | Tour Travel & More","description":"Disfrute este tour Monte Saint-Michel\u00a0desde Le Harve, con su gu\u00eda oficial privado, vehiculo privado y entradas inclu\u00eddas \u2705","robots":{"index":"index","follow":"follow","max-snippet":"max-snippet:-1","max-image-preview":"max-image-preview:large","max-video-preview":"max-video-preview:-1"},"canonical":"https:\/\/tourtravelandmore.com\/es\/tours\/francia\/le-havre-es\/tour-monte-saint-michel-desde-le-harve-tour-privado\/","og_locale":"es_ES","og_type":"article","og_title":"Excursi\u00f3n privada a Monte Saint-Michel desde el puerto de cruceros de Le Havre","og_description":"Disfrute este tour Monte Saint-Michel\u00a0desde Le Harve, con su gu\u00eda oficial privado, vehiculo privado y entradas inclu\u00eddas \u2705","og_url":"https:\/\/tourtravelandmore.com\/es\/tours\/francia\/le-havre-es\/tour-monte-saint-michel-desde-le-harve-tour-privado\/","og_site_name":"Tour Travel And More","article_publisher":"https:\/\/www.facebook.com\/tourtravelandmore\/","article_modified_time":"2022-10-11T13:31:58+00:00","og_image":[{"width":1024,"height":675,"url":"https:\/\/tourtravelandmore.com\/wp-content\/uploads\/2019\/08\/mont-saint-michel.jpg","type":"image\/jpeg"}],"twitter_card":"summary_large_image","twitter_site":"@TourTravel_More","twitter_misc":{"Tiempo de lectura":"2 minutos"},"schema":{"@context":"https:\/\/schema.org","@graph":[{"@type":"WebPage","@id":"https:\/\/tourtravelandmore.com\/es\/tours\/francia\/le-havre-es\/tour-monte-saint-michel-desde-le-harve-tour-privado\/","url":"https:\/\/tourtravelandmore.com\/es\/tours\/francia\/le-havre-es\/tour-monte-saint-michel-desde-le-harve-tour-privado\/","name":"\u27a1\ufe0f Tour Monte Saint-Michel\u00a0desde Le Harve | Tour Travel & More","isPartOf":{"@id":"https:\/\/tourtravelandmore.com\/es\/#website"},"primaryImageOfPage":{"@id":"https:\/\/tourtravelandmore.com\/es\/tours\/francia\/le-havre-es\/tour-monte-saint-michel-desde-le-harve-tour-privado\/#primaryimage"},"image":{"@id":"https:\/\/tourtravelandmore.com\/es\/tours\/francia\/le-havre-es\/tour-monte-saint-michel-desde-le-harve-tour-privado\/#primaryimage"},"thumbnailUrl":"https:\/\/tourtravelandmore.com\/wp-content\/uploads\/2019\/08\/mont-saint-michel.jpg","datePublished":"2019-08-13T02:05:14+00:00","dateModified":"2022-10-11T13:31:58+00:00","description":"Disfrute este tour Monte Saint-Michel\u00a0desde Le Harve, con su gu\u00eda oficial privado, vehiculo privado y entradas inclu\u00eddas \u2705","breadcrumb":{"@id":"https:\/\/tourtravelandmore.com\/es\/tours\/francia\/le-havre-es\/tour-monte-saint-michel-desde-le-harve-tour-privado\/#breadcrumb"},"inLanguage":"es","potentialAction":[{"@type":"ReadAction","target":["https:\/\/tourtravelandmore.com\/es\/tours\/francia\/le-havre-es\/tour-monte-saint-michel-desde-le-harve-tour-privado\/"]}]},{"@type":"ImageObject","inLanguage":"es","@id":"https:\/\/tourtravelandmore.com\/es\/tours\/francia\/le-havre-es\/tour-monte-saint-michel-desde-le-harve-tour-privado\/#primaryimage","url":"https:\/\/tourtravelandmore.com\/wp-content\/uploads\/2019\/08\/mont-saint-michel.jpg","contentUrl":"https:\/\/tourtravelandmore.com\/wp-content\/uploads\/2019\/08\/mont-saint-michel.jpg","width":1024,"height":675,"caption":"Mont Saint-Michel"},{"@type":"BreadcrumbList","@id":"https:\/\/tourtravelandmore.com\/es\/tours\/francia\/le-havre-es\/tour-monte-saint-michel-desde-le-harve-tour-privado\/#breadcrumb","itemListElement":[{"@type":"ListItem","position":1,"name":"Home","item":"https:\/\/tourtravelandmore.com\/es\/"},{"@type":"ListItem","position":2,"name":"Tours","item":"https:\/\/tourtravelandmore.com\/es\/tours\/"},{"@type":"ListItem","position":3,"name":"Excursi\u00f3n privada a Monte Saint-Michel desde el puerto de cruceros de Le Havre"}]},{"@type":"WebSite","@id":"https:\/\/tourtravelandmore.com\/es\/#website","url":"https:\/\/tourtravelandmore.com\/es\/","name":"Tour Travel And More","description":"Private sightseeing tours and luxury transfers in Spain","publisher":{"@id":"https:\/\/tourtravelandmore.com\/es\/#organization"},"potentialAction":[{"@type":"SearchAction","target":{"@type":"EntryPoint","urlTemplate":"https:\/\/tourtravelandmore.com\/es\/?s={search_term_string}"},"query-input":{"@type":"PropertyValueSpecification","valueRequired":true,"valueName":"search_term_string"}}],"inLanguage":"es"},{"@type":"Organization","@id":"https:\/\/tourtravelandmore.com\/es\/#organization","name":"Tour Travel And More","url":"https:\/\/tourtravelandmore.com\/es\/","logo":{"@type":"ImageObject","inLanguage":"es","@id":"https:\/\/tourtravelandmore.com\/es\/#\/schema\/logo\/image\/","url":"https:\/\/tourtravelandmore.com\/wp-content\/uploads\/2022\/12\/cropped-logo-cabecera-new.png","contentUrl":"https:\/\/tourtravelandmore.com\/wp-content\/uploads\/2022\/12\/cropped-logo-cabecera-new.png","width":430,"height":61,"caption":"Tour Travel And More"},"image":{"@id":"https:\/\/tourtravelandmore.com\/es\/#\/schema\/logo\/image\/"},"sameAs":["https:\/\/www.facebook.com\/tourtravelandmore\/","https:\/\/x.com\/TourTravel_More"]}]}},"_links":{"self":[{"href":"https:\/\/tourtravelandmore.com\/es\/wp-json\/wp\/v2\/product\/63406","targetHints":{"allow":["GET"]}}],"collection":[{"href":"https:\/\/tourtravelandmore.com\/es\/wp-json\/wp\/v2\/product"}],"about":[{"href":"https:\/\/tourtravelandmore.com\/es\/wp-json\/wp\/v2\/types\/product"}],"replies":[{"embeddable":true,"href":"https:\/\/tourtravelandmore.com\/es\/wp-json\/wp\/v2\/comments?post=63406"}],"wp:featuredmedia":[{"embeddable":true,"href":"https:\/\/tourtravelandmore.com\/es\/wp-json\/wp\/v2\/media\/63418"}],"wp:attachment":[{"href":"https:\/\/tourtravelandmore.com\/es\/wp-json\/wp\/v2\/media?parent=63406"}],"wp:term":[{"taxonomy":"product_brand","embeddable":true,"href":"https:\/\/tourtravelandmore.com\/es\/wp-json\/wp\/v2\/product_brand?post=63406"},{"taxonomy":"product_cat","embeddable":true,"href":"https:\/\/tourtravelandmore.com\/es\/wp-json\/wp\/v2\/product_cat?post=63406"},{"taxonomy":"product_tag","embeddable":true,"href":"https:\/\/tourtravelandmore.com\/es\/wp-json\/wp\/v2\/product_tag?post=63406"}],"curies":[{"name":"wp","href":"https:\/\/api.w.org\/{rel}","templated":true}]}}