{"id":63363,"date":"2019-08-12T14:13:26","date_gmt":"2019-08-12T12:13:26","guid":{"rendered":"https:\/\/tourtravelandmore.com\/?post_type=product&#038;p=63363"},"modified":"2022-07-25T09:40:05","modified_gmt":"2022-07-25T07:40:05","slug":"tour-a-paris-desde-le-havre-tour-privado-con-vehiculo-y-guia","status":"publish","type":"product","link":"https:\/\/tourtravelandmore.com\/es\/tours\/francia\/le-havre-es\/tour-a-paris-desde-le-havre-tour-privado-con-vehiculo-y-guia\/","title":{"rendered":"Excursi\u00f3n privada a Par\u00eds desde Le Havre con guia y vehiculo"},"content":{"rendered":"<h2>Descripci\u00f3n de la Excursi\u00f3n privada a Par\u00eds desde Le Havre con gu\u00eda y veh\u00edculo<\/h2>\n<p>Reserve un tour a Par\u00eds desde Le Havre con gu\u00eda oficial privado y veh\u00edculo con ch\u00f3fer.<\/p>\n<p>Al llegar al puerto de cruceros <b>Le Havre<\/b> su ch\u00f3fer lo esperar\u00e1 con un cartel con su nombre y nos dirigiremos a Par\u00eds, d\u00f3nde estar\u00e1 esperando nuestro gu\u00eda oficial privado, para empezar un tour de 4 horas de la ciudad.<\/p>\n<p>La duraci\u00f3n total de este Tour Paris desde Le Havre es de 10 horas, al ser un tour privado pueden escoger la hora y lugar de comienzo.<\/p>\n<p>En el viaje disfrutar\u00e1 del paisaje y las edificaciones que bordean el r\u00edo Sena camino a <b>Par\u00eds<\/b> en la comodidad de <b>su veh\u00edculo privado<\/b>. Al llegar a Par\u00eds se encontrar\u00e1 con su <b>gu\u00eda oficial privado<\/b> y empezar\u00e1 su tour privado de Par\u00eds.<\/p>\n<p>Podr\u00e1n parar a comer en un sitio t\u00edpico de Par\u00eds y disfrutar de la Gastronom\u00eda de la ciudad.<\/p>\n<h2>Puntos de inter\u00e9s en la Excursi\u00f3n privada a Par\u00eds desde Le Havre con gu\u00eda y veh\u00edculo<\/h2>\n<p>Durante su recorrido privado descubrir\u00e1 algunos de los sitios m\u00e1s reconocidos y esbeltos de la capital. Entre los sitios que puede visitar le ofrecemos:<\/p>\n<ul>\n<li><strong>La torre Eiffel<\/strong><\/li>\n<li><strong>La Catedral de Notre Dame\u00a0<\/strong><\/li>\n<li><strong>El Arco del Triunfo\u00a0<\/strong><\/li>\n<li><strong>Plaza Charles de Gaulle<\/strong><\/li>\n<li><strong>La \u00d3pera Garnier<\/strong><\/li>\n<li><strong>Trocadero<\/strong><\/li>\n<li><strong>La plaza Vendome\u00a0<\/strong><\/li>\n<li><strong>La isla de la Cite<\/strong><\/li>\n<li><strong>\u00a1Y mucho m\u00e1s!<\/strong><\/li>\n<\/ul>\n<p>Si desea acceder alg\u00fan monumento, solo nos lo tiene que indicar en el formulario de contacto, y organizaremos el acceso a los monumentos. Como Par\u00eds es muy grande y hay mucho que ver, recomendamos en estas 4 horas, escoger un monumento.<\/p>\n<p>Si dispone de m\u00e1s puertos que va a realizar su crucero, podemos organizarle una excursi\u00f3n privada desde cualquier puerto, puede ver<a href=\"https:\/\/tourtravelandmore.com\/es\/tours\/\"><strong> aqu\u00ed<\/strong> <\/a>los destinos d\u00f3nde operamos.<\/p>\n<h3>La ciudad: Par\u00eds<\/h3>\n<p>Par\u00eds es la capital y ciudad m\u00e1s popular de Francia, con una poblaci\u00f3n oficial de m\u00e1s de 2 millones de personas, un n\u00famero peque\u00f1o al compararse con la cantidad de m\u00e1s de 42 millones de turistas extranjeros que cada a\u00f1o alberga la ciudad. Esta capital en su extensi\u00f3n ostenta aproximadamente 8,000 restaurantes. Si desea una vista panor\u00e1mica y completa de la ciudad, suba a la Torre Eiffel o pasee por el Arco del Triunfo o camine por los escalones de Montmartre hasta la Bas\u00edlica de Sacre Coeur. Otros sitios de car\u00e1cter hist\u00f3rico y fama incluyen la Catedral de Notre Dame y la Sainte-Chapelle repleta de excepcionales vitrales.<\/p>\n","protected":false},"excerpt":{"rendered":"<p>Explore y disfrute de esta <b>excursi\u00f3n privada desde el puerto de cruceros de Le Havre<\/b>\u00a0para visitar <b>Par\u00eds<\/b>, donde podr\u00e1 admirar la belleza de sus museos, monumentos y edificaciones historicas junto a un gu\u00eda oficial privado. Al llegar al puerto de cruceros <b>Le Havre<\/b> su chofer lo estar\u00e1 esperando con un cartel a su nombre y le llevar\u00e1 hacia Par\u00eds, en el viaje disfrutar\u00e1 del paisaje y las edificaciones que bordean el r\u00edo Sena\u00a0en la comodidad de <b>su veh\u00edculo privado<\/b>.<\/p>\n","protected":false},"featured_media":30346,"comment_status":"open","ping_status":"closed","template":"","meta":{"_acf_changed":false},"product_brand":[],"product_cat":[1195,1196,1198],"product_tag":[],"class_list":{"0":"post-63363","1":"product","2":"type-product","3":"status-publish","4":"has-post-thumbnail","6":"product_cat-le-havre-es","7":"product_cat-le-havre-actividades-es","8":"product_cat-le-havre-excursiones-privadas-cruceros-es","10":"first","11":"instock","12":"shipping-taxable","13":"purchasable","14":"product-type-simple"},"acf":[],"yoast_head":"<!-- This site is optimized with the Yoast SEO Premium plugin v25.3.1 (Yoast SEO v25.3.1) - https:\/\/yoast.com\/wordpress\/plugins\/seo\/ -->\n<title>Tour a Paris desde Le Havre - Tour privado con Vehiculo y guia | Tour Travel &amp; More<\/title>\n<meta name=\"description\" content=\"Disfrute este Tour a Paris desde Le Havre y descubre junto a su gu\u00eda privado y vehiculo la famosa ciudad de Paris y sus principales monumentos \u2705\" \/>\n<meta name=\"robots\" content=\"index, follow, max-snippet:-1, max-image-preview:large, max-video-preview:-1\" \/>\n<link rel=\"canonical\" href=\"https:\/\/tourtravelandmore.com\/es\/tours\/francia\/le-havre-es\/tour-a-paris-desde-le-havre-tour-privado-con-vehiculo-y-guia\/\" \/>\n<meta property=\"og:locale\" content=\"es_ES\" \/>\n<meta property=\"og:type\" content=\"article\" \/>\n<meta property=\"og:title\" content=\"Excursi\u00f3n privada a Par\u00eds desde Le Havre con guia y vehiculo\" \/>\n<meta property=\"og:description\" content=\"Disfrute este Tour a Paris desde Le Havre y descubre junto a su gu\u00eda privado y vehiculo la famosa ciudad de Paris y sus principales monumentos \u2705\" \/>\n<meta property=\"og:url\" content=\"https:\/\/tourtravelandmore.com\/es\/tours\/francia\/le-havre-es\/tour-a-paris-desde-le-havre-tour-privado-con-vehiculo-y-guia\/\" \/>\n<meta property=\"og:site_name\" content=\"Tour Travel And More\" \/>\n<meta property=\"article:publisher\" content=\"https:\/\/www.facebook.com\/tourtravelandmore\/\" \/>\n<meta property=\"article:modified_time\" content=\"2022-07-25T07:40:05+00:00\" \/>\n<meta property=\"og:image\" content=\"https:\/\/tourtravelandmore.com\/wp-content\/uploads\/2018\/12\/Paris.jpg\" \/>\n\t<meta property=\"og:image:width\" content=\"3003\" \/>\n\t<meta property=\"og:image:height\" content=\"2000\" \/>\n\t<meta property=\"og:image:type\" content=\"image\/jpeg\" \/>\n<meta name=\"twitter:card\" content=\"summary_large_image\" \/>\n<meta name=\"twitter:site\" content=\"@TourTravel_More\" \/>\n<meta name=\"twitter:label1\" content=\"Tiempo de lectura\" \/>\n\t<meta name=\"twitter:data1\" content=\"2 minutos\" \/>\n<script type=\"application\/ld+json\" class=\"yoast-schema-graph\">{\"@context\":\"https:\/\/schema.org\",\"@graph\":[{\"@type\":\"WebPage\",\"@id\":\"https:\/\/tourtravelandmore.com\/es\/tours\/francia\/le-havre-es\/tour-a-paris-desde-le-havre-tour-privado-con-vehiculo-y-guia\/\",\"url\":\"https:\/\/tourtravelandmore.com\/es\/tours\/francia\/le-havre-es\/tour-a-paris-desde-le-havre-tour-privado-con-vehiculo-y-guia\/\",\"name\":\"Tour a Paris desde Le Havre - Tour privado con Vehiculo y guia | Tour Travel & More\",\"isPartOf\":{\"@id\":\"https:\/\/tourtravelandmore.com\/es\/#website\"},\"primaryImageOfPage\":{\"@id\":\"https:\/\/tourtravelandmore.com\/es\/tours\/francia\/le-havre-es\/tour-a-paris-desde-le-havre-tour-privado-con-vehiculo-y-guia\/#primaryimage\"},\"image\":{\"@id\":\"https:\/\/tourtravelandmore.com\/es\/tours\/francia\/le-havre-es\/tour-a-paris-desde-le-havre-tour-privado-con-vehiculo-y-guia\/#primaryimage\"},\"thumbnailUrl\":\"https:\/\/tourtravelandmore.com\/wp-content\/uploads\/2018\/12\/Paris.jpg\",\"datePublished\":\"2019-08-12T12:13:26+00:00\",\"dateModified\":\"2022-07-25T07:40:05+00:00\",\"description\":\"Disfrute este Tour a Paris desde Le Havre y descubre junto a su gu\u00eda privado y vehiculo la famosa ciudad de Paris y sus principales monumentos \u2705\",\"breadcrumb\":{\"@id\":\"https:\/\/tourtravelandmore.com\/es\/tours\/francia\/le-havre-es\/tour-a-paris-desde-le-havre-tour-privado-con-vehiculo-y-guia\/#breadcrumb\"},\"inLanguage\":\"es\",\"potentialAction\":[{\"@type\":\"ReadAction\",\"target\":[\"https:\/\/tourtravelandmore.com\/es\/tours\/francia\/le-havre-es\/tour-a-paris-desde-le-havre-tour-privado-con-vehiculo-y-guia\/\"]}]},{\"@type\":\"ImageObject\",\"inLanguage\":\"es\",\"@id\":\"https:\/\/tourtravelandmore.com\/es\/tours\/francia\/le-havre-es\/tour-a-paris-desde-le-havre-tour-privado-con-vehiculo-y-guia\/#primaryimage\",\"url\":\"https:\/\/tourtravelandmore.com\/wp-content\/uploads\/2018\/12\/Paris.jpg\",\"contentUrl\":\"https:\/\/tourtravelandmore.com\/wp-content\/uploads\/2018\/12\/Paris.jpg\",\"width\":3003,\"height\":2000},{\"@type\":\"BreadcrumbList\",\"@id\":\"https:\/\/tourtravelandmore.com\/es\/tours\/francia\/le-havre-es\/tour-a-paris-desde-le-havre-tour-privado-con-vehiculo-y-guia\/#breadcrumb\",\"itemListElement\":[{\"@type\":\"ListItem\",\"position\":1,\"name\":\"Home\",\"item\":\"https:\/\/tourtravelandmore.com\/es\/\"},{\"@type\":\"ListItem\",\"position\":2,\"name\":\"Tours\",\"item\":\"https:\/\/tourtravelandmore.com\/es\/tours\/\"},{\"@type\":\"ListItem\",\"position\":3,\"name\":\"Excursi\u00f3n privada a Par\u00eds desde Le Havre con guia y vehiculo\"}]},{\"@type\":\"WebSite\",\"@id\":\"https:\/\/tourtravelandmore.com\/es\/#website\",\"url\":\"https:\/\/tourtravelandmore.com\/es\/\",\"name\":\"Tour Travel And More\",\"description\":\"Private sightseeing tours and luxury transfers in Spain\",\"publisher\":{\"@id\":\"https:\/\/tourtravelandmore.com\/es\/#organization\"},\"potentialAction\":[{\"@type\":\"SearchAction\",\"target\":{\"@type\":\"EntryPoint\",\"urlTemplate\":\"https:\/\/tourtravelandmore.com\/es\/?s={search_term_string}\"},\"query-input\":{\"@type\":\"PropertyValueSpecification\",\"valueRequired\":true,\"valueName\":\"search_term_string\"}}],\"inLanguage\":\"es\"},{\"@type\":\"Organization\",\"@id\":\"https:\/\/tourtravelandmore.com\/es\/#organization\",\"name\":\"Tour Travel And More\",\"url\":\"https:\/\/tourtravelandmore.com\/es\/\",\"logo\":{\"@type\":\"ImageObject\",\"inLanguage\":\"es\",\"@id\":\"https:\/\/tourtravelandmore.com\/es\/#\/schema\/logo\/image\/\",\"url\":\"https:\/\/tourtravelandmore.com\/wp-content\/uploads\/2022\/12\/cropped-logo-cabecera-new.png\",\"contentUrl\":\"https:\/\/tourtravelandmore.com\/wp-content\/uploads\/2022\/12\/cropped-logo-cabecera-new.png\",\"width\":430,\"height\":61,\"caption\":\"Tour Travel And More\"},\"image\":{\"@id\":\"https:\/\/tourtravelandmore.com\/es\/#\/schema\/logo\/image\/\"},\"sameAs\":[\"https:\/\/www.facebook.com\/tourtravelandmore\/\",\"https:\/\/x.com\/TourTravel_More\"]}]}<\/script>\n<!-- \/ Yoast SEO Premium plugin. -->","yoast_head_json":{"title":"Tour a Paris desde Le Havre - Tour privado con Vehiculo y guia | Tour Travel & More","description":"Disfrute este Tour a Paris desde Le Havre y descubre junto a su gu\u00eda privado y vehiculo la famosa ciudad de Paris y sus principales monumentos \u2705","robots":{"index":"index","follow":"follow","max-snippet":"max-snippet:-1","max-image-preview":"max-image-preview:large","max-video-preview":"max-video-preview:-1"},"canonical":"https:\/\/tourtravelandmore.com\/es\/tours\/francia\/le-havre-es\/tour-a-paris-desde-le-havre-tour-privado-con-vehiculo-y-guia\/","og_locale":"es_ES","og_type":"article","og_title":"Excursi\u00f3n privada a Par\u00eds desde Le Havre con guia y vehiculo","og_description":"Disfrute este Tour a Paris desde Le Havre y descubre junto a su gu\u00eda privado y vehiculo la famosa ciudad de Paris y sus principales monumentos \u2705","og_url":"https:\/\/tourtravelandmore.com\/es\/tours\/francia\/le-havre-es\/tour-a-paris-desde-le-havre-tour-privado-con-vehiculo-y-guia\/","og_site_name":"Tour Travel And More","article_publisher":"https:\/\/www.facebook.com\/tourtravelandmore\/","article_modified_time":"2022-07-25T07:40:05+00:00","og_image":[{"width":3003,"height":2000,"url":"https:\/\/tourtravelandmore.com\/wp-content\/uploads\/2018\/12\/Paris.jpg","type":"image\/jpeg"}],"twitter_card":"summary_large_image","twitter_site":"@TourTravel_More","twitter_misc":{"Tiempo de lectura":"2 minutos"},"schema":{"@context":"https:\/\/schema.org","@graph":[{"@type":"WebPage","@id":"https:\/\/tourtravelandmore.com\/es\/tours\/francia\/le-havre-es\/tour-a-paris-desde-le-havre-tour-privado-con-vehiculo-y-guia\/","url":"https:\/\/tourtravelandmore.com\/es\/tours\/francia\/le-havre-es\/tour-a-paris-desde-le-havre-tour-privado-con-vehiculo-y-guia\/","name":"Tour a Paris desde Le Havre - Tour privado con Vehiculo y guia | Tour Travel & More","isPartOf":{"@id":"https:\/\/tourtravelandmore.com\/es\/#website"},"primaryImageOfPage":{"@id":"https:\/\/tourtravelandmore.com\/es\/tours\/francia\/le-havre-es\/tour-a-paris-desde-le-havre-tour-privado-con-vehiculo-y-guia\/#primaryimage"},"image":{"@id":"https:\/\/tourtravelandmore.com\/es\/tours\/francia\/le-havre-es\/tour-a-paris-desde-le-havre-tour-privado-con-vehiculo-y-guia\/#primaryimage"},"thumbnailUrl":"https:\/\/tourtravelandmore.com\/wp-content\/uploads\/2018\/12\/Paris.jpg","datePublished":"2019-08-12T12:13:26+00:00","dateModified":"2022-07-25T07:40:05+00:00","description":"Disfrute este Tour a Paris desde Le Havre y descubre junto a su gu\u00eda privado y vehiculo la famosa ciudad de Paris y sus principales monumentos \u2705","breadcrumb":{"@id":"https:\/\/tourtravelandmore.com\/es\/tours\/francia\/le-havre-es\/tour-a-paris-desde-le-havre-tour-privado-con-vehiculo-y-guia\/#breadcrumb"},"inLanguage":"es","potentialAction":[{"@type":"ReadAction","target":["https:\/\/tourtravelandmore.com\/es\/tours\/francia\/le-havre-es\/tour-a-paris-desde-le-havre-tour-privado-con-vehiculo-y-guia\/"]}]},{"@type":"ImageObject","inLanguage":"es","@id":"https:\/\/tourtravelandmore.com\/es\/tours\/francia\/le-havre-es\/tour-a-paris-desde-le-havre-tour-privado-con-vehiculo-y-guia\/#primaryimage","url":"https:\/\/tourtravelandmore.com\/wp-content\/uploads\/2018\/12\/Paris.jpg","contentUrl":"https:\/\/tourtravelandmore.com\/wp-content\/uploads\/2018\/12\/Paris.jpg","width":3003,"height":2000},{"@type":"BreadcrumbList","@id":"https:\/\/tourtravelandmore.com\/es\/tours\/francia\/le-havre-es\/tour-a-paris-desde-le-havre-tour-privado-con-vehiculo-y-guia\/#breadcrumb","itemListElement":[{"@type":"ListItem","position":1,"name":"Home","item":"https:\/\/tourtravelandmore.com\/es\/"},{"@type":"ListItem","position":2,"name":"Tours","item":"https:\/\/tourtravelandmore.com\/es\/tours\/"},{"@type":"ListItem","position":3,"name":"Excursi\u00f3n privada a Par\u00eds desde Le Havre con guia y vehiculo"}]},{"@type":"WebSite","@id":"https:\/\/tourtravelandmore.com\/es\/#website","url":"https:\/\/tourtravelandmore.com\/es\/","name":"Tour Travel And More","description":"Private sightseeing tours and luxury transfers in Spain","publisher":{"@id":"https:\/\/tourtravelandmore.com\/es\/#organization"},"potentialAction":[{"@type":"SearchAction","target":{"@type":"EntryPoint","urlTemplate":"https:\/\/tourtravelandmore.com\/es\/?s={search_term_string}"},"query-input":{"@type":"PropertyValueSpecification","valueRequired":true,"valueName":"search_term_string"}}],"inLanguage":"es"},{"@type":"Organization","@id":"https:\/\/tourtravelandmore.com\/es\/#organization","name":"Tour Travel And More","url":"https:\/\/tourtravelandmore.com\/es\/","logo":{"@type":"ImageObject","inLanguage":"es","@id":"https:\/\/tourtravelandmore.com\/es\/#\/schema\/logo\/image\/","url":"https:\/\/tourtravelandmore.com\/wp-content\/uploads\/2022\/12\/cropped-logo-cabecera-new.png","contentUrl":"https:\/\/tourtravelandmore.com\/wp-content\/uploads\/2022\/12\/cropped-logo-cabecera-new.png","width":430,"height":61,"caption":"Tour Travel And More"},"image":{"@id":"https:\/\/tourtravelandmore.com\/es\/#\/schema\/logo\/image\/"},"sameAs":["https:\/\/www.facebook.com\/tourtravelandmore\/","https:\/\/x.com\/TourTravel_More"]}]}},"_links":{"self":[{"href":"https:\/\/tourtravelandmore.com\/es\/wp-json\/wp\/v2\/product\/63363","targetHints":{"allow":["GET"]}}],"collection":[{"href":"https:\/\/tourtravelandmore.com\/es\/wp-json\/wp\/v2\/product"}],"about":[{"href":"https:\/\/tourtravelandmore.com\/es\/wp-json\/wp\/v2\/types\/product"}],"replies":[{"embeddable":true,"href":"https:\/\/tourtravelandmore.com\/es\/wp-json\/wp\/v2\/comments?post=63363"}],"wp:featuredmedia":[{"embeddable":true,"href":"https:\/\/tourtravelandmore.com\/es\/wp-json\/wp\/v2\/media\/30346"}],"wp:attachment":[{"href":"https:\/\/tourtravelandmore.com\/es\/wp-json\/wp\/v2\/media?parent=63363"}],"wp:term":[{"taxonomy":"product_brand","embeddable":true,"href":"https:\/\/tourtravelandmore.com\/es\/wp-json\/wp\/v2\/product_brand?post=63363"},{"taxonomy":"product_cat","embeddable":true,"href":"https:\/\/tourtravelandmore.com\/es\/wp-json\/wp\/v2\/product_cat?post=63363"},{"taxonomy":"product_tag","embeddable":true,"href":"https:\/\/tourtravelandmore.com\/es\/wp-json\/wp\/v2\/product_tag?post=63363"}],"curies":[{"name":"wp","href":"https:\/\/api.w.org\/{rel}","templated":true}]}}