{"id":62863,"date":"2019-08-01T17:35:28","date_gmt":"2019-08-01T15:35:28","guid":{"rendered":"https:\/\/tourtravelandmore.com\/?post_type=product&#038;p=62863"},"modified":"2024-08-27T21:15:36","modified_gmt":"2024-08-27T19:15:36","slug":"tour-privado-a-pie-por-estambul","status":"publish","type":"product","link":"https:\/\/tourtravelandmore.com\/es\/tours\/turquia-es\/estambul-es\/tour-privado-a-pie-por-estambul\/","title":{"rendered":"Tour Privado a pie por Estambul con Hagia Sophia"},"content":{"rendered":"<h2><b><strong>Tour privado a pie por Estambul Descripci\u00f3n<\/strong><\/b><\/h2>\n<p>Durante este recorrido privado a pie por Estambul, se adentrar\u00e1 en los lugares m\u00e1s destacados de esta hist\u00f3rica ciudad.<\/p>\n<p>Podr\u00e1 hacer fotos desde los mejores puntos de la ciudad.<\/p>\n<p>La primera parada ser\u00e1 el famoso Palacio Topkapi; fue el centro administrativo del Imperio Otomano durante d\u00e9cadas. La construcci\u00f3n del palacio fue ordenada por el sult\u00e1n Mehmed II. Desde all\u00ed tendr\u00e1 una espl\u00e9ndida vista del B\u00f3sforo. Consta de muchos edificios peque\u00f1os construidos juntos y rodeados por cuatro patios.<\/p>\n<h2>Visita privada a pie de Estambul | Puntos de inter\u00e9s y lugares emblem\u00e1ticos<\/h2>\n<p>Su siguiente parada en este recorrido privado ser\u00e1 el hip\u00f3dromo, el centro social y deportivo de Constantinpla, que actualmente es una plaza con fragmentos de la estructura original. A continuaci\u00f3n, ver\u00e1 la mezquita m\u00e1s famosa de la ciudad llamada la Mezquita Azul haciendo honor a su nombre los azulejos azules de Iznik de su interior. Fue construida por el sult\u00e1n Ahmed I a principios del siglo XVII. A continuaci\u00f3n, se dirigir\u00e1 al Gran Bazar, conocido por sus m\u00e1s de 4000 famosas tiendas llenas de tesoros.<\/p>\n<p>Entre en la impresionante <b><strong>Santa Sof\u00eda,<\/strong><\/b> obra maestra de la arquitectura bizantina y s\u00edmbolo de la rica historia de Estambul. Como parte de su visita privada, la entrada a este emblem\u00e1tico monumento est\u00e1 incluida, lo que le permitir\u00e1 explorar sus magn\u00edficos interiores a su propio ritmo. Marav\u00edllese ante la gran c\u00fapula, los intrincados mosaicos y los frescos centenarios que narran la historia de imperios pasados. Tanto si le cautiva su significado religioso como su grandeza arquitect\u00f3nica, Santa Sof\u00eda ofrece una visi\u00f3n del patrimonio espiritual y cultural de Estambul, lo que la convierte en un punto culminante ineludible de su viaje.<\/p>\n<p>Finalmente, la \u00faltima parada, pero no por ello menos importante, la visita a la mezquita nueva, situada a pocos metros del bazar de las especias, fue construida por orden de las madres de los sultanes Mehmet III y Mehmet IV tras una serie de problemas religiosos financieros y pol\u00edticos En el interior podr\u00e1 disfrutar de su espectacular<\/p>\n<p>Entre otros monumentos y lugares de inter\u00e9s, podr\u00e1 conocer<\/p>\n<ul>\n<li><a href=\"http:\/\/www.sultanahmetcamii.org\/tr\/\">Mezquita Azul<\/a><\/li>\n<li>Gran Bazar<\/li>\n<li>Palacio Topkapi<\/li>\n<li>Hip\u00f3dromo<\/li>\n<li>Fuente Alemana<\/li>\n<li>Todo esto y mucho m\u00e1s en nuestro privado en Estambul<\/li>\n<\/ul>\n<p>Este recorrido privado a pie por Estambul terminar\u00e1 en el centro de la ciudad de Estambul.<\/p>\n<p><a href=\"https:\/\/tourtravelandmore.com\/es\/ciudad\/turquia-es\/istanbul-en\/\">No se pierda nuestros recorridos privados por Estambul.<\/a><\/p>\n","protected":false},"excerpt":{"rendered":"<p><strong>Tour personalizable de la ciudad de Estambul<\/strong>\u00a0por los\u00a0lugares m\u00e1s destacados. La ciudad de <strong>Estambul<\/strong>, en Turqu\u00eda, es conocida por su numeroso patrimonio cultural. Durante este tour su gu\u00eda privado les llevar\u00e1 por lugares hist\u00f3ricos como son las <strong>Mezquita Azul<\/strong>, el <strong>Palacio Topkapi<\/strong> o su <strong>Gran Bazar<\/strong>.<\/p>\n","protected":false},"featured_media":62829,"comment_status":"open","ping_status":"closed","template":"","meta":{"_acf_changed":false},"product_brand":[],"product_cat":[1601,1162,1163,1164],"product_tag":[],"class_list":{"0":"post-62863","1":"product","2":"type-product","3":"status-publish","4":"has-post-thumbnail","6":"product_cat-turquia-es","7":"product_cat-estambul-es","8":"product_cat-estambul-actividades-es","9":"product_cat-estambul-tours-privados-pie-es","11":"first","12":"instock","13":"shipping-taxable","14":"purchasable","15":"product-type-simple"},"acf":[],"yoast_head":"<!-- This site is optimized with the Yoast SEO Premium plugin v25.3.1 (Yoast SEO v25.3.1) - https:\/\/yoast.com\/wordpress\/plugins\/seo\/ -->\n<title>\u27a1\ufe0f Tour Privado a pie por Estambul con gu\u00eda profesional local | Tour Travel &amp; More<\/title>\n<meta name=\"description\" content=\"Lo invitamos a conocer una de las ciudades m\u00e1s maravillosas del mundo con nuestro Tour Privado a pie por Estambul con gu\u00eda oficial \u2705\" \/>\n<meta name=\"robots\" content=\"index, follow, max-snippet:-1, max-image-preview:large, max-video-preview:-1\" \/>\n<link rel=\"canonical\" href=\"https:\/\/tourtravelandmore.com\/es\/tours\/turquia-es\/estambul-es\/tour-privado-a-pie-por-estambul\/\" \/>\n<meta property=\"og:locale\" content=\"es_ES\" \/>\n<meta property=\"og:type\" content=\"article\" \/>\n<meta property=\"og:title\" content=\"Tour Privado a pie por Estambul con Hagia Sophia\" \/>\n<meta property=\"og:description\" content=\"Lo invitamos a conocer una de las ciudades m\u00e1s maravillosas del mundo con nuestro Tour Privado a pie por Estambul con gu\u00eda oficial \u2705\" \/>\n<meta property=\"og:url\" content=\"https:\/\/tourtravelandmore.com\/es\/tours\/turquia-es\/estambul-es\/tour-privado-a-pie-por-estambul\/\" \/>\n<meta property=\"og:site_name\" content=\"Tour Travel And More\" \/>\n<meta property=\"article:publisher\" content=\"https:\/\/www.facebook.com\/tourtravelandmore\/\" \/>\n<meta property=\"article:modified_time\" content=\"2024-08-27T19:15:36+00:00\" \/>\n<meta property=\"og:image\" content=\"https:\/\/tourtravelandmore.com\/wp-content\/uploads\/2019\/08\/30957461155_42570c8952_b.jpg\" \/>\n\t<meta property=\"og:image:width\" content=\"1024\" \/>\n\t<meta property=\"og:image:height\" content=\"720\" \/>\n\t<meta property=\"og:image:type\" content=\"image\/jpeg\" \/>\n<meta name=\"twitter:card\" content=\"summary_large_image\" \/>\n<meta name=\"twitter:site\" content=\"@TourTravel_More\" \/>\n<meta name=\"twitter:label1\" content=\"Tiempo de lectura\" \/>\n\t<meta name=\"twitter:data1\" content=\"2 minutos\" \/>\n<script type=\"application\/ld+json\" class=\"yoast-schema-graph\">{\"@context\":\"https:\/\/schema.org\",\"@graph\":[{\"@type\":\"WebPage\",\"@id\":\"https:\/\/tourtravelandmore.com\/es\/tours\/turquia-es\/estambul-es\/tour-privado-a-pie-por-estambul\/\",\"url\":\"https:\/\/tourtravelandmore.com\/es\/tours\/turquia-es\/estambul-es\/tour-privado-a-pie-por-estambul\/\",\"name\":\"\u27a1\ufe0f Tour Privado a pie por Estambul con gu\u00eda profesional local | Tour Travel & More\",\"isPartOf\":{\"@id\":\"https:\/\/tourtravelandmore.com\/es\/#website\"},\"primaryImageOfPage\":{\"@id\":\"https:\/\/tourtravelandmore.com\/es\/tours\/turquia-es\/estambul-es\/tour-privado-a-pie-por-estambul\/#primaryimage\"},\"image\":{\"@id\":\"https:\/\/tourtravelandmore.com\/es\/tours\/turquia-es\/estambul-es\/tour-privado-a-pie-por-estambul\/#primaryimage\"},\"thumbnailUrl\":\"https:\/\/tourtravelandmore.com\/wp-content\/uploads\/2019\/08\/30957461155_42570c8952_b.jpg\",\"datePublished\":\"2019-08-01T15:35:28+00:00\",\"dateModified\":\"2024-08-27T19:15:36+00:00\",\"description\":\"Lo invitamos a conocer una de las ciudades m\u00e1s maravillosas del mundo con nuestro Tour Privado a pie por Estambul con gu\u00eda oficial \u2705\",\"breadcrumb\":{\"@id\":\"https:\/\/tourtravelandmore.com\/es\/tours\/turquia-es\/estambul-es\/tour-privado-a-pie-por-estambul\/#breadcrumb\"},\"inLanguage\":\"es\",\"potentialAction\":[{\"@type\":\"ReadAction\",\"target\":[\"https:\/\/tourtravelandmore.com\/es\/tours\/turquia-es\/estambul-es\/tour-privado-a-pie-por-estambul\/\"]}]},{\"@type\":\"ImageObject\",\"inLanguage\":\"es\",\"@id\":\"https:\/\/tourtravelandmore.com\/es\/tours\/turquia-es\/estambul-es\/tour-privado-a-pie-por-estambul\/#primaryimage\",\"url\":\"https:\/\/tourtravelandmore.com\/wp-content\/uploads\/2019\/08\/30957461155_42570c8952_b.jpg\",\"contentUrl\":\"https:\/\/tourtravelandmore.com\/wp-content\/uploads\/2019\/08\/30957461155_42570c8952_b.jpg\",\"width\":1024,\"height\":720,\"caption\":\"Wide angle view of the inner courtyard of the Sultan Ahmed Mosque (aka the Blue Mosque) at dusk, in Istanbul, Turkey.\"},{\"@type\":\"BreadcrumbList\",\"@id\":\"https:\/\/tourtravelandmore.com\/es\/tours\/turquia-es\/estambul-es\/tour-privado-a-pie-por-estambul\/#breadcrumb\",\"itemListElement\":[{\"@type\":\"ListItem\",\"position\":1,\"name\":\"Home\",\"item\":\"https:\/\/tourtravelandmore.com\/es\/\"},{\"@type\":\"ListItem\",\"position\":2,\"name\":\"Tours\",\"item\":\"https:\/\/tourtravelandmore.com\/es\/tours\/\"},{\"@type\":\"ListItem\",\"position\":3,\"name\":\"Tour Privado a pie por Estambul con Hagia Sophia\"}]},{\"@type\":\"WebSite\",\"@id\":\"https:\/\/tourtravelandmore.com\/es\/#website\",\"url\":\"https:\/\/tourtravelandmore.com\/es\/\",\"name\":\"Tour Travel And More\",\"description\":\"Private sightseeing tours and luxury transfers in Spain\",\"publisher\":{\"@id\":\"https:\/\/tourtravelandmore.com\/es\/#organization\"},\"potentialAction\":[{\"@type\":\"SearchAction\",\"target\":{\"@type\":\"EntryPoint\",\"urlTemplate\":\"https:\/\/tourtravelandmore.com\/es\/?s={search_term_string}\"},\"query-input\":{\"@type\":\"PropertyValueSpecification\",\"valueRequired\":true,\"valueName\":\"search_term_string\"}}],\"inLanguage\":\"es\"},{\"@type\":\"Organization\",\"@id\":\"https:\/\/tourtravelandmore.com\/es\/#organization\",\"name\":\"Tour Travel And More\",\"url\":\"https:\/\/tourtravelandmore.com\/es\/\",\"logo\":{\"@type\":\"ImageObject\",\"inLanguage\":\"es\",\"@id\":\"https:\/\/tourtravelandmore.com\/es\/#\/schema\/logo\/image\/\",\"url\":\"https:\/\/tourtravelandmore.com\/wp-content\/uploads\/2022\/12\/cropped-logo-cabecera-new.png\",\"contentUrl\":\"https:\/\/tourtravelandmore.com\/wp-content\/uploads\/2022\/12\/cropped-logo-cabecera-new.png\",\"width\":430,\"height\":61,\"caption\":\"Tour Travel And More\"},\"image\":{\"@id\":\"https:\/\/tourtravelandmore.com\/es\/#\/schema\/logo\/image\/\"},\"sameAs\":[\"https:\/\/www.facebook.com\/tourtravelandmore\/\",\"https:\/\/x.com\/TourTravel_More\"]}]}<\/script>\n<!-- \/ Yoast SEO Premium plugin. -->","yoast_head_json":{"title":"\u27a1\ufe0f Tour Privado a pie por Estambul con gu\u00eda profesional local | Tour Travel & More","description":"Lo invitamos a conocer una de las ciudades m\u00e1s maravillosas del mundo con nuestro Tour Privado a pie por Estambul con gu\u00eda oficial \u2705","robots":{"index":"index","follow":"follow","max-snippet":"max-snippet:-1","max-image-preview":"max-image-preview:large","max-video-preview":"max-video-preview:-1"},"canonical":"https:\/\/tourtravelandmore.com\/es\/tours\/turquia-es\/estambul-es\/tour-privado-a-pie-por-estambul\/","og_locale":"es_ES","og_type":"article","og_title":"Tour Privado a pie por Estambul con Hagia Sophia","og_description":"Lo invitamos a conocer una de las ciudades m\u00e1s maravillosas del mundo con nuestro Tour Privado a pie por Estambul con gu\u00eda oficial \u2705","og_url":"https:\/\/tourtravelandmore.com\/es\/tours\/turquia-es\/estambul-es\/tour-privado-a-pie-por-estambul\/","og_site_name":"Tour Travel And More","article_publisher":"https:\/\/www.facebook.com\/tourtravelandmore\/","article_modified_time":"2024-08-27T19:15:36+00:00","og_image":[{"width":1024,"height":720,"url":"https:\/\/tourtravelandmore.com\/wp-content\/uploads\/2019\/08\/30957461155_42570c8952_b.jpg","type":"image\/jpeg"}],"twitter_card":"summary_large_image","twitter_site":"@TourTravel_More","twitter_misc":{"Tiempo de lectura":"2 minutos"},"schema":{"@context":"https:\/\/schema.org","@graph":[{"@type":"WebPage","@id":"https:\/\/tourtravelandmore.com\/es\/tours\/turquia-es\/estambul-es\/tour-privado-a-pie-por-estambul\/","url":"https:\/\/tourtravelandmore.com\/es\/tours\/turquia-es\/estambul-es\/tour-privado-a-pie-por-estambul\/","name":"\u27a1\ufe0f Tour Privado a pie por Estambul con gu\u00eda profesional local | Tour Travel & More","isPartOf":{"@id":"https:\/\/tourtravelandmore.com\/es\/#website"},"primaryImageOfPage":{"@id":"https:\/\/tourtravelandmore.com\/es\/tours\/turquia-es\/estambul-es\/tour-privado-a-pie-por-estambul\/#primaryimage"},"image":{"@id":"https:\/\/tourtravelandmore.com\/es\/tours\/turquia-es\/estambul-es\/tour-privado-a-pie-por-estambul\/#primaryimage"},"thumbnailUrl":"https:\/\/tourtravelandmore.com\/wp-content\/uploads\/2019\/08\/30957461155_42570c8952_b.jpg","datePublished":"2019-08-01T15:35:28+00:00","dateModified":"2024-08-27T19:15:36+00:00","description":"Lo invitamos a conocer una de las ciudades m\u00e1s maravillosas del mundo con nuestro Tour Privado a pie por Estambul con gu\u00eda oficial \u2705","breadcrumb":{"@id":"https:\/\/tourtravelandmore.com\/es\/tours\/turquia-es\/estambul-es\/tour-privado-a-pie-por-estambul\/#breadcrumb"},"inLanguage":"es","potentialAction":[{"@type":"ReadAction","target":["https:\/\/tourtravelandmore.com\/es\/tours\/turquia-es\/estambul-es\/tour-privado-a-pie-por-estambul\/"]}]},{"@type":"ImageObject","inLanguage":"es","@id":"https:\/\/tourtravelandmore.com\/es\/tours\/turquia-es\/estambul-es\/tour-privado-a-pie-por-estambul\/#primaryimage","url":"https:\/\/tourtravelandmore.com\/wp-content\/uploads\/2019\/08\/30957461155_42570c8952_b.jpg","contentUrl":"https:\/\/tourtravelandmore.com\/wp-content\/uploads\/2019\/08\/30957461155_42570c8952_b.jpg","width":1024,"height":720,"caption":"Wide angle view of the inner courtyard of the Sultan Ahmed Mosque (aka the Blue Mosque) at dusk, in Istanbul, Turkey."},{"@type":"BreadcrumbList","@id":"https:\/\/tourtravelandmore.com\/es\/tours\/turquia-es\/estambul-es\/tour-privado-a-pie-por-estambul\/#breadcrumb","itemListElement":[{"@type":"ListItem","position":1,"name":"Home","item":"https:\/\/tourtravelandmore.com\/es\/"},{"@type":"ListItem","position":2,"name":"Tours","item":"https:\/\/tourtravelandmore.com\/es\/tours\/"},{"@type":"ListItem","position":3,"name":"Tour Privado a pie por Estambul con Hagia Sophia"}]},{"@type":"WebSite","@id":"https:\/\/tourtravelandmore.com\/es\/#website","url":"https:\/\/tourtravelandmore.com\/es\/","name":"Tour Travel And More","description":"Private sightseeing tours and luxury transfers in Spain","publisher":{"@id":"https:\/\/tourtravelandmore.com\/es\/#organization"},"potentialAction":[{"@type":"SearchAction","target":{"@type":"EntryPoint","urlTemplate":"https:\/\/tourtravelandmore.com\/es\/?s={search_term_string}"},"query-input":{"@type":"PropertyValueSpecification","valueRequired":true,"valueName":"search_term_string"}}],"inLanguage":"es"},{"@type":"Organization","@id":"https:\/\/tourtravelandmore.com\/es\/#organization","name":"Tour Travel And More","url":"https:\/\/tourtravelandmore.com\/es\/","logo":{"@type":"ImageObject","inLanguage":"es","@id":"https:\/\/tourtravelandmore.com\/es\/#\/schema\/logo\/image\/","url":"https:\/\/tourtravelandmore.com\/wp-content\/uploads\/2022\/12\/cropped-logo-cabecera-new.png","contentUrl":"https:\/\/tourtravelandmore.com\/wp-content\/uploads\/2022\/12\/cropped-logo-cabecera-new.png","width":430,"height":61,"caption":"Tour Travel And More"},"image":{"@id":"https:\/\/tourtravelandmore.com\/es\/#\/schema\/logo\/image\/"},"sameAs":["https:\/\/www.facebook.com\/tourtravelandmore\/","https:\/\/x.com\/TourTravel_More"]}]}},"_links":{"self":[{"href":"https:\/\/tourtravelandmore.com\/es\/wp-json\/wp\/v2\/product\/62863","targetHints":{"allow":["GET"]}}],"collection":[{"href":"https:\/\/tourtravelandmore.com\/es\/wp-json\/wp\/v2\/product"}],"about":[{"href":"https:\/\/tourtravelandmore.com\/es\/wp-json\/wp\/v2\/types\/product"}],"replies":[{"embeddable":true,"href":"https:\/\/tourtravelandmore.com\/es\/wp-json\/wp\/v2\/comments?post=62863"}],"wp:featuredmedia":[{"embeddable":true,"href":"https:\/\/tourtravelandmore.com\/es\/wp-json\/wp\/v2\/media\/62829"}],"wp:attachment":[{"href":"https:\/\/tourtravelandmore.com\/es\/wp-json\/wp\/v2\/media?parent=62863"}],"wp:term":[{"taxonomy":"product_brand","embeddable":true,"href":"https:\/\/tourtravelandmore.com\/es\/wp-json\/wp\/v2\/product_brand?post=62863"},{"taxonomy":"product_cat","embeddable":true,"href":"https:\/\/tourtravelandmore.com\/es\/wp-json\/wp\/v2\/product_cat?post=62863"},{"taxonomy":"product_tag","embeddable":true,"href":"https:\/\/tourtravelandmore.com\/es\/wp-json\/wp\/v2\/product_tag?post=62863"}],"curies":[{"name":"wp","href":"https:\/\/api.w.org\/{rel}","templated":true}]}}