{"id":62853,"date":"2019-08-01T16:41:12","date_gmt":"2019-08-01T14:41:12","guid":{"rendered":"https:\/\/tourtravelandmore.com\/?post_type=product&#038;p=62853"},"modified":"2024-08-27T21:55:18","modified_gmt":"2024-08-27T19:55:18","slug":"tour-privado-por-estambul-con-crucero","status":"publish","type":"product","link":"https:\/\/tourtravelandmore.com\/es\/tours\/turquia-es\/estambul-es\/tour-privado-por-estambul-con-crucero\/","title":{"rendered":"Tour de Crucero privado por el B\u00f3sforo"},"content":{"rendered":"<h2><b><strong>Crucero privado por el B\u00f3sforo Descripci\u00f3n<\/strong><\/b><\/h2>\n<p>Experimente la incomparable belleza de Estambul desde la comodidad de un yate privado mientras navega por el emblem\u00e1tico estrecho del B\u00f3sforo. Este exclusivo recorrido de 2 horas ofrece una escapada de lujo, mezclando el encanto hist\u00f3rico de la ciudad con el ambiente sereno del agua. Comience su viaje con un c\u00f3modo traslado desde su hotel, que le garantizar\u00e1 un comienzo de su aventura sin contratiempos ni estr\u00e9s.<\/p>\n<p>Disfrute de los maravillosos lugares que alberga esta ciudad a bordo de un crucero privado de dos horas por el B\u00f3sforo. El estrecho del B\u00f3sforo separa Europa, Asia y Estambul y es la \u00fanica ciudad del mundo construida sobre dos continentes. Y este crucero le brinda la oportunidad de ver ambas partes de la ciudad.<\/p>\n<h2>Paseo privado por Estambul y crucero por el B\u00f3sforo | Puntos de inter\u00e9s y lugares emblem\u00e1ticos<\/h2>\n<p>Una vez a bordo de su yate privado, le recibir\u00e1n unas vistas impresionantes del perfil de Estambul, donde Oriente se encuentra con Occidente. Mientras se desliza por el B\u00f3sforo, marav\u00edllese ante la grandeza del Palacio Dolmabah\u00e7e, la majestuosidad del Puente del B\u00f3sforo y la belleza intemporal de la Torre de la Doncella. Tanto si busca una escapada rom\u00e1ntica como un retiro tranquilo, esta excursi\u00f3n en yate le ofrece el marco perfecto para unos recuerdos inolvidables.<\/p>\n<p>El experto capit\u00e1n y la tripulaci\u00f3n se dedicar\u00e1n a hacer que su experiencia sea realmente especial, ofreci\u00e9ndole informaci\u00f3n sobre los lugares emblem\u00e1ticos por los que pase y garantizando su comodidad durante todo el recorrido. Tras dos horas de crucero, le trasladar\u00e1n de vuelta a su hotel, dej\u00e1ndole con las encantadoras im\u00e1genes de Estambul perdurando en su mente.<\/p>\n<p>Entre otros monumentos y lugares, podr\u00e1 llegar a ver los siguientes:<\/p>\n<ul>\n<li><a href=\"http:\/\/www.sultanahmetcamii.org\/tr\/\">Mezquita Azul<\/a><\/li>\n<li>Gran Bazar<\/li>\n<li>Palacio Topkapi<\/li>\n<li>Hip\u00f3dromo<\/li>\n<li>Palacio Dolmabahce<\/li>\n<li>Todo esto y mucho m\u00e1s en nuestro privado en Estambul<\/li>\n<\/ul>\n<p><a href=\"https:\/\/tourtravelandmore.com\/es\/ciudad\/turquia-es\/istanbul-en\/\">Eche un vistazo a las otras visitas privadas en Estambul.<\/a> Este recorrido privado a pie por Estambul con un crucero de 2 horas por el B\u00f3sforo es una experiencia \u00fanica.<\/p>\n","protected":false},"excerpt":{"rendered":"<p>Experimente la incomparable belleza de Estambul desde la comodidad de un yate privado mientras navega por el emblem\u00e1tico estrecho del B\u00f3sforo. Este exclusivo recorrido de 2 horas ofrece una escapada de lujo, mezclando el encanto hist\u00f3rico de la ciudad con el ambiente sereno del agua. Comience su viaje con un c\u00f3modo traslado desde su hotel, que le garantizar\u00e1 un comienzo de su aventura sin contratiempos ni estr\u00e9s.<\/p>\n","protected":false},"featured_media":62150,"comment_status":"open","ping_status":"closed","template":"","meta":{"_acf_changed":false},"product_brand":[],"product_cat":[1601,1162,1163,1164],"product_tag":[],"class_list":{"0":"post-62853","1":"product","2":"type-product","3":"status-publish","4":"has-post-thumbnail","6":"product_cat-turquia-es","7":"product_cat-estambul-es","8":"product_cat-estambul-actividades-es","9":"product_cat-estambul-tours-privados-pie-es","11":"first","12":"instock","13":"shipping-taxable","14":"purchasable","15":"product-type-simple"},"acf":[],"yoast_head":"<!-- This site is optimized with the Yoast SEO Premium plugin v25.3.1 (Yoast SEO v25.3.1) - https:\/\/yoast.com\/wordpress\/plugins\/seo\/ -->\n<title>\u27a1\ufe0f Tour Privado por Estambul con crucero por el B\u00f3sforo y gu\u00eda | Tour Travel &amp; More<\/title>\n<meta name=\"description\" content=\"Acomp\u00e1\u00f1enos en este Tour Privado por Estambul con crucero por el B\u00f3sforo. Tenga la oportunidad de conocer en profundidad esta ciudad \u2705\" \/>\n<meta name=\"robots\" content=\"index, follow, max-snippet:-1, max-image-preview:large, max-video-preview:-1\" \/>\n<link rel=\"canonical\" href=\"https:\/\/tourtravelandmore.com\/es\/tours\/turquia-es\/estambul-es\/tour-privado-por-estambul-con-crucero\/\" \/>\n<meta property=\"og:locale\" content=\"es_ES\" \/>\n<meta property=\"og:type\" content=\"article\" \/>\n<meta property=\"og:title\" content=\"Tour de Crucero privado por el B\u00f3sforo\" \/>\n<meta property=\"og:description\" content=\"Acomp\u00e1\u00f1enos en este Tour Privado por Estambul con crucero por el B\u00f3sforo. Tenga la oportunidad de conocer en profundidad esta ciudad \u2705\" \/>\n<meta property=\"og:url\" content=\"https:\/\/tourtravelandmore.com\/es\/tours\/turquia-es\/estambul-es\/tour-privado-por-estambul-con-crucero\/\" \/>\n<meta property=\"og:site_name\" content=\"Tour Travel And More\" \/>\n<meta property=\"article:publisher\" content=\"https:\/\/www.facebook.com\/tourtravelandmore\/\" \/>\n<meta property=\"article:modified_time\" content=\"2024-08-27T19:55:18+00:00\" \/>\n<meta property=\"og:image\" content=\"https:\/\/tourtravelandmore.com\/wp-content\/uploads\/2019\/07\/43546496091_76f94430b2_b.jpg\" \/>\n\t<meta property=\"og:image:width\" content=\"1023\" \/>\n\t<meta property=\"og:image:height\" content=\"698\" \/>\n\t<meta property=\"og:image:type\" content=\"image\/jpeg\" \/>\n<meta name=\"twitter:card\" content=\"summary_large_image\" \/>\n<meta name=\"twitter:site\" content=\"@TourTravel_More\" \/>\n<meta name=\"twitter:label1\" content=\"Tiempo de lectura\" \/>\n\t<meta name=\"twitter:data1\" content=\"2 minutos\" \/>\n<script type=\"application\/ld+json\" class=\"yoast-schema-graph\">{\"@context\":\"https:\/\/schema.org\",\"@graph\":[{\"@type\":\"WebPage\",\"@id\":\"https:\/\/tourtravelandmore.com\/es\/tours\/turquia-es\/estambul-es\/tour-privado-por-estambul-con-crucero\/\",\"url\":\"https:\/\/tourtravelandmore.com\/es\/tours\/turquia-es\/estambul-es\/tour-privado-por-estambul-con-crucero\/\",\"name\":\"\u27a1\ufe0f Tour Privado por Estambul con crucero por el B\u00f3sforo y gu\u00eda | Tour Travel & More\",\"isPartOf\":{\"@id\":\"https:\/\/tourtravelandmore.com\/es\/#website\"},\"primaryImageOfPage\":{\"@id\":\"https:\/\/tourtravelandmore.com\/es\/tours\/turquia-es\/estambul-es\/tour-privado-por-estambul-con-crucero\/#primaryimage\"},\"image\":{\"@id\":\"https:\/\/tourtravelandmore.com\/es\/tours\/turquia-es\/estambul-es\/tour-privado-por-estambul-con-crucero\/#primaryimage\"},\"thumbnailUrl\":\"https:\/\/tourtravelandmore.com\/wp-content\/uploads\/2019\/07\/43546496091_76f94430b2_b.jpg\",\"datePublished\":\"2019-08-01T14:41:12+00:00\",\"dateModified\":\"2024-08-27T19:55:18+00:00\",\"description\":\"Acomp\u00e1\u00f1enos en este Tour Privado por Estambul con crucero por el B\u00f3sforo. Tenga la oportunidad de conocer en profundidad esta ciudad \u2705\",\"breadcrumb\":{\"@id\":\"https:\/\/tourtravelandmore.com\/es\/tours\/turquia-es\/estambul-es\/tour-privado-por-estambul-con-crucero\/#breadcrumb\"},\"inLanguage\":\"es\",\"potentialAction\":[{\"@type\":\"ReadAction\",\"target\":[\"https:\/\/tourtravelandmore.com\/es\/tours\/turquia-es\/estambul-es\/tour-privado-por-estambul-con-crucero\/\"]}]},{\"@type\":\"ImageObject\",\"inLanguage\":\"es\",\"@id\":\"https:\/\/tourtravelandmore.com\/es\/tours\/turquia-es\/estambul-es\/tour-privado-por-estambul-con-crucero\/#primaryimage\",\"url\":\"https:\/\/tourtravelandmore.com\/wp-content\/uploads\/2019\/07\/43546496091_76f94430b2_b.jpg\",\"contentUrl\":\"https:\/\/tourtravelandmore.com\/wp-content\/uploads\/2019\/07\/43546496091_76f94430b2_b.jpg\",\"width\":1023,\"height\":698},{\"@type\":\"BreadcrumbList\",\"@id\":\"https:\/\/tourtravelandmore.com\/es\/tours\/turquia-es\/estambul-es\/tour-privado-por-estambul-con-crucero\/#breadcrumb\",\"itemListElement\":[{\"@type\":\"ListItem\",\"position\":1,\"name\":\"Home\",\"item\":\"https:\/\/tourtravelandmore.com\/es\/\"},{\"@type\":\"ListItem\",\"position\":2,\"name\":\"Tours\",\"item\":\"https:\/\/tourtravelandmore.com\/es\/tours\/\"},{\"@type\":\"ListItem\",\"position\":3,\"name\":\"Tour de Crucero privado por el B\u00f3sforo\"}]},{\"@type\":\"WebSite\",\"@id\":\"https:\/\/tourtravelandmore.com\/es\/#website\",\"url\":\"https:\/\/tourtravelandmore.com\/es\/\",\"name\":\"Tour Travel And More\",\"description\":\"Private sightseeing tours and luxury transfers in Spain\",\"publisher\":{\"@id\":\"https:\/\/tourtravelandmore.com\/es\/#organization\"},\"potentialAction\":[{\"@type\":\"SearchAction\",\"target\":{\"@type\":\"EntryPoint\",\"urlTemplate\":\"https:\/\/tourtravelandmore.com\/es\/?s={search_term_string}\"},\"query-input\":{\"@type\":\"PropertyValueSpecification\",\"valueRequired\":true,\"valueName\":\"search_term_string\"}}],\"inLanguage\":\"es\"},{\"@type\":\"Organization\",\"@id\":\"https:\/\/tourtravelandmore.com\/es\/#organization\",\"name\":\"Tour Travel And More\",\"url\":\"https:\/\/tourtravelandmore.com\/es\/\",\"logo\":{\"@type\":\"ImageObject\",\"inLanguage\":\"es\",\"@id\":\"https:\/\/tourtravelandmore.com\/es\/#\/schema\/logo\/image\/\",\"url\":\"https:\/\/tourtravelandmore.com\/wp-content\/uploads\/2022\/12\/cropped-logo-cabecera-new.png\",\"contentUrl\":\"https:\/\/tourtravelandmore.com\/wp-content\/uploads\/2022\/12\/cropped-logo-cabecera-new.png\",\"width\":430,\"height\":61,\"caption\":\"Tour Travel And More\"},\"image\":{\"@id\":\"https:\/\/tourtravelandmore.com\/es\/#\/schema\/logo\/image\/\"},\"sameAs\":[\"https:\/\/www.facebook.com\/tourtravelandmore\/\",\"https:\/\/x.com\/TourTravel_More\"]}]}<\/script>\n<!-- \/ Yoast SEO Premium plugin. -->","yoast_head_json":{"title":"\u27a1\ufe0f Tour Privado por Estambul con crucero por el B\u00f3sforo y gu\u00eda | Tour Travel & More","description":"Acomp\u00e1\u00f1enos en este Tour Privado por Estambul con crucero por el B\u00f3sforo. Tenga la oportunidad de conocer en profundidad esta ciudad \u2705","robots":{"index":"index","follow":"follow","max-snippet":"max-snippet:-1","max-image-preview":"max-image-preview:large","max-video-preview":"max-video-preview:-1"},"canonical":"https:\/\/tourtravelandmore.com\/es\/tours\/turquia-es\/estambul-es\/tour-privado-por-estambul-con-crucero\/","og_locale":"es_ES","og_type":"article","og_title":"Tour de Crucero privado por el B\u00f3sforo","og_description":"Acomp\u00e1\u00f1enos en este Tour Privado por Estambul con crucero por el B\u00f3sforo. Tenga la oportunidad de conocer en profundidad esta ciudad \u2705","og_url":"https:\/\/tourtravelandmore.com\/es\/tours\/turquia-es\/estambul-es\/tour-privado-por-estambul-con-crucero\/","og_site_name":"Tour Travel And More","article_publisher":"https:\/\/www.facebook.com\/tourtravelandmore\/","article_modified_time":"2024-08-27T19:55:18+00:00","og_image":[{"width":1023,"height":698,"url":"https:\/\/tourtravelandmore.com\/wp-content\/uploads\/2019\/07\/43546496091_76f94430b2_b.jpg","type":"image\/jpeg"}],"twitter_card":"summary_large_image","twitter_site":"@TourTravel_More","twitter_misc":{"Tiempo de lectura":"2 minutos"},"schema":{"@context":"https:\/\/schema.org","@graph":[{"@type":"WebPage","@id":"https:\/\/tourtravelandmore.com\/es\/tours\/turquia-es\/estambul-es\/tour-privado-por-estambul-con-crucero\/","url":"https:\/\/tourtravelandmore.com\/es\/tours\/turquia-es\/estambul-es\/tour-privado-por-estambul-con-crucero\/","name":"\u27a1\ufe0f Tour Privado por Estambul con crucero por el B\u00f3sforo y gu\u00eda | Tour Travel & More","isPartOf":{"@id":"https:\/\/tourtravelandmore.com\/es\/#website"},"primaryImageOfPage":{"@id":"https:\/\/tourtravelandmore.com\/es\/tours\/turquia-es\/estambul-es\/tour-privado-por-estambul-con-crucero\/#primaryimage"},"image":{"@id":"https:\/\/tourtravelandmore.com\/es\/tours\/turquia-es\/estambul-es\/tour-privado-por-estambul-con-crucero\/#primaryimage"},"thumbnailUrl":"https:\/\/tourtravelandmore.com\/wp-content\/uploads\/2019\/07\/43546496091_76f94430b2_b.jpg","datePublished":"2019-08-01T14:41:12+00:00","dateModified":"2024-08-27T19:55:18+00:00","description":"Acomp\u00e1\u00f1enos en este Tour Privado por Estambul con crucero por el B\u00f3sforo. Tenga la oportunidad de conocer en profundidad esta ciudad \u2705","breadcrumb":{"@id":"https:\/\/tourtravelandmore.com\/es\/tours\/turquia-es\/estambul-es\/tour-privado-por-estambul-con-crucero\/#breadcrumb"},"inLanguage":"es","potentialAction":[{"@type":"ReadAction","target":["https:\/\/tourtravelandmore.com\/es\/tours\/turquia-es\/estambul-es\/tour-privado-por-estambul-con-crucero\/"]}]},{"@type":"ImageObject","inLanguage":"es","@id":"https:\/\/tourtravelandmore.com\/es\/tours\/turquia-es\/estambul-es\/tour-privado-por-estambul-con-crucero\/#primaryimage","url":"https:\/\/tourtravelandmore.com\/wp-content\/uploads\/2019\/07\/43546496091_76f94430b2_b.jpg","contentUrl":"https:\/\/tourtravelandmore.com\/wp-content\/uploads\/2019\/07\/43546496091_76f94430b2_b.jpg","width":1023,"height":698},{"@type":"BreadcrumbList","@id":"https:\/\/tourtravelandmore.com\/es\/tours\/turquia-es\/estambul-es\/tour-privado-por-estambul-con-crucero\/#breadcrumb","itemListElement":[{"@type":"ListItem","position":1,"name":"Home","item":"https:\/\/tourtravelandmore.com\/es\/"},{"@type":"ListItem","position":2,"name":"Tours","item":"https:\/\/tourtravelandmore.com\/es\/tours\/"},{"@type":"ListItem","position":3,"name":"Tour de Crucero privado por el B\u00f3sforo"}]},{"@type":"WebSite","@id":"https:\/\/tourtravelandmore.com\/es\/#website","url":"https:\/\/tourtravelandmore.com\/es\/","name":"Tour Travel And More","description":"Private sightseeing tours and luxury transfers in Spain","publisher":{"@id":"https:\/\/tourtravelandmore.com\/es\/#organization"},"potentialAction":[{"@type":"SearchAction","target":{"@type":"EntryPoint","urlTemplate":"https:\/\/tourtravelandmore.com\/es\/?s={search_term_string}"},"query-input":{"@type":"PropertyValueSpecification","valueRequired":true,"valueName":"search_term_string"}}],"inLanguage":"es"},{"@type":"Organization","@id":"https:\/\/tourtravelandmore.com\/es\/#organization","name":"Tour Travel And More","url":"https:\/\/tourtravelandmore.com\/es\/","logo":{"@type":"ImageObject","inLanguage":"es","@id":"https:\/\/tourtravelandmore.com\/es\/#\/schema\/logo\/image\/","url":"https:\/\/tourtravelandmore.com\/wp-content\/uploads\/2022\/12\/cropped-logo-cabecera-new.png","contentUrl":"https:\/\/tourtravelandmore.com\/wp-content\/uploads\/2022\/12\/cropped-logo-cabecera-new.png","width":430,"height":61,"caption":"Tour Travel And More"},"image":{"@id":"https:\/\/tourtravelandmore.com\/es\/#\/schema\/logo\/image\/"},"sameAs":["https:\/\/www.facebook.com\/tourtravelandmore\/","https:\/\/x.com\/TourTravel_More"]}]}},"_links":{"self":[{"href":"https:\/\/tourtravelandmore.com\/es\/wp-json\/wp\/v2\/product\/62853","targetHints":{"allow":["GET"]}}],"collection":[{"href":"https:\/\/tourtravelandmore.com\/es\/wp-json\/wp\/v2\/product"}],"about":[{"href":"https:\/\/tourtravelandmore.com\/es\/wp-json\/wp\/v2\/types\/product"}],"replies":[{"embeddable":true,"href":"https:\/\/tourtravelandmore.com\/es\/wp-json\/wp\/v2\/comments?post=62853"}],"wp:featuredmedia":[{"embeddable":true,"href":"https:\/\/tourtravelandmore.com\/es\/wp-json\/wp\/v2\/media\/62150"}],"wp:attachment":[{"href":"https:\/\/tourtravelandmore.com\/es\/wp-json\/wp\/v2\/media?parent=62853"}],"wp:term":[{"taxonomy":"product_brand","embeddable":true,"href":"https:\/\/tourtravelandmore.com\/es\/wp-json\/wp\/v2\/product_brand?post=62853"},{"taxonomy":"product_cat","embeddable":true,"href":"https:\/\/tourtravelandmore.com\/es\/wp-json\/wp\/v2\/product_cat?post=62853"},{"taxonomy":"product_tag","embeddable":true,"href":"https:\/\/tourtravelandmore.com\/es\/wp-json\/wp\/v2\/product_tag?post=62853"}],"curies":[{"name":"wp","href":"https:\/\/api.w.org\/{rel}","templated":true}]}}