{"id":62831,"date":"2019-08-01T10:03:13","date_gmt":"2019-08-01T08:03:13","guid":{"rendered":"https:\/\/tourtravelandmore.com\/?post_type=product&#038;p=62831"},"modified":"2024-08-27T21:27:29","modified_gmt":"2024-08-27T19:27:29","slug":"tour-privado-por-santa-sofia-y-mezquita-azul","status":"publish","type":"product","link":"https:\/\/tourtravelandmore.com\/es\/tours\/turquia-es\/estambul-es\/tour-privado-por-santa-sofia-y-mezquita-azul\/","title":{"rendered":"Tour Privado de las mezquitas de Estambul"},"content":{"rendered":"<h2 id=\"tw-target-text\" class=\"tw-data-text tw-text-large XcVN5d tw-ta\" dir=\"ltr\" data-placeholder=\"Traducci\u00f3n\"><span lang=\"es\">Descripci\u00f3n del Tour Privado de las mezquitas de Estambul<\/span><\/h2>\n<p>Disfrute de este <strong>Tour Privado por Santa Sof\u00eda y Mezquita Azul<\/strong> con su gu\u00eda tur\u00edstico. Te llevaremos y te explicaremos la alucinante historia de la Mezquita Azul y Santa Sof\u00eda.<\/p>\n<p>Primero, lo recogeremos en su hotel o lugar a elecci\u00f3n en Estambul. \u00a1Hay tanto que aprender que su gu\u00eda tur\u00edstico privado lo llevar\u00e1 a lugares incre\u00edbles aqu\u00ed!<\/p>\n<p>La primera parada es la Mezquita Azul, llamada as\u00ed por los azulejos de este color que se encuentran en su interior. Hay m\u00e1s de 50 dise\u00f1os de mosaicos diferentes. Los colores m\u00e1s variados, y todos fueron hechos a mano en Iznik, bajo la direcci\u00f3n del maestro alfarero Ka\u015f\u0131c\u0131 Hasan.<\/p>\n<p>Fue construido entre 1609 y 1617 por el arquitecto otomano Mehmet Aga, disc\u00edpulo de Mimar Sinan. Mimar Sinan utiliz\u00f3 las mezquitas imperiales que su maestro hab\u00eda construido como base. El Suleymaniye de Estambul y el Selimiye de Edirne son los aspectos m\u00e1s destacados del arte de Sinan.<\/p>\n<p>En segundo lugar, visitemos la Bas\u00edlica de Santa Sof\u00eda. La Bas\u00edlica, est\u00e1 dedicada a la Divina Sabidur\u00eda. Es famosa, entre otras cosas, por la enorme c\u00fapula, una de las obras m\u00e1s extraordinarias que ha construido el hombre.<\/p>\n<p>El interior de Santa Sof\u00eda es impresionante: las dimensiones del sal\u00f3n principal \u00a0son de 70 por 74 metros. La iluminaci\u00f3n difusa, los enormes medallones decorativos y las columnas monol\u00edticas te dejar\u00e1n con la boca abierta.<\/p>\n<p>Estos dos sitios son completamente \u00fanicos y una verdadera visita obligada al visitar Estambul. Descubra lo mejor de Estambul con este tour privado por Santa Sof\u00eda y Mezquita Azul.<\/p>\n<h2>Puntos emblem\u00e1ticos y de inter\u00e9s en el Tour Privado de las mezquitas de Estambul<\/h2>\n<p>Este es realmente un recorrido privado \u00fanico y debemos tomarnos un tiempo para ver la Mezquita Azul y Santa Sof\u00eda.\u00a0<span class=\"JLqJ4b ChMk0b\" data-language-for-alternatives=\"es\" data-language-to-translate-into=\"en\" data-phrase-index=\"1\">Nuestro tour privado por Santa Sof\u00eda y la Mezquita Azul es perfecto para ti. <\/span><\/p>\n<p><span class=\"JLqJ4b ChMk0b\" data-language-for-alternatives=\"es\" data-language-to-translate-into=\"en\" data-phrase-index=\"1\"><span class=\"JLqJ4b\" data-language-for-alternatives=\"es\" data-language-to-translate-into=\"en\" data-phrase-index=\"2\">\u00a1Disfrute de los dos siguientes sitios \u00fanicos!:<\/span><\/span><\/p>\n<ul>\n<li><span class=\"JLqJ4b ChMk0b\" data-language-for-alternatives=\"es\" data-language-to-translate-into=\"en\" data-phrase-index=\"1\"><span class=\"JLqJ4b\" data-language-for-alternatives=\"es\" data-language-to-translate-into=\"en\" data-phrase-index=\"2\"><a href=\"http:\/\/www.sultanahmetcamii.org\/tr\/\">Mezquita Azul<\/a><br \/>\n<\/span><\/span><\/li>\n<li><span class=\"JLqJ4b ChMk0b\" data-language-for-alternatives=\"es\" data-language-to-translate-into=\"en\" data-phrase-index=\"1\"><span class=\"JLqJ4b\" data-language-for-alternatives=\"es\" data-language-to-translate-into=\"en\" data-phrase-index=\"2\">Santa Sof\u00eda <\/span><\/span><\/li>\n<\/ul>\n<p><span class=\"JLqJ4b ChMk0b\" data-language-for-alternatives=\"es\" data-language-to-translate-into=\"en\" data-phrase-index=\"1\"><span class=\"JLqJ4b\" data-language-for-alternatives=\"es\" data-language-to-translate-into=\"en\" data-phrase-index=\"2\">El tour terminar\u00e1 en su hotel o lugar a elecci\u00f3n en Estambul. En caso de que lo desee, tambi\u00e9n podemos gestionar un tour solo con gu\u00eda oficial privado.<\/span><\/span><\/p>\n<p><span class=\"JLqJ4b ChMk0b\" data-language-for-alternatives=\"es\" data-language-to-translate-into=\"en\" data-phrase-index=\"1\"><span class=\"JLqJ4b\" data-language-for-alternatives=\"es\" data-language-to-translate-into=\"en\" data-phrase-index=\"2\"><a href=\"https:\/\/tourtravelandmore.com\/es\/ciudad\/turquia-es\/estambul-es\/\">Eche un vistazo a nuestros otros tours privados en Estambul<\/a>.<\/span><\/span><\/p>\n","protected":false},"excerpt":{"rendered":"<p>Aproveche sus d\u00edas en <strong>Estambul<\/strong> y disfrute de este <strong>tour privado de medio d\u00eda<\/strong> por los monumentos m\u00e1s importantes de Estambul. Durante este recorrido, su gu\u00eda privado lo llevar\u00e1 a trav\u00e9s de sitios hist\u00f3ricos como la <strong>Mezquita Azul<\/strong> y <strong>Santa Sof\u00eda<\/strong>. Puede adaptar todos nuestros tours en Estambul a su propio inter\u00e9s con solo contactarnos.<\/p>\n","protected":false},"featured_media":62148,"comment_status":"open","ping_status":"closed","template":"","meta":{"_acf_changed":false},"product_brand":[],"product_cat":[1601,1162,1163],"product_tag":[],"class_list":{"0":"post-62831","1":"product","2":"type-product","3":"status-publish","4":"has-post-thumbnail","6":"product_cat-turquia-es","7":"product_cat-estambul-es","8":"product_cat-estambul-actividades-es","10":"first","11":"instock","12":"shipping-taxable","13":"purchasable","14":"product-type-simple"},"acf":[],"yoast_head":"<!-- This site is optimized with the Yoast SEO Premium plugin v25.3.1 (Yoast SEO v25.3.1) - https:\/\/yoast.com\/wordpress\/plugins\/seo\/ -->\n<title>\u27a1\ufe0f Tour Privado por Santa Sof\u00eda y Mezquita Azul con chofer y gu\u00eda | Tour Travel &amp; More<\/title>\n<meta name=\"description\" content=\"Avent\u00farese en este recorrido y disfrute de este tour privado por Santa Sof\u00eda y Mezquita Azul con chofer y gu\u00eda profesional local \u2705\" \/>\n<meta name=\"robots\" content=\"index, follow, max-snippet:-1, max-image-preview:large, max-video-preview:-1\" \/>\n<link rel=\"canonical\" href=\"https:\/\/tourtravelandmore.com\/es\/tours\/turquia-es\/estambul-es\/tour-privado-por-santa-sofia-y-mezquita-azul\/\" \/>\n<meta property=\"og:locale\" content=\"es_ES\" \/>\n<meta property=\"og:type\" content=\"article\" \/>\n<meta property=\"og:title\" content=\"Tour Privado de las mezquitas de Estambul\" \/>\n<meta property=\"og:description\" content=\"Avent\u00farese en este recorrido y disfrute de este tour privado por Santa Sof\u00eda y Mezquita Azul con chofer y gu\u00eda profesional local \u2705\" \/>\n<meta property=\"og:url\" content=\"https:\/\/tourtravelandmore.com\/es\/tours\/turquia-es\/estambul-es\/tour-privado-por-santa-sofia-y-mezquita-azul\/\" \/>\n<meta property=\"og:site_name\" content=\"Tour Travel And More\" \/>\n<meta property=\"article:publisher\" content=\"https:\/\/www.facebook.com\/tourtravelandmore\/\" \/>\n<meta property=\"article:modified_time\" content=\"2024-08-27T19:27:29+00:00\" \/>\n<meta property=\"og:image\" content=\"https:\/\/tourtravelandmore.com\/wp-content\/uploads\/2019\/07\/39926058353_5d096483cd_b.jpg\" \/>\n\t<meta property=\"og:image:width\" content=\"1023\" \/>\n\t<meta property=\"og:image:height\" content=\"488\" \/>\n\t<meta property=\"og:image:type\" content=\"image\/jpeg\" \/>\n<meta name=\"twitter:card\" content=\"summary_large_image\" \/>\n<meta name=\"twitter:site\" content=\"@TourTravel_More\" \/>\n<meta name=\"twitter:label1\" content=\"Tiempo de lectura\" \/>\n\t<meta name=\"twitter:data1\" content=\"2 minutos\" \/>\n<script type=\"application\/ld+json\" class=\"yoast-schema-graph\">{\"@context\":\"https:\/\/schema.org\",\"@graph\":[{\"@type\":\"WebPage\",\"@id\":\"https:\/\/tourtravelandmore.com\/es\/tours\/turquia-es\/estambul-es\/tour-privado-por-santa-sofia-y-mezquita-azul\/\",\"url\":\"https:\/\/tourtravelandmore.com\/es\/tours\/turquia-es\/estambul-es\/tour-privado-por-santa-sofia-y-mezquita-azul\/\",\"name\":\"\u27a1\ufe0f Tour Privado por Santa Sof\u00eda y Mezquita Azul con chofer y gu\u00eda | Tour Travel & More\",\"isPartOf\":{\"@id\":\"https:\/\/tourtravelandmore.com\/es\/#website\"},\"primaryImageOfPage\":{\"@id\":\"https:\/\/tourtravelandmore.com\/es\/tours\/turquia-es\/estambul-es\/tour-privado-por-santa-sofia-y-mezquita-azul\/#primaryimage\"},\"image\":{\"@id\":\"https:\/\/tourtravelandmore.com\/es\/tours\/turquia-es\/estambul-es\/tour-privado-por-santa-sofia-y-mezquita-azul\/#primaryimage\"},\"thumbnailUrl\":\"https:\/\/tourtravelandmore.com\/wp-content\/uploads\/2019\/07\/39926058353_5d096483cd_b.jpg\",\"datePublished\":\"2019-08-01T08:03:13+00:00\",\"dateModified\":\"2024-08-27T19:27:29+00:00\",\"description\":\"Avent\u00farese en este recorrido y disfrute de este tour privado por Santa Sof\u00eda y Mezquita Azul con chofer y gu\u00eda profesional local \u2705\",\"breadcrumb\":{\"@id\":\"https:\/\/tourtravelandmore.com\/es\/tours\/turquia-es\/estambul-es\/tour-privado-por-santa-sofia-y-mezquita-azul\/#breadcrumb\"},\"inLanguage\":\"es\",\"potentialAction\":[{\"@type\":\"ReadAction\",\"target\":[\"https:\/\/tourtravelandmore.com\/es\/tours\/turquia-es\/estambul-es\/tour-privado-por-santa-sofia-y-mezquita-azul\/\"]}]},{\"@type\":\"ImageObject\",\"inLanguage\":\"es\",\"@id\":\"https:\/\/tourtravelandmore.com\/es\/tours\/turquia-es\/estambul-es\/tour-privado-por-santa-sofia-y-mezquita-azul\/#primaryimage\",\"url\":\"https:\/\/tourtravelandmore.com\/wp-content\/uploads\/2019\/07\/39926058353_5d096483cd_b.jpg\",\"contentUrl\":\"https:\/\/tourtravelandmore.com\/wp-content\/uploads\/2019\/07\/39926058353_5d096483cd_b.jpg\",\"width\":1023,\"height\":488},{\"@type\":\"BreadcrumbList\",\"@id\":\"https:\/\/tourtravelandmore.com\/es\/tours\/turquia-es\/estambul-es\/tour-privado-por-santa-sofia-y-mezquita-azul\/#breadcrumb\",\"itemListElement\":[{\"@type\":\"ListItem\",\"position\":1,\"name\":\"Home\",\"item\":\"https:\/\/tourtravelandmore.com\/es\/\"},{\"@type\":\"ListItem\",\"position\":2,\"name\":\"Tours\",\"item\":\"https:\/\/tourtravelandmore.com\/es\/tours\/\"},{\"@type\":\"ListItem\",\"position\":3,\"name\":\"Tour Privado de las mezquitas de Estambul\"}]},{\"@type\":\"WebSite\",\"@id\":\"https:\/\/tourtravelandmore.com\/es\/#website\",\"url\":\"https:\/\/tourtravelandmore.com\/es\/\",\"name\":\"Tour Travel And More\",\"description\":\"Private sightseeing tours and luxury transfers in Spain\",\"publisher\":{\"@id\":\"https:\/\/tourtravelandmore.com\/es\/#organization\"},\"potentialAction\":[{\"@type\":\"SearchAction\",\"target\":{\"@type\":\"EntryPoint\",\"urlTemplate\":\"https:\/\/tourtravelandmore.com\/es\/?s={search_term_string}\"},\"query-input\":{\"@type\":\"PropertyValueSpecification\",\"valueRequired\":true,\"valueName\":\"search_term_string\"}}],\"inLanguage\":\"es\"},{\"@type\":\"Organization\",\"@id\":\"https:\/\/tourtravelandmore.com\/es\/#organization\",\"name\":\"Tour Travel And More\",\"url\":\"https:\/\/tourtravelandmore.com\/es\/\",\"logo\":{\"@type\":\"ImageObject\",\"inLanguage\":\"es\",\"@id\":\"https:\/\/tourtravelandmore.com\/es\/#\/schema\/logo\/image\/\",\"url\":\"https:\/\/tourtravelandmore.com\/wp-content\/uploads\/2022\/12\/cropped-logo-cabecera-new.png\",\"contentUrl\":\"https:\/\/tourtravelandmore.com\/wp-content\/uploads\/2022\/12\/cropped-logo-cabecera-new.png\",\"width\":430,\"height\":61,\"caption\":\"Tour Travel And More\"},\"image\":{\"@id\":\"https:\/\/tourtravelandmore.com\/es\/#\/schema\/logo\/image\/\"},\"sameAs\":[\"https:\/\/www.facebook.com\/tourtravelandmore\/\",\"https:\/\/x.com\/TourTravel_More\"]}]}<\/script>\n<!-- \/ Yoast SEO Premium plugin. -->","yoast_head_json":{"title":"\u27a1\ufe0f Tour Privado por Santa Sof\u00eda y Mezquita Azul con chofer y gu\u00eda | Tour Travel & More","description":"Avent\u00farese en este recorrido y disfrute de este tour privado por Santa Sof\u00eda y Mezquita Azul con chofer y gu\u00eda profesional local \u2705","robots":{"index":"index","follow":"follow","max-snippet":"max-snippet:-1","max-image-preview":"max-image-preview:large","max-video-preview":"max-video-preview:-1"},"canonical":"https:\/\/tourtravelandmore.com\/es\/tours\/turquia-es\/estambul-es\/tour-privado-por-santa-sofia-y-mezquita-azul\/","og_locale":"es_ES","og_type":"article","og_title":"Tour Privado de las mezquitas de Estambul","og_description":"Avent\u00farese en este recorrido y disfrute de este tour privado por Santa Sof\u00eda y Mezquita Azul con chofer y gu\u00eda profesional local \u2705","og_url":"https:\/\/tourtravelandmore.com\/es\/tours\/turquia-es\/estambul-es\/tour-privado-por-santa-sofia-y-mezquita-azul\/","og_site_name":"Tour Travel And More","article_publisher":"https:\/\/www.facebook.com\/tourtravelandmore\/","article_modified_time":"2024-08-27T19:27:29+00:00","og_image":[{"width":1023,"height":488,"url":"https:\/\/tourtravelandmore.com\/wp-content\/uploads\/2019\/07\/39926058353_5d096483cd_b.jpg","type":"image\/jpeg"}],"twitter_card":"summary_large_image","twitter_site":"@TourTravel_More","twitter_misc":{"Tiempo de lectura":"2 minutos"},"schema":{"@context":"https:\/\/schema.org","@graph":[{"@type":"WebPage","@id":"https:\/\/tourtravelandmore.com\/es\/tours\/turquia-es\/estambul-es\/tour-privado-por-santa-sofia-y-mezquita-azul\/","url":"https:\/\/tourtravelandmore.com\/es\/tours\/turquia-es\/estambul-es\/tour-privado-por-santa-sofia-y-mezquita-azul\/","name":"\u27a1\ufe0f Tour Privado por Santa Sof\u00eda y Mezquita Azul con chofer y gu\u00eda | Tour Travel & More","isPartOf":{"@id":"https:\/\/tourtravelandmore.com\/es\/#website"},"primaryImageOfPage":{"@id":"https:\/\/tourtravelandmore.com\/es\/tours\/turquia-es\/estambul-es\/tour-privado-por-santa-sofia-y-mezquita-azul\/#primaryimage"},"image":{"@id":"https:\/\/tourtravelandmore.com\/es\/tours\/turquia-es\/estambul-es\/tour-privado-por-santa-sofia-y-mezquita-azul\/#primaryimage"},"thumbnailUrl":"https:\/\/tourtravelandmore.com\/wp-content\/uploads\/2019\/07\/39926058353_5d096483cd_b.jpg","datePublished":"2019-08-01T08:03:13+00:00","dateModified":"2024-08-27T19:27:29+00:00","description":"Avent\u00farese en este recorrido y disfrute de este tour privado por Santa Sof\u00eda y Mezquita Azul con chofer y gu\u00eda profesional local \u2705","breadcrumb":{"@id":"https:\/\/tourtravelandmore.com\/es\/tours\/turquia-es\/estambul-es\/tour-privado-por-santa-sofia-y-mezquita-azul\/#breadcrumb"},"inLanguage":"es","potentialAction":[{"@type":"ReadAction","target":["https:\/\/tourtravelandmore.com\/es\/tours\/turquia-es\/estambul-es\/tour-privado-por-santa-sofia-y-mezquita-azul\/"]}]},{"@type":"ImageObject","inLanguage":"es","@id":"https:\/\/tourtravelandmore.com\/es\/tours\/turquia-es\/estambul-es\/tour-privado-por-santa-sofia-y-mezquita-azul\/#primaryimage","url":"https:\/\/tourtravelandmore.com\/wp-content\/uploads\/2019\/07\/39926058353_5d096483cd_b.jpg","contentUrl":"https:\/\/tourtravelandmore.com\/wp-content\/uploads\/2019\/07\/39926058353_5d096483cd_b.jpg","width":1023,"height":488},{"@type":"BreadcrumbList","@id":"https:\/\/tourtravelandmore.com\/es\/tours\/turquia-es\/estambul-es\/tour-privado-por-santa-sofia-y-mezquita-azul\/#breadcrumb","itemListElement":[{"@type":"ListItem","position":1,"name":"Home","item":"https:\/\/tourtravelandmore.com\/es\/"},{"@type":"ListItem","position":2,"name":"Tours","item":"https:\/\/tourtravelandmore.com\/es\/tours\/"},{"@type":"ListItem","position":3,"name":"Tour Privado de las mezquitas de Estambul"}]},{"@type":"WebSite","@id":"https:\/\/tourtravelandmore.com\/es\/#website","url":"https:\/\/tourtravelandmore.com\/es\/","name":"Tour Travel And More","description":"Private sightseeing tours and luxury transfers in Spain","publisher":{"@id":"https:\/\/tourtravelandmore.com\/es\/#organization"},"potentialAction":[{"@type":"SearchAction","target":{"@type":"EntryPoint","urlTemplate":"https:\/\/tourtravelandmore.com\/es\/?s={search_term_string}"},"query-input":{"@type":"PropertyValueSpecification","valueRequired":true,"valueName":"search_term_string"}}],"inLanguage":"es"},{"@type":"Organization","@id":"https:\/\/tourtravelandmore.com\/es\/#organization","name":"Tour Travel And More","url":"https:\/\/tourtravelandmore.com\/es\/","logo":{"@type":"ImageObject","inLanguage":"es","@id":"https:\/\/tourtravelandmore.com\/es\/#\/schema\/logo\/image\/","url":"https:\/\/tourtravelandmore.com\/wp-content\/uploads\/2022\/12\/cropped-logo-cabecera-new.png","contentUrl":"https:\/\/tourtravelandmore.com\/wp-content\/uploads\/2022\/12\/cropped-logo-cabecera-new.png","width":430,"height":61,"caption":"Tour Travel And More"},"image":{"@id":"https:\/\/tourtravelandmore.com\/es\/#\/schema\/logo\/image\/"},"sameAs":["https:\/\/www.facebook.com\/tourtravelandmore\/","https:\/\/x.com\/TourTravel_More"]}]}},"_links":{"self":[{"href":"https:\/\/tourtravelandmore.com\/es\/wp-json\/wp\/v2\/product\/62831","targetHints":{"allow":["GET"]}}],"collection":[{"href":"https:\/\/tourtravelandmore.com\/es\/wp-json\/wp\/v2\/product"}],"about":[{"href":"https:\/\/tourtravelandmore.com\/es\/wp-json\/wp\/v2\/types\/product"}],"replies":[{"embeddable":true,"href":"https:\/\/tourtravelandmore.com\/es\/wp-json\/wp\/v2\/comments?post=62831"}],"wp:featuredmedia":[{"embeddable":true,"href":"https:\/\/tourtravelandmore.com\/es\/wp-json\/wp\/v2\/media\/62148"}],"wp:attachment":[{"href":"https:\/\/tourtravelandmore.com\/es\/wp-json\/wp\/v2\/media?parent=62831"}],"wp:term":[{"taxonomy":"product_brand","embeddable":true,"href":"https:\/\/tourtravelandmore.com\/es\/wp-json\/wp\/v2\/product_brand?post=62831"},{"taxonomy":"product_cat","embeddable":true,"href":"https:\/\/tourtravelandmore.com\/es\/wp-json\/wp\/v2\/product_cat?post=62831"},{"taxonomy":"product_tag","embeddable":true,"href":"https:\/\/tourtravelandmore.com\/es\/wp-json\/wp\/v2\/product_tag?post=62831"}],"curies":[{"name":"wp","href":"https:\/\/api.w.org\/{rel}","templated":true}]}}