{"id":61182,"date":"2019-07-02T11:32:33","date_gmt":"2019-07-02T09:32:36","guid":{"rendered":"https:\/\/tourtravelandmore.com\/es\/tours\/londres-es\/tour-privado-de-paris-4-horas-con-1-entrada-incluida-copy\/"},"modified":"2024-04-08T18:10:29","modified_gmt":"2024-04-08T16:10:29","slug":"tour-privado-a-paris-desde-londres","status":"publish","type":"product","link":"https:\/\/tourtravelandmore.com\/es\/tours\/reino-unido-es\/londres-es\/tour-privado-a-paris-desde-londres\/","title":{"rendered":"Tour Privado a Par\u00eds desde Londres"},"content":{"rendered":"<h2><b>Descripci\u00f3n del Tour Privado a Par\u00eds desde Londres<\/b><\/h2>\n<p><span style=\"font-weight: 400;\">Famosa por la incre\u00edble belleza de sus calles, su asombrosa arquitectura y lo bohemio de su cultura, Par\u00eds es el destino perfecto para experimentar y explorar cada uno de sus rincones.\u00a0<\/span><\/p>\n<p><span style=\"font-weight: 400;\">De hecho, la capital de Francia ofrece todo lo que un turista exigente necesita cuando visita una de las ciudades m\u00e1s importantes del mundo.\u00a0<\/span><\/p>\n<p><span style=\"font-weight: 400;\">Por eso, este tour privado a Par\u00eds desde Londres es perfecto para que conectes con la inolvidable y mundialmente <\/span><b>famosa ciudad del amor.\u00a0<\/b><\/p>\n<p><span style=\"font-weight: 400;\">Hemos dise\u00f1ado un paquete especial que te llevar\u00e1 directo desde Londres en el tren Eurostar para que vivas un <\/span><b>paseo guiado de 12 horas<\/b><span style=\"font-weight: 400;\">.\u00a0<\/span><\/p>\n<p><span style=\"font-weight: 400;\">Iniciaremos el tour al encontrarte en su lugar de elecci\u00f3n en Londres, en donde te daremos los boletos exclusivos hasta Par\u00eds.\u00a0<\/span><\/p>\n<p><span style=\"font-weight: 400;\">Una vez en la ciudad francesa, <\/span><b>el gu\u00eda privado y un coche de lujo te estar\u00e1n esperando<\/b><span style=\"font-weight: 400;\"> para llevarte a trav\u00e9s de los monumentos, calles y edificios m\u00e1s impresionantes de Francia.\u00a0<\/span><\/p>\n<p><span style=\"font-weight: 400;\">Disfrutar\u00e1s de las <\/span><b>hermosas vistas de la Torre Eiffel <\/b><span style=\"font-weight: 400;\">y de la Catedral de Notre Dame. Pasear\u00e1s por las orillas del r\u00edo Sena contemplando distintos lugares hist\u00f3ricos mientras atraviesas La Ciudad de las Luces.\u00a0<\/span><\/p>\n<p><span style=\"font-weight: 400;\">Tambi\u00e9n, recorrer\u00e1s los Campos El\u00edseos y te llevaremos a distintos sitios declarados Patrimonios de la Humanidad por la UNESCO como Les Invalides y el Arco del Triunfo. Igualmente, ver\u00e1s las tiendas tradicionales de los barrios del Marais y la Bastilla y mucho m\u00e1s.<\/span><\/p>\n<p><span style=\"font-weight: 400;\">Es un tour completamente exclusivo. Adem\u00e1s, <\/span><b>los billetes de tren de ida y vuelta est\u00e1n incluidos desde Londres a Par\u00eds.\u00a0<\/b><\/p>\n<p><span style=\"font-weight: 400;\">Finalmente, te trasladamos a la estaci\u00f3n Gare du Nord a \u00faltima hora de la tarde para tu viaje de vuelta en tren a Londres.<\/span><\/p>\n<h2><b>Puntos de inter\u00e9s de la <\/b><b>Excursi\u00f3n privada de Par\u00eds desde Londres<\/b><\/h2>\n<p><span style=\"font-weight: 400;\">Par\u00eds es una de esas ciudades a las que nunca se puede dedicar suficiente tiempo, ya que siempre hay algo nuevo que descubrir. As\u00ed que disfruta al m\u00e1ximo tu visita por la capital francesa con una excursi\u00f3n privada en compa\u00f1\u00eda de un gu\u00eda experto. De esta manera, crear\u00e1s recuerdos que siempre atesorar\u00e1s.\u00a0<\/span><\/p>\n<p>Emb\u00e1rquese en un viaje a medida desde las bulliciosas calles de Londres hasta el rom\u00e1ntico encanto de Par\u00eds. Nuestro itinerario, meticulosamente dise\u00f1ado, le garantiza que aprovechar\u00e1 al m\u00e1ximo su tiempo. Sum\u00e9rjase en la rica historia, cultura y encantador ambiente que le ofrece Par\u00eds.<\/p>\n<p><span style=\"font-weight: 400;\">Tambi\u00e9n, con esta excursi\u00f3n privada podr\u00e1s explorar otros interesantes lugares, como por ejemplo:\u00a0<\/span><\/p>\n<ul>\n<li><b>La Catedral de Notre Dame<\/b><\/li>\n<li><strong>La Torre Eiffel<\/strong><\/li>\n<li><strong>Museo Louvre<\/strong><\/li>\n<li aria-level=\"1\"><b>El Barrio Latino\u00a0<\/b><\/li>\n<li><b>Los Campos El\u00edseos<\/b><\/li>\n<li aria-level=\"1\"><b>El Arco del Triunfo\u00a0<\/b><\/li>\n<li><b>Champ de Mars<\/b><\/li>\n<li><b>Pantheon de Par\u00eds<\/b><\/li>\n<li><b>El Molin Rouge\u00a0<\/b><\/li>\n<li aria-level=\"1\"><b>Perfumer\u00edas y boutiques, y mucho m\u00e1s.<\/b><\/li>\n<\/ul>\n<p><span style=\"font-weight: 400;\">Todo este tour es personalizado. Por eso, al finalizar el recorrido, el chofer privado te llevar\u00e1 de vuelta hasta la estaci\u00f3n del tren r\u00e1pido Eurostar para que llegues c\u00f3modamente hasta Londres.\u00a0<\/span><\/p>\n<p><span style=\"font-weight: 400;\">Para que aproveches cada minuto de tu viaje por el Reino Unido, puedes optar por nuestra <\/span><a href=\"https:\/\/tourtravelandmore.com\/es\/tours\/reino-unido-es\/londres-es\/excursion-privada-windsor-stonehenge-oxford-desde-londres\/\"><b>excursi\u00f3n privada Windsor, Stonehenge &amp; Oxford desde Londres<\/b><span style=\"font-weight: 400;\">.\u00a0<\/span><\/a><\/p>\n","protected":false},"excerpt":{"rendered":"<table>\n<tbody>\n<tr>\n<td><span style=\"font-weight: 400;\">Descubre la magia de la capital francesa en un tour privado a Par\u00eds desde Londres para que explores algunos de los monumentos, parques y edificios m\u00e1s atractivos del mundo. Adem\u00e1s, ir\u00e1s en tren r\u00e1pido bajo el Canal de la Mancha y, al llegar a Par\u00eds, tendr\u00e1s traslado exclusivo en un coche de lujo y con un gu\u00eda privado.\u00a0<\/span><\/td>\n<\/tr>\n<\/tbody>\n<\/table>\n","protected":false},"featured_media":93273,"comment_status":"open","ping_status":"closed","template":"","meta":{"_acf_changed":false},"product_brand":[],"product_cat":[1603,1142,1151,1150],"product_tag":[],"class_list":{"0":"post-61182","1":"product","2":"type-product","3":"status-publish","4":"has-post-thumbnail","6":"product_cat-reino-unido-es","7":"product_cat-londres-es","8":"product_cat-londres-actividades-es","9":"product_cat-londres-tours-es","11":"first","12":"instock","13":"shipping-taxable","14":"purchasable","15":"product-type-simple"},"acf":[],"yoast_head":"<!-- This site is optimized with the Yoast SEO Premium plugin v25.3.1 (Yoast SEO v25.3.1) - https:\/\/yoast.com\/wordpress\/plugins\/seo\/ -->\n<title>\u27a1\ufe0f Excursi\u00f3n privada a Par\u00eds desde Londres con gu\u00eda privado | Tour Travel &amp; More<\/title>\n<meta name=\"description\" content=\"Esc\u00e1pate un d\u00eda de Londres a Par\u00eds y viaja en el incre\u00edble tren de alta velocidad Eurostar y explora todas las maravillas que la capital francesa tiene para ofrecerte \u2705\" \/>\n<meta name=\"robots\" content=\"index, follow, max-snippet:-1, max-image-preview:large, max-video-preview:-1\" \/>\n<link rel=\"canonical\" href=\"https:\/\/tourtravelandmore.com\/es\/tours\/reino-unido-es\/londres-es\/tour-privado-a-paris-desde-londres\/\" \/>\n<meta property=\"og:locale\" content=\"es_ES\" \/>\n<meta property=\"og:type\" content=\"article\" \/>\n<meta property=\"og:title\" content=\"Tour Privado a Par\u00eds desde Londres\" \/>\n<meta property=\"og:description\" content=\"Esc\u00e1pate un d\u00eda de Londres a Par\u00eds y viaja en el incre\u00edble tren de alta velocidad Eurostar y explora todas las maravillas que la capital francesa tiene para ofrecerte \u2705\" \/>\n<meta property=\"og:url\" content=\"https:\/\/tourtravelandmore.com\/es\/tours\/reino-unido-es\/londres-es\/tour-privado-a-paris-desde-londres\/\" \/>\n<meta property=\"og:site_name\" content=\"Tour Travel And More\" \/>\n<meta property=\"article:publisher\" content=\"https:\/\/www.facebook.com\/tourtravelandmore\/\" \/>\n<meta property=\"article:modified_time\" content=\"2024-04-08T16:10:29+00:00\" \/>\n<meta property=\"og:image\" content=\"https:\/\/tourtravelandmore.com\/wp-content\/uploads\/2019\/07\/paris-1.4.jpg\" \/>\n\t<meta property=\"og:image:width\" content=\"2048\" \/>\n\t<meta property=\"og:image:height\" content=\"1536\" \/>\n\t<meta property=\"og:image:type\" content=\"image\/jpeg\" \/>\n<meta name=\"twitter:card\" content=\"summary_large_image\" \/>\n<meta name=\"twitter:site\" content=\"@TourTravel_More\" \/>\n<meta name=\"twitter:label1\" content=\"Tiempo de lectura\" \/>\n\t<meta name=\"twitter:data1\" content=\"4 minutos\" \/>\n<script type=\"application\/ld+json\" class=\"yoast-schema-graph\">{\"@context\":\"https:\/\/schema.org\",\"@graph\":[{\"@type\":\"WebPage\",\"@id\":\"https:\/\/tourtravelandmore.com\/es\/tours\/reino-unido-es\/londres-es\/tour-privado-a-paris-desde-londres\/\",\"url\":\"https:\/\/tourtravelandmore.com\/es\/tours\/reino-unido-es\/londres-es\/tour-privado-a-paris-desde-londres\/\",\"name\":\"\u27a1\ufe0f Excursi\u00f3n privada a Par\u00eds desde Londres con gu\u00eda privado | Tour Travel & More\",\"isPartOf\":{\"@id\":\"https:\/\/tourtravelandmore.com\/es\/#website\"},\"primaryImageOfPage\":{\"@id\":\"https:\/\/tourtravelandmore.com\/es\/tours\/reino-unido-es\/londres-es\/tour-privado-a-paris-desde-londres\/#primaryimage\"},\"image\":{\"@id\":\"https:\/\/tourtravelandmore.com\/es\/tours\/reino-unido-es\/londres-es\/tour-privado-a-paris-desde-londres\/#primaryimage\"},\"thumbnailUrl\":\"https:\/\/tourtravelandmore.com\/wp-content\/uploads\/2019\/07\/paris-1.4.jpg\",\"datePublished\":\"2019-07-02T09:32:36+00:00\",\"dateModified\":\"2024-04-08T16:10:29+00:00\",\"description\":\"Esc\u00e1pate un d\u00eda de Londres a Par\u00eds y viaja en el incre\u00edble tren de alta velocidad Eurostar y explora todas las maravillas que la capital francesa tiene para ofrecerte \u2705\",\"breadcrumb\":{\"@id\":\"https:\/\/tourtravelandmore.com\/es\/tours\/reino-unido-es\/londres-es\/tour-privado-a-paris-desde-londres\/#breadcrumb\"},\"inLanguage\":\"es\",\"potentialAction\":[{\"@type\":\"ReadAction\",\"target\":[\"https:\/\/tourtravelandmore.com\/es\/tours\/reino-unido-es\/londres-es\/tour-privado-a-paris-desde-londres\/\"]}]},{\"@type\":\"ImageObject\",\"inLanguage\":\"es\",\"@id\":\"https:\/\/tourtravelandmore.com\/es\/tours\/reino-unido-es\/londres-es\/tour-privado-a-paris-desde-londres\/#primaryimage\",\"url\":\"https:\/\/tourtravelandmore.com\/wp-content\/uploads\/2019\/07\/paris-1.4.jpg\",\"contentUrl\":\"https:\/\/tourtravelandmore.com\/wp-content\/uploads\/2019\/07\/paris-1.4.jpg\",\"width\":2048,\"height\":1536},{\"@type\":\"BreadcrumbList\",\"@id\":\"https:\/\/tourtravelandmore.com\/es\/tours\/reino-unido-es\/londres-es\/tour-privado-a-paris-desde-londres\/#breadcrumb\",\"itemListElement\":[{\"@type\":\"ListItem\",\"position\":1,\"name\":\"Home\",\"item\":\"https:\/\/tourtravelandmore.com\/es\/\"},{\"@type\":\"ListItem\",\"position\":2,\"name\":\"Tours\",\"item\":\"https:\/\/tourtravelandmore.com\/es\/tours\/\"},{\"@type\":\"ListItem\",\"position\":3,\"name\":\"Tour Privado a Par\u00eds desde Londres\"}]},{\"@type\":\"WebSite\",\"@id\":\"https:\/\/tourtravelandmore.com\/es\/#website\",\"url\":\"https:\/\/tourtravelandmore.com\/es\/\",\"name\":\"Tour Travel And More\",\"description\":\"Private sightseeing tours and luxury transfers in Spain\",\"publisher\":{\"@id\":\"https:\/\/tourtravelandmore.com\/es\/#organization\"},\"potentialAction\":[{\"@type\":\"SearchAction\",\"target\":{\"@type\":\"EntryPoint\",\"urlTemplate\":\"https:\/\/tourtravelandmore.com\/es\/?s={search_term_string}\"},\"query-input\":{\"@type\":\"PropertyValueSpecification\",\"valueRequired\":true,\"valueName\":\"search_term_string\"}}],\"inLanguage\":\"es\"},{\"@type\":\"Organization\",\"@id\":\"https:\/\/tourtravelandmore.com\/es\/#organization\",\"name\":\"Tour Travel And More\",\"url\":\"https:\/\/tourtravelandmore.com\/es\/\",\"logo\":{\"@type\":\"ImageObject\",\"inLanguage\":\"es\",\"@id\":\"https:\/\/tourtravelandmore.com\/es\/#\/schema\/logo\/image\/\",\"url\":\"https:\/\/tourtravelandmore.com\/wp-content\/uploads\/2022\/12\/cropped-logo-cabecera-new.png\",\"contentUrl\":\"https:\/\/tourtravelandmore.com\/wp-content\/uploads\/2022\/12\/cropped-logo-cabecera-new.png\",\"width\":430,\"height\":61,\"caption\":\"Tour Travel And More\"},\"image\":{\"@id\":\"https:\/\/tourtravelandmore.com\/es\/#\/schema\/logo\/image\/\"},\"sameAs\":[\"https:\/\/www.facebook.com\/tourtravelandmore\/\",\"https:\/\/x.com\/TourTravel_More\"]}]}<\/script>\n<!-- \/ Yoast SEO Premium plugin. -->","yoast_head_json":{"title":"\u27a1\ufe0f Excursi\u00f3n privada a Par\u00eds desde Londres con gu\u00eda privado | Tour Travel & More","description":"Esc\u00e1pate un d\u00eda de Londres a Par\u00eds y viaja en el incre\u00edble tren de alta velocidad Eurostar y explora todas las maravillas que la capital francesa tiene para ofrecerte \u2705","robots":{"index":"index","follow":"follow","max-snippet":"max-snippet:-1","max-image-preview":"max-image-preview:large","max-video-preview":"max-video-preview:-1"},"canonical":"https:\/\/tourtravelandmore.com\/es\/tours\/reino-unido-es\/londres-es\/tour-privado-a-paris-desde-londres\/","og_locale":"es_ES","og_type":"article","og_title":"Tour Privado a Par\u00eds desde Londres","og_description":"Esc\u00e1pate un d\u00eda de Londres a Par\u00eds y viaja en el incre\u00edble tren de alta velocidad Eurostar y explora todas las maravillas que la capital francesa tiene para ofrecerte \u2705","og_url":"https:\/\/tourtravelandmore.com\/es\/tours\/reino-unido-es\/londres-es\/tour-privado-a-paris-desde-londres\/","og_site_name":"Tour Travel And More","article_publisher":"https:\/\/www.facebook.com\/tourtravelandmore\/","article_modified_time":"2024-04-08T16:10:29+00:00","og_image":[{"width":2048,"height":1536,"url":"https:\/\/tourtravelandmore.com\/wp-content\/uploads\/2019\/07\/paris-1.4.jpg","type":"image\/jpeg"}],"twitter_card":"summary_large_image","twitter_site":"@TourTravel_More","twitter_misc":{"Tiempo de lectura":"4 minutos"},"schema":{"@context":"https:\/\/schema.org","@graph":[{"@type":"WebPage","@id":"https:\/\/tourtravelandmore.com\/es\/tours\/reino-unido-es\/londres-es\/tour-privado-a-paris-desde-londres\/","url":"https:\/\/tourtravelandmore.com\/es\/tours\/reino-unido-es\/londres-es\/tour-privado-a-paris-desde-londres\/","name":"\u27a1\ufe0f Excursi\u00f3n privada a Par\u00eds desde Londres con gu\u00eda privado | Tour Travel & More","isPartOf":{"@id":"https:\/\/tourtravelandmore.com\/es\/#website"},"primaryImageOfPage":{"@id":"https:\/\/tourtravelandmore.com\/es\/tours\/reino-unido-es\/londres-es\/tour-privado-a-paris-desde-londres\/#primaryimage"},"image":{"@id":"https:\/\/tourtravelandmore.com\/es\/tours\/reino-unido-es\/londres-es\/tour-privado-a-paris-desde-londres\/#primaryimage"},"thumbnailUrl":"https:\/\/tourtravelandmore.com\/wp-content\/uploads\/2019\/07\/paris-1.4.jpg","datePublished":"2019-07-02T09:32:36+00:00","dateModified":"2024-04-08T16:10:29+00:00","description":"Esc\u00e1pate un d\u00eda de Londres a Par\u00eds y viaja en el incre\u00edble tren de alta velocidad Eurostar y explora todas las maravillas que la capital francesa tiene para ofrecerte \u2705","breadcrumb":{"@id":"https:\/\/tourtravelandmore.com\/es\/tours\/reino-unido-es\/londres-es\/tour-privado-a-paris-desde-londres\/#breadcrumb"},"inLanguage":"es","potentialAction":[{"@type":"ReadAction","target":["https:\/\/tourtravelandmore.com\/es\/tours\/reino-unido-es\/londres-es\/tour-privado-a-paris-desde-londres\/"]}]},{"@type":"ImageObject","inLanguage":"es","@id":"https:\/\/tourtravelandmore.com\/es\/tours\/reino-unido-es\/londres-es\/tour-privado-a-paris-desde-londres\/#primaryimage","url":"https:\/\/tourtravelandmore.com\/wp-content\/uploads\/2019\/07\/paris-1.4.jpg","contentUrl":"https:\/\/tourtravelandmore.com\/wp-content\/uploads\/2019\/07\/paris-1.4.jpg","width":2048,"height":1536},{"@type":"BreadcrumbList","@id":"https:\/\/tourtravelandmore.com\/es\/tours\/reino-unido-es\/londres-es\/tour-privado-a-paris-desde-londres\/#breadcrumb","itemListElement":[{"@type":"ListItem","position":1,"name":"Home","item":"https:\/\/tourtravelandmore.com\/es\/"},{"@type":"ListItem","position":2,"name":"Tours","item":"https:\/\/tourtravelandmore.com\/es\/tours\/"},{"@type":"ListItem","position":3,"name":"Tour Privado a Par\u00eds desde Londres"}]},{"@type":"WebSite","@id":"https:\/\/tourtravelandmore.com\/es\/#website","url":"https:\/\/tourtravelandmore.com\/es\/","name":"Tour Travel And More","description":"Private sightseeing tours and luxury transfers in Spain","publisher":{"@id":"https:\/\/tourtravelandmore.com\/es\/#organization"},"potentialAction":[{"@type":"SearchAction","target":{"@type":"EntryPoint","urlTemplate":"https:\/\/tourtravelandmore.com\/es\/?s={search_term_string}"},"query-input":{"@type":"PropertyValueSpecification","valueRequired":true,"valueName":"search_term_string"}}],"inLanguage":"es"},{"@type":"Organization","@id":"https:\/\/tourtravelandmore.com\/es\/#organization","name":"Tour Travel And More","url":"https:\/\/tourtravelandmore.com\/es\/","logo":{"@type":"ImageObject","inLanguage":"es","@id":"https:\/\/tourtravelandmore.com\/es\/#\/schema\/logo\/image\/","url":"https:\/\/tourtravelandmore.com\/wp-content\/uploads\/2022\/12\/cropped-logo-cabecera-new.png","contentUrl":"https:\/\/tourtravelandmore.com\/wp-content\/uploads\/2022\/12\/cropped-logo-cabecera-new.png","width":430,"height":61,"caption":"Tour Travel And More"},"image":{"@id":"https:\/\/tourtravelandmore.com\/es\/#\/schema\/logo\/image\/"},"sameAs":["https:\/\/www.facebook.com\/tourtravelandmore\/","https:\/\/x.com\/TourTravel_More"]}]}},"_links":{"self":[{"href":"https:\/\/tourtravelandmore.com\/es\/wp-json\/wp\/v2\/product\/61182","targetHints":{"allow":["GET"]}}],"collection":[{"href":"https:\/\/tourtravelandmore.com\/es\/wp-json\/wp\/v2\/product"}],"about":[{"href":"https:\/\/tourtravelandmore.com\/es\/wp-json\/wp\/v2\/types\/product"}],"replies":[{"embeddable":true,"href":"https:\/\/tourtravelandmore.com\/es\/wp-json\/wp\/v2\/comments?post=61182"}],"wp:featuredmedia":[{"embeddable":true,"href":"https:\/\/tourtravelandmore.com\/es\/wp-json\/wp\/v2\/media\/93273"}],"wp:attachment":[{"href":"https:\/\/tourtravelandmore.com\/es\/wp-json\/wp\/v2\/media?parent=61182"}],"wp:term":[{"taxonomy":"product_brand","embeddable":true,"href":"https:\/\/tourtravelandmore.com\/es\/wp-json\/wp\/v2\/product_brand?post=61182"},{"taxonomy":"product_cat","embeddable":true,"href":"https:\/\/tourtravelandmore.com\/es\/wp-json\/wp\/v2\/product_cat?post=61182"},{"taxonomy":"product_tag","embeddable":true,"href":"https:\/\/tourtravelandmore.com\/es\/wp-json\/wp\/v2\/product_tag?post=61182"}],"curies":[{"name":"wp","href":"https:\/\/api.w.org\/{rel}","templated":true}]}}