{"id":61171,"date":"2019-07-02T11:02:40","date_gmt":"2019-07-02T09:02:43","guid":{"rendered":"https:\/\/tourtravelandmore.com\/es\/tours\/londres-es\/londres-tour-privado-de-los-principales-monumentos-de-la-ciudad-copy\/"},"modified":"2024-04-04T16:23:50","modified_gmt":"2024-04-04T14:23:50","slug":"tour-privado-a-londres-desde-southampton","status":"publish","type":"product","link":"https:\/\/tourtravelandmore.com\/es\/tours\/reino-unido-es\/londres-es\/tour-privado-a-londres-desde-southampton\/","title":{"rendered":"Tour Privado a Londres desde Southampton"},"content":{"rendered":"<h2 id=\"tw-target-text\" class=\"tw-data-text tw-text-large XcVN5d tw-ta\" dir=\"ltr\" data-placeholder=\"Traducci\u00f3n\"><span lang=\"es\">Descripci\u00f3n del Tour Privado a Londres desde Southampton<\/span><\/h2>\n<p>Avent\u00farese en esta incre\u00edble ciudad, comenzando su tour privado con la recogida en el puerto de Southampton, hotel o lugar de su elecci\u00f3n con su veh\u00edculo privado. Esta es una de nuestras excursiones m\u00e1s vendidas y un gran Tour Privado de Londres desde Southampton.<\/p>\n<p>Emb\u00e1rquese en un extraordinario viaje desde la terminal de cruceros de Southampton hasta el coraz\u00f3n de Londres con el exclusivo Tour Privado de Tour Travel &amp; More. Dise\u00f1ado para ofrecerle el m\u00e1ximo lujo y comodidad, esta experiencia de 10 horas est\u00e1 dise\u00f1ada para asegurar que cada momento est\u00e9 lleno de descubrimiento, comodidad y atenci\u00f3n personalizada.<\/p>\n<p>Su viaje comienza y termina en la terminal de cruceros de Southampton, lo que garantiza una transici\u00f3n perfecta del barco a la ciudad y viceversa. Olv\u00eddese de las preocupaciones log\u00edsticas y conc\u00e9ntrese \u00fanicamente en crear recuerdos inolvidables en Londres.<\/p>\n<h2>Puntos emblem\u00e1ticos y de inter\u00e9s en el Tour Privado a Londres desde Southampton<\/h2>\n<p>El tour privado comenzar\u00e1 con la recogida en el lugar de su elecci\u00f3n en Southampton. Su veh\u00edculo privado con ch\u00f3fer, y se reunir\u00e1 con el gu\u00eda oficial en Londres para comenzar este fant\u00e1stico tour. Su gu\u00eda le llevar\u00e1 por los lugares m\u00e1s emblem\u00e1ticos de Londres, donde descubrir\u00e1 esta maravillosa ciudad, una de las m\u00e1s visitadas del mundo.<\/p>\n<p>Durante este tour, conoceremos los lugares m\u00e1s famosos de Londres. Nuestra primera parada ser\u00e1 para conocer el Parlamento y la Abad\u00eda de Wetminster, donde podr\u00e1 disfrutar de estos incre\u00edbles monumentos y tomar algunas fotos. A continuaci\u00f3n, veremos el famoso Big Ben y el Palacio de Buckingham, donde podr\u00e1 observar el cambio de guardia cada vez que se realice.<\/p>\n<p><span class=\"JLqJ4b ChMk0b\" data-language-for-alternatives=\"es\" data-language-to-translate-into=\"en\" data-phrase-index=\"1\"><span class=\"JLqJ4b\" data-language-for-alternatives=\"es\" data-language-to-translate-into=\"en\" data-phrase-index=\"2\">Entre otros monumentos y lugares de inter\u00e9s puedes conocer:<\/span><\/span><\/p>\n<ul>\n<li><strong>Calle Oxford<\/strong><\/li>\n<li><strong>Picadilly Circus<\/strong><\/li>\n<li><strong>Big Ben<\/strong><\/li>\n<li><strong>Parlamento<\/strong><\/li>\n<li><strong>Abad\u00eda de Westminster<\/strong><\/li>\n<li><strong>London Bridge<\/strong><\/li>\n<li><strong>London Eye<\/strong><\/li>\n<li><strong>Tower Bridge<\/strong><\/li>\n<li><strong>Palacio de Buckingham<\/strong><\/li>\n<li>y mucho m\u00e1s!<\/li>\n<\/ul>\n<p>Experimente el ep\u00edtome del lujo, el conocimiento y el servicio a medida con el Tour Privado de Londres de Tour Travel &amp; More. Perm\u00edtanos transformar su d\u00eda en una exploraci\u00f3n inolvidable de una de las ciudades m\u00e1s cautivadoras del mundo. El tour terminar\u00e1 en el punto de partida en Southampton.<\/p>\n<p><span class=\"JLqJ4b\" data-language-for-alternatives=\"es\" data-language-to-translate-into=\"en\" data-phrase-index=\"1\"><span class=\"JLqJ4b ChMk0b\" data-language-for-alternatives=\"es\" data-language-to-translate-into=\"en\" data-phrase-index=\"2\">\u00a1<a href=\"https:\/\/tourtravelandmore.com\/es\/ciudad\/reino-unido-es\/londres-es\/\">Eche un vistazo a otros tours privados que ofrecemos en Londres<\/a>!<\/span><\/span><\/p>\n","protected":false},"excerpt":{"rendered":"<p>Disfrute al m\u00e1ximo su parada en el puerto de cruceros de Southampton y visite Londres c\u00f3modo en su veh\u00edculo privado. Su gu\u00eda oficial le estar\u00e1 esperando en Londres para ense\u00f1arle los sitios m\u00e1s emblem\u00e1ticos de la ciudad.<\/p>\n","protected":false},"featured_media":34951,"comment_status":"open","ping_status":"closed","template":"","meta":{"_acf_changed":false},"product_brand":[],"product_cat":[1603,1142,1151,1150],"product_tag":[],"class_list":{"0":"post-61171","1":"product","2":"type-product","3":"status-publish","4":"has-post-thumbnail","6":"product_cat-reino-unido-es","7":"product_cat-londres-es","8":"product_cat-londres-actividades-es","9":"product_cat-londres-tours-es","11":"first","12":"instock","13":"shipping-taxable","14":"purchasable","15":"product-type-simple"},"acf":[],"yoast_head":"<!-- This site is optimized with the Yoast SEO Premium plugin v25.3.1 (Yoast SEO v25.3.1) - https:\/\/yoast.com\/wordpress\/plugins\/seo\/ -->\n<title>\u27a1\ufe0f Tour Privado a Londres desde Southampton en veh\u00edculo privado | Tour Travel &amp; More<\/title>\n<meta name=\"description\" content=\"Acomp\u00e1\u00f1enos a visitar la capital Brit\u00e1nica con este Tour Privado a Londres desde Southampton con chofer y gu\u00eda oficial local \u2705\" \/>\n<meta name=\"robots\" content=\"index, follow, max-snippet:-1, max-image-preview:large, max-video-preview:-1\" \/>\n<link rel=\"canonical\" href=\"https:\/\/tourtravelandmore.com\/es\/tours\/reino-unido-es\/londres-es\/tour-privado-a-londres-desde-southampton\/\" \/>\n<meta property=\"og:locale\" content=\"es_ES\" \/>\n<meta property=\"og:type\" content=\"article\" \/>\n<meta property=\"og:title\" content=\"Tour Privado a Londres desde Southampton\" \/>\n<meta property=\"og:description\" content=\"Acomp\u00e1\u00f1enos a visitar la capital Brit\u00e1nica con este Tour Privado a Londres desde Southampton con chofer y gu\u00eda oficial local \u2705\" \/>\n<meta property=\"og:url\" content=\"https:\/\/tourtravelandmore.com\/es\/tours\/reino-unido-es\/londres-es\/tour-privado-a-londres-desde-southampton\/\" \/>\n<meta property=\"og:site_name\" content=\"Tour Travel And More\" \/>\n<meta property=\"article:publisher\" content=\"https:\/\/www.facebook.com\/tourtravelandmore\/\" \/>\n<meta property=\"article:modified_time\" content=\"2024-04-04T14:23:50+00:00\" \/>\n<meta property=\"og:image\" content=\"https:\/\/tourtravelandmore.com\/wp-content\/uploads\/2019\/03\/architecture-bascule-bridge-bridge-51363.jpg\" \/>\n\t<meta property=\"og:image:width\" content=\"3568\" \/>\n\t<meta property=\"og:image:height\" content=\"2368\" \/>\n\t<meta property=\"og:image:type\" content=\"image\/jpeg\" \/>\n<meta name=\"twitter:card\" content=\"summary_large_image\" \/>\n<meta name=\"twitter:site\" content=\"@TourTravel_More\" \/>\n<meta name=\"twitter:label1\" content=\"Tiempo de lectura\" \/>\n\t<meta name=\"twitter:data1\" content=\"2 minutos\" \/>\n<script type=\"application\/ld+json\" class=\"yoast-schema-graph\">{\"@context\":\"https:\/\/schema.org\",\"@graph\":[{\"@type\":\"WebPage\",\"@id\":\"https:\/\/tourtravelandmore.com\/es\/tours\/reino-unido-es\/londres-es\/tour-privado-a-londres-desde-southampton\/\",\"url\":\"https:\/\/tourtravelandmore.com\/es\/tours\/reino-unido-es\/londres-es\/tour-privado-a-londres-desde-southampton\/\",\"name\":\"\u27a1\ufe0f Tour Privado a Londres desde Southampton en veh\u00edculo privado | Tour Travel & More\",\"isPartOf\":{\"@id\":\"https:\/\/tourtravelandmore.com\/es\/#website\"},\"primaryImageOfPage\":{\"@id\":\"https:\/\/tourtravelandmore.com\/es\/tours\/reino-unido-es\/londres-es\/tour-privado-a-londres-desde-southampton\/#primaryimage\"},\"image\":{\"@id\":\"https:\/\/tourtravelandmore.com\/es\/tours\/reino-unido-es\/londres-es\/tour-privado-a-londres-desde-southampton\/#primaryimage\"},\"thumbnailUrl\":\"https:\/\/tourtravelandmore.com\/wp-content\/uploads\/2019\/03\/architecture-bascule-bridge-bridge-51363.jpg\",\"datePublished\":\"2019-07-02T09:02:43+00:00\",\"dateModified\":\"2024-04-04T14:23:50+00:00\",\"description\":\"Acomp\u00e1\u00f1enos a visitar la capital Brit\u00e1nica con este Tour Privado a Londres desde Southampton con chofer y gu\u00eda oficial local \u2705\",\"breadcrumb\":{\"@id\":\"https:\/\/tourtravelandmore.com\/es\/tours\/reino-unido-es\/londres-es\/tour-privado-a-londres-desde-southampton\/#breadcrumb\"},\"inLanguage\":\"es\",\"potentialAction\":[{\"@type\":\"ReadAction\",\"target\":[\"https:\/\/tourtravelandmore.com\/es\/tours\/reino-unido-es\/londres-es\/tour-privado-a-londres-desde-southampton\/\"]}]},{\"@type\":\"ImageObject\",\"inLanguage\":\"es\",\"@id\":\"https:\/\/tourtravelandmore.com\/es\/tours\/reino-unido-es\/londres-es\/tour-privado-a-londres-desde-southampton\/#primaryimage\",\"url\":\"https:\/\/tourtravelandmore.com\/wp-content\/uploads\/2019\/03\/architecture-bascule-bridge-bridge-51363.jpg\",\"contentUrl\":\"https:\/\/tourtravelandmore.com\/wp-content\/uploads\/2019\/03\/architecture-bascule-bridge-bridge-51363.jpg\",\"width\":3568,\"height\":2368},{\"@type\":\"BreadcrumbList\",\"@id\":\"https:\/\/tourtravelandmore.com\/es\/tours\/reino-unido-es\/londres-es\/tour-privado-a-londres-desde-southampton\/#breadcrumb\",\"itemListElement\":[{\"@type\":\"ListItem\",\"position\":1,\"name\":\"Home\",\"item\":\"https:\/\/tourtravelandmore.com\/es\/\"},{\"@type\":\"ListItem\",\"position\":2,\"name\":\"Tours\",\"item\":\"https:\/\/tourtravelandmore.com\/es\/tours\/\"},{\"@type\":\"ListItem\",\"position\":3,\"name\":\"Tour Privado a Londres desde Southampton\"}]},{\"@type\":\"WebSite\",\"@id\":\"https:\/\/tourtravelandmore.com\/es\/#website\",\"url\":\"https:\/\/tourtravelandmore.com\/es\/\",\"name\":\"Tour Travel And More\",\"description\":\"Private sightseeing tours and luxury transfers in Spain\",\"publisher\":{\"@id\":\"https:\/\/tourtravelandmore.com\/es\/#organization\"},\"potentialAction\":[{\"@type\":\"SearchAction\",\"target\":{\"@type\":\"EntryPoint\",\"urlTemplate\":\"https:\/\/tourtravelandmore.com\/es\/?s={search_term_string}\"},\"query-input\":{\"@type\":\"PropertyValueSpecification\",\"valueRequired\":true,\"valueName\":\"search_term_string\"}}],\"inLanguage\":\"es\"},{\"@type\":\"Organization\",\"@id\":\"https:\/\/tourtravelandmore.com\/es\/#organization\",\"name\":\"Tour Travel And More\",\"url\":\"https:\/\/tourtravelandmore.com\/es\/\",\"logo\":{\"@type\":\"ImageObject\",\"inLanguage\":\"es\",\"@id\":\"https:\/\/tourtravelandmore.com\/es\/#\/schema\/logo\/image\/\",\"url\":\"https:\/\/tourtravelandmore.com\/wp-content\/uploads\/2022\/12\/cropped-logo-cabecera-new.png\",\"contentUrl\":\"https:\/\/tourtravelandmore.com\/wp-content\/uploads\/2022\/12\/cropped-logo-cabecera-new.png\",\"width\":430,\"height\":61,\"caption\":\"Tour Travel And More\"},\"image\":{\"@id\":\"https:\/\/tourtravelandmore.com\/es\/#\/schema\/logo\/image\/\"},\"sameAs\":[\"https:\/\/www.facebook.com\/tourtravelandmore\/\",\"https:\/\/x.com\/TourTravel_More\"]}]}<\/script>\n<!-- \/ Yoast SEO Premium plugin. -->","yoast_head_json":{"title":"\u27a1\ufe0f Tour Privado a Londres desde Southampton en veh\u00edculo privado | Tour Travel & More","description":"Acomp\u00e1\u00f1enos a visitar la capital Brit\u00e1nica con este Tour Privado a Londres desde Southampton con chofer y gu\u00eda oficial local \u2705","robots":{"index":"index","follow":"follow","max-snippet":"max-snippet:-1","max-image-preview":"max-image-preview:large","max-video-preview":"max-video-preview:-1"},"canonical":"https:\/\/tourtravelandmore.com\/es\/tours\/reino-unido-es\/londres-es\/tour-privado-a-londres-desde-southampton\/","og_locale":"es_ES","og_type":"article","og_title":"Tour Privado a Londres desde Southampton","og_description":"Acomp\u00e1\u00f1enos a visitar la capital Brit\u00e1nica con este Tour Privado a Londres desde Southampton con chofer y gu\u00eda oficial local \u2705","og_url":"https:\/\/tourtravelandmore.com\/es\/tours\/reino-unido-es\/londres-es\/tour-privado-a-londres-desde-southampton\/","og_site_name":"Tour Travel And More","article_publisher":"https:\/\/www.facebook.com\/tourtravelandmore\/","article_modified_time":"2024-04-04T14:23:50+00:00","og_image":[{"width":3568,"height":2368,"url":"https:\/\/tourtravelandmore.com\/wp-content\/uploads\/2019\/03\/architecture-bascule-bridge-bridge-51363.jpg","type":"image\/jpeg"}],"twitter_card":"summary_large_image","twitter_site":"@TourTravel_More","twitter_misc":{"Tiempo de lectura":"2 minutos"},"schema":{"@context":"https:\/\/schema.org","@graph":[{"@type":"WebPage","@id":"https:\/\/tourtravelandmore.com\/es\/tours\/reino-unido-es\/londres-es\/tour-privado-a-londres-desde-southampton\/","url":"https:\/\/tourtravelandmore.com\/es\/tours\/reino-unido-es\/londres-es\/tour-privado-a-londres-desde-southampton\/","name":"\u27a1\ufe0f Tour Privado a Londres desde Southampton en veh\u00edculo privado | Tour Travel & More","isPartOf":{"@id":"https:\/\/tourtravelandmore.com\/es\/#website"},"primaryImageOfPage":{"@id":"https:\/\/tourtravelandmore.com\/es\/tours\/reino-unido-es\/londres-es\/tour-privado-a-londres-desde-southampton\/#primaryimage"},"image":{"@id":"https:\/\/tourtravelandmore.com\/es\/tours\/reino-unido-es\/londres-es\/tour-privado-a-londres-desde-southampton\/#primaryimage"},"thumbnailUrl":"https:\/\/tourtravelandmore.com\/wp-content\/uploads\/2019\/03\/architecture-bascule-bridge-bridge-51363.jpg","datePublished":"2019-07-02T09:02:43+00:00","dateModified":"2024-04-04T14:23:50+00:00","description":"Acomp\u00e1\u00f1enos a visitar la capital Brit\u00e1nica con este Tour Privado a Londres desde Southampton con chofer y gu\u00eda oficial local \u2705","breadcrumb":{"@id":"https:\/\/tourtravelandmore.com\/es\/tours\/reino-unido-es\/londres-es\/tour-privado-a-londres-desde-southampton\/#breadcrumb"},"inLanguage":"es","potentialAction":[{"@type":"ReadAction","target":["https:\/\/tourtravelandmore.com\/es\/tours\/reino-unido-es\/londres-es\/tour-privado-a-londres-desde-southampton\/"]}]},{"@type":"ImageObject","inLanguage":"es","@id":"https:\/\/tourtravelandmore.com\/es\/tours\/reino-unido-es\/londres-es\/tour-privado-a-londres-desde-southampton\/#primaryimage","url":"https:\/\/tourtravelandmore.com\/wp-content\/uploads\/2019\/03\/architecture-bascule-bridge-bridge-51363.jpg","contentUrl":"https:\/\/tourtravelandmore.com\/wp-content\/uploads\/2019\/03\/architecture-bascule-bridge-bridge-51363.jpg","width":3568,"height":2368},{"@type":"BreadcrumbList","@id":"https:\/\/tourtravelandmore.com\/es\/tours\/reino-unido-es\/londres-es\/tour-privado-a-londres-desde-southampton\/#breadcrumb","itemListElement":[{"@type":"ListItem","position":1,"name":"Home","item":"https:\/\/tourtravelandmore.com\/es\/"},{"@type":"ListItem","position":2,"name":"Tours","item":"https:\/\/tourtravelandmore.com\/es\/tours\/"},{"@type":"ListItem","position":3,"name":"Tour Privado a Londres desde Southampton"}]},{"@type":"WebSite","@id":"https:\/\/tourtravelandmore.com\/es\/#website","url":"https:\/\/tourtravelandmore.com\/es\/","name":"Tour Travel And More","description":"Private sightseeing tours and luxury transfers in Spain","publisher":{"@id":"https:\/\/tourtravelandmore.com\/es\/#organization"},"potentialAction":[{"@type":"SearchAction","target":{"@type":"EntryPoint","urlTemplate":"https:\/\/tourtravelandmore.com\/es\/?s={search_term_string}"},"query-input":{"@type":"PropertyValueSpecification","valueRequired":true,"valueName":"search_term_string"}}],"inLanguage":"es"},{"@type":"Organization","@id":"https:\/\/tourtravelandmore.com\/es\/#organization","name":"Tour Travel And More","url":"https:\/\/tourtravelandmore.com\/es\/","logo":{"@type":"ImageObject","inLanguage":"es","@id":"https:\/\/tourtravelandmore.com\/es\/#\/schema\/logo\/image\/","url":"https:\/\/tourtravelandmore.com\/wp-content\/uploads\/2022\/12\/cropped-logo-cabecera-new.png","contentUrl":"https:\/\/tourtravelandmore.com\/wp-content\/uploads\/2022\/12\/cropped-logo-cabecera-new.png","width":430,"height":61,"caption":"Tour Travel And More"},"image":{"@id":"https:\/\/tourtravelandmore.com\/es\/#\/schema\/logo\/image\/"},"sameAs":["https:\/\/www.facebook.com\/tourtravelandmore\/","https:\/\/x.com\/TourTravel_More"]}]}},"_links":{"self":[{"href":"https:\/\/tourtravelandmore.com\/es\/wp-json\/wp\/v2\/product\/61171","targetHints":{"allow":["GET"]}}],"collection":[{"href":"https:\/\/tourtravelandmore.com\/es\/wp-json\/wp\/v2\/product"}],"about":[{"href":"https:\/\/tourtravelandmore.com\/es\/wp-json\/wp\/v2\/types\/product"}],"replies":[{"embeddable":true,"href":"https:\/\/tourtravelandmore.com\/es\/wp-json\/wp\/v2\/comments?post=61171"}],"wp:featuredmedia":[{"embeddable":true,"href":"https:\/\/tourtravelandmore.com\/es\/wp-json\/wp\/v2\/media\/34951"}],"wp:attachment":[{"href":"https:\/\/tourtravelandmore.com\/es\/wp-json\/wp\/v2\/media?parent=61171"}],"wp:term":[{"taxonomy":"product_brand","embeddable":true,"href":"https:\/\/tourtravelandmore.com\/es\/wp-json\/wp\/v2\/product_brand?post=61171"},{"taxonomy":"product_cat","embeddable":true,"href":"https:\/\/tourtravelandmore.com\/es\/wp-json\/wp\/v2\/product_cat?post=61171"},{"taxonomy":"product_tag","embeddable":true,"href":"https:\/\/tourtravelandmore.com\/es\/wp-json\/wp\/v2\/product_tag?post=61171"}],"curies":[{"name":"wp","href":"https:\/\/api.w.org\/{rel}","templated":true}]}}