{"id":5723,"date":"2016-07-12T21:24:51","date_gmt":"2016-07-12T19:24:51","guid":{"rendered":"http:\/\/tourtravelandmore.com\/es\/?post_type=product&#038;p=5723"},"modified":"2024-03-15T19:33:11","modified_gmt":"2024-03-15T18:33:11","slug":"tour-a-pie-san-sebastian-tour-privado-con-guia-oficial","status":"publish","type":"product","link":"https:\/\/tourtravelandmore.com\/es\/tours\/espana-es\/san-sebastian-donosti-es\/tour-a-pie-san-sebastian-tour-privado-con-guia-oficial\/","title":{"rendered":"Tour Privado a pie de San Sebasti\u00e1n con Monte Igueldo"},"content":{"rendered":"<h2>Descripci\u00f3n<\/h2>\n<p>Emb\u00e1rquese en un viaje inolvidable por las encantadoras calles de San Sebasti\u00e1n con nuestro exclusivo <strong>Tour Privado a Pie por San Sebasti\u00e1n<\/strong>. Acompa\u00f1ado por un gu\u00eda experto, sum\u00e9rjase en la rica cultura, historia y belleza de esta joya vasca.<\/p>\n<p>Su exploraci\u00f3n comienza en un <strong>punto<\/strong> de <strong>encuentro c\u00e9ntrico<\/strong> de <strong>San Sebasti\u00e1n.<\/strong> Cuando se re\u00fana con su gu\u00eda privado, prep\u00e1rese para adentrarse en el coraz\u00f3n de los lugares m\u00e1s emblem\u00e1ticos de San Sebasti\u00e1n. Su gu\u00eda compartir\u00e1 cautivadoras historias y an\u00e9cdotas, haciendo que la historia de San Sebasti\u00e1n cobre vida ante sus ojos.<\/p>\n<p>Mientras pasea por las pintorescas calles de la <strong>Parte Vieja,<\/strong> descubrir\u00e1 plazas escondidas, boutiques con encanto y bares de pintxos tradicionales, donde podr\u00e1 degustar las delicias culinarias de la ciudad. Su gu\u00eda le recomendar\u00e1 las mejores especialidades locales y le dar\u00e1 consejos pr\u00e1cticos.<\/p>\n<h2>Puntos de inter\u00e9s | Tour Privado a Pie de San Sebasti\u00e1n<\/h2>\n<p>Con nuestro <strong>Tour Privado a Pie de San Sebasti\u00e1n<\/strong> tendr\u00e1 la oportunidad de conocer una de las ciudades m\u00e1s bellas de Espa\u00f1a. Su gu\u00eda privado adaptar\u00e1 el itinerario a sus intereses, asegur\u00e1ndose de que no se pierda ninguna joya escondida o atracci\u00f3n de visita obligada por el camino.<\/p>\n<p>Marav\u00edllese con la impresionante belleza de una de las <strong>playas<\/strong> urbanas m\u00e1s famosas de Europa, <strong>La Concha<\/strong>. Conozca su historia y la importancia que tiene para los lugare\u00f1os mientras pasea por sus inmaculadas orillas. A continuaci\u00f3n, retroceda en el tiempo mientras pasea por las estrechas calles de la encantadora <strong>Parte Vieja<\/strong> de <strong>San Sebasti\u00e1n.<\/strong> Descubra joyas ocultas, bares de pintxos tradicionales y arquitectura centenaria. Admire la impresionante arquitectura de la <strong>Catedral<\/strong> del <strong>Buen Pastor,<\/strong> s\u00edmbolo de la fe y el patrimonio de <strong>San Sebasti\u00e1n.<\/strong> Su gu\u00eda le explicar\u00e1 su construcci\u00f3n y su significado.<\/p>\n<p>Experimente la poderosa belleza de la ic\u00f3nica escultura de <strong>Eduardo Chillida,<\/strong> <strong>El Peine del Viento,<\/strong> con el mar Cant\u00e1brico como tel\u00f3n de fondo. Escuche la historia que se esconde tras esta cautivadora obra de arte. Explore el rom\u00e1ntico encanto del <strong>Centro <\/strong>de <strong>San Sebasti\u00e1n,<\/strong> con su elegante arquitectura, sus animadas plazas y sus pintorescos caf\u00e9s. Descubra por qu\u00e9 esta zona ha cautivado los corazones de los visitantes durante siglos.<\/p>\n<p>Tambi\u00e9n ascienda a la cima del <strong>monte Igueldo<\/strong> para disfrutar de unas vistas panor\u00e1micas de San Sebasti\u00e1n y su pintoresca costa. Conozca la importancia estrat\u00e9gica del monte a lo largo de la historia y disfrute de un momento de tranquilidad en plena naturaleza. El taxi de subida y bajada al funicular para ir al monte est\u00e1 incluido en el precio final.<\/p>\n<p>Al finalizar la excursi\u00f3n, regresar\u00e1 al centro de San Sebasti\u00e1n reflexionando sobre los inolvidables recuerdos vividos durante su exclusivo descubrimiento de San Sebasti\u00e1n.<\/p>\n","protected":false},"excerpt":{"rendered":"<p><span style=\"font-weight: 400;\">Sum\u00e9rjase en la belleza y la cultura de San Sebasti\u00e1n con nuestro exclusivo Tour Privado a Pie por San Sebasti\u00e1n. Descubra monumentos hist\u00f3ricos, calles con encanto y vistas panor\u00e1micas, guiado en todo momento por expertos conocedores de la ciudad.<\/span><\/p>\n","protected":false},"featured_media":10881,"comment_status":"open","ping_status":"closed","template":"","meta":{"_acf_changed":false},"product_brand":[],"product_cat":[190,199,198],"product_tag":[],"class_list":{"0":"post-5723","1":"product","2":"type-product","3":"status-publish","4":"has-post-thumbnail","6":"product_cat-san-sebastian-donosti-es","7":"product_cat-san-sebastian-donosti-actividades-es","8":"product_cat-san-sebastian-donosti-tours-privados-pie-es","10":"first","11":"instock","12":"shipping-taxable","13":"purchasable","14":"product-type-simple"},"acf":[],"yoast_head":"<!-- This site is optimized with the Yoast SEO Premium plugin v25.3.1 (Yoast SEO v25.3.1) - https:\/\/yoast.com\/wordpress\/plugins\/seo\/ -->\n<title>\u27a1\ufe0f Tour privado a pie por San Sebasti\u00e1n | Tour Travel &amp; More<\/title>\n<meta name=\"description\" content=\"Descubra el encanto de San Sebasti\u00e1n con nuestro exclusivo Tour Privado a Pie por San Sebasti\u00e1n. Desde monumentos hist\u00f3ricos a vistas panor\u00e1micas, deje que nuestros gu\u00edas expertos le revelen los tesoros ocultos de la ciudad \u2705\" \/>\n<meta name=\"robots\" content=\"index, follow, max-snippet:-1, max-image-preview:large, max-video-preview:-1\" \/>\n<link rel=\"canonical\" href=\"https:\/\/tourtravelandmore.com\/es\/tours\/espana-es\/san-sebastian-donosti-es\/tour-a-pie-san-sebastian-tour-privado-con-guia-oficial\/\" \/>\n<meta property=\"og:locale\" content=\"es_ES\" \/>\n<meta property=\"og:type\" content=\"article\" \/>\n<meta property=\"og:title\" content=\"Tour Privado a pie de San Sebasti\u00e1n con Monte Igueldo\" \/>\n<meta property=\"og:description\" content=\"Descubra el encanto de San Sebasti\u00e1n con nuestro exclusivo Tour Privado a Pie por San Sebasti\u00e1n. Desde monumentos hist\u00f3ricos a vistas panor\u00e1micas, deje que nuestros gu\u00edas expertos le revelen los tesoros ocultos de la ciudad \u2705\" \/>\n<meta property=\"og:url\" content=\"https:\/\/tourtravelandmore.com\/es\/tours\/espana-es\/san-sebastian-donosti-es\/tour-a-pie-san-sebastian-tour-privado-con-guia-oficial\/\" \/>\n<meta property=\"og:site_name\" content=\"Tour Travel And More\" \/>\n<meta property=\"article:publisher\" content=\"https:\/\/www.facebook.com\/tourtravelandmore\/\" \/>\n<meta property=\"article:modified_time\" content=\"2024-03-15T18:33:11+00:00\" \/>\n<meta property=\"og:image\" content=\"https:\/\/tourtravelandmore.com\/wp-content\/uploads\/2016\/07\/filename-dsc07299-jpg.jpg\" \/>\n\t<meta property=\"og:image:width\" content=\"550\" \/>\n\t<meta property=\"og:image:height\" content=\"340\" \/>\n\t<meta property=\"og:image:type\" content=\"image\/jpeg\" \/>\n<meta name=\"twitter:card\" content=\"summary_large_image\" \/>\n<meta name=\"twitter:site\" content=\"@TourTravel_More\" \/>\n<meta name=\"twitter:label1\" content=\"Tiempo de lectura\" \/>\n\t<meta name=\"twitter:data1\" content=\"3 minutos\" \/>\n<script type=\"application\/ld+json\" class=\"yoast-schema-graph\">{\"@context\":\"https:\/\/schema.org\",\"@graph\":[{\"@type\":\"WebPage\",\"@id\":\"https:\/\/tourtravelandmore.com\/es\/tours\/espana-es\/san-sebastian-donosti-es\/tour-a-pie-san-sebastian-tour-privado-con-guia-oficial\/\",\"url\":\"https:\/\/tourtravelandmore.com\/es\/tours\/espana-es\/san-sebastian-donosti-es\/tour-a-pie-san-sebastian-tour-privado-con-guia-oficial\/\",\"name\":\"\u27a1\ufe0f Tour privado a pie por San Sebasti\u00e1n | Tour Travel & More\",\"isPartOf\":{\"@id\":\"https:\/\/tourtravelandmore.com\/es\/#website\"},\"primaryImageOfPage\":{\"@id\":\"https:\/\/tourtravelandmore.com\/es\/tours\/espana-es\/san-sebastian-donosti-es\/tour-a-pie-san-sebastian-tour-privado-con-guia-oficial\/#primaryimage\"},\"image\":{\"@id\":\"https:\/\/tourtravelandmore.com\/es\/tours\/espana-es\/san-sebastian-donosti-es\/tour-a-pie-san-sebastian-tour-privado-con-guia-oficial\/#primaryimage\"},\"thumbnailUrl\":\"https:\/\/tourtravelandmore.com\/wp-content\/uploads\/2016\/07\/filename-dsc07299-jpg.jpg\",\"datePublished\":\"2016-07-12T19:24:51+00:00\",\"dateModified\":\"2024-03-15T18:33:11+00:00\",\"description\":\"Descubra el encanto de San Sebasti\u00e1n con nuestro exclusivo Tour Privado a Pie por San Sebasti\u00e1n. Desde monumentos hist\u00f3ricos a vistas panor\u00e1micas, deje que nuestros gu\u00edas expertos le revelen los tesoros ocultos de la ciudad \u2705\",\"breadcrumb\":{\"@id\":\"https:\/\/tourtravelandmore.com\/es\/tours\/espana-es\/san-sebastian-donosti-es\/tour-a-pie-san-sebastian-tour-privado-con-guia-oficial\/#breadcrumb\"},\"inLanguage\":\"es\",\"potentialAction\":[{\"@type\":\"ReadAction\",\"target\":[\"https:\/\/tourtravelandmore.com\/es\/tours\/espana-es\/san-sebastian-donosti-es\/tour-a-pie-san-sebastian-tour-privado-con-guia-oficial\/\"]}]},{\"@type\":\"ImageObject\",\"inLanguage\":\"es\",\"@id\":\"https:\/\/tourtravelandmore.com\/es\/tours\/espana-es\/san-sebastian-donosti-es\/tour-a-pie-san-sebastian-tour-privado-con-guia-oficial\/#primaryimage\",\"url\":\"https:\/\/tourtravelandmore.com\/wp-content\/uploads\/2016\/07\/filename-dsc07299-jpg.jpg\",\"contentUrl\":\"https:\/\/tourtravelandmore.com\/wp-content\/uploads\/2016\/07\/filename-dsc07299-jpg.jpg\",\"width\":550,\"height\":340},{\"@type\":\"BreadcrumbList\",\"@id\":\"https:\/\/tourtravelandmore.com\/es\/tours\/espana-es\/san-sebastian-donosti-es\/tour-a-pie-san-sebastian-tour-privado-con-guia-oficial\/#breadcrumb\",\"itemListElement\":[{\"@type\":\"ListItem\",\"position\":1,\"name\":\"Home\",\"item\":\"https:\/\/tourtravelandmore.com\/es\/\"},{\"@type\":\"ListItem\",\"position\":2,\"name\":\"Tours\",\"item\":\"https:\/\/tourtravelandmore.com\/es\/tours\/\"},{\"@type\":\"ListItem\",\"position\":3,\"name\":\"Tour Privado a pie de San Sebasti\u00e1n con Monte Igueldo\"}]},{\"@type\":\"WebSite\",\"@id\":\"https:\/\/tourtravelandmore.com\/es\/#website\",\"url\":\"https:\/\/tourtravelandmore.com\/es\/\",\"name\":\"Tour Travel And More\",\"description\":\"Private sightseeing tours and luxury transfers in Spain\",\"publisher\":{\"@id\":\"https:\/\/tourtravelandmore.com\/es\/#organization\"},\"potentialAction\":[{\"@type\":\"SearchAction\",\"target\":{\"@type\":\"EntryPoint\",\"urlTemplate\":\"https:\/\/tourtravelandmore.com\/es\/?s={search_term_string}\"},\"query-input\":{\"@type\":\"PropertyValueSpecification\",\"valueRequired\":true,\"valueName\":\"search_term_string\"}}],\"inLanguage\":\"es\"},{\"@type\":\"Organization\",\"@id\":\"https:\/\/tourtravelandmore.com\/es\/#organization\",\"name\":\"Tour Travel And More\",\"url\":\"https:\/\/tourtravelandmore.com\/es\/\",\"logo\":{\"@type\":\"ImageObject\",\"inLanguage\":\"es\",\"@id\":\"https:\/\/tourtravelandmore.com\/es\/#\/schema\/logo\/image\/\",\"url\":\"https:\/\/tourtravelandmore.com\/wp-content\/uploads\/2022\/12\/cropped-logo-cabecera-new.png\",\"contentUrl\":\"https:\/\/tourtravelandmore.com\/wp-content\/uploads\/2022\/12\/cropped-logo-cabecera-new.png\",\"width\":430,\"height\":61,\"caption\":\"Tour Travel And More\"},\"image\":{\"@id\":\"https:\/\/tourtravelandmore.com\/es\/#\/schema\/logo\/image\/\"},\"sameAs\":[\"https:\/\/www.facebook.com\/tourtravelandmore\/\",\"https:\/\/x.com\/TourTravel_More\"]}]}<\/script>\n<!-- \/ Yoast SEO Premium plugin. -->","yoast_head_json":{"title":"\u27a1\ufe0f Tour privado a pie por San Sebasti\u00e1n | Tour Travel & More","description":"Descubra el encanto de San Sebasti\u00e1n con nuestro exclusivo Tour Privado a Pie por San Sebasti\u00e1n. Desde monumentos hist\u00f3ricos a vistas panor\u00e1micas, deje que nuestros gu\u00edas expertos le revelen los tesoros ocultos de la ciudad \u2705","robots":{"index":"index","follow":"follow","max-snippet":"max-snippet:-1","max-image-preview":"max-image-preview:large","max-video-preview":"max-video-preview:-1"},"canonical":"https:\/\/tourtravelandmore.com\/es\/tours\/espana-es\/san-sebastian-donosti-es\/tour-a-pie-san-sebastian-tour-privado-con-guia-oficial\/","og_locale":"es_ES","og_type":"article","og_title":"Tour Privado a pie de San Sebasti\u00e1n con Monte Igueldo","og_description":"Descubra el encanto de San Sebasti\u00e1n con nuestro exclusivo Tour Privado a Pie por San Sebasti\u00e1n. Desde monumentos hist\u00f3ricos a vistas panor\u00e1micas, deje que nuestros gu\u00edas expertos le revelen los tesoros ocultos de la ciudad \u2705","og_url":"https:\/\/tourtravelandmore.com\/es\/tours\/espana-es\/san-sebastian-donosti-es\/tour-a-pie-san-sebastian-tour-privado-con-guia-oficial\/","og_site_name":"Tour Travel And More","article_publisher":"https:\/\/www.facebook.com\/tourtravelandmore\/","article_modified_time":"2024-03-15T18:33:11+00:00","og_image":[{"width":550,"height":340,"url":"https:\/\/tourtravelandmore.com\/wp-content\/uploads\/2016\/07\/filename-dsc07299-jpg.jpg","type":"image\/jpeg"}],"twitter_card":"summary_large_image","twitter_site":"@TourTravel_More","twitter_misc":{"Tiempo de lectura":"3 minutos"},"schema":{"@context":"https:\/\/schema.org","@graph":[{"@type":"WebPage","@id":"https:\/\/tourtravelandmore.com\/es\/tours\/espana-es\/san-sebastian-donosti-es\/tour-a-pie-san-sebastian-tour-privado-con-guia-oficial\/","url":"https:\/\/tourtravelandmore.com\/es\/tours\/espana-es\/san-sebastian-donosti-es\/tour-a-pie-san-sebastian-tour-privado-con-guia-oficial\/","name":"\u27a1\ufe0f Tour privado a pie por San Sebasti\u00e1n | Tour Travel & More","isPartOf":{"@id":"https:\/\/tourtravelandmore.com\/es\/#website"},"primaryImageOfPage":{"@id":"https:\/\/tourtravelandmore.com\/es\/tours\/espana-es\/san-sebastian-donosti-es\/tour-a-pie-san-sebastian-tour-privado-con-guia-oficial\/#primaryimage"},"image":{"@id":"https:\/\/tourtravelandmore.com\/es\/tours\/espana-es\/san-sebastian-donosti-es\/tour-a-pie-san-sebastian-tour-privado-con-guia-oficial\/#primaryimage"},"thumbnailUrl":"https:\/\/tourtravelandmore.com\/wp-content\/uploads\/2016\/07\/filename-dsc07299-jpg.jpg","datePublished":"2016-07-12T19:24:51+00:00","dateModified":"2024-03-15T18:33:11+00:00","description":"Descubra el encanto de San Sebasti\u00e1n con nuestro exclusivo Tour Privado a Pie por San Sebasti\u00e1n. Desde monumentos hist\u00f3ricos a vistas panor\u00e1micas, deje que nuestros gu\u00edas expertos le revelen los tesoros ocultos de la ciudad \u2705","breadcrumb":{"@id":"https:\/\/tourtravelandmore.com\/es\/tours\/espana-es\/san-sebastian-donosti-es\/tour-a-pie-san-sebastian-tour-privado-con-guia-oficial\/#breadcrumb"},"inLanguage":"es","potentialAction":[{"@type":"ReadAction","target":["https:\/\/tourtravelandmore.com\/es\/tours\/espana-es\/san-sebastian-donosti-es\/tour-a-pie-san-sebastian-tour-privado-con-guia-oficial\/"]}]},{"@type":"ImageObject","inLanguage":"es","@id":"https:\/\/tourtravelandmore.com\/es\/tours\/espana-es\/san-sebastian-donosti-es\/tour-a-pie-san-sebastian-tour-privado-con-guia-oficial\/#primaryimage","url":"https:\/\/tourtravelandmore.com\/wp-content\/uploads\/2016\/07\/filename-dsc07299-jpg.jpg","contentUrl":"https:\/\/tourtravelandmore.com\/wp-content\/uploads\/2016\/07\/filename-dsc07299-jpg.jpg","width":550,"height":340},{"@type":"BreadcrumbList","@id":"https:\/\/tourtravelandmore.com\/es\/tours\/espana-es\/san-sebastian-donosti-es\/tour-a-pie-san-sebastian-tour-privado-con-guia-oficial\/#breadcrumb","itemListElement":[{"@type":"ListItem","position":1,"name":"Home","item":"https:\/\/tourtravelandmore.com\/es\/"},{"@type":"ListItem","position":2,"name":"Tours","item":"https:\/\/tourtravelandmore.com\/es\/tours\/"},{"@type":"ListItem","position":3,"name":"Tour Privado a pie de San Sebasti\u00e1n con Monte Igueldo"}]},{"@type":"WebSite","@id":"https:\/\/tourtravelandmore.com\/es\/#website","url":"https:\/\/tourtravelandmore.com\/es\/","name":"Tour Travel And More","description":"Private sightseeing tours and luxury transfers in Spain","publisher":{"@id":"https:\/\/tourtravelandmore.com\/es\/#organization"},"potentialAction":[{"@type":"SearchAction","target":{"@type":"EntryPoint","urlTemplate":"https:\/\/tourtravelandmore.com\/es\/?s={search_term_string}"},"query-input":{"@type":"PropertyValueSpecification","valueRequired":true,"valueName":"search_term_string"}}],"inLanguage":"es"},{"@type":"Organization","@id":"https:\/\/tourtravelandmore.com\/es\/#organization","name":"Tour Travel And More","url":"https:\/\/tourtravelandmore.com\/es\/","logo":{"@type":"ImageObject","inLanguage":"es","@id":"https:\/\/tourtravelandmore.com\/es\/#\/schema\/logo\/image\/","url":"https:\/\/tourtravelandmore.com\/wp-content\/uploads\/2022\/12\/cropped-logo-cabecera-new.png","contentUrl":"https:\/\/tourtravelandmore.com\/wp-content\/uploads\/2022\/12\/cropped-logo-cabecera-new.png","width":430,"height":61,"caption":"Tour Travel And More"},"image":{"@id":"https:\/\/tourtravelandmore.com\/es\/#\/schema\/logo\/image\/"},"sameAs":["https:\/\/www.facebook.com\/tourtravelandmore\/","https:\/\/x.com\/TourTravel_More"]}]}},"_links":{"self":[{"href":"https:\/\/tourtravelandmore.com\/es\/wp-json\/wp\/v2\/product\/5723","targetHints":{"allow":["GET"]}}],"collection":[{"href":"https:\/\/tourtravelandmore.com\/es\/wp-json\/wp\/v2\/product"}],"about":[{"href":"https:\/\/tourtravelandmore.com\/es\/wp-json\/wp\/v2\/types\/product"}],"replies":[{"embeddable":true,"href":"https:\/\/tourtravelandmore.com\/es\/wp-json\/wp\/v2\/comments?post=5723"}],"wp:featuredmedia":[{"embeddable":true,"href":"https:\/\/tourtravelandmore.com\/es\/wp-json\/wp\/v2\/media\/10881"}],"wp:attachment":[{"href":"https:\/\/tourtravelandmore.com\/es\/wp-json\/wp\/v2\/media?parent=5723"}],"wp:term":[{"taxonomy":"product_brand","embeddable":true,"href":"https:\/\/tourtravelandmore.com\/es\/wp-json\/wp\/v2\/product_brand?post=5723"},{"taxonomy":"product_cat","embeddable":true,"href":"https:\/\/tourtravelandmore.com\/es\/wp-json\/wp\/v2\/product_cat?post=5723"},{"taxonomy":"product_tag","embeddable":true,"href":"https:\/\/tourtravelandmore.com\/es\/wp-json\/wp\/v2\/product_tag?post=5723"}],"curies":[{"name":"wp","href":"https:\/\/api.w.org\/{rel}","templated":true}]}}