{"id":5722,"date":"2016-07-12T21:19:59","date_gmt":"2016-07-12T19:19:59","guid":{"rendered":"http:\/\/tourtravelandmore.com\/es\/?post_type=product&#038;p=5722"},"modified":"2024-03-12T19:17:01","modified_gmt":"2024-03-12T18:17:01","slug":"tour-pintxos-san-sebastian-tour-privado-con-guia-oficial","status":"publish","type":"product","link":"https:\/\/tourtravelandmore.com\/es\/tours\/espana-es\/san-sebastian-donosti-es\/tour-pintxos-san-sebastian-tour-privado-con-guia-oficial\/","title":{"rendered":"Tour Privado de Pintxos en San Sebasti\u00e1n"},"content":{"rendered":"<h2>Tour Privado de Pintxos en San Sebasti\u00e1n Descripci\u00f3n<\/h2>\n<p>Emb\u00e1rquese en una aventura epic\u00farea con el <strong>Tour Privado de Pintxos en San Sebasti\u00e1n<\/strong>. Este viaje culinario, dirigido por un experto gu\u00eda local, le llevar\u00e1 por el coraz\u00f3n de la c\u00e9lebre cultura de los pintxos de <strong>San Sebasti\u00e1n.<\/strong> Con salida desde un punto c\u00e9ntrico o desde su hotel, este tour es totalmente personalizable para adaptarse a sus intereses gastron\u00f3micos. Sum\u00e9rjase en la vibrante escena gastron\u00f3mica de San <strong>Sebasti\u00e1n.<\/strong> Es una ciudad famosa no s\u00f3lo por sus restaurantes con estrellas Michelin, sino tambi\u00e9n por su variedad de tentadores bares de pintxos situados en el centro hist\u00f3rico.<\/p>\n<p>Tendr\u00e1 la oportunidad de degustar una gran variedad de pintxos, cada uno de los cuales ofrece una visi\u00f3n \u00fanica de la cocina vasca. El tour est\u00e1 dise\u00f1ado para proporcionar un profundo conocimiento de la escena gastron\u00f3mica local.<\/p>\n<p>Disfrute de un viaje culinario con <strong>3 pintxos y 3 tapas por persona<\/strong> en un restaurante cuidadosamente seleccionado. Experimentar\u00e1 los diversos sabores de la cocina vasca. Disfrute de la compa\u00f1\u00eda de un gu\u00eda experto en San Sebasti\u00e1n durante <strong>3 horas<\/strong>. Su gu\u00eda tur\u00edstico privado le dejar\u00e1 en un lugar c\u00e9ntrico de <strong>San Sebasti\u00e1n.<\/strong><\/p>\n<h2>Puntos de inter\u00e9s<\/h2>\n<p>\u00danase a nosotros en una inolvidable aventura culinaria que combina sabores, cultura y hospitalidad, mostrando lo mejor de la gastronom\u00eda de <strong>San Sebasti\u00e1n.<\/strong> En este inolvidable <strong>Tour Privado de Pintxos en San Sebasti\u00e1n<\/strong> podr\u00e1 disfrutar de cosas como:<\/p>\n<p><strong>Aut\u00e9ntica Experiencia Local:<\/strong> Sum\u00e9rgete en el coraz\u00f3n de la cultura de pintxos de <strong>San Sebasti\u00e1n<\/strong> visitando los bares preferidos por los locales. Esto le dar\u00e1 un sabor genuino de la gastronom\u00eda de la ciudad y su diversidad culinaria<\/p>\n<p><strong>Pintxos y tapas:<\/strong> Disfrute de un viaje culinario con 3 pintxos y 3 tapas por persona en un restaurante seleccionado.<\/p>\n<p><strong>Inmersi\u00f3n cultural:<\/strong> Ad\u00e9ntrese en la historia y la cultura de San Sebasti\u00e1n mientras explora su vibrante escena gastron\u00f3mica, aprendiendo sobre las t\u00e9cnicas culinarias tradicionales y los ingredientes locales.<\/p>\n<p><strong>Experiencia exclusiva:<\/strong> Este tour privado garantiza una atenci\u00f3n personalizada y la flexibilidad de adaptar la experiencia a sus preferencias, por lo que es ideal.<\/p>\n<p><strong>Momentos memorables:<\/strong> Capture recuerdos inolvidables mientras degusta deliciosos platos y se empapa del animado ambiente de los bares y restaurantes de pintxos de San Sebasti\u00e1n.<\/p>\n<p>En <strong>Tour Travel &amp; More<\/strong>, nuestro objetivo es crear experiencias a medida que se adapten a sus gustos \u00fanicos. Profundice en nuestra amplia gama de tours privados en San Sebasti\u00e1n, desde inmersivos recorridos a pie hasta completas exploraciones de la ciudad. Adem\u00e1s, ofrecemos una variedad de experiencias de un d\u00eda especialmente dise\u00f1adas para los apasionados de las aventuras culinarias, garantizando un viaje personalizado a trav\u00e9s del rico paisaje gastron\u00f3mico de San Sebasti\u00e1n.<\/p>\n","protected":false},"excerpt":{"rendered":"<p><span style=\"font-weight: 400;\">\u00danase a nosotros en un tour privado de pintxos en San Sebasti\u00e1n y experimente lo mejor de las tradiciones culinarias vascas. Desde platos cl\u00e1sicos hasta versiones modernas, d\u00e9jenos guiarle a trav\u00e9s de una sabrosa exploraci\u00f3n de este para\u00edso para los amantes de la gastronom\u00eda.<\/span><\/p>\n","protected":false},"featured_media":59817,"comment_status":"open","ping_status":"closed","template":"","meta":{"_acf_changed":false},"product_brand":[],"product_cat":[190,199,198],"product_tag":[],"class_list":{"0":"post-5722","1":"product","2":"type-product","3":"status-publish","4":"has-post-thumbnail","6":"product_cat-san-sebastian-donosti-es","7":"product_cat-san-sebastian-donosti-actividades-es","8":"product_cat-san-sebastian-donosti-tours-privados-pie-es","10":"first","11":"instock","12":"shipping-taxable","13":"purchasable","14":"product-type-simple"},"acf":[],"yoast_head":"<!-- This site is optimized with the Yoast SEO Premium plugin v25.3.1 (Yoast SEO v25.3.1) - https:\/\/yoast.com\/wordpress\/plugins\/seo\/ -->\n<title>\u27a1\ufe0f Tour Privado de Pintxos en San Sebasti\u00e1n | Tour Travel &amp; More<\/title>\n<meta name=\"description\" content=\"Sum\u00e9rjase en el coraz\u00f3n de la cocina vasca con nuestro Tour Privado de Pintxos en San Sebasti\u00e1n. Explore bares aut\u00e9nticos, saboree diversos sabores y disfrute de un viaje gastron\u00f3mico personalizado con un gu\u00eda experto \u2705\" \/>\n<meta name=\"robots\" content=\"index, follow, max-snippet:-1, max-image-preview:large, max-video-preview:-1\" \/>\n<link rel=\"canonical\" href=\"https:\/\/tourtravelandmore.com\/es\/tours\/espana-es\/san-sebastian-donosti-es\/tour-pintxos-san-sebastian-tour-privado-con-guia-oficial\/\" \/>\n<meta property=\"og:locale\" content=\"es_ES\" \/>\n<meta property=\"og:type\" content=\"article\" \/>\n<meta property=\"og:title\" content=\"Tour Privado de Pintxos en San Sebasti\u00e1n\" \/>\n<meta property=\"og:description\" content=\"Sum\u00e9rjase en el coraz\u00f3n de la cocina vasca con nuestro Tour Privado de Pintxos en San Sebasti\u00e1n. Explore bares aut\u00e9nticos, saboree diversos sabores y disfrute de un viaje gastron\u00f3mico personalizado con un gu\u00eda experto \u2705\" \/>\n<meta property=\"og:url\" content=\"https:\/\/tourtravelandmore.com\/es\/tours\/espana-es\/san-sebastian-donosti-es\/tour-pintxos-san-sebastian-tour-privado-con-guia-oficial\/\" \/>\n<meta property=\"og:site_name\" content=\"Tour Travel And More\" \/>\n<meta property=\"article:publisher\" content=\"https:\/\/www.facebook.com\/tourtravelandmore\/\" \/>\n<meta property=\"article:modified_time\" content=\"2024-03-12T18:17:01+00:00\" \/>\n<meta property=\"og:image\" content=\"https:\/\/tourtravelandmore.com\/wp-content\/uploads\/2016\/07\/pintxos2.jpg\" \/>\n\t<meta property=\"og:image:width\" content=\"800\" \/>\n\t<meta property=\"og:image:height\" content=\"600\" \/>\n\t<meta property=\"og:image:type\" content=\"image\/jpeg\" \/>\n<meta name=\"twitter:card\" content=\"summary_large_image\" \/>\n<meta name=\"twitter:site\" content=\"@TourTravel_More\" \/>\n<meta name=\"twitter:label1\" content=\"Tiempo de lectura\" \/>\n\t<meta name=\"twitter:data1\" content=\"3 minutos\" \/>\n<script type=\"application\/ld+json\" class=\"yoast-schema-graph\">{\"@context\":\"https:\/\/schema.org\",\"@graph\":[{\"@type\":\"WebPage\",\"@id\":\"https:\/\/tourtravelandmore.com\/es\/tours\/espana-es\/san-sebastian-donosti-es\/tour-pintxos-san-sebastian-tour-privado-con-guia-oficial\/\",\"url\":\"https:\/\/tourtravelandmore.com\/es\/tours\/espana-es\/san-sebastian-donosti-es\/tour-pintxos-san-sebastian-tour-privado-con-guia-oficial\/\",\"name\":\"\u27a1\ufe0f Tour Privado de Pintxos en San Sebasti\u00e1n | Tour Travel & More\",\"isPartOf\":{\"@id\":\"https:\/\/tourtravelandmore.com\/es\/#website\"},\"primaryImageOfPage\":{\"@id\":\"https:\/\/tourtravelandmore.com\/es\/tours\/espana-es\/san-sebastian-donosti-es\/tour-pintxos-san-sebastian-tour-privado-con-guia-oficial\/#primaryimage\"},\"image\":{\"@id\":\"https:\/\/tourtravelandmore.com\/es\/tours\/espana-es\/san-sebastian-donosti-es\/tour-pintxos-san-sebastian-tour-privado-con-guia-oficial\/#primaryimage\"},\"thumbnailUrl\":\"https:\/\/tourtravelandmore.com\/wp-content\/uploads\/2016\/07\/pintxos2.jpg\",\"datePublished\":\"2016-07-12T19:19:59+00:00\",\"dateModified\":\"2024-03-12T18:17:01+00:00\",\"description\":\"Sum\u00e9rjase en el coraz\u00f3n de la cocina vasca con nuestro Tour Privado de Pintxos en San Sebasti\u00e1n. Explore bares aut\u00e9nticos, saboree diversos sabores y disfrute de un viaje gastron\u00f3mico personalizado con un gu\u00eda experto \u2705\",\"breadcrumb\":{\"@id\":\"https:\/\/tourtravelandmore.com\/es\/tours\/espana-es\/san-sebastian-donosti-es\/tour-pintxos-san-sebastian-tour-privado-con-guia-oficial\/#breadcrumb\"},\"inLanguage\":\"es\",\"potentialAction\":[{\"@type\":\"ReadAction\",\"target\":[\"https:\/\/tourtravelandmore.com\/es\/tours\/espana-es\/san-sebastian-donosti-es\/tour-pintxos-san-sebastian-tour-privado-con-guia-oficial\/\"]}]},{\"@type\":\"ImageObject\",\"inLanguage\":\"es\",\"@id\":\"https:\/\/tourtravelandmore.com\/es\/tours\/espana-es\/san-sebastian-donosti-es\/tour-pintxos-san-sebastian-tour-privado-con-guia-oficial\/#primaryimage\",\"url\":\"https:\/\/tourtravelandmore.com\/wp-content\/uploads\/2016\/07\/pintxos2.jpg\",\"contentUrl\":\"https:\/\/tourtravelandmore.com\/wp-content\/uploads\/2016\/07\/pintxos2.jpg\",\"width\":800,\"height\":600},{\"@type\":\"BreadcrumbList\",\"@id\":\"https:\/\/tourtravelandmore.com\/es\/tours\/espana-es\/san-sebastian-donosti-es\/tour-pintxos-san-sebastian-tour-privado-con-guia-oficial\/#breadcrumb\",\"itemListElement\":[{\"@type\":\"ListItem\",\"position\":1,\"name\":\"Home\",\"item\":\"https:\/\/tourtravelandmore.com\/es\/\"},{\"@type\":\"ListItem\",\"position\":2,\"name\":\"Tours\",\"item\":\"https:\/\/tourtravelandmore.com\/es\/tours\/\"},{\"@type\":\"ListItem\",\"position\":3,\"name\":\"Tour Privado de Pintxos en San Sebasti\u00e1n\"}]},{\"@type\":\"WebSite\",\"@id\":\"https:\/\/tourtravelandmore.com\/es\/#website\",\"url\":\"https:\/\/tourtravelandmore.com\/es\/\",\"name\":\"Tour Travel And More\",\"description\":\"Private sightseeing tours and luxury transfers in Spain\",\"publisher\":{\"@id\":\"https:\/\/tourtravelandmore.com\/es\/#organization\"},\"potentialAction\":[{\"@type\":\"SearchAction\",\"target\":{\"@type\":\"EntryPoint\",\"urlTemplate\":\"https:\/\/tourtravelandmore.com\/es\/?s={search_term_string}\"},\"query-input\":{\"@type\":\"PropertyValueSpecification\",\"valueRequired\":true,\"valueName\":\"search_term_string\"}}],\"inLanguage\":\"es\"},{\"@type\":\"Organization\",\"@id\":\"https:\/\/tourtravelandmore.com\/es\/#organization\",\"name\":\"Tour Travel And More\",\"url\":\"https:\/\/tourtravelandmore.com\/es\/\",\"logo\":{\"@type\":\"ImageObject\",\"inLanguage\":\"es\",\"@id\":\"https:\/\/tourtravelandmore.com\/es\/#\/schema\/logo\/image\/\",\"url\":\"https:\/\/tourtravelandmore.com\/wp-content\/uploads\/2022\/12\/cropped-logo-cabecera-new.png\",\"contentUrl\":\"https:\/\/tourtravelandmore.com\/wp-content\/uploads\/2022\/12\/cropped-logo-cabecera-new.png\",\"width\":430,\"height\":61,\"caption\":\"Tour Travel And More\"},\"image\":{\"@id\":\"https:\/\/tourtravelandmore.com\/es\/#\/schema\/logo\/image\/\"},\"sameAs\":[\"https:\/\/www.facebook.com\/tourtravelandmore\/\",\"https:\/\/x.com\/TourTravel_More\"]}]}<\/script>\n<!-- \/ Yoast SEO Premium plugin. -->","yoast_head_json":{"title":"\u27a1\ufe0f Tour Privado de Pintxos en San Sebasti\u00e1n | Tour Travel & More","description":"Sum\u00e9rjase en el coraz\u00f3n de la cocina vasca con nuestro Tour Privado de Pintxos en San Sebasti\u00e1n. Explore bares aut\u00e9nticos, saboree diversos sabores y disfrute de un viaje gastron\u00f3mico personalizado con un gu\u00eda experto \u2705","robots":{"index":"index","follow":"follow","max-snippet":"max-snippet:-1","max-image-preview":"max-image-preview:large","max-video-preview":"max-video-preview:-1"},"canonical":"https:\/\/tourtravelandmore.com\/es\/tours\/espana-es\/san-sebastian-donosti-es\/tour-pintxos-san-sebastian-tour-privado-con-guia-oficial\/","og_locale":"es_ES","og_type":"article","og_title":"Tour Privado de Pintxos en San Sebasti\u00e1n","og_description":"Sum\u00e9rjase en el coraz\u00f3n de la cocina vasca con nuestro Tour Privado de Pintxos en San Sebasti\u00e1n. Explore bares aut\u00e9nticos, saboree diversos sabores y disfrute de un viaje gastron\u00f3mico personalizado con un gu\u00eda experto \u2705","og_url":"https:\/\/tourtravelandmore.com\/es\/tours\/espana-es\/san-sebastian-donosti-es\/tour-pintxos-san-sebastian-tour-privado-con-guia-oficial\/","og_site_name":"Tour Travel And More","article_publisher":"https:\/\/www.facebook.com\/tourtravelandmore\/","article_modified_time":"2024-03-12T18:17:01+00:00","og_image":[{"width":800,"height":600,"url":"https:\/\/tourtravelandmore.com\/wp-content\/uploads\/2016\/07\/pintxos2.jpg","type":"image\/jpeg"}],"twitter_card":"summary_large_image","twitter_site":"@TourTravel_More","twitter_misc":{"Tiempo de lectura":"3 minutos"},"schema":{"@context":"https:\/\/schema.org","@graph":[{"@type":"WebPage","@id":"https:\/\/tourtravelandmore.com\/es\/tours\/espana-es\/san-sebastian-donosti-es\/tour-pintxos-san-sebastian-tour-privado-con-guia-oficial\/","url":"https:\/\/tourtravelandmore.com\/es\/tours\/espana-es\/san-sebastian-donosti-es\/tour-pintxos-san-sebastian-tour-privado-con-guia-oficial\/","name":"\u27a1\ufe0f Tour Privado de Pintxos en San Sebasti\u00e1n | Tour Travel & More","isPartOf":{"@id":"https:\/\/tourtravelandmore.com\/es\/#website"},"primaryImageOfPage":{"@id":"https:\/\/tourtravelandmore.com\/es\/tours\/espana-es\/san-sebastian-donosti-es\/tour-pintxos-san-sebastian-tour-privado-con-guia-oficial\/#primaryimage"},"image":{"@id":"https:\/\/tourtravelandmore.com\/es\/tours\/espana-es\/san-sebastian-donosti-es\/tour-pintxos-san-sebastian-tour-privado-con-guia-oficial\/#primaryimage"},"thumbnailUrl":"https:\/\/tourtravelandmore.com\/wp-content\/uploads\/2016\/07\/pintxos2.jpg","datePublished":"2016-07-12T19:19:59+00:00","dateModified":"2024-03-12T18:17:01+00:00","description":"Sum\u00e9rjase en el coraz\u00f3n de la cocina vasca con nuestro Tour Privado de Pintxos en San Sebasti\u00e1n. Explore bares aut\u00e9nticos, saboree diversos sabores y disfrute de un viaje gastron\u00f3mico personalizado con un gu\u00eda experto \u2705","breadcrumb":{"@id":"https:\/\/tourtravelandmore.com\/es\/tours\/espana-es\/san-sebastian-donosti-es\/tour-pintxos-san-sebastian-tour-privado-con-guia-oficial\/#breadcrumb"},"inLanguage":"es","potentialAction":[{"@type":"ReadAction","target":["https:\/\/tourtravelandmore.com\/es\/tours\/espana-es\/san-sebastian-donosti-es\/tour-pintxos-san-sebastian-tour-privado-con-guia-oficial\/"]}]},{"@type":"ImageObject","inLanguage":"es","@id":"https:\/\/tourtravelandmore.com\/es\/tours\/espana-es\/san-sebastian-donosti-es\/tour-pintxos-san-sebastian-tour-privado-con-guia-oficial\/#primaryimage","url":"https:\/\/tourtravelandmore.com\/wp-content\/uploads\/2016\/07\/pintxos2.jpg","contentUrl":"https:\/\/tourtravelandmore.com\/wp-content\/uploads\/2016\/07\/pintxos2.jpg","width":800,"height":600},{"@type":"BreadcrumbList","@id":"https:\/\/tourtravelandmore.com\/es\/tours\/espana-es\/san-sebastian-donosti-es\/tour-pintxos-san-sebastian-tour-privado-con-guia-oficial\/#breadcrumb","itemListElement":[{"@type":"ListItem","position":1,"name":"Home","item":"https:\/\/tourtravelandmore.com\/es\/"},{"@type":"ListItem","position":2,"name":"Tours","item":"https:\/\/tourtravelandmore.com\/es\/tours\/"},{"@type":"ListItem","position":3,"name":"Tour Privado de Pintxos en San Sebasti\u00e1n"}]},{"@type":"WebSite","@id":"https:\/\/tourtravelandmore.com\/es\/#website","url":"https:\/\/tourtravelandmore.com\/es\/","name":"Tour Travel And More","description":"Private sightseeing tours and luxury transfers in Spain","publisher":{"@id":"https:\/\/tourtravelandmore.com\/es\/#organization"},"potentialAction":[{"@type":"SearchAction","target":{"@type":"EntryPoint","urlTemplate":"https:\/\/tourtravelandmore.com\/es\/?s={search_term_string}"},"query-input":{"@type":"PropertyValueSpecification","valueRequired":true,"valueName":"search_term_string"}}],"inLanguage":"es"},{"@type":"Organization","@id":"https:\/\/tourtravelandmore.com\/es\/#organization","name":"Tour Travel And More","url":"https:\/\/tourtravelandmore.com\/es\/","logo":{"@type":"ImageObject","inLanguage":"es","@id":"https:\/\/tourtravelandmore.com\/es\/#\/schema\/logo\/image\/","url":"https:\/\/tourtravelandmore.com\/wp-content\/uploads\/2022\/12\/cropped-logo-cabecera-new.png","contentUrl":"https:\/\/tourtravelandmore.com\/wp-content\/uploads\/2022\/12\/cropped-logo-cabecera-new.png","width":430,"height":61,"caption":"Tour Travel And More"},"image":{"@id":"https:\/\/tourtravelandmore.com\/es\/#\/schema\/logo\/image\/"},"sameAs":["https:\/\/www.facebook.com\/tourtravelandmore\/","https:\/\/x.com\/TourTravel_More"]}]}},"_links":{"self":[{"href":"https:\/\/tourtravelandmore.com\/es\/wp-json\/wp\/v2\/product\/5722","targetHints":{"allow":["GET"]}}],"collection":[{"href":"https:\/\/tourtravelandmore.com\/es\/wp-json\/wp\/v2\/product"}],"about":[{"href":"https:\/\/tourtravelandmore.com\/es\/wp-json\/wp\/v2\/types\/product"}],"replies":[{"embeddable":true,"href":"https:\/\/tourtravelandmore.com\/es\/wp-json\/wp\/v2\/comments?post=5722"}],"wp:featuredmedia":[{"embeddable":true,"href":"https:\/\/tourtravelandmore.com\/es\/wp-json\/wp\/v2\/media\/59817"}],"wp:attachment":[{"href":"https:\/\/tourtravelandmore.com\/es\/wp-json\/wp\/v2\/media?parent=5722"}],"wp:term":[{"taxonomy":"product_brand","embeddable":true,"href":"https:\/\/tourtravelandmore.com\/es\/wp-json\/wp\/v2\/product_brand?post=5722"},{"taxonomy":"product_cat","embeddable":true,"href":"https:\/\/tourtravelandmore.com\/es\/wp-json\/wp\/v2\/product_cat?post=5722"},{"taxonomy":"product_tag","embeddable":true,"href":"https:\/\/tourtravelandmore.com\/es\/wp-json\/wp\/v2\/product_tag?post=5722"}],"curies":[{"name":"wp","href":"https:\/\/api.w.org\/{rel}","templated":true}]}}