{"id":5680,"date":"2016-07-12T20:52:01","date_gmt":"2016-07-12T18:52:01","guid":{"rendered":"http:\/\/tourtravelandmore.com\/es\/?post_type=product&#038;p=5680"},"modified":"2025-02-25T22:08:12","modified_gmt":"2025-02-25T21:08:12","slug":"tour-privado-san-sebastian-con-chofer-y-guia-oficial","status":"publish","type":"product","link":"https:\/\/tourtravelandmore.com\/es\/tours\/espana-es\/san-sebastian-donosti-es\/tour-privado-san-sebastian-con-chofer-y-guia-oficial\/","title":{"rendered":"Tour privado de San Sebastian con gu\u00eda y vehiculo"},"content":{"rendered":"<h2>Tour Privado de San Sebasti\u00e1n Descripci\u00f3n<\/h2>\n<p>Emb\u00e1rquese en un cautivador viaje por <strong>San Sebasti\u00e1n<\/strong> con nuestro exclusivo tour privado de <strong>4 horas<\/strong> dise\u00f1ado por <strong>Tour Travel &amp; More<\/strong>. Esta experiencia de inmersi\u00f3n combina la experiencia de un gu\u00eda experimentado y la comodidad de un conductor dedicado, lo que garantiza una exploraci\u00f3n perfecta de esta encantadora ciudad vasca. Desde monumentos hist\u00f3ricos hasta delicias culinarias, profundice en la esencia de la vibrante cultura y los pintorescos paisajes de San Sebasti\u00e1n.<\/p>\n<p>Sum\u00e9rjase en el cautivador encanto de San Sebasti\u00e1n con nuestro exclusivo <strong>Tour Privado de San Sebasti\u00e1n<\/strong>. Emb\u00e1rquese en un viaje inolvidable por esta ciudad vasca, conocida por sus impresionantes playas, su rica escena culinaria y su vibrante cultura.<\/p>\n<p>Desde el momento de la recogida en nuestro veh\u00edculo de lujo, nuestro gu\u00eda experto adaptar\u00e1 el recorrido a sus intereses. Descubra la emblem\u00e1tica playa de La Concha, pasee por sus bulliciosas calles y marav\u00edllese ante sus monumentos hist\u00f3ricos. Nuestro tour privado de San Sebasti\u00e1n tiene una duraci\u00f3n de 4 horas.<\/p>\n<h2>Puntos de inter\u00e9s<\/h2>\n<p>Descubra la encantadora Parte Vieja, donde las estrechas calles conducen a bulliciosas plazas llenas de tiendas locales, tabernas tradicionales y edificios centenarios. Sum\u00e9rjase en la rica historia de la ciudad mientras su gu\u00eda le desvela relatos de su pasado, desde sus or\u00edgenes medievales hasta su importancia actual.<\/p>\n<p>Disfrute de la sobrecogedora belleza de la playa de La Concha, enclavada a lo largo de la impresionante <strong>bah\u00eda<\/strong> de <strong>La Concha.<\/strong> Pasee por el paseo mar\u00edtimo bordeado de aguas azules y arenas inmaculadas, que ofrece vistas panor\u00e1micas del perfil de la ciudad y de los escarpados acantilados que definen el encanto costero de San Sebasti\u00e1n.<\/p>\n<p>Marav\u00edllese tambi\u00e9n con la ic\u00f3nica instalaci\u00f3n escult\u00f3rica de <strong>Eduardo Chillida,<\/strong> Peine del Viento, situada en los acantilados costeros de San Sebasti\u00e1n. Sea testigo de la poderosa interacci\u00f3n entre el arte, la naturaleza y las olas del mar.<\/p>\n<p><span style=\"font-weight: 400;\">Sum\u00e9rjase en el coraz\u00f3n de <strong>San Sebasti\u00e1n<\/strong> y conozca sus tesoros de primera mano con nuestro <strong>Tour Privado<\/strong> <strong>de San Sebasti\u00e1n<\/strong>. No se pierda esta oportunidad de conectar con la rica historia de la ciudad, sus impresionantes paisajes y su vibrante cultura, todo ello a su propio ritmo y adaptado a sus intereses.<\/span><a href=\"https:\/\/tourtravelandmore.com\/es\/ciudad\/espana-es\/san-sebastian-donosti-es\/\"><span style=\"font-weight: 400;\"> Haga clic para reservar ahora y embarcarse en un viaje que promete no s\u00f3lo vistas, sino recuerdos inolvidables en la joya de la corona del Pa\u00eds Vasco.<\/span><\/a><span style=\"font-weight: 400;\"> \u00a1Su aventura en San Sebasti\u00e1n le espera!<\/span><\/p>\n","protected":false},"excerpt":{"rendered":"<p><span style=\"font-weight: 400;\">Emb\u00e1rquese en un viaje por la encantadora ciudad de San Sebasti\u00e1n con nuestro tour privado. Descubra sus impresionantes playas, sus tesoros hist\u00f3ricos y su vibrante escena cultural con el lujo y la comodidad de una experiencia tur\u00edstica personalizada. Explore San Sebasti\u00e1n como nunca antes y cree recuerdos inolvidables en el coraz\u00f3n del Pa\u00eds Vasco.<\/span><\/p>\n","protected":false},"featured_media":59613,"comment_status":"open","ping_status":"closed","template":"","meta":{"_acf_changed":false},"product_brand":[],"product_cat":[190,199,200],"product_tag":[],"class_list":{"0":"post-5680","1":"product","2":"type-product","3":"status-publish","4":"has-post-thumbnail","6":"product_cat-san-sebastian-donosti-es","7":"product_cat-san-sebastian-donosti-actividades-es","8":"product_cat-san-sebastian-donosti-excursiones-es","10":"first","11":"instock","12":"shipping-taxable","13":"purchasable","14":"product-type-simple"},"acf":[],"yoast_head":"<!-- This site is optimized with the Yoast SEO Premium plugin v25.3.1 (Yoast SEO v25.3.1) - https:\/\/yoast.com\/wordpress\/plugins\/seo\/ -->\n<title>\u27a1\ufe0f Tour Privado de San Sebasti\u00e1n - Tour Travel &amp; More<\/title>\n<meta name=\"description\" content=\"\u00danete a nuestro Tour Privado de San Sebasti\u00e1n para una exploraci\u00f3n personalizada de sus impresionantes playas, lugares de inter\u00e9s hist\u00f3rico y delicias culinarias \u2705\" \/>\n<meta name=\"robots\" content=\"index, follow, max-snippet:-1, max-image-preview:large, max-video-preview:-1\" \/>\n<link rel=\"canonical\" href=\"https:\/\/tourtravelandmore.com\/es\/tours\/espana-es\/san-sebastian-donosti-es\/tour-privado-san-sebastian-con-chofer-y-guia-oficial\/\" \/>\n<meta property=\"og:locale\" content=\"es_ES\" \/>\n<meta property=\"og:type\" content=\"article\" \/>\n<meta property=\"og:title\" content=\"Tour privado de San Sebastian con gu\u00eda y vehiculo\" \/>\n<meta property=\"og:description\" content=\"\u00danete a nuestro Tour Privado de San Sebasti\u00e1n para una exploraci\u00f3n personalizada de sus impresionantes playas, lugares de inter\u00e9s hist\u00f3rico y delicias culinarias \u2705\" \/>\n<meta property=\"og:url\" content=\"https:\/\/tourtravelandmore.com\/es\/tours\/espana-es\/san-sebastian-donosti-es\/tour-privado-san-sebastian-con-chofer-y-guia-oficial\/\" \/>\n<meta property=\"og:site_name\" content=\"Tour Travel And More\" \/>\n<meta property=\"article:publisher\" content=\"https:\/\/www.facebook.com\/tourtravelandmore\/\" \/>\n<meta property=\"article:modified_time\" content=\"2025-02-25T21:08:12+00:00\" \/>\n<meta property=\"og:image\" content=\"https:\/\/tourtravelandmore.com\/wp-content\/uploads\/2016\/07\/SanSebastian5.jpg\" \/>\n\t<meta property=\"og:image:width\" content=\"800\" \/>\n\t<meta property=\"og:image:height\" content=\"600\" \/>\n\t<meta property=\"og:image:type\" content=\"image\/jpeg\" \/>\n<meta name=\"twitter:card\" content=\"summary_large_image\" \/>\n<meta name=\"twitter:site\" content=\"@TourTravel_More\" \/>\n<meta name=\"twitter:label1\" content=\"Tiempo de lectura\" \/>\n\t<meta name=\"twitter:data1\" content=\"2 minutos\" \/>\n<script type=\"application\/ld+json\" class=\"yoast-schema-graph\">{\"@context\":\"https:\/\/schema.org\",\"@graph\":[{\"@type\":\"WebPage\",\"@id\":\"https:\/\/tourtravelandmore.com\/es\/tours\/espana-es\/san-sebastian-donosti-es\/tour-privado-san-sebastian-con-chofer-y-guia-oficial\/\",\"url\":\"https:\/\/tourtravelandmore.com\/es\/tours\/espana-es\/san-sebastian-donosti-es\/tour-privado-san-sebastian-con-chofer-y-guia-oficial\/\",\"name\":\"\u27a1\ufe0f Tour Privado de San Sebasti\u00e1n - Tour Travel & More\",\"isPartOf\":{\"@id\":\"https:\/\/tourtravelandmore.com\/es\/#website\"},\"primaryImageOfPage\":{\"@id\":\"https:\/\/tourtravelandmore.com\/es\/tours\/espana-es\/san-sebastian-donosti-es\/tour-privado-san-sebastian-con-chofer-y-guia-oficial\/#primaryimage\"},\"image\":{\"@id\":\"https:\/\/tourtravelandmore.com\/es\/tours\/espana-es\/san-sebastian-donosti-es\/tour-privado-san-sebastian-con-chofer-y-guia-oficial\/#primaryimage\"},\"thumbnailUrl\":\"https:\/\/tourtravelandmore.com\/wp-content\/uploads\/2016\/07\/SanSebastian5.jpg\",\"datePublished\":\"2016-07-12T18:52:01+00:00\",\"dateModified\":\"2025-02-25T21:08:12+00:00\",\"description\":\"\u00danete a nuestro Tour Privado de San Sebasti\u00e1n para una exploraci\u00f3n personalizada de sus impresionantes playas, lugares de inter\u00e9s hist\u00f3rico y delicias culinarias \u2705\",\"breadcrumb\":{\"@id\":\"https:\/\/tourtravelandmore.com\/es\/tours\/espana-es\/san-sebastian-donosti-es\/tour-privado-san-sebastian-con-chofer-y-guia-oficial\/#breadcrumb\"},\"inLanguage\":\"es\",\"potentialAction\":[{\"@type\":\"ReadAction\",\"target\":[\"https:\/\/tourtravelandmore.com\/es\/tours\/espana-es\/san-sebastian-donosti-es\/tour-privado-san-sebastian-con-chofer-y-guia-oficial\/\"]}]},{\"@type\":\"ImageObject\",\"inLanguage\":\"es\",\"@id\":\"https:\/\/tourtravelandmore.com\/es\/tours\/espana-es\/san-sebastian-donosti-es\/tour-privado-san-sebastian-con-chofer-y-guia-oficial\/#primaryimage\",\"url\":\"https:\/\/tourtravelandmore.com\/wp-content\/uploads\/2016\/07\/SanSebastian5.jpg\",\"contentUrl\":\"https:\/\/tourtravelandmore.com\/wp-content\/uploads\/2016\/07\/SanSebastian5.jpg\",\"width\":800,\"height\":600},{\"@type\":\"BreadcrumbList\",\"@id\":\"https:\/\/tourtravelandmore.com\/es\/tours\/espana-es\/san-sebastian-donosti-es\/tour-privado-san-sebastian-con-chofer-y-guia-oficial\/#breadcrumb\",\"itemListElement\":[{\"@type\":\"ListItem\",\"position\":1,\"name\":\"Home\",\"item\":\"https:\/\/tourtravelandmore.com\/es\/\"},{\"@type\":\"ListItem\",\"position\":2,\"name\":\"Tours\",\"item\":\"https:\/\/tourtravelandmore.com\/es\/tours\/\"},{\"@type\":\"ListItem\",\"position\":3,\"name\":\"Tour privado de San Sebastian con gu\u00eda y vehiculo\"}]},{\"@type\":\"WebSite\",\"@id\":\"https:\/\/tourtravelandmore.com\/es\/#website\",\"url\":\"https:\/\/tourtravelandmore.com\/es\/\",\"name\":\"Tour Travel And More\",\"description\":\"Private sightseeing tours and luxury transfers in Spain\",\"publisher\":{\"@id\":\"https:\/\/tourtravelandmore.com\/es\/#organization\"},\"potentialAction\":[{\"@type\":\"SearchAction\",\"target\":{\"@type\":\"EntryPoint\",\"urlTemplate\":\"https:\/\/tourtravelandmore.com\/es\/?s={search_term_string}\"},\"query-input\":{\"@type\":\"PropertyValueSpecification\",\"valueRequired\":true,\"valueName\":\"search_term_string\"}}],\"inLanguage\":\"es\"},{\"@type\":\"Organization\",\"@id\":\"https:\/\/tourtravelandmore.com\/es\/#organization\",\"name\":\"Tour Travel And More\",\"url\":\"https:\/\/tourtravelandmore.com\/es\/\",\"logo\":{\"@type\":\"ImageObject\",\"inLanguage\":\"es\",\"@id\":\"https:\/\/tourtravelandmore.com\/es\/#\/schema\/logo\/image\/\",\"url\":\"https:\/\/tourtravelandmore.com\/wp-content\/uploads\/2022\/12\/cropped-logo-cabecera-new.png\",\"contentUrl\":\"https:\/\/tourtravelandmore.com\/wp-content\/uploads\/2022\/12\/cropped-logo-cabecera-new.png\",\"width\":430,\"height\":61,\"caption\":\"Tour Travel And More\"},\"image\":{\"@id\":\"https:\/\/tourtravelandmore.com\/es\/#\/schema\/logo\/image\/\"},\"sameAs\":[\"https:\/\/www.facebook.com\/tourtravelandmore\/\",\"https:\/\/x.com\/TourTravel_More\"]}]}<\/script>\n<!-- \/ Yoast SEO Premium plugin. -->","yoast_head_json":{"title":"\u27a1\ufe0f Tour Privado de San Sebasti\u00e1n - Tour Travel & More","description":"\u00danete a nuestro Tour Privado de San Sebasti\u00e1n para una exploraci\u00f3n personalizada de sus impresionantes playas, lugares de inter\u00e9s hist\u00f3rico y delicias culinarias \u2705","robots":{"index":"index","follow":"follow","max-snippet":"max-snippet:-1","max-image-preview":"max-image-preview:large","max-video-preview":"max-video-preview:-1"},"canonical":"https:\/\/tourtravelandmore.com\/es\/tours\/espana-es\/san-sebastian-donosti-es\/tour-privado-san-sebastian-con-chofer-y-guia-oficial\/","og_locale":"es_ES","og_type":"article","og_title":"Tour privado de San Sebastian con gu\u00eda y vehiculo","og_description":"\u00danete a nuestro Tour Privado de San Sebasti\u00e1n para una exploraci\u00f3n personalizada de sus impresionantes playas, lugares de inter\u00e9s hist\u00f3rico y delicias culinarias \u2705","og_url":"https:\/\/tourtravelandmore.com\/es\/tours\/espana-es\/san-sebastian-donosti-es\/tour-privado-san-sebastian-con-chofer-y-guia-oficial\/","og_site_name":"Tour Travel And More","article_publisher":"https:\/\/www.facebook.com\/tourtravelandmore\/","article_modified_time":"2025-02-25T21:08:12+00:00","og_image":[{"width":800,"height":600,"url":"https:\/\/tourtravelandmore.com\/wp-content\/uploads\/2016\/07\/SanSebastian5.jpg","type":"image\/jpeg"}],"twitter_card":"summary_large_image","twitter_site":"@TourTravel_More","twitter_misc":{"Tiempo de lectura":"2 minutos"},"schema":{"@context":"https:\/\/schema.org","@graph":[{"@type":"WebPage","@id":"https:\/\/tourtravelandmore.com\/es\/tours\/espana-es\/san-sebastian-donosti-es\/tour-privado-san-sebastian-con-chofer-y-guia-oficial\/","url":"https:\/\/tourtravelandmore.com\/es\/tours\/espana-es\/san-sebastian-donosti-es\/tour-privado-san-sebastian-con-chofer-y-guia-oficial\/","name":"\u27a1\ufe0f Tour Privado de San Sebasti\u00e1n - Tour Travel & More","isPartOf":{"@id":"https:\/\/tourtravelandmore.com\/es\/#website"},"primaryImageOfPage":{"@id":"https:\/\/tourtravelandmore.com\/es\/tours\/espana-es\/san-sebastian-donosti-es\/tour-privado-san-sebastian-con-chofer-y-guia-oficial\/#primaryimage"},"image":{"@id":"https:\/\/tourtravelandmore.com\/es\/tours\/espana-es\/san-sebastian-donosti-es\/tour-privado-san-sebastian-con-chofer-y-guia-oficial\/#primaryimage"},"thumbnailUrl":"https:\/\/tourtravelandmore.com\/wp-content\/uploads\/2016\/07\/SanSebastian5.jpg","datePublished":"2016-07-12T18:52:01+00:00","dateModified":"2025-02-25T21:08:12+00:00","description":"\u00danete a nuestro Tour Privado de San Sebasti\u00e1n para una exploraci\u00f3n personalizada de sus impresionantes playas, lugares de inter\u00e9s hist\u00f3rico y delicias culinarias \u2705","breadcrumb":{"@id":"https:\/\/tourtravelandmore.com\/es\/tours\/espana-es\/san-sebastian-donosti-es\/tour-privado-san-sebastian-con-chofer-y-guia-oficial\/#breadcrumb"},"inLanguage":"es","potentialAction":[{"@type":"ReadAction","target":["https:\/\/tourtravelandmore.com\/es\/tours\/espana-es\/san-sebastian-donosti-es\/tour-privado-san-sebastian-con-chofer-y-guia-oficial\/"]}]},{"@type":"ImageObject","inLanguage":"es","@id":"https:\/\/tourtravelandmore.com\/es\/tours\/espana-es\/san-sebastian-donosti-es\/tour-privado-san-sebastian-con-chofer-y-guia-oficial\/#primaryimage","url":"https:\/\/tourtravelandmore.com\/wp-content\/uploads\/2016\/07\/SanSebastian5.jpg","contentUrl":"https:\/\/tourtravelandmore.com\/wp-content\/uploads\/2016\/07\/SanSebastian5.jpg","width":800,"height":600},{"@type":"BreadcrumbList","@id":"https:\/\/tourtravelandmore.com\/es\/tours\/espana-es\/san-sebastian-donosti-es\/tour-privado-san-sebastian-con-chofer-y-guia-oficial\/#breadcrumb","itemListElement":[{"@type":"ListItem","position":1,"name":"Home","item":"https:\/\/tourtravelandmore.com\/es\/"},{"@type":"ListItem","position":2,"name":"Tours","item":"https:\/\/tourtravelandmore.com\/es\/tours\/"},{"@type":"ListItem","position":3,"name":"Tour privado de San Sebastian con gu\u00eda y vehiculo"}]},{"@type":"WebSite","@id":"https:\/\/tourtravelandmore.com\/es\/#website","url":"https:\/\/tourtravelandmore.com\/es\/","name":"Tour Travel And More","description":"Private sightseeing tours and luxury transfers in Spain","publisher":{"@id":"https:\/\/tourtravelandmore.com\/es\/#organization"},"potentialAction":[{"@type":"SearchAction","target":{"@type":"EntryPoint","urlTemplate":"https:\/\/tourtravelandmore.com\/es\/?s={search_term_string}"},"query-input":{"@type":"PropertyValueSpecification","valueRequired":true,"valueName":"search_term_string"}}],"inLanguage":"es"},{"@type":"Organization","@id":"https:\/\/tourtravelandmore.com\/es\/#organization","name":"Tour Travel And More","url":"https:\/\/tourtravelandmore.com\/es\/","logo":{"@type":"ImageObject","inLanguage":"es","@id":"https:\/\/tourtravelandmore.com\/es\/#\/schema\/logo\/image\/","url":"https:\/\/tourtravelandmore.com\/wp-content\/uploads\/2022\/12\/cropped-logo-cabecera-new.png","contentUrl":"https:\/\/tourtravelandmore.com\/wp-content\/uploads\/2022\/12\/cropped-logo-cabecera-new.png","width":430,"height":61,"caption":"Tour Travel And More"},"image":{"@id":"https:\/\/tourtravelandmore.com\/es\/#\/schema\/logo\/image\/"},"sameAs":["https:\/\/www.facebook.com\/tourtravelandmore\/","https:\/\/x.com\/TourTravel_More"]}]}},"_links":{"self":[{"href":"https:\/\/tourtravelandmore.com\/es\/wp-json\/wp\/v2\/product\/5680","targetHints":{"allow":["GET"]}}],"collection":[{"href":"https:\/\/tourtravelandmore.com\/es\/wp-json\/wp\/v2\/product"}],"about":[{"href":"https:\/\/tourtravelandmore.com\/es\/wp-json\/wp\/v2\/types\/product"}],"replies":[{"embeddable":true,"href":"https:\/\/tourtravelandmore.com\/es\/wp-json\/wp\/v2\/comments?post=5680"}],"wp:featuredmedia":[{"embeddable":true,"href":"https:\/\/tourtravelandmore.com\/es\/wp-json\/wp\/v2\/media\/59613"}],"wp:attachment":[{"href":"https:\/\/tourtravelandmore.com\/es\/wp-json\/wp\/v2\/media?parent=5680"}],"wp:term":[{"taxonomy":"product_brand","embeddable":true,"href":"https:\/\/tourtravelandmore.com\/es\/wp-json\/wp\/v2\/product_brand?post=5680"},{"taxonomy":"product_cat","embeddable":true,"href":"https:\/\/tourtravelandmore.com\/es\/wp-json\/wp\/v2\/product_cat?post=5680"},{"taxonomy":"product_tag","embeddable":true,"href":"https:\/\/tourtravelandmore.com\/es\/wp-json\/wp\/v2\/product_tag?post=5680"}],"curies":[{"name":"wp","href":"https:\/\/api.w.org\/{rel}","templated":true}]}}