{"id":5668,"date":"2016-07-12T20:37:56","date_gmt":"2016-07-12T18:37:56","guid":{"rendered":"http:\/\/tourtravelandmore.com\/es\/?post_type=product&#038;p=5668"},"modified":"2024-03-15T17:53:36","modified_gmt":"2024-03-15T16:53:36","slug":"tour-privado-san-juan-de-luz-y-biarritz-desde-san-sebastian","status":"publish","type":"product","link":"https:\/\/tourtravelandmore.com\/es\/tours\/espana-es\/san-sebastian-donosti-es\/tour-privado-san-juan-de-luz-y-biarritz-desde-san-sebastian\/","title":{"rendered":"Tour Privado San Juan de Luz y Biarritz desde San Sebasti\u00e1n"},"content":{"rendered":"<h2><b>Excursi\u00f3n Privada a San Juan de Luz y Biarritz Descripci\u00f3n<\/b><\/h2>\n<p>Emb\u00e1rcate en un emocionante viaje de descubrimiento en nuestro <strong>Tour Privado San Juan de Luz y Biarritz desde San Sebasti\u00e1n<\/strong>. Este recorrido te llevar\u00e1 a explorar dos encantadoras ciudades costeras que combinan la rica historia, la cultura vibrante y los impresionantes paisajes de la regi\u00f3n vasco-francesa.<\/p>\n<div class=\"flex-1 overflow-hidden\">\n<div class=\"react-scroll-to-bottom--css-zudlz-79elbk h-full\">\n<div class=\"react-scroll-to-bottom--css-zudlz-1n7m0yu\">\n<div class=\"flex flex-col text-sm pb-9\">\n<div class=\"w-full text-token-text-primary\" data-testid=\"conversation-turn-5\">\n<div class=\"px-4 py-2 justify-center text-base md:gap-6 m-auto\">\n<div class=\"flex flex-1 text-base mx-auto gap-3 md:px-5 lg:px-1 xl:px-5 md:max-w-3xl lg:max-w-[40rem] xl:max-w-[48rem] group final-completion\">\n<div class=\"relative flex w-full flex-col agent-turn\">\n<div class=\"flex-col gap-1 md:gap-3\">\n<div class=\"flex flex-grow flex-col max-w-full\">\n<div class=\"min-h-[20px] text-message flex flex-col items-start gap-3 whitespace-pre-wrap break-words [.text-message+&amp;]:mt-5 overflow-x-auto\" data-message-author-role=\"assistant\" data-message-id=\"0d8d0abf-96e5-439e-944c-1a1430631c82\">\n<div class=\"markdown prose w-full break-words dark:prose-invert dark\">\n<p>Este<strong> tour privado de San Juan de Luz<\/strong> y <strong>Biarritz<\/strong> es una oportunidad \u00fanica para sumergirte en la cultura, la historia y la belleza natural de la regi\u00f3n, creando recuerdos inolvidables en tu viaje a la costa vasco-francesa. \u00a1D\u00e9jate cautivar por estos encantadores destinos y vive una experiencia enriquecedora con <strong>Tour Travel &amp; More!<\/strong><\/p>\n<p>Con la compa\u00f1\u00eda de nuestros gu\u00edas expertos y un veh\u00edculo c\u00f3modo, disfrutar\u00e1s de una experiencia \u00fanica llena de maravillas y momentos memorables.<\/p>\n<\/div>\n<\/div>\n<\/div>\n<\/div>\n<\/div>\n<\/div>\n<\/div>\n<\/div>\n<\/div>\n<\/div>\n<\/div>\n<\/div>\n<h2><b>Lo m\u00e1s destacado<\/b><\/h2>\n<p>Su chofer los recoger\u00e1 junto a su gu\u00eda oficial privado por su hotel o punto de elecci\u00f3n en <strong>San Sebasti\u00e1n.<\/strong> Luego de la recogida empezar\u00e1n su viaje hacia<strong> San Juan de Luz.<\/strong> Comienza tu d\u00eda explorando el hermoso puerto pesquero de San Juan de Luz, conocido por su encanto tradicional y ambiente acogedor.<\/p>\n<p>Visita la imponente iglesia de <strong>San Juan Bautista<\/strong>, donde se celebr\u00f3 la boda real de <strong>Luis XIV<\/strong> y descubre su fascinante historia. Sum\u00e9rgete en el bullicio de las <strong>calles empedradas<\/strong> mientras paseas por el <strong>centro hist\u00f3rico,<\/strong> lleno de tiendas encantadoras y caf\u00e9s tradicionales. Disfruta de un tiempo libre para degustar delicias locales como los sabrosos pintxos vascos o los deliciosos macarons en los aut\u00e9nticos bares de la ciudad.<\/p>\n<p>Contin\u00faa tu aventura hacia <strong>Biarritz,<\/strong> una elegante ciudad costera famosa por sus playas impresionantes y su ambiente sofisticado. Contempla las impresionantes vistas desde el faro de <strong>Biarritz,<\/strong> que ofrece panor\u00e1micas espectaculares de la costa <strong>vasco-francesa.<\/strong> Pasea por la ic\u00f3nica playa de la <strong>Grande Plage,<\/strong> donde podr\u00e1s relajarte en la <strong>arena dorada<\/strong> y admirar el paisaje marino.<\/p>\n<p><span style=\"font-weight: 400;\">Al final de su exploraci\u00f3n, su ch\u00f3fer privado le acompa\u00f1ar\u00e1 de vuelta a su alojamiento en <strong>San Sebasti\u00e1n,<\/strong> asegur\u00e1ndole un viaje de regreso c\u00f3modo y sin complicaciones.<\/span><\/p>\n<p><span style=\"font-weight: 400;\">Descubra la costa vasco-francesa como nunca antes lo hab\u00eda hecho con nuestro<strong> Tour Privado de San Juan de Luz y Biarritz<\/strong>. Tanto si busca una inmersi\u00f3n cultural, aventuras culinarias o una exploraci\u00f3n panor\u00e1mica, nuestros gu\u00edas expertos adaptar\u00e1n el itinerario a sus preferencias. <\/span><a href=\"https:\/\/tourtravelandmore.com\/es\/ciudad\/espana-es\/san-sebastian-donosti-es\/\"><span style=\"font-weight: 400;\">Reserve hoy mismo su excursi\u00f3n personalizada y emb\u00e1rquese en un viaje dise\u00f1ado s\u00f3lo para usted.<\/span><\/a><\/p>\n","protected":false},"excerpt":{"rendered":"<p><span style=\"font-weight: 400;\">Emb\u00e1rquese en un viaje cautivador a San Juan de Luz y Biarritz, donde convergen la historia, la cultura y la belleza natural. \u00danase a nuestra Excursi\u00f3n Privada Exclusiva para descubrir el encantador encanto de estas ciudades costeras, desde pintorescos pueblos pesqueros hasta elegantes centros tur\u00edsticos costeros.<\/span><\/p>\n","protected":false},"featured_media":5671,"comment_status":"open","ping_status":"closed","template":"","meta":{"_acf_changed":false},"product_brand":[],"product_cat":[190,199,197,200],"product_tag":[],"class_list":{"0":"post-5668","1":"product","2":"type-product","3":"status-publish","4":"has-post-thumbnail","6":"product_cat-san-sebastian-donosti-es","7":"product_cat-san-sebastian-donosti-actividades-es","8":"product_cat-san-sebastian-donosti-rutas-turisticas-privadas-es","9":"product_cat-san-sebastian-donosti-excursiones-es","11":"first","12":"instock","13":"shipping-taxable","14":"purchasable","15":"product-type-simple"},"acf":[],"yoast_head":"<!-- This site is optimized with the Yoast SEO Premium plugin v25.3.1 (Yoast SEO v25.3.1) - https:\/\/yoast.com\/wordpress\/plugins\/seo\/ -->\n<title>\u27a1\ufe0f Tour Privado San Juan de Luz y Biarritz desde San Sebasti\u00e1n<\/title>\n<meta name=\"description\" content=\"Tour Privado San Juan de Luz y Biarritz desde San Sebasti\u00e1n. Explore monumentos hist\u00f3rico a lo largo de la pintoresca costa vasca francesa \u2705\" \/>\n<meta name=\"robots\" content=\"index, follow, max-snippet:-1, max-image-preview:large, max-video-preview:-1\" \/>\n<link rel=\"canonical\" href=\"https:\/\/tourtravelandmore.com\/es\/tours\/espana-es\/san-sebastian-donosti-es\/tour-privado-san-juan-de-luz-y-biarritz-desde-san-sebastian\/\" \/>\n<meta property=\"og:locale\" content=\"es_ES\" \/>\n<meta property=\"og:type\" content=\"article\" \/>\n<meta property=\"og:title\" content=\"Tour Privado San Juan de Luz y Biarritz desde San Sebasti\u00e1n\" \/>\n<meta property=\"og:description\" content=\"Tour Privado San Juan de Luz y Biarritz desde San Sebasti\u00e1n. Explore monumentos hist\u00f3rico a lo largo de la pintoresca costa vasca francesa \u2705\" \/>\n<meta property=\"og:url\" content=\"https:\/\/tourtravelandmore.com\/es\/tours\/espana-es\/san-sebastian-donosti-es\/tour-privado-san-juan-de-luz-y-biarritz-desde-san-sebastian\/\" \/>\n<meta property=\"og:site_name\" content=\"Tour Travel And More\" \/>\n<meta property=\"article:publisher\" content=\"https:\/\/www.facebook.com\/tourtravelandmore\/\" \/>\n<meta property=\"article:modified_time\" content=\"2024-03-15T16:53:36+00:00\" \/>\n<meta property=\"og:image\" content=\"https:\/\/tourtravelandmore.com\/wp-content\/uploads\/2016\/07\/IMG_7098.jpg\" \/>\n\t<meta property=\"og:image:width\" content=\"1536\" \/>\n\t<meta property=\"og:image:height\" content=\"1024\" \/>\n\t<meta property=\"og:image:type\" content=\"image\/jpeg\" \/>\n<meta name=\"twitter:card\" content=\"summary_large_image\" \/>\n<meta name=\"twitter:site\" content=\"@TourTravel_More\" \/>\n<meta name=\"twitter:label1\" content=\"Tiempo de lectura\" \/>\n\t<meta name=\"twitter:data1\" content=\"2 minutos\" \/>\n<script type=\"application\/ld+json\" class=\"yoast-schema-graph\">{\"@context\":\"https:\/\/schema.org\",\"@graph\":[{\"@type\":\"WebPage\",\"@id\":\"https:\/\/tourtravelandmore.com\/es\/tours\/espana-es\/san-sebastian-donosti-es\/tour-privado-san-juan-de-luz-y-biarritz-desde-san-sebastian\/\",\"url\":\"https:\/\/tourtravelandmore.com\/es\/tours\/espana-es\/san-sebastian-donosti-es\/tour-privado-san-juan-de-luz-y-biarritz-desde-san-sebastian\/\",\"name\":\"\u27a1\ufe0f Tour Privado San Juan de Luz y Biarritz desde San Sebasti\u00e1n\",\"isPartOf\":{\"@id\":\"https:\/\/tourtravelandmore.com\/es\/#website\"},\"primaryImageOfPage\":{\"@id\":\"https:\/\/tourtravelandmore.com\/es\/tours\/espana-es\/san-sebastian-donosti-es\/tour-privado-san-juan-de-luz-y-biarritz-desde-san-sebastian\/#primaryimage\"},\"image\":{\"@id\":\"https:\/\/tourtravelandmore.com\/es\/tours\/espana-es\/san-sebastian-donosti-es\/tour-privado-san-juan-de-luz-y-biarritz-desde-san-sebastian\/#primaryimage\"},\"thumbnailUrl\":\"https:\/\/tourtravelandmore.com\/wp-content\/uploads\/2016\/07\/IMG_7098.jpg\",\"datePublished\":\"2016-07-12T18:37:56+00:00\",\"dateModified\":\"2024-03-15T16:53:36+00:00\",\"description\":\"Tour Privado San Juan de Luz y Biarritz desde San Sebasti\u00e1n. Explore monumentos hist\u00f3rico a lo largo de la pintoresca costa vasca francesa \u2705\",\"breadcrumb\":{\"@id\":\"https:\/\/tourtravelandmore.com\/es\/tours\/espana-es\/san-sebastian-donosti-es\/tour-privado-san-juan-de-luz-y-biarritz-desde-san-sebastian\/#breadcrumb\"},\"inLanguage\":\"es\",\"potentialAction\":[{\"@type\":\"ReadAction\",\"target\":[\"https:\/\/tourtravelandmore.com\/es\/tours\/espana-es\/san-sebastian-donosti-es\/tour-privado-san-juan-de-luz-y-biarritz-desde-san-sebastian\/\"]}]},{\"@type\":\"ImageObject\",\"inLanguage\":\"es\",\"@id\":\"https:\/\/tourtravelandmore.com\/es\/tours\/espana-es\/san-sebastian-donosti-es\/tour-privado-san-juan-de-luz-y-biarritz-desde-san-sebastian\/#primaryimage\",\"url\":\"https:\/\/tourtravelandmore.com\/wp-content\/uploads\/2016\/07\/IMG_7098.jpg\",\"contentUrl\":\"https:\/\/tourtravelandmore.com\/wp-content\/uploads\/2016\/07\/IMG_7098.jpg\",\"width\":1536,\"height\":1024},{\"@type\":\"BreadcrumbList\",\"@id\":\"https:\/\/tourtravelandmore.com\/es\/tours\/espana-es\/san-sebastian-donosti-es\/tour-privado-san-juan-de-luz-y-biarritz-desde-san-sebastian\/#breadcrumb\",\"itemListElement\":[{\"@type\":\"ListItem\",\"position\":1,\"name\":\"Home\",\"item\":\"https:\/\/tourtravelandmore.com\/es\/\"},{\"@type\":\"ListItem\",\"position\":2,\"name\":\"Tours\",\"item\":\"https:\/\/tourtravelandmore.com\/es\/tours\/\"},{\"@type\":\"ListItem\",\"position\":3,\"name\":\"Tour Privado San Juan de Luz y Biarritz desde San Sebasti\u00e1n\"}]},{\"@type\":\"WebSite\",\"@id\":\"https:\/\/tourtravelandmore.com\/es\/#website\",\"url\":\"https:\/\/tourtravelandmore.com\/es\/\",\"name\":\"Tour Travel And More\",\"description\":\"Private sightseeing tours and luxury transfers in Spain\",\"publisher\":{\"@id\":\"https:\/\/tourtravelandmore.com\/es\/#organization\"},\"potentialAction\":[{\"@type\":\"SearchAction\",\"target\":{\"@type\":\"EntryPoint\",\"urlTemplate\":\"https:\/\/tourtravelandmore.com\/es\/?s={search_term_string}\"},\"query-input\":{\"@type\":\"PropertyValueSpecification\",\"valueRequired\":true,\"valueName\":\"search_term_string\"}}],\"inLanguage\":\"es\"},{\"@type\":\"Organization\",\"@id\":\"https:\/\/tourtravelandmore.com\/es\/#organization\",\"name\":\"Tour Travel And More\",\"url\":\"https:\/\/tourtravelandmore.com\/es\/\",\"logo\":{\"@type\":\"ImageObject\",\"inLanguage\":\"es\",\"@id\":\"https:\/\/tourtravelandmore.com\/es\/#\/schema\/logo\/image\/\",\"url\":\"https:\/\/tourtravelandmore.com\/wp-content\/uploads\/2022\/12\/cropped-logo-cabecera-new.png\",\"contentUrl\":\"https:\/\/tourtravelandmore.com\/wp-content\/uploads\/2022\/12\/cropped-logo-cabecera-new.png\",\"width\":430,\"height\":61,\"caption\":\"Tour Travel And More\"},\"image\":{\"@id\":\"https:\/\/tourtravelandmore.com\/es\/#\/schema\/logo\/image\/\"},\"sameAs\":[\"https:\/\/www.facebook.com\/tourtravelandmore\/\",\"https:\/\/x.com\/TourTravel_More\"]}]}<\/script>\n<!-- \/ Yoast SEO Premium plugin. -->","yoast_head_json":{"title":"\u27a1\ufe0f Tour Privado San Juan de Luz y Biarritz desde San Sebasti\u00e1n","description":"Tour Privado San Juan de Luz y Biarritz desde San Sebasti\u00e1n. Explore monumentos hist\u00f3rico a lo largo de la pintoresca costa vasca francesa \u2705","robots":{"index":"index","follow":"follow","max-snippet":"max-snippet:-1","max-image-preview":"max-image-preview:large","max-video-preview":"max-video-preview:-1"},"canonical":"https:\/\/tourtravelandmore.com\/es\/tours\/espana-es\/san-sebastian-donosti-es\/tour-privado-san-juan-de-luz-y-biarritz-desde-san-sebastian\/","og_locale":"es_ES","og_type":"article","og_title":"Tour Privado San Juan de Luz y Biarritz desde San Sebasti\u00e1n","og_description":"Tour Privado San Juan de Luz y Biarritz desde San Sebasti\u00e1n. Explore monumentos hist\u00f3rico a lo largo de la pintoresca costa vasca francesa \u2705","og_url":"https:\/\/tourtravelandmore.com\/es\/tours\/espana-es\/san-sebastian-donosti-es\/tour-privado-san-juan-de-luz-y-biarritz-desde-san-sebastian\/","og_site_name":"Tour Travel And More","article_publisher":"https:\/\/www.facebook.com\/tourtravelandmore\/","article_modified_time":"2024-03-15T16:53:36+00:00","og_image":[{"width":1536,"height":1024,"url":"https:\/\/tourtravelandmore.com\/wp-content\/uploads\/2016\/07\/IMG_7098.jpg","type":"image\/jpeg"}],"twitter_card":"summary_large_image","twitter_site":"@TourTravel_More","twitter_misc":{"Tiempo de lectura":"2 minutos"},"schema":{"@context":"https:\/\/schema.org","@graph":[{"@type":"WebPage","@id":"https:\/\/tourtravelandmore.com\/es\/tours\/espana-es\/san-sebastian-donosti-es\/tour-privado-san-juan-de-luz-y-biarritz-desde-san-sebastian\/","url":"https:\/\/tourtravelandmore.com\/es\/tours\/espana-es\/san-sebastian-donosti-es\/tour-privado-san-juan-de-luz-y-biarritz-desde-san-sebastian\/","name":"\u27a1\ufe0f Tour Privado San Juan de Luz y Biarritz desde San Sebasti\u00e1n","isPartOf":{"@id":"https:\/\/tourtravelandmore.com\/es\/#website"},"primaryImageOfPage":{"@id":"https:\/\/tourtravelandmore.com\/es\/tours\/espana-es\/san-sebastian-donosti-es\/tour-privado-san-juan-de-luz-y-biarritz-desde-san-sebastian\/#primaryimage"},"image":{"@id":"https:\/\/tourtravelandmore.com\/es\/tours\/espana-es\/san-sebastian-donosti-es\/tour-privado-san-juan-de-luz-y-biarritz-desde-san-sebastian\/#primaryimage"},"thumbnailUrl":"https:\/\/tourtravelandmore.com\/wp-content\/uploads\/2016\/07\/IMG_7098.jpg","datePublished":"2016-07-12T18:37:56+00:00","dateModified":"2024-03-15T16:53:36+00:00","description":"Tour Privado San Juan de Luz y Biarritz desde San Sebasti\u00e1n. Explore monumentos hist\u00f3rico a lo largo de la pintoresca costa vasca francesa \u2705","breadcrumb":{"@id":"https:\/\/tourtravelandmore.com\/es\/tours\/espana-es\/san-sebastian-donosti-es\/tour-privado-san-juan-de-luz-y-biarritz-desde-san-sebastian\/#breadcrumb"},"inLanguage":"es","potentialAction":[{"@type":"ReadAction","target":["https:\/\/tourtravelandmore.com\/es\/tours\/espana-es\/san-sebastian-donosti-es\/tour-privado-san-juan-de-luz-y-biarritz-desde-san-sebastian\/"]}]},{"@type":"ImageObject","inLanguage":"es","@id":"https:\/\/tourtravelandmore.com\/es\/tours\/espana-es\/san-sebastian-donosti-es\/tour-privado-san-juan-de-luz-y-biarritz-desde-san-sebastian\/#primaryimage","url":"https:\/\/tourtravelandmore.com\/wp-content\/uploads\/2016\/07\/IMG_7098.jpg","contentUrl":"https:\/\/tourtravelandmore.com\/wp-content\/uploads\/2016\/07\/IMG_7098.jpg","width":1536,"height":1024},{"@type":"BreadcrumbList","@id":"https:\/\/tourtravelandmore.com\/es\/tours\/espana-es\/san-sebastian-donosti-es\/tour-privado-san-juan-de-luz-y-biarritz-desde-san-sebastian\/#breadcrumb","itemListElement":[{"@type":"ListItem","position":1,"name":"Home","item":"https:\/\/tourtravelandmore.com\/es\/"},{"@type":"ListItem","position":2,"name":"Tours","item":"https:\/\/tourtravelandmore.com\/es\/tours\/"},{"@type":"ListItem","position":3,"name":"Tour Privado San Juan de Luz y Biarritz desde San Sebasti\u00e1n"}]},{"@type":"WebSite","@id":"https:\/\/tourtravelandmore.com\/es\/#website","url":"https:\/\/tourtravelandmore.com\/es\/","name":"Tour Travel And More","description":"Private sightseeing tours and luxury transfers in Spain","publisher":{"@id":"https:\/\/tourtravelandmore.com\/es\/#organization"},"potentialAction":[{"@type":"SearchAction","target":{"@type":"EntryPoint","urlTemplate":"https:\/\/tourtravelandmore.com\/es\/?s={search_term_string}"},"query-input":{"@type":"PropertyValueSpecification","valueRequired":true,"valueName":"search_term_string"}}],"inLanguage":"es"},{"@type":"Organization","@id":"https:\/\/tourtravelandmore.com\/es\/#organization","name":"Tour Travel And More","url":"https:\/\/tourtravelandmore.com\/es\/","logo":{"@type":"ImageObject","inLanguage":"es","@id":"https:\/\/tourtravelandmore.com\/es\/#\/schema\/logo\/image\/","url":"https:\/\/tourtravelandmore.com\/wp-content\/uploads\/2022\/12\/cropped-logo-cabecera-new.png","contentUrl":"https:\/\/tourtravelandmore.com\/wp-content\/uploads\/2022\/12\/cropped-logo-cabecera-new.png","width":430,"height":61,"caption":"Tour Travel And More"},"image":{"@id":"https:\/\/tourtravelandmore.com\/es\/#\/schema\/logo\/image\/"},"sameAs":["https:\/\/www.facebook.com\/tourtravelandmore\/","https:\/\/x.com\/TourTravel_More"]}]}},"_links":{"self":[{"href":"https:\/\/tourtravelandmore.com\/es\/wp-json\/wp\/v2\/product\/5668","targetHints":{"allow":["GET"]}}],"collection":[{"href":"https:\/\/tourtravelandmore.com\/es\/wp-json\/wp\/v2\/product"}],"about":[{"href":"https:\/\/tourtravelandmore.com\/es\/wp-json\/wp\/v2\/types\/product"}],"replies":[{"embeddable":true,"href":"https:\/\/tourtravelandmore.com\/es\/wp-json\/wp\/v2\/comments?post=5668"}],"wp:featuredmedia":[{"embeddable":true,"href":"https:\/\/tourtravelandmore.com\/es\/wp-json\/wp\/v2\/media\/5671"}],"wp:attachment":[{"href":"https:\/\/tourtravelandmore.com\/es\/wp-json\/wp\/v2\/media?parent=5668"}],"wp:term":[{"taxonomy":"product_brand","embeddable":true,"href":"https:\/\/tourtravelandmore.com\/es\/wp-json\/wp\/v2\/product_brand?post=5668"},{"taxonomy":"product_cat","embeddable":true,"href":"https:\/\/tourtravelandmore.com\/es\/wp-json\/wp\/v2\/product_cat?post=5668"},{"taxonomy":"product_tag","embeddable":true,"href":"https:\/\/tourtravelandmore.com\/es\/wp-json\/wp\/v2\/product_tag?post=5668"}],"curies":[{"name":"wp","href":"https:\/\/api.w.org\/{rel}","templated":true}]}}