{"id":5657,"date":"2016-07-12T20:20:22","date_gmt":"2016-07-12T18:20:22","guid":{"rendered":"http:\/\/tourtravelandmore.com\/es\/?post_type=product&#038;p=5657"},"modified":"2024-11-11T17:05:54","modified_gmt":"2024-11-11T16:05:54","slug":"tour-privado-a-pie-bilbao-con-guia-oficial-tour-media-dia","status":"publish","type":"product","link":"https:\/\/tourtravelandmore.com\/es\/tours\/espana-es\/bilbao-es\/tour-privado-a-pie-bilbao-con-guia-oficial-tour-media-dia\/","title":{"rendered":"Tour Privado a pie de Bilbao con gu\u00eda oficial"},"content":{"rendered":"<h2><b>Descripci\u00f3n ampliada del Tour Privado a Pie de Bilbao<\/b><\/h2>\n<p><span style=\"font-weight: 400;\">Emb\u00e1rquese en un exclusivo Tour Privado a Pie por Bilbao, una oportunidad para adentrarse en el coraz\u00f3n de una de las ciudades m\u00e1s din\u00e1micas de Espa\u00f1a. De la mano de su gu\u00eda oficial personal, descubrir\u00e1 la esencia del tapiz cultural de Bilbao, que combina el encanto moderno con la intriga hist\u00f3rica.<\/span><\/p>\n<p><span style=\"font-weight: 400;\">Tras reunirse con su gu\u00eda en un punto c\u00e9ntrico de Bilbao (o desde su c\u00e9ntrico hotel), se adentrar\u00e1 en un mundo donde el arte contempor\u00e1neo se funde con el patrimonio medieval. A medida que pasea por la ciudad, su gu\u00eda compartir\u00e1 sus conocimientos e historias, dando vida a la rica historia y cultura que palpita en las calles de Bilbao.<\/span><\/p>\n<p><span style=\"font-weight: 400;\">Este recorrido a pie es totalmente personalizable, adaptado a sus preferencias. Tanto si est\u00e1 interesado en explorar el vibrante Casco Viejo, maravillarse con la grandeza arquitect\u00f3nica del Museo Guggenheim o empaparse de los sabores locales en el Mercado de la Ribera, cada paso de este viaje est\u00e1 dise\u00f1ado para satisfacer sus intereses particulares.<\/span><\/p>\n<p><span style=\"font-weight: 400;\">Mientras pasea por sus encantadoras calles, ser\u00e1 testigo del sorprendente contraste entre lo antiguo y lo nuevo, desde la hist\u00f3rica Catedral de Santiago y la Plaza Nueva hasta la moderna elegancia del barrio del Ensanche. Este tour no es s\u00f3lo una visita tur\u00edstica; es una experiencia de inmersi\u00f3n en la vida y el alma de Bilbao.<\/span><\/p>\n<p><span style=\"font-weight: 400;\">En este Tour Privado a Pie por Bilbao, tendr\u00e1 la oportunidad \u00fanica de experimentar el animado ambiente de Bilbao, donde cada rinc\u00f3n revela un nuevo aspecto de su multifac\u00e9tica identidad. Desde las bulliciosas calles llenas de instalaciones de arte contempor\u00e1neo hasta los tranquilos parques que ofrecen una escapada serena, Bilbao es una ciudad que sorprende y deleita constantemente a sus visitantes.<\/span><\/p>\n<p><span style=\"font-weight: 400;\">Su viaje tambi\u00e9n incluir\u00e1 una visita al emblem\u00e1tico Museo Guggenheim, s\u00edmbolo del resurgimiento de Bilbao y de su innovaci\u00f3n arquitect\u00f3nica. Aunque el exterior del museo es una maravilla en s\u00ed mismo, tiene la opci\u00f3n de adentrarse en su interior (se pueden reservar entradas) para explorar sus colecciones de arte de renombre mundial. Este tour combina a la perfecci\u00f3n el arte, la historia y la cultura moderna de Bilbao.<\/span><\/p>\n<h2><b>Visita privada a pie de Bilbao | Puntos de inter\u00e9s y lugares emblem\u00e1ticos<\/b><\/h2>\n<ul>\n<li style=\"font-weight: 400;\" aria-level=\"1\"><b>Casco Viejo<\/b><span style=\"font-weight: 400;\">: Comience su viaje en el coraz\u00f3n de la historia de Bilbao, explorando el laberinto de calles estrechas llenas de pintorescas tiendas y bares de tapas, que conducen a la gran Catedral de Santiago.<\/span><\/li>\n<li style=\"font-weight: 400;\" aria-level=\"1\"><b>Mercado de la Ribera<\/b><span style=\"font-weight: 400;\">: Visite uno de los mercados cubiertos m\u00e1s grandes de Europa, un para\u00edso culinario donde podr\u00e1 degustar los sabores del Pa\u00eds Vasco, desde marisco fresco hasta quesos artesanos.<\/span><\/li>\n<li style=\"font-weight: 400;\" aria-level=\"1\"><b>Plaza Nueva<\/b><span style=\"font-weight: 400;\">: Una plaza neocl\u00e1sica repleta de vida, donde los lugare\u00f1os se re\u00fanen para tapear y conversar, ofreciendo una muestra genuina de la cultura social de Bilbao.<\/span><\/li>\n<li style=\"font-weight: 400;\" aria-level=\"1\"><b>Barrio del Ensanche<\/b><span style=\"font-weight: 400;\">: Pasea por esta moderna zona, un llamativo contraste con el Casco Viejo, que muestra elegantes edificios, frondosos parques y espacios de arte contempor\u00e1neo.<\/span><\/li>\n<li style=\"font-weight: 400;\" aria-level=\"1\"><b>Museo Guggenheim:<\/b><span style=\"font-weight: 400;\"> Aunque la visita incluye una vista exterior, tiene la opci\u00f3n de explorar su interior. Este emblem\u00e1tico museo no es s\u00f3lo un dep\u00f3sito de arte, sino una obra maestra de la arquitectura moderna.<\/span><\/li>\n<li style=\"font-weight: 400;\" aria-level=\"1\"><b>Arquitectura y arte:<\/b><span style=\"font-weight: 400;\"> Las calles de Bilbao son un museo al aire libre de arquitectura moderna y tradicional, que incluye esculturas e instalaciones que a\u00f1aden un toque creativo al paisaje urbano.<\/span><\/li>\n<li style=\"font-weight: 400;\" aria-level=\"1\"><b>Vida local y cultura:<\/b><span style=\"font-weight: 400;\"> Experimente la vida cotidiana de Bilbao, desde los bulliciosos mercados locales hasta los serenos parques, cada uno de los cuales ofrece una perspectiva \u00fanica del car\u00e1cter de la ciudad.<\/span><\/li>\n<\/ul>\n<p><span style=\"font-weight: 400;\">Recuerde que este tour es totalmente personalizable. Tanto si es un entusiasta del arte, un aficionado a la historia o un amante de la gastronom\u00eda, crearemos un recorrido a pie que se ajuste a sus intereses.<\/span><\/p>\n<p><span style=\"font-weight: 400;\">Para explorar m\u00e1s de lo que Bilbao tiene que ofrecer o para personalizar a\u00fan m\u00e1s su experiencia,<\/span><a href=\"https:\/\/tourtravelandmore.com\/es\/ciudad\/espana-es\/bilbao-es\/\"><span style=\"font-weight: 400;\"> eche un vistazo a nuestros otros tours privados y excursiones de un d\u00eda con origen en Bilbao.<\/span><\/a><\/p>\n","protected":false},"excerpt":{"rendered":"<p><span style=\"font-weight: 400;\">\u00danete a nuestro Tour Privado a Pie por Bilbao para explorar el Casco Viejo hist\u00f3rico de la ciudad, los monumentos contempor\u00e1neos y los vibrantes mercados. Personalice su experiencia con un gu\u00eda local para descubrir el verdadero esp\u00edritu de Bilbao.<\/span><\/p>\n<p>&nbsp;<\/p>\n","protected":false},"featured_media":59578,"comment_status":"open","ping_status":"closed","template":"","meta":{"_acf_changed":false},"product_brand":[],"product_cat":[189,191,192,523,194],"product_tag":[],"class_list":{"0":"post-5657","1":"product","2":"type-product","3":"status-publish","4":"has-post-thumbnail","6":"product_cat-bilbao-es","7":"product_cat-bilbao-actividades-es","8":"product_cat-bilbao-excursiones-es","9":"product_cat-bilbao-excursiones-privadas-cruceros-es","10":"product_cat-bilbao-tours-privados-pie-es","12":"first","13":"instock","14":"shipping-taxable","15":"purchasable","16":"product-type-simple"},"acf":[],"yoast_head":"<!-- This site is optimized with the Yoast SEO Premium plugin v25.3.1 (Yoast SEO v25.3.1) - https:\/\/yoast.com\/wordpress\/plugins\/seo\/ -->\n<title>\u27a1\ufe0f Descubre los encantos de Bilbao con nuestro tour privado a pie personalizable \u2705<\/title>\n<meta name=\"description\" content=\"Explore la rica historia de Bilbao, su arquitectura moderna y sus delicias culinarias en un recorrido privado a pie de 4 horas con un gu\u00eda local. Personalice su experiencia para disfrutar de un viaje inolvidable \u2705.\" \/>\n<meta name=\"robots\" content=\"index, follow, max-snippet:-1, max-image-preview:large, max-video-preview:-1\" \/>\n<link rel=\"canonical\" href=\"https:\/\/tourtravelandmore.com\/es\/tours\/espana-es\/bilbao-es\/tour-privado-a-pie-bilbao-con-guia-oficial-tour-media-dia\/\" \/>\n<meta property=\"og:locale\" content=\"es_ES\" \/>\n<meta property=\"og:type\" content=\"article\" \/>\n<meta property=\"og:title\" content=\"Tour Privado a pie de Bilbao con gu\u00eda oficial\" \/>\n<meta property=\"og:description\" content=\"Explore la rica historia de Bilbao, su arquitectura moderna y sus delicias culinarias en un recorrido privado a pie de 4 horas con un gu\u00eda local. Personalice su experiencia para disfrutar de un viaje inolvidable \u2705.\" \/>\n<meta property=\"og:url\" content=\"https:\/\/tourtravelandmore.com\/es\/tours\/espana-es\/bilbao-es\/tour-privado-a-pie-bilbao-con-guia-oficial-tour-media-dia\/\" \/>\n<meta property=\"og:site_name\" content=\"Tour Travel And More\" \/>\n<meta property=\"article:publisher\" content=\"https:\/\/www.facebook.com\/tourtravelandmore\/\" \/>\n<meta property=\"article:modified_time\" content=\"2024-11-11T16:05:54+00:00\" \/>\n<meta property=\"og:image\" content=\"https:\/\/tourtravelandmore.com\/wp-content\/uploads\/2016\/07\/bilbao-2.jpg\" \/>\n\t<meta property=\"og:image:width\" content=\"800\" \/>\n\t<meta property=\"og:image:height\" content=\"533\" \/>\n\t<meta property=\"og:image:type\" content=\"image\/jpeg\" \/>\n<meta name=\"twitter:card\" content=\"summary_large_image\" \/>\n<meta name=\"twitter:site\" content=\"@TourTravel_More\" \/>\n<meta name=\"twitter:label1\" content=\"Tiempo de lectura\" \/>\n\t<meta name=\"twitter:data1\" content=\"4 minutos\" \/>\n<script type=\"application\/ld+json\" class=\"yoast-schema-graph\">{\"@context\":\"https:\/\/schema.org\",\"@graph\":[{\"@type\":\"WebPage\",\"@id\":\"https:\/\/tourtravelandmore.com\/es\/tours\/espana-es\/bilbao-es\/tour-privado-a-pie-bilbao-con-guia-oficial-tour-media-dia\/\",\"url\":\"https:\/\/tourtravelandmore.com\/es\/tours\/espana-es\/bilbao-es\/tour-privado-a-pie-bilbao-con-guia-oficial-tour-media-dia\/\",\"name\":\"\u27a1\ufe0f Descubre los encantos de Bilbao con nuestro tour privado a pie personalizable \u2705\",\"isPartOf\":{\"@id\":\"https:\/\/tourtravelandmore.com\/es\/#website\"},\"primaryImageOfPage\":{\"@id\":\"https:\/\/tourtravelandmore.com\/es\/tours\/espana-es\/bilbao-es\/tour-privado-a-pie-bilbao-con-guia-oficial-tour-media-dia\/#primaryimage\"},\"image\":{\"@id\":\"https:\/\/tourtravelandmore.com\/es\/tours\/espana-es\/bilbao-es\/tour-privado-a-pie-bilbao-con-guia-oficial-tour-media-dia\/#primaryimage\"},\"thumbnailUrl\":\"https:\/\/tourtravelandmore.com\/wp-content\/uploads\/2016\/07\/bilbao-2.jpg\",\"datePublished\":\"2016-07-12T18:20:22+00:00\",\"dateModified\":\"2024-11-11T16:05:54+00:00\",\"description\":\"Explore la rica historia de Bilbao, su arquitectura moderna y sus delicias culinarias en un recorrido privado a pie de 4 horas con un gu\u00eda local. Personalice su experiencia para disfrutar de un viaje inolvidable \u2705.\",\"breadcrumb\":{\"@id\":\"https:\/\/tourtravelandmore.com\/es\/tours\/espana-es\/bilbao-es\/tour-privado-a-pie-bilbao-con-guia-oficial-tour-media-dia\/#breadcrumb\"},\"inLanguage\":\"es\",\"potentialAction\":[{\"@type\":\"ReadAction\",\"target\":[\"https:\/\/tourtravelandmore.com\/es\/tours\/espana-es\/bilbao-es\/tour-privado-a-pie-bilbao-con-guia-oficial-tour-media-dia\/\"]}]},{\"@type\":\"ImageObject\",\"inLanguage\":\"es\",\"@id\":\"https:\/\/tourtravelandmore.com\/es\/tours\/espana-es\/bilbao-es\/tour-privado-a-pie-bilbao-con-guia-oficial-tour-media-dia\/#primaryimage\",\"url\":\"https:\/\/tourtravelandmore.com\/wp-content\/uploads\/2016\/07\/bilbao-2.jpg\",\"contentUrl\":\"https:\/\/tourtravelandmore.com\/wp-content\/uploads\/2016\/07\/bilbao-2.jpg\",\"width\":800,\"height\":533},{\"@type\":\"BreadcrumbList\",\"@id\":\"https:\/\/tourtravelandmore.com\/es\/tours\/espana-es\/bilbao-es\/tour-privado-a-pie-bilbao-con-guia-oficial-tour-media-dia\/#breadcrumb\",\"itemListElement\":[{\"@type\":\"ListItem\",\"position\":1,\"name\":\"Home\",\"item\":\"https:\/\/tourtravelandmore.com\/es\/\"},{\"@type\":\"ListItem\",\"position\":2,\"name\":\"Tours\",\"item\":\"https:\/\/tourtravelandmore.com\/es\/tours\/\"},{\"@type\":\"ListItem\",\"position\":3,\"name\":\"Tour Privado a pie de Bilbao con gu\u00eda oficial\"}]},{\"@type\":\"WebSite\",\"@id\":\"https:\/\/tourtravelandmore.com\/es\/#website\",\"url\":\"https:\/\/tourtravelandmore.com\/es\/\",\"name\":\"Tour Travel And More\",\"description\":\"Private sightseeing tours and luxury transfers in Spain\",\"publisher\":{\"@id\":\"https:\/\/tourtravelandmore.com\/es\/#organization\"},\"potentialAction\":[{\"@type\":\"SearchAction\",\"target\":{\"@type\":\"EntryPoint\",\"urlTemplate\":\"https:\/\/tourtravelandmore.com\/es\/?s={search_term_string}\"},\"query-input\":{\"@type\":\"PropertyValueSpecification\",\"valueRequired\":true,\"valueName\":\"search_term_string\"}}],\"inLanguage\":\"es\"},{\"@type\":\"Organization\",\"@id\":\"https:\/\/tourtravelandmore.com\/es\/#organization\",\"name\":\"Tour Travel And More\",\"url\":\"https:\/\/tourtravelandmore.com\/es\/\",\"logo\":{\"@type\":\"ImageObject\",\"inLanguage\":\"es\",\"@id\":\"https:\/\/tourtravelandmore.com\/es\/#\/schema\/logo\/image\/\",\"url\":\"https:\/\/tourtravelandmore.com\/wp-content\/uploads\/2022\/12\/cropped-logo-cabecera-new.png\",\"contentUrl\":\"https:\/\/tourtravelandmore.com\/wp-content\/uploads\/2022\/12\/cropped-logo-cabecera-new.png\",\"width\":430,\"height\":61,\"caption\":\"Tour Travel And More\"},\"image\":{\"@id\":\"https:\/\/tourtravelandmore.com\/es\/#\/schema\/logo\/image\/\"},\"sameAs\":[\"https:\/\/www.facebook.com\/tourtravelandmore\/\",\"https:\/\/x.com\/TourTravel_More\"]}]}<\/script>\n<!-- \/ Yoast SEO Premium plugin. -->","yoast_head_json":{"title":"\u27a1\ufe0f Descubre los encantos de Bilbao con nuestro tour privado a pie personalizable \u2705","description":"Explore la rica historia de Bilbao, su arquitectura moderna y sus delicias culinarias en un recorrido privado a pie de 4 horas con un gu\u00eda local. Personalice su experiencia para disfrutar de un viaje inolvidable \u2705.","robots":{"index":"index","follow":"follow","max-snippet":"max-snippet:-1","max-image-preview":"max-image-preview:large","max-video-preview":"max-video-preview:-1"},"canonical":"https:\/\/tourtravelandmore.com\/es\/tours\/espana-es\/bilbao-es\/tour-privado-a-pie-bilbao-con-guia-oficial-tour-media-dia\/","og_locale":"es_ES","og_type":"article","og_title":"Tour Privado a pie de Bilbao con gu\u00eda oficial","og_description":"Explore la rica historia de Bilbao, su arquitectura moderna y sus delicias culinarias en un recorrido privado a pie de 4 horas con un gu\u00eda local. Personalice su experiencia para disfrutar de un viaje inolvidable \u2705.","og_url":"https:\/\/tourtravelandmore.com\/es\/tours\/espana-es\/bilbao-es\/tour-privado-a-pie-bilbao-con-guia-oficial-tour-media-dia\/","og_site_name":"Tour Travel And More","article_publisher":"https:\/\/www.facebook.com\/tourtravelandmore\/","article_modified_time":"2024-11-11T16:05:54+00:00","og_image":[{"width":800,"height":533,"url":"https:\/\/tourtravelandmore.com\/wp-content\/uploads\/2016\/07\/bilbao-2.jpg","type":"image\/jpeg"}],"twitter_card":"summary_large_image","twitter_site":"@TourTravel_More","twitter_misc":{"Tiempo de lectura":"4 minutos"},"schema":{"@context":"https:\/\/schema.org","@graph":[{"@type":"WebPage","@id":"https:\/\/tourtravelandmore.com\/es\/tours\/espana-es\/bilbao-es\/tour-privado-a-pie-bilbao-con-guia-oficial-tour-media-dia\/","url":"https:\/\/tourtravelandmore.com\/es\/tours\/espana-es\/bilbao-es\/tour-privado-a-pie-bilbao-con-guia-oficial-tour-media-dia\/","name":"\u27a1\ufe0f Descubre los encantos de Bilbao con nuestro tour privado a pie personalizable \u2705","isPartOf":{"@id":"https:\/\/tourtravelandmore.com\/es\/#website"},"primaryImageOfPage":{"@id":"https:\/\/tourtravelandmore.com\/es\/tours\/espana-es\/bilbao-es\/tour-privado-a-pie-bilbao-con-guia-oficial-tour-media-dia\/#primaryimage"},"image":{"@id":"https:\/\/tourtravelandmore.com\/es\/tours\/espana-es\/bilbao-es\/tour-privado-a-pie-bilbao-con-guia-oficial-tour-media-dia\/#primaryimage"},"thumbnailUrl":"https:\/\/tourtravelandmore.com\/wp-content\/uploads\/2016\/07\/bilbao-2.jpg","datePublished":"2016-07-12T18:20:22+00:00","dateModified":"2024-11-11T16:05:54+00:00","description":"Explore la rica historia de Bilbao, su arquitectura moderna y sus delicias culinarias en un recorrido privado a pie de 4 horas con un gu\u00eda local. Personalice su experiencia para disfrutar de un viaje inolvidable \u2705.","breadcrumb":{"@id":"https:\/\/tourtravelandmore.com\/es\/tours\/espana-es\/bilbao-es\/tour-privado-a-pie-bilbao-con-guia-oficial-tour-media-dia\/#breadcrumb"},"inLanguage":"es","potentialAction":[{"@type":"ReadAction","target":["https:\/\/tourtravelandmore.com\/es\/tours\/espana-es\/bilbao-es\/tour-privado-a-pie-bilbao-con-guia-oficial-tour-media-dia\/"]}]},{"@type":"ImageObject","inLanguage":"es","@id":"https:\/\/tourtravelandmore.com\/es\/tours\/espana-es\/bilbao-es\/tour-privado-a-pie-bilbao-con-guia-oficial-tour-media-dia\/#primaryimage","url":"https:\/\/tourtravelandmore.com\/wp-content\/uploads\/2016\/07\/bilbao-2.jpg","contentUrl":"https:\/\/tourtravelandmore.com\/wp-content\/uploads\/2016\/07\/bilbao-2.jpg","width":800,"height":533},{"@type":"BreadcrumbList","@id":"https:\/\/tourtravelandmore.com\/es\/tours\/espana-es\/bilbao-es\/tour-privado-a-pie-bilbao-con-guia-oficial-tour-media-dia\/#breadcrumb","itemListElement":[{"@type":"ListItem","position":1,"name":"Home","item":"https:\/\/tourtravelandmore.com\/es\/"},{"@type":"ListItem","position":2,"name":"Tours","item":"https:\/\/tourtravelandmore.com\/es\/tours\/"},{"@type":"ListItem","position":3,"name":"Tour Privado a pie de Bilbao con gu\u00eda oficial"}]},{"@type":"WebSite","@id":"https:\/\/tourtravelandmore.com\/es\/#website","url":"https:\/\/tourtravelandmore.com\/es\/","name":"Tour Travel And More","description":"Private sightseeing tours and luxury transfers in Spain","publisher":{"@id":"https:\/\/tourtravelandmore.com\/es\/#organization"},"potentialAction":[{"@type":"SearchAction","target":{"@type":"EntryPoint","urlTemplate":"https:\/\/tourtravelandmore.com\/es\/?s={search_term_string}"},"query-input":{"@type":"PropertyValueSpecification","valueRequired":true,"valueName":"search_term_string"}}],"inLanguage":"es"},{"@type":"Organization","@id":"https:\/\/tourtravelandmore.com\/es\/#organization","name":"Tour Travel And More","url":"https:\/\/tourtravelandmore.com\/es\/","logo":{"@type":"ImageObject","inLanguage":"es","@id":"https:\/\/tourtravelandmore.com\/es\/#\/schema\/logo\/image\/","url":"https:\/\/tourtravelandmore.com\/wp-content\/uploads\/2022\/12\/cropped-logo-cabecera-new.png","contentUrl":"https:\/\/tourtravelandmore.com\/wp-content\/uploads\/2022\/12\/cropped-logo-cabecera-new.png","width":430,"height":61,"caption":"Tour Travel And More"},"image":{"@id":"https:\/\/tourtravelandmore.com\/es\/#\/schema\/logo\/image\/"},"sameAs":["https:\/\/www.facebook.com\/tourtravelandmore\/","https:\/\/x.com\/TourTravel_More"]}]}},"_links":{"self":[{"href":"https:\/\/tourtravelandmore.com\/es\/wp-json\/wp\/v2\/product\/5657","targetHints":{"allow":["GET"]}}],"collection":[{"href":"https:\/\/tourtravelandmore.com\/es\/wp-json\/wp\/v2\/product"}],"about":[{"href":"https:\/\/tourtravelandmore.com\/es\/wp-json\/wp\/v2\/types\/product"}],"replies":[{"embeddable":true,"href":"https:\/\/tourtravelandmore.com\/es\/wp-json\/wp\/v2\/comments?post=5657"}],"wp:featuredmedia":[{"embeddable":true,"href":"https:\/\/tourtravelandmore.com\/es\/wp-json\/wp\/v2\/media\/59578"}],"wp:attachment":[{"href":"https:\/\/tourtravelandmore.com\/es\/wp-json\/wp\/v2\/media?parent=5657"}],"wp:term":[{"taxonomy":"product_brand","embeddable":true,"href":"https:\/\/tourtravelandmore.com\/es\/wp-json\/wp\/v2\/product_brand?post=5657"},{"taxonomy":"product_cat","embeddable":true,"href":"https:\/\/tourtravelandmore.com\/es\/wp-json\/wp\/v2\/product_cat?post=5657"},{"taxonomy":"product_tag","embeddable":true,"href":"https:\/\/tourtravelandmore.com\/es\/wp-json\/wp\/v2\/product_tag?post=5657"}],"curies":[{"name":"wp","href":"https:\/\/api.w.org\/{rel}","templated":true}]}}