{"id":5644,"date":"2016-07-12T20:11:18","date_gmt":"2016-07-12T18:11:18","guid":{"rendered":"http:\/\/tourtravelandmore.com\/es\/?post_type=product&#038;p=5644"},"modified":"2024-02-01T19:46:12","modified_gmt":"2024-02-01T18:46:12","slug":"tour-a-san-sebastian-desde-bilbao-tour-privado-con-guia-y-vehiculo","status":"publish","type":"product","link":"https:\/\/tourtravelandmore.com\/es\/tours\/espana-es\/bilbao-es\/tour-a-san-sebastian-desde-bilbao-tour-privado-con-guia-y-vehiculo\/","title":{"rendered":"Tour Privado a San Sebasti\u00e1n desde Bilbao"},"content":{"rendered":"<h2><b>Tour Privado a San Sebasti\u00e1n desde Bilbao Descripci\u00f3n<\/b><\/h2>\n<p><span style=\"font-weight: 400;\">Experimente el encanto de San Sebasti\u00e1n, una joya del Pa\u00eds Vasco, con nuestro completo Tour Privado de San Sebasti\u00e1n desde Bilbao. Esta excursi\u00f3n de un d\u00eda completo est\u00e1 dise\u00f1ada por expertos para descubrir la encantadora belleza, la rica historia y la vibrante cultura de San Sebasti\u00e1n, al tiempo que ofrece el lujo y la comodidad del transporte privado desde Bilbao.<\/span><\/p>\n<p><span style=\"font-weight: 400;\">Su viaje comienza con una c\u00f3moda y lujosa recogida en Bilbao, donde nuestro ch\u00f3fer profesional estar\u00e1 esperando su llegada. A medida que nos embarcamos en el pintoresco viaje hacia San Sebasti\u00e1n, los pintorescos paisajes de la costa vasca se desplegar\u00e1n ante usted, preparando el escenario para un d\u00eda inolvidable de exploraci\u00f3n.<\/span><\/p>\n<p><span style=\"font-weight: 400;\">Al llegar a San Sebasti\u00e1n, conocida por sus impresionantes playas y su excelencia culinaria, ser\u00e1 recibido por nuestro experto gu\u00eda local. Durante las siguientes cuatro horas, se embarcar\u00e1 en un recorrido personalizado que le adentrar\u00e1 en el coraz\u00f3n de los lugares m\u00e1s emblem\u00e1ticos y los tesoros ocultos de San Sebasti\u00e1n. El conocimiento \u00edntimo de nuestro gu\u00eda y su pasi\u00f3n por la ciudad le har\u00e1n descubrir las historias y secretos que hacen de San Sebasti\u00e1n un destino verdaderamente \u00fanico.<\/span><\/p>\n<p><span style=\"font-weight: 400;\">Durante el recorrido, podr\u00e1 hacer una pausa y saborear las delicias gastron\u00f3micas locales, quiz\u00e1s degustando los famosos pintxos vascos o una comida tranquila en uno de los renombrados restaurantes de la ciudad. El tour concluir\u00e1 con un c\u00f3modo viaje de vuelta a Bilbao, donde nos aseguraremos de que le dejen en el lugar que elija, ya sea su hotel, un punto de referencia local o cualquier otro destino preferido.<\/span><\/p>\n<p><span style=\"font-weight: 400;\">Mientras recorre las vibrantes calles de San Sebasti\u00e1n con nuestro gu\u00eda experto, cada momento se convierte en una oportunidad para descubrir y deleitarse. Desde la emblem\u00e1tica Playa de la Concha, con su elegante paseo mar\u00edtimo y sus arenas inmaculadas, hasta la belleza hist\u00f3rica del Palacio Miramar, cada lugar ofrece una visi\u00f3n del alma de la ciudad. Su recorrido se intercalar\u00e1 con an\u00e9cdotas y reflexiones que le permitir\u00e1n conectar profundamente con la esencia de San Sebasti\u00e1n.<\/span><\/p>\n<p><span style=\"font-weight: 400;\">Este viaje personalizado tambi\u00e9n le llevar\u00e1 por los caminos menos transitados de la ciudad, donde podr\u00e1 descubrir caf\u00e9s escondidos, tiendas de artesan\u00eda y maravillas arquitect\u00f3nicas. La armoniosa mezcla de lo viejo y lo nuevo en San Sebasti\u00e1n es cautivadora, y nuestro tour le asegura experimentar esta fusi\u00f3n \u00fanica. Ya sea el encanto del antiguo barrio de pescadores o el encanto de las instalaciones de arte contempor\u00e1neo, San Sebasti\u00e1n nunca deja de sorprender.<\/span><\/p>\n<h2><b>Tour Privado a San Sebasti\u00e1n desde Bilbao | Puntos de Inter\u00e9s y Lugares de Inter\u00e9s Ampliados<\/b><\/h2>\n<ul>\n<li style=\"font-weight: 400;\" aria-level=\"1\"><b>Playa de la Concha:<\/b><span style=\"font-weight: 400;\"> Marav\u00edllese ante la belleza de La Concha, conocida como una de las playas urbanas m\u00e1s bellas de Europa. Su forma de media luna y sus aguas cristalinas crean un entorno de postal.<\/span><\/li>\n<li style=\"font-weight: 400;\" aria-level=\"1\"><b>Bah\u00eda de La Concha:<\/b><span style=\"font-weight: 400;\"> Disfrute de las impresionantes vistas de la bah\u00eda, donde la elegancia de la ciudad se funde con la serena belleza del mar.<\/span><\/li>\n<li style=\"font-weight: 400;\" aria-level=\"1\"><b>Parte Vieja:<\/b><span style=\"font-weight: 400;\"> Recorra las encantadoras calles de la Parte Vieja, adornadas con edificios hist\u00f3ricos y repletas de animados bares de pintxos, que ofrecen una muestra del rico patrimonio culinario de San Sebasti\u00e1n.<\/span><\/li>\n<li style=\"font-weight: 400;\" aria-level=\"1\"><b>Vistas desde el Monte Urgull:<\/b><span style=\"font-weight: 400;\"> Suba al Monte Urgull para disfrutar de unas vistas panor\u00e1micas de la ciudad, un lugar perfecto para capturar fotograf\u00edas memorables.<\/span><\/li>\n<li style=\"font-weight: 400;\" aria-level=\"1\"><b>Museo San Telmo:<\/b><span style=\"font-weight: 400;\"> Eche un vistazo a la historia y la cultura vascas en este museo, ubicado en un hermoso antiguo convento.<\/span><\/li>\n<li style=\"font-weight: 400;\" aria-level=\"1\"><b>Plaza de la Constituci\u00f3n:<\/b><span style=\"font-weight: 400;\"> Explora esta bulliciosa plaza, el coraz\u00f3n de la Parte Vieja, que rezuma significado hist\u00f3rico y ambiente animado.<\/span><\/li>\n<li style=\"font-weight: 400;\" aria-level=\"1\"><b>Catedral del Buen Pastor de San Sebasti\u00e1n: <\/b><span style=\"font-weight: 400;\">Admire esta impresionante catedral, una maravilla arquitect\u00f3nica y un faro del patrimonio espiritual de la ciudad.<\/span><\/li>\n<li style=\"font-weight: 400;\" aria-level=\"1\"><b>Vista de la playa de Zurriola:<\/b><span style=\"font-weight: 400;\"> Sea testigo de la belleza contrastada de la Playa de la Zurriola, popular entre los surfistas y s\u00edmbolo del esp\u00edritu din\u00e1mico de la ciudad.<\/span><\/li>\n<li style=\"font-weight: 400;\" aria-level=\"1\"><b>Bas\u00edlica de Santa Mar\u00eda del Coro<\/b><span style=\"font-weight: 400;\">: Visite esta impresionante bas\u00edlica, que exhibe exquisitos detalles art\u00edsticos y arquitect\u00f3nicos.<\/span><\/li>\n<li style=\"font-weight: 400;\" aria-level=\"1\"><b>Playa de Ondarreta: <\/b><span style=\"font-weight: 400;\">Disfrute de la tranquila belleza de la Playa de Ondarreta, una de las favoritas de los lugare\u00f1os y visitantes por igual.<\/span><\/li>\n<li style=\"font-weight: 400;\" aria-level=\"1\"><b>Vista de la Isla de Santa Clara:<\/b><span style=\"font-weight: 400;\"> Capture la encantadora vista de esta isla, enclavada en la bah\u00eda de La Concha, que ofrece una escapada serena.<\/span><\/li>\n<li style=\"font-weight: 400;\" aria-level=\"1\"><b>Peine del Viento:<\/b><span style=\"font-weight: 400;\"> Sea testigo de las famosas esculturas de Eduardo Chillida, que adornan con gracia la costa.<\/span><\/li>\n<li style=\"font-weight: 400;\" aria-level=\"1\"><b>Monte Igeldo<\/b><span style=\"font-weight: 400;\">: Concluya su recorrido con una visita al Monte Igeldo, que ofrece unas vistas incomparables de la bah\u00eda y el paisaje urbano de San Sebasti\u00e1n.<\/span><\/li>\n<\/ul>\n<p><span style=\"font-weight: 400;\">Esta completa excursi\u00f3n le dejar\u00e1 un recuerdo imborrable de la belleza y el encanto de San Sebasti\u00e1n.<\/span><a href=\"https:\/\/tourtravelandmore.com\/es\/ciudad\/espana-es\/bilbao-es\/\"><span style=\"font-weight: 400;\"> No se pierda la oportunidad de explorar otros cautivadores tours que ofrecemos en Bilbao y m\u00e1s all\u00e1, <\/span><\/a><span style=\"font-weight: 400;\">c<\/span><span style=\"font-weight: 400;\">ada uno prometiendo experiencias \u00fanicas y descubrimientos personales.<\/span><\/p>\n","protected":false},"excerpt":{"rendered":"<p><span style=\"font-weight: 400;\">\u00danete a nuestro Tour Privado de San Sebasti\u00e1n desde Bilbao para una experiencia de inmersi\u00f3n en el coraz\u00f3n de la cultura vasca. Explore impresionantes playas, el casco antiguo hist\u00f3rico y disfrute de delicias gastron\u00f3micas, todo ello en la comodidad de un tour privado.<\/span><\/p>\n<p>&nbsp;<\/p>\n","protected":false},"featured_media":59603,"comment_status":"open","ping_status":"closed","template":"","meta":{"_acf_changed":false},"product_brand":[],"product_cat":[189,191,193,192,523],"product_tag":[],"class_list":{"0":"post-5644","1":"product","2":"type-product","3":"status-publish","4":"has-post-thumbnail","6":"product_cat-bilbao-es","7":"product_cat-bilbao-actividades-es","8":"product_cat-bilbao-rutas-turisticas-privadas-es","9":"product_cat-bilbao-excursiones-es","10":"product_cat-bilbao-excursiones-privadas-cruceros-es","12":"first","13":"instock","14":"shipping-taxable","15":"purchasable","16":"product-type-simple"},"acf":[],"yoast_head":"<!-- This site is optimized with the Yoast SEO Premium plugin v25.3.1 (Yoast SEO v25.3.1) - https:\/\/yoast.com\/wordpress\/plugins\/seo\/ -->\n<title>Descubra el Encanto de San Sebasti\u00e1n: Tour privado desde Bilbao con Tour Travel and More<\/title>\n<meta name=\"description\" content=\"Explore las emblem\u00e1ticas playas de San Sebasti\u00e1n, sus monumentos hist\u00f3ricos y sus delicias culinarias en un tour privado desde Bilbao. Reserva con Tour Travel and More para vivir una experiencia inolvidable. \u2705\" \/>\n<meta name=\"robots\" content=\"index, follow, max-snippet:-1, max-image-preview:large, max-video-preview:-1\" \/>\n<link rel=\"canonical\" href=\"https:\/\/tourtravelandmore.com\/es\/tours\/espana-es\/bilbao-es\/tour-a-san-sebastian-desde-bilbao-tour-privado-con-guia-y-vehiculo\/\" \/>\n<meta property=\"og:locale\" content=\"es_ES\" \/>\n<meta property=\"og:type\" content=\"article\" \/>\n<meta property=\"og:title\" content=\"Tour Privado a San Sebasti\u00e1n desde Bilbao\" \/>\n<meta property=\"og:description\" content=\"Explore las emblem\u00e1ticas playas de San Sebasti\u00e1n, sus monumentos hist\u00f3ricos y sus delicias culinarias en un tour privado desde Bilbao. Reserva con Tour Travel and More para vivir una experiencia inolvidable. \u2705\" \/>\n<meta property=\"og:url\" content=\"https:\/\/tourtravelandmore.com\/es\/tours\/espana-es\/bilbao-es\/tour-a-san-sebastian-desde-bilbao-tour-privado-con-guia-y-vehiculo\/\" \/>\n<meta property=\"og:site_name\" content=\"Tour Travel And More\" \/>\n<meta property=\"article:publisher\" content=\"https:\/\/www.facebook.com\/tourtravelandmore\/\" \/>\n<meta property=\"article:modified_time\" content=\"2024-02-01T18:46:12+00:00\" \/>\n<meta property=\"og:image\" content=\"https:\/\/tourtravelandmore.com\/wp-content\/uploads\/2016\/07\/monte-igeldo-1.jpg\" \/>\n\t<meta property=\"og:image:width\" content=\"800\" \/>\n\t<meta property=\"og:image:height\" content=\"320\" \/>\n\t<meta property=\"og:image:type\" content=\"image\/jpeg\" \/>\n<meta name=\"twitter:card\" content=\"summary_large_image\" \/>\n<meta name=\"twitter:site\" content=\"@TourTravel_More\" \/>\n<meta name=\"twitter:label1\" content=\"Tiempo de lectura\" \/>\n\t<meta name=\"twitter:data1\" content=\"4 minutos\" \/>\n<script type=\"application\/ld+json\" class=\"yoast-schema-graph\">{\"@context\":\"https:\/\/schema.org\",\"@graph\":[{\"@type\":\"WebPage\",\"@id\":\"https:\/\/tourtravelandmore.com\/es\/tours\/espana-es\/bilbao-es\/tour-a-san-sebastian-desde-bilbao-tour-privado-con-guia-y-vehiculo\/\",\"url\":\"https:\/\/tourtravelandmore.com\/es\/tours\/espana-es\/bilbao-es\/tour-a-san-sebastian-desde-bilbao-tour-privado-con-guia-y-vehiculo\/\",\"name\":\"Descubra el Encanto de San Sebasti\u00e1n: Tour privado desde Bilbao con Tour Travel and More\",\"isPartOf\":{\"@id\":\"https:\/\/tourtravelandmore.com\/es\/#website\"},\"primaryImageOfPage\":{\"@id\":\"https:\/\/tourtravelandmore.com\/es\/tours\/espana-es\/bilbao-es\/tour-a-san-sebastian-desde-bilbao-tour-privado-con-guia-y-vehiculo\/#primaryimage\"},\"image\":{\"@id\":\"https:\/\/tourtravelandmore.com\/es\/tours\/espana-es\/bilbao-es\/tour-a-san-sebastian-desde-bilbao-tour-privado-con-guia-y-vehiculo\/#primaryimage\"},\"thumbnailUrl\":\"https:\/\/tourtravelandmore.com\/wp-content\/uploads\/2016\/07\/monte-igeldo-1.jpg\",\"datePublished\":\"2016-07-12T18:11:18+00:00\",\"dateModified\":\"2024-02-01T18:46:12+00:00\",\"description\":\"Explore las emblem\u00e1ticas playas de San Sebasti\u00e1n, sus monumentos hist\u00f3ricos y sus delicias culinarias en un tour privado desde Bilbao. Reserva con Tour Travel and More para vivir una experiencia inolvidable. \u2705\",\"breadcrumb\":{\"@id\":\"https:\/\/tourtravelandmore.com\/es\/tours\/espana-es\/bilbao-es\/tour-a-san-sebastian-desde-bilbao-tour-privado-con-guia-y-vehiculo\/#breadcrumb\"},\"inLanguage\":\"es\",\"potentialAction\":[{\"@type\":\"ReadAction\",\"target\":[\"https:\/\/tourtravelandmore.com\/es\/tours\/espana-es\/bilbao-es\/tour-a-san-sebastian-desde-bilbao-tour-privado-con-guia-y-vehiculo\/\"]}]},{\"@type\":\"ImageObject\",\"inLanguage\":\"es\",\"@id\":\"https:\/\/tourtravelandmore.com\/es\/tours\/espana-es\/bilbao-es\/tour-a-san-sebastian-desde-bilbao-tour-privado-con-guia-y-vehiculo\/#primaryimage\",\"url\":\"https:\/\/tourtravelandmore.com\/wp-content\/uploads\/2016\/07\/monte-igeldo-1.jpg\",\"contentUrl\":\"https:\/\/tourtravelandmore.com\/wp-content\/uploads\/2016\/07\/monte-igeldo-1.jpg\",\"width\":800,\"height\":320},{\"@type\":\"BreadcrumbList\",\"@id\":\"https:\/\/tourtravelandmore.com\/es\/tours\/espana-es\/bilbao-es\/tour-a-san-sebastian-desde-bilbao-tour-privado-con-guia-y-vehiculo\/#breadcrumb\",\"itemListElement\":[{\"@type\":\"ListItem\",\"position\":1,\"name\":\"Home\",\"item\":\"https:\/\/tourtravelandmore.com\/es\/\"},{\"@type\":\"ListItem\",\"position\":2,\"name\":\"Tours\",\"item\":\"https:\/\/tourtravelandmore.com\/es\/tours\/\"},{\"@type\":\"ListItem\",\"position\":3,\"name\":\"Tour Privado a San Sebasti\u00e1n desde Bilbao\"}]},{\"@type\":\"WebSite\",\"@id\":\"https:\/\/tourtravelandmore.com\/es\/#website\",\"url\":\"https:\/\/tourtravelandmore.com\/es\/\",\"name\":\"Tour Travel And More\",\"description\":\"Private sightseeing tours and luxury transfers in Spain\",\"publisher\":{\"@id\":\"https:\/\/tourtravelandmore.com\/es\/#organization\"},\"potentialAction\":[{\"@type\":\"SearchAction\",\"target\":{\"@type\":\"EntryPoint\",\"urlTemplate\":\"https:\/\/tourtravelandmore.com\/es\/?s={search_term_string}\"},\"query-input\":{\"@type\":\"PropertyValueSpecification\",\"valueRequired\":true,\"valueName\":\"search_term_string\"}}],\"inLanguage\":\"es\"},{\"@type\":\"Organization\",\"@id\":\"https:\/\/tourtravelandmore.com\/es\/#organization\",\"name\":\"Tour Travel And More\",\"url\":\"https:\/\/tourtravelandmore.com\/es\/\",\"logo\":{\"@type\":\"ImageObject\",\"inLanguage\":\"es\",\"@id\":\"https:\/\/tourtravelandmore.com\/es\/#\/schema\/logo\/image\/\",\"url\":\"https:\/\/tourtravelandmore.com\/wp-content\/uploads\/2022\/12\/cropped-logo-cabecera-new.png\",\"contentUrl\":\"https:\/\/tourtravelandmore.com\/wp-content\/uploads\/2022\/12\/cropped-logo-cabecera-new.png\",\"width\":430,\"height\":61,\"caption\":\"Tour Travel And More\"},\"image\":{\"@id\":\"https:\/\/tourtravelandmore.com\/es\/#\/schema\/logo\/image\/\"},\"sameAs\":[\"https:\/\/www.facebook.com\/tourtravelandmore\/\",\"https:\/\/x.com\/TourTravel_More\"]}]}<\/script>\n<!-- \/ Yoast SEO Premium plugin. -->","yoast_head_json":{"title":"Descubra el Encanto de San Sebasti\u00e1n: Tour privado desde Bilbao con Tour Travel and More","description":"Explore las emblem\u00e1ticas playas de San Sebasti\u00e1n, sus monumentos hist\u00f3ricos y sus delicias culinarias en un tour privado desde Bilbao. Reserva con Tour Travel and More para vivir una experiencia inolvidable. \u2705","robots":{"index":"index","follow":"follow","max-snippet":"max-snippet:-1","max-image-preview":"max-image-preview:large","max-video-preview":"max-video-preview:-1"},"canonical":"https:\/\/tourtravelandmore.com\/es\/tours\/espana-es\/bilbao-es\/tour-a-san-sebastian-desde-bilbao-tour-privado-con-guia-y-vehiculo\/","og_locale":"es_ES","og_type":"article","og_title":"Tour Privado a San Sebasti\u00e1n desde Bilbao","og_description":"Explore las emblem\u00e1ticas playas de San Sebasti\u00e1n, sus monumentos hist\u00f3ricos y sus delicias culinarias en un tour privado desde Bilbao. Reserva con Tour Travel and More para vivir una experiencia inolvidable. \u2705","og_url":"https:\/\/tourtravelandmore.com\/es\/tours\/espana-es\/bilbao-es\/tour-a-san-sebastian-desde-bilbao-tour-privado-con-guia-y-vehiculo\/","og_site_name":"Tour Travel And More","article_publisher":"https:\/\/www.facebook.com\/tourtravelandmore\/","article_modified_time":"2024-02-01T18:46:12+00:00","og_image":[{"width":800,"height":320,"url":"https:\/\/tourtravelandmore.com\/wp-content\/uploads\/2016\/07\/monte-igeldo-1.jpg","type":"image\/jpeg"}],"twitter_card":"summary_large_image","twitter_site":"@TourTravel_More","twitter_misc":{"Tiempo de lectura":"4 minutos"},"schema":{"@context":"https:\/\/schema.org","@graph":[{"@type":"WebPage","@id":"https:\/\/tourtravelandmore.com\/es\/tours\/espana-es\/bilbao-es\/tour-a-san-sebastian-desde-bilbao-tour-privado-con-guia-y-vehiculo\/","url":"https:\/\/tourtravelandmore.com\/es\/tours\/espana-es\/bilbao-es\/tour-a-san-sebastian-desde-bilbao-tour-privado-con-guia-y-vehiculo\/","name":"Descubra el Encanto de San Sebasti\u00e1n: Tour privado desde Bilbao con Tour Travel and More","isPartOf":{"@id":"https:\/\/tourtravelandmore.com\/es\/#website"},"primaryImageOfPage":{"@id":"https:\/\/tourtravelandmore.com\/es\/tours\/espana-es\/bilbao-es\/tour-a-san-sebastian-desde-bilbao-tour-privado-con-guia-y-vehiculo\/#primaryimage"},"image":{"@id":"https:\/\/tourtravelandmore.com\/es\/tours\/espana-es\/bilbao-es\/tour-a-san-sebastian-desde-bilbao-tour-privado-con-guia-y-vehiculo\/#primaryimage"},"thumbnailUrl":"https:\/\/tourtravelandmore.com\/wp-content\/uploads\/2016\/07\/monte-igeldo-1.jpg","datePublished":"2016-07-12T18:11:18+00:00","dateModified":"2024-02-01T18:46:12+00:00","description":"Explore las emblem\u00e1ticas playas de San Sebasti\u00e1n, sus monumentos hist\u00f3ricos y sus delicias culinarias en un tour privado desde Bilbao. Reserva con Tour Travel and More para vivir una experiencia inolvidable. \u2705","breadcrumb":{"@id":"https:\/\/tourtravelandmore.com\/es\/tours\/espana-es\/bilbao-es\/tour-a-san-sebastian-desde-bilbao-tour-privado-con-guia-y-vehiculo\/#breadcrumb"},"inLanguage":"es","potentialAction":[{"@type":"ReadAction","target":["https:\/\/tourtravelandmore.com\/es\/tours\/espana-es\/bilbao-es\/tour-a-san-sebastian-desde-bilbao-tour-privado-con-guia-y-vehiculo\/"]}]},{"@type":"ImageObject","inLanguage":"es","@id":"https:\/\/tourtravelandmore.com\/es\/tours\/espana-es\/bilbao-es\/tour-a-san-sebastian-desde-bilbao-tour-privado-con-guia-y-vehiculo\/#primaryimage","url":"https:\/\/tourtravelandmore.com\/wp-content\/uploads\/2016\/07\/monte-igeldo-1.jpg","contentUrl":"https:\/\/tourtravelandmore.com\/wp-content\/uploads\/2016\/07\/monte-igeldo-1.jpg","width":800,"height":320},{"@type":"BreadcrumbList","@id":"https:\/\/tourtravelandmore.com\/es\/tours\/espana-es\/bilbao-es\/tour-a-san-sebastian-desde-bilbao-tour-privado-con-guia-y-vehiculo\/#breadcrumb","itemListElement":[{"@type":"ListItem","position":1,"name":"Home","item":"https:\/\/tourtravelandmore.com\/es\/"},{"@type":"ListItem","position":2,"name":"Tours","item":"https:\/\/tourtravelandmore.com\/es\/tours\/"},{"@type":"ListItem","position":3,"name":"Tour Privado a San Sebasti\u00e1n desde Bilbao"}]},{"@type":"WebSite","@id":"https:\/\/tourtravelandmore.com\/es\/#website","url":"https:\/\/tourtravelandmore.com\/es\/","name":"Tour Travel And More","description":"Private sightseeing tours and luxury transfers in Spain","publisher":{"@id":"https:\/\/tourtravelandmore.com\/es\/#organization"},"potentialAction":[{"@type":"SearchAction","target":{"@type":"EntryPoint","urlTemplate":"https:\/\/tourtravelandmore.com\/es\/?s={search_term_string}"},"query-input":{"@type":"PropertyValueSpecification","valueRequired":true,"valueName":"search_term_string"}}],"inLanguage":"es"},{"@type":"Organization","@id":"https:\/\/tourtravelandmore.com\/es\/#organization","name":"Tour Travel And More","url":"https:\/\/tourtravelandmore.com\/es\/","logo":{"@type":"ImageObject","inLanguage":"es","@id":"https:\/\/tourtravelandmore.com\/es\/#\/schema\/logo\/image\/","url":"https:\/\/tourtravelandmore.com\/wp-content\/uploads\/2022\/12\/cropped-logo-cabecera-new.png","contentUrl":"https:\/\/tourtravelandmore.com\/wp-content\/uploads\/2022\/12\/cropped-logo-cabecera-new.png","width":430,"height":61,"caption":"Tour Travel And More"},"image":{"@id":"https:\/\/tourtravelandmore.com\/es\/#\/schema\/logo\/image\/"},"sameAs":["https:\/\/www.facebook.com\/tourtravelandmore\/","https:\/\/x.com\/TourTravel_More"]}]}},"_links":{"self":[{"href":"https:\/\/tourtravelandmore.com\/es\/wp-json\/wp\/v2\/product\/5644","targetHints":{"allow":["GET"]}}],"collection":[{"href":"https:\/\/tourtravelandmore.com\/es\/wp-json\/wp\/v2\/product"}],"about":[{"href":"https:\/\/tourtravelandmore.com\/es\/wp-json\/wp\/v2\/types\/product"}],"replies":[{"embeddable":true,"href":"https:\/\/tourtravelandmore.com\/es\/wp-json\/wp\/v2\/comments?post=5644"}],"wp:featuredmedia":[{"embeddable":true,"href":"https:\/\/tourtravelandmore.com\/es\/wp-json\/wp\/v2\/media\/59603"}],"wp:attachment":[{"href":"https:\/\/tourtravelandmore.com\/es\/wp-json\/wp\/v2\/media?parent=5644"}],"wp:term":[{"taxonomy":"product_brand","embeddable":true,"href":"https:\/\/tourtravelandmore.com\/es\/wp-json\/wp\/v2\/product_brand?post=5644"},{"taxonomy":"product_cat","embeddable":true,"href":"https:\/\/tourtravelandmore.com\/es\/wp-json\/wp\/v2\/product_cat?post=5644"},{"taxonomy":"product_tag","embeddable":true,"href":"https:\/\/tourtravelandmore.com\/es\/wp-json\/wp\/v2\/product_tag?post=5644"}],"curies":[{"name":"wp","href":"https:\/\/api.w.org\/{rel}","templated":true}]}}