{"id":5639,"date":"2016-07-12T20:03:06","date_gmt":"2016-07-12T18:03:06","guid":{"rendered":"http:\/\/tourtravelandmore.com\/es\/?post_type=product&#038;p=5639"},"modified":"2024-02-01T20:29:57","modified_gmt":"2024-02-01T19:29:57","slug":"tour-privado-pintxos-bilbao-tour-privado-con-guia-oficial","status":"publish","type":"product","link":"https:\/\/tourtravelandmore.com\/es\/tours\/espana-es\/bilbao-es\/tour-privado-pintxos-bilbao-tour-privado-con-guia-oficial\/","title":{"rendered":"Tour Privado a pie de Pintxos en Bilbao"},"content":{"rendered":"<h2><b>Descripci\u00f3n del Tour Privado a pie de Pintxos en Bilbao <\/b><\/h2>\n<p><span style=\"font-weight: 400;\">Descubra el alma culinaria del Pa\u00eds Vasco con nuestro exclusivo Tour Privado de Pintxos de Bilbao. Sum\u00e9rjase en una aventura gastron\u00f3mica donde cada bocado cuenta una historia de tradici\u00f3n, innovaci\u00f3n y pasi\u00f3n. Esto no es s\u00f3lo un tour gastron\u00f3mico; es un viaje cultural a trav\u00e9s de los sabores y aromas que definen la escena culinaria de Bilbao.<\/span><\/p>\n<p><span style=\"font-weight: 400;\">Al comenzar su recorrido desde un punto de encuentro central en Bilbao, o con una c\u00f3moda recogida a pie desde su c\u00e9ntrico hotel, su gu\u00eda experto le llevar\u00e1 al coraz\u00f3n del Casco Viejo de Bilbao. Esta experiencia est\u00e1 dise\u00f1ada para despertar todos sus sentidos. Mientras pasea por las calles hist\u00f3ricas, su gu\u00eda compartir\u00e1 con usted informaci\u00f3n sobre el rico patrimonio de Bilbao, preparando el escenario para las delicias culinarias que le esperan.<\/span><\/p>\n<p><span style=\"font-weight: 400;\">Esta visita privada de 3 horas es un fest\u00edn para la vista y el paladar. Visitar\u00e1 algunos de los bares de pintxos m\u00e1s famosos de Bilbao, cada uno con su ambiente \u00fanico y sus platos especiales. Desde bocados cl\u00e1sicos como la tortilla de patata y el jam\u00f3n ib\u00e9rico hasta innovadoras creaciones de los chefs, degustar\u00e1 una variedad de sabores que capturan la esencia de la cocina vasca.<\/span><\/p>\n<p><span style=\"font-weight: 400;\">Cada pintxo se marida con una selecci\u00f3n de bebidas locales, realzando los sabores y proporcionando una experiencia verdaderamente aut\u00e9ntica. Su gu\u00eda, un entusiasta de la comida local, le explicar\u00e1 la historia y los ingredientes de cada plato, asegur\u00e1ndole una apreciaci\u00f3n m\u00e1s profunda de la gastronom\u00eda regional.<\/span><\/p>\n<p><span style=\"font-weight: 400;\">Mientras se deleita con estas delicias culinarias, tambi\u00e9n explorar\u00e1 lugares emblem\u00e1ticos como la Catedral de Santiago, entrelazando los relatos hist\u00f3ricos de Bilbao con sus tradiciones gastron\u00f3micas. Este recorrido es m\u00e1s que una simple experiencia de degustaci\u00f3n; es un viaje por el coraz\u00f3n de la identidad culinaria y cultural de Bilbao.<\/span><\/p>\n<p><span style=\"font-weight: 400;\">Al finalizar el tour en el bullicioso centro de la ciudad, no s\u00f3lo habr\u00e1 satisfecho sus papilas gustativas, sino que tambi\u00e9n habr\u00e1 adquirido una perspectiva privilegiada de la cultura gastron\u00f3mica de Bilbao. Con nuestro Tour Privado de Pintxos de Bilbao, emb\u00e1rquese en un viaje que le dejar\u00e1 recuerdos imborrables y un nuevo amor por el arte culinario vasco.<\/span><\/p>\n<p><span style=\"font-weight: 400;\">Recuerde que esto es s\u00f3lo una muestra de lo que Bilbao puede ofrecerle. Para m\u00e1s experiencias a medida y visitas privadas en Bilbao y m\u00e1s all\u00e1, consulte nuestra variada gama de ofertas en Tour Travel and More. Perm\u00edtanos ser su gu\u00eda a los ricos sabores y joyas ocultas de Bilbao. \u00a1Reserve hoy mismo su Tour Privado de Pintxos por Bilbao!<\/span><\/p>\n<h2><b>Puntos de inter\u00e9s<\/b><\/h2>\n<p><span style=\"font-weight: 400;\">Disfrute de un cautivador viaje gastron\u00f3mico de 3 horas por el coraz\u00f3n de Bilbao con nuestro Tour Privado de Pintxos de Bilbao. Dise\u00f1ado para deleitar sus sentidos, este tour incluye una selecci\u00f3n de 5 a 6 exquisitos pintxos, perfectamente maridados con 3 refrescantes bebidas, servidos en tres bares distintos y de renombre de la ciudad. De la mano de un gu\u00eda local experto, desentra\u00f1ar\u00e1 los secretos de la cocina vasca, conociendo los sabores tradicionales y los toques contempor\u00e1neos que hacen de cada pintxo una obra maestra culinaria \u00fanica.<\/span><\/p>\n<p><span style=\"font-weight: 400;\">Su experiencia se enriquece a\u00fan m\u00e1s con un itinerario personalizable, que le permite adaptar el recorrido a sus intereses y preferencias culinarias espec\u00edficas. Tanto si es un conocedor de los platos tradicionales vascos como si desea explorar las innovaciones contempor\u00e1neas de la cocina local, nuestro gu\u00eda se asegurar\u00e1 de que su experiencia sea personalizada y memorable.<\/span><\/p>\n<p><span style=\"font-weight: 400;\">A medida que pasea por las vibrantes calles del centro de Bilbao, este c\u00f3modo recorrido a pie no s\u00f3lo satisface su paladar, sino que tambi\u00e9n ofrece una deliciosa exploraci\u00f3n de la rica historia y cultura de la ciudad. Sum\u00e9rjase en el animado ambiente de la escena gastron\u00f3mica de Bilbao, haciendo de cada parada una oportunidad para saborear la esencia del patrimonio culinario vasco.<\/span><\/p>\n<p><span style=\"font-weight: 400;\">Con nuestro Tour Privado de Pintxos por Bilbao, prep\u00e1rese para una experiencia inolvidable que combina lo mejor de la gastronom\u00eda bilba\u00edna con el encanto y la historia de esta encantadora ciudad.<\/span><\/p>\n<p><span style=\"font-weight: 400;\">Descubra m\u00e1s y emb\u00e1rquese en una aventura culinaria por Bilbao. Explore nuestra completa gama de tours y experiencias privadas, dise\u00f1adas para mostrar lo mejor de Bilbao y sus alrededores. P\u00f3ngase en contacto con nosotros en Tour Travel and More para personalizar su viaje gastron\u00f3mico perfecto y haga su reserva hoy mismo.<\/span> <a href=\"https:\/\/tourtravelandmore.com\/es\/ciudad\/espana-es\/bilbao-es\/\"><span style=\"font-weight: 400;\">D\u00e9jenos guiarle en una sabrosa exploraci\u00f3n de los tesoros culinarios de Bilbao.<\/span><\/a><\/p>\n","protected":false},"excerpt":{"rendered":"<p><span style=\"font-weight: 400;\">\u00danete a nosotros en un Tour Privado de Pintxos en Bilbao para explorar las mejores tapas y pintxos del Pa\u00eds Vasco. Saborea platos vascos tradicionales e innovadores, visita lugares de inter\u00e9s hist\u00f3rico y sum\u00e9rgete en la vibrante escena gastron\u00f3mica de Bilbao. Experimente lo mejor de la cocina de Bilbao con nuestro experto gu\u00eda local.<\/span><\/p>\n","protected":false},"featured_media":24906,"comment_status":"open","ping_status":"closed","template":"","meta":{"_acf_changed":false},"product_brand":[],"product_cat":[189,191,194],"product_tag":[],"class_list":{"0":"post-5639","1":"product","2":"type-product","3":"status-publish","4":"has-post-thumbnail","6":"product_cat-bilbao-es","7":"product_cat-bilbao-actividades-es","8":"product_cat-bilbao-tours-privados-pie-es","10":"first","11":"instock","12":"shipping-taxable","13":"purchasable","14":"product-type-simple"},"acf":[],"yoast_head":"<!-- This site is optimized with the Yoast SEO Premium plugin v25.3.1 (Yoast SEO v25.3.1) - https:\/\/yoast.com\/wordpress\/plugins\/seo\/ -->\n<title>\u27a1\ufe0f Saborea los mejores pintxos de Bilbao - Tour culinario privado con gu\u00eda local \u2705<\/title>\n<meta name=\"description\" content=\"Descubre los tesoros culinarios de Bilbao en un tour privado de pintxos. Pruebe los sabores tradicionales vascos con 3 bebidas y 5\/6 pintxos. \u00a1Reserva ya tu viaje gastron\u00f3mico! \u2705\" \/>\n<meta name=\"robots\" content=\"index, follow, max-snippet:-1, max-image-preview:large, max-video-preview:-1\" \/>\n<link rel=\"canonical\" href=\"https:\/\/tourtravelandmore.com\/es\/tours\/espana-es\/bilbao-es\/tour-privado-pintxos-bilbao-tour-privado-con-guia-oficial\/\" \/>\n<meta property=\"og:locale\" content=\"es_ES\" \/>\n<meta property=\"og:type\" content=\"article\" \/>\n<meta property=\"og:title\" content=\"Tour Privado a pie de Pintxos en Bilbao\" \/>\n<meta property=\"og:description\" content=\"Descubre los tesoros culinarios de Bilbao en un tour privado de pintxos. Pruebe los sabores tradicionales vascos con 3 bebidas y 5\/6 pintxos. \u00a1Reserva ya tu viaje gastron\u00f3mico! \u2705\" \/>\n<meta property=\"og:url\" content=\"https:\/\/tourtravelandmore.com\/es\/tours\/espana-es\/bilbao-es\/tour-privado-pintxos-bilbao-tour-privado-con-guia-oficial\/\" \/>\n<meta property=\"og:site_name\" content=\"Tour Travel And More\" \/>\n<meta property=\"article:publisher\" content=\"https:\/\/www.facebook.com\/tourtravelandmore\/\" \/>\n<meta property=\"article:modified_time\" content=\"2024-02-01T19:29:57+00:00\" \/>\n<meta property=\"og:image\" content=\"https:\/\/tourtravelandmore.com\/wp-content\/uploads\/2016\/07\/pintxos.jpg\" \/>\n\t<meta property=\"og:image:width\" content=\"1024\" \/>\n\t<meta property=\"og:image:height\" content=\"642\" \/>\n\t<meta property=\"og:image:type\" content=\"image\/jpeg\" \/>\n<meta name=\"twitter:card\" content=\"summary_large_image\" \/>\n<meta name=\"twitter:site\" content=\"@TourTravel_More\" \/>\n<meta name=\"twitter:label1\" content=\"Tiempo de lectura\" \/>\n\t<meta name=\"twitter:data1\" content=\"4 minutos\" \/>\n<script type=\"application\/ld+json\" class=\"yoast-schema-graph\">{\"@context\":\"https:\/\/schema.org\",\"@graph\":[{\"@type\":\"WebPage\",\"@id\":\"https:\/\/tourtravelandmore.com\/es\/tours\/espana-es\/bilbao-es\/tour-privado-pintxos-bilbao-tour-privado-con-guia-oficial\/\",\"url\":\"https:\/\/tourtravelandmore.com\/es\/tours\/espana-es\/bilbao-es\/tour-privado-pintxos-bilbao-tour-privado-con-guia-oficial\/\",\"name\":\"\u27a1\ufe0f Saborea los mejores pintxos de Bilbao - Tour culinario privado con gu\u00eda local \u2705\",\"isPartOf\":{\"@id\":\"https:\/\/tourtravelandmore.com\/es\/#website\"},\"primaryImageOfPage\":{\"@id\":\"https:\/\/tourtravelandmore.com\/es\/tours\/espana-es\/bilbao-es\/tour-privado-pintxos-bilbao-tour-privado-con-guia-oficial\/#primaryimage\"},\"image\":{\"@id\":\"https:\/\/tourtravelandmore.com\/es\/tours\/espana-es\/bilbao-es\/tour-privado-pintxos-bilbao-tour-privado-con-guia-oficial\/#primaryimage\"},\"thumbnailUrl\":\"https:\/\/tourtravelandmore.com\/wp-content\/uploads\/2016\/07\/pintxos.jpg\",\"datePublished\":\"2016-07-12T18:03:06+00:00\",\"dateModified\":\"2024-02-01T19:29:57+00:00\",\"description\":\"Descubre los tesoros culinarios de Bilbao en un tour privado de pintxos. Pruebe los sabores tradicionales vascos con 3 bebidas y 5\/6 pintxos. \u00a1Reserva ya tu viaje gastron\u00f3mico! \u2705\",\"breadcrumb\":{\"@id\":\"https:\/\/tourtravelandmore.com\/es\/tours\/espana-es\/bilbao-es\/tour-privado-pintxos-bilbao-tour-privado-con-guia-oficial\/#breadcrumb\"},\"inLanguage\":\"es\",\"potentialAction\":[{\"@type\":\"ReadAction\",\"target\":[\"https:\/\/tourtravelandmore.com\/es\/tours\/espana-es\/bilbao-es\/tour-privado-pintxos-bilbao-tour-privado-con-guia-oficial\/\"]}]},{\"@type\":\"ImageObject\",\"inLanguage\":\"es\",\"@id\":\"https:\/\/tourtravelandmore.com\/es\/tours\/espana-es\/bilbao-es\/tour-privado-pintxos-bilbao-tour-privado-con-guia-oficial\/#primaryimage\",\"url\":\"https:\/\/tourtravelandmore.com\/wp-content\/uploads\/2016\/07\/pintxos.jpg\",\"contentUrl\":\"https:\/\/tourtravelandmore.com\/wp-content\/uploads\/2016\/07\/pintxos.jpg\",\"width\":1024,\"height\":642},{\"@type\":\"BreadcrumbList\",\"@id\":\"https:\/\/tourtravelandmore.com\/es\/tours\/espana-es\/bilbao-es\/tour-privado-pintxos-bilbao-tour-privado-con-guia-oficial\/#breadcrumb\",\"itemListElement\":[{\"@type\":\"ListItem\",\"position\":1,\"name\":\"Home\",\"item\":\"https:\/\/tourtravelandmore.com\/es\/\"},{\"@type\":\"ListItem\",\"position\":2,\"name\":\"Tours\",\"item\":\"https:\/\/tourtravelandmore.com\/es\/tours\/\"},{\"@type\":\"ListItem\",\"position\":3,\"name\":\"Tour Privado a pie de Pintxos en Bilbao\"}]},{\"@type\":\"WebSite\",\"@id\":\"https:\/\/tourtravelandmore.com\/es\/#website\",\"url\":\"https:\/\/tourtravelandmore.com\/es\/\",\"name\":\"Tour Travel And More\",\"description\":\"Private sightseeing tours and luxury transfers in Spain\",\"publisher\":{\"@id\":\"https:\/\/tourtravelandmore.com\/es\/#organization\"},\"potentialAction\":[{\"@type\":\"SearchAction\",\"target\":{\"@type\":\"EntryPoint\",\"urlTemplate\":\"https:\/\/tourtravelandmore.com\/es\/?s={search_term_string}\"},\"query-input\":{\"@type\":\"PropertyValueSpecification\",\"valueRequired\":true,\"valueName\":\"search_term_string\"}}],\"inLanguage\":\"es\"},{\"@type\":\"Organization\",\"@id\":\"https:\/\/tourtravelandmore.com\/es\/#organization\",\"name\":\"Tour Travel And More\",\"url\":\"https:\/\/tourtravelandmore.com\/es\/\",\"logo\":{\"@type\":\"ImageObject\",\"inLanguage\":\"es\",\"@id\":\"https:\/\/tourtravelandmore.com\/es\/#\/schema\/logo\/image\/\",\"url\":\"https:\/\/tourtravelandmore.com\/wp-content\/uploads\/2022\/12\/cropped-logo-cabecera-new.png\",\"contentUrl\":\"https:\/\/tourtravelandmore.com\/wp-content\/uploads\/2022\/12\/cropped-logo-cabecera-new.png\",\"width\":430,\"height\":61,\"caption\":\"Tour Travel And More\"},\"image\":{\"@id\":\"https:\/\/tourtravelandmore.com\/es\/#\/schema\/logo\/image\/\"},\"sameAs\":[\"https:\/\/www.facebook.com\/tourtravelandmore\/\",\"https:\/\/x.com\/TourTravel_More\"]}]}<\/script>\n<!-- \/ Yoast SEO Premium plugin. -->","yoast_head_json":{"title":"\u27a1\ufe0f Saborea los mejores pintxos de Bilbao - Tour culinario privado con gu\u00eda local \u2705","description":"Descubre los tesoros culinarios de Bilbao en un tour privado de pintxos. Pruebe los sabores tradicionales vascos con 3 bebidas y 5\/6 pintxos. \u00a1Reserva ya tu viaje gastron\u00f3mico! \u2705","robots":{"index":"index","follow":"follow","max-snippet":"max-snippet:-1","max-image-preview":"max-image-preview:large","max-video-preview":"max-video-preview:-1"},"canonical":"https:\/\/tourtravelandmore.com\/es\/tours\/espana-es\/bilbao-es\/tour-privado-pintxos-bilbao-tour-privado-con-guia-oficial\/","og_locale":"es_ES","og_type":"article","og_title":"Tour Privado a pie de Pintxos en Bilbao","og_description":"Descubre los tesoros culinarios de Bilbao en un tour privado de pintxos. Pruebe los sabores tradicionales vascos con 3 bebidas y 5\/6 pintxos. \u00a1Reserva ya tu viaje gastron\u00f3mico! \u2705","og_url":"https:\/\/tourtravelandmore.com\/es\/tours\/espana-es\/bilbao-es\/tour-privado-pintxos-bilbao-tour-privado-con-guia-oficial\/","og_site_name":"Tour Travel And More","article_publisher":"https:\/\/www.facebook.com\/tourtravelandmore\/","article_modified_time":"2024-02-01T19:29:57+00:00","og_image":[{"width":1024,"height":642,"url":"https:\/\/tourtravelandmore.com\/wp-content\/uploads\/2016\/07\/pintxos.jpg","type":"image\/jpeg"}],"twitter_card":"summary_large_image","twitter_site":"@TourTravel_More","twitter_misc":{"Tiempo de lectura":"4 minutos"},"schema":{"@context":"https:\/\/schema.org","@graph":[{"@type":"WebPage","@id":"https:\/\/tourtravelandmore.com\/es\/tours\/espana-es\/bilbao-es\/tour-privado-pintxos-bilbao-tour-privado-con-guia-oficial\/","url":"https:\/\/tourtravelandmore.com\/es\/tours\/espana-es\/bilbao-es\/tour-privado-pintxos-bilbao-tour-privado-con-guia-oficial\/","name":"\u27a1\ufe0f Saborea los mejores pintxos de Bilbao - Tour culinario privado con gu\u00eda local \u2705","isPartOf":{"@id":"https:\/\/tourtravelandmore.com\/es\/#website"},"primaryImageOfPage":{"@id":"https:\/\/tourtravelandmore.com\/es\/tours\/espana-es\/bilbao-es\/tour-privado-pintxos-bilbao-tour-privado-con-guia-oficial\/#primaryimage"},"image":{"@id":"https:\/\/tourtravelandmore.com\/es\/tours\/espana-es\/bilbao-es\/tour-privado-pintxos-bilbao-tour-privado-con-guia-oficial\/#primaryimage"},"thumbnailUrl":"https:\/\/tourtravelandmore.com\/wp-content\/uploads\/2016\/07\/pintxos.jpg","datePublished":"2016-07-12T18:03:06+00:00","dateModified":"2024-02-01T19:29:57+00:00","description":"Descubre los tesoros culinarios de Bilbao en un tour privado de pintxos. Pruebe los sabores tradicionales vascos con 3 bebidas y 5\/6 pintxos. \u00a1Reserva ya tu viaje gastron\u00f3mico! \u2705","breadcrumb":{"@id":"https:\/\/tourtravelandmore.com\/es\/tours\/espana-es\/bilbao-es\/tour-privado-pintxos-bilbao-tour-privado-con-guia-oficial\/#breadcrumb"},"inLanguage":"es","potentialAction":[{"@type":"ReadAction","target":["https:\/\/tourtravelandmore.com\/es\/tours\/espana-es\/bilbao-es\/tour-privado-pintxos-bilbao-tour-privado-con-guia-oficial\/"]}]},{"@type":"ImageObject","inLanguage":"es","@id":"https:\/\/tourtravelandmore.com\/es\/tours\/espana-es\/bilbao-es\/tour-privado-pintxos-bilbao-tour-privado-con-guia-oficial\/#primaryimage","url":"https:\/\/tourtravelandmore.com\/wp-content\/uploads\/2016\/07\/pintxos.jpg","contentUrl":"https:\/\/tourtravelandmore.com\/wp-content\/uploads\/2016\/07\/pintxos.jpg","width":1024,"height":642},{"@type":"BreadcrumbList","@id":"https:\/\/tourtravelandmore.com\/es\/tours\/espana-es\/bilbao-es\/tour-privado-pintxos-bilbao-tour-privado-con-guia-oficial\/#breadcrumb","itemListElement":[{"@type":"ListItem","position":1,"name":"Home","item":"https:\/\/tourtravelandmore.com\/es\/"},{"@type":"ListItem","position":2,"name":"Tours","item":"https:\/\/tourtravelandmore.com\/es\/tours\/"},{"@type":"ListItem","position":3,"name":"Tour Privado a pie de Pintxos en Bilbao"}]},{"@type":"WebSite","@id":"https:\/\/tourtravelandmore.com\/es\/#website","url":"https:\/\/tourtravelandmore.com\/es\/","name":"Tour Travel And More","description":"Private sightseeing tours and luxury transfers in Spain","publisher":{"@id":"https:\/\/tourtravelandmore.com\/es\/#organization"},"potentialAction":[{"@type":"SearchAction","target":{"@type":"EntryPoint","urlTemplate":"https:\/\/tourtravelandmore.com\/es\/?s={search_term_string}"},"query-input":{"@type":"PropertyValueSpecification","valueRequired":true,"valueName":"search_term_string"}}],"inLanguage":"es"},{"@type":"Organization","@id":"https:\/\/tourtravelandmore.com\/es\/#organization","name":"Tour Travel And More","url":"https:\/\/tourtravelandmore.com\/es\/","logo":{"@type":"ImageObject","inLanguage":"es","@id":"https:\/\/tourtravelandmore.com\/es\/#\/schema\/logo\/image\/","url":"https:\/\/tourtravelandmore.com\/wp-content\/uploads\/2022\/12\/cropped-logo-cabecera-new.png","contentUrl":"https:\/\/tourtravelandmore.com\/wp-content\/uploads\/2022\/12\/cropped-logo-cabecera-new.png","width":430,"height":61,"caption":"Tour Travel And More"},"image":{"@id":"https:\/\/tourtravelandmore.com\/es\/#\/schema\/logo\/image\/"},"sameAs":["https:\/\/www.facebook.com\/tourtravelandmore\/","https:\/\/x.com\/TourTravel_More"]}]}},"_links":{"self":[{"href":"https:\/\/tourtravelandmore.com\/es\/wp-json\/wp\/v2\/product\/5639","targetHints":{"allow":["GET"]}}],"collection":[{"href":"https:\/\/tourtravelandmore.com\/es\/wp-json\/wp\/v2\/product"}],"about":[{"href":"https:\/\/tourtravelandmore.com\/es\/wp-json\/wp\/v2\/types\/product"}],"replies":[{"embeddable":true,"href":"https:\/\/tourtravelandmore.com\/es\/wp-json\/wp\/v2\/comments?post=5639"}],"wp:featuredmedia":[{"embeddable":true,"href":"https:\/\/tourtravelandmore.com\/es\/wp-json\/wp\/v2\/media\/24906"}],"wp:attachment":[{"href":"https:\/\/tourtravelandmore.com\/es\/wp-json\/wp\/v2\/media?parent=5639"}],"wp:term":[{"taxonomy":"product_brand","embeddable":true,"href":"https:\/\/tourtravelandmore.com\/es\/wp-json\/wp\/v2\/product_brand?post=5639"},{"taxonomy":"product_cat","embeddable":true,"href":"https:\/\/tourtravelandmore.com\/es\/wp-json\/wp\/v2\/product_cat?post=5639"},{"taxonomy":"product_tag","embeddable":true,"href":"https:\/\/tourtravelandmore.com\/es\/wp-json\/wp\/v2\/product_tag?post=5639"}],"curies":[{"name":"wp","href":"https:\/\/api.w.org\/{rel}","templated":true}]}}