{"id":5607,"date":"2016-07-12T19:40:42","date_gmt":"2016-07-12T17:40:42","guid":{"rendered":"http:\/\/tourtravelandmore.com\/es\/?post_type=product&#038;p=5607"},"modified":"2024-02-01T19:33:21","modified_gmt":"2024-02-01T18:33:21","slug":"guggenheim-bilbao-tour-tour-privado-con-guia-y-entradas","status":"publish","type":"product","link":"https:\/\/tourtravelandmore.com\/es\/tours\/espana-es\/bilbao-es\/guggenheim-bilbao-tour-tour-privado-con-guia-y-entradas\/","title":{"rendered":"Tour privado de Museo Guggenheim"},"content":{"rendered":"<h2><b>Tour privado de Museo Guggenheim Descripci\u00f3n<\/b><\/h2>\n<p><span style=\"font-weight: 400;\">Sum\u00e9rjase en el coraz\u00f3n art\u00edstico de Bilbao con nuestro exclusivo tour de Gu\u00eda Privado para el Museo Guggenheim. Este recorrido \u00fanico de 2 horas, dirigido por un gu\u00eda oficial, ofrece una exploraci\u00f3n \u00edntima de uno de los museos de arte m\u00e1s prestigiosos del mundo. Su experiencia comienza en el emblem\u00e1tico edificio dise\u00f1ado por Frank Gehry, una obra maestra de la arquitectura contempor\u00e1nea, donde le espera su experto gu\u00eda.<\/span><\/p>\n<p><span style=\"font-weight: 400;\">Cuando entre en el Museo Guggenheim, prep\u00e1rese para quedar hipnotizado por su amplia colecci\u00f3n de arte moderno y contempor\u00e1neo. Nuestro gu\u00eda le conducir\u00e1 a trav\u00e9s de las cautivadoras exposiciones del museo, ofreci\u00e9ndole una visi\u00f3n en profundidad de las obras de artistas de renombre como Joseph Beuys, Francesco Clemente, Jenny Holzer y Richard Long. Esta visita privada es m\u00e1s que una simple visita; es un viaje educativo y de inmersi\u00f3n en el mundo del arte.<\/span><\/p>\n<p><span style=\"font-weight: 400;\">Disfrute del lujo de una experiencia personalizada, adaptada a sus intereses y a su ritmo. Tanto si es un aficionado al arte como si es nuevo en el mundo del arte moderno, nuestro gu\u00eda adaptar\u00e1 la visita a su nivel de inter\u00e9s y experiencia. Adem\u00e1s de explorar el museo, tiene la opci\u00f3n de ampliar su visita y descubrir el centro hist\u00f3rico de Bilbao, combinando a la perfecci\u00f3n el arte con el encanto de la ciudad.<\/span><\/p>\n<p><span style=\"font-weight: 400;\">Este enriquecedor recorrido est\u00e1 dise\u00f1ado no s\u00f3lo para mostrarle los aspectos m\u00e1s destacados del museo, sino tambi\u00e9n para profundizar en su comprensi\u00f3n y apreciaci\u00f3n del arte. Al concluir el recorrido frente al impresionante Museo Guggenheim, te ir\u00e1s con una conexi\u00f3n m\u00e1s profunda con el paisaje cultural de Bilbao y con recuerdos inolvidables de esta aventura art\u00edstica.<\/span><\/p>\n<p><span style=\"font-weight: 400;\">Tu recorrido por el Museo Guggenheim tambi\u00e9n abarcar\u00e1 los elementos arquitect\u00f3nicos \u00fanicos que hacen de este museo un icono mundialmente reconocido. Cada curva y contorno del dise\u00f1o de Gehry realza la presentaci\u00f3n de las obras de arte, creando una armoniosa interacci\u00f3n de forma y contenido. Con su gu\u00eda, explore c\u00f3mo la propia arquitectura del museo es una obra de arte que contribuye a la narrativa de la creatividad moderna.<\/span><\/p>\n<p><span style=\"font-weight: 400;\">Esta visita es tambi\u00e9n una oportunidad para sumergirse en las historias que se esconden tras las colecciones del museo. Conozca a los visionarios, tanto artistas como mecenas, que han dado forma a la identidad del Guggenheim. Desde las instalaciones permanentes hasta las exposiciones temporales, su gu\u00eda le proporcionar\u00e1 el contexto y los comentarios que dan vida a estas obras.<\/span><\/p>\n<h2><b>Tour privado de Museo Guggenheim | Puntos de inter\u00e9s y monumentos ampliados<\/b><\/h2>\n<ul>\n<li style=\"font-weight: 400;\" aria-level=\"1\"><b>Arquitectura del Museo Guggenheim:<\/b><span style=\"font-weight: 400;\"> Marav\u00edllate con el innovador dise\u00f1o de Frank Gehry, s\u00edmbolo de la transformaci\u00f3n urbana de Bilbao e icono mundial de la arquitectura moderna.<\/span><\/li>\n<li style=\"font-weight: 400;\" aria-level=\"1\"><b>Colecciones de Arte:<\/b><span style=\"font-weight: 400;\"> Explora una gran variedad de obras de arte, desde el arte moderno de la posguerra hasta piezas contempor\u00e1neas, con los comentarios personales de tu gu\u00eda sobre cada exposici\u00f3n.<\/span><\/li>\n<li style=\"font-weight: 400;\" aria-level=\"1\"><b>Exposiciones interactivas<\/b><span style=\"font-weight: 400;\">: Participe en las exposiciones interactivas del museo, que ofrecen una experiencia \u00fanica y pr\u00e1ctica con el arte.<\/span><\/li>\n<li style=\"font-weight: 400;\" aria-level=\"1\"><b>Experiencia personalizable:<\/b><span style=\"font-weight: 400;\"> Adapte su visita para incluir movimientos art\u00edsticos, artistas o temas espec\u00edficos que le interesen, convirtiendo la visita en una experiencia altamente personalizada.<\/span><\/li>\n<li style=\"font-weight: 400;\" aria-level=\"1\"><b>Ampliaci\u00f3n opcional del recorrido por la ciudad:<\/b><span style=\"font-weight: 400;\"> Ampl\u00ede su exploraci\u00f3n con un paseo guiado por el centro hist\u00f3rico de Bilbao, conectando los puntos entre el pasado de la ciudad, el presente y sus esfuerzos art\u00edsticos.<\/span><\/li>\n<li style=\"font-weight: 400;\" aria-level=\"1\"><b>Exposiciones temporales:<\/b><span style=\"font-weight: 400;\"> El Museo Guggenheim es conocido por sus exposiciones temporales rotativas, que a menudo presentan artistas contempor\u00e1neos de vanguardia o muestras tem\u00e1ticas que exploran diversos aspectos del arte moderno y contempor\u00e1neo. Estas exposiciones proporcionan una perspectiva fresca y cambiante del mundo del arte, asegurando que cada visita al museo ofrezca algo nuevo y emocionante.<\/span><\/li>\n<li style=\"font-weight: 400;\" aria-level=\"1\"><b>Jard\u00edn de esculturas e instalaciones al aire libre:<\/b><span style=\"font-weight: 400;\"> Salga a explorar el jard\u00edn de esculturas y las instalaciones al aire libre del museo. Esta zona presenta obras notables que interact\u00faan con el espacio abierto y el singular tel\u00f3n de fondo arquitect\u00f3nico del museo. Es una oportunidad para apreciar c\u00f3mo el arte interact\u00faa con el entorno y ver algunas de las obras de mayor escala de la colecci\u00f3n del museo.<\/span><\/li>\n<\/ul>\n<p><span style=\"font-weight: 400;\">En Tour Travel and More, nos comprometemos a ofrecer las experiencias de visitas privadas m\u00e1s enriquecedoras y personalizadas. Tanto si busca una inmersi\u00f3n profunda en el mundo del arte moderno como si desea combinar el arte con la exploraci\u00f3n de las calles hist\u00f3ricas de Bilbao, nuestros tours privados est\u00e1n dise\u00f1ados para satisfacer todas sus necesidades. <\/span><a href=\"https:\/\/tourtravelandmore.com\/es\/ciudad\/espana-es\/bilbao-es\/\"><span style=\"font-weight: 400;\">Reserve hoy mismo su visita guiada privada al Museo Guggenheim y prep\u00e1rese para dejarse inspirar por el arte y la belleza de Bilbao.<\/span><\/a><\/p>\n","protected":false},"excerpt":{"rendered":"<p><span style=\"font-weight: 400;\">Acomp\u00e1\u00f1anos en una visita guiada privada al Museo Guggenheim de Bilbao, donde explorar\u00e1s una colecci\u00f3n de arte moderno y contempor\u00e1neo de talla mundial. Ampl\u00ede su viaje con una visita opcional al centro hist\u00f3rico de Bilbao, todo ello con su gu\u00eda experto personal.<\/span><\/p>\n","protected":false},"featured_media":59599,"comment_status":"open","ping_status":"closed","template":"","meta":{"_acf_changed":false},"product_brand":[],"product_cat":[189,191,192,194],"product_tag":[],"class_list":{"0":"post-5607","1":"product","2":"type-product","3":"status-publish","4":"has-post-thumbnail","6":"product_cat-bilbao-es","7":"product_cat-bilbao-actividades-es","8":"product_cat-bilbao-excursiones-es","9":"product_cat-bilbao-tours-privados-pie-es","11":"first","12":"instock","13":"shipping-taxable","14":"purchasable","15":"product-type-simple"},"acf":[],"yoast_head":"<!-- This site is optimized with the Yoast SEO Premium plugin v25.3.1 (Yoast SEO v25.3.1) - https:\/\/yoast.com\/wordpress\/plugins\/seo\/ -->\n<title>\u27a1\ufe0f Visita Guiada Privada al Museo Guggenheim Bilbao | Tour Travel and More \u2705<\/title>\n<meta name=\"description\" content=\"Descubre las maravillas del Museo Guggenheim Bilbao con un gu\u00eda privado. Explore el arte moderno, la arquitectura ic\u00f3nica y la opci\u00f3n de recorrer el centro hist\u00f3rico de Bilbao. \u00a1Reserva ahora para vivir una experiencia art\u00edstica exclusiva! \u2705\" \/>\n<meta name=\"robots\" content=\"index, follow, max-snippet:-1, max-image-preview:large, max-video-preview:-1\" \/>\n<link rel=\"canonical\" href=\"https:\/\/tourtravelandmore.com\/es\/tours\/espana-es\/bilbao-es\/guggenheim-bilbao-tour-tour-privado-con-guia-y-entradas\/\" \/>\n<meta property=\"og:locale\" content=\"es_ES\" \/>\n<meta property=\"og:type\" content=\"article\" \/>\n<meta property=\"og:title\" content=\"Tour privado de Museo Guggenheim\" \/>\n<meta property=\"og:description\" content=\"Descubre las maravillas del Museo Guggenheim Bilbao con un gu\u00eda privado. Explore el arte moderno, la arquitectura ic\u00f3nica y la opci\u00f3n de recorrer el centro hist\u00f3rico de Bilbao. \u00a1Reserva ahora para vivir una experiencia art\u00edstica exclusiva! \u2705\" \/>\n<meta property=\"og:url\" content=\"https:\/\/tourtravelandmore.com\/es\/tours\/espana-es\/bilbao-es\/guggenheim-bilbao-tour-tour-privado-con-guia-y-entradas\/\" \/>\n<meta property=\"og:site_name\" content=\"Tour Travel And More\" \/>\n<meta property=\"article:publisher\" content=\"https:\/\/www.facebook.com\/tourtravelandmore\/\" \/>\n<meta property=\"article:modified_time\" content=\"2024-02-01T18:33:21+00:00\" \/>\n<meta property=\"og:image\" content=\"https:\/\/tourtravelandmore.com\/wp-content\/uploads\/2016\/07\/guggenheim2.jpg\" \/>\n\t<meta property=\"og:image:width\" content=\"800\" \/>\n\t<meta property=\"og:image:height\" content=\"533\" \/>\n\t<meta property=\"og:image:type\" content=\"image\/jpeg\" \/>\n<meta name=\"twitter:card\" content=\"summary_large_image\" \/>\n<meta name=\"twitter:site\" content=\"@TourTravel_More\" \/>\n<meta name=\"twitter:label1\" content=\"Tiempo de lectura\" \/>\n\t<meta name=\"twitter:data1\" content=\"4 minutos\" \/>\n<script type=\"application\/ld+json\" class=\"yoast-schema-graph\">{\"@context\":\"https:\/\/schema.org\",\"@graph\":[{\"@type\":\"WebPage\",\"@id\":\"https:\/\/tourtravelandmore.com\/es\/tours\/espana-es\/bilbao-es\/guggenheim-bilbao-tour-tour-privado-con-guia-y-entradas\/\",\"url\":\"https:\/\/tourtravelandmore.com\/es\/tours\/espana-es\/bilbao-es\/guggenheim-bilbao-tour-tour-privado-con-guia-y-entradas\/\",\"name\":\"\u27a1\ufe0f Visita Guiada Privada al Museo Guggenheim Bilbao | Tour Travel and More \u2705\",\"isPartOf\":{\"@id\":\"https:\/\/tourtravelandmore.com\/es\/#website\"},\"primaryImageOfPage\":{\"@id\":\"https:\/\/tourtravelandmore.com\/es\/tours\/espana-es\/bilbao-es\/guggenheim-bilbao-tour-tour-privado-con-guia-y-entradas\/#primaryimage\"},\"image\":{\"@id\":\"https:\/\/tourtravelandmore.com\/es\/tours\/espana-es\/bilbao-es\/guggenheim-bilbao-tour-tour-privado-con-guia-y-entradas\/#primaryimage\"},\"thumbnailUrl\":\"https:\/\/tourtravelandmore.com\/wp-content\/uploads\/2016\/07\/guggenheim2.jpg\",\"datePublished\":\"2016-07-12T17:40:42+00:00\",\"dateModified\":\"2024-02-01T18:33:21+00:00\",\"description\":\"Descubre las maravillas del Museo Guggenheim Bilbao con un gu\u00eda privado. Explore el arte moderno, la arquitectura ic\u00f3nica y la opci\u00f3n de recorrer el centro hist\u00f3rico de Bilbao. \u00a1Reserva ahora para vivir una experiencia art\u00edstica exclusiva! \u2705\",\"breadcrumb\":{\"@id\":\"https:\/\/tourtravelandmore.com\/es\/tours\/espana-es\/bilbao-es\/guggenheim-bilbao-tour-tour-privado-con-guia-y-entradas\/#breadcrumb\"},\"inLanguage\":\"es\",\"potentialAction\":[{\"@type\":\"ReadAction\",\"target\":[\"https:\/\/tourtravelandmore.com\/es\/tours\/espana-es\/bilbao-es\/guggenheim-bilbao-tour-tour-privado-con-guia-y-entradas\/\"]}]},{\"@type\":\"ImageObject\",\"inLanguage\":\"es\",\"@id\":\"https:\/\/tourtravelandmore.com\/es\/tours\/espana-es\/bilbao-es\/guggenheim-bilbao-tour-tour-privado-con-guia-y-entradas\/#primaryimage\",\"url\":\"https:\/\/tourtravelandmore.com\/wp-content\/uploads\/2016\/07\/guggenheim2.jpg\",\"contentUrl\":\"https:\/\/tourtravelandmore.com\/wp-content\/uploads\/2016\/07\/guggenheim2.jpg\",\"width\":800,\"height\":533},{\"@type\":\"BreadcrumbList\",\"@id\":\"https:\/\/tourtravelandmore.com\/es\/tours\/espana-es\/bilbao-es\/guggenheim-bilbao-tour-tour-privado-con-guia-y-entradas\/#breadcrumb\",\"itemListElement\":[{\"@type\":\"ListItem\",\"position\":1,\"name\":\"Home\",\"item\":\"https:\/\/tourtravelandmore.com\/es\/\"},{\"@type\":\"ListItem\",\"position\":2,\"name\":\"Tours\",\"item\":\"https:\/\/tourtravelandmore.com\/es\/tours\/\"},{\"@type\":\"ListItem\",\"position\":3,\"name\":\"Tour privado de Museo Guggenheim\"}]},{\"@type\":\"WebSite\",\"@id\":\"https:\/\/tourtravelandmore.com\/es\/#website\",\"url\":\"https:\/\/tourtravelandmore.com\/es\/\",\"name\":\"Tour Travel And More\",\"description\":\"Private sightseeing tours and luxury transfers in Spain\",\"publisher\":{\"@id\":\"https:\/\/tourtravelandmore.com\/es\/#organization\"},\"potentialAction\":[{\"@type\":\"SearchAction\",\"target\":{\"@type\":\"EntryPoint\",\"urlTemplate\":\"https:\/\/tourtravelandmore.com\/es\/?s={search_term_string}\"},\"query-input\":{\"@type\":\"PropertyValueSpecification\",\"valueRequired\":true,\"valueName\":\"search_term_string\"}}],\"inLanguage\":\"es\"},{\"@type\":\"Organization\",\"@id\":\"https:\/\/tourtravelandmore.com\/es\/#organization\",\"name\":\"Tour Travel And More\",\"url\":\"https:\/\/tourtravelandmore.com\/es\/\",\"logo\":{\"@type\":\"ImageObject\",\"inLanguage\":\"es\",\"@id\":\"https:\/\/tourtravelandmore.com\/es\/#\/schema\/logo\/image\/\",\"url\":\"https:\/\/tourtravelandmore.com\/wp-content\/uploads\/2022\/12\/cropped-logo-cabecera-new.png\",\"contentUrl\":\"https:\/\/tourtravelandmore.com\/wp-content\/uploads\/2022\/12\/cropped-logo-cabecera-new.png\",\"width\":430,\"height\":61,\"caption\":\"Tour Travel And More\"},\"image\":{\"@id\":\"https:\/\/tourtravelandmore.com\/es\/#\/schema\/logo\/image\/\"},\"sameAs\":[\"https:\/\/www.facebook.com\/tourtravelandmore\/\",\"https:\/\/x.com\/TourTravel_More\"]}]}<\/script>\n<!-- \/ Yoast SEO Premium plugin. -->","yoast_head_json":{"title":"\u27a1\ufe0f Visita Guiada Privada al Museo Guggenheim Bilbao | Tour Travel and More \u2705","description":"Descubre las maravillas del Museo Guggenheim Bilbao con un gu\u00eda privado. Explore el arte moderno, la arquitectura ic\u00f3nica y la opci\u00f3n de recorrer el centro hist\u00f3rico de Bilbao. \u00a1Reserva ahora para vivir una experiencia art\u00edstica exclusiva! \u2705","robots":{"index":"index","follow":"follow","max-snippet":"max-snippet:-1","max-image-preview":"max-image-preview:large","max-video-preview":"max-video-preview:-1"},"canonical":"https:\/\/tourtravelandmore.com\/es\/tours\/espana-es\/bilbao-es\/guggenheim-bilbao-tour-tour-privado-con-guia-y-entradas\/","og_locale":"es_ES","og_type":"article","og_title":"Tour privado de Museo Guggenheim","og_description":"Descubre las maravillas del Museo Guggenheim Bilbao con un gu\u00eda privado. Explore el arte moderno, la arquitectura ic\u00f3nica y la opci\u00f3n de recorrer el centro hist\u00f3rico de Bilbao. \u00a1Reserva ahora para vivir una experiencia art\u00edstica exclusiva! \u2705","og_url":"https:\/\/tourtravelandmore.com\/es\/tours\/espana-es\/bilbao-es\/guggenheim-bilbao-tour-tour-privado-con-guia-y-entradas\/","og_site_name":"Tour Travel And More","article_publisher":"https:\/\/www.facebook.com\/tourtravelandmore\/","article_modified_time":"2024-02-01T18:33:21+00:00","og_image":[{"width":800,"height":533,"url":"https:\/\/tourtravelandmore.com\/wp-content\/uploads\/2016\/07\/guggenheim2.jpg","type":"image\/jpeg"}],"twitter_card":"summary_large_image","twitter_site":"@TourTravel_More","twitter_misc":{"Tiempo de lectura":"4 minutos"},"schema":{"@context":"https:\/\/schema.org","@graph":[{"@type":"WebPage","@id":"https:\/\/tourtravelandmore.com\/es\/tours\/espana-es\/bilbao-es\/guggenheim-bilbao-tour-tour-privado-con-guia-y-entradas\/","url":"https:\/\/tourtravelandmore.com\/es\/tours\/espana-es\/bilbao-es\/guggenheim-bilbao-tour-tour-privado-con-guia-y-entradas\/","name":"\u27a1\ufe0f Visita Guiada Privada al Museo Guggenheim Bilbao | Tour Travel and More \u2705","isPartOf":{"@id":"https:\/\/tourtravelandmore.com\/es\/#website"},"primaryImageOfPage":{"@id":"https:\/\/tourtravelandmore.com\/es\/tours\/espana-es\/bilbao-es\/guggenheim-bilbao-tour-tour-privado-con-guia-y-entradas\/#primaryimage"},"image":{"@id":"https:\/\/tourtravelandmore.com\/es\/tours\/espana-es\/bilbao-es\/guggenheim-bilbao-tour-tour-privado-con-guia-y-entradas\/#primaryimage"},"thumbnailUrl":"https:\/\/tourtravelandmore.com\/wp-content\/uploads\/2016\/07\/guggenheim2.jpg","datePublished":"2016-07-12T17:40:42+00:00","dateModified":"2024-02-01T18:33:21+00:00","description":"Descubre las maravillas del Museo Guggenheim Bilbao con un gu\u00eda privado. Explore el arte moderno, la arquitectura ic\u00f3nica y la opci\u00f3n de recorrer el centro hist\u00f3rico de Bilbao. \u00a1Reserva ahora para vivir una experiencia art\u00edstica exclusiva! \u2705","breadcrumb":{"@id":"https:\/\/tourtravelandmore.com\/es\/tours\/espana-es\/bilbao-es\/guggenheim-bilbao-tour-tour-privado-con-guia-y-entradas\/#breadcrumb"},"inLanguage":"es","potentialAction":[{"@type":"ReadAction","target":["https:\/\/tourtravelandmore.com\/es\/tours\/espana-es\/bilbao-es\/guggenheim-bilbao-tour-tour-privado-con-guia-y-entradas\/"]}]},{"@type":"ImageObject","inLanguage":"es","@id":"https:\/\/tourtravelandmore.com\/es\/tours\/espana-es\/bilbao-es\/guggenheim-bilbao-tour-tour-privado-con-guia-y-entradas\/#primaryimage","url":"https:\/\/tourtravelandmore.com\/wp-content\/uploads\/2016\/07\/guggenheim2.jpg","contentUrl":"https:\/\/tourtravelandmore.com\/wp-content\/uploads\/2016\/07\/guggenheim2.jpg","width":800,"height":533},{"@type":"BreadcrumbList","@id":"https:\/\/tourtravelandmore.com\/es\/tours\/espana-es\/bilbao-es\/guggenheim-bilbao-tour-tour-privado-con-guia-y-entradas\/#breadcrumb","itemListElement":[{"@type":"ListItem","position":1,"name":"Home","item":"https:\/\/tourtravelandmore.com\/es\/"},{"@type":"ListItem","position":2,"name":"Tours","item":"https:\/\/tourtravelandmore.com\/es\/tours\/"},{"@type":"ListItem","position":3,"name":"Tour privado de Museo Guggenheim"}]},{"@type":"WebSite","@id":"https:\/\/tourtravelandmore.com\/es\/#website","url":"https:\/\/tourtravelandmore.com\/es\/","name":"Tour Travel And More","description":"Private sightseeing tours and luxury transfers in Spain","publisher":{"@id":"https:\/\/tourtravelandmore.com\/es\/#organization"},"potentialAction":[{"@type":"SearchAction","target":{"@type":"EntryPoint","urlTemplate":"https:\/\/tourtravelandmore.com\/es\/?s={search_term_string}"},"query-input":{"@type":"PropertyValueSpecification","valueRequired":true,"valueName":"search_term_string"}}],"inLanguage":"es"},{"@type":"Organization","@id":"https:\/\/tourtravelandmore.com\/es\/#organization","name":"Tour Travel And More","url":"https:\/\/tourtravelandmore.com\/es\/","logo":{"@type":"ImageObject","inLanguage":"es","@id":"https:\/\/tourtravelandmore.com\/es\/#\/schema\/logo\/image\/","url":"https:\/\/tourtravelandmore.com\/wp-content\/uploads\/2022\/12\/cropped-logo-cabecera-new.png","contentUrl":"https:\/\/tourtravelandmore.com\/wp-content\/uploads\/2022\/12\/cropped-logo-cabecera-new.png","width":430,"height":61,"caption":"Tour Travel And More"},"image":{"@id":"https:\/\/tourtravelandmore.com\/es\/#\/schema\/logo\/image\/"},"sameAs":["https:\/\/www.facebook.com\/tourtravelandmore\/","https:\/\/x.com\/TourTravel_More"]}]}},"_links":{"self":[{"href":"https:\/\/tourtravelandmore.com\/es\/wp-json\/wp\/v2\/product\/5607","targetHints":{"allow":["GET"]}}],"collection":[{"href":"https:\/\/tourtravelandmore.com\/es\/wp-json\/wp\/v2\/product"}],"about":[{"href":"https:\/\/tourtravelandmore.com\/es\/wp-json\/wp\/v2\/types\/product"}],"replies":[{"embeddable":true,"href":"https:\/\/tourtravelandmore.com\/es\/wp-json\/wp\/v2\/comments?post=5607"}],"wp:featuredmedia":[{"embeddable":true,"href":"https:\/\/tourtravelandmore.com\/es\/wp-json\/wp\/v2\/media\/59599"}],"wp:attachment":[{"href":"https:\/\/tourtravelandmore.com\/es\/wp-json\/wp\/v2\/media?parent=5607"}],"wp:term":[{"taxonomy":"product_brand","embeddable":true,"href":"https:\/\/tourtravelandmore.com\/es\/wp-json\/wp\/v2\/product_brand?post=5607"},{"taxonomy":"product_cat","embeddable":true,"href":"https:\/\/tourtravelandmore.com\/es\/wp-json\/wp\/v2\/product_cat?post=5607"},{"taxonomy":"product_tag","embeddable":true,"href":"https:\/\/tourtravelandmore.com\/es\/wp-json\/wp\/v2\/product_tag?post=5607"}],"curies":[{"name":"wp","href":"https:\/\/api.w.org\/{rel}","templated":true}]}}