{"id":5592,"date":"2016-07-12T19:31:10","date_gmt":"2016-07-12T17:31:10","guid":{"rendered":"http:\/\/tourtravelandmore.com\/es\/?post_type=product&#038;p=5592"},"modified":"2024-02-01T20:19:07","modified_gmt":"2024-02-01T19:19:07","slug":"tour-privado-costa-bilbao-con-guia-oficial-y-vehiculo","status":"publish","type":"product","link":"https:\/\/tourtravelandmore.com\/es\/tours\/espana-es\/bilbao-es\/tour-privado-costa-bilbao-con-guia-oficial-y-vehiculo\/","title":{"rendered":"Tour Privado por la Costa del Pais Vasco\u00a0desde\u00a0Bilbao"},"content":{"rendered":"<h2><b>Tour Privado por la Costa desde Bilbao Descripci\u00f3n<\/b><\/h2>\n<p><span style=\"font-weight: 400;\">Emb\u00e1rquese en un viaje exclusivo con nuestro Tour Privado de la Costa desde Bilbao, dise\u00f1ado por Tour Travel and More para descubrir la impresionante belleza de la costa vasca. Este tour de 8 horas y d\u00eda completo es una mezcla perfecta de belleza esc\u00e9nica, exploraci\u00f3n cultural y relajaci\u00f3n, todo ello experimentado desde la comodidad de un veh\u00edculo privado de lujo acompa\u00f1ado por un gu\u00eda local experto.<\/span><\/p>\n<p><span style=\"font-weight: 400;\">Su aventura comienza con una recogida personalizada en su hotel, puerto de cruceros o cualquier otro punto de Bilbao. Nuestro ch\u00f3fer privado y gu\u00eda experto le dar\u00e1n la bienvenida, estableciendo el tono para un d\u00eda de descubrimiento. Cuando dejemos atr\u00e1s el paisaje urbano de Bilbao, prep\u00e1rese para dejarse cautivar por las impresionantes vistas de la costa vasca, una regi\u00f3n famosa por sus escarpados acantilados, sus encantadoras playas y sus pintorescos pueblos pesqueros.<\/span><\/p>\n<p><span style=\"font-weight: 400;\">A lo largo de este recorrido, tendr\u00e1 la oportunidad de sumergirse en la cultura y la historia \u00fanicas del Pa\u00eds Vasco. Desde el emblem\u00e1tico islote de San Juan de Gaztelugatxe, unido a tierra firme por un sinuoso puente de piedra, hasta la hist\u00f3rica villa de Gernika, famosa por su significado simb\u00f3lico en la cultura vasca, cada destino ofrece una ventana \u00fanica al alma de la regi\u00f3n.<\/span><\/p>\n<p><span style=\"font-weight: 400;\">El recorrido tambi\u00e9n incluye paradas en joyas ocultas como Loyola, Arantxaxu, O\u00f1ati y Getaria, cada una de ellas con un encanto \u00fanico. Ya sea explorando antiguos monasterios, disfrutando de la gastronom\u00eda local o simplemente empap\u00e1ndose de las impresionantes vistas de la costa, este recorrido promete multitud de experiencias.<\/span><\/p>\n<p><span style=\"font-weight: 400;\">Nuestro gu\u00eda y ch\u00f3fer est\u00e1n a su entera disposici\u00f3n durante todo el recorrido, garantizando una experiencia c\u00f3moda y flexible. Nos aseguraremos de que disponga de tiempo suficiente para disfrutar de una deliciosa comida, tomar hermosas fotograf\u00edas e incluso sumergirse en las frescas aguas del oc\u00e9ano.<\/span><\/p>\n<p><span style=\"font-weight: 400;\">A medida que el d\u00eda se acerca a su fin, le devolveremos al punto de entrega elegido en Bilbao, dej\u00e1ndole con los recuerdos de una inolvidable exploraci\u00f3n de la costa vasca. Este Tour Privado de la Costa desde Bilbao no es s\u00f3lo un viaje tur\u00edstico; es un viaje \u00edntimo a trav\u00e9s de una de las regiones m\u00e1s bellas de Espa\u00f1a.<\/span><\/p>\n<p><span style=\"font-weight: 400;\">Descubra m\u00e1s experiencias \u00fanicas y personalizadas en Bilbao y sus alrededores consultando nuestros otros tours privados.<\/span><\/p>\n<h2><b>Tour Privado de la Costa desde Bilbao | Puntos de Inter\u00e9s y Lugares de Inter\u00e9s<\/b><\/h2>\n<ul>\n<li style=\"font-weight: 400;\" aria-level=\"1\"><b>San Juan de Gaztelugatxe:<\/b><span style=\"font-weight: 400;\"> Visite este llamativo islote, joya de la costa vasca, unido a tierra firme por un puente serpenteante. La subida a la capilla de la cima ofrece vistas panor\u00e1micas del oc\u00e9ano y la oportunidad de tocar la legendaria campana para la buena suerte.<\/span><\/li>\n<li style=\"font-weight: 400;\" aria-level=\"1\"><b>Gernika<\/b><span style=\"font-weight: 400;\">: Explore la hist\u00f3rica ciudad de Gernika, s\u00edmbolo de la identidad y resistencia vascas. Visite el Museo de la Paz y la Casa de Juntas, testigos de la conmovedora historia de la ciudad y de su importancia en la cultura vasca.<\/span><\/li>\n<li style=\"font-weight: 400;\" aria-level=\"1\"><b>Loyola: <\/b><span style=\"font-weight: 400;\">Descubra la espiritual ciudad de Loyola, cuna de San Ignacio de Loyola, fundador de los jesuitas. El impresionante Santuario de Loyola y su bas\u00edlica son testimonio del patrimonio religioso de la regi\u00f3n.<\/span><\/li>\n<li style=\"font-weight: 400;\" aria-level=\"1\"><b>Arantxaxu:<\/b><span style=\"font-weight: 400;\"> Sum\u00e9rjase en la tranquila belleza de Arantxaxu, una joya escondida que ofrece paisajes pintorescos y una visi\u00f3n del modo de vida tradicional vasco.<\/span><\/li>\n<li style=\"font-weight: 400;\" aria-level=\"1\"><b>O\u00f1ati:<\/b><span style=\"font-weight: 400;\"> Pasee por las calles de O\u00f1ati, conocida como la &#8220;Toledo vasca&#8221; por su rico patrimonio arquitect\u00f3nico. Visite la Universidad del Esp\u00edritu Santo, una de las m\u00e1s antiguas de la regi\u00f3n.<\/span><\/li>\n<li style=\"font-weight: 400;\" aria-level=\"1\"><b>Getaria: <\/b><span style=\"font-weight: 400;\">Experimente el encanto de Getaria, pueblo costero famoso por su tradici\u00f3n pesquera, su vino txakoli y por ser la cuna del c\u00e9lebre dise\u00f1ador de moda Crist\u00f3bal Balenciaga.<\/span><\/li>\n<li style=\"font-weight: 400;\" aria-level=\"1\"><b>Itinerario personalizable:<\/b><span style=\"font-weight: 400;\"> Este tour ofrece la flexibilidad necesaria para centrarse en los lugares que m\u00e1s le interesen. Ya se trate de monumentos hist\u00f3ricos, belleza natural o experiencias culinarias, adaptamos el viaje a sus preferencias.<\/span><\/li>\n<li style=\"font-weight: 400;\" aria-level=\"1\"><b>Comodidad y conveniencia:<\/b><span style=\"font-weight: 400;\"> Viaje con lujo y estilo en nuestro veh\u00edculo privado, garantizando un viaje relajante y agradable durante todo el d\u00eda. Nuestro experto gu\u00eda y ch\u00f3fer atender\u00e1n todas sus necesidades, haciendo de su viaje una experiencia inolvidable.<\/span><\/li>\n<\/ul>\n<p><span style=\"font-weight: 400;\">\u00bfEst\u00e1 deseando explorar la cautivadora costa vasca? Descubra los encantadores pueblos y las impresionantes vistas con nuestro Tour Privado de la Costa desde Bilbao. Reserve ahora con Tour Travel and More para asegurarse una experiencia personalizada e inolvidable. No pierda esta oportunidad de adentrarse en la belleza del Pa\u00eds Vasco.<\/span><a href=\"https:\/\/tourtravelandmore.com\/es\/ciudad\/espana-es\/bilbao-es\/\"><span style=\"font-weight: 400;\"> Visite Tour Travel and More para m\u00e1s tours \u00fanicos y experiencias a medida en Bilbao y m\u00e1s all\u00e1. \u00a1Su aventura le espera!<\/span><\/a><\/p>\n","protected":false},"excerpt":{"rendered":"<p><span style=\"font-weight: 400;\">\u00danase a nuestro Tour Privado de la Costa desde Bilbao para una exploraci\u00f3n exclusiva de la impresionante costa del Pa\u00eds Vasco, sus ciudades hist\u00f3ricas y su rico patrimonio cultural. Disfrute de la belleza de San Juan de Gaztelugatxe, Gernika, Loyola, y mucho m\u00e1s en lujo y comodidad.<\/span><\/p>\n<p>&nbsp;<\/p>\n","protected":false},"featured_media":59755,"comment_status":"open","ping_status":"closed","template":"","meta":{"_acf_changed":false},"product_brand":[],"product_cat":[189,191,193,192],"product_tag":[],"class_list":{"0":"post-5592","1":"product","2":"type-product","3":"status-publish","4":"has-post-thumbnail","6":"product_cat-bilbao-es","7":"product_cat-bilbao-actividades-es","8":"product_cat-bilbao-rutas-turisticas-privadas-es","9":"product_cat-bilbao-excursiones-es","11":"first","12":"instock","13":"shipping-taxable","14":"purchasable","15":"product-type-simple"},"acf":[],"yoast_head":"<!-- This site is optimized with the Yoast SEO Premium plugin v25.3.1 (Yoast SEO v25.3.1) - https:\/\/yoast.com\/wordpress\/plugins\/seo\/ -->\n<title>\u27a1\ufe0f Tour Privado por la Costa desde Bilbao - Explora la Belleza y Cultura Vasca \u2705<\/title>\n<meta name=\"description\" content=\"Descubra la impresionante costa vasca, ciudades hist\u00f3ricas y joyas culturales en nuestro Tour Privado de la Costa desde Bilbao. \u00a1Reserva hoy mismo tu aventura personalizada! \u2705\" \/>\n<meta name=\"robots\" content=\"index, follow, max-snippet:-1, max-image-preview:large, max-video-preview:-1\" \/>\n<link rel=\"canonical\" href=\"https:\/\/tourtravelandmore.com\/es\/tours\/espana-es\/bilbao-es\/tour-privado-costa-bilbao-con-guia-oficial-y-vehiculo\/\" \/>\n<meta property=\"og:locale\" content=\"es_ES\" \/>\n<meta property=\"og:type\" content=\"article\" \/>\n<meta property=\"og:title\" content=\"Tour Privado por la Costa del Pais Vasco\u00a0desde\u00a0Bilbao\" \/>\n<meta property=\"og:description\" content=\"Descubra la impresionante costa vasca, ciudades hist\u00f3ricas y joyas culturales en nuestro Tour Privado de la Costa desde Bilbao. \u00a1Reserva hoy mismo tu aventura personalizada! \u2705\" \/>\n<meta property=\"og:url\" content=\"https:\/\/tourtravelandmore.com\/es\/tours\/espana-es\/bilbao-es\/tour-privado-costa-bilbao-con-guia-oficial-y-vehiculo\/\" \/>\n<meta property=\"og:site_name\" content=\"Tour Travel And More\" \/>\n<meta property=\"article:publisher\" content=\"https:\/\/www.facebook.com\/tourtravelandmore\/\" \/>\n<meta property=\"article:modified_time\" content=\"2024-02-01T19:19:07+00:00\" \/>\n<meta property=\"og:image\" content=\"https:\/\/tourtravelandmore.com\/wp-content\/uploads\/2016\/07\/Tolosa-1.jpg\" \/>\n\t<meta property=\"og:image:width\" content=\"800\" \/>\n\t<meta property=\"og:image:height\" content=\"600\" \/>\n\t<meta property=\"og:image:type\" content=\"image\/jpeg\" \/>\n<meta name=\"twitter:card\" content=\"summary_large_image\" \/>\n<meta name=\"twitter:site\" content=\"@TourTravel_More\" \/>\n<meta name=\"twitter:label1\" content=\"Tiempo de lectura\" \/>\n\t<meta name=\"twitter:data1\" content=\"4 minutos\" \/>\n<script type=\"application\/ld+json\" class=\"yoast-schema-graph\">{\"@context\":\"https:\/\/schema.org\",\"@graph\":[{\"@type\":\"WebPage\",\"@id\":\"https:\/\/tourtravelandmore.com\/es\/tours\/espana-es\/bilbao-es\/tour-privado-costa-bilbao-con-guia-oficial-y-vehiculo\/\",\"url\":\"https:\/\/tourtravelandmore.com\/es\/tours\/espana-es\/bilbao-es\/tour-privado-costa-bilbao-con-guia-oficial-y-vehiculo\/\",\"name\":\"\u27a1\ufe0f Tour Privado por la Costa desde Bilbao - Explora la Belleza y Cultura Vasca \u2705\",\"isPartOf\":{\"@id\":\"https:\/\/tourtravelandmore.com\/es\/#website\"},\"primaryImageOfPage\":{\"@id\":\"https:\/\/tourtravelandmore.com\/es\/tours\/espana-es\/bilbao-es\/tour-privado-costa-bilbao-con-guia-oficial-y-vehiculo\/#primaryimage\"},\"image\":{\"@id\":\"https:\/\/tourtravelandmore.com\/es\/tours\/espana-es\/bilbao-es\/tour-privado-costa-bilbao-con-guia-oficial-y-vehiculo\/#primaryimage\"},\"thumbnailUrl\":\"https:\/\/tourtravelandmore.com\/wp-content\/uploads\/2016\/07\/Tolosa-1.jpg\",\"datePublished\":\"2016-07-12T17:31:10+00:00\",\"dateModified\":\"2024-02-01T19:19:07+00:00\",\"description\":\"Descubra la impresionante costa vasca, ciudades hist\u00f3ricas y joyas culturales en nuestro Tour Privado de la Costa desde Bilbao. \u00a1Reserva hoy mismo tu aventura personalizada! \u2705\",\"breadcrumb\":{\"@id\":\"https:\/\/tourtravelandmore.com\/es\/tours\/espana-es\/bilbao-es\/tour-privado-costa-bilbao-con-guia-oficial-y-vehiculo\/#breadcrumb\"},\"inLanguage\":\"es\",\"potentialAction\":[{\"@type\":\"ReadAction\",\"target\":[\"https:\/\/tourtravelandmore.com\/es\/tours\/espana-es\/bilbao-es\/tour-privado-costa-bilbao-con-guia-oficial-y-vehiculo\/\"]}]},{\"@type\":\"ImageObject\",\"inLanguage\":\"es\",\"@id\":\"https:\/\/tourtravelandmore.com\/es\/tours\/espana-es\/bilbao-es\/tour-privado-costa-bilbao-con-guia-oficial-y-vehiculo\/#primaryimage\",\"url\":\"https:\/\/tourtravelandmore.com\/wp-content\/uploads\/2016\/07\/Tolosa-1.jpg\",\"contentUrl\":\"https:\/\/tourtravelandmore.com\/wp-content\/uploads\/2016\/07\/Tolosa-1.jpg\",\"width\":800,\"height\":600},{\"@type\":\"BreadcrumbList\",\"@id\":\"https:\/\/tourtravelandmore.com\/es\/tours\/espana-es\/bilbao-es\/tour-privado-costa-bilbao-con-guia-oficial-y-vehiculo\/#breadcrumb\",\"itemListElement\":[{\"@type\":\"ListItem\",\"position\":1,\"name\":\"Home\",\"item\":\"https:\/\/tourtravelandmore.com\/es\/\"},{\"@type\":\"ListItem\",\"position\":2,\"name\":\"Tours\",\"item\":\"https:\/\/tourtravelandmore.com\/es\/tours\/\"},{\"@type\":\"ListItem\",\"position\":3,\"name\":\"Tour Privado por la Costa del Pais Vasco\u00a0desde\u00a0Bilbao\"}]},{\"@type\":\"WebSite\",\"@id\":\"https:\/\/tourtravelandmore.com\/es\/#website\",\"url\":\"https:\/\/tourtravelandmore.com\/es\/\",\"name\":\"Tour Travel And More\",\"description\":\"Private sightseeing tours and luxury transfers in Spain\",\"publisher\":{\"@id\":\"https:\/\/tourtravelandmore.com\/es\/#organization\"},\"potentialAction\":[{\"@type\":\"SearchAction\",\"target\":{\"@type\":\"EntryPoint\",\"urlTemplate\":\"https:\/\/tourtravelandmore.com\/es\/?s={search_term_string}\"},\"query-input\":{\"@type\":\"PropertyValueSpecification\",\"valueRequired\":true,\"valueName\":\"search_term_string\"}}],\"inLanguage\":\"es\"},{\"@type\":\"Organization\",\"@id\":\"https:\/\/tourtravelandmore.com\/es\/#organization\",\"name\":\"Tour Travel And More\",\"url\":\"https:\/\/tourtravelandmore.com\/es\/\",\"logo\":{\"@type\":\"ImageObject\",\"inLanguage\":\"es\",\"@id\":\"https:\/\/tourtravelandmore.com\/es\/#\/schema\/logo\/image\/\",\"url\":\"https:\/\/tourtravelandmore.com\/wp-content\/uploads\/2022\/12\/cropped-logo-cabecera-new.png\",\"contentUrl\":\"https:\/\/tourtravelandmore.com\/wp-content\/uploads\/2022\/12\/cropped-logo-cabecera-new.png\",\"width\":430,\"height\":61,\"caption\":\"Tour Travel And More\"},\"image\":{\"@id\":\"https:\/\/tourtravelandmore.com\/es\/#\/schema\/logo\/image\/\"},\"sameAs\":[\"https:\/\/www.facebook.com\/tourtravelandmore\/\",\"https:\/\/x.com\/TourTravel_More\"]}]}<\/script>\n<!-- \/ Yoast SEO Premium plugin. -->","yoast_head_json":{"title":"\u27a1\ufe0f Tour Privado por la Costa desde Bilbao - Explora la Belleza y Cultura Vasca \u2705","description":"Descubra la impresionante costa vasca, ciudades hist\u00f3ricas y joyas culturales en nuestro Tour Privado de la Costa desde Bilbao. \u00a1Reserva hoy mismo tu aventura personalizada! \u2705","robots":{"index":"index","follow":"follow","max-snippet":"max-snippet:-1","max-image-preview":"max-image-preview:large","max-video-preview":"max-video-preview:-1"},"canonical":"https:\/\/tourtravelandmore.com\/es\/tours\/espana-es\/bilbao-es\/tour-privado-costa-bilbao-con-guia-oficial-y-vehiculo\/","og_locale":"es_ES","og_type":"article","og_title":"Tour Privado por la Costa del Pais Vasco\u00a0desde\u00a0Bilbao","og_description":"Descubra la impresionante costa vasca, ciudades hist\u00f3ricas y joyas culturales en nuestro Tour Privado de la Costa desde Bilbao. \u00a1Reserva hoy mismo tu aventura personalizada! \u2705","og_url":"https:\/\/tourtravelandmore.com\/es\/tours\/espana-es\/bilbao-es\/tour-privado-costa-bilbao-con-guia-oficial-y-vehiculo\/","og_site_name":"Tour Travel And More","article_publisher":"https:\/\/www.facebook.com\/tourtravelandmore\/","article_modified_time":"2024-02-01T19:19:07+00:00","og_image":[{"width":800,"height":600,"url":"https:\/\/tourtravelandmore.com\/wp-content\/uploads\/2016\/07\/Tolosa-1.jpg","type":"image\/jpeg"}],"twitter_card":"summary_large_image","twitter_site":"@TourTravel_More","twitter_misc":{"Tiempo de lectura":"4 minutos"},"schema":{"@context":"https:\/\/schema.org","@graph":[{"@type":"WebPage","@id":"https:\/\/tourtravelandmore.com\/es\/tours\/espana-es\/bilbao-es\/tour-privado-costa-bilbao-con-guia-oficial-y-vehiculo\/","url":"https:\/\/tourtravelandmore.com\/es\/tours\/espana-es\/bilbao-es\/tour-privado-costa-bilbao-con-guia-oficial-y-vehiculo\/","name":"\u27a1\ufe0f Tour Privado por la Costa desde Bilbao - Explora la Belleza y Cultura Vasca \u2705","isPartOf":{"@id":"https:\/\/tourtravelandmore.com\/es\/#website"},"primaryImageOfPage":{"@id":"https:\/\/tourtravelandmore.com\/es\/tours\/espana-es\/bilbao-es\/tour-privado-costa-bilbao-con-guia-oficial-y-vehiculo\/#primaryimage"},"image":{"@id":"https:\/\/tourtravelandmore.com\/es\/tours\/espana-es\/bilbao-es\/tour-privado-costa-bilbao-con-guia-oficial-y-vehiculo\/#primaryimage"},"thumbnailUrl":"https:\/\/tourtravelandmore.com\/wp-content\/uploads\/2016\/07\/Tolosa-1.jpg","datePublished":"2016-07-12T17:31:10+00:00","dateModified":"2024-02-01T19:19:07+00:00","description":"Descubra la impresionante costa vasca, ciudades hist\u00f3ricas y joyas culturales en nuestro Tour Privado de la Costa desde Bilbao. \u00a1Reserva hoy mismo tu aventura personalizada! \u2705","breadcrumb":{"@id":"https:\/\/tourtravelandmore.com\/es\/tours\/espana-es\/bilbao-es\/tour-privado-costa-bilbao-con-guia-oficial-y-vehiculo\/#breadcrumb"},"inLanguage":"es","potentialAction":[{"@type":"ReadAction","target":["https:\/\/tourtravelandmore.com\/es\/tours\/espana-es\/bilbao-es\/tour-privado-costa-bilbao-con-guia-oficial-y-vehiculo\/"]}]},{"@type":"ImageObject","inLanguage":"es","@id":"https:\/\/tourtravelandmore.com\/es\/tours\/espana-es\/bilbao-es\/tour-privado-costa-bilbao-con-guia-oficial-y-vehiculo\/#primaryimage","url":"https:\/\/tourtravelandmore.com\/wp-content\/uploads\/2016\/07\/Tolosa-1.jpg","contentUrl":"https:\/\/tourtravelandmore.com\/wp-content\/uploads\/2016\/07\/Tolosa-1.jpg","width":800,"height":600},{"@type":"BreadcrumbList","@id":"https:\/\/tourtravelandmore.com\/es\/tours\/espana-es\/bilbao-es\/tour-privado-costa-bilbao-con-guia-oficial-y-vehiculo\/#breadcrumb","itemListElement":[{"@type":"ListItem","position":1,"name":"Home","item":"https:\/\/tourtravelandmore.com\/es\/"},{"@type":"ListItem","position":2,"name":"Tours","item":"https:\/\/tourtravelandmore.com\/es\/tours\/"},{"@type":"ListItem","position":3,"name":"Tour Privado por la Costa del Pais Vasco\u00a0desde\u00a0Bilbao"}]},{"@type":"WebSite","@id":"https:\/\/tourtravelandmore.com\/es\/#website","url":"https:\/\/tourtravelandmore.com\/es\/","name":"Tour Travel And More","description":"Private sightseeing tours and luxury transfers in Spain","publisher":{"@id":"https:\/\/tourtravelandmore.com\/es\/#organization"},"potentialAction":[{"@type":"SearchAction","target":{"@type":"EntryPoint","urlTemplate":"https:\/\/tourtravelandmore.com\/es\/?s={search_term_string}"},"query-input":{"@type":"PropertyValueSpecification","valueRequired":true,"valueName":"search_term_string"}}],"inLanguage":"es"},{"@type":"Organization","@id":"https:\/\/tourtravelandmore.com\/es\/#organization","name":"Tour Travel And More","url":"https:\/\/tourtravelandmore.com\/es\/","logo":{"@type":"ImageObject","inLanguage":"es","@id":"https:\/\/tourtravelandmore.com\/es\/#\/schema\/logo\/image\/","url":"https:\/\/tourtravelandmore.com\/wp-content\/uploads\/2022\/12\/cropped-logo-cabecera-new.png","contentUrl":"https:\/\/tourtravelandmore.com\/wp-content\/uploads\/2022\/12\/cropped-logo-cabecera-new.png","width":430,"height":61,"caption":"Tour Travel And More"},"image":{"@id":"https:\/\/tourtravelandmore.com\/es\/#\/schema\/logo\/image\/"},"sameAs":["https:\/\/www.facebook.com\/tourtravelandmore\/","https:\/\/x.com\/TourTravel_More"]}]}},"_links":{"self":[{"href":"https:\/\/tourtravelandmore.com\/es\/wp-json\/wp\/v2\/product\/5592","targetHints":{"allow":["GET"]}}],"collection":[{"href":"https:\/\/tourtravelandmore.com\/es\/wp-json\/wp\/v2\/product"}],"about":[{"href":"https:\/\/tourtravelandmore.com\/es\/wp-json\/wp\/v2\/types\/product"}],"replies":[{"embeddable":true,"href":"https:\/\/tourtravelandmore.com\/es\/wp-json\/wp\/v2\/comments?post=5592"}],"wp:featuredmedia":[{"embeddable":true,"href":"https:\/\/tourtravelandmore.com\/es\/wp-json\/wp\/v2\/media\/59755"}],"wp:attachment":[{"href":"https:\/\/tourtravelandmore.com\/es\/wp-json\/wp\/v2\/media?parent=5592"}],"wp:term":[{"taxonomy":"product_brand","embeddable":true,"href":"https:\/\/tourtravelandmore.com\/es\/wp-json\/wp\/v2\/product_brand?post=5592"},{"taxonomy":"product_cat","embeddable":true,"href":"https:\/\/tourtravelandmore.com\/es\/wp-json\/wp\/v2\/product_cat?post=5592"},{"taxonomy":"product_tag","embeddable":true,"href":"https:\/\/tourtravelandmore.com\/es\/wp-json\/wp\/v2\/product_tag?post=5592"}],"curies":[{"name":"wp","href":"https:\/\/api.w.org\/{rel}","templated":true}]}}