{"id":5581,"date":"2016-07-12T19:24:45","date_gmt":"2016-07-12T17:24:45","guid":{"rendered":"http:\/\/tourtravelandmore.com\/es\/?post_type=product&#038;p=5581"},"modified":"2023-12-25T17:01:18","modified_gmt":"2023-12-25T16:01:18","slug":"tour-privado-bilbao-con-guia-oficial-y-vehiculo-con-conductor","status":"publish","type":"product","link":"https:\/\/tourtravelandmore.com\/es\/tours\/espana-es\/bilbao-es\/tour-privado-bilbao-con-guia-oficial-y-vehiculo-con-conductor\/","title":{"rendered":"Tour privado de Bilbao con gu\u00eda y vehiculo"},"content":{"rendered":"<h2><b>Descripci\u00f3n del Tour Privado de Bilbao<\/b><\/h2>\n<p><span style=\"font-weight: 400;\">Emb\u00e1rquese en un viaje inolvidable con nuestro Tour Privado de Bilbao, dise\u00f1ado exclusivamente por Tour Travel and More para mostrar lo mejor del diverso paisaje cultural de Bilbao. Este completo tour de 4 horas est\u00e1 meticulosamente dise\u00f1ado para aquellos que deseen sumergirse profundamente en el coraz\u00f3n de Bilbao, explorando su rica historia, patrimonio art\u00edstico y maravillas modernas.<\/span><\/p>\n<p><span style=\"font-weight: 400;\">Al comenzar su experiencia personalizada, nuestro ch\u00f3fer profesional le recibir\u00e1 en el lugar que elija de Bilbao, ya sea su hotel, el puerto de cruceros o cualquier otro punto de la ciudad. Acompa\u00f1ado por nuestro gu\u00eda experto, ser\u00e1 transportado c\u00f3modamente en un veh\u00edculo de lujo, garantizando un recorrido de m\u00e1xima comodidad y elegancia.<\/span><\/p>\n<p><span style=\"font-weight: 400;\">A lo largo de este cautivador viaje, ser\u00e1 testigo de la perfecta combinaci\u00f3n del encanto tradicional de Bilbao y la grandeza contempor\u00e1nea. Desde las serpenteantes callejuelas del Casco Viejo, repletas de relatos hist\u00f3ricos, hasta la arquitectura vanguardista simbolizada por el emblem\u00e1tico Museo Guggenheim, cada curva presenta una nueva faceta del encanto de Bilbao.<\/span><\/p>\n<p><span style=\"font-weight: 400;\">Su excursi\u00f3n por Bilbao no s\u00f3lo ser\u00e1 un placer para la vista, sino tambi\u00e9n una enriquecedora experiencia educativa. Mientras recorre la ciudad, su gu\u00eda personal, gran conocedor de la historia y la cultura de Bilbao, le ofrecer\u00e1 comentarios interesantes y perspicaces. Este tour es m\u00e1s que una simple visita tur\u00edstica; es una inmersi\u00f3n profunda en la esencia de Bilbao, donde cada esquina tiene una historia y cada edificio refleja un pedazo de historia.<\/span><\/p>\n<p><span style=\"font-weight: 400;\">El ritmo de la visita est\u00e1 pensado para que disponga de tiempo suficiente para saborear cada lugar y empaparse de la atm\u00f3sfera de esta magn\u00edfica ciudad. Ya se trate del animado bullicio de los mercados o de la serena elegancia de las catedrales hist\u00f3ricas, experimentar\u00e1 lo mejor de Bilbao de una manera que se adapte a sus intereses personales y a su ritmo. Para entusiastas del arte, aficionados a la historia o exploradores ocasionales, este tour promete una exploraci\u00f3n completa y memorable de los lugares m\u00e1s preciados de Bilbao.<\/span><\/p>\n<h2><b>Tour Privado de Bilbao | Puntos de Inter\u00e9s y Lugares de Inter\u00e9s<\/b><\/h2>\n<ul>\n<li style=\"font-weight: 400;\" aria-level=\"1\"><b>Casco Viejo:<\/b><span style=\"font-weight: 400;\"> Sum\u00e9rjase en el coraz\u00f3n de la historia de Bilbao mientras recorre el Casco Viejo. Descubra las joyas ocultas y los monumentos hist\u00f3ricos, como el bullicioso Mercado de la Ribera y la pintoresca Plaza Nueva, cada uno de los cuales evoca historias de anta\u00f1o.<\/span><\/li>\n<li style=\"font-weight: 400;\" aria-level=\"1\"><b>Puente Zubizuri:<\/b><span style=\"font-weight: 400;\"> Marav\u00edllese ante la maravilla arquitect\u00f3nica del Puente Zubizuri, una impresionante pasarela blanca dise\u00f1ada por Santiago Calatrava, s\u00edmbolo de la moderna revitalizaci\u00f3n de Bilbao.<\/span><\/li>\n<li style=\"font-weight: 400;\" aria-level=\"1\"><b>Azkuna Zentroa:<\/b><span style=\"font-weight: 400;\"> Echa un vistazo al exterior de este innovador centro cultural, un ejemplo perfecto de c\u00f3mo Bilbao fusiona lo tradicional con lo contempor\u00e1neo.<\/span><\/li>\n<li style=\"font-weight: 400;\" aria-level=\"1\"><b>Bas\u00edlica de Bego\u00f1a<\/b><span style=\"font-weight: 400;\">: Visita la venerada Bas\u00edlica de Bego\u00f1a, testimonio del patrimonio religioso de la ciudad, y disfruta de unas impresionantes vistas de Bilbao.<\/span><\/li>\n<li style=\"font-weight: 400;\" aria-level=\"1\"><b>Puente de la Salve y Moy\u00faa<\/b><span style=\"font-weight: 400;\">: Experimenta los din\u00e1micos espacios urbanos de Bilbao, desde el llamativo Puente de la Salve hasta la bulliciosa Plaza de Don Federico Moy\u00faa.<\/span><\/li>\n<li style=\"font-weight: 400;\" aria-level=\"1\"><b>Museo Guggenheim<\/b><span style=\"font-weight: 400;\">: Ninguna visita a Bilbao est\u00e1 completa sin admirar el Museo Guggenheim. Opcionalmente, ad\u00e9ntrese en sus galer\u00edas con su gu\u00eda privado, explorando colecciones de arte de talla mundial (se pueden organizar entradas bajo petici\u00f3n).<\/span><\/li>\n<li style=\"font-weight: 400;\" aria-level=\"1\"><b>Estadio de San Mam\u00e9s:<\/b><span style=\"font-weight: 400;\"> Para los aficionados al f\u00fatbol, la visita al Estadio de San Mam\u00e9s es obligada. Viva la emoci\u00f3n y la pasi\u00f3n que encierra el esp\u00edritu de Bilbao.<\/span><\/li>\n<li style=\"font-weight: 400;\" aria-level=\"1\"><b>Barrio del Ensanche<\/b><span style=\"font-weight: 400;\">: Explora la arquitectura moderna de Bilbao en el Barrio del Ensanche, que contrasta con el encanto hist\u00f3rico del Casco Viejo.<\/span><\/li>\n<li style=\"font-weight: 400;\" aria-level=\"1\"><b>Puente del Arenal y Puente de San Ant\u00f3n:<\/b><span style=\"font-weight: 400;\"> Pasea por estos ic\u00f3nicos puentes, que cruzan el r\u00edo Nervi\u00f3n, y s\u00e9 testigo de la mezcla de historia y modernidad que define a Bilbao. El Puente del Arenal te conecta con el vibrante Parque del Arenal, mientras que el Puente de San Ant\u00f3n, con la pintoresca Iglesia de San Ant\u00f3n como tel\u00f3n de fondo, est\u00e1 cargado de historia.<\/span><\/li>\n<li style=\"font-weight: 400;\" aria-level=\"1\"><b>Iglesia de San Ant\u00f3n:<\/b><span style=\"font-weight: 400;\"> Esta hist\u00f3rica iglesia, situada cerca del puente de San Ant\u00f3n, es un s\u00edmbolo muy querido de Bilbao. Data del siglo XV y es un testimonio del esp\u00edritu perdurable de la ciudad y de su patrimonio arquitect\u00f3nico.<\/span><\/li>\n<\/ul>\n<p><span style=\"font-weight: 400;\">Al finalizar su visita, le aseguraremos un c\u00f3modo regreso a su hotel o lugar preferido en Bilbao, dej\u00e1ndole enriquecido con los recuerdos e historias de esta vibrante ciudad.<\/span><\/p>\n<p><a href=\"https:\/\/tourtravelandmore.com\/es\/ciudad\/espana-es\/bilbao-es\/\"><span style=\"font-weight: 400;\">\u00a1Descubra m\u00e1s tours privados en Bilbao aqu\u00ed!<\/span><\/a><\/p>\n","protected":false},"excerpt":{"rendered":"<p><span style=\"font-weight: 400;\">\u00danase a nosotros en un Tour Privado de Bilbao de 4 horas, explorando calles hist\u00f3ricas, arquitectura moderna y el famoso Museo Guggenheim. Viaje con lujo y estilo de la mano de nuestros gu\u00edas expertos, que le garantizar\u00e1n un viaje memorable y perspicaz a trav\u00e9s del rico tapiz cultural de Bilbao.<\/span><\/p>\n","protected":false},"featured_media":59582,"comment_status":"open","ping_status":"closed","template":"","meta":{"_acf_changed":false},"product_brand":[],"product_cat":[189,191,193,523],"product_tag":[],"class_list":{"0":"post-5581","1":"product","2":"type-product","3":"status-publish","4":"has-post-thumbnail","6":"product_cat-bilbao-es","7":"product_cat-bilbao-actividades-es","8":"product_cat-bilbao-rutas-turisticas-privadas-es","9":"product_cat-bilbao-excursiones-privadas-cruceros-es","11":"first","12":"instock","13":"shipping-taxable","14":"purchasable","15":"product-type-simple"},"acf":[],"yoast_head":"<!-- This site is optimized with the Yoast SEO Premium plugin v25.3.1 (Yoast SEO v25.3.1) - https:\/\/yoast.com\/wordpress\/plugins\/seo\/ -->\n<title>\u27a1\ufe0f Descubre la riqueza cultural de Bilbao con nuestras visitas guiadas privadas \u2705<\/title>\n<meta name=\"description\" content=\"Explore el Casco Viejo hist\u00f3rico de Bilbao, los monumentos modernos y el Museo Guggenheim en un lujoso tour privado de 4 horas con gu\u00edas expertos. Reserve ahora para una experiencia inmersiva en Bilbao \u2705.\" \/>\n<meta name=\"robots\" content=\"index, follow, max-snippet:-1, max-image-preview:large, max-video-preview:-1\" \/>\n<link rel=\"canonical\" href=\"https:\/\/tourtravelandmore.com\/es\/tours\/espana-es\/bilbao-es\/tour-privado-bilbao-con-guia-oficial-y-vehiculo-con-conductor\/\" \/>\n<meta property=\"og:locale\" content=\"es_ES\" \/>\n<meta property=\"og:type\" content=\"article\" \/>\n<meta property=\"og:title\" content=\"Tour privado de Bilbao con gu\u00eda y vehiculo\" \/>\n<meta property=\"og:description\" content=\"Explore el Casco Viejo hist\u00f3rico de Bilbao, los monumentos modernos y el Museo Guggenheim en un lujoso tour privado de 4 horas con gu\u00edas expertos. Reserve ahora para una experiencia inmersiva en Bilbao \u2705.\" \/>\n<meta property=\"og:url\" content=\"https:\/\/tourtravelandmore.com\/es\/tours\/espana-es\/bilbao-es\/tour-privado-bilbao-con-guia-oficial-y-vehiculo-con-conductor\/\" \/>\n<meta property=\"og:site_name\" content=\"Tour Travel And More\" \/>\n<meta property=\"article:publisher\" content=\"https:\/\/www.facebook.com\/tourtravelandmore\/\" \/>\n<meta property=\"article:modified_time\" content=\"2023-12-25T16:01:18+00:00\" \/>\n<meta property=\"og:image\" content=\"https:\/\/tourtravelandmore.com\/wp-content\/uploads\/2016\/07\/bilbao3.jpg\" \/>\n\t<meta property=\"og:image:width\" content=\"800\" \/>\n\t<meta property=\"og:image:height\" content=\"500\" \/>\n\t<meta property=\"og:image:type\" content=\"image\/jpeg\" \/>\n<meta name=\"twitter:card\" content=\"summary_large_image\" \/>\n<meta name=\"twitter:site\" content=\"@TourTravel_More\" \/>\n<meta name=\"twitter:label1\" content=\"Tiempo de lectura\" \/>\n\t<meta name=\"twitter:data1\" content=\"4 minutos\" \/>\n<script type=\"application\/ld+json\" class=\"yoast-schema-graph\">{\"@context\":\"https:\/\/schema.org\",\"@graph\":[{\"@type\":\"WebPage\",\"@id\":\"https:\/\/tourtravelandmore.com\/es\/tours\/espana-es\/bilbao-es\/tour-privado-bilbao-con-guia-oficial-y-vehiculo-con-conductor\/\",\"url\":\"https:\/\/tourtravelandmore.com\/es\/tours\/espana-es\/bilbao-es\/tour-privado-bilbao-con-guia-oficial-y-vehiculo-con-conductor\/\",\"name\":\"\u27a1\ufe0f Descubre la riqueza cultural de Bilbao con nuestras visitas guiadas privadas \u2705\",\"isPartOf\":{\"@id\":\"https:\/\/tourtravelandmore.com\/es\/#website\"},\"primaryImageOfPage\":{\"@id\":\"https:\/\/tourtravelandmore.com\/es\/tours\/espana-es\/bilbao-es\/tour-privado-bilbao-con-guia-oficial-y-vehiculo-con-conductor\/#primaryimage\"},\"image\":{\"@id\":\"https:\/\/tourtravelandmore.com\/es\/tours\/espana-es\/bilbao-es\/tour-privado-bilbao-con-guia-oficial-y-vehiculo-con-conductor\/#primaryimage\"},\"thumbnailUrl\":\"https:\/\/tourtravelandmore.com\/wp-content\/uploads\/2016\/07\/bilbao3.jpg\",\"datePublished\":\"2016-07-12T17:24:45+00:00\",\"dateModified\":\"2023-12-25T16:01:18+00:00\",\"description\":\"Explore el Casco Viejo hist\u00f3rico de Bilbao, los monumentos modernos y el Museo Guggenheim en un lujoso tour privado de 4 horas con gu\u00edas expertos. Reserve ahora para una experiencia inmersiva en Bilbao \u2705.\",\"breadcrumb\":{\"@id\":\"https:\/\/tourtravelandmore.com\/es\/tours\/espana-es\/bilbao-es\/tour-privado-bilbao-con-guia-oficial-y-vehiculo-con-conductor\/#breadcrumb\"},\"inLanguage\":\"es\",\"potentialAction\":[{\"@type\":\"ReadAction\",\"target\":[\"https:\/\/tourtravelandmore.com\/es\/tours\/espana-es\/bilbao-es\/tour-privado-bilbao-con-guia-oficial-y-vehiculo-con-conductor\/\"]}]},{\"@type\":\"ImageObject\",\"inLanguage\":\"es\",\"@id\":\"https:\/\/tourtravelandmore.com\/es\/tours\/espana-es\/bilbao-es\/tour-privado-bilbao-con-guia-oficial-y-vehiculo-con-conductor\/#primaryimage\",\"url\":\"https:\/\/tourtravelandmore.com\/wp-content\/uploads\/2016\/07\/bilbao3.jpg\",\"contentUrl\":\"https:\/\/tourtravelandmore.com\/wp-content\/uploads\/2016\/07\/bilbao3.jpg\",\"width\":800,\"height\":500},{\"@type\":\"BreadcrumbList\",\"@id\":\"https:\/\/tourtravelandmore.com\/es\/tours\/espana-es\/bilbao-es\/tour-privado-bilbao-con-guia-oficial-y-vehiculo-con-conductor\/#breadcrumb\",\"itemListElement\":[{\"@type\":\"ListItem\",\"position\":1,\"name\":\"Home\",\"item\":\"https:\/\/tourtravelandmore.com\/es\/\"},{\"@type\":\"ListItem\",\"position\":2,\"name\":\"Tours\",\"item\":\"https:\/\/tourtravelandmore.com\/es\/tours\/\"},{\"@type\":\"ListItem\",\"position\":3,\"name\":\"Tour privado de Bilbao con gu\u00eda y vehiculo\"}]},{\"@type\":\"WebSite\",\"@id\":\"https:\/\/tourtravelandmore.com\/es\/#website\",\"url\":\"https:\/\/tourtravelandmore.com\/es\/\",\"name\":\"Tour Travel And More\",\"description\":\"Private sightseeing tours and luxury transfers in Spain\",\"publisher\":{\"@id\":\"https:\/\/tourtravelandmore.com\/es\/#organization\"},\"potentialAction\":[{\"@type\":\"SearchAction\",\"target\":{\"@type\":\"EntryPoint\",\"urlTemplate\":\"https:\/\/tourtravelandmore.com\/es\/?s={search_term_string}\"},\"query-input\":{\"@type\":\"PropertyValueSpecification\",\"valueRequired\":true,\"valueName\":\"search_term_string\"}}],\"inLanguage\":\"es\"},{\"@type\":\"Organization\",\"@id\":\"https:\/\/tourtravelandmore.com\/es\/#organization\",\"name\":\"Tour Travel And More\",\"url\":\"https:\/\/tourtravelandmore.com\/es\/\",\"logo\":{\"@type\":\"ImageObject\",\"inLanguage\":\"es\",\"@id\":\"https:\/\/tourtravelandmore.com\/es\/#\/schema\/logo\/image\/\",\"url\":\"https:\/\/tourtravelandmore.com\/wp-content\/uploads\/2022\/12\/cropped-logo-cabecera-new.png\",\"contentUrl\":\"https:\/\/tourtravelandmore.com\/wp-content\/uploads\/2022\/12\/cropped-logo-cabecera-new.png\",\"width\":430,\"height\":61,\"caption\":\"Tour Travel And More\"},\"image\":{\"@id\":\"https:\/\/tourtravelandmore.com\/es\/#\/schema\/logo\/image\/\"},\"sameAs\":[\"https:\/\/www.facebook.com\/tourtravelandmore\/\",\"https:\/\/x.com\/TourTravel_More\"]}]}<\/script>\n<!-- \/ Yoast SEO Premium plugin. -->","yoast_head_json":{"title":"\u27a1\ufe0f Descubre la riqueza cultural de Bilbao con nuestras visitas guiadas privadas \u2705","description":"Explore el Casco Viejo hist\u00f3rico de Bilbao, los monumentos modernos y el Museo Guggenheim en un lujoso tour privado de 4 horas con gu\u00edas expertos. Reserve ahora para una experiencia inmersiva en Bilbao \u2705.","robots":{"index":"index","follow":"follow","max-snippet":"max-snippet:-1","max-image-preview":"max-image-preview:large","max-video-preview":"max-video-preview:-1"},"canonical":"https:\/\/tourtravelandmore.com\/es\/tours\/espana-es\/bilbao-es\/tour-privado-bilbao-con-guia-oficial-y-vehiculo-con-conductor\/","og_locale":"es_ES","og_type":"article","og_title":"Tour privado de Bilbao con gu\u00eda y vehiculo","og_description":"Explore el Casco Viejo hist\u00f3rico de Bilbao, los monumentos modernos y el Museo Guggenheim en un lujoso tour privado de 4 horas con gu\u00edas expertos. Reserve ahora para una experiencia inmersiva en Bilbao \u2705.","og_url":"https:\/\/tourtravelandmore.com\/es\/tours\/espana-es\/bilbao-es\/tour-privado-bilbao-con-guia-oficial-y-vehiculo-con-conductor\/","og_site_name":"Tour Travel And More","article_publisher":"https:\/\/www.facebook.com\/tourtravelandmore\/","article_modified_time":"2023-12-25T16:01:18+00:00","og_image":[{"width":800,"height":500,"url":"https:\/\/tourtravelandmore.com\/wp-content\/uploads\/2016\/07\/bilbao3.jpg","type":"image\/jpeg"}],"twitter_card":"summary_large_image","twitter_site":"@TourTravel_More","twitter_misc":{"Tiempo de lectura":"4 minutos"},"schema":{"@context":"https:\/\/schema.org","@graph":[{"@type":"WebPage","@id":"https:\/\/tourtravelandmore.com\/es\/tours\/espana-es\/bilbao-es\/tour-privado-bilbao-con-guia-oficial-y-vehiculo-con-conductor\/","url":"https:\/\/tourtravelandmore.com\/es\/tours\/espana-es\/bilbao-es\/tour-privado-bilbao-con-guia-oficial-y-vehiculo-con-conductor\/","name":"\u27a1\ufe0f Descubre la riqueza cultural de Bilbao con nuestras visitas guiadas privadas \u2705","isPartOf":{"@id":"https:\/\/tourtravelandmore.com\/es\/#website"},"primaryImageOfPage":{"@id":"https:\/\/tourtravelandmore.com\/es\/tours\/espana-es\/bilbao-es\/tour-privado-bilbao-con-guia-oficial-y-vehiculo-con-conductor\/#primaryimage"},"image":{"@id":"https:\/\/tourtravelandmore.com\/es\/tours\/espana-es\/bilbao-es\/tour-privado-bilbao-con-guia-oficial-y-vehiculo-con-conductor\/#primaryimage"},"thumbnailUrl":"https:\/\/tourtravelandmore.com\/wp-content\/uploads\/2016\/07\/bilbao3.jpg","datePublished":"2016-07-12T17:24:45+00:00","dateModified":"2023-12-25T16:01:18+00:00","description":"Explore el Casco Viejo hist\u00f3rico de Bilbao, los monumentos modernos y el Museo Guggenheim en un lujoso tour privado de 4 horas con gu\u00edas expertos. Reserve ahora para una experiencia inmersiva en Bilbao \u2705.","breadcrumb":{"@id":"https:\/\/tourtravelandmore.com\/es\/tours\/espana-es\/bilbao-es\/tour-privado-bilbao-con-guia-oficial-y-vehiculo-con-conductor\/#breadcrumb"},"inLanguage":"es","potentialAction":[{"@type":"ReadAction","target":["https:\/\/tourtravelandmore.com\/es\/tours\/espana-es\/bilbao-es\/tour-privado-bilbao-con-guia-oficial-y-vehiculo-con-conductor\/"]}]},{"@type":"ImageObject","inLanguage":"es","@id":"https:\/\/tourtravelandmore.com\/es\/tours\/espana-es\/bilbao-es\/tour-privado-bilbao-con-guia-oficial-y-vehiculo-con-conductor\/#primaryimage","url":"https:\/\/tourtravelandmore.com\/wp-content\/uploads\/2016\/07\/bilbao3.jpg","contentUrl":"https:\/\/tourtravelandmore.com\/wp-content\/uploads\/2016\/07\/bilbao3.jpg","width":800,"height":500},{"@type":"BreadcrumbList","@id":"https:\/\/tourtravelandmore.com\/es\/tours\/espana-es\/bilbao-es\/tour-privado-bilbao-con-guia-oficial-y-vehiculo-con-conductor\/#breadcrumb","itemListElement":[{"@type":"ListItem","position":1,"name":"Home","item":"https:\/\/tourtravelandmore.com\/es\/"},{"@type":"ListItem","position":2,"name":"Tours","item":"https:\/\/tourtravelandmore.com\/es\/tours\/"},{"@type":"ListItem","position":3,"name":"Tour privado de Bilbao con gu\u00eda y vehiculo"}]},{"@type":"WebSite","@id":"https:\/\/tourtravelandmore.com\/es\/#website","url":"https:\/\/tourtravelandmore.com\/es\/","name":"Tour Travel And More","description":"Private sightseeing tours and luxury transfers in Spain","publisher":{"@id":"https:\/\/tourtravelandmore.com\/es\/#organization"},"potentialAction":[{"@type":"SearchAction","target":{"@type":"EntryPoint","urlTemplate":"https:\/\/tourtravelandmore.com\/es\/?s={search_term_string}"},"query-input":{"@type":"PropertyValueSpecification","valueRequired":true,"valueName":"search_term_string"}}],"inLanguage":"es"},{"@type":"Organization","@id":"https:\/\/tourtravelandmore.com\/es\/#organization","name":"Tour Travel And More","url":"https:\/\/tourtravelandmore.com\/es\/","logo":{"@type":"ImageObject","inLanguage":"es","@id":"https:\/\/tourtravelandmore.com\/es\/#\/schema\/logo\/image\/","url":"https:\/\/tourtravelandmore.com\/wp-content\/uploads\/2022\/12\/cropped-logo-cabecera-new.png","contentUrl":"https:\/\/tourtravelandmore.com\/wp-content\/uploads\/2022\/12\/cropped-logo-cabecera-new.png","width":430,"height":61,"caption":"Tour Travel And More"},"image":{"@id":"https:\/\/tourtravelandmore.com\/es\/#\/schema\/logo\/image\/"},"sameAs":["https:\/\/www.facebook.com\/tourtravelandmore\/","https:\/\/x.com\/TourTravel_More"]}]}},"_links":{"self":[{"href":"https:\/\/tourtravelandmore.com\/es\/wp-json\/wp\/v2\/product\/5581","targetHints":{"allow":["GET"]}}],"collection":[{"href":"https:\/\/tourtravelandmore.com\/es\/wp-json\/wp\/v2\/product"}],"about":[{"href":"https:\/\/tourtravelandmore.com\/es\/wp-json\/wp\/v2\/types\/product"}],"replies":[{"embeddable":true,"href":"https:\/\/tourtravelandmore.com\/es\/wp-json\/wp\/v2\/comments?post=5581"}],"wp:featuredmedia":[{"embeddable":true,"href":"https:\/\/tourtravelandmore.com\/es\/wp-json\/wp\/v2\/media\/59582"}],"wp:attachment":[{"href":"https:\/\/tourtravelandmore.com\/es\/wp-json\/wp\/v2\/media?parent=5581"}],"wp:term":[{"taxonomy":"product_brand","embeddable":true,"href":"https:\/\/tourtravelandmore.com\/es\/wp-json\/wp\/v2\/product_brand?post=5581"},{"taxonomy":"product_cat","embeddable":true,"href":"https:\/\/tourtravelandmore.com\/es\/wp-json\/wp\/v2\/product_cat?post=5581"},{"taxonomy":"product_tag","embeddable":true,"href":"https:\/\/tourtravelandmore.com\/es\/wp-json\/wp\/v2\/product_tag?post=5581"}],"curies":[{"name":"wp","href":"https:\/\/api.w.org\/{rel}","templated":true}]}}