{"id":5563,"date":"2016-04-25T12:54:22","date_gmt":"2016-04-25T10:54:22","guid":{"rendered":"http:\/\/tourtravelandmore.com\/es\/tours\/uncategorized\/private-walking-tour-of-cadiz\/"},"modified":"2024-02-27T14:19:08","modified_gmt":"2024-02-27T13:19:08","slug":"tour-privado-a-pie-cadiz-con-guia-oficial","status":"publish","type":"product","link":"https:\/\/tourtravelandmore.com\/es\/tours\/espana-es\/cadiz-es\/tour-privado-a-pie-cadiz-con-guia-oficial\/","title":{"rendered":"Tour Privado a pie de C\u00e1diz"},"content":{"rendered":"<h2>Descripci\u00f3n del Tour Privado a pie de C\u00e1diz<\/h2>\n<p><span lang=\"es\">Disfruta de este tour privado a pie C\u00e1diz con su gu\u00eda oficial privado y conoce los mejores lugares de C\u00e1diz.<\/span><\/p>\n<p><span lang=\"es\">Este tour privado a pie por C\u00e1diz comenzar\u00e1 desde un punto de encuentro c\u00e9ntrico en el centro de la ciudad de C\u00e1diz. Si su hotel se encuentra en el centro de la ciudad de C\u00e1diz, podemos organizar una c\u00f3moda recogida desde all\u00ed.<\/span><\/p>\n<p>La duraci\u00f3n del tour privado a pie C\u00e1diz es de 3 horas, es completamente privado, pueden escoger la hora de recogida.<\/p>\n<p><span lang=\"es\">C\u00e1diz tiene mucho que ofrecer, incre\u00edbles playas y un centro hist\u00f3rico de la ciudad \u00fanico.\u00a0 <\/span><span lang=\"es\">Es una gran ciudad para pasar unas vacaciones, ya que tendr\u00e1s tiempo para un viaje cultural, culinario y, por supuesto, \u00a1unas vacaciones en la playa! <\/span><\/p>\n<p><span lang=\"es\">Realice este recorrido privado a pie para disfrutar de lo mejor del centro de la ciudad y el coraz\u00f3n de C\u00e1diz.<\/span><\/p>\n<h2>Puntos de inter\u00e9s en el Tour Privado a pie de C\u00e1diz<\/h2>\n<p>C\u00e1diz es una de las ciudades m\u00e1s antiguas del mundo. Alberga estilos arquitect\u00f3nicos isl\u00e1micos e hisp\u00e1nicos y posee majestuosas catedrales. Posee un clima muy amigable durante todo el a\u00f1o, lo que lo hace un destino predilecto para visitar durante los 365 d\u00edas del a\u00f1o.<\/p>\n<p>Fenicios, griegos y romanos poblaron esta provincia, leg\u00e1ndonos <strong> importantes testimonios <\/strong> de su presencia en todo el litoral gaditano.<\/p>\n<p>Durante vuestro tour privado, podr\u00e9is ver, entre otros monumentos, los siguientes:<\/p>\n<ul>\n<li><strong>Ayuntamiento<\/strong><\/li>\n<li><strong>Barrio Populo<\/strong><\/li>\n<li><strong>Teatro Romano<\/strong><\/li>\n<li><strong>Catedral<\/strong><\/li>\n<li><strong>Plaza de las Flores<\/strong><\/li>\n<li><strong>Mercado<\/strong><\/li>\n<li><strong>\u00a1Mucho mas!<\/strong><\/li>\n<\/ul>\n<p>En todo momento ir\u00e1 acompa\u00f1ado con nuestro gu\u00eda y conocer\u00e1 la historia, monumentos y leyendas.<\/p>\n<p>Si dispone de m\u00e1s d\u00edas en C\u00e1diz, puedes consultar<a href=\"https:\/\/tourtravelandmore.com\/es\/ciudad\/espana-es\/cadiz-es\/\"><strong> aqu\u00ed<\/strong><\/a>, el resto de nuestros tours privado de C\u00e1diz.<\/p>\n","protected":false},"excerpt":{"rendered":"<p>Conoce una de las ciudades m\u00e1s bonitas de Andaluc\u00eda, junto a nuestro gu\u00eda oficial privado. Fenicios, griegos y romanos poblaron esta provincia, leg\u00e1ndonos importantes testimonios de su presencia en todo el litoral gaditano. Descubre su Historia, monumentos y leyendas, gracias a este tour a pie privado de la ciudad.<\/p>\n<p>&nbsp;<\/p>\n","protected":false},"featured_media":59422,"comment_status":"open","ping_status":"closed","template":"","meta":{"_acf_changed":false},"product_brand":[],"product_cat":[70,71,73,72,521,74],"product_tag":[],"class_list":{"0":"post-5563","1":"product","2":"type-product","3":"status-publish","4":"has-post-thumbnail","6":"product_cat-cadiz-es","7":"product_cat-cadiz-actividades-es","8":"product_cat-cadiz-rutas-turisticas-privadas-es","9":"product_cat-cadiz-excursiones-es","10":"product_cat-cadiz-excursiones-privadas-cruceros-es","11":"product_cat-cadiz-tours-privados-pie-es","13":"first","14":"instock","15":"shipping-taxable","16":"purchasable","17":"product-type-simple"},"acf":[],"yoast_head":"<!-- This site is optimized with the Yoast SEO Premium plugin v25.3.1 (Yoast SEO v25.3.1) - https:\/\/yoast.com\/wordpress\/plugins\/seo\/ -->\n<title>\u27a1\ufe0f Tour privado a pie Cadiz con gu\u00eda oficial | Tour Travel &amp; More<\/title>\n<meta name=\"description\" content=\"Descubre la ciudad de C\u00e1diz gracias a este tour privado a pie de Cadiz y descubre una de las ciudades m\u00e1s bonitas de andaluc\u00eda, junto a su gu\u00eda \u2705\" \/>\n<meta name=\"robots\" content=\"index, follow, max-snippet:-1, max-image-preview:large, max-video-preview:-1\" \/>\n<link rel=\"canonical\" href=\"https:\/\/tourtravelandmore.com\/es\/tours\/espana-es\/cadiz-es\/tour-privado-a-pie-cadiz-con-guia-oficial\/\" \/>\n<meta property=\"og:locale\" content=\"es_ES\" \/>\n<meta property=\"og:type\" content=\"article\" \/>\n<meta property=\"og:title\" content=\"Tour Privado a pie de C\u00e1diz\" \/>\n<meta property=\"og:description\" content=\"Descubre la ciudad de C\u00e1diz gracias a este tour privado a pie de Cadiz y descubre una de las ciudades m\u00e1s bonitas de andaluc\u00eda, junto a su gu\u00eda \u2705\" \/>\n<meta property=\"og:url\" content=\"https:\/\/tourtravelandmore.com\/es\/tours\/espana-es\/cadiz-es\/tour-privado-a-pie-cadiz-con-guia-oficial\/\" \/>\n<meta property=\"og:site_name\" content=\"Tour Travel And More\" \/>\n<meta property=\"article:publisher\" content=\"https:\/\/www.facebook.com\/tourtravelandmore\/\" \/>\n<meta property=\"article:modified_time\" content=\"2024-02-27T13:19:08+00:00\" \/>\n<meta property=\"og:image\" content=\"https:\/\/tourtravelandmore.com\/wp-content\/uploads\/2016\/04\/Cadiz8.jpg\" \/>\n\t<meta property=\"og:image:width\" content=\"800\" \/>\n\t<meta property=\"og:image:height\" content=\"530\" \/>\n\t<meta property=\"og:image:type\" content=\"image\/jpeg\" \/>\n<meta name=\"twitter:card\" content=\"summary_large_image\" \/>\n<meta name=\"twitter:site\" content=\"@TourTravel_More\" \/>\n<meta name=\"twitter:label1\" content=\"Tiempo de lectura\" \/>\n\t<meta name=\"twitter:data1\" content=\"2 minutos\" \/>\n<script type=\"application\/ld+json\" class=\"yoast-schema-graph\">{\"@context\":\"https:\/\/schema.org\",\"@graph\":[{\"@type\":\"WebPage\",\"@id\":\"https:\/\/tourtravelandmore.com\/es\/tours\/espana-es\/cadiz-es\/tour-privado-a-pie-cadiz-con-guia-oficial\/\",\"url\":\"https:\/\/tourtravelandmore.com\/es\/tours\/espana-es\/cadiz-es\/tour-privado-a-pie-cadiz-con-guia-oficial\/\",\"name\":\"\u27a1\ufe0f Tour privado a pie Cadiz con gu\u00eda oficial | Tour Travel & More\",\"isPartOf\":{\"@id\":\"https:\/\/tourtravelandmore.com\/es\/#website\"},\"primaryImageOfPage\":{\"@id\":\"https:\/\/tourtravelandmore.com\/es\/tours\/espana-es\/cadiz-es\/tour-privado-a-pie-cadiz-con-guia-oficial\/#primaryimage\"},\"image\":{\"@id\":\"https:\/\/tourtravelandmore.com\/es\/tours\/espana-es\/cadiz-es\/tour-privado-a-pie-cadiz-con-guia-oficial\/#primaryimage\"},\"thumbnailUrl\":\"https:\/\/tourtravelandmore.com\/wp-content\/uploads\/2016\/04\/Cadiz8.jpg\",\"datePublished\":\"2016-04-25T10:54:22+00:00\",\"dateModified\":\"2024-02-27T13:19:08+00:00\",\"description\":\"Descubre la ciudad de C\u00e1diz gracias a este tour privado a pie de Cadiz y descubre una de las ciudades m\u00e1s bonitas de andaluc\u00eda, junto a su gu\u00eda \u2705\",\"breadcrumb\":{\"@id\":\"https:\/\/tourtravelandmore.com\/es\/tours\/espana-es\/cadiz-es\/tour-privado-a-pie-cadiz-con-guia-oficial\/#breadcrumb\"},\"inLanguage\":\"es\",\"potentialAction\":[{\"@type\":\"ReadAction\",\"target\":[\"https:\/\/tourtravelandmore.com\/es\/tours\/espana-es\/cadiz-es\/tour-privado-a-pie-cadiz-con-guia-oficial\/\"]}]},{\"@type\":\"ImageObject\",\"inLanguage\":\"es\",\"@id\":\"https:\/\/tourtravelandmore.com\/es\/tours\/espana-es\/cadiz-es\/tour-privado-a-pie-cadiz-con-guia-oficial\/#primaryimage\",\"url\":\"https:\/\/tourtravelandmore.com\/wp-content\/uploads\/2016\/04\/Cadiz8.jpg\",\"contentUrl\":\"https:\/\/tourtravelandmore.com\/wp-content\/uploads\/2016\/04\/Cadiz8.jpg\",\"width\":800,\"height\":530},{\"@type\":\"BreadcrumbList\",\"@id\":\"https:\/\/tourtravelandmore.com\/es\/tours\/espana-es\/cadiz-es\/tour-privado-a-pie-cadiz-con-guia-oficial\/#breadcrumb\",\"itemListElement\":[{\"@type\":\"ListItem\",\"position\":1,\"name\":\"Home\",\"item\":\"https:\/\/tourtravelandmore.com\/es\/\"},{\"@type\":\"ListItem\",\"position\":2,\"name\":\"Tours\",\"item\":\"https:\/\/tourtravelandmore.com\/es\/tours\/\"},{\"@type\":\"ListItem\",\"position\":3,\"name\":\"Tour Privado a pie de C\u00e1diz\"}]},{\"@type\":\"WebSite\",\"@id\":\"https:\/\/tourtravelandmore.com\/es\/#website\",\"url\":\"https:\/\/tourtravelandmore.com\/es\/\",\"name\":\"Tour Travel And More\",\"description\":\"Private sightseeing tours and luxury transfers in Spain\",\"publisher\":{\"@id\":\"https:\/\/tourtravelandmore.com\/es\/#organization\"},\"potentialAction\":[{\"@type\":\"SearchAction\",\"target\":{\"@type\":\"EntryPoint\",\"urlTemplate\":\"https:\/\/tourtravelandmore.com\/es\/?s={search_term_string}\"},\"query-input\":{\"@type\":\"PropertyValueSpecification\",\"valueRequired\":true,\"valueName\":\"search_term_string\"}}],\"inLanguage\":\"es\"},{\"@type\":\"Organization\",\"@id\":\"https:\/\/tourtravelandmore.com\/es\/#organization\",\"name\":\"Tour Travel And More\",\"url\":\"https:\/\/tourtravelandmore.com\/es\/\",\"logo\":{\"@type\":\"ImageObject\",\"inLanguage\":\"es\",\"@id\":\"https:\/\/tourtravelandmore.com\/es\/#\/schema\/logo\/image\/\",\"url\":\"https:\/\/tourtravelandmore.com\/wp-content\/uploads\/2022\/12\/cropped-logo-cabecera-new.png\",\"contentUrl\":\"https:\/\/tourtravelandmore.com\/wp-content\/uploads\/2022\/12\/cropped-logo-cabecera-new.png\",\"width\":430,\"height\":61,\"caption\":\"Tour Travel And More\"},\"image\":{\"@id\":\"https:\/\/tourtravelandmore.com\/es\/#\/schema\/logo\/image\/\"},\"sameAs\":[\"https:\/\/www.facebook.com\/tourtravelandmore\/\",\"https:\/\/x.com\/TourTravel_More\"]}]}<\/script>\n<!-- \/ Yoast SEO Premium plugin. -->","yoast_head_json":{"title":"\u27a1\ufe0f Tour privado a pie Cadiz con gu\u00eda oficial | Tour Travel & More","description":"Descubre la ciudad de C\u00e1diz gracias a este tour privado a pie de Cadiz y descubre una de las ciudades m\u00e1s bonitas de andaluc\u00eda, junto a su gu\u00eda \u2705","robots":{"index":"index","follow":"follow","max-snippet":"max-snippet:-1","max-image-preview":"max-image-preview:large","max-video-preview":"max-video-preview:-1"},"canonical":"https:\/\/tourtravelandmore.com\/es\/tours\/espana-es\/cadiz-es\/tour-privado-a-pie-cadiz-con-guia-oficial\/","og_locale":"es_ES","og_type":"article","og_title":"Tour Privado a pie de C\u00e1diz","og_description":"Descubre la ciudad de C\u00e1diz gracias a este tour privado a pie de Cadiz y descubre una de las ciudades m\u00e1s bonitas de andaluc\u00eda, junto a su gu\u00eda \u2705","og_url":"https:\/\/tourtravelandmore.com\/es\/tours\/espana-es\/cadiz-es\/tour-privado-a-pie-cadiz-con-guia-oficial\/","og_site_name":"Tour Travel And More","article_publisher":"https:\/\/www.facebook.com\/tourtravelandmore\/","article_modified_time":"2024-02-27T13:19:08+00:00","og_image":[{"width":800,"height":530,"url":"https:\/\/tourtravelandmore.com\/wp-content\/uploads\/2016\/04\/Cadiz8.jpg","type":"image\/jpeg"}],"twitter_card":"summary_large_image","twitter_site":"@TourTravel_More","twitter_misc":{"Tiempo de lectura":"2 minutos"},"schema":{"@context":"https:\/\/schema.org","@graph":[{"@type":"WebPage","@id":"https:\/\/tourtravelandmore.com\/es\/tours\/espana-es\/cadiz-es\/tour-privado-a-pie-cadiz-con-guia-oficial\/","url":"https:\/\/tourtravelandmore.com\/es\/tours\/espana-es\/cadiz-es\/tour-privado-a-pie-cadiz-con-guia-oficial\/","name":"\u27a1\ufe0f Tour privado a pie Cadiz con gu\u00eda oficial | Tour Travel & More","isPartOf":{"@id":"https:\/\/tourtravelandmore.com\/es\/#website"},"primaryImageOfPage":{"@id":"https:\/\/tourtravelandmore.com\/es\/tours\/espana-es\/cadiz-es\/tour-privado-a-pie-cadiz-con-guia-oficial\/#primaryimage"},"image":{"@id":"https:\/\/tourtravelandmore.com\/es\/tours\/espana-es\/cadiz-es\/tour-privado-a-pie-cadiz-con-guia-oficial\/#primaryimage"},"thumbnailUrl":"https:\/\/tourtravelandmore.com\/wp-content\/uploads\/2016\/04\/Cadiz8.jpg","datePublished":"2016-04-25T10:54:22+00:00","dateModified":"2024-02-27T13:19:08+00:00","description":"Descubre la ciudad de C\u00e1diz gracias a este tour privado a pie de Cadiz y descubre una de las ciudades m\u00e1s bonitas de andaluc\u00eda, junto a su gu\u00eda \u2705","breadcrumb":{"@id":"https:\/\/tourtravelandmore.com\/es\/tours\/espana-es\/cadiz-es\/tour-privado-a-pie-cadiz-con-guia-oficial\/#breadcrumb"},"inLanguage":"es","potentialAction":[{"@type":"ReadAction","target":["https:\/\/tourtravelandmore.com\/es\/tours\/espana-es\/cadiz-es\/tour-privado-a-pie-cadiz-con-guia-oficial\/"]}]},{"@type":"ImageObject","inLanguage":"es","@id":"https:\/\/tourtravelandmore.com\/es\/tours\/espana-es\/cadiz-es\/tour-privado-a-pie-cadiz-con-guia-oficial\/#primaryimage","url":"https:\/\/tourtravelandmore.com\/wp-content\/uploads\/2016\/04\/Cadiz8.jpg","contentUrl":"https:\/\/tourtravelandmore.com\/wp-content\/uploads\/2016\/04\/Cadiz8.jpg","width":800,"height":530},{"@type":"BreadcrumbList","@id":"https:\/\/tourtravelandmore.com\/es\/tours\/espana-es\/cadiz-es\/tour-privado-a-pie-cadiz-con-guia-oficial\/#breadcrumb","itemListElement":[{"@type":"ListItem","position":1,"name":"Home","item":"https:\/\/tourtravelandmore.com\/es\/"},{"@type":"ListItem","position":2,"name":"Tours","item":"https:\/\/tourtravelandmore.com\/es\/tours\/"},{"@type":"ListItem","position":3,"name":"Tour Privado a pie de C\u00e1diz"}]},{"@type":"WebSite","@id":"https:\/\/tourtravelandmore.com\/es\/#website","url":"https:\/\/tourtravelandmore.com\/es\/","name":"Tour Travel And More","description":"Private sightseeing tours and luxury transfers in Spain","publisher":{"@id":"https:\/\/tourtravelandmore.com\/es\/#organization"},"potentialAction":[{"@type":"SearchAction","target":{"@type":"EntryPoint","urlTemplate":"https:\/\/tourtravelandmore.com\/es\/?s={search_term_string}"},"query-input":{"@type":"PropertyValueSpecification","valueRequired":true,"valueName":"search_term_string"}}],"inLanguage":"es"},{"@type":"Organization","@id":"https:\/\/tourtravelandmore.com\/es\/#organization","name":"Tour Travel And More","url":"https:\/\/tourtravelandmore.com\/es\/","logo":{"@type":"ImageObject","inLanguage":"es","@id":"https:\/\/tourtravelandmore.com\/es\/#\/schema\/logo\/image\/","url":"https:\/\/tourtravelandmore.com\/wp-content\/uploads\/2022\/12\/cropped-logo-cabecera-new.png","contentUrl":"https:\/\/tourtravelandmore.com\/wp-content\/uploads\/2022\/12\/cropped-logo-cabecera-new.png","width":430,"height":61,"caption":"Tour Travel And More"},"image":{"@id":"https:\/\/tourtravelandmore.com\/es\/#\/schema\/logo\/image\/"},"sameAs":["https:\/\/www.facebook.com\/tourtravelandmore\/","https:\/\/x.com\/TourTravel_More"]}]}},"_links":{"self":[{"href":"https:\/\/tourtravelandmore.com\/es\/wp-json\/wp\/v2\/product\/5563","targetHints":{"allow":["GET"]}}],"collection":[{"href":"https:\/\/tourtravelandmore.com\/es\/wp-json\/wp\/v2\/product"}],"about":[{"href":"https:\/\/tourtravelandmore.com\/es\/wp-json\/wp\/v2\/types\/product"}],"replies":[{"embeddable":true,"href":"https:\/\/tourtravelandmore.com\/es\/wp-json\/wp\/v2\/comments?post=5563"}],"wp:featuredmedia":[{"embeddable":true,"href":"https:\/\/tourtravelandmore.com\/es\/wp-json\/wp\/v2\/media\/59422"}],"wp:attachment":[{"href":"https:\/\/tourtravelandmore.com\/es\/wp-json\/wp\/v2\/media?parent=5563"}],"wp:term":[{"taxonomy":"product_brand","embeddable":true,"href":"https:\/\/tourtravelandmore.com\/es\/wp-json\/wp\/v2\/product_brand?post=5563"},{"taxonomy":"product_cat","embeddable":true,"href":"https:\/\/tourtravelandmore.com\/es\/wp-json\/wp\/v2\/product_cat?post=5563"},{"taxonomy":"product_tag","embeddable":true,"href":"https:\/\/tourtravelandmore.com\/es\/wp-json\/wp\/v2\/product_tag?post=5563"}],"curies":[{"name":"wp","href":"https:\/\/api.w.org\/{rel}","templated":true}]}}