{"id":35463,"date":"2019-04-01T16:19:51","date_gmt":"2019-04-01T14:19:53","guid":{"rendered":"http:\/\/tourtravelandmore.com\/es\/tours\/marrakech-es\/tour-privado-excursion-de-un-dia-al-desierto-de-agafay-desde-marrakech-copy\/"},"modified":"2023-09-27T14:13:20","modified_gmt":"2023-09-27T12:13:20","slug":"tour-privado-excursion-de-un-dia-al-desierto-de-agafay-desde-marrakech-copy","status":"publish","type":"product","link":"https:\/\/tourtravelandmore.com\/es\/tours\/marruecos-es\/marrakech-es\/tour-privado-excursion-de-un-dia-al-desierto-de-agafay-desde-marrakech-copy\/","title":{"rendered":"Tour Privado de 6 horas al desierto de Agafay desde Marrakech"},"content":{"rendered":"<h2>Descripci\u00f3n del Tour Privado de 6 horas al desierto de Agafay desde Marrakech<\/h2>\n<p>Disfrute de este <strong>tour privado<\/strong> con la recogida en su hotel o riad para dirigirnos al ex\u00f3tico desierto de <strong>Agafay<\/strong>. Al llegar podremos admirar este m\u00e1gico paisaje situado junto a las monta\u00f1as Atlas.<\/p>\n<p>El desierto de Agafay se encuentra a 40 kil\u00f3metros de Marrakech. Se trata de una meseta desierta est\u00e9ril. Los pueblos de la zona se han desplazado por la falta de agua, por lo que, aparte de algunos pastores locales con sus reba\u00f1os de cabras y alg\u00fan 4&#215;4, el \u00e1rea est\u00e1 libre para visitar y hacer un fant\u00e1stico paseo.<\/p>\n<p>Despu\u00e9s regresaremos a vuestro hotel o riad en Marrakech.<\/p>\n<h2>Principales puntos de inter\u00e9s durante este tour privado de 6 horas al desierto de Agafay desde Marrakech<\/h2>\n<p>El <strong>tour privado<\/strong> comenzar\u00e1 con la recogida en su hotel o riad en vuestro <strong>veh\u00edculo privado con ch\u00f3fer<\/strong> para llegar al desierto de <strong>Agafay<\/strong> situad a 40 kil\u00f3metros de Marrakech. Descubriremos este misterioso y m\u00e1gico lugar donde veremos sus rocas blancas.<\/p>\n<p>Tendr\u00e1n la opci\u00f3n de poder disfrutar de un almuerzo con diferentes tipos de comida(europea, marroqu\u00ed\u2026)\u00a0 Por la tarde daremos un paseo en camello para disfrutar de sus maravillosas vistas.<\/p>\n<p>Durante vuestro tour, podr\u00e9is ver entre otros los siguientes lugares de inter\u00e9s:<\/p>\n<ul>\n<li><strong>Lalla Takerkoust lago<\/strong><\/li>\n<li><strong>Rocas blancas<\/strong><\/li>\n<li><strong>Mucho m\u00e1s!<\/strong><\/li>\n<\/ul>\n<p>Ofrecemos a nuestros clientes tours privados para familias, amigos e incluso para incentivos o grupos grandes. Entendemos las necesidades de los viajeros mientras est\u00e1n de vacaciones, y hacemos todo lo posible para que su estancia sea inolvidable. Nuestra flota se compone de veh\u00edculos de lujo y nuestro personal es perfectamente multiling\u00fce. Nuestros gu\u00edas hablan varios idiomas: <em>Ingl\u00e9s, Espa\u00f1ol, Franc\u00e9s, Italiano, Polaco, Holand\u00e9s, Chino, Ruso, Japon\u00e9s, Alem\u00e1n, Griego y Portugu\u00e9s<\/em>.<\/p>\n","protected":false},"excerpt":{"rendered":"<p>Disfrute de este<strong> tour privado<\/strong> <strong>de 6 horas al desierto de Agafay desde Marrakech<\/strong> en el que podremos admirar su ambiente ex\u00f3tico y m\u00e1gico. Dormiremos en un acampado en mitad de la noche marroqu\u00ed en sus famosas jaimas con un tel\u00f3n de fondo de las impresionantes monta\u00f1as <strong>Atlas<\/strong>.<\/p>\n<p>&nbsp;<\/p>\n","protected":false},"featured_media":32632,"comment_status":"open","ping_status":"closed","template":"","meta":{"_acf_changed":false},"product_brand":[],"product_cat":[1610,1112,1114,1113],"product_tag":[],"class_list":{"0":"post-35463","1":"product","2":"type-product","3":"status-publish","4":"has-post-thumbnail","6":"product_cat-marruecos-es","7":"product_cat-marrakech-es","8":"product_cat-marrakech-actividades-es","9":"product_cat-marrakech-excursiones-es","11":"first","12":"instock","13":"shipping-taxable","14":"purchasable","15":"product-type-simple"},"acf":[],"yoast_head":"<!-- This site is optimized with the Yoast SEO Premium plugin v25.3.1 (Yoast SEO v25.3.1) - https:\/\/yoast.com\/wordpress\/plugins\/seo\/ -->\n<title>Tour Privado de un d\u00eda al desierto de Agafay con gu\u00eda oficial | TTM<\/title>\n<meta name=\"description\" content=\"Disfruta este tour privado de un d\u00eda entero al desierto de Agafay con gu\u00eda oficial. Entradas incluidas a los monumentos m\u00e1s emblem\u00e1ticos de la ciudad \u2705\" \/>\n<meta name=\"robots\" content=\"index, follow, max-snippet:-1, max-image-preview:large, max-video-preview:-1\" \/>\n<link rel=\"canonical\" href=\"https:\/\/tourtravelandmore.com\/es\/tours\/marruecos-es\/marrakech-es\/tour-privado-excursion-de-un-dia-al-desierto-de-agafay-desde-marrakech-copy\/\" \/>\n<meta property=\"og:locale\" content=\"es_ES\" \/>\n<meta property=\"og:type\" content=\"article\" \/>\n<meta property=\"og:title\" content=\"Tour Privado de 6 horas al desierto de Agafay desde Marrakech\" \/>\n<meta property=\"og:description\" content=\"Disfruta este tour privado de un d\u00eda entero al desierto de Agafay con gu\u00eda oficial. Entradas incluidas a los monumentos m\u00e1s emblem\u00e1ticos de la ciudad \u2705\" \/>\n<meta property=\"og:url\" content=\"https:\/\/tourtravelandmore.com\/es\/tours\/marruecos-es\/marrakech-es\/tour-privado-excursion-de-un-dia-al-desierto-de-agafay-desde-marrakech-copy\/\" \/>\n<meta property=\"og:site_name\" content=\"Tour Travel And More\" \/>\n<meta property=\"article:publisher\" content=\"https:\/\/www.facebook.com\/tourtravelandmore\/\" \/>\n<meta property=\"article:modified_time\" content=\"2023-09-27T12:13:20+00:00\" \/>\n<meta property=\"og:image\" content=\"https:\/\/tourtravelandmore.com\/wp-content\/uploads\/2019\/02\/desert-1086415_960_720.jpg\" \/>\n\t<meta property=\"og:image:width\" content=\"960\" \/>\n\t<meta property=\"og:image:height\" content=\"540\" \/>\n\t<meta property=\"og:image:type\" content=\"image\/jpeg\" \/>\n<meta name=\"twitter:card\" content=\"summary_large_image\" \/>\n<meta name=\"twitter:site\" content=\"@TourTravel_More\" \/>\n<meta name=\"twitter:label1\" content=\"Tiempo de lectura\" \/>\n\t<meta name=\"twitter:data1\" content=\"2 minutos\" \/>\n<script type=\"application\/ld+json\" class=\"yoast-schema-graph\">{\"@context\":\"https:\/\/schema.org\",\"@graph\":[{\"@type\":\"WebPage\",\"@id\":\"https:\/\/tourtravelandmore.com\/es\/tours\/marruecos-es\/marrakech-es\/tour-privado-excursion-de-un-dia-al-desierto-de-agafay-desde-marrakech-copy\/\",\"url\":\"https:\/\/tourtravelandmore.com\/es\/tours\/marruecos-es\/marrakech-es\/tour-privado-excursion-de-un-dia-al-desierto-de-agafay-desde-marrakech-copy\/\",\"name\":\"Tour Privado de un d\u00eda al desierto de Agafay con gu\u00eda oficial | TTM\",\"isPartOf\":{\"@id\":\"https:\/\/tourtravelandmore.com\/es\/#website\"},\"primaryImageOfPage\":{\"@id\":\"https:\/\/tourtravelandmore.com\/es\/tours\/marruecos-es\/marrakech-es\/tour-privado-excursion-de-un-dia-al-desierto-de-agafay-desde-marrakech-copy\/#primaryimage\"},\"image\":{\"@id\":\"https:\/\/tourtravelandmore.com\/es\/tours\/marruecos-es\/marrakech-es\/tour-privado-excursion-de-un-dia-al-desierto-de-agafay-desde-marrakech-copy\/#primaryimage\"},\"thumbnailUrl\":\"https:\/\/tourtravelandmore.com\/wp-content\/uploads\/2019\/02\/desert-1086415_960_720.jpg\",\"datePublished\":\"2019-04-01T14:19:53+00:00\",\"dateModified\":\"2023-09-27T12:13:20+00:00\",\"description\":\"Disfruta este tour privado de un d\u00eda entero al desierto de Agafay con gu\u00eda oficial. Entradas incluidas a los monumentos m\u00e1s emblem\u00e1ticos de la ciudad \u2705\",\"breadcrumb\":{\"@id\":\"https:\/\/tourtravelandmore.com\/es\/tours\/marruecos-es\/marrakech-es\/tour-privado-excursion-de-un-dia-al-desierto-de-agafay-desde-marrakech-copy\/#breadcrumb\"},\"inLanguage\":\"es\",\"potentialAction\":[{\"@type\":\"ReadAction\",\"target\":[\"https:\/\/tourtravelandmore.com\/es\/tours\/marruecos-es\/marrakech-es\/tour-privado-excursion-de-un-dia-al-desierto-de-agafay-desde-marrakech-copy\/\"]}]},{\"@type\":\"ImageObject\",\"inLanguage\":\"es\",\"@id\":\"https:\/\/tourtravelandmore.com\/es\/tours\/marruecos-es\/marrakech-es\/tour-privado-excursion-de-un-dia-al-desierto-de-agafay-desde-marrakech-copy\/#primaryimage\",\"url\":\"https:\/\/tourtravelandmore.com\/wp-content\/uploads\/2019\/02\/desert-1086415_960_720.jpg\",\"contentUrl\":\"https:\/\/tourtravelandmore.com\/wp-content\/uploads\/2019\/02\/desert-1086415_960_720.jpg\",\"width\":960,\"height\":540},{\"@type\":\"BreadcrumbList\",\"@id\":\"https:\/\/tourtravelandmore.com\/es\/tours\/marruecos-es\/marrakech-es\/tour-privado-excursion-de-un-dia-al-desierto-de-agafay-desde-marrakech-copy\/#breadcrumb\",\"itemListElement\":[{\"@type\":\"ListItem\",\"position\":1,\"name\":\"Home\",\"item\":\"https:\/\/tourtravelandmore.com\/es\/\"},{\"@type\":\"ListItem\",\"position\":2,\"name\":\"Tours\",\"item\":\"https:\/\/tourtravelandmore.com\/es\/tours\/\"},{\"@type\":\"ListItem\",\"position\":3,\"name\":\"Tour Privado de 6 horas al desierto de Agafay desde Marrakech\"}]},{\"@type\":\"WebSite\",\"@id\":\"https:\/\/tourtravelandmore.com\/es\/#website\",\"url\":\"https:\/\/tourtravelandmore.com\/es\/\",\"name\":\"Tour Travel And More\",\"description\":\"Private sightseeing tours and luxury transfers in Spain\",\"publisher\":{\"@id\":\"https:\/\/tourtravelandmore.com\/es\/#organization\"},\"potentialAction\":[{\"@type\":\"SearchAction\",\"target\":{\"@type\":\"EntryPoint\",\"urlTemplate\":\"https:\/\/tourtravelandmore.com\/es\/?s={search_term_string}\"},\"query-input\":{\"@type\":\"PropertyValueSpecification\",\"valueRequired\":true,\"valueName\":\"search_term_string\"}}],\"inLanguage\":\"es\"},{\"@type\":\"Organization\",\"@id\":\"https:\/\/tourtravelandmore.com\/es\/#organization\",\"name\":\"Tour Travel And More\",\"url\":\"https:\/\/tourtravelandmore.com\/es\/\",\"logo\":{\"@type\":\"ImageObject\",\"inLanguage\":\"es\",\"@id\":\"https:\/\/tourtravelandmore.com\/es\/#\/schema\/logo\/image\/\",\"url\":\"https:\/\/tourtravelandmore.com\/wp-content\/uploads\/2022\/12\/cropped-logo-cabecera-new.png\",\"contentUrl\":\"https:\/\/tourtravelandmore.com\/wp-content\/uploads\/2022\/12\/cropped-logo-cabecera-new.png\",\"width\":430,\"height\":61,\"caption\":\"Tour Travel And More\"},\"image\":{\"@id\":\"https:\/\/tourtravelandmore.com\/es\/#\/schema\/logo\/image\/\"},\"sameAs\":[\"https:\/\/www.facebook.com\/tourtravelandmore\/\",\"https:\/\/x.com\/TourTravel_More\"]}]}<\/script>\n<!-- \/ Yoast SEO Premium plugin. -->","yoast_head_json":{"title":"Tour Privado de un d\u00eda al desierto de Agafay con gu\u00eda oficial | TTM","description":"Disfruta este tour privado de un d\u00eda entero al desierto de Agafay con gu\u00eda oficial. Entradas incluidas a los monumentos m\u00e1s emblem\u00e1ticos de la ciudad \u2705","robots":{"index":"index","follow":"follow","max-snippet":"max-snippet:-1","max-image-preview":"max-image-preview:large","max-video-preview":"max-video-preview:-1"},"canonical":"https:\/\/tourtravelandmore.com\/es\/tours\/marruecos-es\/marrakech-es\/tour-privado-excursion-de-un-dia-al-desierto-de-agafay-desde-marrakech-copy\/","og_locale":"es_ES","og_type":"article","og_title":"Tour Privado de 6 horas al desierto de Agafay desde Marrakech","og_description":"Disfruta este tour privado de un d\u00eda entero al desierto de Agafay con gu\u00eda oficial. Entradas incluidas a los monumentos m\u00e1s emblem\u00e1ticos de la ciudad \u2705","og_url":"https:\/\/tourtravelandmore.com\/es\/tours\/marruecos-es\/marrakech-es\/tour-privado-excursion-de-un-dia-al-desierto-de-agafay-desde-marrakech-copy\/","og_site_name":"Tour Travel And More","article_publisher":"https:\/\/www.facebook.com\/tourtravelandmore\/","article_modified_time":"2023-09-27T12:13:20+00:00","og_image":[{"width":960,"height":540,"url":"https:\/\/tourtravelandmore.com\/wp-content\/uploads\/2019\/02\/desert-1086415_960_720.jpg","type":"image\/jpeg"}],"twitter_card":"summary_large_image","twitter_site":"@TourTravel_More","twitter_misc":{"Tiempo de lectura":"2 minutos"},"schema":{"@context":"https:\/\/schema.org","@graph":[{"@type":"WebPage","@id":"https:\/\/tourtravelandmore.com\/es\/tours\/marruecos-es\/marrakech-es\/tour-privado-excursion-de-un-dia-al-desierto-de-agafay-desde-marrakech-copy\/","url":"https:\/\/tourtravelandmore.com\/es\/tours\/marruecos-es\/marrakech-es\/tour-privado-excursion-de-un-dia-al-desierto-de-agafay-desde-marrakech-copy\/","name":"Tour Privado de un d\u00eda al desierto de Agafay con gu\u00eda oficial | TTM","isPartOf":{"@id":"https:\/\/tourtravelandmore.com\/es\/#website"},"primaryImageOfPage":{"@id":"https:\/\/tourtravelandmore.com\/es\/tours\/marruecos-es\/marrakech-es\/tour-privado-excursion-de-un-dia-al-desierto-de-agafay-desde-marrakech-copy\/#primaryimage"},"image":{"@id":"https:\/\/tourtravelandmore.com\/es\/tours\/marruecos-es\/marrakech-es\/tour-privado-excursion-de-un-dia-al-desierto-de-agafay-desde-marrakech-copy\/#primaryimage"},"thumbnailUrl":"https:\/\/tourtravelandmore.com\/wp-content\/uploads\/2019\/02\/desert-1086415_960_720.jpg","datePublished":"2019-04-01T14:19:53+00:00","dateModified":"2023-09-27T12:13:20+00:00","description":"Disfruta este tour privado de un d\u00eda entero al desierto de Agafay con gu\u00eda oficial. Entradas incluidas a los monumentos m\u00e1s emblem\u00e1ticos de la ciudad \u2705","breadcrumb":{"@id":"https:\/\/tourtravelandmore.com\/es\/tours\/marruecos-es\/marrakech-es\/tour-privado-excursion-de-un-dia-al-desierto-de-agafay-desde-marrakech-copy\/#breadcrumb"},"inLanguage":"es","potentialAction":[{"@type":"ReadAction","target":["https:\/\/tourtravelandmore.com\/es\/tours\/marruecos-es\/marrakech-es\/tour-privado-excursion-de-un-dia-al-desierto-de-agafay-desde-marrakech-copy\/"]}]},{"@type":"ImageObject","inLanguage":"es","@id":"https:\/\/tourtravelandmore.com\/es\/tours\/marruecos-es\/marrakech-es\/tour-privado-excursion-de-un-dia-al-desierto-de-agafay-desde-marrakech-copy\/#primaryimage","url":"https:\/\/tourtravelandmore.com\/wp-content\/uploads\/2019\/02\/desert-1086415_960_720.jpg","contentUrl":"https:\/\/tourtravelandmore.com\/wp-content\/uploads\/2019\/02\/desert-1086415_960_720.jpg","width":960,"height":540},{"@type":"BreadcrumbList","@id":"https:\/\/tourtravelandmore.com\/es\/tours\/marruecos-es\/marrakech-es\/tour-privado-excursion-de-un-dia-al-desierto-de-agafay-desde-marrakech-copy\/#breadcrumb","itemListElement":[{"@type":"ListItem","position":1,"name":"Home","item":"https:\/\/tourtravelandmore.com\/es\/"},{"@type":"ListItem","position":2,"name":"Tours","item":"https:\/\/tourtravelandmore.com\/es\/tours\/"},{"@type":"ListItem","position":3,"name":"Tour Privado de 6 horas al desierto de Agafay desde Marrakech"}]},{"@type":"WebSite","@id":"https:\/\/tourtravelandmore.com\/es\/#website","url":"https:\/\/tourtravelandmore.com\/es\/","name":"Tour Travel And More","description":"Private sightseeing tours and luxury transfers in Spain","publisher":{"@id":"https:\/\/tourtravelandmore.com\/es\/#organization"},"potentialAction":[{"@type":"SearchAction","target":{"@type":"EntryPoint","urlTemplate":"https:\/\/tourtravelandmore.com\/es\/?s={search_term_string}"},"query-input":{"@type":"PropertyValueSpecification","valueRequired":true,"valueName":"search_term_string"}}],"inLanguage":"es"},{"@type":"Organization","@id":"https:\/\/tourtravelandmore.com\/es\/#organization","name":"Tour Travel And More","url":"https:\/\/tourtravelandmore.com\/es\/","logo":{"@type":"ImageObject","inLanguage":"es","@id":"https:\/\/tourtravelandmore.com\/es\/#\/schema\/logo\/image\/","url":"https:\/\/tourtravelandmore.com\/wp-content\/uploads\/2022\/12\/cropped-logo-cabecera-new.png","contentUrl":"https:\/\/tourtravelandmore.com\/wp-content\/uploads\/2022\/12\/cropped-logo-cabecera-new.png","width":430,"height":61,"caption":"Tour Travel And More"},"image":{"@id":"https:\/\/tourtravelandmore.com\/es\/#\/schema\/logo\/image\/"},"sameAs":["https:\/\/www.facebook.com\/tourtravelandmore\/","https:\/\/x.com\/TourTravel_More"]}]}},"_links":{"self":[{"href":"https:\/\/tourtravelandmore.com\/es\/wp-json\/wp\/v2\/product\/35463","targetHints":{"allow":["GET"]}}],"collection":[{"href":"https:\/\/tourtravelandmore.com\/es\/wp-json\/wp\/v2\/product"}],"about":[{"href":"https:\/\/tourtravelandmore.com\/es\/wp-json\/wp\/v2\/types\/product"}],"replies":[{"embeddable":true,"href":"https:\/\/tourtravelandmore.com\/es\/wp-json\/wp\/v2\/comments?post=35463"}],"wp:featuredmedia":[{"embeddable":true,"href":"https:\/\/tourtravelandmore.com\/es\/wp-json\/wp\/v2\/media\/32632"}],"wp:attachment":[{"href":"https:\/\/tourtravelandmore.com\/es\/wp-json\/wp\/v2\/media?parent=35463"}],"wp:term":[{"taxonomy":"product_brand","embeddable":true,"href":"https:\/\/tourtravelandmore.com\/es\/wp-json\/wp\/v2\/product_brand?post=35463"},{"taxonomy":"product_cat","embeddable":true,"href":"https:\/\/tourtravelandmore.com\/es\/wp-json\/wp\/v2\/product_cat?post=35463"},{"taxonomy":"product_tag","embeddable":true,"href":"https:\/\/tourtravelandmore.com\/es\/wp-json\/wp\/v2\/product_tag?post=35463"}],"curies":[{"name":"wp","href":"https:\/\/api.w.org\/{rel}","templated":true}]}}