{"id":35217,"date":"2019-03-27T12:44:19","date_gmt":"2019-03-27T11:44:22","guid":{"rendered":"http:\/\/tourtravelandmore.com\/es\/tours\/tanger-es\/tour-privado-dia-completo-de-tetuan-con-chofer-y-guia-privado\/"},"modified":"2021-11-12T11:19:05","modified_gmt":"2021-11-12T10:19:05","slug":"tour-privado-dia-completo-de-tetuan-con-chofer-y-guia-privado","status":"publish","type":"product","link":"https:\/\/tourtravelandmore.com\/es\/tours\/marruecos-es\/tanger-es\/tour-privado-dia-completo-de-tetuan-con-chofer-y-guia-privado\/","title":{"rendered":"Tour Privado de Tetu\u00e1n desde T\u00e1nger"},"content":{"rendered":"<h2>Descripci\u00f3n Tour Privado de Tetu\u00e1n desde T\u00e1nger<\/h2>\n<p>Disfrute de un agradable recorrido por el campo de T\u00e1nger y Tetu\u00e1n, podr\u00e1 detenerse en el camino para tomar fotograf\u00edas. Si lo desean, al llegar, primero tendremos una idea de la parte hispana de Tetu\u00e1n (la Paloma Blanca) y Podr\u00e1 disfrutar de la arquitectura andalucia del Tetu\u00e1n contempor\u00e1neo.<\/p>\n<p>M\u00e1s tarde, visitar\u00e1 la antigua ciudad, considerada patrimonio internacional por la Unesco, y explorar\u00e1 los mercados de agricultores (mercados bereberes de frutas, verduras, especias y otros &#8230;), recorra varios talleres, curtidores, forjadores de oro y plata. Smith, det\u00e9ngase en el palacio del rey, varias mezquitas con una hermosa arquitectura morisca.<\/p>\n<p>Continuaremos con la visita al barrio jud\u00edo Mellah de Tetu\u00e1n, m\u00faltiples calles estrechas y arqueadas que forman una especie de laberinto o laberinto dentro de la medina que tiene una arquitectura distinta, durante este recorrido a pie tendr\u00e1 comentarios sobre la historia y la cultura de la ciudad. Una vez que finalice el recorrido, puede almorzar y tener tiempo libre y luego dirigirse a T\u00e1nger.<\/p>\n<h2>Principales puntos de inter\u00e9s durante este tour privado<\/h2>\n<p>El<strong> tour privado<\/strong> comenzar\u00e1 con la recogida en su hotel en su <strong>veh\u00edculo privado con ch\u00f3fer oficial.<\/strong> Tu gu\u00eda te llevar\u00e1 por los puntos m\u00e1s emblem\u00e1ticos de la medina y el resto de la ciudad.<\/p>\n<p>Entre otros monumentos y lugares de inter\u00e9s podr\u00e1s conocer:<\/p>\n<ul>\n<li><strong>Pasear por la antigua medina<\/strong><\/li>\n<li><strong>Museo Arqueol\u00f3gico<\/strong><\/li>\n<li><strong>Artes y artesan\u00edas locales<\/strong><\/li>\n<li><strong>\u00a1Mucho m\u00e1s!<\/strong><\/li>\n<\/ul>\n<p>Podr\u00e1s personalizar este tour y tomar fotos impresionantes cuando lo desees. Este es un tour \u00fanico totalmente personalizado para usted.<\/p>\n<h2>La Ciudad: Tetu\u00e1n<\/h2>\n<p>Tetu\u00e1n una ciudad situada en el norte de Marruecos. Se encuentra a lo largo del Valle de Martil y es uno de los dos puertos principales de Marruecos en el mar Mediterr\u00e1neo, a unas pocas millas al sur del Estrecho de Gibraltar, y a unos 60 km (40 mi) E.S.E. de T\u00e1nger En el censo marroqu\u00ed de 2014, la ciudad registr\u00f3 una poblaci\u00f3n de 380.787 habitantes. Es parte de la divisi\u00f3n administrativa Tanger-Tetouan-Al Hoceima.<\/p>\n<p>La ciudad ha sido testigo de muchos ciclos de desarrollo que abarcan m\u00e1s de 2000 a\u00f1os.<\/p>\n<h3>Nuestros Tours Privados en Tour Travel &amp; More<\/h3>\n<p>Ofrecemos a nuestros clientes tours privados para familias, amigos e incluso para incentivos o grupos grandes. Entendemos las necesidades de los viajeros mientras est\u00e1n de vacaciones, y hacemos todo lo posible para que su estancia sea inolvidable. Nuestra flota se compone de veh\u00edculos de lujo y nuestro personal es perfectamente multiling\u00fce. Nuestros gu\u00edas son gu\u00edas oficiales y viven en Sevilla y son gran conocedores de la ciudad. Nuestros gu\u00edas en Sevilla hablan varios idiomas: <em><strong>Ingl\u00e9s, Espa\u00f1ol, Franc\u00e9s, Italiano, Polaco, Holand\u00e9s, Chino, Ruso, Japon\u00e9s, Alem\u00e1n, Griego y Portugu\u00e9s.<\/strong><\/em><\/p>\n","protected":false},"excerpt":{"rendered":"<p>Disfrute de este <strong>tour privado completamente personalizado por Tetu\u00e1n<\/strong> y conozca esta ciudad \u00fanica en <strong>Marruecos<\/strong>. Aproveche esta oportunidad para conocer Marruecos en esta excursi\u00f3n de un d\u00eda desde su hotel o puerto de cruceros en <strong>T\u00e1nger<\/strong>. Personalice su propia experiencia. \u00a1No te pierdas lugares como la <strong>medina de Tetu\u00e1n<\/strong>, el <strong>Museo Arqueol\u00f3gico<\/strong> y mucho m\u00e1s!<\/p>\n","protected":false},"featured_media":35326,"comment_status":"open","ping_status":"closed","template":"","meta":{"_acf_changed":false},"product_brand":[],"product_cat":[1610,898,909,910,911],"product_tag":[],"class_list":{"0":"post-35217","1":"product","2":"type-product","3":"status-publish","4":"has-post-thumbnail","6":"product_cat-marruecos-es","7":"product_cat-tanger-es","8":"product_cat-tanger-actividades-es","9":"product_cat-tanger-rutas-turisticas-privadas-es","10":"product_cat-tanger-excursiones-es","12":"first","13":"instock","14":"shipping-taxable","15":"purchasable","16":"product-type-simple"},"acf":[],"yoast_head":"<!-- This site is optimized with the Yoast SEO Premium plugin v25.3.1 (Yoast SEO v25.3.1) - https:\/\/yoast.com\/wordpress\/plugins\/seo\/ -->\n<title>Tour Privado de Tetu\u00e1n con gu\u00eda oficial y vehiculo privado | Tour Travel &amp; More<\/title>\n<meta name=\"description\" content=\"Descubra la fant\u00e1stica ciudad azul de Tetu\u00e1n junto a un gu\u00eda oficial, c\u00f3modo en un veh\u00edculo privado. Visite la Medina, la plaza Uta el-Hamman y m\u00e1s!\" \/>\n<meta name=\"robots\" content=\"index, follow, max-snippet:-1, max-image-preview:large, max-video-preview:-1\" \/>\n<link rel=\"canonical\" href=\"https:\/\/tourtravelandmore.com\/es\/tours\/marruecos-es\/tanger-es\/tour-privado-dia-completo-de-tetuan-con-chofer-y-guia-privado\/\" \/>\n<meta property=\"og:locale\" content=\"es_ES\" \/>\n<meta property=\"og:type\" content=\"article\" \/>\n<meta property=\"og:title\" content=\"Tour Privado de Tetu\u00e1n desde T\u00e1nger\" \/>\n<meta property=\"og:description\" content=\"Descubra la fant\u00e1stica ciudad azul de Tetu\u00e1n junto a un gu\u00eda oficial, c\u00f3modo en un veh\u00edculo privado. Visite la Medina, la plaza Uta el-Hamman y m\u00e1s!\" \/>\n<meta property=\"og:url\" content=\"https:\/\/tourtravelandmore.com\/es\/tours\/marruecos-es\/tanger-es\/tour-privado-dia-completo-de-tetuan-con-chofer-y-guia-privado\/\" \/>\n<meta property=\"og:site_name\" content=\"Tour Travel And More\" \/>\n<meta property=\"article:publisher\" content=\"https:\/\/www.facebook.com\/tourtravelandmore\/\" \/>\n<meta property=\"article:modified_time\" content=\"2021-11-12T10:19:05+00:00\" \/>\n<meta property=\"og:image\" content=\"https:\/\/tourtravelandmore.com\/wp-content\/uploads\/2019\/03\/28340334754_6a67965b67_b.jpg\" \/>\n\t<meta property=\"og:image:width\" content=\"1024\" \/>\n\t<meta property=\"og:image:height\" content=\"715\" \/>\n\t<meta property=\"og:image:type\" content=\"image\/jpeg\" \/>\n<meta name=\"twitter:card\" content=\"summary_large_image\" \/>\n<meta name=\"twitter:site\" content=\"@TourTravel_More\" \/>\n<meta name=\"twitter:label1\" content=\"Tiempo de lectura\" \/>\n\t<meta name=\"twitter:data1\" content=\"2 minutos\" \/>\n<script type=\"application\/ld+json\" class=\"yoast-schema-graph\">{\"@context\":\"https:\/\/schema.org\",\"@graph\":[{\"@type\":\"WebPage\",\"@id\":\"https:\/\/tourtravelandmore.com\/es\/tours\/marruecos-es\/tanger-es\/tour-privado-dia-completo-de-tetuan-con-chofer-y-guia-privado\/\",\"url\":\"https:\/\/tourtravelandmore.com\/es\/tours\/marruecos-es\/tanger-es\/tour-privado-dia-completo-de-tetuan-con-chofer-y-guia-privado\/\",\"name\":\"Tour Privado de Tetu\u00e1n con gu\u00eda oficial y vehiculo privado | Tour Travel & More\",\"isPartOf\":{\"@id\":\"https:\/\/tourtravelandmore.com\/es\/#website\"},\"primaryImageOfPage\":{\"@id\":\"https:\/\/tourtravelandmore.com\/es\/tours\/marruecos-es\/tanger-es\/tour-privado-dia-completo-de-tetuan-con-chofer-y-guia-privado\/#primaryimage\"},\"image\":{\"@id\":\"https:\/\/tourtravelandmore.com\/es\/tours\/marruecos-es\/tanger-es\/tour-privado-dia-completo-de-tetuan-con-chofer-y-guia-privado\/#primaryimage\"},\"thumbnailUrl\":\"https:\/\/tourtravelandmore.com\/wp-content\/uploads\/2019\/03\/28340334754_6a67965b67_b.jpg\",\"datePublished\":\"2019-03-27T11:44:22+00:00\",\"dateModified\":\"2021-11-12T10:19:05+00:00\",\"description\":\"Descubra la fant\u00e1stica ciudad azul de Tetu\u00e1n junto a un gu\u00eda oficial, c\u00f3modo en un veh\u00edculo privado. Visite la Medina, la plaza Uta el-Hamman y m\u00e1s!\",\"breadcrumb\":{\"@id\":\"https:\/\/tourtravelandmore.com\/es\/tours\/marruecos-es\/tanger-es\/tour-privado-dia-completo-de-tetuan-con-chofer-y-guia-privado\/#breadcrumb\"},\"inLanguage\":\"es\",\"potentialAction\":[{\"@type\":\"ReadAction\",\"target\":[\"https:\/\/tourtravelandmore.com\/es\/tours\/marruecos-es\/tanger-es\/tour-privado-dia-completo-de-tetuan-con-chofer-y-guia-privado\/\"]}]},{\"@type\":\"ImageObject\",\"inLanguage\":\"es\",\"@id\":\"https:\/\/tourtravelandmore.com\/es\/tours\/marruecos-es\/tanger-es\/tour-privado-dia-completo-de-tetuan-con-chofer-y-guia-privado\/#primaryimage\",\"url\":\"https:\/\/tourtravelandmore.com\/wp-content\/uploads\/2019\/03\/28340334754_6a67965b67_b.jpg\",\"contentUrl\":\"https:\/\/tourtravelandmore.com\/wp-content\/uploads\/2019\/03\/28340334754_6a67965b67_b.jpg\",\"width\":1024,\"height\":715},{\"@type\":\"BreadcrumbList\",\"@id\":\"https:\/\/tourtravelandmore.com\/es\/tours\/marruecos-es\/tanger-es\/tour-privado-dia-completo-de-tetuan-con-chofer-y-guia-privado\/#breadcrumb\",\"itemListElement\":[{\"@type\":\"ListItem\",\"position\":1,\"name\":\"Home\",\"item\":\"https:\/\/tourtravelandmore.com\/es\/\"},{\"@type\":\"ListItem\",\"position\":2,\"name\":\"Tours\",\"item\":\"https:\/\/tourtravelandmore.com\/es\/tours\/\"},{\"@type\":\"ListItem\",\"position\":3,\"name\":\"Tour Privado de Tetu\u00e1n desde T\u00e1nger\"}]},{\"@type\":\"WebSite\",\"@id\":\"https:\/\/tourtravelandmore.com\/es\/#website\",\"url\":\"https:\/\/tourtravelandmore.com\/es\/\",\"name\":\"Tour Travel And More\",\"description\":\"Private sightseeing tours and luxury transfers in Spain\",\"publisher\":{\"@id\":\"https:\/\/tourtravelandmore.com\/es\/#organization\"},\"potentialAction\":[{\"@type\":\"SearchAction\",\"target\":{\"@type\":\"EntryPoint\",\"urlTemplate\":\"https:\/\/tourtravelandmore.com\/es\/?s={search_term_string}\"},\"query-input\":{\"@type\":\"PropertyValueSpecification\",\"valueRequired\":true,\"valueName\":\"search_term_string\"}}],\"inLanguage\":\"es\"},{\"@type\":\"Organization\",\"@id\":\"https:\/\/tourtravelandmore.com\/es\/#organization\",\"name\":\"Tour Travel And More\",\"url\":\"https:\/\/tourtravelandmore.com\/es\/\",\"logo\":{\"@type\":\"ImageObject\",\"inLanguage\":\"es\",\"@id\":\"https:\/\/tourtravelandmore.com\/es\/#\/schema\/logo\/image\/\",\"url\":\"https:\/\/tourtravelandmore.com\/wp-content\/uploads\/2022\/12\/cropped-logo-cabecera-new.png\",\"contentUrl\":\"https:\/\/tourtravelandmore.com\/wp-content\/uploads\/2022\/12\/cropped-logo-cabecera-new.png\",\"width\":430,\"height\":61,\"caption\":\"Tour Travel And More\"},\"image\":{\"@id\":\"https:\/\/tourtravelandmore.com\/es\/#\/schema\/logo\/image\/\"},\"sameAs\":[\"https:\/\/www.facebook.com\/tourtravelandmore\/\",\"https:\/\/x.com\/TourTravel_More\"]}]}<\/script>\n<!-- \/ Yoast SEO Premium plugin. -->","yoast_head_json":{"title":"Tour Privado de Tetu\u00e1n con gu\u00eda oficial y vehiculo privado | Tour Travel & More","description":"Descubra la fant\u00e1stica ciudad azul de Tetu\u00e1n junto a un gu\u00eda oficial, c\u00f3modo en un veh\u00edculo privado. Visite la Medina, la plaza Uta el-Hamman y m\u00e1s!","robots":{"index":"index","follow":"follow","max-snippet":"max-snippet:-1","max-image-preview":"max-image-preview:large","max-video-preview":"max-video-preview:-1"},"canonical":"https:\/\/tourtravelandmore.com\/es\/tours\/marruecos-es\/tanger-es\/tour-privado-dia-completo-de-tetuan-con-chofer-y-guia-privado\/","og_locale":"es_ES","og_type":"article","og_title":"Tour Privado de Tetu\u00e1n desde T\u00e1nger","og_description":"Descubra la fant\u00e1stica ciudad azul de Tetu\u00e1n junto a un gu\u00eda oficial, c\u00f3modo en un veh\u00edculo privado. Visite la Medina, la plaza Uta el-Hamman y m\u00e1s!","og_url":"https:\/\/tourtravelandmore.com\/es\/tours\/marruecos-es\/tanger-es\/tour-privado-dia-completo-de-tetuan-con-chofer-y-guia-privado\/","og_site_name":"Tour Travel And More","article_publisher":"https:\/\/www.facebook.com\/tourtravelandmore\/","article_modified_time":"2021-11-12T10:19:05+00:00","og_image":[{"width":1024,"height":715,"url":"https:\/\/tourtravelandmore.com\/wp-content\/uploads\/2019\/03\/28340334754_6a67965b67_b.jpg","type":"image\/jpeg"}],"twitter_card":"summary_large_image","twitter_site":"@TourTravel_More","twitter_misc":{"Tiempo de lectura":"2 minutos"},"schema":{"@context":"https:\/\/schema.org","@graph":[{"@type":"WebPage","@id":"https:\/\/tourtravelandmore.com\/es\/tours\/marruecos-es\/tanger-es\/tour-privado-dia-completo-de-tetuan-con-chofer-y-guia-privado\/","url":"https:\/\/tourtravelandmore.com\/es\/tours\/marruecos-es\/tanger-es\/tour-privado-dia-completo-de-tetuan-con-chofer-y-guia-privado\/","name":"Tour Privado de Tetu\u00e1n con gu\u00eda oficial y vehiculo privado | Tour Travel & More","isPartOf":{"@id":"https:\/\/tourtravelandmore.com\/es\/#website"},"primaryImageOfPage":{"@id":"https:\/\/tourtravelandmore.com\/es\/tours\/marruecos-es\/tanger-es\/tour-privado-dia-completo-de-tetuan-con-chofer-y-guia-privado\/#primaryimage"},"image":{"@id":"https:\/\/tourtravelandmore.com\/es\/tours\/marruecos-es\/tanger-es\/tour-privado-dia-completo-de-tetuan-con-chofer-y-guia-privado\/#primaryimage"},"thumbnailUrl":"https:\/\/tourtravelandmore.com\/wp-content\/uploads\/2019\/03\/28340334754_6a67965b67_b.jpg","datePublished":"2019-03-27T11:44:22+00:00","dateModified":"2021-11-12T10:19:05+00:00","description":"Descubra la fant\u00e1stica ciudad azul de Tetu\u00e1n junto a un gu\u00eda oficial, c\u00f3modo en un veh\u00edculo privado. Visite la Medina, la plaza Uta el-Hamman y m\u00e1s!","breadcrumb":{"@id":"https:\/\/tourtravelandmore.com\/es\/tours\/marruecos-es\/tanger-es\/tour-privado-dia-completo-de-tetuan-con-chofer-y-guia-privado\/#breadcrumb"},"inLanguage":"es","potentialAction":[{"@type":"ReadAction","target":["https:\/\/tourtravelandmore.com\/es\/tours\/marruecos-es\/tanger-es\/tour-privado-dia-completo-de-tetuan-con-chofer-y-guia-privado\/"]}]},{"@type":"ImageObject","inLanguage":"es","@id":"https:\/\/tourtravelandmore.com\/es\/tours\/marruecos-es\/tanger-es\/tour-privado-dia-completo-de-tetuan-con-chofer-y-guia-privado\/#primaryimage","url":"https:\/\/tourtravelandmore.com\/wp-content\/uploads\/2019\/03\/28340334754_6a67965b67_b.jpg","contentUrl":"https:\/\/tourtravelandmore.com\/wp-content\/uploads\/2019\/03\/28340334754_6a67965b67_b.jpg","width":1024,"height":715},{"@type":"BreadcrumbList","@id":"https:\/\/tourtravelandmore.com\/es\/tours\/marruecos-es\/tanger-es\/tour-privado-dia-completo-de-tetuan-con-chofer-y-guia-privado\/#breadcrumb","itemListElement":[{"@type":"ListItem","position":1,"name":"Home","item":"https:\/\/tourtravelandmore.com\/es\/"},{"@type":"ListItem","position":2,"name":"Tours","item":"https:\/\/tourtravelandmore.com\/es\/tours\/"},{"@type":"ListItem","position":3,"name":"Tour Privado de Tetu\u00e1n desde T\u00e1nger"}]},{"@type":"WebSite","@id":"https:\/\/tourtravelandmore.com\/es\/#website","url":"https:\/\/tourtravelandmore.com\/es\/","name":"Tour Travel And More","description":"Private sightseeing tours and luxury transfers in Spain","publisher":{"@id":"https:\/\/tourtravelandmore.com\/es\/#organization"},"potentialAction":[{"@type":"SearchAction","target":{"@type":"EntryPoint","urlTemplate":"https:\/\/tourtravelandmore.com\/es\/?s={search_term_string}"},"query-input":{"@type":"PropertyValueSpecification","valueRequired":true,"valueName":"search_term_string"}}],"inLanguage":"es"},{"@type":"Organization","@id":"https:\/\/tourtravelandmore.com\/es\/#organization","name":"Tour Travel And More","url":"https:\/\/tourtravelandmore.com\/es\/","logo":{"@type":"ImageObject","inLanguage":"es","@id":"https:\/\/tourtravelandmore.com\/es\/#\/schema\/logo\/image\/","url":"https:\/\/tourtravelandmore.com\/wp-content\/uploads\/2022\/12\/cropped-logo-cabecera-new.png","contentUrl":"https:\/\/tourtravelandmore.com\/wp-content\/uploads\/2022\/12\/cropped-logo-cabecera-new.png","width":430,"height":61,"caption":"Tour Travel And More"},"image":{"@id":"https:\/\/tourtravelandmore.com\/es\/#\/schema\/logo\/image\/"},"sameAs":["https:\/\/www.facebook.com\/tourtravelandmore\/","https:\/\/x.com\/TourTravel_More"]}]}},"_links":{"self":[{"href":"https:\/\/tourtravelandmore.com\/es\/wp-json\/wp\/v2\/product\/35217","targetHints":{"allow":["GET"]}}],"collection":[{"href":"https:\/\/tourtravelandmore.com\/es\/wp-json\/wp\/v2\/product"}],"about":[{"href":"https:\/\/tourtravelandmore.com\/es\/wp-json\/wp\/v2\/types\/product"}],"replies":[{"embeddable":true,"href":"https:\/\/tourtravelandmore.com\/es\/wp-json\/wp\/v2\/comments?post=35217"}],"wp:featuredmedia":[{"embeddable":true,"href":"https:\/\/tourtravelandmore.com\/es\/wp-json\/wp\/v2\/media\/35326"}],"wp:attachment":[{"href":"https:\/\/tourtravelandmore.com\/es\/wp-json\/wp\/v2\/media?parent=35217"}],"wp:term":[{"taxonomy":"product_brand","embeddable":true,"href":"https:\/\/tourtravelandmore.com\/es\/wp-json\/wp\/v2\/product_brand?post=35217"},{"taxonomy":"product_cat","embeddable":true,"href":"https:\/\/tourtravelandmore.com\/es\/wp-json\/wp\/v2\/product_cat?post=35217"},{"taxonomy":"product_tag","embeddable":true,"href":"https:\/\/tourtravelandmore.com\/es\/wp-json\/wp\/v2\/product_tag?post=35217"}],"curies":[{"name":"wp","href":"https:\/\/api.w.org\/{rel}","templated":true}]}}