{"id":35120,"date":"2019-03-26T16:15:52","date_gmt":"2019-03-26T15:15:55","guid":{"rendered":"http:\/\/tourtravelandmore.com\/es\/tours\/londres-es\/excursion-privada-de-6-horas-a-stonehenge-desde-londres\/"},"modified":"2024-04-04T16:05:20","modified_gmt":"2024-04-04T14:05:20","slug":"tour-privado-a-stonehenge-desde-londres","status":"publish","type":"product","link":"https:\/\/tourtravelandmore.com\/es\/tours\/reino-unido-es\/londres-es\/tour-privado-a-stonehenge-desde-londres\/","title":{"rendered":"Tour Privado a Stonehenge desde Londres"},"content":{"rendered":"<h2><b>Descripci\u00f3n de la Excursi\u00f3n privada a Stonehenge desde Londres<\/b><\/h2>\n<p>Emb\u00e1rquese en un cautivador viaje a Stonehenge con nuestra exclusiva excursi\u00f3n privada desde Londres, meticulosamente dise\u00f1ada para ofrecerle una experiencia fluida y envolvente. Durante 6 horas, le acompa\u00f1ar\u00e1n un conductor experto y un gu\u00eda experto que le desvelar\u00e1 los misterios y el significado hist\u00f3rico de este emblem\u00e1tico lugar.<\/p>\n<p>Stonehenge es un yacimiento prehist\u00f3rico situado en Wiltshire, Inglaterra, a unos 3 km al oeste de Amesbury y 13 km al norte de Salisbury. Adem\u00e1s, el antiguo Stonehenge es una de las atracciones tur\u00edsticas m\u00e1s populares del Reino Unido. Sin embargo, visitarlo es complicado si no se conoce la zona.<\/p>\n<p><span style=\"font-weight: 400;\">Si lo deseas, puedes completar tu viaje por la capital inglesa con nuestro <\/span><b><a href=\"https:\/\/tourtravelandmore.com\/es\/tours\/reino-unido-es\/londres-es\/tour-privado-del-british-museum\/\">tour privado del British Museum<\/a>. <\/b><span style=\"font-weight: 400;\">De esta manera, conectar\u00e1s por completo con la historia de Inglaterra.\u00a0<\/span><\/p>\n<h2><b>Puntos de inter\u00e9s de la\u00a0 Excursi\u00f3n privada a Stonehenge desde Londres<\/b><\/h2>\n<p>Su aventura comienza con un c\u00f3modo veh\u00edculo privado que le transportar\u00e1 de Londres a Stonehenge, preparando el escenario para un d\u00eda lleno de exploraci\u00f3n y maravillas.<\/p>\n<p>Estos puntos destacados muestran los aspectos \u00fanicos y cautivadores de Stonehenge, convirti\u00e9ndolo en un destino de visita obligada para los entusiastas de la historia, los aficionados a la arqueolog\u00eda y cualquier persona fascinada por los misterios antiguos.<\/p>\n<ul>\n<li><strong>Antigua estructura megal\u00edtica<\/strong>: Stonehenge es un monumento prehist\u00f3rico que data de hace miles de a\u00f1os, con enormes piedras erguidas dispuestas en un patr\u00f3n circular.<\/li>\n<li><strong>Misterio y especulaci\u00f3n:<\/strong> El prop\u00f3sito y los m\u00e9todos de construcci\u00f3n de Stonehenge han sido durante mucho tiempo objeto de especulaci\u00f3n e intriga, lo que aumenta su misticismo.<\/li>\n<li><strong>Patrimonio de la Humanidad de la UNESCO<\/strong>: Stonehenge es Patrimonio de la Humanidad de la UNESCO, reconocido por su importancia cultural e hist\u00f3rica a escala mundial.<\/li>\n<li><strong>Alineaci\u00f3n con eventos solares<\/strong>: Uno de los aspectos m\u00e1s notables de Stonehenge es su alineaci\u00f3n con los movimientos del sol durante los solsticios y equinoccios, lo que sugiere posibles funciones astron\u00f3micas y rituales.<\/li>\n<li><strong>Paisaje circundante<\/strong>: Marav\u00edllese ante la vasta llanura de Salisbury que rodea Stonehenge, una zona rica en hallazgos arqueol\u00f3gicos e hitos hist\u00f3ricos, que a\u00f1ade profundidad a su exploraci\u00f3n.<\/li>\n<\/ul>\n<p>Esta excursi\u00f3n privada a Stonehenge desde Londres est\u00e1 dise\u00f1ada para aquellos que buscan una experiencia personalizada y enriquecedora, combinando comodidad, conocimientos de expertos y la oportunidad de desentra\u00f1ar los secretos de uno de los lugares m\u00e1s fascinantes del mundo en un entorno exclusivo.<\/p>\n","protected":false},"excerpt":{"rendered":"<table>\n<tbody>\n<tr>\n<td><span style=\"font-weight: 400;\">Vive una aventura distinta, en un tour privado a Stonehenge desde Londres para que explores el monumento megal\u00edtico m\u00e1s famoso y enigm\u00e1tico del mundo. Adem\u00e1s, el traslado ser\u00e1 en un coche de lujo y con un gu\u00eda privado experto en historia.\u00a0<\/span><\/td>\n<\/tr>\n<\/tbody>\n<\/table>\n","protected":false},"featured_media":35066,"comment_status":"open","ping_status":"closed","template":"","meta":{"_acf_changed":false},"product_brand":[],"product_cat":[1603,1142,1151,1150],"product_tag":[],"class_list":{"0":"post-35120","1":"product","2":"type-product","3":"status-publish","4":"has-post-thumbnail","6":"product_cat-reino-unido-es","7":"product_cat-londres-es","8":"product_cat-londres-actividades-es","9":"product_cat-londres-tours-es","11":"first","12":"instock","13":"shipping-taxable","14":"purchasable","15":"product-type-simple"},"acf":[],"yoast_head":"<!-- This site is optimized with the Yoast SEO Premium plugin v25.3.1 (Yoast SEO v25.3.1) - https:\/\/yoast.com\/wordpress\/plugins\/seo\/ -->\n<title>\u27a1\ufe0f Tour privado a Stonehenge desde Londres con un gu\u00eda oficial | Tour Travel &amp; More<\/title>\n<meta name=\"description\" content=\"Explora el monumento megal\u00edtico de Stonehenge y descubre todos sus misterios, en un tour privado saliendo desde Londres y en compa\u00f1\u00eda de un gu\u00eda experto oficial \u2705\" \/>\n<meta name=\"robots\" content=\"index, follow, max-snippet:-1, max-image-preview:large, max-video-preview:-1\" \/>\n<link rel=\"canonical\" href=\"https:\/\/tourtravelandmore.com\/es\/tours\/reino-unido-es\/londres-es\/tour-privado-a-stonehenge-desde-londres\/\" \/>\n<meta property=\"og:locale\" content=\"es_ES\" \/>\n<meta property=\"og:type\" content=\"article\" \/>\n<meta property=\"og:title\" content=\"Tour Privado a Stonehenge desde Londres\" \/>\n<meta property=\"og:description\" content=\"Explora el monumento megal\u00edtico de Stonehenge y descubre todos sus misterios, en un tour privado saliendo desde Londres y en compa\u00f1\u00eda de un gu\u00eda experto oficial \u2705\" \/>\n<meta property=\"og:url\" content=\"https:\/\/tourtravelandmore.com\/es\/tours\/reino-unido-es\/londres-es\/tour-privado-a-stonehenge-desde-londres\/\" \/>\n<meta property=\"og:site_name\" content=\"Tour Travel And More\" \/>\n<meta property=\"article:publisher\" content=\"https:\/\/www.facebook.com\/tourtravelandmore\/\" \/>\n<meta property=\"article:modified_time\" content=\"2024-04-04T14:05:20+00:00\" \/>\n<meta property=\"og:image\" content=\"https:\/\/tourtravelandmore.com\/wp-content\/uploads\/2019\/03\/solo-sthonege.jpg\" \/>\n\t<meta property=\"og:image:width\" content=\"960\" \/>\n\t<meta property=\"og:image:height\" content=\"587\" \/>\n\t<meta property=\"og:image:type\" content=\"image\/jpeg\" \/>\n<meta name=\"twitter:card\" content=\"summary_large_image\" \/>\n<meta name=\"twitter:site\" content=\"@TourTravel_More\" \/>\n<meta name=\"twitter:label1\" content=\"Tiempo de lectura\" \/>\n\t<meta name=\"twitter:data1\" content=\"3 minutos\" \/>\n<script type=\"application\/ld+json\" class=\"yoast-schema-graph\">{\"@context\":\"https:\/\/schema.org\",\"@graph\":[{\"@type\":\"WebPage\",\"@id\":\"https:\/\/tourtravelandmore.com\/es\/tours\/reino-unido-es\/londres-es\/tour-privado-a-stonehenge-desde-londres\/\",\"url\":\"https:\/\/tourtravelandmore.com\/es\/tours\/reino-unido-es\/londres-es\/tour-privado-a-stonehenge-desde-londres\/\",\"name\":\"\u27a1\ufe0f Tour privado a Stonehenge desde Londres con un gu\u00eda oficial | Tour Travel & More\",\"isPartOf\":{\"@id\":\"https:\/\/tourtravelandmore.com\/es\/#website\"},\"primaryImageOfPage\":{\"@id\":\"https:\/\/tourtravelandmore.com\/es\/tours\/reino-unido-es\/londres-es\/tour-privado-a-stonehenge-desde-londres\/#primaryimage\"},\"image\":{\"@id\":\"https:\/\/tourtravelandmore.com\/es\/tours\/reino-unido-es\/londres-es\/tour-privado-a-stonehenge-desde-londres\/#primaryimage\"},\"thumbnailUrl\":\"https:\/\/tourtravelandmore.com\/wp-content\/uploads\/2019\/03\/solo-sthonege.jpg\",\"datePublished\":\"2019-03-26T15:15:55+00:00\",\"dateModified\":\"2024-04-04T14:05:20+00:00\",\"description\":\"Explora el monumento megal\u00edtico de Stonehenge y descubre todos sus misterios, en un tour privado saliendo desde Londres y en compa\u00f1\u00eda de un gu\u00eda experto oficial \u2705\",\"breadcrumb\":{\"@id\":\"https:\/\/tourtravelandmore.com\/es\/tours\/reino-unido-es\/londres-es\/tour-privado-a-stonehenge-desde-londres\/#breadcrumb\"},\"inLanguage\":\"es\",\"potentialAction\":[{\"@type\":\"ReadAction\",\"target\":[\"https:\/\/tourtravelandmore.com\/es\/tours\/reino-unido-es\/londres-es\/tour-privado-a-stonehenge-desde-londres\/\"]}]},{\"@type\":\"ImageObject\",\"inLanguage\":\"es\",\"@id\":\"https:\/\/tourtravelandmore.com\/es\/tours\/reino-unido-es\/londres-es\/tour-privado-a-stonehenge-desde-londres\/#primaryimage\",\"url\":\"https:\/\/tourtravelandmore.com\/wp-content\/uploads\/2019\/03\/solo-sthonege.jpg\",\"contentUrl\":\"https:\/\/tourtravelandmore.com\/wp-content\/uploads\/2019\/03\/solo-sthonege.jpg\",\"width\":960,\"height\":587},{\"@type\":\"BreadcrumbList\",\"@id\":\"https:\/\/tourtravelandmore.com\/es\/tours\/reino-unido-es\/londres-es\/tour-privado-a-stonehenge-desde-londres\/#breadcrumb\",\"itemListElement\":[{\"@type\":\"ListItem\",\"position\":1,\"name\":\"Home\",\"item\":\"https:\/\/tourtravelandmore.com\/es\/\"},{\"@type\":\"ListItem\",\"position\":2,\"name\":\"Tours\",\"item\":\"https:\/\/tourtravelandmore.com\/es\/tours\/\"},{\"@type\":\"ListItem\",\"position\":3,\"name\":\"Tour Privado a Stonehenge desde Londres\"}]},{\"@type\":\"WebSite\",\"@id\":\"https:\/\/tourtravelandmore.com\/es\/#website\",\"url\":\"https:\/\/tourtravelandmore.com\/es\/\",\"name\":\"Tour Travel And More\",\"description\":\"Private sightseeing tours and luxury transfers in Spain\",\"publisher\":{\"@id\":\"https:\/\/tourtravelandmore.com\/es\/#organization\"},\"potentialAction\":[{\"@type\":\"SearchAction\",\"target\":{\"@type\":\"EntryPoint\",\"urlTemplate\":\"https:\/\/tourtravelandmore.com\/es\/?s={search_term_string}\"},\"query-input\":{\"@type\":\"PropertyValueSpecification\",\"valueRequired\":true,\"valueName\":\"search_term_string\"}}],\"inLanguage\":\"es\"},{\"@type\":\"Organization\",\"@id\":\"https:\/\/tourtravelandmore.com\/es\/#organization\",\"name\":\"Tour Travel And More\",\"url\":\"https:\/\/tourtravelandmore.com\/es\/\",\"logo\":{\"@type\":\"ImageObject\",\"inLanguage\":\"es\",\"@id\":\"https:\/\/tourtravelandmore.com\/es\/#\/schema\/logo\/image\/\",\"url\":\"https:\/\/tourtravelandmore.com\/wp-content\/uploads\/2022\/12\/cropped-logo-cabecera-new.png\",\"contentUrl\":\"https:\/\/tourtravelandmore.com\/wp-content\/uploads\/2022\/12\/cropped-logo-cabecera-new.png\",\"width\":430,\"height\":61,\"caption\":\"Tour Travel And More\"},\"image\":{\"@id\":\"https:\/\/tourtravelandmore.com\/es\/#\/schema\/logo\/image\/\"},\"sameAs\":[\"https:\/\/www.facebook.com\/tourtravelandmore\/\",\"https:\/\/x.com\/TourTravel_More\"]}]}<\/script>\n<!-- \/ Yoast SEO Premium plugin. -->","yoast_head_json":{"title":"\u27a1\ufe0f Tour privado a Stonehenge desde Londres con un gu\u00eda oficial | Tour Travel & More","description":"Explora el monumento megal\u00edtico de Stonehenge y descubre todos sus misterios, en un tour privado saliendo desde Londres y en compa\u00f1\u00eda de un gu\u00eda experto oficial \u2705","robots":{"index":"index","follow":"follow","max-snippet":"max-snippet:-1","max-image-preview":"max-image-preview:large","max-video-preview":"max-video-preview:-1"},"canonical":"https:\/\/tourtravelandmore.com\/es\/tours\/reino-unido-es\/londres-es\/tour-privado-a-stonehenge-desde-londres\/","og_locale":"es_ES","og_type":"article","og_title":"Tour Privado a Stonehenge desde Londres","og_description":"Explora el monumento megal\u00edtico de Stonehenge y descubre todos sus misterios, en un tour privado saliendo desde Londres y en compa\u00f1\u00eda de un gu\u00eda experto oficial \u2705","og_url":"https:\/\/tourtravelandmore.com\/es\/tours\/reino-unido-es\/londres-es\/tour-privado-a-stonehenge-desde-londres\/","og_site_name":"Tour Travel And More","article_publisher":"https:\/\/www.facebook.com\/tourtravelandmore\/","article_modified_time":"2024-04-04T14:05:20+00:00","og_image":[{"width":960,"height":587,"url":"https:\/\/tourtravelandmore.com\/wp-content\/uploads\/2019\/03\/solo-sthonege.jpg","type":"image\/jpeg"}],"twitter_card":"summary_large_image","twitter_site":"@TourTravel_More","twitter_misc":{"Tiempo de lectura":"3 minutos"},"schema":{"@context":"https:\/\/schema.org","@graph":[{"@type":"WebPage","@id":"https:\/\/tourtravelandmore.com\/es\/tours\/reino-unido-es\/londres-es\/tour-privado-a-stonehenge-desde-londres\/","url":"https:\/\/tourtravelandmore.com\/es\/tours\/reino-unido-es\/londres-es\/tour-privado-a-stonehenge-desde-londres\/","name":"\u27a1\ufe0f Tour privado a Stonehenge desde Londres con un gu\u00eda oficial | Tour Travel & More","isPartOf":{"@id":"https:\/\/tourtravelandmore.com\/es\/#website"},"primaryImageOfPage":{"@id":"https:\/\/tourtravelandmore.com\/es\/tours\/reino-unido-es\/londres-es\/tour-privado-a-stonehenge-desde-londres\/#primaryimage"},"image":{"@id":"https:\/\/tourtravelandmore.com\/es\/tours\/reino-unido-es\/londres-es\/tour-privado-a-stonehenge-desde-londres\/#primaryimage"},"thumbnailUrl":"https:\/\/tourtravelandmore.com\/wp-content\/uploads\/2019\/03\/solo-sthonege.jpg","datePublished":"2019-03-26T15:15:55+00:00","dateModified":"2024-04-04T14:05:20+00:00","description":"Explora el monumento megal\u00edtico de Stonehenge y descubre todos sus misterios, en un tour privado saliendo desde Londres y en compa\u00f1\u00eda de un gu\u00eda experto oficial \u2705","breadcrumb":{"@id":"https:\/\/tourtravelandmore.com\/es\/tours\/reino-unido-es\/londres-es\/tour-privado-a-stonehenge-desde-londres\/#breadcrumb"},"inLanguage":"es","potentialAction":[{"@type":"ReadAction","target":["https:\/\/tourtravelandmore.com\/es\/tours\/reino-unido-es\/londres-es\/tour-privado-a-stonehenge-desde-londres\/"]}]},{"@type":"ImageObject","inLanguage":"es","@id":"https:\/\/tourtravelandmore.com\/es\/tours\/reino-unido-es\/londres-es\/tour-privado-a-stonehenge-desde-londres\/#primaryimage","url":"https:\/\/tourtravelandmore.com\/wp-content\/uploads\/2019\/03\/solo-sthonege.jpg","contentUrl":"https:\/\/tourtravelandmore.com\/wp-content\/uploads\/2019\/03\/solo-sthonege.jpg","width":960,"height":587},{"@type":"BreadcrumbList","@id":"https:\/\/tourtravelandmore.com\/es\/tours\/reino-unido-es\/londres-es\/tour-privado-a-stonehenge-desde-londres\/#breadcrumb","itemListElement":[{"@type":"ListItem","position":1,"name":"Home","item":"https:\/\/tourtravelandmore.com\/es\/"},{"@type":"ListItem","position":2,"name":"Tours","item":"https:\/\/tourtravelandmore.com\/es\/tours\/"},{"@type":"ListItem","position":3,"name":"Tour Privado a Stonehenge desde Londres"}]},{"@type":"WebSite","@id":"https:\/\/tourtravelandmore.com\/es\/#website","url":"https:\/\/tourtravelandmore.com\/es\/","name":"Tour Travel And More","description":"Private sightseeing tours and luxury transfers in Spain","publisher":{"@id":"https:\/\/tourtravelandmore.com\/es\/#organization"},"potentialAction":[{"@type":"SearchAction","target":{"@type":"EntryPoint","urlTemplate":"https:\/\/tourtravelandmore.com\/es\/?s={search_term_string}"},"query-input":{"@type":"PropertyValueSpecification","valueRequired":true,"valueName":"search_term_string"}}],"inLanguage":"es"},{"@type":"Organization","@id":"https:\/\/tourtravelandmore.com\/es\/#organization","name":"Tour Travel And More","url":"https:\/\/tourtravelandmore.com\/es\/","logo":{"@type":"ImageObject","inLanguage":"es","@id":"https:\/\/tourtravelandmore.com\/es\/#\/schema\/logo\/image\/","url":"https:\/\/tourtravelandmore.com\/wp-content\/uploads\/2022\/12\/cropped-logo-cabecera-new.png","contentUrl":"https:\/\/tourtravelandmore.com\/wp-content\/uploads\/2022\/12\/cropped-logo-cabecera-new.png","width":430,"height":61,"caption":"Tour Travel And More"},"image":{"@id":"https:\/\/tourtravelandmore.com\/es\/#\/schema\/logo\/image\/"},"sameAs":["https:\/\/www.facebook.com\/tourtravelandmore\/","https:\/\/x.com\/TourTravel_More"]}]}},"_links":{"self":[{"href":"https:\/\/tourtravelandmore.com\/es\/wp-json\/wp\/v2\/product\/35120","targetHints":{"allow":["GET"]}}],"collection":[{"href":"https:\/\/tourtravelandmore.com\/es\/wp-json\/wp\/v2\/product"}],"about":[{"href":"https:\/\/tourtravelandmore.com\/es\/wp-json\/wp\/v2\/types\/product"}],"replies":[{"embeddable":true,"href":"https:\/\/tourtravelandmore.com\/es\/wp-json\/wp\/v2\/comments?post=35120"}],"wp:featuredmedia":[{"embeddable":true,"href":"https:\/\/tourtravelandmore.com\/es\/wp-json\/wp\/v2\/media\/35066"}],"wp:attachment":[{"href":"https:\/\/tourtravelandmore.com\/es\/wp-json\/wp\/v2\/media?parent=35120"}],"wp:term":[{"taxonomy":"product_brand","embeddable":true,"href":"https:\/\/tourtravelandmore.com\/es\/wp-json\/wp\/v2\/product_brand?post=35120"},{"taxonomy":"product_cat","embeddable":true,"href":"https:\/\/tourtravelandmore.com\/es\/wp-json\/wp\/v2\/product_cat?post=35120"},{"taxonomy":"product_tag","embeddable":true,"href":"https:\/\/tourtravelandmore.com\/es\/wp-json\/wp\/v2\/product_tag?post=35120"}],"curies":[{"name":"wp","href":"https:\/\/api.w.org\/{rel}","templated":true}]}}