{"id":35037,"date":"2019-03-26T11:33:53","date_gmt":"2019-03-26T10:33:58","guid":{"rendered":"http:\/\/tourtravelandmore.com\/es\/tours\/uncategorized\/stonehenge-bath-tour-privado-de-los-principales-monumentos-de-la-ciudad\/"},"modified":"2024-04-08T19:46:45","modified_gmt":"2024-04-08T17:46:45","slug":"excursion-privada-a-stonehenge-salisbury-bath-y-windsor-desde-londres","status":"publish","type":"product","link":"https:\/\/tourtravelandmore.com\/es\/tours\/reino-unido-es\/londres-es\/excursion-privada-a-stonehenge-salisbury-bath-y-windsor-desde-londres\/","title":{"rendered":"Tour Privado a Stonehenge, Salisbury y Windsor desde Londres"},"content":{"rendered":"<h2>Descripci\u00f3n de Tour Privado a Stonehenge, Salisbury y Windsor desde Londres<\/h2>\n<p>Emb\u00e1rquese en un viaje exclusivo a trav\u00e9s de la rica historia de Inglaterra con nuestra Excursi\u00f3n Privada a Stonehenge, Salisbury y Windsor desde Londres. Con salida desde la bulliciosa capital, esta aventura de 6 horas promete una inmersiva exploraci\u00f3n de lugares emblem\u00e1ticos, acompa\u00f1ada por la experiencia de nuestro experto conductor y gu\u00eda.<\/p>\n<p>Descubra el encanto del pasado de Inglaterra en esta excursi\u00f3n privada meticulosamente dise\u00f1ada, en la que cada momento est\u00e1 pensado para superar sus expectativas. Sum\u00e9rjase en los encantadores paisajes y las cautivadoras historias que definen estos destinos emblem\u00e1ticos, creando recuerdos para toda la vida.<\/p>\n<p>Al final de la excursi\u00f3n privada, el conductor le llevar\u00e1 de vuelta a Londres para dejarle en el lugar de su elecci\u00f3n.<\/p>\n<h2>Lo m\u00e1s destacado<\/h2>\n<p>Su aventura comienza con una visita a la antigua maravilla de Stonehenge, donde los misterios de la prehistoria esperan a ser descubiertos. Acompa\u00f1ado por un gu\u00eda experto, desvele el enigma que rodea al emblem\u00e1tico c\u00edrculo de piedra, contemple su significado y marav\u00edllese ante su perdurable presencia en la llanura de Salisbury.<\/p>\n<p>Despu\u00e9s de Stonehenge, su siguiente parada ser\u00e1 la pintoresca ciudad de Salisbury. Pasee por sus pintorescas calles, repletas de arquitectura hist\u00f3rica y bulliciosos mercados, y visite la catedral de Salisbury para adentrarse en su rica historia y esplendor arquitect\u00f3nico.<\/p>\n<p>Contin\u00fae su viaje y llegue a la fortaleza real del Castillo de Windsor, ep\u00edtome de la grandeza y el patrimonio reales. Con entradas prioritarias, explore los opulentos Apartamentos de Estado del castillo, adornados con obras de arte de valor incalculable y suntuoso mobiliario. Rinda homenaje a siglos de monarcas brit\u00e1nicos en la Capilla de San Jorge, obra maestra de la arquitectura g\u00f3tica y lugar de descanso final de reyes y reinas.<\/p>\n<p>A lo largo de las 12 horas que dura el recorrido, su gu\u00eda le ofrecer\u00e1 interesantes comentarios sobre las historias y leyendas que han dado forma a cada destino. Desde antiguos misterios hasta intrigas reales, sum\u00e9rjase en el fascinante tapiz del pasado de Inglaterra en esta inolvidable excursi\u00f3n privada desde Londres.<\/p>\n<p>Al finalizar el recorrido, el conductor le llevar\u00e1 de vuelta a Londres.<\/p>\n<p>Puede completar su itinerario por Inglaterra con nuestro tour privado de Oxford desde Londres para disfrutar de una de las ciudades inglesas m\u00e1s importantes.<\/p>\n","protected":false},"excerpt":{"rendered":"<p>Emb\u00e1rquese en un viaje exclusivo a trav\u00e9s de la rica historia de Inglaterra con nuestra Excursi\u00f3n Privada a Stonehenge, Salisbury y Windsor desde Londres. Con salida desde la bulliciosa capital, esta aventura de 6 horas promete una inmersiva exploraci\u00f3n de lugares emblem\u00e1ticos, acompa\u00f1ada por la experiencia de nuestro experto conductor y gu\u00eda.<\/p>\n","protected":false},"featured_media":174183,"comment_status":"open","ping_status":"closed","template":"","meta":{"_acf_changed":false},"product_brand":[],"product_cat":[1603,1142,1151,1150],"product_tag":[],"class_list":{"0":"post-35037","1":"product","2":"type-product","3":"status-publish","4":"has-post-thumbnail","6":"product_cat-reino-unido-es","7":"product_cat-londres-es","8":"product_cat-londres-actividades-es","9":"product_cat-londres-tours-es","11":"first","12":"instock","13":"shipping-taxable","14":"purchasable","15":"product-type-simple"},"acf":[],"yoast_head":"<!-- This site is optimized with the Yoast SEO Premium plugin v25.3.1 (Yoast SEO v25.3.1) - https:\/\/yoast.com\/wordpress\/plugins\/seo\/ -->\n<title>\u27a1\ufe0f Tour Privado a Stonehenge, Salisbury y Windsor desde Londres<\/title>\n<meta name=\"description\" content=\"Vive un d\u00eda de aventura en una excursi\u00f3n privada a Stonehenge, Salisbury, Bath y Windsor desde Londres para que descubras algunos de los monumentos y ciudades m\u00e1s importantes de Inglaterra y del mundo \u2705\" \/>\n<meta name=\"robots\" content=\"index, follow, max-snippet:-1, max-image-preview:large, max-video-preview:-1\" \/>\n<link rel=\"canonical\" href=\"https:\/\/tourtravelandmore.com\/es\/tours\/reino-unido-es\/londres-es\/excursion-privada-a-stonehenge-salisbury-bath-y-windsor-desde-londres\/\" \/>\n<meta property=\"og:locale\" content=\"es_ES\" \/>\n<meta property=\"og:type\" content=\"article\" \/>\n<meta property=\"og:title\" content=\"Tour Privado a Stonehenge, Salisbury y Windsor desde Londres\" \/>\n<meta property=\"og:description\" content=\"Vive un d\u00eda de aventura en una excursi\u00f3n privada a Stonehenge, Salisbury, Bath y Windsor desde Londres para que descubras algunos de los monumentos y ciudades m\u00e1s importantes de Inglaterra y del mundo \u2705\" \/>\n<meta property=\"og:url\" content=\"https:\/\/tourtravelandmore.com\/es\/tours\/reino-unido-es\/londres-es\/excursion-privada-a-stonehenge-salisbury-bath-y-windsor-desde-londres\/\" \/>\n<meta property=\"og:site_name\" content=\"Tour Travel And More\" \/>\n<meta property=\"article:publisher\" content=\"https:\/\/www.facebook.com\/tourtravelandmore\/\" \/>\n<meta property=\"article:modified_time\" content=\"2024-04-08T17:46:45+00:00\" \/>\n<meta property=\"og:image\" content=\"https:\/\/tourtravelandmore.com\/wp-content\/uploads\/2019\/03\/sunrise-938998_1280.jpg\" \/>\n\t<meta property=\"og:image:width\" content=\"1280\" \/>\n\t<meta property=\"og:image:height\" content=\"784\" \/>\n\t<meta property=\"og:image:type\" content=\"image\/jpeg\" \/>\n<meta name=\"twitter:card\" content=\"summary_large_image\" \/>\n<meta name=\"twitter:site\" content=\"@TourTravel_More\" \/>\n<meta name=\"twitter:label1\" content=\"Tiempo de lectura\" \/>\n\t<meta name=\"twitter:data1\" content=\"4 minutos\" \/>\n<script type=\"application\/ld+json\" class=\"yoast-schema-graph\">{\"@context\":\"https:\/\/schema.org\",\"@graph\":[{\"@type\":\"WebPage\",\"@id\":\"https:\/\/tourtravelandmore.com\/es\/tours\/reino-unido-es\/londres-es\/excursion-privada-a-stonehenge-salisbury-bath-y-windsor-desde-londres\/\",\"url\":\"https:\/\/tourtravelandmore.com\/es\/tours\/reino-unido-es\/londres-es\/excursion-privada-a-stonehenge-salisbury-bath-y-windsor-desde-londres\/\",\"name\":\"\u27a1\ufe0f Tour Privado a Stonehenge, Salisbury y Windsor desde Londres\",\"isPartOf\":{\"@id\":\"https:\/\/tourtravelandmore.com\/es\/#website\"},\"primaryImageOfPage\":{\"@id\":\"https:\/\/tourtravelandmore.com\/es\/tours\/reino-unido-es\/londres-es\/excursion-privada-a-stonehenge-salisbury-bath-y-windsor-desde-londres\/#primaryimage\"},\"image\":{\"@id\":\"https:\/\/tourtravelandmore.com\/es\/tours\/reino-unido-es\/londres-es\/excursion-privada-a-stonehenge-salisbury-bath-y-windsor-desde-londres\/#primaryimage\"},\"thumbnailUrl\":\"https:\/\/tourtravelandmore.com\/wp-content\/uploads\/2019\/03\/sunrise-938998_1280.jpg\",\"datePublished\":\"2019-03-26T10:33:58+00:00\",\"dateModified\":\"2024-04-08T17:46:45+00:00\",\"description\":\"Vive un d\u00eda de aventura en una excursi\u00f3n privada a Stonehenge, Salisbury, Bath y Windsor desde Londres para que descubras algunos de los monumentos y ciudades m\u00e1s importantes de Inglaterra y del mundo \u2705\",\"breadcrumb\":{\"@id\":\"https:\/\/tourtravelandmore.com\/es\/tours\/reino-unido-es\/londres-es\/excursion-privada-a-stonehenge-salisbury-bath-y-windsor-desde-londres\/#breadcrumb\"},\"inLanguage\":\"es\",\"potentialAction\":[{\"@type\":\"ReadAction\",\"target\":[\"https:\/\/tourtravelandmore.com\/es\/tours\/reino-unido-es\/londres-es\/excursion-privada-a-stonehenge-salisbury-bath-y-windsor-desde-londres\/\"]}]},{\"@type\":\"ImageObject\",\"inLanguage\":\"es\",\"@id\":\"https:\/\/tourtravelandmore.com\/es\/tours\/reino-unido-es\/londres-es\/excursion-privada-a-stonehenge-salisbury-bath-y-windsor-desde-londres\/#primaryimage\",\"url\":\"https:\/\/tourtravelandmore.com\/wp-content\/uploads\/2019\/03\/sunrise-938998_1280.jpg\",\"contentUrl\":\"https:\/\/tourtravelandmore.com\/wp-content\/uploads\/2019\/03\/sunrise-938998_1280.jpg\",\"width\":1280,\"height\":784},{\"@type\":\"BreadcrumbList\",\"@id\":\"https:\/\/tourtravelandmore.com\/es\/tours\/reino-unido-es\/londres-es\/excursion-privada-a-stonehenge-salisbury-bath-y-windsor-desde-londres\/#breadcrumb\",\"itemListElement\":[{\"@type\":\"ListItem\",\"position\":1,\"name\":\"Home\",\"item\":\"https:\/\/tourtravelandmore.com\/es\/\"},{\"@type\":\"ListItem\",\"position\":2,\"name\":\"Tours\",\"item\":\"https:\/\/tourtravelandmore.com\/es\/tours\/\"},{\"@type\":\"ListItem\",\"position\":3,\"name\":\"Tour Privado a Stonehenge, Salisbury y Windsor desde Londres\"}]},{\"@type\":\"WebSite\",\"@id\":\"https:\/\/tourtravelandmore.com\/es\/#website\",\"url\":\"https:\/\/tourtravelandmore.com\/es\/\",\"name\":\"Tour Travel And More\",\"description\":\"Private sightseeing tours and luxury transfers in Spain\",\"publisher\":{\"@id\":\"https:\/\/tourtravelandmore.com\/es\/#organization\"},\"potentialAction\":[{\"@type\":\"SearchAction\",\"target\":{\"@type\":\"EntryPoint\",\"urlTemplate\":\"https:\/\/tourtravelandmore.com\/es\/?s={search_term_string}\"},\"query-input\":{\"@type\":\"PropertyValueSpecification\",\"valueRequired\":true,\"valueName\":\"search_term_string\"}}],\"inLanguage\":\"es\"},{\"@type\":\"Organization\",\"@id\":\"https:\/\/tourtravelandmore.com\/es\/#organization\",\"name\":\"Tour Travel And More\",\"url\":\"https:\/\/tourtravelandmore.com\/es\/\",\"logo\":{\"@type\":\"ImageObject\",\"inLanguage\":\"es\",\"@id\":\"https:\/\/tourtravelandmore.com\/es\/#\/schema\/logo\/image\/\",\"url\":\"https:\/\/tourtravelandmore.com\/wp-content\/uploads\/2022\/12\/cropped-logo-cabecera-new.png\",\"contentUrl\":\"https:\/\/tourtravelandmore.com\/wp-content\/uploads\/2022\/12\/cropped-logo-cabecera-new.png\",\"width\":430,\"height\":61,\"caption\":\"Tour Travel And More\"},\"image\":{\"@id\":\"https:\/\/tourtravelandmore.com\/es\/#\/schema\/logo\/image\/\"},\"sameAs\":[\"https:\/\/www.facebook.com\/tourtravelandmore\/\",\"https:\/\/x.com\/TourTravel_More\"]}]}<\/script>\n<!-- \/ Yoast SEO Premium plugin. -->","yoast_head_json":{"title":"\u27a1\ufe0f Tour Privado a Stonehenge, Salisbury y Windsor desde Londres","description":"Vive un d\u00eda de aventura en una excursi\u00f3n privada a Stonehenge, Salisbury, Bath y Windsor desde Londres para que descubras algunos de los monumentos y ciudades m\u00e1s importantes de Inglaterra y del mundo \u2705","robots":{"index":"index","follow":"follow","max-snippet":"max-snippet:-1","max-image-preview":"max-image-preview:large","max-video-preview":"max-video-preview:-1"},"canonical":"https:\/\/tourtravelandmore.com\/es\/tours\/reino-unido-es\/londres-es\/excursion-privada-a-stonehenge-salisbury-bath-y-windsor-desde-londres\/","og_locale":"es_ES","og_type":"article","og_title":"Tour Privado a Stonehenge, Salisbury y Windsor desde Londres","og_description":"Vive un d\u00eda de aventura en una excursi\u00f3n privada a Stonehenge, Salisbury, Bath y Windsor desde Londres para que descubras algunos de los monumentos y ciudades m\u00e1s importantes de Inglaterra y del mundo \u2705","og_url":"https:\/\/tourtravelandmore.com\/es\/tours\/reino-unido-es\/londres-es\/excursion-privada-a-stonehenge-salisbury-bath-y-windsor-desde-londres\/","og_site_name":"Tour Travel And More","article_publisher":"https:\/\/www.facebook.com\/tourtravelandmore\/","article_modified_time":"2024-04-08T17:46:45+00:00","og_image":[{"width":1280,"height":784,"url":"https:\/\/tourtravelandmore.com\/wp-content\/uploads\/2019\/03\/sunrise-938998_1280.jpg","type":"image\/jpeg"}],"twitter_card":"summary_large_image","twitter_site":"@TourTravel_More","twitter_misc":{"Tiempo de lectura":"4 minutos"},"schema":{"@context":"https:\/\/schema.org","@graph":[{"@type":"WebPage","@id":"https:\/\/tourtravelandmore.com\/es\/tours\/reino-unido-es\/londres-es\/excursion-privada-a-stonehenge-salisbury-bath-y-windsor-desde-londres\/","url":"https:\/\/tourtravelandmore.com\/es\/tours\/reino-unido-es\/londres-es\/excursion-privada-a-stonehenge-salisbury-bath-y-windsor-desde-londres\/","name":"\u27a1\ufe0f Tour Privado a Stonehenge, Salisbury y Windsor desde Londres","isPartOf":{"@id":"https:\/\/tourtravelandmore.com\/es\/#website"},"primaryImageOfPage":{"@id":"https:\/\/tourtravelandmore.com\/es\/tours\/reino-unido-es\/londres-es\/excursion-privada-a-stonehenge-salisbury-bath-y-windsor-desde-londres\/#primaryimage"},"image":{"@id":"https:\/\/tourtravelandmore.com\/es\/tours\/reino-unido-es\/londres-es\/excursion-privada-a-stonehenge-salisbury-bath-y-windsor-desde-londres\/#primaryimage"},"thumbnailUrl":"https:\/\/tourtravelandmore.com\/wp-content\/uploads\/2019\/03\/sunrise-938998_1280.jpg","datePublished":"2019-03-26T10:33:58+00:00","dateModified":"2024-04-08T17:46:45+00:00","description":"Vive un d\u00eda de aventura en una excursi\u00f3n privada a Stonehenge, Salisbury, Bath y Windsor desde Londres para que descubras algunos de los monumentos y ciudades m\u00e1s importantes de Inglaterra y del mundo \u2705","breadcrumb":{"@id":"https:\/\/tourtravelandmore.com\/es\/tours\/reino-unido-es\/londres-es\/excursion-privada-a-stonehenge-salisbury-bath-y-windsor-desde-londres\/#breadcrumb"},"inLanguage":"es","potentialAction":[{"@type":"ReadAction","target":["https:\/\/tourtravelandmore.com\/es\/tours\/reino-unido-es\/londres-es\/excursion-privada-a-stonehenge-salisbury-bath-y-windsor-desde-londres\/"]}]},{"@type":"ImageObject","inLanguage":"es","@id":"https:\/\/tourtravelandmore.com\/es\/tours\/reino-unido-es\/londres-es\/excursion-privada-a-stonehenge-salisbury-bath-y-windsor-desde-londres\/#primaryimage","url":"https:\/\/tourtravelandmore.com\/wp-content\/uploads\/2019\/03\/sunrise-938998_1280.jpg","contentUrl":"https:\/\/tourtravelandmore.com\/wp-content\/uploads\/2019\/03\/sunrise-938998_1280.jpg","width":1280,"height":784},{"@type":"BreadcrumbList","@id":"https:\/\/tourtravelandmore.com\/es\/tours\/reino-unido-es\/londres-es\/excursion-privada-a-stonehenge-salisbury-bath-y-windsor-desde-londres\/#breadcrumb","itemListElement":[{"@type":"ListItem","position":1,"name":"Home","item":"https:\/\/tourtravelandmore.com\/es\/"},{"@type":"ListItem","position":2,"name":"Tours","item":"https:\/\/tourtravelandmore.com\/es\/tours\/"},{"@type":"ListItem","position":3,"name":"Tour Privado a Stonehenge, Salisbury y Windsor desde Londres"}]},{"@type":"WebSite","@id":"https:\/\/tourtravelandmore.com\/es\/#website","url":"https:\/\/tourtravelandmore.com\/es\/","name":"Tour Travel And More","description":"Private sightseeing tours and luxury transfers in Spain","publisher":{"@id":"https:\/\/tourtravelandmore.com\/es\/#organization"},"potentialAction":[{"@type":"SearchAction","target":{"@type":"EntryPoint","urlTemplate":"https:\/\/tourtravelandmore.com\/es\/?s={search_term_string}"},"query-input":{"@type":"PropertyValueSpecification","valueRequired":true,"valueName":"search_term_string"}}],"inLanguage":"es"},{"@type":"Organization","@id":"https:\/\/tourtravelandmore.com\/es\/#organization","name":"Tour Travel And More","url":"https:\/\/tourtravelandmore.com\/es\/","logo":{"@type":"ImageObject","inLanguage":"es","@id":"https:\/\/tourtravelandmore.com\/es\/#\/schema\/logo\/image\/","url":"https:\/\/tourtravelandmore.com\/wp-content\/uploads\/2022\/12\/cropped-logo-cabecera-new.png","contentUrl":"https:\/\/tourtravelandmore.com\/wp-content\/uploads\/2022\/12\/cropped-logo-cabecera-new.png","width":430,"height":61,"caption":"Tour Travel And More"},"image":{"@id":"https:\/\/tourtravelandmore.com\/es\/#\/schema\/logo\/image\/"},"sameAs":["https:\/\/www.facebook.com\/tourtravelandmore\/","https:\/\/x.com\/TourTravel_More"]}]}},"_links":{"self":[{"href":"https:\/\/tourtravelandmore.com\/es\/wp-json\/wp\/v2\/product\/35037","targetHints":{"allow":["GET"]}}],"collection":[{"href":"https:\/\/tourtravelandmore.com\/es\/wp-json\/wp\/v2\/product"}],"about":[{"href":"https:\/\/tourtravelandmore.com\/es\/wp-json\/wp\/v2\/types\/product"}],"replies":[{"embeddable":true,"href":"https:\/\/tourtravelandmore.com\/es\/wp-json\/wp\/v2\/comments?post=35037"}],"wp:featuredmedia":[{"embeddable":true,"href":"https:\/\/tourtravelandmore.com\/es\/wp-json\/wp\/v2\/media\/174183"}],"wp:attachment":[{"href":"https:\/\/tourtravelandmore.com\/es\/wp-json\/wp\/v2\/media?parent=35037"}],"wp:term":[{"taxonomy":"product_brand","embeddable":true,"href":"https:\/\/tourtravelandmore.com\/es\/wp-json\/wp\/v2\/product_brand?post=35037"},{"taxonomy":"product_cat","embeddable":true,"href":"https:\/\/tourtravelandmore.com\/es\/wp-json\/wp\/v2\/product_cat?post=35037"},{"taxonomy":"product_tag","embeddable":true,"href":"https:\/\/tourtravelandmore.com\/es\/wp-json\/wp\/v2\/product_tag?post=35037"}],"curies":[{"name":"wp","href":"https:\/\/api.w.org\/{rel}","templated":true}]}}