{"id":34968,"date":"2019-03-25T14:38:00","date_gmt":"2019-03-25T13:38:04","guid":{"rendered":"http:\/\/tourtravelandmore.com\/es\/tours\/uncategorized\/londres-tour-privado-de-los-principales-monumentos-de-la-ciudad\/"},"modified":"2024-03-25T14:16:06","modified_gmt":"2024-03-25T13:16:06","slug":"tour-privado-a-pie-de-londres","status":"publish","type":"product","link":"https:\/\/tourtravelandmore.com\/es\/tours\/reino-unido-es\/londres-es\/tour-privado-a-pie-de-londres\/","title":{"rendered":"Tour privado a pie de Londres"},"content":{"rendered":"<h2>Descripci\u00f3n del recorrido privado a pie por Londres<\/h2>\n<p>Tanto si viaja a la ciudad por primera vez como si ya ha estado en la capital del <strong>Reino Unido,<\/strong> nuestro recorrido privado a pie por <strong>Londres<\/strong> es la oportunidad perfecta para conectar con esta hist\u00f3rica metr\u00f3polis y todo lo que tiene que ofrecer.<\/p>\n<p>En este exclusivo recorrido de 4 horas, visitar\u00e1 los monumentos m\u00e1s significativos y emblem\u00e1ticos de Londres, como la <strong>Abad\u00eda de Westminster,<\/strong> las <strong>Casas<\/strong> del <strong>Parlamento,<\/strong> el <strong>Big Ben,<\/strong> el <strong>London Eye<\/strong> o la <strong>Torre<\/strong> de <strong>Londres,<\/strong> entre otros muchos lugares.<\/p>\n<p>Ser\u00e1 un tour privado donde el gu\u00eda oficial te acompa\u00f1ar\u00e1 para acercarte a los m\u00e1s de 2.000 a\u00f1os de historia de esta imponente capital.<\/p>\n<p>Tambi\u00e9n, conocer\u00e1s los famosos barrios de la ciudad, como el <strong>Soho<\/strong> con toda su mezcla <strong>cultural, Covent Garden<\/strong> y <strong>Piccadilly Circus.<\/strong><\/p>\n<p>Adem\u00e1s, iremos a su propio ritmo y podemos quedar con usted en el lugar del centro de Londres que m\u00e1s le convenga.<\/p>\n<p>El recorrido es lo suficientemente flexible como para realizar ajustes en funci\u00f3n de sus peticiones especiales, de modo que pueda explorar las joyas de <strong>Londres<\/strong> que m\u00e1s le llamen la atenci\u00f3n.<\/p>\n<p>Cuando termine la visita guiada a pie, le llevaremos de vuelta al lugar acordado para que se relaje y contin\u00fae su viaje por la ciudad.<\/p>\n<h2>Puntos de inter\u00e9s<\/h2>\n<p>Acomp\u00e1\u00f1enos en un paseo diferente por <strong>Londres<\/strong> para conocer su historia y algunos de los lugares que la hacen tan famosa.<\/p>\n<p>El Parlamento ingl\u00e9s se distingue, entre otras cosas, por su incre\u00edble arquitectura y porque cuenta con dos c\u00e1maras: la <strong>C\u00e1mara<\/strong> de los <strong>Comunes<\/strong> y la <strong>C\u00e1mara<\/strong> de los <strong>Lores.<\/strong> Este monumento se encuentra en el <strong>Palacio<\/strong> de <strong>Westminster<\/strong> y muy cerca del <strong>Big Ben.<\/strong><\/p>\n<p>El puente sobre el r\u00edo T\u00e1mesis es uno de los principales emblemas de la ciudad. Su nombre se debe a que est\u00e1 muy cerca de la Torre de Londres. Su construcci\u00f3n fue en 1894 y, desde entonces, es un puente que simboliza toda la grandeza arquitect\u00f3nica de la ciudad.<\/p>\n<p>Sin duda, el Palacio de Buckingham. Se trata de una parada obligada en nuestro tour privado por Londres para admirar de cerca la imponente y sobria arquitectura de la residencia oficial de la Familia Real Brit\u00e1nica.<\/p>\n<p>En la Abad\u00eda de Westminster tendr\u00e1 un contacto directo con la historia del Reino Unido, ya que \u00e9ste ha sido el lugar de coronaci\u00f3n de los monarcas brit\u00e1nicos desde 1066.<\/p>\n<p>Asimismo, en sus salones se han celebrado varias bodas reales. Tambi\u00e9n es el lugar donde descansan los restos de grandes personajes hist\u00f3ricos como Isaac Newton y Charles Darwin, entre muchos otros.<\/p>\n<p>Adem\u00e1s de estos interesantes lugares, el gu\u00eda privado puede llevarle a los siguientes puntos de la ciudad:<\/p>\n<ul>\n<li><strong>La Torre de Londres.<\/strong><\/li>\n<li><strong>El Big Ben. <\/strong><\/li>\n<li><strong>El London Eye.<\/strong><\/li>\n<li><strong>El Museo Brit\u00e1nico. <\/strong><\/li>\n<li><strong>Notting Hill y mucho m\u00e1s.<\/strong><\/li>\n<\/ul>\n<p>Cuando termine el tour personalizado, le llevaremos de vuelta a un punto c\u00e9ntrico de Londres.<\/p>\n<p><span style=\"font-weight: 400;\">Si lo que quieres es aprovechar al m\u00e1ximo tu paso por el Reino Unido, puedes optar por nuestro <\/span><a href=\"https:\/\/tourtravelandmore.com\/es\/tours\/reino-unido-es\/londres-es\/tour-privado-de-oxford-desde-londres\/\"><b>tour privado a Oxford desde Londres<\/b><\/a><span style=\"font-weight: 400;\">. De esta manera, conocer\u00e1s una de las ciudades m\u00e1s llamativas e hist\u00f3ricas de toda Europa.\u00a0<\/span><\/p>\n","protected":false},"excerpt":{"rendered":"<table>\n<tbody>\n<tr>\n<td><span style=\"font-weight: 400;\">Visita de manera exclusiva la emblem\u00e1tica ciudad de Londres y conoce los secretos mejor guardados de la capital brit\u00e1nica en este fascinante tour privado en el que conocer\u00e1s la Abad\u00eda de Westminster, la Torre de Londres, el edificio del Parlamento y mucho m\u00e1s, ya que ir\u00e1s con un gu\u00eda privado experto en la historia local.<\/span><\/td>\n<\/tr>\n<\/tbody>\n<\/table>\n","protected":false},"featured_media":34974,"comment_status":"open","ping_status":"closed","template":"","meta":{"_acf_changed":false},"product_brand":[],"product_cat":[1603,1142,1151,1150,1152],"product_tag":[],"class_list":{"0":"post-34968","1":"product","2":"type-product","3":"status-publish","4":"has-post-thumbnail","6":"product_cat-reino-unido-es","7":"product_cat-londres-es","8":"product_cat-londres-actividades-es","9":"product_cat-londres-tours-es","10":"product_cat-londres-tours-privados-pie-es","12":"first","13":"instock","14":"shipping-taxable","15":"purchasable","16":"product-type-simple"},"acf":[],"yoast_head":"<!-- This site is optimized with the Yoast SEO Premium plugin v25.3.1 (Yoast SEO v25.3.1) - https:\/\/yoast.com\/wordpress\/plugins\/seo\/ -->\n<title>\u27a1\ufe0f Tour a pie por Londres con un gu\u00eda privado | Tour Travel &amp; More<\/title>\n<meta name=\"description\" content=\"Disfruta de un maravilloso recorrido privado por Londres para que admires de cerca sus edificios y monumentos m\u00e1s importantes en compa\u00f1\u00eda de un gu\u00eda oficial \u2705\" \/>\n<meta name=\"robots\" content=\"index, follow, max-snippet:-1, max-image-preview:large, max-video-preview:-1\" \/>\n<link rel=\"canonical\" href=\"https:\/\/tourtravelandmore.com\/es\/tours\/reino-unido-es\/londres-es\/tour-privado-a-pie-de-londres\/\" \/>\n<meta property=\"og:locale\" content=\"es_ES\" \/>\n<meta property=\"og:type\" content=\"article\" \/>\n<meta property=\"og:title\" content=\"Tour privado a pie de Londres\" \/>\n<meta property=\"og:description\" content=\"Disfruta de un maravilloso recorrido privado por Londres para que admires de cerca sus edificios y monumentos m\u00e1s importantes en compa\u00f1\u00eda de un gu\u00eda oficial \u2705\" \/>\n<meta property=\"og:url\" content=\"https:\/\/tourtravelandmore.com\/es\/tours\/reino-unido-es\/londres-es\/tour-privado-a-pie-de-londres\/\" \/>\n<meta property=\"og:site_name\" content=\"Tour Travel And More\" \/>\n<meta property=\"article:publisher\" content=\"https:\/\/www.facebook.com\/tourtravelandmore\/\" \/>\n<meta property=\"article:modified_time\" content=\"2024-03-25T13:16:06+00:00\" \/>\n<meta property=\"og:image\" content=\"https:\/\/tourtravelandmore.com\/wp-content\/uploads\/2019\/03\/walking-londe.jpg\" \/>\n\t<meta property=\"og:image:width\" content=\"1500\" \/>\n\t<meta property=\"og:image:height\" content=\"986\" \/>\n\t<meta property=\"og:image:type\" content=\"image\/jpeg\" \/>\n<meta name=\"twitter:card\" content=\"summary_large_image\" \/>\n<meta name=\"twitter:site\" content=\"@TourTravel_More\" \/>\n<meta name=\"twitter:label1\" content=\"Tiempo de lectura\" \/>\n\t<meta name=\"twitter:data1\" content=\"3 minutos\" \/>\n<script type=\"application\/ld+json\" class=\"yoast-schema-graph\">{\"@context\":\"https:\/\/schema.org\",\"@graph\":[{\"@type\":\"WebPage\",\"@id\":\"https:\/\/tourtravelandmore.com\/es\/tours\/reino-unido-es\/londres-es\/tour-privado-a-pie-de-londres\/\",\"url\":\"https:\/\/tourtravelandmore.com\/es\/tours\/reino-unido-es\/londres-es\/tour-privado-a-pie-de-londres\/\",\"name\":\"\u27a1\ufe0f Tour a pie por Londres con un gu\u00eda privado | Tour Travel & More\",\"isPartOf\":{\"@id\":\"https:\/\/tourtravelandmore.com\/es\/#website\"},\"primaryImageOfPage\":{\"@id\":\"https:\/\/tourtravelandmore.com\/es\/tours\/reino-unido-es\/londres-es\/tour-privado-a-pie-de-londres\/#primaryimage\"},\"image\":{\"@id\":\"https:\/\/tourtravelandmore.com\/es\/tours\/reino-unido-es\/londres-es\/tour-privado-a-pie-de-londres\/#primaryimage\"},\"thumbnailUrl\":\"https:\/\/tourtravelandmore.com\/wp-content\/uploads\/2019\/03\/walking-londe.jpg\",\"datePublished\":\"2019-03-25T13:38:04+00:00\",\"dateModified\":\"2024-03-25T13:16:06+00:00\",\"description\":\"Disfruta de un maravilloso recorrido privado por Londres para que admires de cerca sus edificios y monumentos m\u00e1s importantes en compa\u00f1\u00eda de un gu\u00eda oficial \u2705\",\"breadcrumb\":{\"@id\":\"https:\/\/tourtravelandmore.com\/es\/tours\/reino-unido-es\/londres-es\/tour-privado-a-pie-de-londres\/#breadcrumb\"},\"inLanguage\":\"es\",\"potentialAction\":[{\"@type\":\"ReadAction\",\"target\":[\"https:\/\/tourtravelandmore.com\/es\/tours\/reino-unido-es\/londres-es\/tour-privado-a-pie-de-londres\/\"]}]},{\"@type\":\"ImageObject\",\"inLanguage\":\"es\",\"@id\":\"https:\/\/tourtravelandmore.com\/es\/tours\/reino-unido-es\/londres-es\/tour-privado-a-pie-de-londres\/#primaryimage\",\"url\":\"https:\/\/tourtravelandmore.com\/wp-content\/uploads\/2019\/03\/walking-londe.jpg\",\"contentUrl\":\"https:\/\/tourtravelandmore.com\/wp-content\/uploads\/2019\/03\/walking-londe.jpg\",\"width\":1500,\"height\":986,\"caption\":\"CUL38. LONDRES, 04\/07\/2012.- Fotograf\u00eda cedida por Sellar de una vista general de la orilla sur del r\u00edo T\u00e1mesis a su paso por Londres, en la que despunta el pin\u00e1culo del \\\"Shard\\\", el edificio m\u00e1s alto de Europa, con 87 pisos y 310 metros de altura, que se inaugurar\u00e1 ma\u00f1ana. EFE\/ Sellar\/SOLO USO EDITORIAL.\"},{\"@type\":\"BreadcrumbList\",\"@id\":\"https:\/\/tourtravelandmore.com\/es\/tours\/reino-unido-es\/londres-es\/tour-privado-a-pie-de-londres\/#breadcrumb\",\"itemListElement\":[{\"@type\":\"ListItem\",\"position\":1,\"name\":\"Home\",\"item\":\"https:\/\/tourtravelandmore.com\/es\/\"},{\"@type\":\"ListItem\",\"position\":2,\"name\":\"Tours\",\"item\":\"https:\/\/tourtravelandmore.com\/es\/tours\/\"},{\"@type\":\"ListItem\",\"position\":3,\"name\":\"Tour privado a pie de Londres\"}]},{\"@type\":\"WebSite\",\"@id\":\"https:\/\/tourtravelandmore.com\/es\/#website\",\"url\":\"https:\/\/tourtravelandmore.com\/es\/\",\"name\":\"Tour Travel And More\",\"description\":\"Private sightseeing tours and luxury transfers in Spain\",\"publisher\":{\"@id\":\"https:\/\/tourtravelandmore.com\/es\/#organization\"},\"potentialAction\":[{\"@type\":\"SearchAction\",\"target\":{\"@type\":\"EntryPoint\",\"urlTemplate\":\"https:\/\/tourtravelandmore.com\/es\/?s={search_term_string}\"},\"query-input\":{\"@type\":\"PropertyValueSpecification\",\"valueRequired\":true,\"valueName\":\"search_term_string\"}}],\"inLanguage\":\"es\"},{\"@type\":\"Organization\",\"@id\":\"https:\/\/tourtravelandmore.com\/es\/#organization\",\"name\":\"Tour Travel And More\",\"url\":\"https:\/\/tourtravelandmore.com\/es\/\",\"logo\":{\"@type\":\"ImageObject\",\"inLanguage\":\"es\",\"@id\":\"https:\/\/tourtravelandmore.com\/es\/#\/schema\/logo\/image\/\",\"url\":\"https:\/\/tourtravelandmore.com\/wp-content\/uploads\/2022\/12\/cropped-logo-cabecera-new.png\",\"contentUrl\":\"https:\/\/tourtravelandmore.com\/wp-content\/uploads\/2022\/12\/cropped-logo-cabecera-new.png\",\"width\":430,\"height\":61,\"caption\":\"Tour Travel And More\"},\"image\":{\"@id\":\"https:\/\/tourtravelandmore.com\/es\/#\/schema\/logo\/image\/\"},\"sameAs\":[\"https:\/\/www.facebook.com\/tourtravelandmore\/\",\"https:\/\/x.com\/TourTravel_More\"]}]}<\/script>\n<!-- \/ Yoast SEO Premium plugin. -->","yoast_head_json":{"title":"\u27a1\ufe0f Tour a pie por Londres con un gu\u00eda privado | Tour Travel & More","description":"Disfruta de un maravilloso recorrido privado por Londres para que admires de cerca sus edificios y monumentos m\u00e1s importantes en compa\u00f1\u00eda de un gu\u00eda oficial \u2705","robots":{"index":"index","follow":"follow","max-snippet":"max-snippet:-1","max-image-preview":"max-image-preview:large","max-video-preview":"max-video-preview:-1"},"canonical":"https:\/\/tourtravelandmore.com\/es\/tours\/reino-unido-es\/londres-es\/tour-privado-a-pie-de-londres\/","og_locale":"es_ES","og_type":"article","og_title":"Tour privado a pie de Londres","og_description":"Disfruta de un maravilloso recorrido privado por Londres para que admires de cerca sus edificios y monumentos m\u00e1s importantes en compa\u00f1\u00eda de un gu\u00eda oficial \u2705","og_url":"https:\/\/tourtravelandmore.com\/es\/tours\/reino-unido-es\/londres-es\/tour-privado-a-pie-de-londres\/","og_site_name":"Tour Travel And More","article_publisher":"https:\/\/www.facebook.com\/tourtravelandmore\/","article_modified_time":"2024-03-25T13:16:06+00:00","og_image":[{"width":1500,"height":986,"url":"https:\/\/tourtravelandmore.com\/wp-content\/uploads\/2019\/03\/walking-londe.jpg","type":"image\/jpeg"}],"twitter_card":"summary_large_image","twitter_site":"@TourTravel_More","twitter_misc":{"Tiempo de lectura":"3 minutos"},"schema":{"@context":"https:\/\/schema.org","@graph":[{"@type":"WebPage","@id":"https:\/\/tourtravelandmore.com\/es\/tours\/reino-unido-es\/londres-es\/tour-privado-a-pie-de-londres\/","url":"https:\/\/tourtravelandmore.com\/es\/tours\/reino-unido-es\/londres-es\/tour-privado-a-pie-de-londres\/","name":"\u27a1\ufe0f Tour a pie por Londres con un gu\u00eda privado | Tour Travel & More","isPartOf":{"@id":"https:\/\/tourtravelandmore.com\/es\/#website"},"primaryImageOfPage":{"@id":"https:\/\/tourtravelandmore.com\/es\/tours\/reino-unido-es\/londres-es\/tour-privado-a-pie-de-londres\/#primaryimage"},"image":{"@id":"https:\/\/tourtravelandmore.com\/es\/tours\/reino-unido-es\/londres-es\/tour-privado-a-pie-de-londres\/#primaryimage"},"thumbnailUrl":"https:\/\/tourtravelandmore.com\/wp-content\/uploads\/2019\/03\/walking-londe.jpg","datePublished":"2019-03-25T13:38:04+00:00","dateModified":"2024-03-25T13:16:06+00:00","description":"Disfruta de un maravilloso recorrido privado por Londres para que admires de cerca sus edificios y monumentos m\u00e1s importantes en compa\u00f1\u00eda de un gu\u00eda oficial \u2705","breadcrumb":{"@id":"https:\/\/tourtravelandmore.com\/es\/tours\/reino-unido-es\/londres-es\/tour-privado-a-pie-de-londres\/#breadcrumb"},"inLanguage":"es","potentialAction":[{"@type":"ReadAction","target":["https:\/\/tourtravelandmore.com\/es\/tours\/reino-unido-es\/londres-es\/tour-privado-a-pie-de-londres\/"]}]},{"@type":"ImageObject","inLanguage":"es","@id":"https:\/\/tourtravelandmore.com\/es\/tours\/reino-unido-es\/londres-es\/tour-privado-a-pie-de-londres\/#primaryimage","url":"https:\/\/tourtravelandmore.com\/wp-content\/uploads\/2019\/03\/walking-londe.jpg","contentUrl":"https:\/\/tourtravelandmore.com\/wp-content\/uploads\/2019\/03\/walking-londe.jpg","width":1500,"height":986,"caption":"CUL38. LONDRES, 04\/07\/2012.- Fotograf\u00eda cedida por Sellar de una vista general de la orilla sur del r\u00edo T\u00e1mesis a su paso por Londres, en la que despunta el pin\u00e1culo del \"Shard\", el edificio m\u00e1s alto de Europa, con 87 pisos y 310 metros de altura, que se inaugurar\u00e1 ma\u00f1ana. EFE\/ Sellar\/SOLO USO EDITORIAL."},{"@type":"BreadcrumbList","@id":"https:\/\/tourtravelandmore.com\/es\/tours\/reino-unido-es\/londres-es\/tour-privado-a-pie-de-londres\/#breadcrumb","itemListElement":[{"@type":"ListItem","position":1,"name":"Home","item":"https:\/\/tourtravelandmore.com\/es\/"},{"@type":"ListItem","position":2,"name":"Tours","item":"https:\/\/tourtravelandmore.com\/es\/tours\/"},{"@type":"ListItem","position":3,"name":"Tour privado a pie de Londres"}]},{"@type":"WebSite","@id":"https:\/\/tourtravelandmore.com\/es\/#website","url":"https:\/\/tourtravelandmore.com\/es\/","name":"Tour Travel And More","description":"Private sightseeing tours and luxury transfers in Spain","publisher":{"@id":"https:\/\/tourtravelandmore.com\/es\/#organization"},"potentialAction":[{"@type":"SearchAction","target":{"@type":"EntryPoint","urlTemplate":"https:\/\/tourtravelandmore.com\/es\/?s={search_term_string}"},"query-input":{"@type":"PropertyValueSpecification","valueRequired":true,"valueName":"search_term_string"}}],"inLanguage":"es"},{"@type":"Organization","@id":"https:\/\/tourtravelandmore.com\/es\/#organization","name":"Tour Travel And More","url":"https:\/\/tourtravelandmore.com\/es\/","logo":{"@type":"ImageObject","inLanguage":"es","@id":"https:\/\/tourtravelandmore.com\/es\/#\/schema\/logo\/image\/","url":"https:\/\/tourtravelandmore.com\/wp-content\/uploads\/2022\/12\/cropped-logo-cabecera-new.png","contentUrl":"https:\/\/tourtravelandmore.com\/wp-content\/uploads\/2022\/12\/cropped-logo-cabecera-new.png","width":430,"height":61,"caption":"Tour Travel And More"},"image":{"@id":"https:\/\/tourtravelandmore.com\/es\/#\/schema\/logo\/image\/"},"sameAs":["https:\/\/www.facebook.com\/tourtravelandmore\/","https:\/\/x.com\/TourTravel_More"]}]}},"_links":{"self":[{"href":"https:\/\/tourtravelandmore.com\/es\/wp-json\/wp\/v2\/product\/34968","targetHints":{"allow":["GET"]}}],"collection":[{"href":"https:\/\/tourtravelandmore.com\/es\/wp-json\/wp\/v2\/product"}],"about":[{"href":"https:\/\/tourtravelandmore.com\/es\/wp-json\/wp\/v2\/types\/product"}],"replies":[{"embeddable":true,"href":"https:\/\/tourtravelandmore.com\/es\/wp-json\/wp\/v2\/comments?post=34968"}],"wp:featuredmedia":[{"embeddable":true,"href":"https:\/\/tourtravelandmore.com\/es\/wp-json\/wp\/v2\/media\/34974"}],"wp:attachment":[{"href":"https:\/\/tourtravelandmore.com\/es\/wp-json\/wp\/v2\/media?parent=34968"}],"wp:term":[{"taxonomy":"product_brand","embeddable":true,"href":"https:\/\/tourtravelandmore.com\/es\/wp-json\/wp\/v2\/product_brand?post=34968"},{"taxonomy":"product_cat","embeddable":true,"href":"https:\/\/tourtravelandmore.com\/es\/wp-json\/wp\/v2\/product_cat?post=34968"},{"taxonomy":"product_tag","embeddable":true,"href":"https:\/\/tourtravelandmore.com\/es\/wp-json\/wp\/v2\/product_tag?post=34968"}],"curies":[{"name":"wp","href":"https:\/\/api.w.org\/{rel}","templated":true}]}}