{"id":34935,"date":"2019-03-25T12:30:51","date_gmt":"2019-03-25T11:30:55","guid":{"rendered":"http:\/\/tourtravelandmore.com\/es\/tours\/londres-es\/londres-tour-privado-de-dia-completo\/"},"modified":"2024-04-04T14:54:57","modified_gmt":"2024-04-04T12:54:57","slug":"tour-privado-por-londres-con-guia-y-vehiculo","status":"publish","type":"product","link":"https:\/\/tourtravelandmore.com\/es\/tours\/reino-unido-es\/londres-es\/tour-privado-por-londres-con-guia-y-vehiculo\/","title":{"rendered":"Tour privado de Londres con gu\u00eda y veh\u00edculo"},"content":{"rendered":"<h2><b>Descripci\u00f3n del Tour privado de Londres con gu\u00eda y veh\u00edculo<\/b><\/h2>\n<p>Bienvenido a nuestro exclusivo Tour Privado de Londres con Gu\u00eda y Veh\u00edculo, una exploraci\u00f3n lujosa y personalizada de esta emblem\u00e1tica ciudad. En Tour Travel &amp; More, nos enorgullecemos de ofrecer experiencias inolvidables, y este tour de 4 horas est\u00e1 dise\u00f1ado para sumergirle en lo mejor de la historia, la cultura y los lugares emblem\u00e1ticos de Londres.<\/p>\n<p>Emb\u00e1rquese en un viaje sin igual mientras es recibido por su gu\u00eda tur\u00edstico profesional y su veh\u00edculo privado con ch\u00f3fer. Su aventura comienza con la recogida en su hotel o lugar preferido. Garantizamos su comodidad y conveniencia de principio a fin.<\/p>\n<p>A lo largo de su viaje, su gu\u00eda compartir\u00e1 con usted historias cautivadoras, datos hist\u00f3ricos y consejos de expertos que le ayudar\u00e1n a comprender mejor el pasado y el presente de Londres. Esta visita privada garantiza la flexibilidad de su itinerario, permiti\u00e9ndole detenerse en sus lugares favoritos y personalizar la experiencia seg\u00fan sus preferencias.<\/p>\n<p>Al final, el coche privado le llevar\u00e1 de vuelta al lugar de su elecci\u00f3n.<\/p>\n<h2><b>Puntos de inter\u00e9s del Tour Privado por Londres con gu\u00eda y veh\u00edculo<\/b><\/h2>\n<p>Londres es una de las ciudades m\u00e1s fascinantes y diversas del mundo. Es un lugar fascinante y ofrece algo para todos los que la visitan. Sabemos que no hay tiempo que perder cuando se visita esta maravillosa ciudad.<\/p>\n<p>Cuando se re\u00fana con su gu\u00eda privado, comenzar\u00e1 una gran aventura para visitar los siguientes puntos de inter\u00e9s:<\/p>\n<ul>\n<li><strong>Palacio de Buckingham:<\/strong> Marav\u00edllese ante la grandeza de la residencia oficial del monarca brit\u00e1nico. Sea testigo de la ceremonia del Cambio de Guardia desde el exterior de las puertas del palacio.<\/li>\n<li><strong>Abad\u00eda de Westminster:<\/strong> Admire la impresionante arquitectura g\u00f3tica y conozca la historia de esta emblem\u00e1tica abad\u00eda desde el exterior. Incluido su papel en las ceremonias reales y como lugar de enterramiento de los monarcas brit\u00e1nicos.<\/li>\n<li><strong>Big Ben y Casas del Parlamento:<\/strong> Capture fotos memorables de estos emblem\u00e1ticos monumentos. Conocidos en todo el mundo por su impresionante arquitectura y su importancia hist\u00f3rica, desde el otro lado del r\u00edo T\u00e1mesis.<\/li>\n<li><strong>Torre de Londres:<\/strong> Explore el exterior de esta antigua fortaleza y escuche los cautivadores relatos de su gu\u00eda sobre su tumultuosa historia. Admire la impresionante estructura desde el exterior.<\/li>\n<li><strong>Catedral de San Pablo:<\/strong> Admire la belleza exterior de la obra maestra de Sir Christopher Wren, la Catedral de San Pablo. Su gu\u00eda le explicar\u00e1 su importancia arquitect\u00f3nica y sus acontecimientos hist\u00f3ricos.<\/li>\n<li><strong>Covent Garden:<\/strong> Concluya su visita con un paseo por Covent Garden, empap\u00e1ndose del animado ambiente y los espect\u00e1culos callejeros de este emblem\u00e1tico distrito.<\/li>\n<\/ul>\n<p>Finalmente, el coche privado le llevar\u00e1 a un punto acordado para continuar su recorrido por Londres.<\/p>\n<p id=\"tw-target-text\" class=\"tw-data-text tw-text-large XcVN5d tw-ta\" dir=\"ltr\" data-placeholder=\"Traducci\u00f3n\"><span style=\"font-weight: 400;\">Si eres fans de Harry Potter, aprovecha tu tiempo en Londres para que conozcas los escenarios originales de las 8 pel\u00edculas de la saga en nuestro <\/span><b><a href=\"https:\/\/tourtravelandmore.com\/es\/tours\/reino-unido-es\/londres-es\/tour-privado-de-harry-potter-en-los-estudios-warner\/\">tour de Harry Potter en los estudios Warner<\/a>.<\/b><\/p>\n","protected":false},"excerpt":{"rendered":"<p><span style=\"font-weight: 400;\">Personaliza tu recorrido por Londres con un tour privado de 4 u 8 horas para explorar las catedrales, los castillos y las calles m\u00e1s atractivas de esta maravillosa ciudad en compa\u00f1\u00eda de un gu\u00eda oficial y con traslado incluido en un coche de lujo.<\/span><\/p>\n<p><span style=\"font-weight: 400;\">Esta excursi\u00f3n privada por Londres es la forma perfecta para ver los lugares m\u00e1s emblem\u00e1ticos de la ciudad, como el Big Ben, la Torre de Londres, las Casas del Parlamento, el Palacio de Buckingham, entre muchos otros sitios de gran valor hist\u00f3rico y cultural. <\/span><\/p>\n","protected":false},"featured_media":34945,"comment_status":"open","ping_status":"closed","template":"","meta":{"_acf_changed":false},"product_brand":[],"product_cat":[1603,1142,1151,1150],"product_tag":[],"class_list":{"0":"post-34935","1":"product","2":"type-product","3":"status-publish","4":"has-post-thumbnail","6":"product_cat-reino-unido-es","7":"product_cat-londres-es","8":"product_cat-londres-actividades-es","9":"product_cat-londres-tours-es","11":"first","12":"instock","13":"shipping-taxable","14":"purchasable","15":"product-type-simple"},"acf":[],"yoast_head":"<!-- This site is optimized with the Yoast SEO Premium plugin v25.3.1 (Yoast SEO v25.3.1) - https:\/\/yoast.com\/wordpress\/plugins\/seo\/ -->\n<title>\u27a1\ufe0f Tour Privado por Londres con gu\u00eda privado y coche incluido | Tour Travel &amp; More<\/title>\n<meta name=\"description\" content=\"\u00a1Tour privado de Londres con gu\u00eda y veh\u00edculo! Acompa\u00f1ado por un gu\u00eda oficial privado y con traslado en un c\u00f3modo coche de lujo \u2705.\" \/>\n<meta name=\"robots\" content=\"index, follow, max-snippet:-1, max-image-preview:large, max-video-preview:-1\" \/>\n<link rel=\"canonical\" href=\"https:\/\/tourtravelandmore.com\/es\/tours\/reino-unido-es\/londres-es\/tour-privado-por-londres-con-guia-y-vehiculo\/\" \/>\n<meta property=\"og:locale\" content=\"es_ES\" \/>\n<meta property=\"og:type\" content=\"article\" \/>\n<meta property=\"og:title\" content=\"Tour privado de Londres con gu\u00eda y veh\u00edculo\" \/>\n<meta property=\"og:description\" content=\"\u00a1Tour privado de Londres con gu\u00eda y veh\u00edculo! Acompa\u00f1ado por un gu\u00eda oficial privado y con traslado en un c\u00f3modo coche de lujo \u2705.\" \/>\n<meta property=\"og:url\" content=\"https:\/\/tourtravelandmore.com\/es\/tours\/reino-unido-es\/londres-es\/tour-privado-por-londres-con-guia-y-vehiculo\/\" \/>\n<meta property=\"og:site_name\" content=\"Tour Travel And More\" \/>\n<meta property=\"article:publisher\" content=\"https:\/\/www.facebook.com\/tourtravelandmore\/\" \/>\n<meta property=\"article:modified_time\" content=\"2024-04-04T12:54:57+00:00\" \/>\n<meta property=\"og:image\" content=\"https:\/\/tourtravelandmore.com\/wp-content\/uploads\/2019\/03\/london-2393098_960_720.jpg\" \/>\n\t<meta property=\"og:image:width\" content=\"960\" \/>\n\t<meta property=\"og:image:height\" content=\"660\" \/>\n\t<meta property=\"og:image:type\" content=\"image\/jpeg\" \/>\n<meta name=\"twitter:card\" content=\"summary_large_image\" \/>\n<meta name=\"twitter:site\" content=\"@TourTravel_More\" \/>\n<meta name=\"twitter:label1\" content=\"Tiempo de lectura\" \/>\n\t<meta name=\"twitter:data1\" content=\"4 minutos\" \/>\n<script type=\"application\/ld+json\" class=\"yoast-schema-graph\">{\"@context\":\"https:\/\/schema.org\",\"@graph\":[{\"@type\":\"WebPage\",\"@id\":\"https:\/\/tourtravelandmore.com\/es\/tours\/reino-unido-es\/londres-es\/tour-privado-por-londres-con-guia-y-vehiculo\/\",\"url\":\"https:\/\/tourtravelandmore.com\/es\/tours\/reino-unido-es\/londres-es\/tour-privado-por-londres-con-guia-y-vehiculo\/\",\"name\":\"\u27a1\ufe0f Tour Privado por Londres con gu\u00eda privado y coche incluido | Tour Travel & More\",\"isPartOf\":{\"@id\":\"https:\/\/tourtravelandmore.com\/es\/#website\"},\"primaryImageOfPage\":{\"@id\":\"https:\/\/tourtravelandmore.com\/es\/tours\/reino-unido-es\/londres-es\/tour-privado-por-londres-con-guia-y-vehiculo\/#primaryimage\"},\"image\":{\"@id\":\"https:\/\/tourtravelandmore.com\/es\/tours\/reino-unido-es\/londres-es\/tour-privado-por-londres-con-guia-y-vehiculo\/#primaryimage\"},\"thumbnailUrl\":\"https:\/\/tourtravelandmore.com\/wp-content\/uploads\/2019\/03\/london-2393098_960_720.jpg\",\"datePublished\":\"2019-03-25T11:30:55+00:00\",\"dateModified\":\"2024-04-04T12:54:57+00:00\",\"description\":\"\u00a1Tour privado de Londres con gu\u00eda y veh\u00edculo! Acompa\u00f1ado por un gu\u00eda oficial privado y con traslado en un c\u00f3modo coche de lujo \u2705.\",\"breadcrumb\":{\"@id\":\"https:\/\/tourtravelandmore.com\/es\/tours\/reino-unido-es\/londres-es\/tour-privado-por-londres-con-guia-y-vehiculo\/#breadcrumb\"},\"inLanguage\":\"es\",\"potentialAction\":[{\"@type\":\"ReadAction\",\"target\":[\"https:\/\/tourtravelandmore.com\/es\/tours\/reino-unido-es\/londres-es\/tour-privado-por-londres-con-guia-y-vehiculo\/\"]}]},{\"@type\":\"ImageObject\",\"inLanguage\":\"es\",\"@id\":\"https:\/\/tourtravelandmore.com\/es\/tours\/reino-unido-es\/londres-es\/tour-privado-por-londres-con-guia-y-vehiculo\/#primaryimage\",\"url\":\"https:\/\/tourtravelandmore.com\/wp-content\/uploads\/2019\/03\/london-2393098_960_720.jpg\",\"contentUrl\":\"https:\/\/tourtravelandmore.com\/wp-content\/uploads\/2019\/03\/london-2393098_960_720.jpg\",\"width\":960,\"height\":660},{\"@type\":\"BreadcrumbList\",\"@id\":\"https:\/\/tourtravelandmore.com\/es\/tours\/reino-unido-es\/londres-es\/tour-privado-por-londres-con-guia-y-vehiculo\/#breadcrumb\",\"itemListElement\":[{\"@type\":\"ListItem\",\"position\":1,\"name\":\"Home\",\"item\":\"https:\/\/tourtravelandmore.com\/es\/\"},{\"@type\":\"ListItem\",\"position\":2,\"name\":\"Tours\",\"item\":\"https:\/\/tourtravelandmore.com\/es\/tours\/\"},{\"@type\":\"ListItem\",\"position\":3,\"name\":\"Tour privado de Londres con gu\u00eda y veh\u00edculo\"}]},{\"@type\":\"WebSite\",\"@id\":\"https:\/\/tourtravelandmore.com\/es\/#website\",\"url\":\"https:\/\/tourtravelandmore.com\/es\/\",\"name\":\"Tour Travel And More\",\"description\":\"Private sightseeing tours and luxury transfers in Spain\",\"publisher\":{\"@id\":\"https:\/\/tourtravelandmore.com\/es\/#organization\"},\"potentialAction\":[{\"@type\":\"SearchAction\",\"target\":{\"@type\":\"EntryPoint\",\"urlTemplate\":\"https:\/\/tourtravelandmore.com\/es\/?s={search_term_string}\"},\"query-input\":{\"@type\":\"PropertyValueSpecification\",\"valueRequired\":true,\"valueName\":\"search_term_string\"}}],\"inLanguage\":\"es\"},{\"@type\":\"Organization\",\"@id\":\"https:\/\/tourtravelandmore.com\/es\/#organization\",\"name\":\"Tour Travel And More\",\"url\":\"https:\/\/tourtravelandmore.com\/es\/\",\"logo\":{\"@type\":\"ImageObject\",\"inLanguage\":\"es\",\"@id\":\"https:\/\/tourtravelandmore.com\/es\/#\/schema\/logo\/image\/\",\"url\":\"https:\/\/tourtravelandmore.com\/wp-content\/uploads\/2022\/12\/cropped-logo-cabecera-new.png\",\"contentUrl\":\"https:\/\/tourtravelandmore.com\/wp-content\/uploads\/2022\/12\/cropped-logo-cabecera-new.png\",\"width\":430,\"height\":61,\"caption\":\"Tour Travel And More\"},\"image\":{\"@id\":\"https:\/\/tourtravelandmore.com\/es\/#\/schema\/logo\/image\/\"},\"sameAs\":[\"https:\/\/www.facebook.com\/tourtravelandmore\/\",\"https:\/\/x.com\/TourTravel_More\"]}]}<\/script>\n<!-- \/ Yoast SEO Premium plugin. -->","yoast_head_json":{"title":"\u27a1\ufe0f Tour Privado por Londres con gu\u00eda privado y coche incluido | Tour Travel & More","description":"\u00a1Tour privado de Londres con gu\u00eda y veh\u00edculo! Acompa\u00f1ado por un gu\u00eda oficial privado y con traslado en un c\u00f3modo coche de lujo \u2705.","robots":{"index":"index","follow":"follow","max-snippet":"max-snippet:-1","max-image-preview":"max-image-preview:large","max-video-preview":"max-video-preview:-1"},"canonical":"https:\/\/tourtravelandmore.com\/es\/tours\/reino-unido-es\/londres-es\/tour-privado-por-londres-con-guia-y-vehiculo\/","og_locale":"es_ES","og_type":"article","og_title":"Tour privado de Londres con gu\u00eda y veh\u00edculo","og_description":"\u00a1Tour privado de Londres con gu\u00eda y veh\u00edculo! Acompa\u00f1ado por un gu\u00eda oficial privado y con traslado en un c\u00f3modo coche de lujo \u2705.","og_url":"https:\/\/tourtravelandmore.com\/es\/tours\/reino-unido-es\/londres-es\/tour-privado-por-londres-con-guia-y-vehiculo\/","og_site_name":"Tour Travel And More","article_publisher":"https:\/\/www.facebook.com\/tourtravelandmore\/","article_modified_time":"2024-04-04T12:54:57+00:00","og_image":[{"width":960,"height":660,"url":"https:\/\/tourtravelandmore.com\/wp-content\/uploads\/2019\/03\/london-2393098_960_720.jpg","type":"image\/jpeg"}],"twitter_card":"summary_large_image","twitter_site":"@TourTravel_More","twitter_misc":{"Tiempo de lectura":"4 minutos"},"schema":{"@context":"https:\/\/schema.org","@graph":[{"@type":"WebPage","@id":"https:\/\/tourtravelandmore.com\/es\/tours\/reino-unido-es\/londres-es\/tour-privado-por-londres-con-guia-y-vehiculo\/","url":"https:\/\/tourtravelandmore.com\/es\/tours\/reino-unido-es\/londres-es\/tour-privado-por-londres-con-guia-y-vehiculo\/","name":"\u27a1\ufe0f Tour Privado por Londres con gu\u00eda privado y coche incluido | Tour Travel & More","isPartOf":{"@id":"https:\/\/tourtravelandmore.com\/es\/#website"},"primaryImageOfPage":{"@id":"https:\/\/tourtravelandmore.com\/es\/tours\/reino-unido-es\/londres-es\/tour-privado-por-londres-con-guia-y-vehiculo\/#primaryimage"},"image":{"@id":"https:\/\/tourtravelandmore.com\/es\/tours\/reino-unido-es\/londres-es\/tour-privado-por-londres-con-guia-y-vehiculo\/#primaryimage"},"thumbnailUrl":"https:\/\/tourtravelandmore.com\/wp-content\/uploads\/2019\/03\/london-2393098_960_720.jpg","datePublished":"2019-03-25T11:30:55+00:00","dateModified":"2024-04-04T12:54:57+00:00","description":"\u00a1Tour privado de Londres con gu\u00eda y veh\u00edculo! Acompa\u00f1ado por un gu\u00eda oficial privado y con traslado en un c\u00f3modo coche de lujo \u2705.","breadcrumb":{"@id":"https:\/\/tourtravelandmore.com\/es\/tours\/reino-unido-es\/londres-es\/tour-privado-por-londres-con-guia-y-vehiculo\/#breadcrumb"},"inLanguage":"es","potentialAction":[{"@type":"ReadAction","target":["https:\/\/tourtravelandmore.com\/es\/tours\/reino-unido-es\/londres-es\/tour-privado-por-londres-con-guia-y-vehiculo\/"]}]},{"@type":"ImageObject","inLanguage":"es","@id":"https:\/\/tourtravelandmore.com\/es\/tours\/reino-unido-es\/londres-es\/tour-privado-por-londres-con-guia-y-vehiculo\/#primaryimage","url":"https:\/\/tourtravelandmore.com\/wp-content\/uploads\/2019\/03\/london-2393098_960_720.jpg","contentUrl":"https:\/\/tourtravelandmore.com\/wp-content\/uploads\/2019\/03\/london-2393098_960_720.jpg","width":960,"height":660},{"@type":"BreadcrumbList","@id":"https:\/\/tourtravelandmore.com\/es\/tours\/reino-unido-es\/londres-es\/tour-privado-por-londres-con-guia-y-vehiculo\/#breadcrumb","itemListElement":[{"@type":"ListItem","position":1,"name":"Home","item":"https:\/\/tourtravelandmore.com\/es\/"},{"@type":"ListItem","position":2,"name":"Tours","item":"https:\/\/tourtravelandmore.com\/es\/tours\/"},{"@type":"ListItem","position":3,"name":"Tour privado de Londres con gu\u00eda y veh\u00edculo"}]},{"@type":"WebSite","@id":"https:\/\/tourtravelandmore.com\/es\/#website","url":"https:\/\/tourtravelandmore.com\/es\/","name":"Tour Travel And More","description":"Private sightseeing tours and luxury transfers in Spain","publisher":{"@id":"https:\/\/tourtravelandmore.com\/es\/#organization"},"potentialAction":[{"@type":"SearchAction","target":{"@type":"EntryPoint","urlTemplate":"https:\/\/tourtravelandmore.com\/es\/?s={search_term_string}"},"query-input":{"@type":"PropertyValueSpecification","valueRequired":true,"valueName":"search_term_string"}}],"inLanguage":"es"},{"@type":"Organization","@id":"https:\/\/tourtravelandmore.com\/es\/#organization","name":"Tour Travel And More","url":"https:\/\/tourtravelandmore.com\/es\/","logo":{"@type":"ImageObject","inLanguage":"es","@id":"https:\/\/tourtravelandmore.com\/es\/#\/schema\/logo\/image\/","url":"https:\/\/tourtravelandmore.com\/wp-content\/uploads\/2022\/12\/cropped-logo-cabecera-new.png","contentUrl":"https:\/\/tourtravelandmore.com\/wp-content\/uploads\/2022\/12\/cropped-logo-cabecera-new.png","width":430,"height":61,"caption":"Tour Travel And More"},"image":{"@id":"https:\/\/tourtravelandmore.com\/es\/#\/schema\/logo\/image\/"},"sameAs":["https:\/\/www.facebook.com\/tourtravelandmore\/","https:\/\/x.com\/TourTravel_More"]}]}},"_links":{"self":[{"href":"https:\/\/tourtravelandmore.com\/es\/wp-json\/wp\/v2\/product\/34935","targetHints":{"allow":["GET"]}}],"collection":[{"href":"https:\/\/tourtravelandmore.com\/es\/wp-json\/wp\/v2\/product"}],"about":[{"href":"https:\/\/tourtravelandmore.com\/es\/wp-json\/wp\/v2\/types\/product"}],"replies":[{"embeddable":true,"href":"https:\/\/tourtravelandmore.com\/es\/wp-json\/wp\/v2\/comments?post=34935"}],"wp:featuredmedia":[{"embeddable":true,"href":"https:\/\/tourtravelandmore.com\/es\/wp-json\/wp\/v2\/media\/34945"}],"wp:attachment":[{"href":"https:\/\/tourtravelandmore.com\/es\/wp-json\/wp\/v2\/media?parent=34935"}],"wp:term":[{"taxonomy":"product_brand","embeddable":true,"href":"https:\/\/tourtravelandmore.com\/es\/wp-json\/wp\/v2\/product_brand?post=34935"},{"taxonomy":"product_cat","embeddable":true,"href":"https:\/\/tourtravelandmore.com\/es\/wp-json\/wp\/v2\/product_cat?post=34935"},{"taxonomy":"product_tag","embeddable":true,"href":"https:\/\/tourtravelandmore.com\/es\/wp-json\/wp\/v2\/product_tag?post=34935"}],"curies":[{"name":"wp","href":"https:\/\/api.w.org\/{rel}","templated":true}]}}