{"id":34156,"date":"2019-03-06T17:14:36","date_gmt":"2019-03-06T16:14:40","guid":{"rendered":"http:\/\/tourtravelandmore.com\/es\/tours\/funchal-es\/excursion-privada-norte-a-sur-madeira-desde-el-puerto-de-funchal\/"},"modified":"2023-04-15T03:46:01","modified_gmt":"2023-04-15T01:46:01","slug":"excursion-privada-norte-a-sur-madeira-desde-el-puerto-de-funchal","status":"publish","type":"product","link":"https:\/\/tourtravelandmore.com\/es\/tours\/portugal-es\/funchal-es\/excursion-privada-norte-a-sur-madeira-desde-el-puerto-de-funchal\/","title":{"rendered":"Tour Privado de Sur a Norte en Madeira"},"content":{"rendered":"<h2><strong>Descripci\u00f3n del Tour Privado de Sur a Norte en Madeira<\/strong><\/h2>\n<p>Ven con nosotros en este <strong>tour privado de sur a norte en Madeira<\/strong>. Disfrute de esta experiencia \u00fanica y descubra esta maravillosa isla portuguesa con un<strong> conductor\/gu\u00eda local<\/strong>. Aproveche la oportunidad de admirar los lugares m\u00e1s bellos y emblem\u00e1ticos de Madeira.<\/p>\n<p>Puede elegir la hora de salida del tour. Tambi\u00e9n tiene la opci\u00f3n de recogida y devoluci\u00f3n en su hotel o en su la terminal de cruceros de Funchal en un <strong>veh\u00edculo privado<\/strong>.<\/p>\n<p><strong>La zona de Madeira<\/strong> se encuentra en medio del Atl\u00e1ntico y es muy conocida por su belleza natural. Toda la isla est\u00e1 cubierta por una hermosa vegetaci\u00f3n y flores. La isla alberga el puerto internacional de cruceros de Funchal, donde muchas de las grandes l\u00edneas de cruceros ofrecen una parada. Frente al puerto se ubica la <strong>fortaleza de S\u00e3o Tiago<\/strong>, edificada en el siglo XVII. La isla alberga hermosas playas y es ideal para practicar senderismo.<\/p>\n<p>Otra posible opci\u00f3n de tour de d\u00eda completo desde Funchal, es nuestro <a href=\"https:\/\/tourtravelandmore.com\/es\/tours\/portugal-es\/funchal-es\/madeira-excursion-privada-desde-el-puerto-de-funchal\/\">tour privado a Porto Moniz<\/a>, \u00a1echa un vistazo!.<\/p>\n<h2><strong>Puntos de inter\u00e9s en el Tour Privado de Sur a Norte en Madeira<\/strong><\/h2>\n<p>En primer lugar, su conductor\/gu\u00eda privado lo estar\u00e1 esperando en el lugar que elija en Madeira o en el puerto de cruceros de Funchal. Como se trata de un tour privado, usted decidir\u00e1 la hora de inicio de su experiencia.<\/p>\n<p>Durante su recorrido privado, descubrir\u00e1 algunos de los puntos m\u00e1s emblem\u00e1ticos de la isla:<\/p>\n<ul>\n<li><strong>C\u00e2mara de Lobos<\/strong><\/li>\n<li><strong>Cabo Gir\u00e3o<\/strong><\/li>\n<li><strong>Ribeira Brava<\/strong><\/li>\n<li><strong>Pa\u00fal da Serra<\/strong><\/li>\n<li><strong>Porto Moniz<\/strong><\/li>\n<li><strong>Seixal<\/strong><\/li>\n<li><strong>S\u00e3o Vicente<\/strong><\/li>\n<li><strong>Encumeada<\/strong><\/li>\n<li><strong>Serra d&#8217;\u00c1gua<\/strong><\/li>\n<li>\u00a1Mucho m\u00e1s!<\/li>\n<\/ul>\n<p>Tambi\u00e9n har\u00e1s una parada para degustar y admirar la gastronom\u00eda t\u00edpica de la regi\u00f3n. En caso de que lo prefiera, podemos hacer la reserva para usted en un hermoso restaurante.<\/p>\n<p>Disfrute de este tour privado de sur a norte en <a href=\"https:\/\/es.wikipedia.org\/wiki\/Madeira\">Madeira<\/a> con un profesional. Puede personalizar cada recorrido con solo contactarnos. Este es un ejemplo de algunos de los lugares m\u00e1s importantes para darte una idea.<\/p>\n<p>Te ayudaremos a organizar tu experiencia completamente personalizada y \u00fanica en Madeira. Tambi\u00e9n podemos organizar un recorrido m\u00e1s corto o m\u00e1s largo.<\/p>\n<p>Finalmente, despu\u00e9s de un recorrido de 7 horas, su conductor\/gu\u00eda privado lo llevar\u00e1 de regreso a su punto de partida.<\/p>\n","protected":false},"excerpt":{"rendered":"<p>Tome esta oportunidad para conocer y disfrutar los sitios m\u00e1s emblem\u00e1ticos de la<strong> isla de Madeira<\/strong> junto a su ch\u00f3fer\/gu\u00eda privado. Disfrute de las zonas playeras, de las vistas panor\u00e1micas m\u00e1s bonitas y los pueblos m\u00e1s tradicionales de esta hermosa isla portuguesa.<\/p>\n<p>&nbsp;<\/p>\n","protected":false},"featured_media":34166,"comment_status":"open","ping_status":"closed","template":"","meta":{"_acf_changed":false},"product_brand":[],"product_cat":[1612,1085,1086,1088],"product_tag":[],"class_list":{"0":"post-34156","1":"product","2":"type-product","3":"status-publish","4":"has-post-thumbnail","6":"product_cat-portugal-es","7":"product_cat-funchal-es","8":"product_cat-funchal-actividades-es","9":"product_cat-funchal-excursiones-privadas-cruceros-es","11":"first","12":"instock","13":"shipping-taxable","14":"purchasable","15":"product-type-simple"},"acf":[],"yoast_head":"<!-- This site is optimized with the Yoast SEO Premium plugin v25.3.1 (Yoast SEO v25.3.1) - https:\/\/yoast.com\/wordpress\/plugins\/seo\/ -->\n<title>\u27a1\ufe0f Tour Privado de Sur a Norte en Madeira con chofer\/gu\u00eda privado<\/title>\n<meta name=\"description\" content=\"Tour personalizable de norte a sur de Madeira. Conozca y disfrute de Madeira en un tour con chofer\/gu\u00eda c\u00f3modo en un veh\u00edculo privado de lujo \u2705\" \/>\n<meta name=\"robots\" content=\"index, follow, max-snippet:-1, max-image-preview:large, max-video-preview:-1\" \/>\n<link rel=\"canonical\" href=\"https:\/\/tourtravelandmore.com\/es\/tours\/portugal-es\/funchal-es\/excursion-privada-norte-a-sur-madeira-desde-el-puerto-de-funchal\/\" \/>\n<meta property=\"og:locale\" content=\"es_ES\" \/>\n<meta property=\"og:type\" content=\"article\" \/>\n<meta property=\"og:title\" content=\"Tour Privado de Sur a Norte en Madeira\" \/>\n<meta property=\"og:description\" content=\"Tour personalizable de norte a sur de Madeira. Conozca y disfrute de Madeira en un tour con chofer\/gu\u00eda c\u00f3modo en un veh\u00edculo privado de lujo \u2705\" \/>\n<meta property=\"og:url\" content=\"https:\/\/tourtravelandmore.com\/es\/tours\/portugal-es\/funchal-es\/excursion-privada-norte-a-sur-madeira-desde-el-puerto-de-funchal\/\" \/>\n<meta property=\"og:site_name\" content=\"Tour Travel And More\" \/>\n<meta property=\"article:publisher\" content=\"https:\/\/www.facebook.com\/tourtravelandmore\/\" \/>\n<meta property=\"article:modified_time\" content=\"2023-04-15T01:46:01+00:00\" \/>\n<meta property=\"og:image\" content=\"https:\/\/tourtravelandmore.com\/wp-content\/uploads\/2019\/03\/Madeira_Beach_163610932.jpg\" \/>\n\t<meta property=\"og:image:width\" content=\"1280\" \/>\n\t<meta property=\"og:image:height\" content=\"960\" \/>\n\t<meta property=\"og:image:type\" content=\"image\/jpeg\" \/>\n<meta name=\"twitter:card\" content=\"summary_large_image\" \/>\n<meta name=\"twitter:site\" content=\"@TourTravel_More\" \/>\n<meta name=\"twitter:label1\" content=\"Tiempo de lectura\" \/>\n\t<meta name=\"twitter:data1\" content=\"2 minutos\" \/>\n<script type=\"application\/ld+json\" class=\"yoast-schema-graph\">{\"@context\":\"https:\/\/schema.org\",\"@graph\":[{\"@type\":\"WebPage\",\"@id\":\"https:\/\/tourtravelandmore.com\/es\/tours\/portugal-es\/funchal-es\/excursion-privada-norte-a-sur-madeira-desde-el-puerto-de-funchal\/\",\"url\":\"https:\/\/tourtravelandmore.com\/es\/tours\/portugal-es\/funchal-es\/excursion-privada-norte-a-sur-madeira-desde-el-puerto-de-funchal\/\",\"name\":\"\u27a1\ufe0f Tour Privado de Sur a Norte en Madeira con chofer\/gu\u00eda privado\",\"isPartOf\":{\"@id\":\"https:\/\/tourtravelandmore.com\/es\/#website\"},\"primaryImageOfPage\":{\"@id\":\"https:\/\/tourtravelandmore.com\/es\/tours\/portugal-es\/funchal-es\/excursion-privada-norte-a-sur-madeira-desde-el-puerto-de-funchal\/#primaryimage\"},\"image\":{\"@id\":\"https:\/\/tourtravelandmore.com\/es\/tours\/portugal-es\/funchal-es\/excursion-privada-norte-a-sur-madeira-desde-el-puerto-de-funchal\/#primaryimage\"},\"thumbnailUrl\":\"https:\/\/tourtravelandmore.com\/wp-content\/uploads\/2019\/03\/Madeira_Beach_163610932.jpg\",\"datePublished\":\"2019-03-06T16:14:40+00:00\",\"dateModified\":\"2023-04-15T01:46:01+00:00\",\"description\":\"Tour personalizable de norte a sur de Madeira. Conozca y disfrute de Madeira en un tour con chofer\/gu\u00eda c\u00f3modo en un veh\u00edculo privado de lujo \u2705\",\"breadcrumb\":{\"@id\":\"https:\/\/tourtravelandmore.com\/es\/tours\/portugal-es\/funchal-es\/excursion-privada-norte-a-sur-madeira-desde-el-puerto-de-funchal\/#breadcrumb\"},\"inLanguage\":\"es\",\"potentialAction\":[{\"@type\":\"ReadAction\",\"target\":[\"https:\/\/tourtravelandmore.com\/es\/tours\/portugal-es\/funchal-es\/excursion-privada-norte-a-sur-madeira-desde-el-puerto-de-funchal\/\"]}]},{\"@type\":\"ImageObject\",\"inLanguage\":\"es\",\"@id\":\"https:\/\/tourtravelandmore.com\/es\/tours\/portugal-es\/funchal-es\/excursion-privada-norte-a-sur-madeira-desde-el-puerto-de-funchal\/#primaryimage\",\"url\":\"https:\/\/tourtravelandmore.com\/wp-content\/uploads\/2019\/03\/Madeira_Beach_163610932.jpg\",\"contentUrl\":\"https:\/\/tourtravelandmore.com\/wp-content\/uploads\/2019\/03\/Madeira_Beach_163610932.jpg\",\"width\":1280,\"height\":960},{\"@type\":\"BreadcrumbList\",\"@id\":\"https:\/\/tourtravelandmore.com\/es\/tours\/portugal-es\/funchal-es\/excursion-privada-norte-a-sur-madeira-desde-el-puerto-de-funchal\/#breadcrumb\",\"itemListElement\":[{\"@type\":\"ListItem\",\"position\":1,\"name\":\"Home\",\"item\":\"https:\/\/tourtravelandmore.com\/es\/\"},{\"@type\":\"ListItem\",\"position\":2,\"name\":\"Tours\",\"item\":\"https:\/\/tourtravelandmore.com\/es\/tours\/\"},{\"@type\":\"ListItem\",\"position\":3,\"name\":\"Tour Privado de Sur a Norte en Madeira\"}]},{\"@type\":\"WebSite\",\"@id\":\"https:\/\/tourtravelandmore.com\/es\/#website\",\"url\":\"https:\/\/tourtravelandmore.com\/es\/\",\"name\":\"Tour Travel And More\",\"description\":\"Private sightseeing tours and luxury transfers in Spain\",\"publisher\":{\"@id\":\"https:\/\/tourtravelandmore.com\/es\/#organization\"},\"potentialAction\":[{\"@type\":\"SearchAction\",\"target\":{\"@type\":\"EntryPoint\",\"urlTemplate\":\"https:\/\/tourtravelandmore.com\/es\/?s={search_term_string}\"},\"query-input\":{\"@type\":\"PropertyValueSpecification\",\"valueRequired\":true,\"valueName\":\"search_term_string\"}}],\"inLanguage\":\"es\"},{\"@type\":\"Organization\",\"@id\":\"https:\/\/tourtravelandmore.com\/es\/#organization\",\"name\":\"Tour Travel And More\",\"url\":\"https:\/\/tourtravelandmore.com\/es\/\",\"logo\":{\"@type\":\"ImageObject\",\"inLanguage\":\"es\",\"@id\":\"https:\/\/tourtravelandmore.com\/es\/#\/schema\/logo\/image\/\",\"url\":\"https:\/\/tourtravelandmore.com\/wp-content\/uploads\/2022\/12\/cropped-logo-cabecera-new.png\",\"contentUrl\":\"https:\/\/tourtravelandmore.com\/wp-content\/uploads\/2022\/12\/cropped-logo-cabecera-new.png\",\"width\":430,\"height\":61,\"caption\":\"Tour Travel And More\"},\"image\":{\"@id\":\"https:\/\/tourtravelandmore.com\/es\/#\/schema\/logo\/image\/\"},\"sameAs\":[\"https:\/\/www.facebook.com\/tourtravelandmore\/\",\"https:\/\/x.com\/TourTravel_More\"]}]}<\/script>\n<!-- \/ Yoast SEO Premium plugin. -->","yoast_head_json":{"title":"\u27a1\ufe0f Tour Privado de Sur a Norte en Madeira con chofer\/gu\u00eda privado","description":"Tour personalizable de norte a sur de Madeira. Conozca y disfrute de Madeira en un tour con chofer\/gu\u00eda c\u00f3modo en un veh\u00edculo privado de lujo \u2705","robots":{"index":"index","follow":"follow","max-snippet":"max-snippet:-1","max-image-preview":"max-image-preview:large","max-video-preview":"max-video-preview:-1"},"canonical":"https:\/\/tourtravelandmore.com\/es\/tours\/portugal-es\/funchal-es\/excursion-privada-norte-a-sur-madeira-desde-el-puerto-de-funchal\/","og_locale":"es_ES","og_type":"article","og_title":"Tour Privado de Sur a Norte en Madeira","og_description":"Tour personalizable de norte a sur de Madeira. Conozca y disfrute de Madeira en un tour con chofer\/gu\u00eda c\u00f3modo en un veh\u00edculo privado de lujo \u2705","og_url":"https:\/\/tourtravelandmore.com\/es\/tours\/portugal-es\/funchal-es\/excursion-privada-norte-a-sur-madeira-desde-el-puerto-de-funchal\/","og_site_name":"Tour Travel And More","article_publisher":"https:\/\/www.facebook.com\/tourtravelandmore\/","article_modified_time":"2023-04-15T01:46:01+00:00","og_image":[{"width":1280,"height":960,"url":"https:\/\/tourtravelandmore.com\/wp-content\/uploads\/2019\/03\/Madeira_Beach_163610932.jpg","type":"image\/jpeg"}],"twitter_card":"summary_large_image","twitter_site":"@TourTravel_More","twitter_misc":{"Tiempo de lectura":"2 minutos"},"schema":{"@context":"https:\/\/schema.org","@graph":[{"@type":"WebPage","@id":"https:\/\/tourtravelandmore.com\/es\/tours\/portugal-es\/funchal-es\/excursion-privada-norte-a-sur-madeira-desde-el-puerto-de-funchal\/","url":"https:\/\/tourtravelandmore.com\/es\/tours\/portugal-es\/funchal-es\/excursion-privada-norte-a-sur-madeira-desde-el-puerto-de-funchal\/","name":"\u27a1\ufe0f Tour Privado de Sur a Norte en Madeira con chofer\/gu\u00eda privado","isPartOf":{"@id":"https:\/\/tourtravelandmore.com\/es\/#website"},"primaryImageOfPage":{"@id":"https:\/\/tourtravelandmore.com\/es\/tours\/portugal-es\/funchal-es\/excursion-privada-norte-a-sur-madeira-desde-el-puerto-de-funchal\/#primaryimage"},"image":{"@id":"https:\/\/tourtravelandmore.com\/es\/tours\/portugal-es\/funchal-es\/excursion-privada-norte-a-sur-madeira-desde-el-puerto-de-funchal\/#primaryimage"},"thumbnailUrl":"https:\/\/tourtravelandmore.com\/wp-content\/uploads\/2019\/03\/Madeira_Beach_163610932.jpg","datePublished":"2019-03-06T16:14:40+00:00","dateModified":"2023-04-15T01:46:01+00:00","description":"Tour personalizable de norte a sur de Madeira. Conozca y disfrute de Madeira en un tour con chofer\/gu\u00eda c\u00f3modo en un veh\u00edculo privado de lujo \u2705","breadcrumb":{"@id":"https:\/\/tourtravelandmore.com\/es\/tours\/portugal-es\/funchal-es\/excursion-privada-norte-a-sur-madeira-desde-el-puerto-de-funchal\/#breadcrumb"},"inLanguage":"es","potentialAction":[{"@type":"ReadAction","target":["https:\/\/tourtravelandmore.com\/es\/tours\/portugal-es\/funchal-es\/excursion-privada-norte-a-sur-madeira-desde-el-puerto-de-funchal\/"]}]},{"@type":"ImageObject","inLanguage":"es","@id":"https:\/\/tourtravelandmore.com\/es\/tours\/portugal-es\/funchal-es\/excursion-privada-norte-a-sur-madeira-desde-el-puerto-de-funchal\/#primaryimage","url":"https:\/\/tourtravelandmore.com\/wp-content\/uploads\/2019\/03\/Madeira_Beach_163610932.jpg","contentUrl":"https:\/\/tourtravelandmore.com\/wp-content\/uploads\/2019\/03\/Madeira_Beach_163610932.jpg","width":1280,"height":960},{"@type":"BreadcrumbList","@id":"https:\/\/tourtravelandmore.com\/es\/tours\/portugal-es\/funchal-es\/excursion-privada-norte-a-sur-madeira-desde-el-puerto-de-funchal\/#breadcrumb","itemListElement":[{"@type":"ListItem","position":1,"name":"Home","item":"https:\/\/tourtravelandmore.com\/es\/"},{"@type":"ListItem","position":2,"name":"Tours","item":"https:\/\/tourtravelandmore.com\/es\/tours\/"},{"@type":"ListItem","position":3,"name":"Tour Privado de Sur a Norte en Madeira"}]},{"@type":"WebSite","@id":"https:\/\/tourtravelandmore.com\/es\/#website","url":"https:\/\/tourtravelandmore.com\/es\/","name":"Tour Travel And More","description":"Private sightseeing tours and luxury transfers in Spain","publisher":{"@id":"https:\/\/tourtravelandmore.com\/es\/#organization"},"potentialAction":[{"@type":"SearchAction","target":{"@type":"EntryPoint","urlTemplate":"https:\/\/tourtravelandmore.com\/es\/?s={search_term_string}"},"query-input":{"@type":"PropertyValueSpecification","valueRequired":true,"valueName":"search_term_string"}}],"inLanguage":"es"},{"@type":"Organization","@id":"https:\/\/tourtravelandmore.com\/es\/#organization","name":"Tour Travel And More","url":"https:\/\/tourtravelandmore.com\/es\/","logo":{"@type":"ImageObject","inLanguage":"es","@id":"https:\/\/tourtravelandmore.com\/es\/#\/schema\/logo\/image\/","url":"https:\/\/tourtravelandmore.com\/wp-content\/uploads\/2022\/12\/cropped-logo-cabecera-new.png","contentUrl":"https:\/\/tourtravelandmore.com\/wp-content\/uploads\/2022\/12\/cropped-logo-cabecera-new.png","width":430,"height":61,"caption":"Tour Travel And More"},"image":{"@id":"https:\/\/tourtravelandmore.com\/es\/#\/schema\/logo\/image\/"},"sameAs":["https:\/\/www.facebook.com\/tourtravelandmore\/","https:\/\/x.com\/TourTravel_More"]}]}},"_links":{"self":[{"href":"https:\/\/tourtravelandmore.com\/es\/wp-json\/wp\/v2\/product\/34156","targetHints":{"allow":["GET"]}}],"collection":[{"href":"https:\/\/tourtravelandmore.com\/es\/wp-json\/wp\/v2\/product"}],"about":[{"href":"https:\/\/tourtravelandmore.com\/es\/wp-json\/wp\/v2\/types\/product"}],"replies":[{"embeddable":true,"href":"https:\/\/tourtravelandmore.com\/es\/wp-json\/wp\/v2\/comments?post=34156"}],"wp:featuredmedia":[{"embeddable":true,"href":"https:\/\/tourtravelandmore.com\/es\/wp-json\/wp\/v2\/media\/34166"}],"wp:attachment":[{"href":"https:\/\/tourtravelandmore.com\/es\/wp-json\/wp\/v2\/media?parent=34156"}],"wp:term":[{"taxonomy":"product_brand","embeddable":true,"href":"https:\/\/tourtravelandmore.com\/es\/wp-json\/wp\/v2\/product_brand?post=34156"},{"taxonomy":"product_cat","embeddable":true,"href":"https:\/\/tourtravelandmore.com\/es\/wp-json\/wp\/v2\/product_cat?post=34156"},{"taxonomy":"product_tag","embeddable":true,"href":"https:\/\/tourtravelandmore.com\/es\/wp-json\/wp\/v2\/product_tag?post=34156"}],"curies":[{"name":"wp","href":"https:\/\/api.w.org\/{rel}","templated":true}]}}