{"id":33828,"date":"2019-03-01T10:46:08","date_gmt":"2019-03-01T09:46:12","guid":{"rendered":"http:\/\/tourtravelandmore.com\/es\/tours\/funchal-es\/madeira-excursion-privada-desde-el-puerto-de-funchal\/"},"modified":"2023-04-15T03:46:56","modified_gmt":"2023-04-15T01:46:56","slug":"madeira-excursion-privada-desde-el-puerto-de-funchal","status":"publish","type":"product","link":"https:\/\/tourtravelandmore.com\/es\/tours\/portugal-es\/funchal-es\/madeira-excursion-privada-desde-el-puerto-de-funchal\/","title":{"rendered":"Excursi\u00f3n privada a Porto Moniz"},"content":{"rendered":"<h2><strong>Descripci\u00f3n de la Excursi\u00f3n\u00a0privada a Porto Moniz<\/strong><\/h2>\n<p>Aproveche la oportunidad de descubrir esta maravillosa isla portuguesa con un<strong> conductor\/gu\u00eda local<\/strong>. Disfrute de esta <strong>excursi\u00f3n privada a Porto Moniz<\/strong> y prep\u00e1rate para pasar un d\u00eda incre\u00edble durante tus vacaciones.<\/p>\n<p>La recogida se puede organizar desde el puerto de cruceros de Funchal o en su hotel o lugar de elecci\u00f3n en Madeira. Solo tienes que contactarnos y mencionar los detalles espec\u00edficos para el tour.<\/p>\n<p><strong>La isla de Madeira<\/strong> se encuentra en medio del Atl\u00e1ntico y es muy conocida por su belleza natural. Toda la isla est\u00e1 cubierta por una hermosa vegetaci\u00f3n y flores. Por otro lado, tenemos a <strong>Porto Moniz<\/strong> que es una bella ciudad de la isla. Es muy famosa por sus piscinas naturales que atraen a millones de turistas al a\u00f1o.<\/p>\n<p>El recorrido tiene una duraci\u00f3n total de 7 horas desde el momento de la recogida hasta el momento de devoluci\u00f3n. En caso de que est\u00e9 interesado, podemos incluir m\u00e1s horas a su experiencia. Esta excursi\u00f3n privada a Porto Moniz es solo para usted y su grupo.<\/p>\n<h2><strong>Puntos de inter\u00e9s en la Excursi\u00f3n\u00a0privada a Porto Moniz<\/strong><\/h2>\n<p>En primer lugar, su conductor\/gu\u00eda privado lo recoger\u00e1 en un <strong>veh\u00edculo privado de lujo<\/strong> a la hora deseada por usted. Como mencionamos anteriormente, la recogida puede ser desde cualquier parte de la isla.<\/p>\n<p>Durante este tour privado visitar\u00e1 el lugar m\u00e1s importante de <a href=\"https:\/\/es.wikipedia.org\/wiki\/Porto_Moniz\">Porto Moniz<\/a>, como nosotros:<\/p>\n<ul>\n<li><strong>Piscinas naturales<\/strong><\/li>\n<li><strong>Fuerte de Sao Joao Baptista<\/strong><\/li>\n<li><strong>Mirador de Santa<\/strong><\/li>\n<li><strong>Centro de ciencia viva<\/strong><\/li>\n<li><strong>Fanal<\/strong><\/li>\n<li><strong>Acuario de Madeira<\/strong><\/li>\n<li><strong>Ribeira da Janela<\/strong><\/li>\n<li>\u00a1Y mucho m\u00e1s!<\/li>\n<\/ul>\n<p>Si tienes algo en mente o alg\u00fan lugar que te gustar\u00eda visitar, solo tienes que comunic\u00e1rnoslo. Haremos todo lo posible para organizar todo para usted. Nuestro trabajo es hacer de tus vacaciones una experiencia inolvidable.<\/p>\n<p>Finalmente, al final de la experiencia, su conductor\/gu\u00eda privado lo llevar\u00e1 de regreso a su punto de partida. Esto debe determinarse en el momento de la reserva para organizar la propuesta correspondiente.<\/p>\n<p>Tenemos m\u00faltiples opciones de tours privados en Madeira, eche un vistazo a nuestra <a href=\"https:\/\/tourtravelandmore.com\/es\/ciudad\/portugal-es\/funchal-es\/\">lista de productos privados<\/a>.<\/p>\n","protected":false},"excerpt":{"rendered":"<p>Disfrute de este<strong> tour privado de 7 horas completamente personalizado<\/strong> para conocer la hermosa zona de <strong>Porto Moniz<\/strong>. Conozca sus sitios m\u00e1s emblem\u00e1ticos y bellos. Aproveche esta oportunidad para conocer Porto Moniz en esta experiencia con su propio veh\u00edculo privado con conductor de habla inglesa.<\/p>\n","protected":false},"featured_media":33838,"comment_status":"open","ping_status":"closed","template":"","meta":{"_acf_changed":false},"product_brand":[],"product_cat":[1085,1086,1088],"product_tag":[],"class_list":{"0":"post-33828","1":"product","2":"type-product","3":"status-publish","4":"has-post-thumbnail","6":"product_cat-funchal-es","7":"product_cat-funchal-actividades-es","8":"product_cat-funchal-excursiones-privadas-cruceros-es","10":"first","11":"instock","12":"shipping-taxable","13":"purchasable","14":"product-type-simple"},"acf":[],"yoast_head":"<!-- This site is optimized with the Yoast SEO Premium plugin v25.3.1 (Yoast SEO v25.3.1) - https:\/\/yoast.com\/wordpress\/plugins\/seo\/ -->\n<title>\u27a1\ufe0f Excursi\u00f3n privada a Porto Moniz con chofer\/gu\u00eda profesional<\/title>\n<meta name=\"description\" content=\"Disfrute de esta Excursi\u00f3n privada a Porto Moniz junto a su chofer\/gu\u00ed profesional en un veh\u00edculo privado de lujo. Conozca los lugares mas bellos \u2705\" \/>\n<meta name=\"robots\" content=\"index, follow, max-snippet:-1, max-image-preview:large, max-video-preview:-1\" \/>\n<link rel=\"canonical\" href=\"https:\/\/tourtravelandmore.com\/es\/tours\/portugal-es\/funchal-es\/madeira-excursion-privada-desde-el-puerto-de-funchal\/\" \/>\n<meta property=\"og:locale\" content=\"es_ES\" \/>\n<meta property=\"og:type\" content=\"article\" \/>\n<meta property=\"og:title\" content=\"Excursi\u00f3n privada a Porto Moniz\" \/>\n<meta property=\"og:description\" content=\"Disfrute de esta Excursi\u00f3n privada a Porto Moniz junto a su chofer\/gu\u00ed profesional en un veh\u00edculo privado de lujo. Conozca los lugares mas bellos \u2705\" \/>\n<meta property=\"og:url\" content=\"https:\/\/tourtravelandmore.com\/es\/tours\/portugal-es\/funchal-es\/madeira-excursion-privada-desde-el-puerto-de-funchal\/\" \/>\n<meta property=\"og:site_name\" content=\"Tour Travel And More\" \/>\n<meta property=\"article:publisher\" content=\"https:\/\/www.facebook.com\/tourtravelandmore\/\" \/>\n<meta property=\"article:modified_time\" content=\"2023-04-15T01:46:56+00:00\" \/>\n<meta property=\"og:image\" content=\"https:\/\/tourtravelandmore.com\/wp-content\/uploads\/2019\/03\/porto-moniz.jpg\" \/>\n\t<meta property=\"og:image:width\" content=\"1024\" \/>\n\t<meta property=\"og:image:height\" content=\"575\" \/>\n\t<meta property=\"og:image:type\" content=\"image\/jpeg\" \/>\n<meta name=\"twitter:card\" content=\"summary_large_image\" \/>\n<meta name=\"twitter:site\" content=\"@TourTravel_More\" \/>\n<meta name=\"twitter:label1\" content=\"Tiempo de lectura\" \/>\n\t<meta name=\"twitter:data1\" content=\"2 minutos\" \/>\n<script type=\"application\/ld+json\" class=\"yoast-schema-graph\">{\"@context\":\"https:\/\/schema.org\",\"@graph\":[{\"@type\":\"WebPage\",\"@id\":\"https:\/\/tourtravelandmore.com\/es\/tours\/portugal-es\/funchal-es\/madeira-excursion-privada-desde-el-puerto-de-funchal\/\",\"url\":\"https:\/\/tourtravelandmore.com\/es\/tours\/portugal-es\/funchal-es\/madeira-excursion-privada-desde-el-puerto-de-funchal\/\",\"name\":\"\u27a1\ufe0f Excursi\u00f3n privada a Porto Moniz con chofer\/gu\u00eda profesional\",\"isPartOf\":{\"@id\":\"https:\/\/tourtravelandmore.com\/es\/#website\"},\"primaryImageOfPage\":{\"@id\":\"https:\/\/tourtravelandmore.com\/es\/tours\/portugal-es\/funchal-es\/madeira-excursion-privada-desde-el-puerto-de-funchal\/#primaryimage\"},\"image\":{\"@id\":\"https:\/\/tourtravelandmore.com\/es\/tours\/portugal-es\/funchal-es\/madeira-excursion-privada-desde-el-puerto-de-funchal\/#primaryimage\"},\"thumbnailUrl\":\"https:\/\/tourtravelandmore.com\/wp-content\/uploads\/2019\/03\/porto-moniz.jpg\",\"datePublished\":\"2019-03-01T09:46:12+00:00\",\"dateModified\":\"2023-04-15T01:46:56+00:00\",\"description\":\"Disfrute de esta Excursi\u00f3n privada a Porto Moniz junto a su chofer\/gu\u00ed profesional en un veh\u00edculo privado de lujo. Conozca los lugares mas bellos \u2705\",\"breadcrumb\":{\"@id\":\"https:\/\/tourtravelandmore.com\/es\/tours\/portugal-es\/funchal-es\/madeira-excursion-privada-desde-el-puerto-de-funchal\/#breadcrumb\"},\"inLanguage\":\"es\",\"potentialAction\":[{\"@type\":\"ReadAction\",\"target\":[\"https:\/\/tourtravelandmore.com\/es\/tours\/portugal-es\/funchal-es\/madeira-excursion-privada-desde-el-puerto-de-funchal\/\"]}]},{\"@type\":\"ImageObject\",\"inLanguage\":\"es\",\"@id\":\"https:\/\/tourtravelandmore.com\/es\/tours\/portugal-es\/funchal-es\/madeira-excursion-privada-desde-el-puerto-de-funchal\/#primaryimage\",\"url\":\"https:\/\/tourtravelandmore.com\/wp-content\/uploads\/2019\/03\/porto-moniz.jpg\",\"contentUrl\":\"https:\/\/tourtravelandmore.com\/wp-content\/uploads\/2019\/03\/porto-moniz.jpg\",\"width\":1024,\"height\":575},{\"@type\":\"BreadcrumbList\",\"@id\":\"https:\/\/tourtravelandmore.com\/es\/tours\/portugal-es\/funchal-es\/madeira-excursion-privada-desde-el-puerto-de-funchal\/#breadcrumb\",\"itemListElement\":[{\"@type\":\"ListItem\",\"position\":1,\"name\":\"Home\",\"item\":\"https:\/\/tourtravelandmore.com\/es\/\"},{\"@type\":\"ListItem\",\"position\":2,\"name\":\"Tours\",\"item\":\"https:\/\/tourtravelandmore.com\/es\/tours\/\"},{\"@type\":\"ListItem\",\"position\":3,\"name\":\"Excursi\u00f3n privada a Porto Moniz\"}]},{\"@type\":\"WebSite\",\"@id\":\"https:\/\/tourtravelandmore.com\/es\/#website\",\"url\":\"https:\/\/tourtravelandmore.com\/es\/\",\"name\":\"Tour Travel And More\",\"description\":\"Private sightseeing tours and luxury transfers in Spain\",\"publisher\":{\"@id\":\"https:\/\/tourtravelandmore.com\/es\/#organization\"},\"potentialAction\":[{\"@type\":\"SearchAction\",\"target\":{\"@type\":\"EntryPoint\",\"urlTemplate\":\"https:\/\/tourtravelandmore.com\/es\/?s={search_term_string}\"},\"query-input\":{\"@type\":\"PropertyValueSpecification\",\"valueRequired\":true,\"valueName\":\"search_term_string\"}}],\"inLanguage\":\"es\"},{\"@type\":\"Organization\",\"@id\":\"https:\/\/tourtravelandmore.com\/es\/#organization\",\"name\":\"Tour Travel And More\",\"url\":\"https:\/\/tourtravelandmore.com\/es\/\",\"logo\":{\"@type\":\"ImageObject\",\"inLanguage\":\"es\",\"@id\":\"https:\/\/tourtravelandmore.com\/es\/#\/schema\/logo\/image\/\",\"url\":\"https:\/\/tourtravelandmore.com\/wp-content\/uploads\/2022\/12\/cropped-logo-cabecera-new.png\",\"contentUrl\":\"https:\/\/tourtravelandmore.com\/wp-content\/uploads\/2022\/12\/cropped-logo-cabecera-new.png\",\"width\":430,\"height\":61,\"caption\":\"Tour Travel And More\"},\"image\":{\"@id\":\"https:\/\/tourtravelandmore.com\/es\/#\/schema\/logo\/image\/\"},\"sameAs\":[\"https:\/\/www.facebook.com\/tourtravelandmore\/\",\"https:\/\/x.com\/TourTravel_More\"]}]}<\/script>\n<!-- \/ Yoast SEO Premium plugin. -->","yoast_head_json":{"title":"\u27a1\ufe0f Excursi\u00f3n privada a Porto Moniz con chofer\/gu\u00eda profesional","description":"Disfrute de esta Excursi\u00f3n privada a Porto Moniz junto a su chofer\/gu\u00ed profesional en un veh\u00edculo privado de lujo. Conozca los lugares mas bellos \u2705","robots":{"index":"index","follow":"follow","max-snippet":"max-snippet:-1","max-image-preview":"max-image-preview:large","max-video-preview":"max-video-preview:-1"},"canonical":"https:\/\/tourtravelandmore.com\/es\/tours\/portugal-es\/funchal-es\/madeira-excursion-privada-desde-el-puerto-de-funchal\/","og_locale":"es_ES","og_type":"article","og_title":"Excursi\u00f3n privada a Porto Moniz","og_description":"Disfrute de esta Excursi\u00f3n privada a Porto Moniz junto a su chofer\/gu\u00ed profesional en un veh\u00edculo privado de lujo. Conozca los lugares mas bellos \u2705","og_url":"https:\/\/tourtravelandmore.com\/es\/tours\/portugal-es\/funchal-es\/madeira-excursion-privada-desde-el-puerto-de-funchal\/","og_site_name":"Tour Travel And More","article_publisher":"https:\/\/www.facebook.com\/tourtravelandmore\/","article_modified_time":"2023-04-15T01:46:56+00:00","og_image":[{"width":1024,"height":575,"url":"https:\/\/tourtravelandmore.com\/wp-content\/uploads\/2019\/03\/porto-moniz.jpg","type":"image\/jpeg"}],"twitter_card":"summary_large_image","twitter_site":"@TourTravel_More","twitter_misc":{"Tiempo de lectura":"2 minutos"},"schema":{"@context":"https:\/\/schema.org","@graph":[{"@type":"WebPage","@id":"https:\/\/tourtravelandmore.com\/es\/tours\/portugal-es\/funchal-es\/madeira-excursion-privada-desde-el-puerto-de-funchal\/","url":"https:\/\/tourtravelandmore.com\/es\/tours\/portugal-es\/funchal-es\/madeira-excursion-privada-desde-el-puerto-de-funchal\/","name":"\u27a1\ufe0f Excursi\u00f3n privada a Porto Moniz con chofer\/gu\u00eda profesional","isPartOf":{"@id":"https:\/\/tourtravelandmore.com\/es\/#website"},"primaryImageOfPage":{"@id":"https:\/\/tourtravelandmore.com\/es\/tours\/portugal-es\/funchal-es\/madeira-excursion-privada-desde-el-puerto-de-funchal\/#primaryimage"},"image":{"@id":"https:\/\/tourtravelandmore.com\/es\/tours\/portugal-es\/funchal-es\/madeira-excursion-privada-desde-el-puerto-de-funchal\/#primaryimage"},"thumbnailUrl":"https:\/\/tourtravelandmore.com\/wp-content\/uploads\/2019\/03\/porto-moniz.jpg","datePublished":"2019-03-01T09:46:12+00:00","dateModified":"2023-04-15T01:46:56+00:00","description":"Disfrute de esta Excursi\u00f3n privada a Porto Moniz junto a su chofer\/gu\u00ed profesional en un veh\u00edculo privado de lujo. Conozca los lugares mas bellos \u2705","breadcrumb":{"@id":"https:\/\/tourtravelandmore.com\/es\/tours\/portugal-es\/funchal-es\/madeira-excursion-privada-desde-el-puerto-de-funchal\/#breadcrumb"},"inLanguage":"es","potentialAction":[{"@type":"ReadAction","target":["https:\/\/tourtravelandmore.com\/es\/tours\/portugal-es\/funchal-es\/madeira-excursion-privada-desde-el-puerto-de-funchal\/"]}]},{"@type":"ImageObject","inLanguage":"es","@id":"https:\/\/tourtravelandmore.com\/es\/tours\/portugal-es\/funchal-es\/madeira-excursion-privada-desde-el-puerto-de-funchal\/#primaryimage","url":"https:\/\/tourtravelandmore.com\/wp-content\/uploads\/2019\/03\/porto-moniz.jpg","contentUrl":"https:\/\/tourtravelandmore.com\/wp-content\/uploads\/2019\/03\/porto-moniz.jpg","width":1024,"height":575},{"@type":"BreadcrumbList","@id":"https:\/\/tourtravelandmore.com\/es\/tours\/portugal-es\/funchal-es\/madeira-excursion-privada-desde-el-puerto-de-funchal\/#breadcrumb","itemListElement":[{"@type":"ListItem","position":1,"name":"Home","item":"https:\/\/tourtravelandmore.com\/es\/"},{"@type":"ListItem","position":2,"name":"Tours","item":"https:\/\/tourtravelandmore.com\/es\/tours\/"},{"@type":"ListItem","position":3,"name":"Excursi\u00f3n privada a Porto Moniz"}]},{"@type":"WebSite","@id":"https:\/\/tourtravelandmore.com\/es\/#website","url":"https:\/\/tourtravelandmore.com\/es\/","name":"Tour Travel And More","description":"Private sightseeing tours and luxury transfers in Spain","publisher":{"@id":"https:\/\/tourtravelandmore.com\/es\/#organization"},"potentialAction":[{"@type":"SearchAction","target":{"@type":"EntryPoint","urlTemplate":"https:\/\/tourtravelandmore.com\/es\/?s={search_term_string}"},"query-input":{"@type":"PropertyValueSpecification","valueRequired":true,"valueName":"search_term_string"}}],"inLanguage":"es"},{"@type":"Organization","@id":"https:\/\/tourtravelandmore.com\/es\/#organization","name":"Tour Travel And More","url":"https:\/\/tourtravelandmore.com\/es\/","logo":{"@type":"ImageObject","inLanguage":"es","@id":"https:\/\/tourtravelandmore.com\/es\/#\/schema\/logo\/image\/","url":"https:\/\/tourtravelandmore.com\/wp-content\/uploads\/2022\/12\/cropped-logo-cabecera-new.png","contentUrl":"https:\/\/tourtravelandmore.com\/wp-content\/uploads\/2022\/12\/cropped-logo-cabecera-new.png","width":430,"height":61,"caption":"Tour Travel And More"},"image":{"@id":"https:\/\/tourtravelandmore.com\/es\/#\/schema\/logo\/image\/"},"sameAs":["https:\/\/www.facebook.com\/tourtravelandmore\/","https:\/\/x.com\/TourTravel_More"]}]}},"_links":{"self":[{"href":"https:\/\/tourtravelandmore.com\/es\/wp-json\/wp\/v2\/product\/33828","targetHints":{"allow":["GET"]}}],"collection":[{"href":"https:\/\/tourtravelandmore.com\/es\/wp-json\/wp\/v2\/product"}],"about":[{"href":"https:\/\/tourtravelandmore.com\/es\/wp-json\/wp\/v2\/types\/product"}],"replies":[{"embeddable":true,"href":"https:\/\/tourtravelandmore.com\/es\/wp-json\/wp\/v2\/comments?post=33828"}],"wp:featuredmedia":[{"embeddable":true,"href":"https:\/\/tourtravelandmore.com\/es\/wp-json\/wp\/v2\/media\/33838"}],"wp:attachment":[{"href":"https:\/\/tourtravelandmore.com\/es\/wp-json\/wp\/v2\/media?parent=33828"}],"wp:term":[{"taxonomy":"product_brand","embeddable":true,"href":"https:\/\/tourtravelandmore.com\/es\/wp-json\/wp\/v2\/product_brand?post=33828"},{"taxonomy":"product_cat","embeddable":true,"href":"https:\/\/tourtravelandmore.com\/es\/wp-json\/wp\/v2\/product_cat?post=33828"},{"taxonomy":"product_tag","embeddable":true,"href":"https:\/\/tourtravelandmore.com\/es\/wp-json\/wp\/v2\/product_tag?post=33828"}],"curies":[{"name":"wp","href":"https:\/\/api.w.org\/{rel}","templated":true}]}}