{"id":33733,"date":"2019-02-22T13:25:48","date_gmt":"2019-02-27T12:56:12","guid":{"rendered":"http:\/\/tourtravelandmore.com\/es\/?post_type=product&#038;p=33733"},"modified":"2024-08-06T16:29:28","modified_gmt":"2024-08-06T14:29:28","slug":"tour-privado-a-giverny-y-casa-monet-desde-paris","status":"publish","type":"product","link":"https:\/\/tourtravelandmore.com\/es\/tours\/francia\/paris-es\/tour-privado-a-giverny-y-casa-monet-desde-paris\/","title":{"rendered":"Tour privado a Giverny y Casa Monet desde Par\u00eds"},"content":{"rendered":"<h2><strong>Descripci\u00f3n del Tour privado a Giverny y Casa Monet desde Par\u00eds<\/strong><\/h2>\n<p>Disfruta de una <strong><em>visita privada<\/em><\/strong> al magn\u00edfico jard\u00edn de Claude Monet en <strong><em>Giverny<\/em><\/strong>. Explore los jardines junto a su gu\u00eda oficial privado y vea en primera persona el sitio de inspiraci\u00f3n del reconocido artista. Su chofer privado le recoger\u00e1 en Par\u00eds junto a su gu\u00eda para ir a <strong>Giverny.<\/strong> Disfrute nuestro tour a <strong>Giverny<\/strong> desde Par\u00eds.<\/p>\n<p><span style=\"font-weight: 400;\">Su chofer junto a su gu\u00eda le recoger\u00e1n en su hotel a su horario deseado. A continuaci\u00f3n dar\u00e1n comienzo a su tour privado y se dirigir\u00e1n hacia Giverny. Ubicado a aproximadamente 1 hora y 10 minutos del centro de <strong>Par\u00eds, Giverny<\/strong> es uno de los pueblos m\u00e1s bonitos de <strong>Francia.<\/strong> All\u00ed visitar\u00e1n la fant\u00e1stica casa y jardines de Claude Monet. En caso de que lo deseen podemos gestionar un tour m\u00e1s extenso y as\u00ed podr\u00e1n visitar tambi\u00e9n el <a href=\"https:\/\/www.mdig.fr\/\">Museo impresionista de Giverny<\/a>.<\/span><\/p>\n<p><span style=\"font-weight: 400;\">Nuestros tours son privados y personalizables. Cont\u00e1ctenos para coordinar una experiencia privada a medida. El itinerario, la duraci\u00f3n y el horario de comienzo del tour son absolutamente adaptables a su deseo personal.<\/span><\/p>\n<h2><strong>Puntos de inter\u00e9s<\/strong><\/h2>\n<p><strong>Giverny <\/strong>es reconocido como uno de los m\u00e1s bonitos de toda Francia. El emblem\u00e1tico artista <strong><em>Claude Monet<\/em> <\/strong>lo eligi\u00f3<strong>\u00a0<\/strong>como hogar y edific\u00f3 all\u00ed su casa y los famosos jardines que se aprecian en sus obras.<\/p>\n<p>Los <strong>jardines<\/strong> de <strong>Monet<\/strong> est\u00e1n divididos en dos partes. Uno de ellos es el jard\u00edn de flores delante de la casa, conocido como <strong>Le Clos Normand<\/strong>, y el otro un jard\u00edn de agua de inspiraci\u00f3n <strong>japonesa.<\/strong> Estos jardines fueron la inspiraci\u00f3n de muchas obras de arte del reconocido autor. Durante este tour privado disfrutar\u00e1s de una visita junto a un gu\u00eda local privado, experto en historia del arte y en la vida del artista.<\/p>\n<p>En caso de que lo deseen podemos coordinar tambi\u00e9n una visita al <strong>Museo<\/strong> de <strong>arte Impresionista<\/strong> en <strong>Giverny.<\/strong> Las entradas a la casa de Monet est\u00e1n incluidas en el precio del tour. Al finalizar su visita tendr\u00e1 tiempo libre para pasear por <strong>Giverny<\/strong> antes de retornar a su hotel en Par\u00eds.<\/p>\n<p>Su chofer privado junto a su gu\u00eda estar\u00e1n a su entera disposici\u00f3n durante la total duraci\u00f3n del tour.<\/p>\n<p>Cont\u00e1ctenos y le ayudaremos a coordinar una experiencia privada a medida en Par\u00eds. Ofrecemos tours privados a pie dentro de Par\u00eds, as\u00ed c\u00f3mo tambi\u00e9n excursiones con coche y gu\u00eda y traslados privados.<\/p>\n","protected":false},"excerpt":{"rendered":"<p>Visita la magn\u00edfica casa de <strong>Claude<\/strong>\u00a0<strong>Monet<\/strong> en <strong>Giverny<\/strong> junto a un gu\u00eda oficial privado durante un tour privado desde <strong>Paris.<\/strong> Su chofer privado le recoger\u00e1 en su sitio deseado en <strong>Par\u00eds.<\/strong><\/p>\n","protected":false},"featured_media":20512,"comment_status":"open","ping_status":"closed","template":"","meta":{"_acf_changed":false},"product_brand":[],"product_cat":[834,848,849,850,851],"product_tag":[],"class_list":{"0":"post-33733","1":"product","2":"type-product","3":"status-publish","4":"has-post-thumbnail","6":"product_cat-paris-es","7":"product_cat-paris-top-ventas-es","8":"product_cat-paris-actividades-es","9":"product_cat-paris-rutas-turisticas-privadas-es","10":"product_cat-paris-excursiones-es","12":"first","13":"instock","14":"shipping-taxable","15":"purchasable","16":"product-type-simple"},"acf":[],"yoast_head":"<!-- This site is optimized with the Yoast SEO Premium plugin v25.3.1 (Yoast SEO v25.3.1) - https:\/\/yoast.com\/wordpress\/plugins\/seo\/ -->\n<title>\u27a1\ufe0f Tour privado a Giverny y Casa Monet desde Par\u00eds | Tour Travel &amp; More<\/title>\n<meta name=\"description\" content=\"Visita los magn\u00edficos jardines de Claude Monet en Giverny junto a un gu\u00eda oficial privado durante un tour privado desde Paris \u2705\" \/>\n<meta name=\"robots\" content=\"index, follow, max-snippet:-1, max-image-preview:large, max-video-preview:-1\" \/>\n<link rel=\"canonical\" href=\"https:\/\/tourtravelandmore.com\/es\/tours\/francia\/paris-es\/tour-privado-a-giverny-y-casa-monet-desde-paris\/\" \/>\n<meta property=\"og:locale\" content=\"es_ES\" \/>\n<meta property=\"og:type\" content=\"article\" \/>\n<meta property=\"og:title\" content=\"Tour privado a Giverny y Casa Monet desde Par\u00eds\" \/>\n<meta property=\"og:description\" content=\"Visita los magn\u00edficos jardines de Claude Monet en Giverny junto a un gu\u00eda oficial privado durante un tour privado desde Paris \u2705\" \/>\n<meta property=\"og:url\" content=\"https:\/\/tourtravelandmore.com\/es\/tours\/francia\/paris-es\/tour-privado-a-giverny-y-casa-monet-desde-paris\/\" \/>\n<meta property=\"og:site_name\" content=\"Tour Travel And More\" \/>\n<meta property=\"article:publisher\" content=\"https:\/\/www.facebook.com\/tourtravelandmore\/\" \/>\n<meta property=\"article:modified_time\" content=\"2024-08-06T14:29:28+00:00\" \/>\n<meta property=\"og:image\" content=\"https:\/\/tourtravelandmore.com\/wp-content\/uploads\/2018\/04\/giverny.jpg\" \/>\n\t<meta property=\"og:image:width\" content=\"1024\" \/>\n\t<meta property=\"og:image:height\" content=\"680\" \/>\n\t<meta property=\"og:image:type\" content=\"image\/jpeg\" \/>\n<meta name=\"twitter:card\" content=\"summary_large_image\" \/>\n<meta name=\"twitter:site\" content=\"@TourTravel_More\" \/>\n<meta name=\"twitter:label1\" content=\"Tiempo de lectura\" \/>\n\t<meta name=\"twitter:data1\" content=\"2 minutos\" \/>\n<script type=\"application\/ld+json\" class=\"yoast-schema-graph\">{\"@context\":\"https:\/\/schema.org\",\"@graph\":[{\"@type\":\"WebPage\",\"@id\":\"https:\/\/tourtravelandmore.com\/es\/tours\/francia\/paris-es\/tour-privado-a-giverny-y-casa-monet-desde-paris\/\",\"url\":\"https:\/\/tourtravelandmore.com\/es\/tours\/francia\/paris-es\/tour-privado-a-giverny-y-casa-monet-desde-paris\/\",\"name\":\"\u27a1\ufe0f Tour privado a Giverny y Casa Monet desde Par\u00eds | Tour Travel & More\",\"isPartOf\":{\"@id\":\"https:\/\/tourtravelandmore.com\/es\/#website\"},\"primaryImageOfPage\":{\"@id\":\"https:\/\/tourtravelandmore.com\/es\/tours\/francia\/paris-es\/tour-privado-a-giverny-y-casa-monet-desde-paris\/#primaryimage\"},\"image\":{\"@id\":\"https:\/\/tourtravelandmore.com\/es\/tours\/francia\/paris-es\/tour-privado-a-giverny-y-casa-monet-desde-paris\/#primaryimage\"},\"thumbnailUrl\":\"https:\/\/tourtravelandmore.com\/wp-content\/uploads\/2018\/04\/giverny.jpg\",\"datePublished\":\"2019-02-27T12:56:12+00:00\",\"dateModified\":\"2024-08-06T14:29:28+00:00\",\"description\":\"Visita los magn\u00edficos jardines de Claude Monet en Giverny junto a un gu\u00eda oficial privado durante un tour privado desde Paris \u2705\",\"breadcrumb\":{\"@id\":\"https:\/\/tourtravelandmore.com\/es\/tours\/francia\/paris-es\/tour-privado-a-giverny-y-casa-monet-desde-paris\/#breadcrumb\"},\"inLanguage\":\"es\",\"potentialAction\":[{\"@type\":\"ReadAction\",\"target\":[\"https:\/\/tourtravelandmore.com\/es\/tours\/francia\/paris-es\/tour-privado-a-giverny-y-casa-monet-desde-paris\/\"]}]},{\"@type\":\"ImageObject\",\"inLanguage\":\"es\",\"@id\":\"https:\/\/tourtravelandmore.com\/es\/tours\/francia\/paris-es\/tour-privado-a-giverny-y-casa-monet-desde-paris\/#primaryimage\",\"url\":\"https:\/\/tourtravelandmore.com\/wp-content\/uploads\/2018\/04\/giverny.jpg\",\"contentUrl\":\"https:\/\/tourtravelandmore.com\/wp-content\/uploads\/2018\/04\/giverny.jpg\",\"width\":1024,\"height\":680},{\"@type\":\"BreadcrumbList\",\"@id\":\"https:\/\/tourtravelandmore.com\/es\/tours\/francia\/paris-es\/tour-privado-a-giverny-y-casa-monet-desde-paris\/#breadcrumb\",\"itemListElement\":[{\"@type\":\"ListItem\",\"position\":1,\"name\":\"Home\",\"item\":\"https:\/\/tourtravelandmore.com\/es\/\"},{\"@type\":\"ListItem\",\"position\":2,\"name\":\"Tours\",\"item\":\"https:\/\/tourtravelandmore.com\/es\/tours\/\"},{\"@type\":\"ListItem\",\"position\":3,\"name\":\"Tour privado a Giverny y Casa Monet desde Par\u00eds\"}]},{\"@type\":\"WebSite\",\"@id\":\"https:\/\/tourtravelandmore.com\/es\/#website\",\"url\":\"https:\/\/tourtravelandmore.com\/es\/\",\"name\":\"Tour Travel And More\",\"description\":\"Private sightseeing tours and luxury transfers in Spain\",\"publisher\":{\"@id\":\"https:\/\/tourtravelandmore.com\/es\/#organization\"},\"potentialAction\":[{\"@type\":\"SearchAction\",\"target\":{\"@type\":\"EntryPoint\",\"urlTemplate\":\"https:\/\/tourtravelandmore.com\/es\/?s={search_term_string}\"},\"query-input\":{\"@type\":\"PropertyValueSpecification\",\"valueRequired\":true,\"valueName\":\"search_term_string\"}}],\"inLanguage\":\"es\"},{\"@type\":\"Organization\",\"@id\":\"https:\/\/tourtravelandmore.com\/es\/#organization\",\"name\":\"Tour Travel And More\",\"url\":\"https:\/\/tourtravelandmore.com\/es\/\",\"logo\":{\"@type\":\"ImageObject\",\"inLanguage\":\"es\",\"@id\":\"https:\/\/tourtravelandmore.com\/es\/#\/schema\/logo\/image\/\",\"url\":\"https:\/\/tourtravelandmore.com\/wp-content\/uploads\/2022\/12\/cropped-logo-cabecera-new.png\",\"contentUrl\":\"https:\/\/tourtravelandmore.com\/wp-content\/uploads\/2022\/12\/cropped-logo-cabecera-new.png\",\"width\":430,\"height\":61,\"caption\":\"Tour Travel And More\"},\"image\":{\"@id\":\"https:\/\/tourtravelandmore.com\/es\/#\/schema\/logo\/image\/\"},\"sameAs\":[\"https:\/\/www.facebook.com\/tourtravelandmore\/\",\"https:\/\/x.com\/TourTravel_More\"]}]}<\/script>\n<!-- \/ Yoast SEO Premium plugin. -->","yoast_head_json":{"title":"\u27a1\ufe0f Tour privado a Giverny y Casa Monet desde Par\u00eds | Tour Travel & More","description":"Visita los magn\u00edficos jardines de Claude Monet en Giverny junto a un gu\u00eda oficial privado durante un tour privado desde Paris \u2705","robots":{"index":"index","follow":"follow","max-snippet":"max-snippet:-1","max-image-preview":"max-image-preview:large","max-video-preview":"max-video-preview:-1"},"canonical":"https:\/\/tourtravelandmore.com\/es\/tours\/francia\/paris-es\/tour-privado-a-giverny-y-casa-monet-desde-paris\/","og_locale":"es_ES","og_type":"article","og_title":"Tour privado a Giverny y Casa Monet desde Par\u00eds","og_description":"Visita los magn\u00edficos jardines de Claude Monet en Giverny junto a un gu\u00eda oficial privado durante un tour privado desde Paris \u2705","og_url":"https:\/\/tourtravelandmore.com\/es\/tours\/francia\/paris-es\/tour-privado-a-giverny-y-casa-monet-desde-paris\/","og_site_name":"Tour Travel And More","article_publisher":"https:\/\/www.facebook.com\/tourtravelandmore\/","article_modified_time":"2024-08-06T14:29:28+00:00","og_image":[{"width":1024,"height":680,"url":"https:\/\/tourtravelandmore.com\/wp-content\/uploads\/2018\/04\/giverny.jpg","type":"image\/jpeg"}],"twitter_card":"summary_large_image","twitter_site":"@TourTravel_More","twitter_misc":{"Tiempo de lectura":"2 minutos"},"schema":{"@context":"https:\/\/schema.org","@graph":[{"@type":"WebPage","@id":"https:\/\/tourtravelandmore.com\/es\/tours\/francia\/paris-es\/tour-privado-a-giverny-y-casa-monet-desde-paris\/","url":"https:\/\/tourtravelandmore.com\/es\/tours\/francia\/paris-es\/tour-privado-a-giverny-y-casa-monet-desde-paris\/","name":"\u27a1\ufe0f Tour privado a Giverny y Casa Monet desde Par\u00eds | Tour Travel & More","isPartOf":{"@id":"https:\/\/tourtravelandmore.com\/es\/#website"},"primaryImageOfPage":{"@id":"https:\/\/tourtravelandmore.com\/es\/tours\/francia\/paris-es\/tour-privado-a-giverny-y-casa-monet-desde-paris\/#primaryimage"},"image":{"@id":"https:\/\/tourtravelandmore.com\/es\/tours\/francia\/paris-es\/tour-privado-a-giverny-y-casa-monet-desde-paris\/#primaryimage"},"thumbnailUrl":"https:\/\/tourtravelandmore.com\/wp-content\/uploads\/2018\/04\/giverny.jpg","datePublished":"2019-02-27T12:56:12+00:00","dateModified":"2024-08-06T14:29:28+00:00","description":"Visita los magn\u00edficos jardines de Claude Monet en Giverny junto a un gu\u00eda oficial privado durante un tour privado desde Paris \u2705","breadcrumb":{"@id":"https:\/\/tourtravelandmore.com\/es\/tours\/francia\/paris-es\/tour-privado-a-giverny-y-casa-monet-desde-paris\/#breadcrumb"},"inLanguage":"es","potentialAction":[{"@type":"ReadAction","target":["https:\/\/tourtravelandmore.com\/es\/tours\/francia\/paris-es\/tour-privado-a-giverny-y-casa-monet-desde-paris\/"]}]},{"@type":"ImageObject","inLanguage":"es","@id":"https:\/\/tourtravelandmore.com\/es\/tours\/francia\/paris-es\/tour-privado-a-giverny-y-casa-monet-desde-paris\/#primaryimage","url":"https:\/\/tourtravelandmore.com\/wp-content\/uploads\/2018\/04\/giverny.jpg","contentUrl":"https:\/\/tourtravelandmore.com\/wp-content\/uploads\/2018\/04\/giverny.jpg","width":1024,"height":680},{"@type":"BreadcrumbList","@id":"https:\/\/tourtravelandmore.com\/es\/tours\/francia\/paris-es\/tour-privado-a-giverny-y-casa-monet-desde-paris\/#breadcrumb","itemListElement":[{"@type":"ListItem","position":1,"name":"Home","item":"https:\/\/tourtravelandmore.com\/es\/"},{"@type":"ListItem","position":2,"name":"Tours","item":"https:\/\/tourtravelandmore.com\/es\/tours\/"},{"@type":"ListItem","position":3,"name":"Tour privado a Giverny y Casa Monet desde Par\u00eds"}]},{"@type":"WebSite","@id":"https:\/\/tourtravelandmore.com\/es\/#website","url":"https:\/\/tourtravelandmore.com\/es\/","name":"Tour Travel And More","description":"Private sightseeing tours and luxury transfers in Spain","publisher":{"@id":"https:\/\/tourtravelandmore.com\/es\/#organization"},"potentialAction":[{"@type":"SearchAction","target":{"@type":"EntryPoint","urlTemplate":"https:\/\/tourtravelandmore.com\/es\/?s={search_term_string}"},"query-input":{"@type":"PropertyValueSpecification","valueRequired":true,"valueName":"search_term_string"}}],"inLanguage":"es"},{"@type":"Organization","@id":"https:\/\/tourtravelandmore.com\/es\/#organization","name":"Tour Travel And More","url":"https:\/\/tourtravelandmore.com\/es\/","logo":{"@type":"ImageObject","inLanguage":"es","@id":"https:\/\/tourtravelandmore.com\/es\/#\/schema\/logo\/image\/","url":"https:\/\/tourtravelandmore.com\/wp-content\/uploads\/2022\/12\/cropped-logo-cabecera-new.png","contentUrl":"https:\/\/tourtravelandmore.com\/wp-content\/uploads\/2022\/12\/cropped-logo-cabecera-new.png","width":430,"height":61,"caption":"Tour Travel And More"},"image":{"@id":"https:\/\/tourtravelandmore.com\/es\/#\/schema\/logo\/image\/"},"sameAs":["https:\/\/www.facebook.com\/tourtravelandmore\/","https:\/\/x.com\/TourTravel_More"]}]}},"_links":{"self":[{"href":"https:\/\/tourtravelandmore.com\/es\/wp-json\/wp\/v2\/product\/33733","targetHints":{"allow":["GET"]}}],"collection":[{"href":"https:\/\/tourtravelandmore.com\/es\/wp-json\/wp\/v2\/product"}],"about":[{"href":"https:\/\/tourtravelandmore.com\/es\/wp-json\/wp\/v2\/types\/product"}],"replies":[{"embeddable":true,"href":"https:\/\/tourtravelandmore.com\/es\/wp-json\/wp\/v2\/comments?post=33733"}],"wp:featuredmedia":[{"embeddable":true,"href":"https:\/\/tourtravelandmore.com\/es\/wp-json\/wp\/v2\/media\/20512"}],"wp:attachment":[{"href":"https:\/\/tourtravelandmore.com\/es\/wp-json\/wp\/v2\/media?parent=33733"}],"wp:term":[{"taxonomy":"product_brand","embeddable":true,"href":"https:\/\/tourtravelandmore.com\/es\/wp-json\/wp\/v2\/product_brand?post=33733"},{"taxonomy":"product_cat","embeddable":true,"href":"https:\/\/tourtravelandmore.com\/es\/wp-json\/wp\/v2\/product_cat?post=33733"},{"taxonomy":"product_tag","embeddable":true,"href":"https:\/\/tourtravelandmore.com\/es\/wp-json\/wp\/v2\/product_tag?post=33733"}],"curies":[{"name":"wp","href":"https:\/\/api.w.org\/{rel}","templated":true}]}}