{"id":33429,"date":"2019-02-22T14:14:34","date_gmt":"2019-02-22T13:14:36","guid":{"rendered":"http:\/\/tourtravelandmore.com\/es\/tours\/malaga-es\/tour-a-medida-de-gibraltar-marbella-puerto-banus-desde-malaga\/"},"modified":"2023-09-14T16:33:47","modified_gmt":"2023-09-14T14:33:47","slug":"tour-a-medida-de-gibraltar-marbella-puerto-banus-desde-malaga","status":"publish","type":"product","link":"https:\/\/tourtravelandmore.com\/es\/tours\/espana-es\/malaga-es\/tour-a-medida-de-gibraltar-marbella-puerto-banus-desde-malaga\/","title":{"rendered":"Tour privado de Gibraltar, Marbella y Puerto Banus desde Malaga"},"content":{"rendered":"<h2>Descripci\u00f3n del Tour privado de Gibraltar, Marbella y Puerto Banus desde M\u00e1laga<\/h2>\n<p>Disfrute de este tour Gibraltar y Marbella desde M\u00e1laga. En un mismo d\u00eda podr\u00e1 conocer:<strong> Gibraltrar, Marbella y Puerto Ban\u00fas<\/strong>, con su veh\u00edculo privado y su gu\u00eda oficial privado.<\/p>\n<p>En un mismo d\u00eda podr\u00e1n conocer dos ciudades y un pa\u00eds nuevo: Gibraltar (Territorio Brit\u00e1nico).<\/p>\n<p>El tour de Gibraltar y Marbella es completamente privado, pueden escoger la hora de recogida y lugar de recogida.<\/p>\n<p>La duraci\u00f3n del Tour son 10 horas. Empezaremos yendo a Gibraltar, ya que es lo que est\u00e1 m\u00e1s alejado, para luego ir a Marbella y Puerto Ban\u00fas.<\/p>\n<h2>Puntos de Inter\u00e9s en el Tour privado de Gibraltar, Marbella y Puerto Banus desde M\u00e1laga<\/h2>\n<p>La primera parada ser\u00e1 Gibraltar. Es un peque\u00f1o Territorio Brit\u00e1nico situado en el extremo sur de la pen\u00ednsula Ib\u00e9rica, haciendo frontera con Espa\u00f1a.<\/p>\n<p>Al ser un pa\u00eds diferente y nuestro veh\u00edculo solamente tienen licencia en Espa\u00f1a, no podemos acceder. Nuestro conductor privado se espera en un parking autorizado. Desde ah\u00ed, junto a nuestro gu\u00eda, cogeremos un autob\u00fas que en 10 minutos nos dejar\u00e1 en el centro de la ciudad, y para volver lo mismo.<\/p>\n<p>Luego bajaremos al centro para recorrer a pie las calles principales junto a nuestro gu\u00eda. En todo el recorrido pensaremos que estamos en Inglaterra, puesto que<strong>\u00a0tienen los t\u00edpicos buzones de correo rojos, hasta las cabinas de tel\u00e9fono rojas<\/strong>.<\/p>\n<p>Recorres las principales calles del centro: <strong>Main Street y por la plaza Casemates Square, el coraz\u00f3n de Gibraltar<\/strong>.<\/p>\n<p>Tambi\u00e9n podemos organizar la visita a las <strong>Cuevas de St Michaels<\/strong> (si desean entrar solo nos lo tienen que decir, y lo agregaremos a la propuesta) y mucho m\u00e1s!!<\/p>\n<p>Despu\u00e9s de conocer Gibraltar pararemos para comer e iremos hacia el veh\u00edculo para ir hacia Marbella y Puerto Ban\u00fas.<\/p>\n<p>Durante vuestro tour en Marbella y Puerto Ban\u00fas, podr\u00e9is ver entre otros monumentos los siguientes<\/p>\n<ul>\n<li><strong>Barrio Alto &amp; Barrio Nuevo<\/strong><\/li>\n<li><strong>Plaza de los Naranjos<\/strong><\/li>\n<li><strong>Capilla de San Juan de Dios<\/strong><\/li>\n<li><strong>Hospital de la misericordia<\/strong><\/li>\n<li><strong>Jard\u00edn Bot\u00e1nico<\/strong><\/li>\n<li><strong>Milla Dorada de Marbella<\/strong><\/li>\n<li><strong>Playas<\/strong><\/li>\n<li><strong>Puerto Ban\u00fas<\/strong>\n<ul>\n<li><strong>Compras<\/strong><\/li>\n<li><strong>Paseo<\/strong><\/li>\n<li><strong>Marina de Nueva Andaluc\u00eda<\/strong><\/li>\n<\/ul>\n<\/li>\n<li><strong>Mucho m\u00e1s!<\/strong><\/li>\n<\/ul>\n<p>Adem\u00e1s de este tour privado desde M\u00e1laga, puede consultar el resto de los<a href=\"https:\/\/tourtravelandmore.com\/es\/ciudad\/espana-es\/malaga-es\/\"> tours privados de M\u00e1laga<\/a> y solicitar m\u00e1s informaci\u00f3n.<\/p>\n<p>A trav\u00e9s del formulario de contacto, nuestro equipo se pondr\u00e1 r\u00e1pidamente en contacto para enviaros la informaci\u00f3n con detalle.<\/p>\n","protected":false},"excerpt":{"rendered":"<p>Disfruta de este tour personalizable de Gibraltar, Marbella &amp; Puerto Ban\u00fas. Tome esta oportunidad para conocer y disfrutar de Gibraltar, Marbella &amp; Puerto Ban\u00fas durante este tour con vuestro<strong> gu\u00eda oficial privado<\/strong> y vuestro <b>veh\u00edculo de lujo con chofer.<\/b> Disfruta de los monumentos y zonas m\u00e1s emblem\u00e1ticas de Gibraltar, Marbella &amp; Puerto Ban\u00fas.<\/p>\n<p>&nbsp;<\/p>\n","protected":false},"featured_media":33443,"comment_status":"open","ping_status":"closed","template":"","meta":{"_acf_changed":false},"product_brand":[],"product_cat":[94,95,96,97],"product_tag":[],"class_list":{"0":"post-33429","1":"product","2":"type-product","3":"status-publish","4":"has-post-thumbnail","6":"product_cat-malaga-es","7":"product_cat-malaga-actividades-es","8":"product_cat-malaga-excursiones-es","9":"product_cat-malaga-rutas-turisticas-privadas-es","11":"first","12":"instock","13":"shipping-taxable","14":"purchasable","15":"product-type-simple"},"acf":[],"yoast_head":"<!-- This site is optimized with the Yoast SEO Premium plugin v25.3.1 (Yoast SEO v25.3.1) - https:\/\/yoast.com\/wordpress\/plugins\/seo\/ -->\n<title>\u27a1\ufe0f Tour Gibraltar,Marbella y Puerto Banus | Tour Travel &amp; More<\/title>\n<meta name=\"description\" content=\"Disfruta este tour Gibraltar y Marbella desde M\u00e1laga, con su gu\u00eda oficial privado y vehiculo oficial privado. Conoce dos ciudades en un mismo dia!! \u2705\" \/>\n<meta name=\"robots\" content=\"index, follow, max-snippet:-1, max-image-preview:large, max-video-preview:-1\" \/>\n<link rel=\"canonical\" href=\"https:\/\/tourtravelandmore.com\/es\/tours\/espana-es\/malaga-es\/tour-a-medida-de-gibraltar-marbella-puerto-banus-desde-malaga\/\" \/>\n<meta property=\"og:locale\" content=\"es_ES\" \/>\n<meta property=\"og:type\" content=\"article\" \/>\n<meta property=\"og:title\" content=\"Tour privado de Gibraltar, Marbella y Puerto Banus desde Malaga\" \/>\n<meta property=\"og:description\" content=\"Disfruta este tour Gibraltar y Marbella desde M\u00e1laga, con su gu\u00eda oficial privado y vehiculo oficial privado. Conoce dos ciudades en un mismo dia!! \u2705\" \/>\n<meta property=\"og:url\" content=\"https:\/\/tourtravelandmore.com\/es\/tours\/espana-es\/malaga-es\/tour-a-medida-de-gibraltar-marbella-puerto-banus-desde-malaga\/\" \/>\n<meta property=\"og:site_name\" content=\"Tour Travel And More\" \/>\n<meta property=\"article:publisher\" content=\"https:\/\/www.facebook.com\/tourtravelandmore\/\" \/>\n<meta property=\"article:modified_time\" content=\"2023-09-14T14:33:47+00:00\" \/>\n<meta property=\"og:image\" content=\"https:\/\/tourtravelandmore.com\/wp-content\/uploads\/2019\/02\/The_Port_of_Gibraltar_Aerial_View_from_the_North_West.jpg\" \/>\n\t<meta property=\"og:image:width\" content=\"1693\" \/>\n\t<meta property=\"og:image:height\" content=\"863\" \/>\n\t<meta property=\"og:image:type\" content=\"image\/jpeg\" \/>\n<meta name=\"twitter:card\" content=\"summary_large_image\" \/>\n<meta name=\"twitter:site\" content=\"@TourTravel_More\" \/>\n<meta name=\"twitter:label1\" content=\"Tiempo de lectura\" \/>\n\t<meta name=\"twitter:data1\" content=\"2 minutos\" \/>\n<script type=\"application\/ld+json\" class=\"yoast-schema-graph\">{\"@context\":\"https:\/\/schema.org\",\"@graph\":[{\"@type\":\"WebPage\",\"@id\":\"https:\/\/tourtravelandmore.com\/es\/tours\/espana-es\/malaga-es\/tour-a-medida-de-gibraltar-marbella-puerto-banus-desde-malaga\/\",\"url\":\"https:\/\/tourtravelandmore.com\/es\/tours\/espana-es\/malaga-es\/tour-a-medida-de-gibraltar-marbella-puerto-banus-desde-malaga\/\",\"name\":\"\u27a1\ufe0f Tour Gibraltar,Marbella y Puerto Banus | Tour Travel & More\",\"isPartOf\":{\"@id\":\"https:\/\/tourtravelandmore.com\/es\/#website\"},\"primaryImageOfPage\":{\"@id\":\"https:\/\/tourtravelandmore.com\/es\/tours\/espana-es\/malaga-es\/tour-a-medida-de-gibraltar-marbella-puerto-banus-desde-malaga\/#primaryimage\"},\"image\":{\"@id\":\"https:\/\/tourtravelandmore.com\/es\/tours\/espana-es\/malaga-es\/tour-a-medida-de-gibraltar-marbella-puerto-banus-desde-malaga\/#primaryimage\"},\"thumbnailUrl\":\"https:\/\/tourtravelandmore.com\/wp-content\/uploads\/2019\/02\/The_Port_of_Gibraltar_Aerial_View_from_the_North_West.jpg\",\"datePublished\":\"2019-02-22T13:14:36+00:00\",\"dateModified\":\"2023-09-14T14:33:47+00:00\",\"description\":\"Disfruta este tour Gibraltar y Marbella desde M\u00e1laga, con su gu\u00eda oficial privado y vehiculo oficial privado. Conoce dos ciudades en un mismo dia!! \u2705\",\"breadcrumb\":{\"@id\":\"https:\/\/tourtravelandmore.com\/es\/tours\/espana-es\/malaga-es\/tour-a-medida-de-gibraltar-marbella-puerto-banus-desde-malaga\/#breadcrumb\"},\"inLanguage\":\"es\",\"potentialAction\":[{\"@type\":\"ReadAction\",\"target\":[\"https:\/\/tourtravelandmore.com\/es\/tours\/espana-es\/malaga-es\/tour-a-medida-de-gibraltar-marbella-puerto-banus-desde-malaga\/\"]}]},{\"@type\":\"ImageObject\",\"inLanguage\":\"es\",\"@id\":\"https:\/\/tourtravelandmore.com\/es\/tours\/espana-es\/malaga-es\/tour-a-medida-de-gibraltar-marbella-puerto-banus-desde-malaga\/#primaryimage\",\"url\":\"https:\/\/tourtravelandmore.com\/wp-content\/uploads\/2019\/02\/The_Port_of_Gibraltar_Aerial_View_from_the_North_West.jpg\",\"contentUrl\":\"https:\/\/tourtravelandmore.com\/wp-content\/uploads\/2019\/02\/The_Port_of_Gibraltar_Aerial_View_from_the_North_West.jpg\",\"width\":1693,\"height\":863},{\"@type\":\"BreadcrumbList\",\"@id\":\"https:\/\/tourtravelandmore.com\/es\/tours\/espana-es\/malaga-es\/tour-a-medida-de-gibraltar-marbella-puerto-banus-desde-malaga\/#breadcrumb\",\"itemListElement\":[{\"@type\":\"ListItem\",\"position\":1,\"name\":\"Home\",\"item\":\"https:\/\/tourtravelandmore.com\/es\/\"},{\"@type\":\"ListItem\",\"position\":2,\"name\":\"Tours\",\"item\":\"https:\/\/tourtravelandmore.com\/es\/tours\/\"},{\"@type\":\"ListItem\",\"position\":3,\"name\":\"Tour privado de Gibraltar, Marbella y Puerto Banus desde Malaga\"}]},{\"@type\":\"WebSite\",\"@id\":\"https:\/\/tourtravelandmore.com\/es\/#website\",\"url\":\"https:\/\/tourtravelandmore.com\/es\/\",\"name\":\"Tour Travel And More\",\"description\":\"Private sightseeing tours and luxury transfers in Spain\",\"publisher\":{\"@id\":\"https:\/\/tourtravelandmore.com\/es\/#organization\"},\"potentialAction\":[{\"@type\":\"SearchAction\",\"target\":{\"@type\":\"EntryPoint\",\"urlTemplate\":\"https:\/\/tourtravelandmore.com\/es\/?s={search_term_string}\"},\"query-input\":{\"@type\":\"PropertyValueSpecification\",\"valueRequired\":true,\"valueName\":\"search_term_string\"}}],\"inLanguage\":\"es\"},{\"@type\":\"Organization\",\"@id\":\"https:\/\/tourtravelandmore.com\/es\/#organization\",\"name\":\"Tour Travel And More\",\"url\":\"https:\/\/tourtravelandmore.com\/es\/\",\"logo\":{\"@type\":\"ImageObject\",\"inLanguage\":\"es\",\"@id\":\"https:\/\/tourtravelandmore.com\/es\/#\/schema\/logo\/image\/\",\"url\":\"https:\/\/tourtravelandmore.com\/wp-content\/uploads\/2022\/12\/cropped-logo-cabecera-new.png\",\"contentUrl\":\"https:\/\/tourtravelandmore.com\/wp-content\/uploads\/2022\/12\/cropped-logo-cabecera-new.png\",\"width\":430,\"height\":61,\"caption\":\"Tour Travel And More\"},\"image\":{\"@id\":\"https:\/\/tourtravelandmore.com\/es\/#\/schema\/logo\/image\/\"},\"sameAs\":[\"https:\/\/www.facebook.com\/tourtravelandmore\/\",\"https:\/\/x.com\/TourTravel_More\"]}]}<\/script>\n<!-- \/ Yoast SEO Premium plugin. -->","yoast_head_json":{"title":"\u27a1\ufe0f Tour Gibraltar,Marbella y Puerto Banus | Tour Travel & More","description":"Disfruta este tour Gibraltar y Marbella desde M\u00e1laga, con su gu\u00eda oficial privado y vehiculo oficial privado. Conoce dos ciudades en un mismo dia!! \u2705","robots":{"index":"index","follow":"follow","max-snippet":"max-snippet:-1","max-image-preview":"max-image-preview:large","max-video-preview":"max-video-preview:-1"},"canonical":"https:\/\/tourtravelandmore.com\/es\/tours\/espana-es\/malaga-es\/tour-a-medida-de-gibraltar-marbella-puerto-banus-desde-malaga\/","og_locale":"es_ES","og_type":"article","og_title":"Tour privado de Gibraltar, Marbella y Puerto Banus desde Malaga","og_description":"Disfruta este tour Gibraltar y Marbella desde M\u00e1laga, con su gu\u00eda oficial privado y vehiculo oficial privado. Conoce dos ciudades en un mismo dia!! \u2705","og_url":"https:\/\/tourtravelandmore.com\/es\/tours\/espana-es\/malaga-es\/tour-a-medida-de-gibraltar-marbella-puerto-banus-desde-malaga\/","og_site_name":"Tour Travel And More","article_publisher":"https:\/\/www.facebook.com\/tourtravelandmore\/","article_modified_time":"2023-09-14T14:33:47+00:00","og_image":[{"width":1693,"height":863,"url":"https:\/\/tourtravelandmore.com\/wp-content\/uploads\/2019\/02\/The_Port_of_Gibraltar_Aerial_View_from_the_North_West.jpg","type":"image\/jpeg"}],"twitter_card":"summary_large_image","twitter_site":"@TourTravel_More","twitter_misc":{"Tiempo de lectura":"2 minutos"},"schema":{"@context":"https:\/\/schema.org","@graph":[{"@type":"WebPage","@id":"https:\/\/tourtravelandmore.com\/es\/tours\/espana-es\/malaga-es\/tour-a-medida-de-gibraltar-marbella-puerto-banus-desde-malaga\/","url":"https:\/\/tourtravelandmore.com\/es\/tours\/espana-es\/malaga-es\/tour-a-medida-de-gibraltar-marbella-puerto-banus-desde-malaga\/","name":"\u27a1\ufe0f Tour Gibraltar,Marbella y Puerto Banus | Tour Travel & More","isPartOf":{"@id":"https:\/\/tourtravelandmore.com\/es\/#website"},"primaryImageOfPage":{"@id":"https:\/\/tourtravelandmore.com\/es\/tours\/espana-es\/malaga-es\/tour-a-medida-de-gibraltar-marbella-puerto-banus-desde-malaga\/#primaryimage"},"image":{"@id":"https:\/\/tourtravelandmore.com\/es\/tours\/espana-es\/malaga-es\/tour-a-medida-de-gibraltar-marbella-puerto-banus-desde-malaga\/#primaryimage"},"thumbnailUrl":"https:\/\/tourtravelandmore.com\/wp-content\/uploads\/2019\/02\/The_Port_of_Gibraltar_Aerial_View_from_the_North_West.jpg","datePublished":"2019-02-22T13:14:36+00:00","dateModified":"2023-09-14T14:33:47+00:00","description":"Disfruta este tour Gibraltar y Marbella desde M\u00e1laga, con su gu\u00eda oficial privado y vehiculo oficial privado. Conoce dos ciudades en un mismo dia!! \u2705","breadcrumb":{"@id":"https:\/\/tourtravelandmore.com\/es\/tours\/espana-es\/malaga-es\/tour-a-medida-de-gibraltar-marbella-puerto-banus-desde-malaga\/#breadcrumb"},"inLanguage":"es","potentialAction":[{"@type":"ReadAction","target":["https:\/\/tourtravelandmore.com\/es\/tours\/espana-es\/malaga-es\/tour-a-medida-de-gibraltar-marbella-puerto-banus-desde-malaga\/"]}]},{"@type":"ImageObject","inLanguage":"es","@id":"https:\/\/tourtravelandmore.com\/es\/tours\/espana-es\/malaga-es\/tour-a-medida-de-gibraltar-marbella-puerto-banus-desde-malaga\/#primaryimage","url":"https:\/\/tourtravelandmore.com\/wp-content\/uploads\/2019\/02\/The_Port_of_Gibraltar_Aerial_View_from_the_North_West.jpg","contentUrl":"https:\/\/tourtravelandmore.com\/wp-content\/uploads\/2019\/02\/The_Port_of_Gibraltar_Aerial_View_from_the_North_West.jpg","width":1693,"height":863},{"@type":"BreadcrumbList","@id":"https:\/\/tourtravelandmore.com\/es\/tours\/espana-es\/malaga-es\/tour-a-medida-de-gibraltar-marbella-puerto-banus-desde-malaga\/#breadcrumb","itemListElement":[{"@type":"ListItem","position":1,"name":"Home","item":"https:\/\/tourtravelandmore.com\/es\/"},{"@type":"ListItem","position":2,"name":"Tours","item":"https:\/\/tourtravelandmore.com\/es\/tours\/"},{"@type":"ListItem","position":3,"name":"Tour privado de Gibraltar, Marbella y Puerto Banus desde Malaga"}]},{"@type":"WebSite","@id":"https:\/\/tourtravelandmore.com\/es\/#website","url":"https:\/\/tourtravelandmore.com\/es\/","name":"Tour Travel And More","description":"Private sightseeing tours and luxury transfers in Spain","publisher":{"@id":"https:\/\/tourtravelandmore.com\/es\/#organization"},"potentialAction":[{"@type":"SearchAction","target":{"@type":"EntryPoint","urlTemplate":"https:\/\/tourtravelandmore.com\/es\/?s={search_term_string}"},"query-input":{"@type":"PropertyValueSpecification","valueRequired":true,"valueName":"search_term_string"}}],"inLanguage":"es"},{"@type":"Organization","@id":"https:\/\/tourtravelandmore.com\/es\/#organization","name":"Tour Travel And More","url":"https:\/\/tourtravelandmore.com\/es\/","logo":{"@type":"ImageObject","inLanguage":"es","@id":"https:\/\/tourtravelandmore.com\/es\/#\/schema\/logo\/image\/","url":"https:\/\/tourtravelandmore.com\/wp-content\/uploads\/2022\/12\/cropped-logo-cabecera-new.png","contentUrl":"https:\/\/tourtravelandmore.com\/wp-content\/uploads\/2022\/12\/cropped-logo-cabecera-new.png","width":430,"height":61,"caption":"Tour Travel And More"},"image":{"@id":"https:\/\/tourtravelandmore.com\/es\/#\/schema\/logo\/image\/"},"sameAs":["https:\/\/www.facebook.com\/tourtravelandmore\/","https:\/\/x.com\/TourTravel_More"]}]}},"_links":{"self":[{"href":"https:\/\/tourtravelandmore.com\/es\/wp-json\/wp\/v2\/product\/33429","targetHints":{"allow":["GET"]}}],"collection":[{"href":"https:\/\/tourtravelandmore.com\/es\/wp-json\/wp\/v2\/product"}],"about":[{"href":"https:\/\/tourtravelandmore.com\/es\/wp-json\/wp\/v2\/types\/product"}],"replies":[{"embeddable":true,"href":"https:\/\/tourtravelandmore.com\/es\/wp-json\/wp\/v2\/comments?post=33429"}],"wp:featuredmedia":[{"embeddable":true,"href":"https:\/\/tourtravelandmore.com\/es\/wp-json\/wp\/v2\/media\/33443"}],"wp:attachment":[{"href":"https:\/\/tourtravelandmore.com\/es\/wp-json\/wp\/v2\/media?parent=33429"}],"wp:term":[{"taxonomy":"product_brand","embeddable":true,"href":"https:\/\/tourtravelandmore.com\/es\/wp-json\/wp\/v2\/product_brand?post=33429"},{"taxonomy":"product_cat","embeddable":true,"href":"https:\/\/tourtravelandmore.com\/es\/wp-json\/wp\/v2\/product_cat?post=33429"},{"taxonomy":"product_tag","embeddable":true,"href":"https:\/\/tourtravelandmore.com\/es\/wp-json\/wp\/v2\/product_tag?post=33429"}],"curies":[{"name":"wp","href":"https:\/\/api.w.org\/{rel}","templated":true}]}}