{"id":33406,"date":"2019-02-22T13:47:30","date_gmt":"2019-02-22T12:47:33","guid":{"rendered":"http:\/\/tourtravelandmore.com\/es\/tours\/uncategorized\/tour-privado-de-dia-completo-en-santillana-del-mar-y-santander-desde-bilbao\/"},"modified":"2026-02-03T15:00:48","modified_gmt":"2026-02-03T14:00:48","slug":"tour-privado-de-santander-desde-bilbao-y-santillana-del-mar","status":"publish","type":"product","link":"https:\/\/tourtravelandmore.com\/es\/tours\/espana-es\/bilbao-es\/tour-privado-de-santander-desde-bilbao-y-santillana-del-mar\/","title":{"rendered":"Tour Santander y Santillana del Mar desde Bilbao"},"content":{"rendered":"<h2><b>Tour Privado Ampliado de Santillana de Mar y Santander desde Bilbao Descripci\u00f3n<\/b><\/h2>\n<p><span style=\"font-weight: 400;\">Emb\u00e1rquese en un cautivador viaje por las maravillas culturales y paisaj\u00edsticas del norte de Espa\u00f1a con nuestro exclusivo Tour Privado de Santillana de Mar y Santander desde Bilbao. Esta inmersiva excursi\u00f3n de d\u00eda completo es su puerta de entrada para explorar la rica historia, la impresionante arquitectura y los sobrecogedores paisajes costeros de dos de las ciudades m\u00e1s pintorescas de Espa\u00f1a.<\/span><\/p>\n<p><a href=\"https:\/\/tourtravelandmore.com\/es\/tours\/espana-es\/bilbao-es\/traslado-privado-bilbao-evita-colas-y-esperas-viaje-comodamente\/\"><span style=\"font-weight: 400;\">Su experiencia comienza en el momento en que le recogemos en Bilbao en un veh\u00edculo de lujo. <\/span><\/a><span style=\"font-weight: 400;\">Mientras viaja hacia Santillana de Mar, le envolver\u00e1 el encanto de la campi\u00f1a c\u00e1ntabra. Esta excursi\u00f3n no es s\u00f3lo un viaje tur\u00edstico; es un capricho de historia, arte y belleza natural, adaptado a sus preferencias y ritmo.<\/span><\/p>\n<p><span style=\"font-weight: 400;\">Santillana de Mar, a menudo conocida como la &#8220;Ciudad de las Tres Mentiras&#8221; (ni santa, ni llana, ni junto al mar), ofrece un viaje en el tiempo con su bien conservada arquitectura medieval. Pasee por sus calles empedradas, admire la hist\u00f3rica Colegiata de Santa Juliana y ad\u00e9ntrese en las maravillas prehist\u00f3ricas de la Cueva de Altamira, conocida como la &#8220;Capilla Sixtina&#8221; del arte paleol\u00edtico.<\/span><\/p>\n<p><span style=\"font-weight: 400;\">A continuaci\u00f3n, la excursi\u00f3n le llevar\u00e1 a la elegante ciudad de Santander, mezcla de sofisticaci\u00f3n urbana y relax junto a la playa. Explore la grandeza de la Catedral de Santander, el regio Palacio de la Magdalena y los exuberantes Jardines de Pereda. El patrimonio mar\u00edtimo de la ciudad se muestra a lo largo de sus impresionantes playas, como El Sardinero, y el imponente Faro de Cabo Mayor ofrece vistas panor\u00e1micas del mar Cant\u00e1brico.<\/span><\/p>\n<p><span style=\"font-weight: 400;\">A lo largo de la visita, su gu\u00eda privado compartir\u00e1 sus conocimientos y an\u00e9cdotas, haciendo que cada momento sea informativo y atractivo. Tendr\u00e1 la oportunidad de degustar la gastronom\u00eda local, como un almuerzo junto al mar en Santander o los tradicionales &#8220;sobaos&#8221; de Santillana.<\/span><\/p>\n<p><span style=\"font-weight: 400;\">Al final del d\u00eda, le llevaremos c\u00f3modamente de vuelta a Bilbao, con recuerdos inolvidables de los tesoros culturales y naturales del norte de Espa\u00f1a.<\/span><\/p>\n<h2><b>Lo m\u00e1s destacado de la Excursi\u00f3n Privada a Santillana de Mar y Santander desde Bilbao<\/b><\/h2>\n<ul>\n<li style=\"font-weight: 400;\" aria-level=\"1\"><b>Santillana de Mar:<\/b><span style=\"font-weight: 400;\"> Un museo vivo, esta ciudad ofrece un paso atr\u00e1s en el tiempo con sus calles medievales y las famosas Cuevas de Altamira, Patrimonio de la Humanidad por la UNESCO.<\/span><\/li>\n<li style=\"font-weight: 400;\" aria-level=\"1\"><b>Catedral de Santander:<\/b><span style=\"font-weight: 400;\"> Descubra el esplendor arquitect\u00f3nico y la importancia hist\u00f3rica de este hito en el coraz\u00f3n de Santander.<\/span><\/li>\n<li style=\"font-weight: 400;\" aria-level=\"1\"><b>Gran Casino del Sardinero:<\/b><span style=\"font-weight: 400;\"> Experimente la elegancia de la belle \u00e9poque santanderina en este emblem\u00e1tico casino, con vistas a la majestuosa playa del Sardinero.<\/span><\/li>\n<li style=\"font-weight: 400;\" aria-level=\"1\"><b>Palacio de la Magdalena:<\/b><span style=\"font-weight: 400;\"> Explore la residencia real de verano del rey Alfonso XIII, s\u00edmbolo de los v\u00ednculos hist\u00f3ricos de Santander con la monarqu\u00eda espa\u00f1ola.<\/span><\/li>\n<li style=\"font-weight: 400;\" aria-level=\"1\"><b>Faro de Cabo Mayor:<\/b><span style=\"font-weight: 400;\"> Disfrute de las impresionantes vistas desde este emblem\u00e1tico faro, un faro sobre el mar Cant\u00e1brico.<\/span><\/li>\n<li style=\"font-weight: 400;\" aria-level=\"1\"><b>Delicias culinarias: <\/b><span style=\"font-weight: 400;\">Deguste la oferta gastron\u00f3mica de la regi\u00f3n, desde el marisco fresco de Santander hasta la reposter\u00eda tradicional de Santillana.<\/span><\/li>\n<li style=\"font-weight: 400;\" aria-level=\"1\"><b>Itinerario personalizable: <\/b><span style=\"font-weight: 400;\">El recorrido es flexible, lo que le permite explorar lugares adicionales o pasar m\u00e1s tiempo en un lugar concreto en funci\u00f3n de sus intereses.<\/span><\/li>\n<li style=\"font-weight: 400;\" aria-level=\"1\"><b>Playa de los Locos (Santillana de Mar):<\/b><span style=\"font-weight: 400;\"> Descubra la belleza agreste de la Playa de los Locos, una impresionante playa conocida por sus singulares formaciones geol\u00f3gicas y sus vistas panor\u00e1micas del mar Cant\u00e1brico. Es un lugar ideal para los amantes de la fotograf\u00eda y la naturaleza.<\/span><\/li>\n<li style=\"font-weight: 400;\" aria-level=\"1\"><b>Paseo y Jardines de Pereda (Santander):<\/b><span style=\"font-weight: 400;\"> Pasea por los frondosos jardines y paseos del Paseo y Jardines de Pereda, donde la belleza de la naturaleza se mezcla con el encanto urbano de Santander. Esta zona, repleta de instalaciones art\u00edsticas y artistas callejeros, ofrece una experiencia de paseo animada y pintoresca.<\/span><\/li>\n<li style=\"font-weight: 400;\" aria-level=\"1\"><b>Monasterio de San Juan (Santillana de Mar):<\/b><span style=\"font-weight: 400;\"> Ad\u00e9ntrese en el ambiente sereno y espiritual del Monasterio de San Juan. Esta joya hist\u00f3rica de Santillana de Mar exhibe una notable arquitectura rom\u00e1nica y ofrece una tranquila escapada de la bulliciosa vida de la ciudad.<\/span><\/li>\n<\/ul>\n","protected":false},"excerpt":{"rendered":"<p><span style=\"font-weight: 400;\">\u00danete a nuestro Tour Privado desde Bilbao a la hist\u00f3rica Santillana de Mar y a la bella ciudad de Santander. Experimente calles medievales, paisajes costeros y lugares de inter\u00e9s cultural, todo en la comodidad de un veh\u00edculo privado de lujo. Descubra las joyas ocultas del norte de Espa\u00f1a en una exclusiva excursi\u00f3n de d\u00eda completo.<\/span><\/p>\n","protected":false},"featured_media":59783,"comment_status":"open","ping_status":"closed","template":"","meta":{"_acf_changed":false},"product_brand":[],"product_cat":[189,191,193,192],"product_tag":[],"class_list":{"0":"post-33406","1":"product","2":"type-product","3":"status-publish","4":"has-post-thumbnail","6":"product_cat-bilbao-es","7":"product_cat-bilbao-actividades-es","8":"product_cat-bilbao-rutas-turisticas-privadas-es","9":"product_cat-bilbao-excursiones-es","11":"first","12":"instock","13":"shipping-taxable","14":"purchasable","15":"product-type-simple"},"acf":[],"yoast_head":"<!-- This site is optimized with the Yoast SEO Premium plugin v25.3.1 (Yoast SEO v25.3.1) - https:\/\/yoast.com\/wordpress\/plugins\/seo\/ -->\n<title>\u27a1\ufe0f Descubre Santillana de Mar y Santander: Tour Privado desde Bilbao \u2705<\/title>\n<meta name=\"description\" content=\"Explora el encanto medieval de Santillana de Mar y la elegancia costera de Santander en nuestro tour privado desde Bilbao. Viva la historia, la cultura y la gastronom\u00eda. \u00a1Reserva ahora! \u2705\" \/>\n<meta name=\"robots\" content=\"index, follow, max-snippet:-1, max-image-preview:large, max-video-preview:-1\" \/>\n<link rel=\"canonical\" href=\"https:\/\/tourtravelandmore.com\/es\/tours\/espana-es\/bilbao-es\/tour-privado-de-santander-desde-bilbao-y-santillana-del-mar\/\" \/>\n<meta property=\"og:locale\" content=\"es_ES\" \/>\n<meta property=\"og:type\" content=\"article\" \/>\n<meta property=\"og:title\" content=\"Tour Santander y Santillana del Mar desde Bilbao\" \/>\n<meta property=\"og:description\" content=\"Explora el encanto medieval de Santillana de Mar y la elegancia costera de Santander en nuestro tour privado desde Bilbao. Viva la historia, la cultura y la gastronom\u00eda. \u00a1Reserva ahora! \u2705\" \/>\n<meta property=\"og:url\" content=\"https:\/\/tourtravelandmore.com\/es\/tours\/espana-es\/bilbao-es\/tour-privado-de-santander-desde-bilbao-y-santillana-del-mar\/\" \/>\n<meta property=\"og:site_name\" content=\"Tour Travel And More\" \/>\n<meta property=\"article:publisher\" content=\"https:\/\/www.facebook.com\/tourtravelandmore\/\" \/>\n<meta property=\"article:modified_time\" content=\"2026-02-03T14:00:48+00:00\" \/>\n<meta property=\"og:image\" content=\"https:\/\/tourtravelandmore.com\/wp-content\/uploads\/2019\/02\/santander.jpg\" \/>\n\t<meta property=\"og:image:width\" content=\"800\" \/>\n\t<meta property=\"og:image:height\" content=\"533\" \/>\n\t<meta property=\"og:image:type\" content=\"image\/jpeg\" \/>\n<meta name=\"twitter:card\" content=\"summary_large_image\" \/>\n<meta name=\"twitter:site\" content=\"@TourTravel_More\" \/>\n<meta name=\"twitter:label1\" content=\"Tiempo de lectura\" \/>\n\t<meta name=\"twitter:data1\" content=\"4 minutos\" \/>\n<script type=\"application\/ld+json\" class=\"yoast-schema-graph\">{\"@context\":\"https:\/\/schema.org\",\"@graph\":[{\"@type\":\"WebPage\",\"@id\":\"https:\/\/tourtravelandmore.com\/es\/tours\/espana-es\/bilbao-es\/tour-privado-de-santander-desde-bilbao-y-santillana-del-mar\/\",\"url\":\"https:\/\/tourtravelandmore.com\/es\/tours\/espana-es\/bilbao-es\/tour-privado-de-santander-desde-bilbao-y-santillana-del-mar\/\",\"name\":\"\u27a1\ufe0f Descubre Santillana de Mar y Santander: Tour Privado desde Bilbao \u2705\",\"isPartOf\":{\"@id\":\"https:\/\/tourtravelandmore.com\/es\/#website\"},\"primaryImageOfPage\":{\"@id\":\"https:\/\/tourtravelandmore.com\/es\/tours\/espana-es\/bilbao-es\/tour-privado-de-santander-desde-bilbao-y-santillana-del-mar\/#primaryimage\"},\"image\":{\"@id\":\"https:\/\/tourtravelandmore.com\/es\/tours\/espana-es\/bilbao-es\/tour-privado-de-santander-desde-bilbao-y-santillana-del-mar\/#primaryimage\"},\"thumbnailUrl\":\"https:\/\/tourtravelandmore.com\/wp-content\/uploads\/2019\/02\/santander.jpg\",\"datePublished\":\"2019-02-22T12:47:33+00:00\",\"dateModified\":\"2026-02-03T14:00:48+00:00\",\"description\":\"Explora el encanto medieval de Santillana de Mar y la elegancia costera de Santander en nuestro tour privado desde Bilbao. Viva la historia, la cultura y la gastronom\u00eda. \u00a1Reserva ahora! \u2705\",\"breadcrumb\":{\"@id\":\"https:\/\/tourtravelandmore.com\/es\/tours\/espana-es\/bilbao-es\/tour-privado-de-santander-desde-bilbao-y-santillana-del-mar\/#breadcrumb\"},\"inLanguage\":\"es\",\"potentialAction\":[{\"@type\":\"ReadAction\",\"target\":[\"https:\/\/tourtravelandmore.com\/es\/tours\/espana-es\/bilbao-es\/tour-privado-de-santander-desde-bilbao-y-santillana-del-mar\/\"]}]},{\"@type\":\"ImageObject\",\"inLanguage\":\"es\",\"@id\":\"https:\/\/tourtravelandmore.com\/es\/tours\/espana-es\/bilbao-es\/tour-privado-de-santander-desde-bilbao-y-santillana-del-mar\/#primaryimage\",\"url\":\"https:\/\/tourtravelandmore.com\/wp-content\/uploads\/2019\/02\/santander.jpg\",\"contentUrl\":\"https:\/\/tourtravelandmore.com\/wp-content\/uploads\/2019\/02\/santander.jpg\",\"width\":800,\"height\":533},{\"@type\":\"BreadcrumbList\",\"@id\":\"https:\/\/tourtravelandmore.com\/es\/tours\/espana-es\/bilbao-es\/tour-privado-de-santander-desde-bilbao-y-santillana-del-mar\/#breadcrumb\",\"itemListElement\":[{\"@type\":\"ListItem\",\"position\":1,\"name\":\"Home\",\"item\":\"https:\/\/tourtravelandmore.com\/es\/\"},{\"@type\":\"ListItem\",\"position\":2,\"name\":\"Tours\",\"item\":\"https:\/\/tourtravelandmore.com\/es\/tours\/\"},{\"@type\":\"ListItem\",\"position\":3,\"name\":\"Tour Santander y Santillana del Mar desde Bilbao\"}]},{\"@type\":\"WebSite\",\"@id\":\"https:\/\/tourtravelandmore.com\/es\/#website\",\"url\":\"https:\/\/tourtravelandmore.com\/es\/\",\"name\":\"Tour Travel And More\",\"description\":\"Private sightseeing tours and luxury transfers in Spain\",\"publisher\":{\"@id\":\"https:\/\/tourtravelandmore.com\/es\/#organization\"},\"potentialAction\":[{\"@type\":\"SearchAction\",\"target\":{\"@type\":\"EntryPoint\",\"urlTemplate\":\"https:\/\/tourtravelandmore.com\/es\/?s={search_term_string}\"},\"query-input\":{\"@type\":\"PropertyValueSpecification\",\"valueRequired\":true,\"valueName\":\"search_term_string\"}}],\"inLanguage\":\"es\"},{\"@type\":\"Organization\",\"@id\":\"https:\/\/tourtravelandmore.com\/es\/#organization\",\"name\":\"Tour Travel And More\",\"url\":\"https:\/\/tourtravelandmore.com\/es\/\",\"logo\":{\"@type\":\"ImageObject\",\"inLanguage\":\"es\",\"@id\":\"https:\/\/tourtravelandmore.com\/es\/#\/schema\/logo\/image\/\",\"url\":\"https:\/\/tourtravelandmore.com\/wp-content\/uploads\/2022\/12\/cropped-logo-cabecera-new.png\",\"contentUrl\":\"https:\/\/tourtravelandmore.com\/wp-content\/uploads\/2022\/12\/cropped-logo-cabecera-new.png\",\"width\":430,\"height\":61,\"caption\":\"Tour Travel And More\"},\"image\":{\"@id\":\"https:\/\/tourtravelandmore.com\/es\/#\/schema\/logo\/image\/\"},\"sameAs\":[\"https:\/\/www.facebook.com\/tourtravelandmore\/\",\"https:\/\/x.com\/TourTravel_More\"]}]}<\/script>\n<!-- \/ Yoast SEO Premium plugin. -->","yoast_head_json":{"title":"\u27a1\ufe0f Descubre Santillana de Mar y Santander: Tour Privado desde Bilbao \u2705","description":"Explora el encanto medieval de Santillana de Mar y la elegancia costera de Santander en nuestro tour privado desde Bilbao. Viva la historia, la cultura y la gastronom\u00eda. \u00a1Reserva ahora! \u2705","robots":{"index":"index","follow":"follow","max-snippet":"max-snippet:-1","max-image-preview":"max-image-preview:large","max-video-preview":"max-video-preview:-1"},"canonical":"https:\/\/tourtravelandmore.com\/es\/tours\/espana-es\/bilbao-es\/tour-privado-de-santander-desde-bilbao-y-santillana-del-mar\/","og_locale":"es_ES","og_type":"article","og_title":"Tour Santander y Santillana del Mar desde Bilbao","og_description":"Explora el encanto medieval de Santillana de Mar y la elegancia costera de Santander en nuestro tour privado desde Bilbao. Viva la historia, la cultura y la gastronom\u00eda. \u00a1Reserva ahora! \u2705","og_url":"https:\/\/tourtravelandmore.com\/es\/tours\/espana-es\/bilbao-es\/tour-privado-de-santander-desde-bilbao-y-santillana-del-mar\/","og_site_name":"Tour Travel And More","article_publisher":"https:\/\/www.facebook.com\/tourtravelandmore\/","article_modified_time":"2026-02-03T14:00:48+00:00","og_image":[{"width":800,"height":533,"url":"https:\/\/tourtravelandmore.com\/wp-content\/uploads\/2019\/02\/santander.jpg","type":"image\/jpeg"}],"twitter_card":"summary_large_image","twitter_site":"@TourTravel_More","twitter_misc":{"Tiempo de lectura":"4 minutos"},"schema":{"@context":"https:\/\/schema.org","@graph":[{"@type":"WebPage","@id":"https:\/\/tourtravelandmore.com\/es\/tours\/espana-es\/bilbao-es\/tour-privado-de-santander-desde-bilbao-y-santillana-del-mar\/","url":"https:\/\/tourtravelandmore.com\/es\/tours\/espana-es\/bilbao-es\/tour-privado-de-santander-desde-bilbao-y-santillana-del-mar\/","name":"\u27a1\ufe0f Descubre Santillana de Mar y Santander: Tour Privado desde Bilbao \u2705","isPartOf":{"@id":"https:\/\/tourtravelandmore.com\/es\/#website"},"primaryImageOfPage":{"@id":"https:\/\/tourtravelandmore.com\/es\/tours\/espana-es\/bilbao-es\/tour-privado-de-santander-desde-bilbao-y-santillana-del-mar\/#primaryimage"},"image":{"@id":"https:\/\/tourtravelandmore.com\/es\/tours\/espana-es\/bilbao-es\/tour-privado-de-santander-desde-bilbao-y-santillana-del-mar\/#primaryimage"},"thumbnailUrl":"https:\/\/tourtravelandmore.com\/wp-content\/uploads\/2019\/02\/santander.jpg","datePublished":"2019-02-22T12:47:33+00:00","dateModified":"2026-02-03T14:00:48+00:00","description":"Explora el encanto medieval de Santillana de Mar y la elegancia costera de Santander en nuestro tour privado desde Bilbao. Viva la historia, la cultura y la gastronom\u00eda. \u00a1Reserva ahora! \u2705","breadcrumb":{"@id":"https:\/\/tourtravelandmore.com\/es\/tours\/espana-es\/bilbao-es\/tour-privado-de-santander-desde-bilbao-y-santillana-del-mar\/#breadcrumb"},"inLanguage":"es","potentialAction":[{"@type":"ReadAction","target":["https:\/\/tourtravelandmore.com\/es\/tours\/espana-es\/bilbao-es\/tour-privado-de-santander-desde-bilbao-y-santillana-del-mar\/"]}]},{"@type":"ImageObject","inLanguage":"es","@id":"https:\/\/tourtravelandmore.com\/es\/tours\/espana-es\/bilbao-es\/tour-privado-de-santander-desde-bilbao-y-santillana-del-mar\/#primaryimage","url":"https:\/\/tourtravelandmore.com\/wp-content\/uploads\/2019\/02\/santander.jpg","contentUrl":"https:\/\/tourtravelandmore.com\/wp-content\/uploads\/2019\/02\/santander.jpg","width":800,"height":533},{"@type":"BreadcrumbList","@id":"https:\/\/tourtravelandmore.com\/es\/tours\/espana-es\/bilbao-es\/tour-privado-de-santander-desde-bilbao-y-santillana-del-mar\/#breadcrumb","itemListElement":[{"@type":"ListItem","position":1,"name":"Home","item":"https:\/\/tourtravelandmore.com\/es\/"},{"@type":"ListItem","position":2,"name":"Tours","item":"https:\/\/tourtravelandmore.com\/es\/tours\/"},{"@type":"ListItem","position":3,"name":"Tour Santander y Santillana del Mar desde Bilbao"}]},{"@type":"WebSite","@id":"https:\/\/tourtravelandmore.com\/es\/#website","url":"https:\/\/tourtravelandmore.com\/es\/","name":"Tour Travel And More","description":"Private sightseeing tours and luxury transfers in Spain","publisher":{"@id":"https:\/\/tourtravelandmore.com\/es\/#organization"},"potentialAction":[{"@type":"SearchAction","target":{"@type":"EntryPoint","urlTemplate":"https:\/\/tourtravelandmore.com\/es\/?s={search_term_string}"},"query-input":{"@type":"PropertyValueSpecification","valueRequired":true,"valueName":"search_term_string"}}],"inLanguage":"es"},{"@type":"Organization","@id":"https:\/\/tourtravelandmore.com\/es\/#organization","name":"Tour Travel And More","url":"https:\/\/tourtravelandmore.com\/es\/","logo":{"@type":"ImageObject","inLanguage":"es","@id":"https:\/\/tourtravelandmore.com\/es\/#\/schema\/logo\/image\/","url":"https:\/\/tourtravelandmore.com\/wp-content\/uploads\/2022\/12\/cropped-logo-cabecera-new.png","contentUrl":"https:\/\/tourtravelandmore.com\/wp-content\/uploads\/2022\/12\/cropped-logo-cabecera-new.png","width":430,"height":61,"caption":"Tour Travel And More"},"image":{"@id":"https:\/\/tourtravelandmore.com\/es\/#\/schema\/logo\/image\/"},"sameAs":["https:\/\/www.facebook.com\/tourtravelandmore\/","https:\/\/x.com\/TourTravel_More"]}]}},"_links":{"self":[{"href":"https:\/\/tourtravelandmore.com\/es\/wp-json\/wp\/v2\/product\/33406","targetHints":{"allow":["GET"]}}],"collection":[{"href":"https:\/\/tourtravelandmore.com\/es\/wp-json\/wp\/v2\/product"}],"about":[{"href":"https:\/\/tourtravelandmore.com\/es\/wp-json\/wp\/v2\/types\/product"}],"replies":[{"embeddable":true,"href":"https:\/\/tourtravelandmore.com\/es\/wp-json\/wp\/v2\/comments?post=33406"}],"wp:featuredmedia":[{"embeddable":true,"href":"https:\/\/tourtravelandmore.com\/es\/wp-json\/wp\/v2\/media\/59783"}],"wp:attachment":[{"href":"https:\/\/tourtravelandmore.com\/es\/wp-json\/wp\/v2\/media?parent=33406"}],"wp:term":[{"taxonomy":"product_brand","embeddable":true,"href":"https:\/\/tourtravelandmore.com\/es\/wp-json\/wp\/v2\/product_brand?post=33406"},{"taxonomy":"product_cat","embeddable":true,"href":"https:\/\/tourtravelandmore.com\/es\/wp-json\/wp\/v2\/product_cat?post=33406"},{"taxonomy":"product_tag","embeddable":true,"href":"https:\/\/tourtravelandmore.com\/es\/wp-json\/wp\/v2\/product_tag?post=33406"}],"curies":[{"name":"wp","href":"https:\/\/api.w.org\/{rel}","templated":true}]}}