{"id":33075,"date":"2019-02-15T08:48:37","date_gmt":"2019-02-15T07:48:40","guid":{"rendered":"http:\/\/tourtravelandmore.com\/es\/tours\/meknes-es\/tour-privado-excursion-a-volubilis-desde-meknes\/"},"modified":"2021-11-22T11:16:46","modified_gmt":"2021-11-22T10:16:46","slug":"tour-privado-excursion-a-volubilis-desde-meknes","status":"publish","type":"product","link":"https:\/\/tourtravelandmore.com\/es\/tours\/marruecos-es\/meknes-es\/tour-privado-excursion-a-volubilis-desde-meknes\/","title":{"rendered":"Tour Privado: Excursi\u00f3n a Volubilis desde Meknes"},"content":{"rendered":"<h2>Descripci\u00f3n del Tour Privado: Excursi\u00f3n a Volubilis desde Meknes<\/h2>\n<p>Empezaremos este tour privado con la recogida en vuestro hotel o riad en veh\u00edculo privado con chofer para aventurarnos en Volubilis considerado el mejor monumento arqueol\u00f3gico conservado de Marruecos, declaro Patrimonio Mundial por la Unesco. Una de las cosas que m\u00e1s destacan y que podremos admirar son sus mosaicos.<\/p>\n<p>Poco a poco nos iremos adentrando en la ciudad y veremos su antiguo asentamiento romano donde admiraremos las puertas, monumentos, callejones y pisos de mosaicos. Una visita obligatoria en este tour son las famosas ruinas de Volubilis, algunos de los monumentos que podremos disfrutar son los Ba\u00f1os de Galeno, arco de triunfo construido en honor al emperador Caracala o el capitolio.<\/p>\n<p>Disfrute de las vistas panor\u00e1micas sobre las magn\u00edficas monta\u00f1as del Rif desde su punto m\u00e1s alto. Terminaremos con el traslado de vuelta a Meknes en su veh\u00edculo privado.<\/p>\n<p>Disfrute de la flexibilidad de este tour donde podemos centrarnos en lugares que m\u00e1s le interesen.<\/p>\n<h2>Principales puntos de inter\u00e9s durante este tour privado<\/h2>\n<p>El<strong> tour privado<\/strong> comenzar\u00e1 con la recogida en su hotel o riad en <strong>veh\u00edculo privado con ch\u00f3fer<\/strong> para dirigirnos a <strong>Volubilis.<\/strong> Su gu\u00eda les llevar\u00e1 por los distintos puntos m\u00e1s emblem\u00e1ticos de esta ciudad donde descubrir\u00e1n a\u00f1os de patrimonio cultural marroqu\u00ed.<\/p>\n<p>Durante vuestro tour, podr\u00e9is ver entre otros los siguientes lugares de inter\u00e9s:<\/p>\n<ul>\n<li><strong>Ruinas arqueol\u00f3gicas<\/strong><\/li>\n<li><strong>El Capitolio<\/strong><\/li>\n<li><strong>Monta\u00f1as del Rif<\/strong><\/li>\n<li><strong>Arco de triunfo<\/strong><\/li>\n<li><strong>Mucho m\u00e1s!<\/strong><\/li>\n<\/ul>\n<h3>La Ciudad: Volubilis<\/h3>\n<p>Volubilis es una antigua ciudad romana situada en el territorio del actual Marruecos. Su yacimiento arqueol\u00f3gico es posiblemente el yacimiento romano mejor preservado de esta \u00e1rea del norte de \u00c1frica. Fue incluido en la lista del Patrimonio de la Humanidad de Unesco en 1997.<\/p>\n<h3>Nuestros Tours Privados en Tour Travel &amp; More<\/h3>\n<p>Ofrecemos a nuestros clientes tours privados para familias, amigos e incluso para incentivos o grupos grandes. Entendemos las necesidades de los viajeros mientras est\u00e1n de vacaciones, y hacemos todo lo posible para que su estancia sea inolvidable. Nuestra flota se compone de veh\u00edculos de lujo y nuestro personal es perfectamente multiling\u00fce. Nuestros gu\u00edas hablan varios idiomas: Ingl\u00e9s, Espa\u00f1ol, Franc\u00e9s, Italiano, Polaco, Holand\u00e9s, Chino, Ruso, Japon\u00e9s, Alem\u00e1n, Griego y Portugu\u00e9s.<\/p>\n","protected":false},"excerpt":{"rendered":"<p>Ven con nosotros a este <strong>tour privado a Volubilis desde Meknes<\/strong> y visita el monumento arqueol\u00f3gico mejor conservado de <strong>Marruecos<\/strong>. Podemos admirar sus famosas ruinas declaradas <strong>Patrimonio de la Humanidad por la UNESCO<\/strong>. Su gu\u00eda tur\u00edstico oficial privado y su conductor independiente organizar\u00e1n la mejor experiencia posible para su <strong>recorrido privado<\/strong>.<\/p>\n","protected":false},"featured_media":33083,"comment_status":"open","ping_status":"closed","template":"","meta":{"_acf_changed":false},"product_brand":[],"product_cat":[1610,1136,1137,1138],"product_tag":[],"class_list":{"0":"post-33075","1":"product","2":"type-product","3":"status-publish","4":"has-post-thumbnail","6":"product_cat-marruecos-es","7":"product_cat-meknes-es","8":"product_cat-meknes-excursiones-es","9":"product_cat-meknes-actividades-es","11":"first","12":"instock","13":"shipping-taxable","14":"purchasable","15":"product-type-simple"},"acf":[],"yoast_head":"<!-- This site is optimized with the Yoast SEO Premium plugin v25.3.1 (Yoast SEO v25.3.1) - https:\/\/yoast.com\/wordpress\/plugins\/seo\/ -->\n<title>Tour Privado de d\u00eda completo a Volubilis con gu\u00eda privado | TTM<\/title>\n<meta name=\"description\" content=\"Disfruta este tour privado de d\u00eda completo a Volubilis desde Rabat con chofer y guia local experto. Entradas a los monumentos incluidas \u2705\" \/>\n<meta name=\"robots\" content=\"index, follow, max-snippet:-1, max-image-preview:large, max-video-preview:-1\" \/>\n<link rel=\"canonical\" href=\"https:\/\/tourtravelandmore.com\/es\/tours\/marruecos-es\/meknes-es\/tour-privado-excursion-a-volubilis-desde-meknes\/\" \/>\n<meta property=\"og:locale\" content=\"es_ES\" \/>\n<meta property=\"og:type\" content=\"article\" \/>\n<meta property=\"og:title\" content=\"Tour Privado: Excursi\u00f3n a Volubilis desde Meknes\" \/>\n<meta property=\"og:description\" content=\"Disfruta este tour privado de d\u00eda completo a Volubilis desde Rabat con chofer y guia local experto. Entradas a los monumentos incluidas \u2705\" \/>\n<meta property=\"og:url\" content=\"https:\/\/tourtravelandmore.com\/es\/tours\/marruecos-es\/meknes-es\/tour-privado-excursion-a-volubilis-desde-meknes\/\" \/>\n<meta property=\"og:site_name\" content=\"Tour Travel And More\" \/>\n<meta property=\"article:publisher\" content=\"https:\/\/www.facebook.com\/tourtravelandmore\/\" \/>\n<meta property=\"article:modified_time\" content=\"2021-11-22T10:16:46+00:00\" \/>\n<meta property=\"og:image\" content=\"https:\/\/tourtravelandmore.com\/wp-content\/uploads\/2019\/02\/VolubilisMorocco.jpg\" \/>\n\t<meta property=\"og:image:width\" content=\"1600\" \/>\n\t<meta property=\"og:image:height\" content=\"1200\" \/>\n\t<meta property=\"og:image:type\" content=\"image\/jpeg\" \/>\n<meta name=\"twitter:card\" content=\"summary_large_image\" \/>\n<meta name=\"twitter:site\" content=\"@TourTravel_More\" \/>\n<meta name=\"twitter:label1\" content=\"Tiempo de lectura\" \/>\n\t<meta name=\"twitter:data1\" content=\"2 minutos\" \/>\n<script type=\"application\/ld+json\" class=\"yoast-schema-graph\">{\"@context\":\"https:\/\/schema.org\",\"@graph\":[{\"@type\":\"WebPage\",\"@id\":\"https:\/\/tourtravelandmore.com\/es\/tours\/marruecos-es\/meknes-es\/tour-privado-excursion-a-volubilis-desde-meknes\/\",\"url\":\"https:\/\/tourtravelandmore.com\/es\/tours\/marruecos-es\/meknes-es\/tour-privado-excursion-a-volubilis-desde-meknes\/\",\"name\":\"Tour Privado de d\u00eda completo a Volubilis con gu\u00eda privado | TTM\",\"isPartOf\":{\"@id\":\"https:\/\/tourtravelandmore.com\/es\/#website\"},\"primaryImageOfPage\":{\"@id\":\"https:\/\/tourtravelandmore.com\/es\/tours\/marruecos-es\/meknes-es\/tour-privado-excursion-a-volubilis-desde-meknes\/#primaryimage\"},\"image\":{\"@id\":\"https:\/\/tourtravelandmore.com\/es\/tours\/marruecos-es\/meknes-es\/tour-privado-excursion-a-volubilis-desde-meknes\/#primaryimage\"},\"thumbnailUrl\":\"https:\/\/tourtravelandmore.com\/wp-content\/uploads\/2019\/02\/VolubilisMorocco.jpg\",\"datePublished\":\"2019-02-15T07:48:40+00:00\",\"dateModified\":\"2021-11-22T10:16:46+00:00\",\"description\":\"Disfruta este tour privado de d\u00eda completo a Volubilis desde Rabat con chofer y guia local experto. Entradas a los monumentos incluidas \u2705\",\"breadcrumb\":{\"@id\":\"https:\/\/tourtravelandmore.com\/es\/tours\/marruecos-es\/meknes-es\/tour-privado-excursion-a-volubilis-desde-meknes\/#breadcrumb\"},\"inLanguage\":\"es\",\"potentialAction\":[{\"@type\":\"ReadAction\",\"target\":[\"https:\/\/tourtravelandmore.com\/es\/tours\/marruecos-es\/meknes-es\/tour-privado-excursion-a-volubilis-desde-meknes\/\"]}]},{\"@type\":\"ImageObject\",\"inLanguage\":\"es\",\"@id\":\"https:\/\/tourtravelandmore.com\/es\/tours\/marruecos-es\/meknes-es\/tour-privado-excursion-a-volubilis-desde-meknes\/#primaryimage\",\"url\":\"https:\/\/tourtravelandmore.com\/wp-content\/uploads\/2019\/02\/VolubilisMorocco.jpg\",\"contentUrl\":\"https:\/\/tourtravelandmore.com\/wp-content\/uploads\/2019\/02\/VolubilisMorocco.jpg\",\"width\":1600,\"height\":1200},{\"@type\":\"BreadcrumbList\",\"@id\":\"https:\/\/tourtravelandmore.com\/es\/tours\/marruecos-es\/meknes-es\/tour-privado-excursion-a-volubilis-desde-meknes\/#breadcrumb\",\"itemListElement\":[{\"@type\":\"ListItem\",\"position\":1,\"name\":\"Home\",\"item\":\"https:\/\/tourtravelandmore.com\/es\/\"},{\"@type\":\"ListItem\",\"position\":2,\"name\":\"Tours\",\"item\":\"https:\/\/tourtravelandmore.com\/es\/tours\/\"},{\"@type\":\"ListItem\",\"position\":3,\"name\":\"Tour Privado: Excursi\u00f3n a Volubilis desde Meknes\"}]},{\"@type\":\"WebSite\",\"@id\":\"https:\/\/tourtravelandmore.com\/es\/#website\",\"url\":\"https:\/\/tourtravelandmore.com\/es\/\",\"name\":\"Tour Travel And More\",\"description\":\"Private sightseeing tours and luxury transfers in Spain\",\"publisher\":{\"@id\":\"https:\/\/tourtravelandmore.com\/es\/#organization\"},\"potentialAction\":[{\"@type\":\"SearchAction\",\"target\":{\"@type\":\"EntryPoint\",\"urlTemplate\":\"https:\/\/tourtravelandmore.com\/es\/?s={search_term_string}\"},\"query-input\":{\"@type\":\"PropertyValueSpecification\",\"valueRequired\":true,\"valueName\":\"search_term_string\"}}],\"inLanguage\":\"es\"},{\"@type\":\"Organization\",\"@id\":\"https:\/\/tourtravelandmore.com\/es\/#organization\",\"name\":\"Tour Travel And More\",\"url\":\"https:\/\/tourtravelandmore.com\/es\/\",\"logo\":{\"@type\":\"ImageObject\",\"inLanguage\":\"es\",\"@id\":\"https:\/\/tourtravelandmore.com\/es\/#\/schema\/logo\/image\/\",\"url\":\"https:\/\/tourtravelandmore.com\/wp-content\/uploads\/2022\/12\/cropped-logo-cabecera-new.png\",\"contentUrl\":\"https:\/\/tourtravelandmore.com\/wp-content\/uploads\/2022\/12\/cropped-logo-cabecera-new.png\",\"width\":430,\"height\":61,\"caption\":\"Tour Travel And More\"},\"image\":{\"@id\":\"https:\/\/tourtravelandmore.com\/es\/#\/schema\/logo\/image\/\"},\"sameAs\":[\"https:\/\/www.facebook.com\/tourtravelandmore\/\",\"https:\/\/x.com\/TourTravel_More\"]}]}<\/script>\n<!-- \/ Yoast SEO Premium plugin. -->","yoast_head_json":{"title":"Tour Privado de d\u00eda completo a Volubilis con gu\u00eda privado | TTM","description":"Disfruta este tour privado de d\u00eda completo a Volubilis desde Rabat con chofer y guia local experto. Entradas a los monumentos incluidas \u2705","robots":{"index":"index","follow":"follow","max-snippet":"max-snippet:-1","max-image-preview":"max-image-preview:large","max-video-preview":"max-video-preview:-1"},"canonical":"https:\/\/tourtravelandmore.com\/es\/tours\/marruecos-es\/meknes-es\/tour-privado-excursion-a-volubilis-desde-meknes\/","og_locale":"es_ES","og_type":"article","og_title":"Tour Privado: Excursi\u00f3n a Volubilis desde Meknes","og_description":"Disfruta este tour privado de d\u00eda completo a Volubilis desde Rabat con chofer y guia local experto. Entradas a los monumentos incluidas \u2705","og_url":"https:\/\/tourtravelandmore.com\/es\/tours\/marruecos-es\/meknes-es\/tour-privado-excursion-a-volubilis-desde-meknes\/","og_site_name":"Tour Travel And More","article_publisher":"https:\/\/www.facebook.com\/tourtravelandmore\/","article_modified_time":"2021-11-22T10:16:46+00:00","og_image":[{"width":1600,"height":1200,"url":"https:\/\/tourtravelandmore.com\/wp-content\/uploads\/2019\/02\/VolubilisMorocco.jpg","type":"image\/jpeg"}],"twitter_card":"summary_large_image","twitter_site":"@TourTravel_More","twitter_misc":{"Tiempo de lectura":"2 minutos"},"schema":{"@context":"https:\/\/schema.org","@graph":[{"@type":"WebPage","@id":"https:\/\/tourtravelandmore.com\/es\/tours\/marruecos-es\/meknes-es\/tour-privado-excursion-a-volubilis-desde-meknes\/","url":"https:\/\/tourtravelandmore.com\/es\/tours\/marruecos-es\/meknes-es\/tour-privado-excursion-a-volubilis-desde-meknes\/","name":"Tour Privado de d\u00eda completo a Volubilis con gu\u00eda privado | TTM","isPartOf":{"@id":"https:\/\/tourtravelandmore.com\/es\/#website"},"primaryImageOfPage":{"@id":"https:\/\/tourtravelandmore.com\/es\/tours\/marruecos-es\/meknes-es\/tour-privado-excursion-a-volubilis-desde-meknes\/#primaryimage"},"image":{"@id":"https:\/\/tourtravelandmore.com\/es\/tours\/marruecos-es\/meknes-es\/tour-privado-excursion-a-volubilis-desde-meknes\/#primaryimage"},"thumbnailUrl":"https:\/\/tourtravelandmore.com\/wp-content\/uploads\/2019\/02\/VolubilisMorocco.jpg","datePublished":"2019-02-15T07:48:40+00:00","dateModified":"2021-11-22T10:16:46+00:00","description":"Disfruta este tour privado de d\u00eda completo a Volubilis desde Rabat con chofer y guia local experto. Entradas a los monumentos incluidas \u2705","breadcrumb":{"@id":"https:\/\/tourtravelandmore.com\/es\/tours\/marruecos-es\/meknes-es\/tour-privado-excursion-a-volubilis-desde-meknes\/#breadcrumb"},"inLanguage":"es","potentialAction":[{"@type":"ReadAction","target":["https:\/\/tourtravelandmore.com\/es\/tours\/marruecos-es\/meknes-es\/tour-privado-excursion-a-volubilis-desde-meknes\/"]}]},{"@type":"ImageObject","inLanguage":"es","@id":"https:\/\/tourtravelandmore.com\/es\/tours\/marruecos-es\/meknes-es\/tour-privado-excursion-a-volubilis-desde-meknes\/#primaryimage","url":"https:\/\/tourtravelandmore.com\/wp-content\/uploads\/2019\/02\/VolubilisMorocco.jpg","contentUrl":"https:\/\/tourtravelandmore.com\/wp-content\/uploads\/2019\/02\/VolubilisMorocco.jpg","width":1600,"height":1200},{"@type":"BreadcrumbList","@id":"https:\/\/tourtravelandmore.com\/es\/tours\/marruecos-es\/meknes-es\/tour-privado-excursion-a-volubilis-desde-meknes\/#breadcrumb","itemListElement":[{"@type":"ListItem","position":1,"name":"Home","item":"https:\/\/tourtravelandmore.com\/es\/"},{"@type":"ListItem","position":2,"name":"Tours","item":"https:\/\/tourtravelandmore.com\/es\/tours\/"},{"@type":"ListItem","position":3,"name":"Tour Privado: Excursi\u00f3n a Volubilis desde Meknes"}]},{"@type":"WebSite","@id":"https:\/\/tourtravelandmore.com\/es\/#website","url":"https:\/\/tourtravelandmore.com\/es\/","name":"Tour Travel And More","description":"Private sightseeing tours and luxury transfers in Spain","publisher":{"@id":"https:\/\/tourtravelandmore.com\/es\/#organization"},"potentialAction":[{"@type":"SearchAction","target":{"@type":"EntryPoint","urlTemplate":"https:\/\/tourtravelandmore.com\/es\/?s={search_term_string}"},"query-input":{"@type":"PropertyValueSpecification","valueRequired":true,"valueName":"search_term_string"}}],"inLanguage":"es"},{"@type":"Organization","@id":"https:\/\/tourtravelandmore.com\/es\/#organization","name":"Tour Travel And More","url":"https:\/\/tourtravelandmore.com\/es\/","logo":{"@type":"ImageObject","inLanguage":"es","@id":"https:\/\/tourtravelandmore.com\/es\/#\/schema\/logo\/image\/","url":"https:\/\/tourtravelandmore.com\/wp-content\/uploads\/2022\/12\/cropped-logo-cabecera-new.png","contentUrl":"https:\/\/tourtravelandmore.com\/wp-content\/uploads\/2022\/12\/cropped-logo-cabecera-new.png","width":430,"height":61,"caption":"Tour Travel And More"},"image":{"@id":"https:\/\/tourtravelandmore.com\/es\/#\/schema\/logo\/image\/"},"sameAs":["https:\/\/www.facebook.com\/tourtravelandmore\/","https:\/\/x.com\/TourTravel_More"]}]}},"_links":{"self":[{"href":"https:\/\/tourtravelandmore.com\/es\/wp-json\/wp\/v2\/product\/33075","targetHints":{"allow":["GET"]}}],"collection":[{"href":"https:\/\/tourtravelandmore.com\/es\/wp-json\/wp\/v2\/product"}],"about":[{"href":"https:\/\/tourtravelandmore.com\/es\/wp-json\/wp\/v2\/types\/product"}],"replies":[{"embeddable":true,"href":"https:\/\/tourtravelandmore.com\/es\/wp-json\/wp\/v2\/comments?post=33075"}],"wp:featuredmedia":[{"embeddable":true,"href":"https:\/\/tourtravelandmore.com\/es\/wp-json\/wp\/v2\/media\/33083"}],"wp:attachment":[{"href":"https:\/\/tourtravelandmore.com\/es\/wp-json\/wp\/v2\/media?parent=33075"}],"wp:term":[{"taxonomy":"product_brand","embeddable":true,"href":"https:\/\/tourtravelandmore.com\/es\/wp-json\/wp\/v2\/product_brand?post=33075"},{"taxonomy":"product_cat","embeddable":true,"href":"https:\/\/tourtravelandmore.com\/es\/wp-json\/wp\/v2\/product_cat?post=33075"},{"taxonomy":"product_tag","embeddable":true,"href":"https:\/\/tourtravelandmore.com\/es\/wp-json\/wp\/v2\/product_tag?post=33075"}],"curies":[{"name":"wp","href":"https:\/\/api.w.org\/{rel}","templated":true}]}}