{"id":32989,"date":"2019-02-14T10:03:03","date_gmt":"2019-02-14T09:03:06","guid":{"rendered":"http:\/\/tourtravelandmore.com\/es\/tours\/meknes-es\/tour-privado-excursion-a-volubilis-y-meknes-desde-meknes\/"},"modified":"2021-11-22T11:15:43","modified_gmt":"2021-11-22T10:15:43","slug":"tour-privado-excursion-a-volubilis-y-meknes-desde-meknes","status":"publish","type":"product","link":"https:\/\/tourtravelandmore.com\/es\/tours\/marruecos-es\/meknes-es\/tour-privado-excursion-a-volubilis-y-meknes-desde-meknes\/","title":{"rendered":"Tour Privado a Volubilis y Meknes desde Meknes"},"content":{"rendered":"<h2>Descripci\u00f3n del Tour Privado a Volubilis y Meknes desde Meknes<\/h2>\n<p>Disfrute de esta incre\u00edble experiencia desde la recogida en su hotel o riad en veh\u00edculo privado para comenzar con la primera parada que ser\u00e1 Meknes. Visitar\u00e1 el Mausoleo de Moulay Ismail, donde descansa el sult\u00e1n del siglo XVIII. Tambi\u00e9n podremos disfrutar de los maravillosos establos que albergan a m\u00e1s de 12.000 caballos.<\/p>\n<p>Continuaremos hasta la bulliciosa Place El-Hedim y nuestro gu\u00eda privado nos llevar\u00e1 a trav\u00e9s de los numerosos zocos.<\/p>\n<p>Podremos parar para realizar un almuerzo y continuar hasta la ciudad de Moulay Idriss Zerhoun considerada el lugar religioso m\u00e1s importante de Marruecos. Podremos ver el santuario donde est\u00e1 enterrado Moulay Idriss I.<\/p>\n<p>Para finalizar este tour privado nos aventuraremos en la ciudad de Volubilis y veremos su antiguo asentamiento romano donde admiraremos las puertas, monumentos, callejones y pisos de mosaicos. Disfrute de las vistas panor\u00e1micas sobre las magn\u00edficas monta\u00f1as del Rif desde su punto m\u00e1s alto. Terminaremos con el traslado de vuelta a Meknes en su veh\u00edculo privado.<\/p>\n<p>Disfrute de la flexibilidad de este tour donde podemos centrarnos en lugares que m\u00e1s le interesen.<\/p>\n<h2>Principales puntos de inter\u00e9s durante este tour privado<\/h2>\n<p>El <strong>tour privado<\/strong> comenzar\u00e1 con la recogida en su hotel o riad en vuestro <strong>veh\u00edculo privado con ch\u00f3fer<\/strong> para llegar a la primera parada que ser\u00e1 <strong>Meknes<\/strong>. Su gu\u00eda les llevar\u00e1 por los distintos puntos m\u00e1s emblem\u00e1ticos de esta ciudad donde descubrir\u00e1n a\u00f1os de patrimonio cultural marroqu\u00ed y terminaremos la visita con la impresionante ciudad de <strong>Volubilis<\/strong>.<\/p>\n<p>Durante vuestro tour, podr\u00e9is ver entre otros los siguientes lugares de inter\u00e9s:<\/p>\n<ul>\n<li><strong>Mausoleo de Moulay Ismail<\/strong><\/li>\n<li><strong>Place el-Hedim<\/strong><\/li>\n<li><strong>Monta\u00f1as del Rif<\/strong><\/li>\n<li><strong>Ladera de Moulay Idriss Zerhoun<\/strong><\/li>\n<li><strong>Mucho m\u00e1s!<\/strong><\/li>\n<\/ul>\n<h3>Las Ciudades: Volubilis y Meknes<\/h3>\n<p>Volubilis es una antigua ciudad romana situada en el territorio del actual Marruecos. Su yacimiento arqueol\u00f3gico es posiblemente el yacimiento romano mejor preservado de esta \u00e1rea del norte de \u00c1frica. Fue incluido en la lista del Patrimonio de la Humanidad de Unesco en 1997. Meknes una ciudad del norte de Marruecos ubicada al pie de las monta\u00f1as del Atlas Medio. Se encuentra en medio de un valle verde. Es una de las cuatro ciudades imperiales de Marruecos.<\/p>\n<h3>Nuestros Tours Privados en Tour Travel &amp; More<\/h3>\n<p>Ofrecemos a nuestros clientes tours privados para familias, amigos e incluso para incentivos o grupos grandes. Entendemos las necesidades de los viajeros mientras est\u00e1n de vacaciones, y hacemos todo lo posible para que su estancia sea inolvidable. Nuestra flota se compone de veh\u00edculos de lujo y nuestro personal es perfectamente multiling\u00fce. Nuestros gu\u00edas hablan varios idiomas: Ingl\u00e9s, Espa\u00f1ol, Franc\u00e9s, Italiano, Polaco, Holand\u00e9s, Chino, Ruso, Japon\u00e9s, Alem\u00e1n, Griego y Portugu\u00e9s.<\/p>\n","protected":false},"excerpt":{"rendered":"<p>Disfrute de las incre\u00edbles ciudades de <strong>Volubilis y Meknes<\/strong>, conocidas por sus antiguos vi\u00f1edos y olivares. Con su gu\u00eda privado disfrutar\u00e1 de las <strong>llanuras de Saiss<\/strong> y de los numerosos zocos del casco antiguo. Podremos admirar sus famosas ruinas declaradas <strong>Patrimonio de la Humanidad por la UNESCO<\/strong>. La recogida ser\u00e1 en el lugar que elijas en <strong>Meknes<\/strong>.<\/p>\n","protected":false},"featured_media":31974,"comment_status":"open","ping_status":"closed","template":"","meta":{"_acf_changed":false},"product_brand":[],"product_cat":[1610,1136,1137,1138],"product_tag":[],"class_list":{"0":"post-32989","1":"product","2":"type-product","3":"status-publish","4":"has-post-thumbnail","6":"product_cat-marruecos-es","7":"product_cat-meknes-es","8":"product_cat-meknes-excursiones-es","9":"product_cat-meknes-actividades-es","11":"first","12":"instock","13":"shipping-taxable","14":"purchasable","15":"product-type-simple"},"acf":[],"yoast_head":"<!-- This site is optimized with the Yoast SEO Premium plugin v25.3.1 (Yoast SEO v25.3.1) - https:\/\/yoast.com\/wordpress\/plugins\/seo\/ -->\n<title>Tour Privado de d\u00eda completo a Volubilis y Meknes con gu\u00eda privado | TTM<\/title>\n<meta name=\"description\" content=\"Disfruta este tour privado de d\u00eda completo a Volubilis y Meknes desde Rabat con chofer y guia local experto. Entradas a los monumentos incluidas \u2705\" \/>\n<meta name=\"robots\" content=\"index, follow, max-snippet:-1, max-image-preview:large, max-video-preview:-1\" \/>\n<link rel=\"canonical\" href=\"https:\/\/tourtravelandmore.com\/es\/tours\/marruecos-es\/meknes-es\/tour-privado-excursion-a-volubilis-y-meknes-desde-meknes\/\" \/>\n<meta property=\"og:locale\" content=\"es_ES\" \/>\n<meta property=\"og:type\" content=\"article\" \/>\n<meta property=\"og:title\" content=\"Tour Privado a Volubilis y Meknes desde Meknes\" \/>\n<meta property=\"og:description\" content=\"Disfruta este tour privado de d\u00eda completo a Volubilis y Meknes desde Rabat con chofer y guia local experto. Entradas a los monumentos incluidas \u2705\" \/>\n<meta property=\"og:url\" content=\"https:\/\/tourtravelandmore.com\/es\/tours\/marruecos-es\/meknes-es\/tour-privado-excursion-a-volubilis-y-meknes-desde-meknes\/\" \/>\n<meta property=\"og:site_name\" content=\"Tour Travel And More\" \/>\n<meta property=\"article:publisher\" content=\"https:\/\/www.facebook.com\/tourtravelandmore\/\" \/>\n<meta property=\"article:modified_time\" content=\"2021-11-22T10:15:43+00:00\" \/>\n<meta property=\"og:image\" content=\"https:\/\/tourtravelandmore.com\/wp-content\/uploads\/2019\/01\/\u0633\u0627\u062d\u0629_\u0627\u0644\u0647\u062f\u064a\u0645_\u0628\u0645\u0643\u0646\u0627\u0633_Place_elHedim_Meknes.jpg\" \/>\n\t<meta property=\"og:image:width\" content=\"750\" \/>\n\t<meta property=\"og:image:height\" content=\"752\" \/>\n\t<meta property=\"og:image:type\" content=\"image\/jpeg\" \/>\n<meta name=\"twitter:card\" content=\"summary_large_image\" \/>\n<meta name=\"twitter:site\" content=\"@TourTravel_More\" \/>\n<meta name=\"twitter:label1\" content=\"Tiempo de lectura\" \/>\n\t<meta name=\"twitter:data1\" content=\"2 minutos\" \/>\n<script type=\"application\/ld+json\" class=\"yoast-schema-graph\">{\"@context\":\"https:\/\/schema.org\",\"@graph\":[{\"@type\":\"WebPage\",\"@id\":\"https:\/\/tourtravelandmore.com\/es\/tours\/marruecos-es\/meknes-es\/tour-privado-excursion-a-volubilis-y-meknes-desde-meknes\/\",\"url\":\"https:\/\/tourtravelandmore.com\/es\/tours\/marruecos-es\/meknes-es\/tour-privado-excursion-a-volubilis-y-meknes-desde-meknes\/\",\"name\":\"Tour Privado de d\u00eda completo a Volubilis y Meknes con gu\u00eda privado | TTM\",\"isPartOf\":{\"@id\":\"https:\/\/tourtravelandmore.com\/es\/#website\"},\"primaryImageOfPage\":{\"@id\":\"https:\/\/tourtravelandmore.com\/es\/tours\/marruecos-es\/meknes-es\/tour-privado-excursion-a-volubilis-y-meknes-desde-meknes\/#primaryimage\"},\"image\":{\"@id\":\"https:\/\/tourtravelandmore.com\/es\/tours\/marruecos-es\/meknes-es\/tour-privado-excursion-a-volubilis-y-meknes-desde-meknes\/#primaryimage\"},\"thumbnailUrl\":\"https:\/\/tourtravelandmore.com\/wp-content\/uploads\/2019\/01\/\u0633\u0627\u062d\u0629_\u0627\u0644\u0647\u062f\u064a\u0645_\u0628\u0645\u0643\u0646\u0627\u0633_Place_elHedim_Meknes.jpg\",\"datePublished\":\"2019-02-14T09:03:06+00:00\",\"dateModified\":\"2021-11-22T10:15:43+00:00\",\"description\":\"Disfruta este tour privado de d\u00eda completo a Volubilis y Meknes desde Rabat con chofer y guia local experto. Entradas a los monumentos incluidas \u2705\",\"breadcrumb\":{\"@id\":\"https:\/\/tourtravelandmore.com\/es\/tours\/marruecos-es\/meknes-es\/tour-privado-excursion-a-volubilis-y-meknes-desde-meknes\/#breadcrumb\"},\"inLanguage\":\"es\",\"potentialAction\":[{\"@type\":\"ReadAction\",\"target\":[\"https:\/\/tourtravelandmore.com\/es\/tours\/marruecos-es\/meknes-es\/tour-privado-excursion-a-volubilis-y-meknes-desde-meknes\/\"]}]},{\"@type\":\"ImageObject\",\"inLanguage\":\"es\",\"@id\":\"https:\/\/tourtravelandmore.com\/es\/tours\/marruecos-es\/meknes-es\/tour-privado-excursion-a-volubilis-y-meknes-desde-meknes\/#primaryimage\",\"url\":\"https:\/\/tourtravelandmore.com\/wp-content\/uploads\/2019\/01\/\u0633\u0627\u062d\u0629_\u0627\u0644\u0647\u062f\u064a\u0645_\u0628\u0645\u0643\u0646\u0627\u0633_Place_elHedim_Meknes.jpg\",\"contentUrl\":\"https:\/\/tourtravelandmore.com\/wp-content\/uploads\/2019\/01\/\u0633\u0627\u062d\u0629_\u0627\u0644\u0647\u062f\u064a\u0645_\u0628\u0645\u0643\u0646\u0627\u0633_Place_elHedim_Meknes.jpg\",\"width\":750,\"height\":752},{\"@type\":\"BreadcrumbList\",\"@id\":\"https:\/\/tourtravelandmore.com\/es\/tours\/marruecos-es\/meknes-es\/tour-privado-excursion-a-volubilis-y-meknes-desde-meknes\/#breadcrumb\",\"itemListElement\":[{\"@type\":\"ListItem\",\"position\":1,\"name\":\"Home\",\"item\":\"https:\/\/tourtravelandmore.com\/es\/\"},{\"@type\":\"ListItem\",\"position\":2,\"name\":\"Tours\",\"item\":\"https:\/\/tourtravelandmore.com\/es\/tours\/\"},{\"@type\":\"ListItem\",\"position\":3,\"name\":\"Tour Privado a Volubilis y Meknes desde Meknes\"}]},{\"@type\":\"WebSite\",\"@id\":\"https:\/\/tourtravelandmore.com\/es\/#website\",\"url\":\"https:\/\/tourtravelandmore.com\/es\/\",\"name\":\"Tour Travel And More\",\"description\":\"Private sightseeing tours and luxury transfers in Spain\",\"publisher\":{\"@id\":\"https:\/\/tourtravelandmore.com\/es\/#organization\"},\"potentialAction\":[{\"@type\":\"SearchAction\",\"target\":{\"@type\":\"EntryPoint\",\"urlTemplate\":\"https:\/\/tourtravelandmore.com\/es\/?s={search_term_string}\"},\"query-input\":{\"@type\":\"PropertyValueSpecification\",\"valueRequired\":true,\"valueName\":\"search_term_string\"}}],\"inLanguage\":\"es\"},{\"@type\":\"Organization\",\"@id\":\"https:\/\/tourtravelandmore.com\/es\/#organization\",\"name\":\"Tour Travel And More\",\"url\":\"https:\/\/tourtravelandmore.com\/es\/\",\"logo\":{\"@type\":\"ImageObject\",\"inLanguage\":\"es\",\"@id\":\"https:\/\/tourtravelandmore.com\/es\/#\/schema\/logo\/image\/\",\"url\":\"https:\/\/tourtravelandmore.com\/wp-content\/uploads\/2022\/12\/cropped-logo-cabecera-new.png\",\"contentUrl\":\"https:\/\/tourtravelandmore.com\/wp-content\/uploads\/2022\/12\/cropped-logo-cabecera-new.png\",\"width\":430,\"height\":61,\"caption\":\"Tour Travel And More\"},\"image\":{\"@id\":\"https:\/\/tourtravelandmore.com\/es\/#\/schema\/logo\/image\/\"},\"sameAs\":[\"https:\/\/www.facebook.com\/tourtravelandmore\/\",\"https:\/\/x.com\/TourTravel_More\"]}]}<\/script>\n<!-- \/ Yoast SEO Premium plugin. -->","yoast_head_json":{"title":"Tour Privado de d\u00eda completo a Volubilis y Meknes con gu\u00eda privado | TTM","description":"Disfruta este tour privado de d\u00eda completo a Volubilis y Meknes desde Rabat con chofer y guia local experto. Entradas a los monumentos incluidas \u2705","robots":{"index":"index","follow":"follow","max-snippet":"max-snippet:-1","max-image-preview":"max-image-preview:large","max-video-preview":"max-video-preview:-1"},"canonical":"https:\/\/tourtravelandmore.com\/es\/tours\/marruecos-es\/meknes-es\/tour-privado-excursion-a-volubilis-y-meknes-desde-meknes\/","og_locale":"es_ES","og_type":"article","og_title":"Tour Privado a Volubilis y Meknes desde Meknes","og_description":"Disfruta este tour privado de d\u00eda completo a Volubilis y Meknes desde Rabat con chofer y guia local experto. Entradas a los monumentos incluidas \u2705","og_url":"https:\/\/tourtravelandmore.com\/es\/tours\/marruecos-es\/meknes-es\/tour-privado-excursion-a-volubilis-y-meknes-desde-meknes\/","og_site_name":"Tour Travel And More","article_publisher":"https:\/\/www.facebook.com\/tourtravelandmore\/","article_modified_time":"2021-11-22T10:15:43+00:00","og_image":[{"width":750,"height":752,"url":"https:\/\/tourtravelandmore.com\/wp-content\/uploads\/2019\/01\/\u0633\u0627\u062d\u0629_\u0627\u0644\u0647\u062f\u064a\u0645_\u0628\u0645\u0643\u0646\u0627\u0633_Place_elHedim_Meknes.jpg","type":"image\/jpeg"}],"twitter_card":"summary_large_image","twitter_site":"@TourTravel_More","twitter_misc":{"Tiempo de lectura":"2 minutos"},"schema":{"@context":"https:\/\/schema.org","@graph":[{"@type":"WebPage","@id":"https:\/\/tourtravelandmore.com\/es\/tours\/marruecos-es\/meknes-es\/tour-privado-excursion-a-volubilis-y-meknes-desde-meknes\/","url":"https:\/\/tourtravelandmore.com\/es\/tours\/marruecos-es\/meknes-es\/tour-privado-excursion-a-volubilis-y-meknes-desde-meknes\/","name":"Tour Privado de d\u00eda completo a Volubilis y Meknes con gu\u00eda privado | TTM","isPartOf":{"@id":"https:\/\/tourtravelandmore.com\/es\/#website"},"primaryImageOfPage":{"@id":"https:\/\/tourtravelandmore.com\/es\/tours\/marruecos-es\/meknes-es\/tour-privado-excursion-a-volubilis-y-meknes-desde-meknes\/#primaryimage"},"image":{"@id":"https:\/\/tourtravelandmore.com\/es\/tours\/marruecos-es\/meknes-es\/tour-privado-excursion-a-volubilis-y-meknes-desde-meknes\/#primaryimage"},"thumbnailUrl":"https:\/\/tourtravelandmore.com\/wp-content\/uploads\/2019\/01\/\u0633\u0627\u062d\u0629_\u0627\u0644\u0647\u062f\u064a\u0645_\u0628\u0645\u0643\u0646\u0627\u0633_Place_elHedim_Meknes.jpg","datePublished":"2019-02-14T09:03:06+00:00","dateModified":"2021-11-22T10:15:43+00:00","description":"Disfruta este tour privado de d\u00eda completo a Volubilis y Meknes desde Rabat con chofer y guia local experto. Entradas a los monumentos incluidas \u2705","breadcrumb":{"@id":"https:\/\/tourtravelandmore.com\/es\/tours\/marruecos-es\/meknes-es\/tour-privado-excursion-a-volubilis-y-meknes-desde-meknes\/#breadcrumb"},"inLanguage":"es","potentialAction":[{"@type":"ReadAction","target":["https:\/\/tourtravelandmore.com\/es\/tours\/marruecos-es\/meknes-es\/tour-privado-excursion-a-volubilis-y-meknes-desde-meknes\/"]}]},{"@type":"ImageObject","inLanguage":"es","@id":"https:\/\/tourtravelandmore.com\/es\/tours\/marruecos-es\/meknes-es\/tour-privado-excursion-a-volubilis-y-meknes-desde-meknes\/#primaryimage","url":"https:\/\/tourtravelandmore.com\/wp-content\/uploads\/2019\/01\/\u0633\u0627\u062d\u0629_\u0627\u0644\u0647\u062f\u064a\u0645_\u0628\u0645\u0643\u0646\u0627\u0633_Place_elHedim_Meknes.jpg","contentUrl":"https:\/\/tourtravelandmore.com\/wp-content\/uploads\/2019\/01\/\u0633\u0627\u062d\u0629_\u0627\u0644\u0647\u062f\u064a\u0645_\u0628\u0645\u0643\u0646\u0627\u0633_Place_elHedim_Meknes.jpg","width":750,"height":752},{"@type":"BreadcrumbList","@id":"https:\/\/tourtravelandmore.com\/es\/tours\/marruecos-es\/meknes-es\/tour-privado-excursion-a-volubilis-y-meknes-desde-meknes\/#breadcrumb","itemListElement":[{"@type":"ListItem","position":1,"name":"Home","item":"https:\/\/tourtravelandmore.com\/es\/"},{"@type":"ListItem","position":2,"name":"Tours","item":"https:\/\/tourtravelandmore.com\/es\/tours\/"},{"@type":"ListItem","position":3,"name":"Tour Privado a Volubilis y Meknes desde Meknes"}]},{"@type":"WebSite","@id":"https:\/\/tourtravelandmore.com\/es\/#website","url":"https:\/\/tourtravelandmore.com\/es\/","name":"Tour Travel And More","description":"Private sightseeing tours and luxury transfers in Spain","publisher":{"@id":"https:\/\/tourtravelandmore.com\/es\/#organization"},"potentialAction":[{"@type":"SearchAction","target":{"@type":"EntryPoint","urlTemplate":"https:\/\/tourtravelandmore.com\/es\/?s={search_term_string}"},"query-input":{"@type":"PropertyValueSpecification","valueRequired":true,"valueName":"search_term_string"}}],"inLanguage":"es"},{"@type":"Organization","@id":"https:\/\/tourtravelandmore.com\/es\/#organization","name":"Tour Travel And More","url":"https:\/\/tourtravelandmore.com\/es\/","logo":{"@type":"ImageObject","inLanguage":"es","@id":"https:\/\/tourtravelandmore.com\/es\/#\/schema\/logo\/image\/","url":"https:\/\/tourtravelandmore.com\/wp-content\/uploads\/2022\/12\/cropped-logo-cabecera-new.png","contentUrl":"https:\/\/tourtravelandmore.com\/wp-content\/uploads\/2022\/12\/cropped-logo-cabecera-new.png","width":430,"height":61,"caption":"Tour Travel And More"},"image":{"@id":"https:\/\/tourtravelandmore.com\/es\/#\/schema\/logo\/image\/"},"sameAs":["https:\/\/www.facebook.com\/tourtravelandmore\/","https:\/\/x.com\/TourTravel_More"]}]}},"_links":{"self":[{"href":"https:\/\/tourtravelandmore.com\/es\/wp-json\/wp\/v2\/product\/32989","targetHints":{"allow":["GET"]}}],"collection":[{"href":"https:\/\/tourtravelandmore.com\/es\/wp-json\/wp\/v2\/product"}],"about":[{"href":"https:\/\/tourtravelandmore.com\/es\/wp-json\/wp\/v2\/types\/product"}],"replies":[{"embeddable":true,"href":"https:\/\/tourtravelandmore.com\/es\/wp-json\/wp\/v2\/comments?post=32989"}],"wp:featuredmedia":[{"embeddable":true,"href":"https:\/\/tourtravelandmore.com\/es\/wp-json\/wp\/v2\/media\/31974"}],"wp:attachment":[{"href":"https:\/\/tourtravelandmore.com\/es\/wp-json\/wp\/v2\/media?parent=32989"}],"wp:term":[{"taxonomy":"product_brand","embeddable":true,"href":"https:\/\/tourtravelandmore.com\/es\/wp-json\/wp\/v2\/product_brand?post=32989"},{"taxonomy":"product_cat","embeddable":true,"href":"https:\/\/tourtravelandmore.com\/es\/wp-json\/wp\/v2\/product_cat?post=32989"},{"taxonomy":"product_tag","embeddable":true,"href":"https:\/\/tourtravelandmore.com\/es\/wp-json\/wp\/v2\/product_tag?post=32989"}],"curies":[{"name":"wp","href":"https:\/\/api.w.org\/{rel}","templated":true}]}}