{"id":32898,"date":"2019-02-13T12:35:38","date_gmt":"2019-02-13T11:35:41","guid":{"rendered":"http:\/\/tourtravelandmore.com\/es\/tours\/uncategorized\/fez-tour-privado-de-dia-completo\/"},"modified":"2021-12-13T13:19:06","modified_gmt":"2021-12-13T12:19:06","slug":"fez-tour-privado-de-dia-completo","status":"publish","type":"product","link":"https:\/\/tourtravelandmore.com\/es\/tours\/marruecos-es\/rabat-es\/fez-tour-privado-de-dia-completo\/","title":{"rendered":"Tour Privado a Fez y Meknes desde Rabat"},"content":{"rendered":"<h2>Descripci\u00f3n del Tour Privado a Fez y Meknes desde Rabat<\/h2>\n<p>Disfrute de esta experiencia \u00fanica donde podr\u00e1 combinar explorar la ciudad tanto en veh\u00edculo privado como a pie por las calles de la medina de Meknes. Visitar\u00e1 el Mausoleo de Moulay Ismail, donde descansa el sult\u00e1n del siglo XVIII. Tambi\u00e9n podremos disfrutar de los maravillosos establos que albergan a m\u00e1s de 12.000 caballos. Continuaremos hasta la bulliciosa Place El-Hedim y nuestro gu\u00eda privado nos llevar\u00e1 a trav\u00e9s de los numerosos zocos. Continuarremos hasta la ciudad de Moulay Idriss Zerhoun considerada el lugar religioso m\u00e1s importante de Marruecos. Podremos ver el santuario donde est\u00e1 enterrado Moulay Idriss I.<\/p>\n<p>Haremos una parada comer y continuaremos a Fez. Donde podr\u00e1 conocer la historia y la cultura de una de las cuatro ciudades imperiales empezando con la visita del incre\u00edble Borj sud construido por el Sult\u00e1n Ahmed al-Mansu.<\/p>\n<p>Descubra las numerosas mezquitas y los diversos zocos. Disfrute de los n\u00fameros mercados culinarios y calles llenas de tiendas de diferentes productos entre ellos artesanales que podr\u00e1 observar en profundidad en el Museo Nejjarine de Artes y Artesan\u00edas de Madera. Una de las paradas obligatorias de esta excursi\u00f3n de d\u00eda completo a Fez es parar en los incre\u00edbles jardines de Jnan Sbil (anteriormente jardines de Bou Jeloud) situados justo en medio de las dos medinas, una de las zonas m\u00e1s verdes de la ciudad. Podr\u00e1 disfrutar de madrasas legendarias y caravasares ocultos.<\/p>\n<h2>Principales puntos de inter\u00e9s durante este tour privado<\/h2>\n<p>El <strong>tour privado<\/strong> comenzar\u00e1 con la recogida en su hotel o riad en <strong>veh\u00edculo privado con ch\u00f3fer<\/strong> donde haremos diferentes paradas en los lugares m\u00e1s incre\u00edbles de estas ciudadades para despu\u00e9s explorar a pie con su gu\u00eda privado los distintos puntos m\u00e1s emblem\u00e1ticos de la medina y aventurarse en la mayor zona peatonal del planeta.<\/p>\n<p>Durante vuestro tour, podr\u00e9is ver entre otros los siguientes lugares de inter\u00e9s:<\/p>\n<ul>\n<li><strong>Palacio Real de Fez<\/strong><\/li>\n<li><strong>Barrio Jud\u00edo de Fez (Mellah)<\/strong><\/li>\n<li><strong>Borj Nord y Museo de las Armas (incre\u00edbles vistas de Fez)<\/strong><\/li>\n<li><strong>Universidad de al-Karaouine<\/strong><\/li>\n<li><strong>Tumbas Merinies<\/strong><\/li>\n<li><strong>Mucho m\u00e1s!<\/strong><\/li>\n<\/ul>\n<h3>Las Ciudades: Fez y Meknes<\/h3>\n<p>Es la tercera ciudad de Marruecos, despu\u00e9s de Casablanca y Rabat. Es una de las cuatro ciudades imperiales y en Marruecos la consideran como el centro cultural y religioso del pa\u00eds. La medina de Fez (mayor zona peatonal del mundo) fue declarada Patrimonio de la Humanidad por la Unesco en 1981. Meknes una ciudad del norte de Marruecos ubicada al pie de las monta\u00f1as del Atlas Medio. Se encuentra en medio de un valle verde. Es una de las cuatro ciudades imperiales de Marruecos.<\/p>\n<h2>Nuestros Tours Privados en Tour Travel &amp; More<\/h2>\n<p>Ofrecemos a nuestros clientes tours privados para familias, amigos e incluso para incentivos o grupos grandes. Entendemos las necesidades de los viajeros mientras est\u00e1n de vacaciones, y hacemos todo lo posible para que su estancia sea inolvidable. Nuestra flota se compone de veh\u00edculos de lujo y nuestro personal es perfectamente multiling\u00fce. Nuestros gu\u00edas hablan varios idiomas:<em> Ingl\u00e9s, Espa\u00f1ol, Franc\u00e9s, Italiano, Polaco, Holand\u00e9s, Chino, Ruso, Japon\u00e9s, Alem\u00e1n, Griego y Portugu\u00e9s.<\/em><\/p>\n","protected":false},"excerpt":{"rendered":"<p>Avent\u00farese en este<strong> tour privado de d\u00eda completo<\/strong> para conocer las bellas ciudades de <strong>Fez<\/strong> y <strong>Meknes<\/strong> desde la comodidad de un veh\u00edculo privado de lujo con chofer. Adem\u00e1s, contara con un gu\u00eda oficial local que lo llevar\u00e1 a recorrer las magnificas calles, monumentos y lugares m\u00e1s importantes y destacados de cada lugar.<\/p>\n<p>&nbsp;<\/p>\n","protected":false},"featured_media":32904,"comment_status":"open","ping_status":"closed","template":"","meta":{"_acf_changed":false},"product_brand":[],"product_cat":[1610,1124,1125,1126],"product_tag":[],"class_list":{"0":"post-32898","1":"product","2":"type-product","3":"status-publish","4":"has-post-thumbnail","6":"product_cat-marruecos-es","7":"product_cat-rabat-es","8":"product_cat-rabat-excursiones-es","9":"product_cat-rabat-actividades-es","11":"first","12":"instock","13":"shipping-taxable","14":"purchasable","15":"product-type-simple"},"acf":[],"yoast_head":"<!-- This site is optimized with the Yoast SEO Premium plugin v25.3.1 (Yoast SEO v25.3.1) - https:\/\/yoast.com\/wordpress\/plugins\/seo\/ -->\n<title>Tour Privado de dia completo de Fez y Meknes con guia oficial | TTM<\/title>\n<meta name=\"description\" content=\"Disfruta este tour privado de d\u00eda completo en Fez y Meknes con gu\u00eda oficial. Entradas incluidas a los monumentos m\u00e1s emblem\u00e1ticos de la ciudad \u2705\" \/>\n<meta name=\"robots\" content=\"index, follow, max-snippet:-1, max-image-preview:large, max-video-preview:-1\" \/>\n<link rel=\"canonical\" href=\"https:\/\/tourtravelandmore.com\/es\/tours\/marruecos-es\/rabat-es\/fez-tour-privado-de-dia-completo\/\" \/>\n<meta property=\"og:locale\" content=\"es_ES\" \/>\n<meta property=\"og:type\" content=\"article\" \/>\n<meta property=\"og:title\" content=\"Tour Privado a Fez y Meknes desde Rabat\" \/>\n<meta property=\"og:description\" content=\"Disfruta este tour privado de d\u00eda completo en Fez y Meknes con gu\u00eda oficial. Entradas incluidas a los monumentos m\u00e1s emblem\u00e1ticos de la ciudad \u2705\" \/>\n<meta property=\"og:url\" content=\"https:\/\/tourtravelandmore.com\/es\/tours\/marruecos-es\/rabat-es\/fez-tour-privado-de-dia-completo\/\" \/>\n<meta property=\"og:site_name\" content=\"Tour Travel And More\" \/>\n<meta property=\"article:publisher\" content=\"https:\/\/www.facebook.com\/tourtravelandmore\/\" \/>\n<meta property=\"article:modified_time\" content=\"2021-12-13T12:19:06+00:00\" \/>\n<meta property=\"og:image\" content=\"https:\/\/tourtravelandmore.com\/wp-content\/uploads\/2019\/02\/24401380051_4fb0e9a3bb_b-meknes-1.jpg\" \/>\n\t<meta property=\"og:image:width\" content=\"1024\" \/>\n\t<meta property=\"og:image:height\" content=\"768\" \/>\n\t<meta property=\"og:image:type\" content=\"image\/jpeg\" \/>\n<meta name=\"twitter:card\" content=\"summary_large_image\" \/>\n<meta name=\"twitter:site\" content=\"@TourTravel_More\" \/>\n<meta name=\"twitter:label1\" content=\"Tiempo de lectura\" \/>\n\t<meta name=\"twitter:data1\" content=\"3 minutos\" \/>\n<script type=\"application\/ld+json\" class=\"yoast-schema-graph\">{\"@context\":\"https:\/\/schema.org\",\"@graph\":[{\"@type\":\"WebPage\",\"@id\":\"https:\/\/tourtravelandmore.com\/es\/tours\/marruecos-es\/rabat-es\/fez-tour-privado-de-dia-completo\/\",\"url\":\"https:\/\/tourtravelandmore.com\/es\/tours\/marruecos-es\/rabat-es\/fez-tour-privado-de-dia-completo\/\",\"name\":\"Tour Privado de dia completo de Fez y Meknes con guia oficial | TTM\",\"isPartOf\":{\"@id\":\"https:\/\/tourtravelandmore.com\/es\/#website\"},\"primaryImageOfPage\":{\"@id\":\"https:\/\/tourtravelandmore.com\/es\/tours\/marruecos-es\/rabat-es\/fez-tour-privado-de-dia-completo\/#primaryimage\"},\"image\":{\"@id\":\"https:\/\/tourtravelandmore.com\/es\/tours\/marruecos-es\/rabat-es\/fez-tour-privado-de-dia-completo\/#primaryimage\"},\"thumbnailUrl\":\"https:\/\/tourtravelandmore.com\/wp-content\/uploads\/2019\/02\/24401380051_4fb0e9a3bb_b-meknes-1.jpg\",\"datePublished\":\"2019-02-13T11:35:41+00:00\",\"dateModified\":\"2021-12-13T12:19:06+00:00\",\"description\":\"Disfruta este tour privado de d\u00eda completo en Fez y Meknes con gu\u00eda oficial. Entradas incluidas a los monumentos m\u00e1s emblem\u00e1ticos de la ciudad \u2705\",\"breadcrumb\":{\"@id\":\"https:\/\/tourtravelandmore.com\/es\/tours\/marruecos-es\/rabat-es\/fez-tour-privado-de-dia-completo\/#breadcrumb\"},\"inLanguage\":\"es\",\"potentialAction\":[{\"@type\":\"ReadAction\",\"target\":[\"https:\/\/tourtravelandmore.com\/es\/tours\/marruecos-es\/rabat-es\/fez-tour-privado-de-dia-completo\/\"]}]},{\"@type\":\"ImageObject\",\"inLanguage\":\"es\",\"@id\":\"https:\/\/tourtravelandmore.com\/es\/tours\/marruecos-es\/rabat-es\/fez-tour-privado-de-dia-completo\/#primaryimage\",\"url\":\"https:\/\/tourtravelandmore.com\/wp-content\/uploads\/2019\/02\/24401380051_4fb0e9a3bb_b-meknes-1.jpg\",\"contentUrl\":\"https:\/\/tourtravelandmore.com\/wp-content\/uploads\/2019\/02\/24401380051_4fb0e9a3bb_b-meknes-1.jpg\",\"width\":1024,\"height\":768},{\"@type\":\"BreadcrumbList\",\"@id\":\"https:\/\/tourtravelandmore.com\/es\/tours\/marruecos-es\/rabat-es\/fez-tour-privado-de-dia-completo\/#breadcrumb\",\"itemListElement\":[{\"@type\":\"ListItem\",\"position\":1,\"name\":\"Home\",\"item\":\"https:\/\/tourtravelandmore.com\/es\/\"},{\"@type\":\"ListItem\",\"position\":2,\"name\":\"Tours\",\"item\":\"https:\/\/tourtravelandmore.com\/es\/tours\/\"},{\"@type\":\"ListItem\",\"position\":3,\"name\":\"Tour Privado a Fez y Meknes desde Rabat\"}]},{\"@type\":\"WebSite\",\"@id\":\"https:\/\/tourtravelandmore.com\/es\/#website\",\"url\":\"https:\/\/tourtravelandmore.com\/es\/\",\"name\":\"Tour Travel And More\",\"description\":\"Private sightseeing tours and luxury transfers in Spain\",\"publisher\":{\"@id\":\"https:\/\/tourtravelandmore.com\/es\/#organization\"},\"potentialAction\":[{\"@type\":\"SearchAction\",\"target\":{\"@type\":\"EntryPoint\",\"urlTemplate\":\"https:\/\/tourtravelandmore.com\/es\/?s={search_term_string}\"},\"query-input\":{\"@type\":\"PropertyValueSpecification\",\"valueRequired\":true,\"valueName\":\"search_term_string\"}}],\"inLanguage\":\"es\"},{\"@type\":\"Organization\",\"@id\":\"https:\/\/tourtravelandmore.com\/es\/#organization\",\"name\":\"Tour Travel And More\",\"url\":\"https:\/\/tourtravelandmore.com\/es\/\",\"logo\":{\"@type\":\"ImageObject\",\"inLanguage\":\"es\",\"@id\":\"https:\/\/tourtravelandmore.com\/es\/#\/schema\/logo\/image\/\",\"url\":\"https:\/\/tourtravelandmore.com\/wp-content\/uploads\/2022\/12\/cropped-logo-cabecera-new.png\",\"contentUrl\":\"https:\/\/tourtravelandmore.com\/wp-content\/uploads\/2022\/12\/cropped-logo-cabecera-new.png\",\"width\":430,\"height\":61,\"caption\":\"Tour Travel And More\"},\"image\":{\"@id\":\"https:\/\/tourtravelandmore.com\/es\/#\/schema\/logo\/image\/\"},\"sameAs\":[\"https:\/\/www.facebook.com\/tourtravelandmore\/\",\"https:\/\/x.com\/TourTravel_More\"]}]}<\/script>\n<!-- \/ Yoast SEO Premium plugin. -->","yoast_head_json":{"title":"Tour Privado de dia completo de Fez y Meknes con guia oficial | TTM","description":"Disfruta este tour privado de d\u00eda completo en Fez y Meknes con gu\u00eda oficial. Entradas incluidas a los monumentos m\u00e1s emblem\u00e1ticos de la ciudad \u2705","robots":{"index":"index","follow":"follow","max-snippet":"max-snippet:-1","max-image-preview":"max-image-preview:large","max-video-preview":"max-video-preview:-1"},"canonical":"https:\/\/tourtravelandmore.com\/es\/tours\/marruecos-es\/rabat-es\/fez-tour-privado-de-dia-completo\/","og_locale":"es_ES","og_type":"article","og_title":"Tour Privado a Fez y Meknes desde Rabat","og_description":"Disfruta este tour privado de d\u00eda completo en Fez y Meknes con gu\u00eda oficial. Entradas incluidas a los monumentos m\u00e1s emblem\u00e1ticos de la ciudad \u2705","og_url":"https:\/\/tourtravelandmore.com\/es\/tours\/marruecos-es\/rabat-es\/fez-tour-privado-de-dia-completo\/","og_site_name":"Tour Travel And More","article_publisher":"https:\/\/www.facebook.com\/tourtravelandmore\/","article_modified_time":"2021-12-13T12:19:06+00:00","og_image":[{"width":1024,"height":768,"url":"https:\/\/tourtravelandmore.com\/wp-content\/uploads\/2019\/02\/24401380051_4fb0e9a3bb_b-meknes-1.jpg","type":"image\/jpeg"}],"twitter_card":"summary_large_image","twitter_site":"@TourTravel_More","twitter_misc":{"Tiempo de lectura":"3 minutos"},"schema":{"@context":"https:\/\/schema.org","@graph":[{"@type":"WebPage","@id":"https:\/\/tourtravelandmore.com\/es\/tours\/marruecos-es\/rabat-es\/fez-tour-privado-de-dia-completo\/","url":"https:\/\/tourtravelandmore.com\/es\/tours\/marruecos-es\/rabat-es\/fez-tour-privado-de-dia-completo\/","name":"Tour Privado de dia completo de Fez y Meknes con guia oficial | TTM","isPartOf":{"@id":"https:\/\/tourtravelandmore.com\/es\/#website"},"primaryImageOfPage":{"@id":"https:\/\/tourtravelandmore.com\/es\/tours\/marruecos-es\/rabat-es\/fez-tour-privado-de-dia-completo\/#primaryimage"},"image":{"@id":"https:\/\/tourtravelandmore.com\/es\/tours\/marruecos-es\/rabat-es\/fez-tour-privado-de-dia-completo\/#primaryimage"},"thumbnailUrl":"https:\/\/tourtravelandmore.com\/wp-content\/uploads\/2019\/02\/24401380051_4fb0e9a3bb_b-meknes-1.jpg","datePublished":"2019-02-13T11:35:41+00:00","dateModified":"2021-12-13T12:19:06+00:00","description":"Disfruta este tour privado de d\u00eda completo en Fez y Meknes con gu\u00eda oficial. Entradas incluidas a los monumentos m\u00e1s emblem\u00e1ticos de la ciudad \u2705","breadcrumb":{"@id":"https:\/\/tourtravelandmore.com\/es\/tours\/marruecos-es\/rabat-es\/fez-tour-privado-de-dia-completo\/#breadcrumb"},"inLanguage":"es","potentialAction":[{"@type":"ReadAction","target":["https:\/\/tourtravelandmore.com\/es\/tours\/marruecos-es\/rabat-es\/fez-tour-privado-de-dia-completo\/"]}]},{"@type":"ImageObject","inLanguage":"es","@id":"https:\/\/tourtravelandmore.com\/es\/tours\/marruecos-es\/rabat-es\/fez-tour-privado-de-dia-completo\/#primaryimage","url":"https:\/\/tourtravelandmore.com\/wp-content\/uploads\/2019\/02\/24401380051_4fb0e9a3bb_b-meknes-1.jpg","contentUrl":"https:\/\/tourtravelandmore.com\/wp-content\/uploads\/2019\/02\/24401380051_4fb0e9a3bb_b-meknes-1.jpg","width":1024,"height":768},{"@type":"BreadcrumbList","@id":"https:\/\/tourtravelandmore.com\/es\/tours\/marruecos-es\/rabat-es\/fez-tour-privado-de-dia-completo\/#breadcrumb","itemListElement":[{"@type":"ListItem","position":1,"name":"Home","item":"https:\/\/tourtravelandmore.com\/es\/"},{"@type":"ListItem","position":2,"name":"Tours","item":"https:\/\/tourtravelandmore.com\/es\/tours\/"},{"@type":"ListItem","position":3,"name":"Tour Privado a Fez y Meknes desde Rabat"}]},{"@type":"WebSite","@id":"https:\/\/tourtravelandmore.com\/es\/#website","url":"https:\/\/tourtravelandmore.com\/es\/","name":"Tour Travel And More","description":"Private sightseeing tours and luxury transfers in Spain","publisher":{"@id":"https:\/\/tourtravelandmore.com\/es\/#organization"},"potentialAction":[{"@type":"SearchAction","target":{"@type":"EntryPoint","urlTemplate":"https:\/\/tourtravelandmore.com\/es\/?s={search_term_string}"},"query-input":{"@type":"PropertyValueSpecification","valueRequired":true,"valueName":"search_term_string"}}],"inLanguage":"es"},{"@type":"Organization","@id":"https:\/\/tourtravelandmore.com\/es\/#organization","name":"Tour Travel And More","url":"https:\/\/tourtravelandmore.com\/es\/","logo":{"@type":"ImageObject","inLanguage":"es","@id":"https:\/\/tourtravelandmore.com\/es\/#\/schema\/logo\/image\/","url":"https:\/\/tourtravelandmore.com\/wp-content\/uploads\/2022\/12\/cropped-logo-cabecera-new.png","contentUrl":"https:\/\/tourtravelandmore.com\/wp-content\/uploads\/2022\/12\/cropped-logo-cabecera-new.png","width":430,"height":61,"caption":"Tour Travel And More"},"image":{"@id":"https:\/\/tourtravelandmore.com\/es\/#\/schema\/logo\/image\/"},"sameAs":["https:\/\/www.facebook.com\/tourtravelandmore\/","https:\/\/x.com\/TourTravel_More"]}]}},"_links":{"self":[{"href":"https:\/\/tourtravelandmore.com\/es\/wp-json\/wp\/v2\/product\/32898","targetHints":{"allow":["GET"]}}],"collection":[{"href":"https:\/\/tourtravelandmore.com\/es\/wp-json\/wp\/v2\/product"}],"about":[{"href":"https:\/\/tourtravelandmore.com\/es\/wp-json\/wp\/v2\/types\/product"}],"replies":[{"embeddable":true,"href":"https:\/\/tourtravelandmore.com\/es\/wp-json\/wp\/v2\/comments?post=32898"}],"wp:featuredmedia":[{"embeddable":true,"href":"https:\/\/tourtravelandmore.com\/es\/wp-json\/wp\/v2\/media\/32904"}],"wp:attachment":[{"href":"https:\/\/tourtravelandmore.com\/es\/wp-json\/wp\/v2\/media?parent=32898"}],"wp:term":[{"taxonomy":"product_brand","embeddable":true,"href":"https:\/\/tourtravelandmore.com\/es\/wp-json\/wp\/v2\/product_brand?post=32898"},{"taxonomy":"product_cat","embeddable":true,"href":"https:\/\/tourtravelandmore.com\/es\/wp-json\/wp\/v2\/product_cat?post=32898"},{"taxonomy":"product_tag","embeddable":true,"href":"https:\/\/tourtravelandmore.com\/es\/wp-json\/wp\/v2\/product_tag?post=32898"}],"curies":[{"name":"wp","href":"https:\/\/api.w.org\/{rel}","templated":true}]}}