{"id":32847,"date":"2019-02-13T10:28:56","date_gmt":"2019-02-13T09:28:59","guid":{"rendered":"http:\/\/tourtravelandmore.com\/es\/tours\/rabat-es\/tour-privado-excursion-a-casablanca-y-rabat-desde-casablanca-copy\/"},"modified":"2021-12-13T13:23:00","modified_gmt":"2021-12-13T12:23:00","slug":"tour-privado-excursion-a-casablanca-y-rabat-desde-casablanca-copy","status":"publish","type":"product","link":"https:\/\/tourtravelandmore.com\/es\/tours\/marruecos-es\/rabat-es\/tour-privado-excursion-a-casablanca-y-rabat-desde-casablanca-copy\/","title":{"rendered":"Tour Privado a Casablanca y Rabat desde Rabat"},"content":{"rendered":"<h2>Descripci\u00f3n del Tour Privado a Casablanca y Rabat desde Rabat<\/h2>\n<p>Disfrute de esta incre\u00edble experiencia desde la recogida en su hotel o riad en veh\u00edculo privado para comenzar por la incre\u00edble ciudad de Rabat. Empezaremos el tour privado por los monumentos m\u00e1s emblem\u00e1ticos de esta ciudad como son la Torre Hassan y el Mausoleo de Mohamed V. Podremos parar para realizar un almuerzo y continuar hasta la Casba de los Udaya y el palacio real de Rabat donde para acceder hay que atravesar la explanada de M\u00e9chouar, que tiene siete puertas reales, cada una de ellas distinta y decorada de forma diferente. Terminaremos este tour en Rabat aventur\u00e1ndonos en las ruinas de Chella, una fortaleza musulmana medieval imprescindible si vas a visitar a esta ciudad.<\/p>\n<p><strong>Haremos una parada para comer y continuaremos hacia Casablanca.<\/strong><\/p>\n<p>Disfrute visitando la plaza Mohamed V conocida por su pintoresca arquitectura que m\u00e1s tarde ser\u00e1 copiada por muchos de los edificios de la ciudad. Despu\u00e9s, nuestro gu\u00eda nos llevar\u00e1 por el Mercado Central y al Palacio Real, situados justo al lado. A continuaci\u00f3n, nos adentraremos en la medina de la ciudad disfrutando de colores, sonidos y olores propios marroqu\u00edes. Una de las paradas obligatorias en este tour es la Mezquita Hassan II donde nuestro gu\u00eda privado oficial nos contar\u00e1 las historias m\u00e1s interesantes, siendo est\u00e1 la tercera mezquita m\u00e1s grande del mundo.<\/p>\n<p>La \u00faltima parada de este tour ser\u00e1 La Corniche, el precioso paseo mar\u00edtimo de Casablanca donde puede tomarse un caf\u00e9 con vistas al oc\u00e9ano Atl\u00e1ntico o simplemente disfrutar de un paseo. Una parada opcional y no por eso menos importante es la visita al famoso Rick&#8217;s Cafe, el cual fue dise\u00f1ado para recrear el bar que se hizo famoso por\u00a0Humphrey Bogart\u00a0e\u00a0Ingrid Bergman\u00a0en la cl\u00e1sica pel\u00edcula\u00a0Casablanca.<\/p>\n<p>Disfrute de la flexibilidad de este tour donde podemos centrarnos en lugares que m\u00e1s le interesen.<\/p>\n<h2>Principales puntos de inter\u00e9s durante este tour privado<\/h2>\n<p>El <strong>tour privado<\/strong> comenzar\u00e1 con la recogida en su hotel o riad en vuestro <strong>veh\u00edculo privado con ch\u00f3fer<\/strong> para realizar el primer tour en <strong>Rabat<\/strong>. La segunda parada ser\u00e1 llegar a <strong>Casablanca.<\/strong> Su gu\u00eda les llevar\u00e1 por los distintos puntos m\u00e1s emblem\u00e1ticos de estas ciudades donde descubrir\u00e1n a\u00f1os de patrimonio cultural marroqu\u00ed.<\/p>\n<p>Durante vuestro tour, podr\u00e9is ver entre otros los siguientes lugares de inter\u00e9s:<\/p>\n<ul>\n<li><strong>Palacio Real<\/strong><\/li>\n<li><strong>El Museo Jud\u00edo Marroqu\u00ed<\/strong><\/li>\n<li><strong>La Mellah<\/strong><\/li>\n<li><strong>Mezquita del Rey Hassan II<\/strong><\/li>\n<li><strong>Mucho m\u00e1s!<\/strong><\/li>\n<\/ul>\n<h3>Las Ciudades: Casablanca y Rabat<\/h3>\n<p>Casablanca Es una ciudad en el oeste de Marruecos, capital de la regi\u00f3n del Casablanca-Settat. Est\u00e1 situada en la costa del oc\u00e9ano Atl\u00e1ntico. Es la mayor ciudad de Marruecos, as\u00ed como su principal puerto; tambi\u00e9n es la mayor ciudad de la regi\u00f3n del Magreb. \u200b Est\u00e1 considerada el centro econ\u00f3mico y comercial de Marruecos, mientras que la capital pol\u00edtica es la ciudad de Rabat. Rabat es la capital de Marruecos situada junto al r\u00edo Bu Regreg y al oc\u00e9ano Atl\u00e1ntico. Es famosa por los monumentos que reflejan su legado isl\u00e1mico y colonial franc\u00e9s, como la Alcazaba de los Udayas. Por su valor cultural e hist\u00f3rico, la ciudad ha sido declarada Patrimonio Mundial por la Unesco.<\/p>\n<h2>Nuestros Tours Privados en Tour Travel &amp; More<\/h2>\n<p>Ofrecemos a nuestros clientes tours privados para familias, amigos e incluso para incentivos o grupos grandes. Entendemos las necesidades de los viajeros mientras est\u00e1n de vacaciones, y hacemos todo lo posible para que su estancia sea inolvidable. Nuestra flota se compone de veh\u00edculos de lujo y nuestro personal es perfectamente multiling\u00fce. Nuestros gu\u00edas hablan varios idiomas: <em>Ingl\u00e9s, Espa\u00f1ol, Franc\u00e9s, Italiano, Polaco, Holand\u00e9s, Chino, Ruso, Japon\u00e9s, Alem\u00e1n, Griego y Portugu\u00e9s.<\/em><\/p>\n","protected":false},"excerpt":{"rendered":"<p>Disfrute de <strong>Rabat<\/strong> y <strong>Casablanca<\/strong>, dos magn\u00edficas ciudades declaradas <strong>Patrimonio de la Humanidad<\/strong>. Podr\u00e1s visitar los lugares m\u00e1s destacados, como el <strong>Mausoleo de Mohammed V<\/strong> y la <strong>Torre Hassan del siglo XII<\/strong>. Puede aventurarse tanto en las <strong>medinas<\/strong> (casco antiguo) como en las <strong>ruinas romanas y medievales de Chellah<\/strong> con su gu\u00eda oficial durante este tour privado.<\/p>\n","protected":false},"featured_media":32427,"comment_status":"open","ping_status":"closed","template":"","meta":{"_acf_changed":false},"product_brand":[],"product_cat":[1610,1124,1125,1126],"product_tag":[],"class_list":{"0":"post-32847","1":"product","2":"type-product","3":"status-publish","4":"has-post-thumbnail","6":"product_cat-marruecos-es","7":"product_cat-rabat-es","8":"product_cat-rabat-excursiones-es","9":"product_cat-rabat-actividades-es","11":"first","12":"instock","13":"shipping-taxable","14":"purchasable","15":"product-type-simple"},"acf":[],"yoast_head":"<!-- This site is optimized with the Yoast SEO Premium plugin v25.3.1 (Yoast SEO v25.3.1) - https:\/\/yoast.com\/wordpress\/plugins\/seo\/ -->\n<title>Tour Privado en Casablanca y Rabat con gu\u00eda oficial | Tour Travel &amp; More<\/title>\n<meta name=\"description\" content=\"Disfruta este tour privado de d\u00eda completo en Casablanca y Rabat con gu\u00eda oficial. Entradas incluidas a los monumentos m\u00e1s emblem\u00e1ticos de la ciudad \u2705\" \/>\n<meta name=\"robots\" content=\"index, follow, max-snippet:-1, max-image-preview:large, max-video-preview:-1\" \/>\n<link rel=\"canonical\" href=\"https:\/\/tourtravelandmore.com\/es\/tours\/marruecos-es\/rabat-es\/tour-privado-excursion-a-casablanca-y-rabat-desde-casablanca-copy\/\" \/>\n<meta property=\"og:locale\" content=\"es_ES\" \/>\n<meta property=\"og:type\" content=\"article\" \/>\n<meta property=\"og:title\" content=\"Tour Privado a Casablanca y Rabat desde Rabat\" \/>\n<meta property=\"og:description\" content=\"Disfruta este tour privado de d\u00eda completo en Casablanca y Rabat con gu\u00eda oficial. Entradas incluidas a los monumentos m\u00e1s emblem\u00e1ticos de la ciudad \u2705\" \/>\n<meta property=\"og:url\" content=\"https:\/\/tourtravelandmore.com\/es\/tours\/marruecos-es\/rabat-es\/tour-privado-excursion-a-casablanca-y-rabat-desde-casablanca-copy\/\" \/>\n<meta property=\"og:site_name\" content=\"Tour Travel And More\" \/>\n<meta property=\"article:publisher\" content=\"https:\/\/www.facebook.com\/tourtravelandmore\/\" \/>\n<meta property=\"article:modified_time\" content=\"2021-12-13T12:23:00+00:00\" \/>\n<meta property=\"og:image\" content=\"https:\/\/tourtravelandmore.com\/wp-content\/uploads\/2019\/02\/rabat-y-casablanca.jpg\" \/>\n\t<meta property=\"og:image:width\" content=\"960\" \/>\n\t<meta property=\"og:image:height\" content=\"640\" \/>\n\t<meta property=\"og:image:type\" content=\"image\/jpeg\" \/>\n<meta name=\"twitter:card\" content=\"summary_large_image\" \/>\n<meta name=\"twitter:site\" content=\"@TourTravel_More\" \/>\n<meta name=\"twitter:label1\" content=\"Tiempo de lectura\" \/>\n\t<meta name=\"twitter:data1\" content=\"3 minutos\" \/>\n<script type=\"application\/ld+json\" class=\"yoast-schema-graph\">{\"@context\":\"https:\/\/schema.org\",\"@graph\":[{\"@type\":\"WebPage\",\"@id\":\"https:\/\/tourtravelandmore.com\/es\/tours\/marruecos-es\/rabat-es\/tour-privado-excursion-a-casablanca-y-rabat-desde-casablanca-copy\/\",\"url\":\"https:\/\/tourtravelandmore.com\/es\/tours\/marruecos-es\/rabat-es\/tour-privado-excursion-a-casablanca-y-rabat-desde-casablanca-copy\/\",\"name\":\"Tour Privado en Casablanca y Rabat con gu\u00eda oficial | Tour Travel & More\",\"isPartOf\":{\"@id\":\"https:\/\/tourtravelandmore.com\/es\/#website\"},\"primaryImageOfPage\":{\"@id\":\"https:\/\/tourtravelandmore.com\/es\/tours\/marruecos-es\/rabat-es\/tour-privado-excursion-a-casablanca-y-rabat-desde-casablanca-copy\/#primaryimage\"},\"image\":{\"@id\":\"https:\/\/tourtravelandmore.com\/es\/tours\/marruecos-es\/rabat-es\/tour-privado-excursion-a-casablanca-y-rabat-desde-casablanca-copy\/#primaryimage\"},\"thumbnailUrl\":\"https:\/\/tourtravelandmore.com\/wp-content\/uploads\/2019\/02\/rabat-y-casablanca.jpg\",\"datePublished\":\"2019-02-13T09:28:59+00:00\",\"dateModified\":\"2021-12-13T12:23:00+00:00\",\"description\":\"Disfruta este tour privado de d\u00eda completo en Casablanca y Rabat con gu\u00eda oficial. Entradas incluidas a los monumentos m\u00e1s emblem\u00e1ticos de la ciudad \u2705\",\"breadcrumb\":{\"@id\":\"https:\/\/tourtravelandmore.com\/es\/tours\/marruecos-es\/rabat-es\/tour-privado-excursion-a-casablanca-y-rabat-desde-casablanca-copy\/#breadcrumb\"},\"inLanguage\":\"es\",\"potentialAction\":[{\"@type\":\"ReadAction\",\"target\":[\"https:\/\/tourtravelandmore.com\/es\/tours\/marruecos-es\/rabat-es\/tour-privado-excursion-a-casablanca-y-rabat-desde-casablanca-copy\/\"]}]},{\"@type\":\"ImageObject\",\"inLanguage\":\"es\",\"@id\":\"https:\/\/tourtravelandmore.com\/es\/tours\/marruecos-es\/rabat-es\/tour-privado-excursion-a-casablanca-y-rabat-desde-casablanca-copy\/#primaryimage\",\"url\":\"https:\/\/tourtravelandmore.com\/wp-content\/uploads\/2019\/02\/rabat-y-casablanca.jpg\",\"contentUrl\":\"https:\/\/tourtravelandmore.com\/wp-content\/uploads\/2019\/02\/rabat-y-casablanca.jpg\",\"width\":960,\"height\":640},{\"@type\":\"BreadcrumbList\",\"@id\":\"https:\/\/tourtravelandmore.com\/es\/tours\/marruecos-es\/rabat-es\/tour-privado-excursion-a-casablanca-y-rabat-desde-casablanca-copy\/#breadcrumb\",\"itemListElement\":[{\"@type\":\"ListItem\",\"position\":1,\"name\":\"Home\",\"item\":\"https:\/\/tourtravelandmore.com\/es\/\"},{\"@type\":\"ListItem\",\"position\":2,\"name\":\"Tours\",\"item\":\"https:\/\/tourtravelandmore.com\/es\/tours\/\"},{\"@type\":\"ListItem\",\"position\":3,\"name\":\"Tour Privado a Casablanca y Rabat desde Rabat\"}]},{\"@type\":\"WebSite\",\"@id\":\"https:\/\/tourtravelandmore.com\/es\/#website\",\"url\":\"https:\/\/tourtravelandmore.com\/es\/\",\"name\":\"Tour Travel And More\",\"description\":\"Private sightseeing tours and luxury transfers in Spain\",\"publisher\":{\"@id\":\"https:\/\/tourtravelandmore.com\/es\/#organization\"},\"potentialAction\":[{\"@type\":\"SearchAction\",\"target\":{\"@type\":\"EntryPoint\",\"urlTemplate\":\"https:\/\/tourtravelandmore.com\/es\/?s={search_term_string}\"},\"query-input\":{\"@type\":\"PropertyValueSpecification\",\"valueRequired\":true,\"valueName\":\"search_term_string\"}}],\"inLanguage\":\"es\"},{\"@type\":\"Organization\",\"@id\":\"https:\/\/tourtravelandmore.com\/es\/#organization\",\"name\":\"Tour Travel And More\",\"url\":\"https:\/\/tourtravelandmore.com\/es\/\",\"logo\":{\"@type\":\"ImageObject\",\"inLanguage\":\"es\",\"@id\":\"https:\/\/tourtravelandmore.com\/es\/#\/schema\/logo\/image\/\",\"url\":\"https:\/\/tourtravelandmore.com\/wp-content\/uploads\/2022\/12\/cropped-logo-cabecera-new.png\",\"contentUrl\":\"https:\/\/tourtravelandmore.com\/wp-content\/uploads\/2022\/12\/cropped-logo-cabecera-new.png\",\"width\":430,\"height\":61,\"caption\":\"Tour Travel And More\"},\"image\":{\"@id\":\"https:\/\/tourtravelandmore.com\/es\/#\/schema\/logo\/image\/\"},\"sameAs\":[\"https:\/\/www.facebook.com\/tourtravelandmore\/\",\"https:\/\/x.com\/TourTravel_More\"]}]}<\/script>\n<!-- \/ Yoast SEO Premium plugin. -->","yoast_head_json":{"title":"Tour Privado en Casablanca y Rabat con gu\u00eda oficial | Tour Travel & More","description":"Disfruta este tour privado de d\u00eda completo en Casablanca y Rabat con gu\u00eda oficial. Entradas incluidas a los monumentos m\u00e1s emblem\u00e1ticos de la ciudad \u2705","robots":{"index":"index","follow":"follow","max-snippet":"max-snippet:-1","max-image-preview":"max-image-preview:large","max-video-preview":"max-video-preview:-1"},"canonical":"https:\/\/tourtravelandmore.com\/es\/tours\/marruecos-es\/rabat-es\/tour-privado-excursion-a-casablanca-y-rabat-desde-casablanca-copy\/","og_locale":"es_ES","og_type":"article","og_title":"Tour Privado a Casablanca y Rabat desde Rabat","og_description":"Disfruta este tour privado de d\u00eda completo en Casablanca y Rabat con gu\u00eda oficial. Entradas incluidas a los monumentos m\u00e1s emblem\u00e1ticos de la ciudad \u2705","og_url":"https:\/\/tourtravelandmore.com\/es\/tours\/marruecos-es\/rabat-es\/tour-privado-excursion-a-casablanca-y-rabat-desde-casablanca-copy\/","og_site_name":"Tour Travel And More","article_publisher":"https:\/\/www.facebook.com\/tourtravelandmore\/","article_modified_time":"2021-12-13T12:23:00+00:00","og_image":[{"width":960,"height":640,"url":"https:\/\/tourtravelandmore.com\/wp-content\/uploads\/2019\/02\/rabat-y-casablanca.jpg","type":"image\/jpeg"}],"twitter_card":"summary_large_image","twitter_site":"@TourTravel_More","twitter_misc":{"Tiempo de lectura":"3 minutos"},"schema":{"@context":"https:\/\/schema.org","@graph":[{"@type":"WebPage","@id":"https:\/\/tourtravelandmore.com\/es\/tours\/marruecos-es\/rabat-es\/tour-privado-excursion-a-casablanca-y-rabat-desde-casablanca-copy\/","url":"https:\/\/tourtravelandmore.com\/es\/tours\/marruecos-es\/rabat-es\/tour-privado-excursion-a-casablanca-y-rabat-desde-casablanca-copy\/","name":"Tour Privado en Casablanca y Rabat con gu\u00eda oficial | Tour Travel & More","isPartOf":{"@id":"https:\/\/tourtravelandmore.com\/es\/#website"},"primaryImageOfPage":{"@id":"https:\/\/tourtravelandmore.com\/es\/tours\/marruecos-es\/rabat-es\/tour-privado-excursion-a-casablanca-y-rabat-desde-casablanca-copy\/#primaryimage"},"image":{"@id":"https:\/\/tourtravelandmore.com\/es\/tours\/marruecos-es\/rabat-es\/tour-privado-excursion-a-casablanca-y-rabat-desde-casablanca-copy\/#primaryimage"},"thumbnailUrl":"https:\/\/tourtravelandmore.com\/wp-content\/uploads\/2019\/02\/rabat-y-casablanca.jpg","datePublished":"2019-02-13T09:28:59+00:00","dateModified":"2021-12-13T12:23:00+00:00","description":"Disfruta este tour privado de d\u00eda completo en Casablanca y Rabat con gu\u00eda oficial. Entradas incluidas a los monumentos m\u00e1s emblem\u00e1ticos de la ciudad \u2705","breadcrumb":{"@id":"https:\/\/tourtravelandmore.com\/es\/tours\/marruecos-es\/rabat-es\/tour-privado-excursion-a-casablanca-y-rabat-desde-casablanca-copy\/#breadcrumb"},"inLanguage":"es","potentialAction":[{"@type":"ReadAction","target":["https:\/\/tourtravelandmore.com\/es\/tours\/marruecos-es\/rabat-es\/tour-privado-excursion-a-casablanca-y-rabat-desde-casablanca-copy\/"]}]},{"@type":"ImageObject","inLanguage":"es","@id":"https:\/\/tourtravelandmore.com\/es\/tours\/marruecos-es\/rabat-es\/tour-privado-excursion-a-casablanca-y-rabat-desde-casablanca-copy\/#primaryimage","url":"https:\/\/tourtravelandmore.com\/wp-content\/uploads\/2019\/02\/rabat-y-casablanca.jpg","contentUrl":"https:\/\/tourtravelandmore.com\/wp-content\/uploads\/2019\/02\/rabat-y-casablanca.jpg","width":960,"height":640},{"@type":"BreadcrumbList","@id":"https:\/\/tourtravelandmore.com\/es\/tours\/marruecos-es\/rabat-es\/tour-privado-excursion-a-casablanca-y-rabat-desde-casablanca-copy\/#breadcrumb","itemListElement":[{"@type":"ListItem","position":1,"name":"Home","item":"https:\/\/tourtravelandmore.com\/es\/"},{"@type":"ListItem","position":2,"name":"Tours","item":"https:\/\/tourtravelandmore.com\/es\/tours\/"},{"@type":"ListItem","position":3,"name":"Tour Privado a Casablanca y Rabat desde Rabat"}]},{"@type":"WebSite","@id":"https:\/\/tourtravelandmore.com\/es\/#website","url":"https:\/\/tourtravelandmore.com\/es\/","name":"Tour Travel And More","description":"Private sightseeing tours and luxury transfers in Spain","publisher":{"@id":"https:\/\/tourtravelandmore.com\/es\/#organization"},"potentialAction":[{"@type":"SearchAction","target":{"@type":"EntryPoint","urlTemplate":"https:\/\/tourtravelandmore.com\/es\/?s={search_term_string}"},"query-input":{"@type":"PropertyValueSpecification","valueRequired":true,"valueName":"search_term_string"}}],"inLanguage":"es"},{"@type":"Organization","@id":"https:\/\/tourtravelandmore.com\/es\/#organization","name":"Tour Travel And More","url":"https:\/\/tourtravelandmore.com\/es\/","logo":{"@type":"ImageObject","inLanguage":"es","@id":"https:\/\/tourtravelandmore.com\/es\/#\/schema\/logo\/image\/","url":"https:\/\/tourtravelandmore.com\/wp-content\/uploads\/2022\/12\/cropped-logo-cabecera-new.png","contentUrl":"https:\/\/tourtravelandmore.com\/wp-content\/uploads\/2022\/12\/cropped-logo-cabecera-new.png","width":430,"height":61,"caption":"Tour Travel And More"},"image":{"@id":"https:\/\/tourtravelandmore.com\/es\/#\/schema\/logo\/image\/"},"sameAs":["https:\/\/www.facebook.com\/tourtravelandmore\/","https:\/\/x.com\/TourTravel_More"]}]}},"_links":{"self":[{"href":"https:\/\/tourtravelandmore.com\/es\/wp-json\/wp\/v2\/product\/32847","targetHints":{"allow":["GET"]}}],"collection":[{"href":"https:\/\/tourtravelandmore.com\/es\/wp-json\/wp\/v2\/product"}],"about":[{"href":"https:\/\/tourtravelandmore.com\/es\/wp-json\/wp\/v2\/types\/product"}],"replies":[{"embeddable":true,"href":"https:\/\/tourtravelandmore.com\/es\/wp-json\/wp\/v2\/comments?post=32847"}],"wp:featuredmedia":[{"embeddable":true,"href":"https:\/\/tourtravelandmore.com\/es\/wp-json\/wp\/v2\/media\/32427"}],"wp:attachment":[{"href":"https:\/\/tourtravelandmore.com\/es\/wp-json\/wp\/v2\/media?parent=32847"}],"wp:term":[{"taxonomy":"product_brand","embeddable":true,"href":"https:\/\/tourtravelandmore.com\/es\/wp-json\/wp\/v2\/product_brand?post=32847"},{"taxonomy":"product_cat","embeddable":true,"href":"https:\/\/tourtravelandmore.com\/es\/wp-json\/wp\/v2\/product_cat?post=32847"},{"taxonomy":"product_tag","embeddable":true,"href":"https:\/\/tourtravelandmore.com\/es\/wp-json\/wp\/v2\/product_tag?post=32847"}],"curies":[{"name":"wp","href":"https:\/\/api.w.org\/{rel}","templated":true}]}}