{"id":32653,"date":"2019-02-11T17:26:34","date_gmt":"2019-02-11T16:26:37","guid":{"rendered":"http:\/\/tourtravelandmore.com\/es\/tours\/uncategorized\/tour-privado-de-un-dia-a-las-montanas-atlas-desde-marrakech\/"},"modified":"2023-05-11T20:53:14","modified_gmt":"2023-05-11T18:53:14","slug":"tour-privado-de-un-dia-a-las-montanas-atlas-desde-marrakech","status":"publish","type":"product","link":"https:\/\/tourtravelandmore.com\/es\/tours\/marruecos-es\/marrakech-es\/tour-privado-de-un-dia-a-las-montanas-atlas-desde-marrakech\/","title":{"rendered":"Tour Privado: Excursi\u00f3n de un d\u00eda a las monta\u00f1as Atlas desde Marrakech (4 valles)"},"content":{"rendered":"<h2>Descripci\u00f3n del Tour Privado: Excursi\u00f3n de un d\u00eda a las monta\u00f1as Atlas desde Marrakech (4 valles)<\/h2>\n<p>Disfrute de este<strong> tour privado<\/strong> con la recogida en su hotel o riad para dirigirnos las famosas <strong>monta\u00f1as Atlas<\/strong>. Durante este tour admiraremos esta incre\u00edble cordillera conocida por su espectacular paisaje verde. La primera para ser\u00e1 el <strong>valle de Orika<\/strong> donde admiraremos sus famosas cascadas y daremos un paseo por la monta\u00f1a. Conoceremos a las mujeres bereberes que son conocidas por extraer el aceite de arg\u00e1n.<\/p>\n<p>Durante este paseo veremos numerosos pueblos con muy poca poblaci\u00f3n, pero no por eso menos especial donde veremos sus famosas casas construidas con adobe y piedra.<\/p>\n<p>Para finalizar este tour visitaremos el valle <strong>Asni,<\/strong> conocido por sus famosos \u00e1rboles frutales (manzanas, almendras, melocotones\u2026), otra de las admiradas que jam\u00e1s olvidara de este tour son las de las cumbres nevadas.<\/p>\n<p>Su veh\u00edculo privado nos llevar\u00e1 de vuelta a su hotel o riad situado en Marrakech.<\/p>\n<h2>Principales puntos de inter\u00e9s durante este tour privado: Excursi\u00f3n de un d\u00eda a las monta\u00f1as Atlas desde Marrakech (4 valles)<\/h2>\n<p>La excursi\u00f3n privada comenzar\u00e1 con la recogida en su hotel o riad en su veh\u00edculo privado para llegar a las monta\u00f1as del Atlas situadas cerca de <strong>Marrakech.<\/strong> Descubriremos este incre\u00edble lugar donde disfrutar\u00e1 de un paisaje verde.<\/p>\n<p>Conoceremos a las mujeres bereberes que se dedican a la extracci\u00f3n del <strong>aceite<\/strong> de <strong>arg\u00e1n.<\/strong> Durante este paseo, veremos muchos pueblos con muy poca poblaci\u00f3n, pero no por ello menos especiales ya que veremos sus famosas casas construidas con adobe y piedra. Para finalizar este recorrido, visitaremos el valle de Asni, conocido por sus famosos \u00e1rboles frutales (manzanas, almendras, melocotones&#8230;), otra de las vistas que nunca olvidar\u00e1s de este recorrido son las de los picos nevados.<\/p>\n<p>El <strong>valle<\/strong> de <strong>Amizmiz<\/strong> se encuentra a unos 60 km al suroeste de Marrakech. Es conocido por sus bellos paisajes, sus pueblos bereberes tradicionales y su zoco (mercado) semanal, donde los lugare\u00f1os acuden a vender sus mercanc\u00edas.<\/p>\n<p>El <strong>valle<\/strong> del <strong>Asni<\/strong> se encuentra a unos 45 km al sur de Marrakech. Es conocido por sus impresionantes vistas del monte Toubkal, el pico m\u00e1s alto del norte de \u00c1frica. Tambi\u00e9n es un popular punto de partida para expediciones de senderismo y trekking.<\/p>\n<p>El <strong>valle<\/strong> de <strong>Imlil<\/strong> se encuentra a unos 65 km al sur de Marrakech. Es una base popular para excursionistas y senderistas que exploran las monta\u00f1as del Alto Atlas. Tambi\u00e9n alberga varios pueblos bereberes tradicionales.<\/p>\n<p>El <strong>valle<\/strong> de <strong>Aremd<\/strong> est\u00e1 situado en el coraz\u00f3n del Alto Atlas y es conocido por sus casas tradicionales de adobe y su agricultura en terrazas. Tambi\u00e9n es un punto de partida popular para las excursiones al macizo del Toubkal, que incluye el monte Toubkal.<\/p>\n<p>El Atlas de Marruecos es, en realidad, un sistema monta\u00f1oso que recorre todo el noroeste de \u00c1frica, desde T\u00fanez y pasando por Algeria, a lo largo de 2.400 kil\u00f3metros. Su pico m\u00e1s alto es el Toubkal, con 4.167 metros, ya en territorio marroqu\u00ed. La poblaci\u00f3n del Atlas es mayoritariamente bereber, tanto en este pa\u00eds como en Argelia.<\/p>\n<p>Ofrecemos a nuestros clientes tours privados para familias, amigos e incluso para incentivos o grupos grandes. Entendemos las necesidades de los viajeros mientras est\u00e1n de vacaciones, y hacemos todo lo posible para que su estancia sea inolvidable. Nuestra flota se compone de veh\u00edculos de lujo y nuestro personal es perfectamente multiling\u00fce. Nuestros gu\u00edas hablan varios idiomas: <em>Ingl\u00e9s, Espa\u00f1ol, Franc\u00e9s, Italiano, Polaco, Holand\u00e9s, Chino, Ruso, Japon\u00e9s, Alem\u00e1n, Griego y Portugu\u00e9s.<\/em><\/p>\n","protected":false},"excerpt":{"rendered":"<p>Acomp\u00e1\u00f1enos en este <strong>tour privado<\/strong> <strong>de un d\u00eda completo a las<\/strong> <strong>monta\u00f1as Atlas desde la ciudad de Marrakech. <\/strong>Disfrute de sus magn\u00edficos valles verdes y de impresionantes vistas junto a su gu\u00eda oficial privado. Podr\u00e1 admirar sus famosos pueblos bereberes conocidos por la fabricaci\u00f3n de aceite de arg\u00e1n. Recogida en cualquier sitio de Marrakech.<\/p>\n<p>&nbsp;<\/p>\n","protected":false},"featured_media":32668,"comment_status":"open","ping_status":"closed","template":"","meta":{"_acf_changed":false},"product_brand":[],"product_cat":[1610,1112,1114,1113],"product_tag":[],"class_list":{"0":"post-32653","1":"product","2":"type-product","3":"status-publish","4":"has-post-thumbnail","6":"product_cat-marruecos-es","7":"product_cat-marrakech-es","8":"product_cat-marrakech-actividades-es","9":"product_cat-marrakech-excursiones-es","11":"first","12":"instock","13":"shipping-taxable","14":"purchasable","15":"product-type-simple"},"acf":[],"yoast_head":"<!-- This site is optimized with the Yoast SEO Premium plugin v25.3.1 (Yoast SEO v25.3.1) - https:\/\/yoast.com\/wordpress\/plugins\/seo\/ -->\n<title>Tour Privado de un d\u00eda a las monta\u00f1as Atlas con gu\u00eda oficial | TTM<\/title>\n<meta name=\"description\" content=\"Disfruta este tour privado de un d\u00eda entero en las monta\u00f1as Atlas con gu\u00eda oficial. Entradas incluidas a los monumentos m\u00e1s emblem\u00e1ticos de la ciudad \u2705\" \/>\n<meta name=\"robots\" content=\"index, follow, max-snippet:-1, max-image-preview:large, max-video-preview:-1\" \/>\n<link rel=\"canonical\" href=\"https:\/\/tourtravelandmore.com\/es\/tours\/marruecos-es\/marrakech-es\/tour-privado-de-un-dia-a-las-montanas-atlas-desde-marrakech\/\" \/>\n<meta property=\"og:locale\" content=\"es_ES\" \/>\n<meta property=\"og:type\" content=\"article\" \/>\n<meta property=\"og:title\" content=\"Tour Privado: Excursi\u00f3n de un d\u00eda a las monta\u00f1as Atlas desde Marrakech (4 valles)\" \/>\n<meta property=\"og:description\" content=\"Disfruta este tour privado de un d\u00eda entero en las monta\u00f1as Atlas con gu\u00eda oficial. Entradas incluidas a los monumentos m\u00e1s emblem\u00e1ticos de la ciudad \u2705\" \/>\n<meta property=\"og:url\" content=\"https:\/\/tourtravelandmore.com\/es\/tours\/marruecos-es\/marrakech-es\/tour-privado-de-un-dia-a-las-montanas-atlas-desde-marrakech\/\" \/>\n<meta property=\"og:site_name\" content=\"Tour Travel And More\" \/>\n<meta property=\"article:publisher\" content=\"https:\/\/www.facebook.com\/tourtravelandmore\/\" \/>\n<meta property=\"article:modified_time\" content=\"2023-05-11T18:53:14+00:00\" \/>\n<meta property=\"og:image\" content=\"https:\/\/tourtravelandmore.com\/wp-content\/uploads\/2019\/02\/Vallee-des-roses.jpg\" \/>\n\t<meta property=\"og:image:width\" content=\"800\" \/>\n\t<meta property=\"og:image:height\" content=\"530\" \/>\n\t<meta property=\"og:image:type\" content=\"image\/jpeg\" \/>\n<meta name=\"twitter:card\" content=\"summary_large_image\" \/>\n<meta name=\"twitter:site\" content=\"@TourTravel_More\" \/>\n<meta name=\"twitter:label1\" content=\"Tiempo de lectura\" \/>\n\t<meta name=\"twitter:data1\" content=\"3 minutos\" \/>\n<script type=\"application\/ld+json\" class=\"yoast-schema-graph\">{\"@context\":\"https:\/\/schema.org\",\"@graph\":[{\"@type\":\"WebPage\",\"@id\":\"https:\/\/tourtravelandmore.com\/es\/tours\/marruecos-es\/marrakech-es\/tour-privado-de-un-dia-a-las-montanas-atlas-desde-marrakech\/\",\"url\":\"https:\/\/tourtravelandmore.com\/es\/tours\/marruecos-es\/marrakech-es\/tour-privado-de-un-dia-a-las-montanas-atlas-desde-marrakech\/\",\"name\":\"Tour Privado de un d\u00eda a las monta\u00f1as Atlas con gu\u00eda oficial | TTM\",\"isPartOf\":{\"@id\":\"https:\/\/tourtravelandmore.com\/es\/#website\"},\"primaryImageOfPage\":{\"@id\":\"https:\/\/tourtravelandmore.com\/es\/tours\/marruecos-es\/marrakech-es\/tour-privado-de-un-dia-a-las-montanas-atlas-desde-marrakech\/#primaryimage\"},\"image\":{\"@id\":\"https:\/\/tourtravelandmore.com\/es\/tours\/marruecos-es\/marrakech-es\/tour-privado-de-un-dia-a-las-montanas-atlas-desde-marrakech\/#primaryimage\"},\"thumbnailUrl\":\"https:\/\/tourtravelandmore.com\/wp-content\/uploads\/2019\/02\/Vallee-des-roses.jpg\",\"datePublished\":\"2019-02-11T16:26:37+00:00\",\"dateModified\":\"2023-05-11T18:53:14+00:00\",\"description\":\"Disfruta este tour privado de un d\u00eda entero en las monta\u00f1as Atlas con gu\u00eda oficial. Entradas incluidas a los monumentos m\u00e1s emblem\u00e1ticos de la ciudad \u2705\",\"breadcrumb\":{\"@id\":\"https:\/\/tourtravelandmore.com\/es\/tours\/marruecos-es\/marrakech-es\/tour-privado-de-un-dia-a-las-montanas-atlas-desde-marrakech\/#breadcrumb\"},\"inLanguage\":\"es\",\"potentialAction\":[{\"@type\":\"ReadAction\",\"target\":[\"https:\/\/tourtravelandmore.com\/es\/tours\/marruecos-es\/marrakech-es\/tour-privado-de-un-dia-a-las-montanas-atlas-desde-marrakech\/\"]}]},{\"@type\":\"ImageObject\",\"inLanguage\":\"es\",\"@id\":\"https:\/\/tourtravelandmore.com\/es\/tours\/marruecos-es\/marrakech-es\/tour-privado-de-un-dia-a-las-montanas-atlas-desde-marrakech\/#primaryimage\",\"url\":\"https:\/\/tourtravelandmore.com\/wp-content\/uploads\/2019\/02\/Vallee-des-roses.jpg\",\"contentUrl\":\"https:\/\/tourtravelandmore.com\/wp-content\/uploads\/2019\/02\/Vallee-des-roses.jpg\",\"width\":800,\"height\":530},{\"@type\":\"BreadcrumbList\",\"@id\":\"https:\/\/tourtravelandmore.com\/es\/tours\/marruecos-es\/marrakech-es\/tour-privado-de-un-dia-a-las-montanas-atlas-desde-marrakech\/#breadcrumb\",\"itemListElement\":[{\"@type\":\"ListItem\",\"position\":1,\"name\":\"Home\",\"item\":\"https:\/\/tourtravelandmore.com\/es\/\"},{\"@type\":\"ListItem\",\"position\":2,\"name\":\"Tours\",\"item\":\"https:\/\/tourtravelandmore.com\/es\/tours\/\"},{\"@type\":\"ListItem\",\"position\":3,\"name\":\"Tour Privado: Excursi\u00f3n de un d\u00eda a las monta\u00f1as Atlas desde Marrakech (4 valles)\"}]},{\"@type\":\"WebSite\",\"@id\":\"https:\/\/tourtravelandmore.com\/es\/#website\",\"url\":\"https:\/\/tourtravelandmore.com\/es\/\",\"name\":\"Tour Travel And More\",\"description\":\"Private sightseeing tours and luxury transfers in Spain\",\"publisher\":{\"@id\":\"https:\/\/tourtravelandmore.com\/es\/#organization\"},\"potentialAction\":[{\"@type\":\"SearchAction\",\"target\":{\"@type\":\"EntryPoint\",\"urlTemplate\":\"https:\/\/tourtravelandmore.com\/es\/?s={search_term_string}\"},\"query-input\":{\"@type\":\"PropertyValueSpecification\",\"valueRequired\":true,\"valueName\":\"search_term_string\"}}],\"inLanguage\":\"es\"},{\"@type\":\"Organization\",\"@id\":\"https:\/\/tourtravelandmore.com\/es\/#organization\",\"name\":\"Tour Travel And More\",\"url\":\"https:\/\/tourtravelandmore.com\/es\/\",\"logo\":{\"@type\":\"ImageObject\",\"inLanguage\":\"es\",\"@id\":\"https:\/\/tourtravelandmore.com\/es\/#\/schema\/logo\/image\/\",\"url\":\"https:\/\/tourtravelandmore.com\/wp-content\/uploads\/2022\/12\/cropped-logo-cabecera-new.png\",\"contentUrl\":\"https:\/\/tourtravelandmore.com\/wp-content\/uploads\/2022\/12\/cropped-logo-cabecera-new.png\",\"width\":430,\"height\":61,\"caption\":\"Tour Travel And More\"},\"image\":{\"@id\":\"https:\/\/tourtravelandmore.com\/es\/#\/schema\/logo\/image\/\"},\"sameAs\":[\"https:\/\/www.facebook.com\/tourtravelandmore\/\",\"https:\/\/x.com\/TourTravel_More\"]}]}<\/script>\n<!-- \/ Yoast SEO Premium plugin. -->","yoast_head_json":{"title":"Tour Privado de un d\u00eda a las monta\u00f1as Atlas con gu\u00eda oficial | TTM","description":"Disfruta este tour privado de un d\u00eda entero en las monta\u00f1as Atlas con gu\u00eda oficial. Entradas incluidas a los monumentos m\u00e1s emblem\u00e1ticos de la ciudad \u2705","robots":{"index":"index","follow":"follow","max-snippet":"max-snippet:-1","max-image-preview":"max-image-preview:large","max-video-preview":"max-video-preview:-1"},"canonical":"https:\/\/tourtravelandmore.com\/es\/tours\/marruecos-es\/marrakech-es\/tour-privado-de-un-dia-a-las-montanas-atlas-desde-marrakech\/","og_locale":"es_ES","og_type":"article","og_title":"Tour Privado: Excursi\u00f3n de un d\u00eda a las monta\u00f1as Atlas desde Marrakech (4 valles)","og_description":"Disfruta este tour privado de un d\u00eda entero en las monta\u00f1as Atlas con gu\u00eda oficial. Entradas incluidas a los monumentos m\u00e1s emblem\u00e1ticos de la ciudad \u2705","og_url":"https:\/\/tourtravelandmore.com\/es\/tours\/marruecos-es\/marrakech-es\/tour-privado-de-un-dia-a-las-montanas-atlas-desde-marrakech\/","og_site_name":"Tour Travel And More","article_publisher":"https:\/\/www.facebook.com\/tourtravelandmore\/","article_modified_time":"2023-05-11T18:53:14+00:00","og_image":[{"width":800,"height":530,"url":"https:\/\/tourtravelandmore.com\/wp-content\/uploads\/2019\/02\/Vallee-des-roses.jpg","type":"image\/jpeg"}],"twitter_card":"summary_large_image","twitter_site":"@TourTravel_More","twitter_misc":{"Tiempo de lectura":"3 minutos"},"schema":{"@context":"https:\/\/schema.org","@graph":[{"@type":"WebPage","@id":"https:\/\/tourtravelandmore.com\/es\/tours\/marruecos-es\/marrakech-es\/tour-privado-de-un-dia-a-las-montanas-atlas-desde-marrakech\/","url":"https:\/\/tourtravelandmore.com\/es\/tours\/marruecos-es\/marrakech-es\/tour-privado-de-un-dia-a-las-montanas-atlas-desde-marrakech\/","name":"Tour Privado de un d\u00eda a las monta\u00f1as Atlas con gu\u00eda oficial | TTM","isPartOf":{"@id":"https:\/\/tourtravelandmore.com\/es\/#website"},"primaryImageOfPage":{"@id":"https:\/\/tourtravelandmore.com\/es\/tours\/marruecos-es\/marrakech-es\/tour-privado-de-un-dia-a-las-montanas-atlas-desde-marrakech\/#primaryimage"},"image":{"@id":"https:\/\/tourtravelandmore.com\/es\/tours\/marruecos-es\/marrakech-es\/tour-privado-de-un-dia-a-las-montanas-atlas-desde-marrakech\/#primaryimage"},"thumbnailUrl":"https:\/\/tourtravelandmore.com\/wp-content\/uploads\/2019\/02\/Vallee-des-roses.jpg","datePublished":"2019-02-11T16:26:37+00:00","dateModified":"2023-05-11T18:53:14+00:00","description":"Disfruta este tour privado de un d\u00eda entero en las monta\u00f1as Atlas con gu\u00eda oficial. Entradas incluidas a los monumentos m\u00e1s emblem\u00e1ticos de la ciudad \u2705","breadcrumb":{"@id":"https:\/\/tourtravelandmore.com\/es\/tours\/marruecos-es\/marrakech-es\/tour-privado-de-un-dia-a-las-montanas-atlas-desde-marrakech\/#breadcrumb"},"inLanguage":"es","potentialAction":[{"@type":"ReadAction","target":["https:\/\/tourtravelandmore.com\/es\/tours\/marruecos-es\/marrakech-es\/tour-privado-de-un-dia-a-las-montanas-atlas-desde-marrakech\/"]}]},{"@type":"ImageObject","inLanguage":"es","@id":"https:\/\/tourtravelandmore.com\/es\/tours\/marruecos-es\/marrakech-es\/tour-privado-de-un-dia-a-las-montanas-atlas-desde-marrakech\/#primaryimage","url":"https:\/\/tourtravelandmore.com\/wp-content\/uploads\/2019\/02\/Vallee-des-roses.jpg","contentUrl":"https:\/\/tourtravelandmore.com\/wp-content\/uploads\/2019\/02\/Vallee-des-roses.jpg","width":800,"height":530},{"@type":"BreadcrumbList","@id":"https:\/\/tourtravelandmore.com\/es\/tours\/marruecos-es\/marrakech-es\/tour-privado-de-un-dia-a-las-montanas-atlas-desde-marrakech\/#breadcrumb","itemListElement":[{"@type":"ListItem","position":1,"name":"Home","item":"https:\/\/tourtravelandmore.com\/es\/"},{"@type":"ListItem","position":2,"name":"Tours","item":"https:\/\/tourtravelandmore.com\/es\/tours\/"},{"@type":"ListItem","position":3,"name":"Tour Privado: Excursi\u00f3n de un d\u00eda a las monta\u00f1as Atlas desde Marrakech (4 valles)"}]},{"@type":"WebSite","@id":"https:\/\/tourtravelandmore.com\/es\/#website","url":"https:\/\/tourtravelandmore.com\/es\/","name":"Tour Travel And More","description":"Private sightseeing tours and luxury transfers in Spain","publisher":{"@id":"https:\/\/tourtravelandmore.com\/es\/#organization"},"potentialAction":[{"@type":"SearchAction","target":{"@type":"EntryPoint","urlTemplate":"https:\/\/tourtravelandmore.com\/es\/?s={search_term_string}"},"query-input":{"@type":"PropertyValueSpecification","valueRequired":true,"valueName":"search_term_string"}}],"inLanguage":"es"},{"@type":"Organization","@id":"https:\/\/tourtravelandmore.com\/es\/#organization","name":"Tour Travel And More","url":"https:\/\/tourtravelandmore.com\/es\/","logo":{"@type":"ImageObject","inLanguage":"es","@id":"https:\/\/tourtravelandmore.com\/es\/#\/schema\/logo\/image\/","url":"https:\/\/tourtravelandmore.com\/wp-content\/uploads\/2022\/12\/cropped-logo-cabecera-new.png","contentUrl":"https:\/\/tourtravelandmore.com\/wp-content\/uploads\/2022\/12\/cropped-logo-cabecera-new.png","width":430,"height":61,"caption":"Tour Travel And More"},"image":{"@id":"https:\/\/tourtravelandmore.com\/es\/#\/schema\/logo\/image\/"},"sameAs":["https:\/\/www.facebook.com\/tourtravelandmore\/","https:\/\/x.com\/TourTravel_More"]}]}},"_links":{"self":[{"href":"https:\/\/tourtravelandmore.com\/es\/wp-json\/wp\/v2\/product\/32653","targetHints":{"allow":["GET"]}}],"collection":[{"href":"https:\/\/tourtravelandmore.com\/es\/wp-json\/wp\/v2\/product"}],"about":[{"href":"https:\/\/tourtravelandmore.com\/es\/wp-json\/wp\/v2\/types\/product"}],"replies":[{"embeddable":true,"href":"https:\/\/tourtravelandmore.com\/es\/wp-json\/wp\/v2\/comments?post=32653"}],"wp:featuredmedia":[{"embeddable":true,"href":"https:\/\/tourtravelandmore.com\/es\/wp-json\/wp\/v2\/media\/32668"}],"wp:attachment":[{"href":"https:\/\/tourtravelandmore.com\/es\/wp-json\/wp\/v2\/media?parent=32653"}],"wp:term":[{"taxonomy":"product_brand","embeddable":true,"href":"https:\/\/tourtravelandmore.com\/es\/wp-json\/wp\/v2\/product_brand?post=32653"},{"taxonomy":"product_cat","embeddable":true,"href":"https:\/\/tourtravelandmore.com\/es\/wp-json\/wp\/v2\/product_cat?post=32653"},{"taxonomy":"product_tag","embeddable":true,"href":"https:\/\/tourtravelandmore.com\/es\/wp-json\/wp\/v2\/product_tag?post=32653"}],"curies":[{"name":"wp","href":"https:\/\/api.w.org\/{rel}","templated":true}]}}