{"id":32587,"date":"2019-02-11T12:31:48","date_gmt":"2019-02-11T11:31:51","guid":{"rendered":"http:\/\/tourtravelandmore.com\/es\/tours\/uncategorized\/essaouira-tour-privado-de-dia-completo\/"},"modified":"2023-05-04T19:02:40","modified_gmt":"2023-05-04T17:02:40","slug":"essaouira-tour-privado-de-dia-completo","status":"publish","type":"product","link":"https:\/\/tourtravelandmore.com\/es\/tours\/marruecos-es\/marrakech-es\/essaouira-tour-privado-de-dia-completo\/","title":{"rendered":"Tour Privado: Excursi\u00f3n de d\u00eda completo a Essaouira desde Marrakech"},"content":{"rendered":"<h2>Descripci\u00f3n del Tour Privado: Excursi\u00f3n de d\u00eda completa a Essaouira desde Marrakech<\/h2>\n<p>Disfrute de los puntos m\u00e1s emblem\u00e1ticos de <strong>Essaouira <\/strong>conocida por su ambiente pac\u00edfico y art\u00edstico comenzando su <strong>tour privado<\/strong> con su <strong>gu\u00eda oficial<\/strong> visitando a pie la medina donde descubriremos sus murallas del siglo XVIII. Podremos admirar sus famosas puertas por las que est\u00e1 rodeada, algunas de las m\u00e1s conocidas son Bab Doukkla y Bab Sebaa. A continuaci\u00f3n, nos adentraremos en el puerto donde podremos conocer su famosa fortaleza con dos torres defensivas. Conocidas por salir en la serie Juego de tronos. Dentro del puerto tambi\u00e9n podremos conocer sus numerosas actividades portuarias como la venta del pescado. Nos adentraremos en la torre de la Skala donde veremos unas magn\u00edficas vistas de la ciudad.<\/p>\n<p>Es una ciudad portuaria de Marruecos, situada en la costa occidental atl\u00e1ntica. Su medina (casco antiguo) est\u00e1 protegida por murallas situadas frente a la costa. Estos muros, dise\u00f1ados por ingenieros europeos, reciben el nombre de Skala de la Kasbah. Unos antiguos ca\u00f1ones de metal custodian las murallas, que cuentan con vistas al mar. Los fuertes vientos alisios convierten la playa de la ciudad en el sitio perfecto para practicar surf, windsurf y kitesurf.<\/p>\n<p>Disfrute de la flexibilidad de este tour donde podemos centrarnos en lugares que m\u00e1s le interesen.<\/p>\n<h2>Puntos de inter\u00e9s<\/h2>\n<p>El <strong>tour privado<\/strong> comenzar\u00e1 con la recogida en su hotel o riad en vuestro <strong>veh\u00edculo privado con ch\u00f3fer<\/strong> para llegar a <strong>Essaouira<\/strong> situada a 3 horas de Marrakech. Su gu\u00eda les llevar\u00e1 por los distintos puntos m\u00e1s emblem\u00e1ticos de esta ciudad conocida por sus magn\u00edficas playas donde descubrir\u00e1n a\u00f1os de patrimonio cultural marroqu\u00ed.<\/p>\n<p>Nos iremos adentrando en esta ciudad y admirando numerosos monumentos como la Gran Mezquita, el mercado de Souk el Jdid y la plaza de Orson Welles. A continuaci\u00f3n, visitaremos su famoso barrio jud\u00edo llamado Mellah. Nos adentraremos en sus numerosas sinagogas. Este barrio est\u00e1 rodeado de un mercado, junto a la puerta de Bab Marrakech donde podemos su basti\u00f3n defensivo. En su exterior se encuentra el cementerio europeo.<\/p>\n<p>Para terminar este tour disfrutaremos de las fant\u00e1sticas playas de esta ciudad con arena fina en la que tienen la opci\u00f3n de disfrutar de alg\u00fan deporte acu\u00e1tico como es el Windsurf o visitar el Mausoleo de Sidi Magdoul.<\/p>\n<p>Durante vuestro tour, podr\u00e9is ver entre otros los siguientes lugares de inter\u00e9s:<\/p>\n<ul>\n<li><strong>Plaza de Orson Welles<\/strong><\/li>\n<li><strong>Gran Mezquita<\/strong><\/li>\n<li><strong>Paseo mar\u00edtimo Baba Sebaa<\/strong><\/li>\n<li><strong>Mellah<\/strong><\/li>\n<li><strong>Mucho m\u00e1s!<\/strong><\/li>\n<\/ul>\n<p>Ofrecemos a nuestros clientes tours privados para familias, amigos e incluso para incentivos o grupos grandes. Entendemos las necesidades de los viajeros mientras est\u00e1n de vacaciones, y hacemos todo lo posible para que su estancia sea inolvidable. Nuestra flota se compone de veh\u00edculos de lujo y nuestro personal es perfectamente multiling\u00fce. Nuestros gu\u00edas hablan varios idiomas:<em> Ingl\u00e9s, Espa\u00f1ol, Franc\u00e9s, Italiano, Polaco, Holand\u00e9s, Chino, Ruso, Japon\u00e9s, Alem\u00e1n, Griego y Portugu\u00e9s.<\/em><\/p>\n","protected":false},"excerpt":{"rendered":"<p>\u00danase a nosotros en esta <strong>excursi\u00f3n privada de d\u00eda completo a Essaouira desde Marrakech<\/strong> y admire los lugares y monumentos m\u00e1s importantes. Una vez en <strong>Essaouira<\/strong> puedes disfrute de la <strong>medina<\/strong>, declarada P<strong>atrimonio de la Humanidad por la UNESCO<\/strong>, y de sus numerosas playas y monumentos como la <strong>Gran Mezquita<\/strong> o la <strong>Plaza Orson Welles<\/strong>, conocida por la pel\u00edcula Othello y mucho m\u00e1s.<\/p>\n","protected":false},"featured_media":32593,"comment_status":"open","ping_status":"closed","template":"","meta":{"_acf_changed":false},"product_brand":[],"product_cat":[1610,1112,1114,1113],"product_tag":[],"class_list":{"0":"post-32587","1":"product","2":"type-product","3":"status-publish","4":"has-post-thumbnail","6":"product_cat-marruecos-es","7":"product_cat-marrakech-es","8":"product_cat-marrakech-actividades-es","9":"product_cat-marrakech-excursiones-es","11":"first","12":"instock","13":"shipping-taxable","14":"purchasable","15":"product-type-simple"},"acf":[],"yoast_head":"<!-- This site is optimized with the Yoast SEO Premium plugin v25.3.1 (Yoast SEO v25.3.1) - https:\/\/yoast.com\/wordpress\/plugins\/seo\/ -->\n<title>Tour Privado de d\u00eda completo a Essaouira con gu\u00eda oficial | TTM<\/title>\n<meta name=\"description\" content=\"Disfruta este tour privado de d\u00eda completo a Essaouira con gu\u00eda oficial. Entradas incluidas a los monumentos m\u00e1s emblem\u00e1ticos de la ciudad \u2705\" \/>\n<meta name=\"robots\" content=\"index, follow, max-snippet:-1, max-image-preview:large, max-video-preview:-1\" \/>\n<link rel=\"canonical\" href=\"https:\/\/tourtravelandmore.com\/es\/tours\/marruecos-es\/marrakech-es\/essaouira-tour-privado-de-dia-completo\/\" \/>\n<meta property=\"og:locale\" content=\"es_ES\" \/>\n<meta property=\"og:type\" content=\"article\" \/>\n<meta property=\"og:title\" content=\"Tour Privado: Excursi\u00f3n de d\u00eda completo a Essaouira desde Marrakech\" \/>\n<meta property=\"og:description\" content=\"Disfruta este tour privado de d\u00eda completo a Essaouira con gu\u00eda oficial. Entradas incluidas a los monumentos m\u00e1s emblem\u00e1ticos de la ciudad \u2705\" \/>\n<meta property=\"og:url\" content=\"https:\/\/tourtravelandmore.com\/es\/tours\/marruecos-es\/marrakech-es\/essaouira-tour-privado-de-dia-completo\/\" \/>\n<meta property=\"og:site_name\" content=\"Tour Travel And More\" \/>\n<meta property=\"article:publisher\" content=\"https:\/\/www.facebook.com\/tourtravelandmore\/\" \/>\n<meta property=\"article:modified_time\" content=\"2023-05-04T17:02:40+00:00\" \/>\n<meta property=\"og:image\" content=\"https:\/\/tourtravelandmore.com\/wp-content\/uploads\/2019\/02\/10464243854_dd0b71b1ed_b-esouria.jpg\" \/>\n\t<meta property=\"og:image:width\" content=\"1024\" \/>\n\t<meta property=\"og:image:height\" content=\"576\" \/>\n\t<meta property=\"og:image:type\" content=\"image\/jpeg\" \/>\n<meta name=\"twitter:card\" content=\"summary_large_image\" \/>\n<meta name=\"twitter:site\" content=\"@TourTravel_More\" \/>\n<meta name=\"twitter:label1\" content=\"Tiempo de lectura\" \/>\n\t<meta name=\"twitter:data1\" content=\"3 minutos\" \/>\n<script type=\"application\/ld+json\" class=\"yoast-schema-graph\">{\"@context\":\"https:\/\/schema.org\",\"@graph\":[{\"@type\":\"WebPage\",\"@id\":\"https:\/\/tourtravelandmore.com\/es\/tours\/marruecos-es\/marrakech-es\/essaouira-tour-privado-de-dia-completo\/\",\"url\":\"https:\/\/tourtravelandmore.com\/es\/tours\/marruecos-es\/marrakech-es\/essaouira-tour-privado-de-dia-completo\/\",\"name\":\"Tour Privado de d\u00eda completo a Essaouira con gu\u00eda oficial | TTM\",\"isPartOf\":{\"@id\":\"https:\/\/tourtravelandmore.com\/es\/#website\"},\"primaryImageOfPage\":{\"@id\":\"https:\/\/tourtravelandmore.com\/es\/tours\/marruecos-es\/marrakech-es\/essaouira-tour-privado-de-dia-completo\/#primaryimage\"},\"image\":{\"@id\":\"https:\/\/tourtravelandmore.com\/es\/tours\/marruecos-es\/marrakech-es\/essaouira-tour-privado-de-dia-completo\/#primaryimage\"},\"thumbnailUrl\":\"https:\/\/tourtravelandmore.com\/wp-content\/uploads\/2019\/02\/10464243854_dd0b71b1ed_b-esouria.jpg\",\"datePublished\":\"2019-02-11T11:31:51+00:00\",\"dateModified\":\"2023-05-04T17:02:40+00:00\",\"description\":\"Disfruta este tour privado de d\u00eda completo a Essaouira con gu\u00eda oficial. Entradas incluidas a los monumentos m\u00e1s emblem\u00e1ticos de la ciudad \u2705\",\"breadcrumb\":{\"@id\":\"https:\/\/tourtravelandmore.com\/es\/tours\/marruecos-es\/marrakech-es\/essaouira-tour-privado-de-dia-completo\/#breadcrumb\"},\"inLanguage\":\"es\",\"potentialAction\":[{\"@type\":\"ReadAction\",\"target\":[\"https:\/\/tourtravelandmore.com\/es\/tours\/marruecos-es\/marrakech-es\/essaouira-tour-privado-de-dia-completo\/\"]}]},{\"@type\":\"ImageObject\",\"inLanguage\":\"es\",\"@id\":\"https:\/\/tourtravelandmore.com\/es\/tours\/marruecos-es\/marrakech-es\/essaouira-tour-privado-de-dia-completo\/#primaryimage\",\"url\":\"https:\/\/tourtravelandmore.com\/wp-content\/uploads\/2019\/02\/10464243854_dd0b71b1ed_b-esouria.jpg\",\"contentUrl\":\"https:\/\/tourtravelandmore.com\/wp-content\/uploads\/2019\/02\/10464243854_dd0b71b1ed_b-esouria.jpg\",\"width\":1024,\"height\":576},{\"@type\":\"BreadcrumbList\",\"@id\":\"https:\/\/tourtravelandmore.com\/es\/tours\/marruecos-es\/marrakech-es\/essaouira-tour-privado-de-dia-completo\/#breadcrumb\",\"itemListElement\":[{\"@type\":\"ListItem\",\"position\":1,\"name\":\"Home\",\"item\":\"https:\/\/tourtravelandmore.com\/es\/\"},{\"@type\":\"ListItem\",\"position\":2,\"name\":\"Tours\",\"item\":\"https:\/\/tourtravelandmore.com\/es\/tours\/\"},{\"@type\":\"ListItem\",\"position\":3,\"name\":\"Tour Privado: Excursi\u00f3n de d\u00eda completo a Essaouira desde Marrakech\"}]},{\"@type\":\"WebSite\",\"@id\":\"https:\/\/tourtravelandmore.com\/es\/#website\",\"url\":\"https:\/\/tourtravelandmore.com\/es\/\",\"name\":\"Tour Travel And More\",\"description\":\"Private sightseeing tours and luxury transfers in Spain\",\"publisher\":{\"@id\":\"https:\/\/tourtravelandmore.com\/es\/#organization\"},\"potentialAction\":[{\"@type\":\"SearchAction\",\"target\":{\"@type\":\"EntryPoint\",\"urlTemplate\":\"https:\/\/tourtravelandmore.com\/es\/?s={search_term_string}\"},\"query-input\":{\"@type\":\"PropertyValueSpecification\",\"valueRequired\":true,\"valueName\":\"search_term_string\"}}],\"inLanguage\":\"es\"},{\"@type\":\"Organization\",\"@id\":\"https:\/\/tourtravelandmore.com\/es\/#organization\",\"name\":\"Tour Travel And More\",\"url\":\"https:\/\/tourtravelandmore.com\/es\/\",\"logo\":{\"@type\":\"ImageObject\",\"inLanguage\":\"es\",\"@id\":\"https:\/\/tourtravelandmore.com\/es\/#\/schema\/logo\/image\/\",\"url\":\"https:\/\/tourtravelandmore.com\/wp-content\/uploads\/2022\/12\/cropped-logo-cabecera-new.png\",\"contentUrl\":\"https:\/\/tourtravelandmore.com\/wp-content\/uploads\/2022\/12\/cropped-logo-cabecera-new.png\",\"width\":430,\"height\":61,\"caption\":\"Tour Travel And More\"},\"image\":{\"@id\":\"https:\/\/tourtravelandmore.com\/es\/#\/schema\/logo\/image\/\"},\"sameAs\":[\"https:\/\/www.facebook.com\/tourtravelandmore\/\",\"https:\/\/x.com\/TourTravel_More\"]}]}<\/script>\n<!-- \/ Yoast SEO Premium plugin. -->","yoast_head_json":{"title":"Tour Privado de d\u00eda completo a Essaouira con gu\u00eda oficial | TTM","description":"Disfruta este tour privado de d\u00eda completo a Essaouira con gu\u00eda oficial. Entradas incluidas a los monumentos m\u00e1s emblem\u00e1ticos de la ciudad \u2705","robots":{"index":"index","follow":"follow","max-snippet":"max-snippet:-1","max-image-preview":"max-image-preview:large","max-video-preview":"max-video-preview:-1"},"canonical":"https:\/\/tourtravelandmore.com\/es\/tours\/marruecos-es\/marrakech-es\/essaouira-tour-privado-de-dia-completo\/","og_locale":"es_ES","og_type":"article","og_title":"Tour Privado: Excursi\u00f3n de d\u00eda completo a Essaouira desde Marrakech","og_description":"Disfruta este tour privado de d\u00eda completo a Essaouira con gu\u00eda oficial. Entradas incluidas a los monumentos m\u00e1s emblem\u00e1ticos de la ciudad \u2705","og_url":"https:\/\/tourtravelandmore.com\/es\/tours\/marruecos-es\/marrakech-es\/essaouira-tour-privado-de-dia-completo\/","og_site_name":"Tour Travel And More","article_publisher":"https:\/\/www.facebook.com\/tourtravelandmore\/","article_modified_time":"2023-05-04T17:02:40+00:00","og_image":[{"width":1024,"height":576,"url":"https:\/\/tourtravelandmore.com\/wp-content\/uploads\/2019\/02\/10464243854_dd0b71b1ed_b-esouria.jpg","type":"image\/jpeg"}],"twitter_card":"summary_large_image","twitter_site":"@TourTravel_More","twitter_misc":{"Tiempo de lectura":"3 minutos"},"schema":{"@context":"https:\/\/schema.org","@graph":[{"@type":"WebPage","@id":"https:\/\/tourtravelandmore.com\/es\/tours\/marruecos-es\/marrakech-es\/essaouira-tour-privado-de-dia-completo\/","url":"https:\/\/tourtravelandmore.com\/es\/tours\/marruecos-es\/marrakech-es\/essaouira-tour-privado-de-dia-completo\/","name":"Tour Privado de d\u00eda completo a Essaouira con gu\u00eda oficial | TTM","isPartOf":{"@id":"https:\/\/tourtravelandmore.com\/es\/#website"},"primaryImageOfPage":{"@id":"https:\/\/tourtravelandmore.com\/es\/tours\/marruecos-es\/marrakech-es\/essaouira-tour-privado-de-dia-completo\/#primaryimage"},"image":{"@id":"https:\/\/tourtravelandmore.com\/es\/tours\/marruecos-es\/marrakech-es\/essaouira-tour-privado-de-dia-completo\/#primaryimage"},"thumbnailUrl":"https:\/\/tourtravelandmore.com\/wp-content\/uploads\/2019\/02\/10464243854_dd0b71b1ed_b-esouria.jpg","datePublished":"2019-02-11T11:31:51+00:00","dateModified":"2023-05-04T17:02:40+00:00","description":"Disfruta este tour privado de d\u00eda completo a Essaouira con gu\u00eda oficial. Entradas incluidas a los monumentos m\u00e1s emblem\u00e1ticos de la ciudad \u2705","breadcrumb":{"@id":"https:\/\/tourtravelandmore.com\/es\/tours\/marruecos-es\/marrakech-es\/essaouira-tour-privado-de-dia-completo\/#breadcrumb"},"inLanguage":"es","potentialAction":[{"@type":"ReadAction","target":["https:\/\/tourtravelandmore.com\/es\/tours\/marruecos-es\/marrakech-es\/essaouira-tour-privado-de-dia-completo\/"]}]},{"@type":"ImageObject","inLanguage":"es","@id":"https:\/\/tourtravelandmore.com\/es\/tours\/marruecos-es\/marrakech-es\/essaouira-tour-privado-de-dia-completo\/#primaryimage","url":"https:\/\/tourtravelandmore.com\/wp-content\/uploads\/2019\/02\/10464243854_dd0b71b1ed_b-esouria.jpg","contentUrl":"https:\/\/tourtravelandmore.com\/wp-content\/uploads\/2019\/02\/10464243854_dd0b71b1ed_b-esouria.jpg","width":1024,"height":576},{"@type":"BreadcrumbList","@id":"https:\/\/tourtravelandmore.com\/es\/tours\/marruecos-es\/marrakech-es\/essaouira-tour-privado-de-dia-completo\/#breadcrumb","itemListElement":[{"@type":"ListItem","position":1,"name":"Home","item":"https:\/\/tourtravelandmore.com\/es\/"},{"@type":"ListItem","position":2,"name":"Tours","item":"https:\/\/tourtravelandmore.com\/es\/tours\/"},{"@type":"ListItem","position":3,"name":"Tour Privado: Excursi\u00f3n de d\u00eda completo a Essaouira desde Marrakech"}]},{"@type":"WebSite","@id":"https:\/\/tourtravelandmore.com\/es\/#website","url":"https:\/\/tourtravelandmore.com\/es\/","name":"Tour Travel And More","description":"Private sightseeing tours and luxury transfers in Spain","publisher":{"@id":"https:\/\/tourtravelandmore.com\/es\/#organization"},"potentialAction":[{"@type":"SearchAction","target":{"@type":"EntryPoint","urlTemplate":"https:\/\/tourtravelandmore.com\/es\/?s={search_term_string}"},"query-input":{"@type":"PropertyValueSpecification","valueRequired":true,"valueName":"search_term_string"}}],"inLanguage":"es"},{"@type":"Organization","@id":"https:\/\/tourtravelandmore.com\/es\/#organization","name":"Tour Travel And More","url":"https:\/\/tourtravelandmore.com\/es\/","logo":{"@type":"ImageObject","inLanguage":"es","@id":"https:\/\/tourtravelandmore.com\/es\/#\/schema\/logo\/image\/","url":"https:\/\/tourtravelandmore.com\/wp-content\/uploads\/2022\/12\/cropped-logo-cabecera-new.png","contentUrl":"https:\/\/tourtravelandmore.com\/wp-content\/uploads\/2022\/12\/cropped-logo-cabecera-new.png","width":430,"height":61,"caption":"Tour Travel And More"},"image":{"@id":"https:\/\/tourtravelandmore.com\/es\/#\/schema\/logo\/image\/"},"sameAs":["https:\/\/www.facebook.com\/tourtravelandmore\/","https:\/\/x.com\/TourTravel_More"]}]}},"_links":{"self":[{"href":"https:\/\/tourtravelandmore.com\/es\/wp-json\/wp\/v2\/product\/32587","targetHints":{"allow":["GET"]}}],"collection":[{"href":"https:\/\/tourtravelandmore.com\/es\/wp-json\/wp\/v2\/product"}],"about":[{"href":"https:\/\/tourtravelandmore.com\/es\/wp-json\/wp\/v2\/types\/product"}],"replies":[{"embeddable":true,"href":"https:\/\/tourtravelandmore.com\/es\/wp-json\/wp\/v2\/comments?post=32587"}],"wp:featuredmedia":[{"embeddable":true,"href":"https:\/\/tourtravelandmore.com\/es\/wp-json\/wp\/v2\/media\/32593"}],"wp:attachment":[{"href":"https:\/\/tourtravelandmore.com\/es\/wp-json\/wp\/v2\/media?parent=32587"}],"wp:term":[{"taxonomy":"product_brand","embeddable":true,"href":"https:\/\/tourtravelandmore.com\/es\/wp-json\/wp\/v2\/product_brand?post=32587"},{"taxonomy":"product_cat","embeddable":true,"href":"https:\/\/tourtravelandmore.com\/es\/wp-json\/wp\/v2\/product_cat?post=32587"},{"taxonomy":"product_tag","embeddable":true,"href":"https:\/\/tourtravelandmore.com\/es\/wp-json\/wp\/v2\/product_tag?post=32587"}],"curies":[{"name":"wp","href":"https:\/\/api.w.org\/{rel}","templated":true}]}}