{"id":32400,"date":"2019-02-08T16:26:59","date_gmt":"2019-02-08T15:27:03","guid":{"rendered":"http:\/\/tourtravelandmore.com\/es\/tours\/uncategorized\/tour-privado-de-dia-completo-en-mrrakech\/"},"modified":"2021-11-05T09:31:45","modified_gmt":"2021-11-05T08:31:45","slug":"tour-privado-de-dia-completo-en-mrrakech","status":"publish","type":"product","link":"https:\/\/tourtravelandmore.com\/es\/tours\/marruecos-es\/casablanca-es\/tour-privado-de-dia-completo-en-mrrakech\/","title":{"rendered":"Tour privado de d\u00eda completo a Marrakech desde Casablanca"},"content":{"rendered":"<h2>Descripci\u00f3n del Tour privado de d\u00eda completo a Marrakech desde Casablanca<\/h2>\n<p>Disfrute de este<strong> tour privado<\/strong> con vuestro <strong>gu\u00eda privado oficial<\/strong> y conoce la maravillosa ciudad de antigua de <strong>Marrakech.<\/strong><\/p>\n<p>Empezaremos el tour privado con la visita de las Tumbas Saad\u00edes del S. XVI donde aparte de conocer su incre\u00edble belleza podremos conocer el lugar donde est\u00e1n enterrados numerosos sultanes y guerreros. A continuaci\u00f3n, iremos paseando por las callejuelas de la ciudad llenas de turistas de numerosas motos. Continuaremos nuestro tour con el Barrio Jud\u00edo, mercadillo de la Kasbah. Despu\u00e9s llegaremos al Gran Zoco de Marrakech, uno de los sitios m\u00e1s impresionantes de la ciudad. Para terminar en la medina nos dirigiremos a la plaza m\u00e1s importante de Marrakech, Jemaa el Fna, situada en el centro de la ciudad, donde podr\u00e1s degustar el famoso zumo de naranja o hacerte fotos con las famosas serpientes.<\/p>\n<p>Para terminar esta visita disfrutaremos la mezquita Koutoubia, siendo la m\u00e1s grande de Marrakech. Podremos admirar su bonita plaza con jardines, iluminada por las noches. Seguiremos hasta el palacio de la Bah\u00eda ubicado junto a unos bonitos jardines. Este palacio se construy\u00f3 para el disfrute del sult\u00e1n.<\/p>\n<h2>Principales puntos de inter\u00e9s durante este tour privado<\/h2>\n<p>El <strong>tour privado<\/strong> comenzar\u00e1 con la recogida en su hotel o riad en <strong>veh\u00edculo privado con\u00a0<\/strong><b>ch\u00f3fer<\/b>\u00a0y nos dirigiremos a <strong>Marrakech<\/strong>. Su gu\u00eda les llevar\u00e1 por los distintos puntos m\u00e1s emblem\u00e1ticos de la medina y del resto de la ciudad convertida en la capital y en el centro econ\u00f3mico-pol\u00edtico y cultural de los n\u00f3madas almor\u00e1vides<\/p>\n<p>Durante vuestro d\u00eda, podr\u00e9is ver entre otros los siguientes lugares de inter\u00e9s:<\/p>\n<ul>\n<li><strong>Mezquita Koutoubia<\/strong><\/li>\n<li><strong>Plaza Jemaa el Fna<\/strong><\/li>\n<li><strong>Palacio de la Bah\u00eda<\/strong><\/li>\n<li><strong>Tumbas Saadies<\/strong><\/li>\n<li><strong>\u00a1Mucho m\u00e1s!<\/strong><\/li>\n<\/ul>\n<h3>La Ciudad: Marrakech<\/h3>\n<p>Marrakech es una de las ciudades m\u00e1s importantes de Marruecos. Posee numerosos monumentos patrimonio de la Humanidad. Es, junto a Meknes, Fez y Rabat, una de las cuatro ciudades imperiales de Marruecos.<\/p>\n<h3>Nuestros Tours Privados en Tour Travel &amp; More<\/h3>\n<p>Ofrecemos a nuestros clientes tours privados para familias, amigos e incluso para incentivos o grupos grandes. Entendemos las necesidades de los viajeros mientras est\u00e1n de vacaciones, y hacemos todo lo posible para que su estancia sea inolvidable. Nuestra flota se compone de veh\u00edculos de lujo y nuestro personal es perfectamente multiling\u00fce. Nuestros gu\u00edas hablan varios idiomas: Ingl\u00e9s, Espa\u00f1ol, Franc\u00e9s, Italiano, Polaco, Holand\u00e9s, Chino, Ruso, Japon\u00e9s, Alem\u00e1n, Griego y Portugu\u00e9s.<\/p>\n","protected":false},"excerpt":{"rendered":"<p>Acomp\u00e1\u00f1enos en este<strong> tour privado de d\u00eda completo a<\/strong>\u00a0<strong>Marrakech desde Casablanca<\/strong>, donde podr\u00e1 visitar una de las cuatro ciudades imperiales. Con este tour privado podr\u00e1 aventurarse en la <strong>medina de Marrakech<\/strong> y en el resto de lugares m\u00e1s emblem\u00e1ticos de esta ciudad donde podr\u00e1 explorar a\u00f1os de cultura hist\u00f3rica junto a su gu\u00eda oficial privado.<\/p>\n<p>&nbsp;<\/p>\n","protected":false},"featured_media":32410,"comment_status":"open","ping_status":"closed","template":"","meta":{"_acf_changed":false},"product_brand":[],"product_cat":[1610,1100,1101,1102],"product_tag":[],"class_list":{"0":"post-32400","1":"product","2":"type-product","3":"status-publish","4":"has-post-thumbnail","6":"product_cat-marruecos-es","7":"product_cat-casablanca-es","8":"product_cat-casablanca-actividades-es","9":"product_cat-casablanca-excursiones-es","11":"first","12":"instock","13":"shipping-taxable","14":"purchasable","15":"product-type-simple"},"acf":[],"yoast_head":"<!-- This site is optimized with the Yoast SEO Premium plugin v25.3.1 (Yoast SEO v25.3.1) - https:\/\/yoast.com\/wordpress\/plugins\/seo\/ -->\n<title>Tour Privado de d\u00eda completa en Marrakech con gu\u00eda oficial | TTM<\/title>\n<meta name=\"description\" content=\"\u2192 Disfruta este tour privado de d\u00eda completo con gu\u00eda oficial. Entradas incluidas a los monumentos m\u00e1s emblem\u00e1ticos de la ciudad \u2705\" \/>\n<meta name=\"robots\" content=\"index, follow, max-snippet:-1, max-image-preview:large, max-video-preview:-1\" \/>\n<link rel=\"canonical\" href=\"https:\/\/tourtravelandmore.com\/es\/tours\/marruecos-es\/casablanca-es\/tour-privado-de-dia-completo-en-mrrakech\/\" \/>\n<meta property=\"og:locale\" content=\"es_ES\" \/>\n<meta property=\"og:type\" content=\"article\" \/>\n<meta property=\"og:title\" content=\"Tour privado de d\u00eda completo a Marrakech desde Casablanca\" \/>\n<meta property=\"og:description\" content=\"\u2192 Disfruta este tour privado de d\u00eda completo con gu\u00eda oficial. Entradas incluidas a los monumentos m\u00e1s emblem\u00e1ticos de la ciudad \u2705\" \/>\n<meta property=\"og:url\" content=\"https:\/\/tourtravelandmore.com\/es\/tours\/marruecos-es\/casablanca-es\/tour-privado-de-dia-completo-en-mrrakech\/\" \/>\n<meta property=\"og:site_name\" content=\"Tour Travel And More\" \/>\n<meta property=\"article:publisher\" content=\"https:\/\/www.facebook.com\/tourtravelandmore\/\" \/>\n<meta property=\"article:modified_time\" content=\"2021-11-05T08:31:45+00:00\" \/>\n<meta property=\"og:image\" content=\"https:\/\/tourtravelandmore.com\/wp-content\/uploads\/2019\/02\/Marrakech_2009_Bab_Agnaou_Gate_LL-scaled.jpg\" \/>\n\t<meta property=\"og:image:width\" content=\"4288\" \/>\n\t<meta property=\"og:image:height\" content=\"3160\" \/>\n\t<meta property=\"og:image:type\" content=\"image\/jpeg\" \/>\n<meta name=\"twitter:card\" content=\"summary_large_image\" \/>\n<meta name=\"twitter:site\" content=\"@TourTravel_More\" \/>\n<meta name=\"twitter:label1\" content=\"Tiempo de lectura\" \/>\n\t<meta name=\"twitter:data1\" content=\"2 minutos\" \/>\n<script type=\"application\/ld+json\" class=\"yoast-schema-graph\">{\"@context\":\"https:\/\/schema.org\",\"@graph\":[{\"@type\":\"WebPage\",\"@id\":\"https:\/\/tourtravelandmore.com\/es\/tours\/marruecos-es\/casablanca-es\/tour-privado-de-dia-completo-en-mrrakech\/\",\"url\":\"https:\/\/tourtravelandmore.com\/es\/tours\/marruecos-es\/casablanca-es\/tour-privado-de-dia-completo-en-mrrakech\/\",\"name\":\"Tour Privado de d\u00eda completa en Marrakech con gu\u00eda oficial | TTM\",\"isPartOf\":{\"@id\":\"https:\/\/tourtravelandmore.com\/es\/#website\"},\"primaryImageOfPage\":{\"@id\":\"https:\/\/tourtravelandmore.com\/es\/tours\/marruecos-es\/casablanca-es\/tour-privado-de-dia-completo-en-mrrakech\/#primaryimage\"},\"image\":{\"@id\":\"https:\/\/tourtravelandmore.com\/es\/tours\/marruecos-es\/casablanca-es\/tour-privado-de-dia-completo-en-mrrakech\/#primaryimage\"},\"thumbnailUrl\":\"https:\/\/tourtravelandmore.com\/wp-content\/uploads\/2019\/02\/Marrakech_2009_Bab_Agnaou_Gate_LL-scaled.jpg\",\"datePublished\":\"2019-02-08T15:27:03+00:00\",\"dateModified\":\"2021-11-05T08:31:45+00:00\",\"description\":\"\u2192 Disfruta este tour privado de d\u00eda completo con gu\u00eda oficial. Entradas incluidas a los monumentos m\u00e1s emblem\u00e1ticos de la ciudad \u2705\",\"breadcrumb\":{\"@id\":\"https:\/\/tourtravelandmore.com\/es\/tours\/marruecos-es\/casablanca-es\/tour-privado-de-dia-completo-en-mrrakech\/#breadcrumb\"},\"inLanguage\":\"es\",\"potentialAction\":[{\"@type\":\"ReadAction\",\"target\":[\"https:\/\/tourtravelandmore.com\/es\/tours\/marruecos-es\/casablanca-es\/tour-privado-de-dia-completo-en-mrrakech\/\"]}]},{\"@type\":\"ImageObject\",\"inLanguage\":\"es\",\"@id\":\"https:\/\/tourtravelandmore.com\/es\/tours\/marruecos-es\/casablanca-es\/tour-privado-de-dia-completo-en-mrrakech\/#primaryimage\",\"url\":\"https:\/\/tourtravelandmore.com\/wp-content\/uploads\/2019\/02\/Marrakech_2009_Bab_Agnaou_Gate_LL-scaled.jpg\",\"contentUrl\":\"https:\/\/tourtravelandmore.com\/wp-content\/uploads\/2019\/02\/Marrakech_2009_Bab_Agnaou_Gate_LL-scaled.jpg\",\"width\":4288,\"height\":3160},{\"@type\":\"BreadcrumbList\",\"@id\":\"https:\/\/tourtravelandmore.com\/es\/tours\/marruecos-es\/casablanca-es\/tour-privado-de-dia-completo-en-mrrakech\/#breadcrumb\",\"itemListElement\":[{\"@type\":\"ListItem\",\"position\":1,\"name\":\"Home\",\"item\":\"https:\/\/tourtravelandmore.com\/es\/\"},{\"@type\":\"ListItem\",\"position\":2,\"name\":\"Tours\",\"item\":\"https:\/\/tourtravelandmore.com\/es\/tours\/\"},{\"@type\":\"ListItem\",\"position\":3,\"name\":\"Tour privado de d\u00eda completo a Marrakech desde Casablanca\"}]},{\"@type\":\"WebSite\",\"@id\":\"https:\/\/tourtravelandmore.com\/es\/#website\",\"url\":\"https:\/\/tourtravelandmore.com\/es\/\",\"name\":\"Tour Travel And More\",\"description\":\"Private sightseeing tours and luxury transfers in Spain\",\"publisher\":{\"@id\":\"https:\/\/tourtravelandmore.com\/es\/#organization\"},\"potentialAction\":[{\"@type\":\"SearchAction\",\"target\":{\"@type\":\"EntryPoint\",\"urlTemplate\":\"https:\/\/tourtravelandmore.com\/es\/?s={search_term_string}\"},\"query-input\":{\"@type\":\"PropertyValueSpecification\",\"valueRequired\":true,\"valueName\":\"search_term_string\"}}],\"inLanguage\":\"es\"},{\"@type\":\"Organization\",\"@id\":\"https:\/\/tourtravelandmore.com\/es\/#organization\",\"name\":\"Tour Travel And More\",\"url\":\"https:\/\/tourtravelandmore.com\/es\/\",\"logo\":{\"@type\":\"ImageObject\",\"inLanguage\":\"es\",\"@id\":\"https:\/\/tourtravelandmore.com\/es\/#\/schema\/logo\/image\/\",\"url\":\"https:\/\/tourtravelandmore.com\/wp-content\/uploads\/2022\/12\/cropped-logo-cabecera-new.png\",\"contentUrl\":\"https:\/\/tourtravelandmore.com\/wp-content\/uploads\/2022\/12\/cropped-logo-cabecera-new.png\",\"width\":430,\"height\":61,\"caption\":\"Tour Travel And More\"},\"image\":{\"@id\":\"https:\/\/tourtravelandmore.com\/es\/#\/schema\/logo\/image\/\"},\"sameAs\":[\"https:\/\/www.facebook.com\/tourtravelandmore\/\",\"https:\/\/x.com\/TourTravel_More\"]}]}<\/script>\n<!-- \/ Yoast SEO Premium plugin. -->","yoast_head_json":{"title":"Tour Privado de d\u00eda completa en Marrakech con gu\u00eda oficial | TTM","description":"\u2192 Disfruta este tour privado de d\u00eda completo con gu\u00eda oficial. Entradas incluidas a los monumentos m\u00e1s emblem\u00e1ticos de la ciudad \u2705","robots":{"index":"index","follow":"follow","max-snippet":"max-snippet:-1","max-image-preview":"max-image-preview:large","max-video-preview":"max-video-preview:-1"},"canonical":"https:\/\/tourtravelandmore.com\/es\/tours\/marruecos-es\/casablanca-es\/tour-privado-de-dia-completo-en-mrrakech\/","og_locale":"es_ES","og_type":"article","og_title":"Tour privado de d\u00eda completo a Marrakech desde Casablanca","og_description":"\u2192 Disfruta este tour privado de d\u00eda completo con gu\u00eda oficial. Entradas incluidas a los monumentos m\u00e1s emblem\u00e1ticos de la ciudad \u2705","og_url":"https:\/\/tourtravelandmore.com\/es\/tours\/marruecos-es\/casablanca-es\/tour-privado-de-dia-completo-en-mrrakech\/","og_site_name":"Tour Travel And More","article_publisher":"https:\/\/www.facebook.com\/tourtravelandmore\/","article_modified_time":"2021-11-05T08:31:45+00:00","og_image":[{"width":4288,"height":3160,"url":"https:\/\/tourtravelandmore.com\/wp-content\/uploads\/2019\/02\/Marrakech_2009_Bab_Agnaou_Gate_LL-scaled.jpg","type":"image\/jpeg"}],"twitter_card":"summary_large_image","twitter_site":"@TourTravel_More","twitter_misc":{"Tiempo de lectura":"2 minutos"},"schema":{"@context":"https:\/\/schema.org","@graph":[{"@type":"WebPage","@id":"https:\/\/tourtravelandmore.com\/es\/tours\/marruecos-es\/casablanca-es\/tour-privado-de-dia-completo-en-mrrakech\/","url":"https:\/\/tourtravelandmore.com\/es\/tours\/marruecos-es\/casablanca-es\/tour-privado-de-dia-completo-en-mrrakech\/","name":"Tour Privado de d\u00eda completa en Marrakech con gu\u00eda oficial | TTM","isPartOf":{"@id":"https:\/\/tourtravelandmore.com\/es\/#website"},"primaryImageOfPage":{"@id":"https:\/\/tourtravelandmore.com\/es\/tours\/marruecos-es\/casablanca-es\/tour-privado-de-dia-completo-en-mrrakech\/#primaryimage"},"image":{"@id":"https:\/\/tourtravelandmore.com\/es\/tours\/marruecos-es\/casablanca-es\/tour-privado-de-dia-completo-en-mrrakech\/#primaryimage"},"thumbnailUrl":"https:\/\/tourtravelandmore.com\/wp-content\/uploads\/2019\/02\/Marrakech_2009_Bab_Agnaou_Gate_LL-scaled.jpg","datePublished":"2019-02-08T15:27:03+00:00","dateModified":"2021-11-05T08:31:45+00:00","description":"\u2192 Disfruta este tour privado de d\u00eda completo con gu\u00eda oficial. Entradas incluidas a los monumentos m\u00e1s emblem\u00e1ticos de la ciudad \u2705","breadcrumb":{"@id":"https:\/\/tourtravelandmore.com\/es\/tours\/marruecos-es\/casablanca-es\/tour-privado-de-dia-completo-en-mrrakech\/#breadcrumb"},"inLanguage":"es","potentialAction":[{"@type":"ReadAction","target":["https:\/\/tourtravelandmore.com\/es\/tours\/marruecos-es\/casablanca-es\/tour-privado-de-dia-completo-en-mrrakech\/"]}]},{"@type":"ImageObject","inLanguage":"es","@id":"https:\/\/tourtravelandmore.com\/es\/tours\/marruecos-es\/casablanca-es\/tour-privado-de-dia-completo-en-mrrakech\/#primaryimage","url":"https:\/\/tourtravelandmore.com\/wp-content\/uploads\/2019\/02\/Marrakech_2009_Bab_Agnaou_Gate_LL-scaled.jpg","contentUrl":"https:\/\/tourtravelandmore.com\/wp-content\/uploads\/2019\/02\/Marrakech_2009_Bab_Agnaou_Gate_LL-scaled.jpg","width":4288,"height":3160},{"@type":"BreadcrumbList","@id":"https:\/\/tourtravelandmore.com\/es\/tours\/marruecos-es\/casablanca-es\/tour-privado-de-dia-completo-en-mrrakech\/#breadcrumb","itemListElement":[{"@type":"ListItem","position":1,"name":"Home","item":"https:\/\/tourtravelandmore.com\/es\/"},{"@type":"ListItem","position":2,"name":"Tours","item":"https:\/\/tourtravelandmore.com\/es\/tours\/"},{"@type":"ListItem","position":3,"name":"Tour privado de d\u00eda completo a Marrakech desde Casablanca"}]},{"@type":"WebSite","@id":"https:\/\/tourtravelandmore.com\/es\/#website","url":"https:\/\/tourtravelandmore.com\/es\/","name":"Tour Travel And More","description":"Private sightseeing tours and luxury transfers in Spain","publisher":{"@id":"https:\/\/tourtravelandmore.com\/es\/#organization"},"potentialAction":[{"@type":"SearchAction","target":{"@type":"EntryPoint","urlTemplate":"https:\/\/tourtravelandmore.com\/es\/?s={search_term_string}"},"query-input":{"@type":"PropertyValueSpecification","valueRequired":true,"valueName":"search_term_string"}}],"inLanguage":"es"},{"@type":"Organization","@id":"https:\/\/tourtravelandmore.com\/es\/#organization","name":"Tour Travel And More","url":"https:\/\/tourtravelandmore.com\/es\/","logo":{"@type":"ImageObject","inLanguage":"es","@id":"https:\/\/tourtravelandmore.com\/es\/#\/schema\/logo\/image\/","url":"https:\/\/tourtravelandmore.com\/wp-content\/uploads\/2022\/12\/cropped-logo-cabecera-new.png","contentUrl":"https:\/\/tourtravelandmore.com\/wp-content\/uploads\/2022\/12\/cropped-logo-cabecera-new.png","width":430,"height":61,"caption":"Tour Travel And More"},"image":{"@id":"https:\/\/tourtravelandmore.com\/es\/#\/schema\/logo\/image\/"},"sameAs":["https:\/\/www.facebook.com\/tourtravelandmore\/","https:\/\/x.com\/TourTravel_More"]}]}},"_links":{"self":[{"href":"https:\/\/tourtravelandmore.com\/es\/wp-json\/wp\/v2\/product\/32400","targetHints":{"allow":["GET"]}}],"collection":[{"href":"https:\/\/tourtravelandmore.com\/es\/wp-json\/wp\/v2\/product"}],"about":[{"href":"https:\/\/tourtravelandmore.com\/es\/wp-json\/wp\/v2\/types\/product"}],"replies":[{"embeddable":true,"href":"https:\/\/tourtravelandmore.com\/es\/wp-json\/wp\/v2\/comments?post=32400"}],"wp:featuredmedia":[{"embeddable":true,"href":"https:\/\/tourtravelandmore.com\/es\/wp-json\/wp\/v2\/media\/32410"}],"wp:attachment":[{"href":"https:\/\/tourtravelandmore.com\/es\/wp-json\/wp\/v2\/media?parent=32400"}],"wp:term":[{"taxonomy":"product_brand","embeddable":true,"href":"https:\/\/tourtravelandmore.com\/es\/wp-json\/wp\/v2\/product_brand?post=32400"},{"taxonomy":"product_cat","embeddable":true,"href":"https:\/\/tourtravelandmore.com\/es\/wp-json\/wp\/v2\/product_cat?post=32400"},{"taxonomy":"product_tag","embeddable":true,"href":"https:\/\/tourtravelandmore.com\/es\/wp-json\/wp\/v2\/product_tag?post=32400"}],"curies":[{"name":"wp","href":"https:\/\/api.w.org\/{rel}","templated":true}]}}